{"id":1101,"date":"2020-05-26T22:53:56","date_gmt":"2020-05-26T22:53:56","guid":{"rendered":"http:\/\/institucional.ufrrj.br\/nit\/?page_id=1101"},"modified":"2025-08-21T10:44:18","modified_gmt":"2025-08-21T13:44:18","slug":"marca","status":"publish","type":"page","link":"https:\/\/institucional.ufrrj.br\/nit\/marca\/","title":{"rendered":"Marca"},"content":{"rendered":"\n<p class=\"eplus-wrapper\">Marca \u00e9 todo sinal distintivo, visualmente percept\u00edvel, que identifica e distingue produtos e servi\u00e7os, bem como certifica a conformidade dos mesmos com determinadas normas ou especifica\u00e7\u00f5es t\u00e9cnicas.<\/p>\n\n\n\n<p class=\"eplus-wrapper\">Para ter exclusividade sobre o nome de um servi\u00e7o ou produto, ou ainda um logotipo que o identifique, voc\u00ea precisa registrar uma marca. O registro de marca garante ao seu propriet\u00e1rio o direito de uso exclusivo em territ\u00f3rio nacional dentro de seu ramo de atividade econ\u00f4mica.<\/p>\n\n\n\n<p class=\"eplus-wrapper\">Na UFRRJ, podemos registrar as marcas de unidades administrativas, laborat\u00f3rios, grupos de pesquisa entre outras. Para iniciar o pedido de registro, solicitamos baixar e preencher o formul\u00e1rio abaixo e encaminh\u00e1-lo para o e-mail<\/p>\n\n\n\n<p class=\"eplus-wrapper\">nitrural@ufrrj.br<\/p>\n\n\n\n<p class=\"has-text-align-center eplus-wrapper\"><strong>Formul\u00e1rio de Solicita\u00e7\u00e3o Servi\u00e7o Registro Marcas<\/strong><\/p>\n\n\n<div class=\"wp-block-image eplus-wrapper\">\n<figure class=\"aligncenter size-medium is-resized\"><a href=\"https:\/\/institucional.ufrrj.br\/nit\/files\/2025\/02\/Formulario02_Solicitacao_Servico_Registro_Marcas_revisado-2024-3.docx\"><img loading=\"lazy\" decoding=\"async\" width=\"300\" height=\"300\" src=\"https:\/\/institucional.ufrrj.br\/nit\/files\/2024\/07\/prancheta-estilo-cartoon-3d-com-icone-de-documento-suporte-de-papel-realista-com-ilustracao-vetorial-plana-de-contrato-ou-acordo-gestao-informacao-conceito-de-atribuicao-300x300.png\" alt=\"\" class=\"wp-image-2672\" style=\"width:268px;height:auto\" srcset=\"https:\/\/institucional.ufrrj.br\/nit\/files\/2024\/07\/prancheta-estilo-cartoon-3d-com-icone-de-documento-suporte-de-papel-realista-com-ilustracao-vetorial-plana-de-contrato-ou-acordo-gestao-informacao-conceito-de-atribuicao-300x300.png 300w, https:\/\/institucional.ufrrj.br\/nit\/files\/2024\/07\/prancheta-estilo-cartoon-3d-com-icone-de-documento-suporte-de-papel-realista-com-ilustracao-vetorial-plana-de-contrato-ou-acordo-gestao-informacao-conceito-de-atribuicao-1024x1024.png 1024w, https:\/\/institucional.ufrrj.br\/nit\/files\/2024\/07\/prancheta-estilo-cartoon-3d-com-icone-de-documento-suporte-de-papel-realista-com-ilustracao-vetorial-plana-de-contrato-ou-acordo-gestao-informacao-conceito-de-atribuicao-150x150.png 150w, https:\/\/institucional.ufrrj.br\/nit\/files\/2024\/07\/prancheta-estilo-cartoon-3d-com-icone-de-documento-suporte-de-papel-realista-com-ilustracao-vetorial-plana-de-contrato-ou-acordo-gestao-informacao-conceito-de-atribuicao-768x768.png 768w, https:\/\/institucional.ufrrj.br\/nit\/files\/2024\/07\/prancheta-estilo-cartoon-3d-com-icone-de-documento-suporte-de-papel-realista-com-ilustracao-vetorial-plana-de-contrato-ou-acordo-gestao-informacao-conceito-de-atribuicao-1536x1536.png 1536w, https:\/\/institucional.ufrrj.br\/nit\/files\/2024\/07\/prancheta-estilo-cartoon-3d-com-icone-de-documento-suporte-de-papel-realista-com-ilustracao-vetorial-plana-de-contrato-ou-acordo-gestao-informacao-conceito-de-atribuicao-75x75.png 75w, https:\/\/institucional.ufrrj.br\/nit\/files\/2024\/07\/prancheta-estilo-cartoon-3d-com-icone-de-documento-suporte-de-papel-realista-com-ilustracao-vetorial-plana-de-contrato-ou-acordo-gestao-informacao-conceito-de-atribuicao-100x100.png 100w, https:\/\/institucional.ufrrj.br\/nit\/files\/2024\/07\/prancheta-estilo-cartoon-3d-com-icone-de-documento-suporte-de-papel-realista-com-ilustracao-vetorial-plana-de-contrato-ou-acordo-gestao-informacao-conceito-de-atribuicao.png 2000w\" sizes=\"auto, (max-width: 300px) 100vw, 300px\" \/><\/a><\/figure>\n<\/div>\n\n\n<div class=\"wp-block-file aligncenter eplus-wrapper\"><a id=\"wp-block-file--media-966f0997-2495-4e5a-8a80-bf03274def4c\" href=\"https:\/\/institucional.ufrrj.br\/nit\/files\/2025\/02\/Formulario02_Solicitacao_Servico_Registro_Marcas_revisado-2024-3.docx\">Formulario Solicitacao Servico Registro Marcas<\/a><a href=\"https:\/\/institucional.ufrrj.br\/nit\/files\/2025\/02\/Formulario02_Solicitacao_Servico_Registro_Marcas_revisado-2024-3.docx\" class=\"wp-block-file__button wp-element-button\" download aria-describedby=\"wp-block-file--media-966f0997-2495-4e5a-8a80-bf03274def4c\">Baixar<\/a><\/div>\n\n\n\n<p class=\"eplus-wrapper\">A Ag\u00eancia de Inova\u00e7\u00e3o da UFRRJ atua como facilitador no processo junto ao INPI \u2013 Instituto Nacional da Propriedade Industrial.<\/p>\n\n\n\n<p class=\"eplus-wrapper\">Para aux\u00edlio, informamos&nbsp;os&nbsp;<em>links<\/em>&nbsp;abaixo, disponibilizados pelo INPI:<\/p>\n\n\n\n<p class=\"eplus-wrapper\"><strong>Guia B\u00e1sico de Marca INPI<\/strong><\/p>\n\n\n<div class=\"wp-block-image eplus-wrapper\">\n<figure class=\"aligncenter size-large is-resized\"><a href=\"https:\/\/manualdemarcas.inpi.gov.br\/\" target=\"_blank\" rel=\"noreferrer noopener\"><img loading=\"lazy\" decoding=\"async\" width=\"1024\" height=\"640\" src=\"https:\/\/institucional.ufrrj.br\/nit\/files\/2024\/07\/image-1-1024x640.png\" alt=\"\" class=\"wp-image-2666\" style=\"width:400px;height:250px\" srcset=\"https:\/\/institucional.ufrrj.br\/nit\/files\/2024\/07\/image-1-1024x640.png 1024w, https:\/\/institucional.ufrrj.br\/nit\/files\/2024\/07\/image-1-300x188.png 300w, https:\/\/institucional.ufrrj.br\/nit\/files\/2024\/07\/image-1-768x480.png 768w, https:\/\/institucional.ufrrj.br\/nit\/files\/2024\/07\/image-1-360x225.png 360w, https:\/\/institucional.ufrrj.br\/nit\/files\/2024\/07\/image-1.png 1083w\" sizes=\"auto, (max-width: 1024px) 100vw, 1024px\" \/><\/a><\/figure>\n<\/div>\n\n\n<p class=\"eplus-wrapper\"><\/p>\n\n\n\n<p class=\"eplus-wrapper\"><strong>Sistema e-Marcas<\/strong><\/p>\n\n\n<div class=\"wp-block-image eplus-wrapper\">\n<figure class=\"aligncenter size-full is-resized\"><a href=\"https:\/\/gru.inpi.gov.br\/emarcas\/\" target=\"_blank\" rel=\"noreferrer noopener\"><img loading=\"lazy\" decoding=\"async\" width=\"898\" height=\"455\" src=\"https:\/\/institucional.ufrrj.br\/nit\/files\/2024\/07\/image-2.png\" alt=\"\" class=\"wp-image-2668\" style=\"width:402px;height:204px\" srcset=\"https:\/\/institucional.ufrrj.br\/nit\/files\/2024\/07\/image-2.png 898w, https:\/\/institucional.ufrrj.br\/nit\/files\/2024\/07\/image-2-300x152.png 300w, https:\/\/institucional.ufrrj.br\/nit\/files\/2024\/07\/image-2-768x389.png 768w\" sizes=\"auto, (max-width: 898px) 100vw, 898px\" \/><\/a><figcaption class=\"wp-element-caption\"><a href=\"https:\/\/gru.inpi.gov.br\/emarcas\/\">https:\/\/gru.inpi.gov.br\/emarcas\/<\/a><\/figcaption><\/figure>\n<\/div>\n\n\n<p class=\"eplus-wrapper\"><strong>Marca: da import\u00e2ncia \u00e0 sua prote\u00e7\u00e3o. (Instituto Nacional da Propriedade Industrial\/INPI)<\/strong><\/p>\n\n\n<div class=\"wp-block-image eplus-wrapper\">\n<figure class=\"aligncenter size-large is-resized\"><a href=\"https:\/\/institucional.ufrrj.br\/nit\/files\/2021\/04\/PME_Importancia_Marcas-pdf.pdf\" target=\"_blank\" rel=\"noreferrer noopener\"><img loading=\"lazy\" decoding=\"async\" width=\"791\" height=\"1024\" src=\"https:\/\/institucional.ufrrj.br\/nit\/files\/2024\/07\/PME_Importancia_Marcas-pdf-791x1024.jpg\" alt=\"\" class=\"wp-image-2664\" style=\"width:246px;height:318px\" srcset=\"https:\/\/institucional.ufrrj.br\/nit\/files\/2024\/07\/PME_Importancia_Marcas-pdf-791x1024.jpg 791w, https:\/\/institucional.ufrrj.br\/nit\/files\/2024\/07\/PME_Importancia_Marcas-pdf-232x300.jpg 232w, https:\/\/institucional.ufrrj.br\/nit\/files\/2024\/07\/PME_Importancia_Marcas-pdf-768x994.jpg 768w, https:\/\/institucional.ufrrj.br\/nit\/files\/2024\/07\/PME_Importancia_Marcas-pdf-1187x1536.jpg 1187w, https:\/\/institucional.ufrrj.br\/nit\/files\/2024\/07\/PME_Importancia_Marcas-pdf.jpg 1275w\" sizes=\"auto, (max-width: 791px) 100vw, 791px\" \/><\/a><\/figure>\n<\/div>\n\n\n<p class=\"eplus-wrapper\"><strong>Protocolo de Madrid<\/strong><\/p>\n\n\n\n<p class=\"eplus-wrapper\"><a href=\"https:\/\/www.gov.br\/inpi\/pt-br\/servicos\/marcas\/protocolo-de-madri\">Pedido internacional de registro de marca pela via do Protocolo de Madri.<\/a><\/p>\n\n\n\n<p class=\"eplus-wrapper\">Para maiores informa\u00e7\u00f5es ou saber como realizar o registro, entre em contato com a Ag\u00eancia de Inova\u00e7\u00e3o da UFRRJ.<\/p>\n\n\n\n<p class=\"eplus-wrapper\">E-mail: nitrural@ufrrj.br<\/p>\n","protected":false},"excerpt":{"rendered":"<p>Marca \u00e9 todo sinal distintivo, visualmente percept\u00edvel, que identifica e distingue produtos e servi\u00e7os, bem como certifica a conformidade dos <a class=\"read-more\" href=\"https:\/\/institucional.ufrrj.br\/nit\/marca\/ \" >&#8230; <span class=\"font-italic\">leia mais <i class=\"fas fa-angle-right\"><\/i><\/span><\/a><\/p>\n","protected":false},"author":765,"featured_media":0,"parent":0,"menu_order":0,"comment_status":"closed","ping_status":"closed","template":"","meta":{"_acf_changed":false,"footnotes":"","_links_to":"","_links_to_target":""},"class_list":["post-1101","page","type-page","status-publish","hentry"],"yoast_head":"<!-- This site is optimized with the Yoast SEO plugin v27.2 - https:\/\/yoast.com\/product\/yoast-seo-wordpress\/ -->\n<title>Marca - Ag\u00eancia de Inova\u00e7\u00e3o da UFRRJ<\/title>\n<meta name=\"robots\" content=\"index, follow, max-snippet:-1, max-image-preview:large, max-video-preview:-1\" \/>\n<link rel=\"canonical\" href=\"https:\/\/institucional.ufrrj.br\/nit\/marca\/\" \/>\n<meta property=\"og:locale\" content=\"pt_BR\" \/>\n<meta property=\"og:type\" content=\"article\" \/>\n<meta property=\"og:title\" content=\"Marca - Ag\u00eancia de Inova\u00e7\u00e3o da UFRRJ\" \/>\n<meta property=\"og:description\" content=\"Marca \u00e9 todo sinal distintivo, visualmente percept\u00edvel, que identifica e distingue produtos e servi\u00e7os, bem como certifica a conformidade dos ... leia mais\" \/>\n<meta property=\"og:url\" content=\"https:\/\/institucional.ufrrj.br\/nit\/marca\/\" \/>\n<meta property=\"og:site_name\" content=\"Ag\u00eancia de Inova\u00e7\u00e3o da UFRRJ\" \/>\n<meta property=\"article:modified_time\" content=\"2025-08-21T13:44:18+00:00\" \/>\n<meta property=\"og:image\" content=\"https:\/\/institucional.ufrrj.br\/nit\/files\/2024\/07\/prancheta-estilo-cartoon-3d-com-icone-de-documento-suporte-de-papel-realista-com-ilustracao-vetorial-plana-de-contrato-ou-acordo-gestao-informacao-conceito-de-atribuicao.png\" \/>\n\t<meta property=\"og:image:width\" content=\"2000\" \/>\n\t<meta property=\"og:image:height\" content=\"2000\" \/>\n\t<meta property=\"og:image:type\" content=\"image\/png\" \/>\n<meta name=\"twitter:card\" content=\"summary_large_image\" \/>\n<meta name=\"twitter:label1\" content=\"Est. tempo de leitura\" \/>\n\t<meta name=\"twitter:data1\" content=\"2 minutos\" \/>\n<script type=\"application\/ld+json\" class=\"yoast-schema-graph\">{\"@context\":\"https:\/\/schema.org\",\"@graph\":[{\"@type\":\"WebPage\",\"@id\":\"https:\/\/institucional.ufrrj.br\/nit\/marca\/\",\"url\":\"https:\/\/institucional.ufrrj.br\/nit\/marca\/\",\"name\":\"Marca - Ag\u00eancia de Inova\u00e7\u00e3o da UFRRJ\",\"isPartOf\":{\"@id\":\"https:\/\/institucional.ufrrj.br\/nit\/#website\"},\"primaryImageOfPage\":{\"@id\":\"https:\/\/institucional.ufrrj.br\/nit\/marca\/#primaryimage\"},\"image\":{\"@id\":\"https:\/\/institucional.ufrrj.br\/nit\/marca\/#primaryimage\"},\"thumbnailUrl\":\"https:\/\/institucional.ufrrj.br\/nit\/files\/2024\/07\/prancheta-estilo-cartoon-3d-com-icone-de-documento-suporte-de-papel-realista-com-ilustracao-vetorial-plana-de-contrato-ou-acordo-gestao-informacao-conceito-de-atribuicao-300x300.png\",\"datePublished\":\"2020-05-26T22:53:56+00:00\",\"dateModified\":\"2025-08-21T13:44:18+00:00\",\"breadcrumb\":{\"@id\":\"https:\/\/institucional.ufrrj.br\/nit\/marca\/#breadcrumb\"},\"inLanguage\":\"pt-BR\",\"potentialAction\":[{\"@type\":\"ReadAction\",\"target\":[\"https:\/\/institucional.ufrrj.br\/nit\/marca\/\"]}]},{\"@type\":\"ImageObject\",\"inLanguage\":\"pt-BR\",\"@id\":\"https:\/\/institucional.ufrrj.br\/nit\/marca\/#primaryimage\",\"url\":\"https:\/\/institucional.ufrrj.br\/nit\/files\/2024\/07\/prancheta-estilo-cartoon-3d-com-icone-de-documento-suporte-de-papel-realista-com-ilustracao-vetorial-plana-de-contrato-ou-acordo-gestao-informacao-conceito-de-atribuicao.png\",\"contentUrl\":\"https:\/\/institucional.ufrrj.br\/nit\/files\/2024\/07\/prancheta-estilo-cartoon-3d-com-icone-de-documento-suporte-de-papel-realista-com-ilustracao-vetorial-plana-de-contrato-ou-acordo-gestao-informacao-conceito-de-atribuicao.png\",\"width\":2000,\"height\":2000},{\"@type\":\"BreadcrumbList\",\"@id\":\"https:\/\/institucional.ufrrj.br\/nit\/marca\/#breadcrumb\",\"itemListElement\":[{\"@type\":\"ListItem\",\"position\":1,\"name\":\"In\u00edcio\",\"item\":\"https:\/\/institucional.ufrrj.br\/nit\/\"},{\"@type\":\"ListItem\",\"position\":2,\"name\":\"Marca\"}]},{\"@type\":\"WebSite\",\"@id\":\"https:\/\/institucional.ufrrj.br\/nit\/#website\",\"url\":\"https:\/\/institucional.ufrrj.br\/nit\/\",\"name\":\"Ag\u00eancia de Inova\u00e7\u00e3o UFRRJ\",\"description\":\"UFRRJ\",\"potentialAction\":[{\"@type\":\"SearchAction\",\"target\":{\"@type\":\"EntryPoint\",\"urlTemplate\":\"https:\/\/institucional.ufrrj.br\/nit\/?s={search_term_string}\"},\"query-input\":{\"@type\":\"PropertyValueSpecification\",\"valueRequired\":true,\"valueName\":\"search_term_string\"}}],\"inLanguage\":\"pt-BR\"}]}<\/script>\n<!-- \/ Yoast SEO plugin. -->","yoast_head_json":{"title":"Marca - Ag\u00eancia de Inova\u00e7\u00e3o da UFRRJ","robots":{"index":"index","follow":"follow","max-snippet":"max-snippet:-1","max-image-preview":"max-image-preview:large","max-video-preview":"max-video-preview:-1"},"canonical":"https:\/\/institucional.ufrrj.br\/nit\/marca\/","og_locale":"pt_BR","og_type":"article","og_title":"Marca - Ag\u00eancia de Inova\u00e7\u00e3o da UFRRJ","og_description":"Marca \u00e9 todo sinal distintivo, visualmente percept\u00edvel, que identifica e distingue produtos e servi\u00e7os, bem como certifica a conformidade dos ... leia mais","og_url":"https:\/\/institucional.ufrrj.br\/nit\/marca\/","og_site_name":"Ag\u00eancia de Inova\u00e7\u00e3o da UFRRJ","article_modified_time":"2025-08-21T13:44:18+00:00","og_image":[{"width":2000,"height":2000,"url":"https:\/\/institucional.ufrrj.br\/nit\/files\/2024\/07\/prancheta-estilo-cartoon-3d-com-icone-de-documento-suporte-de-papel-realista-com-ilustracao-vetorial-plana-de-contrato-ou-acordo-gestao-informacao-conceito-de-atribuicao.png","type":"image\/png"}],"twitter_card":"summary_large_image","twitter_misc":{"Est. tempo de leitura":"2 minutos"},"schema":{"@context":"https:\/\/schema.org","@graph":[{"@type":"WebPage","@id":"https:\/\/institucional.ufrrj.br\/nit\/marca\/","url":"https:\/\/institucional.ufrrj.br\/nit\/marca\/","name":"Marca - Ag\u00eancia de Inova\u00e7\u00e3o da UFRRJ","isPartOf":{"@id":"https:\/\/institucional.ufrrj.br\/nit\/#website"},"primaryImageOfPage":{"@id":"https:\/\/institucional.ufrrj.br\/nit\/marca\/#primaryimage"},"image":{"@id":"https:\/\/institucional.ufrrj.br\/nit\/marca\/#primaryimage"},"thumbnailUrl":"https:\/\/institucional.ufrrj.br\/nit\/files\/2024\/07\/prancheta-estilo-cartoon-3d-com-icone-de-documento-suporte-de-papel-realista-com-ilustracao-vetorial-plana-de-contrato-ou-acordo-gestao-informacao-conceito-de-atribuicao-300x300.png","datePublished":"2020-05-26T22:53:56+00:00","dateModified":"2025-08-21T13:44:18+00:00","breadcrumb":{"@id":"https:\/\/institucional.ufrrj.br\/nit\/marca\/#breadcrumb"},"inLanguage":"pt-BR","potentialAction":[{"@type":"ReadAction","target":["https:\/\/institucional.ufrrj.br\/nit\/marca\/"]}]},{"@type":"ImageObject","inLanguage":"pt-BR","@id":"https:\/\/institucional.ufrrj.br\/nit\/marca\/#primaryimage","url":"https:\/\/institucional.ufrrj.br\/nit\/files\/2024\/07\/prancheta-estilo-cartoon-3d-com-icone-de-documento-suporte-de-papel-realista-com-ilustracao-vetorial-plana-de-contrato-ou-acordo-gestao-informacao-conceito-de-atribuicao.png","contentUrl":"https:\/\/institucional.ufrrj.br\/nit\/files\/2024\/07\/prancheta-estilo-cartoon-3d-com-icone-de-documento-suporte-de-papel-realista-com-ilustracao-vetorial-plana-de-contrato-ou-acordo-gestao-informacao-conceito-de-atribuicao.png","width":2000,"height":2000},{"@type":"BreadcrumbList","@id":"https:\/\/institucional.ufrrj.br\/nit\/marca\/#breadcrumb","itemListElement":[{"@type":"ListItem","position":1,"name":"In\u00edcio","item":"https:\/\/institucional.ufrrj.br\/nit\/"},{"@type":"ListItem","position":2,"name":"Marca"}]},{"@type":"WebSite","@id":"https:\/\/institucional.ufrrj.br\/nit\/#website","url":"https:\/\/institucional.ufrrj.br\/nit\/","name":"Ag\u00eancia de Inova\u00e7\u00e3o UFRRJ","description":"UFRRJ","potentialAction":[{"@type":"SearchAction","target":{"@type":"EntryPoint","urlTemplate":"https:\/\/institucional.ufrrj.br\/nit\/?s={search_term_string}"},"query-input":{"@type":"PropertyValueSpecification","valueRequired":true,"valueName":"search_term_string"}}],"inLanguage":"pt-BR"}]}},"acf":[],"_links":{"self":[{"href":"https:\/\/institucional.ufrrj.br\/nit\/wp-json\/wp\/v2\/pages\/1101","targetHints":{"allow":["GET"]}}],"collection":[{"href":"https:\/\/institucional.ufrrj.br\/nit\/wp-json\/wp\/v2\/pages"}],"about":[{"href":"https:\/\/institucional.ufrrj.br\/nit\/wp-json\/wp\/v2\/types\/page"}],"author":[{"embeddable":true,"href":"https:\/\/institucional.ufrrj.br\/nit\/wp-json\/wp\/v2\/users\/765"}],"replies":[{"embeddable":true,"href":"https:\/\/institucional.ufrrj.br\/nit\/wp-json\/wp\/v2\/comments?post=1101"}],"version-history":[{"count":30,"href":"https:\/\/institucional.ufrrj.br\/nit\/wp-json\/wp\/v2\/pages\/1101\/revisions"}],"predecessor-version":[{"id":3878,"href":"https:\/\/institucional.ufrrj.br\/nit\/wp-json\/wp\/v2\/pages\/1101\/revisions\/3878"}],"wp:attachment":[{"href":"https:\/\/institucional.ufrrj.br\/nit\/wp-json\/wp\/v2\/media?parent=1101"}],"curies":[{"name":"wp","href":"https:\/\/api.w.org\/{rel}","templated":true}]}}