{"id":1098,"date":"2020-05-26T22:52:04","date_gmt":"2020-05-26T22:52:04","guid":{"rendered":"http:\/\/institucional.ufrrj.br\/nit\/?page_id=1098"},"modified":"2021-01-13T19:35:11","modified_gmt":"2021-01-13T19:35:11","slug":"direito-autoral","status":"publish","type":"page","link":"https:\/\/institucional.ufrrj.br\/nit\/direito-autoral\/","title":{"rendered":"Direito autoral"},"content":{"rendered":"<h3 data-fontsize=\"20\" data-lineheight=\"29\"><\/h3>\n<p>&nbsp;<\/p>\n<p>O direito autoral protege o conjunto de direitos morais e patrimoniais de autores de obras intelectuais no campo liter\u00e1rio, cient\u00edfico e art\u00edstico, por exemplo: desenhos, pinturas, esculturas, livros, confer\u00eancias, artigos cient\u00edficos, m\u00fasicas, filmes, fotografias e programas de computador. As cria\u00e7\u00f5es protegidas pelo direito autoral n\u00e3o possuem requisitos de novidade absoluta e aplica\u00e7\u00e3o industrial.<\/p>\n<p>Fazem parte do direito autoral: direito do autor, programas de computador e os direitos conexos (int\u00e9rpretes, entidades de radiodifus\u00e3o, produtores fonogr\u00e1ficos). No Brasil, \u00e9 regulamentado pela\u00a0Lei de Direito Autoral (Lei n\u00ba 9610\/98) (JUNGMANN; BONETTI, 2010).<\/p>\n<p>S\u00e3o obras que podem ser protegidas por Direito Autoral, se cumprirem o requisito da originalidade (Art. 7\u00ba da LDA\u00a0<a href=\"https:\/\/www.ufrgs.br\/sedetec\/propriedade-intelectual-guia-pratico\/#_ftn1\" name=\"_ftnref1\">[1]<\/a>): os textos de obras liter\u00e1rias, art\u00edsticas ou cient\u00edficas; as confer\u00eancias, alocu\u00e7\u00f5es, serm\u00f5es e outras obras da mesma natureza; as obras dram\u00e1ticas e dram\u00e1tico-musicais; as obras coreogr\u00e1ficas e pantom\u00edmicas, cuja execu\u00e7\u00e3o c\u00eanica se fixe por escrito ou por outra qualquer forma; as composi\u00e7\u00f5es\u00a0musicais, tenham ou n\u00e3o letra; as obras audiovisuais, sonorizadas ou n\u00e3o, inclusive as cinematogr\u00e1ficas; as obras fotogr\u00e1ficas e as produzidas por qualquer processo an\u00e1logo ao da fotografia; as obras de desenho, pintura, gravura, escultura, litografia e arte cin\u00e9tica; as ilustra\u00e7\u00f5es, cartas geogr\u00e1ficas e outras obras da mesma natureza; os projetos, esbo\u00e7os e obras pl\u00e1sticas concernentes \u00e0 geografia, engenharia, topografia, arquitetura, paisagismo, cenografia e ci\u00eancia; as adapta\u00e7\u00f5es, tradu\u00e7\u00f5es e outras transforma\u00e7\u00f5es de obras originais, apresentadas como cria\u00e7\u00e3o intelectual nova; os programas de computador; as colet\u00e2neas ou compila\u00e7\u00f5es, antologias, enciclop\u00e9dias, dicion\u00e1rios, bases de dados e outras obras, que, por sua sele\u00e7\u00e3o, organiza\u00e7\u00e3o ou disposi\u00e7\u00e3o de seu conte\u00fado, constituam uma cria\u00e7\u00e3o intelectual (BRASIL, 1998).<\/p>\n<p>\u00c0\u00a0<a href=\"https:\/\/www.bn.gov.br\/\">Biblioteca Nacional<\/a>\u00a0compete o registro de direitos autorais, referentes as obras intelectuais no campo liter\u00e1rio, cient\u00edfico e art\u00edstico. Em seu site\u00a0(<a href=\"http:\/\/www.bn.gov.br\/\">www.bn.gov.br<\/a>), na aba servi\u00e7o, encontram-se as informa\u00e7\u00f5es e formul\u00e1rios necess\u00e1rios para efetuar o registro de obras liter\u00e1rias, letras de m\u00fasicas, fotografias, entre outras (BN, 2019).<\/p>\n<p>&nbsp;<\/p>\n<p>&nbsp;<\/p>\n<h3 style=\"text-align: center\" data-fontsize=\"20\" data-lineheight=\"29\"><\/h3>\n<p>&nbsp;<\/p>\n","protected":false},"excerpt":{"rendered":"<p>&nbsp; O direito autoral protege o conjunto de direitos morais e patrimoniais de autores de obras intelectuais no campo liter\u00e1rio, <a class=\"read-more\" href=\"https:\/\/institucional.ufrrj.br\/nit\/direito-autoral\/ \" >&#8230; <span class=\"font-italic\">leia mais <i class=\"fas fa-angle-right\"><\/i><\/span><\/a><\/p>\n","protected":false},"author":765,"featured_media":0,"parent":0,"menu_order":0,"comment_status":"closed","ping_status":"closed","template":"","meta":{"_acf_changed":false,"footnotes":"","_links_to":"","_links_to_target":""},"class_list":["post-1098","page","type-page","status-publish","hentry"],"yoast_head":"<!-- This site is optimized with the Yoast SEO plugin v27.2 - https:\/\/yoast.com\/product\/yoast-seo-wordpress\/ -->\n<title>Direito autoral - Ag\u00eancia de Inova\u00e7\u00e3o da UFRRJ<\/title>\n<meta name=\"robots\" content=\"index, follow, max-snippet:-1, max-image-preview:large, max-video-preview:-1\" \/>\n<link rel=\"canonical\" href=\"https:\/\/institucional.ufrrj.br\/nit\/direito-autoral\/\" \/>\n<meta property=\"og:locale\" content=\"pt_BR\" \/>\n<meta property=\"og:type\" content=\"article\" \/>\n<meta property=\"og:title\" content=\"Direito autoral - Ag\u00eancia de Inova\u00e7\u00e3o da UFRRJ\" \/>\n<meta property=\"og:description\" content=\"&nbsp; O direito autoral protege o conjunto de direitos morais e patrimoniais de autores de obras intelectuais no campo liter\u00e1rio, ... leia mais\" \/>\n<meta property=\"og:url\" content=\"https:\/\/institucional.ufrrj.br\/nit\/direito-autoral\/\" \/>\n<meta property=\"og:site_name\" content=\"Ag\u00eancia de Inova\u00e7\u00e3o da UFRRJ\" \/>\n<meta property=\"article:modified_time\" content=\"2021-01-13T19:35:11+00:00\" \/>\n<meta name=\"twitter:card\" content=\"summary_large_image\" \/>\n<meta name=\"twitter:label1\" content=\"Est. tempo de leitura\" \/>\n\t<meta name=\"twitter:data1\" content=\"2 minutos\" \/>\n<script type=\"application\/ld+json\" class=\"yoast-schema-graph\">{\"@context\":\"https:\/\/schema.org\",\"@graph\":[{\"@type\":\"WebPage\",\"@id\":\"https:\/\/institucional.ufrrj.br\/nit\/direito-autoral\/\",\"url\":\"https:\/\/institucional.ufrrj.br\/nit\/direito-autoral\/\",\"name\":\"Direito autoral - Ag\u00eancia de Inova\u00e7\u00e3o da UFRRJ\",\"isPartOf\":{\"@id\":\"https:\/\/institucional.ufrrj.br\/nit\/#website\"},\"datePublished\":\"2020-05-26T22:52:04+00:00\",\"dateModified\":\"2021-01-13T19:35:11+00:00\",\"breadcrumb\":{\"@id\":\"https:\/\/institucional.ufrrj.br\/nit\/direito-autoral\/#breadcrumb\"},\"inLanguage\":\"pt-BR\",\"potentialAction\":[{\"@type\":\"ReadAction\",\"target\":[\"https:\/\/institucional.ufrrj.br\/nit\/direito-autoral\/\"]}]},{\"@type\":\"BreadcrumbList\",\"@id\":\"https:\/\/institucional.ufrrj.br\/nit\/direito-autoral\/#breadcrumb\",\"itemListElement\":[{\"@type\":\"ListItem\",\"position\":1,\"name\":\"In\u00edcio\",\"item\":\"https:\/\/institucional.ufrrj.br\/nit\/\"},{\"@type\":\"ListItem\",\"position\":2,\"name\":\"Direito autoral\"}]},{\"@type\":\"WebSite\",\"@id\":\"https:\/\/institucional.ufrrj.br\/nit\/#website\",\"url\":\"https:\/\/institucional.ufrrj.br\/nit\/\",\"name\":\"Ag\u00eancia de Inova\u00e7\u00e3o UFRRJ\",\"description\":\"UFRRJ\",\"potentialAction\":[{\"@type\":\"SearchAction\",\"target\":{\"@type\":\"EntryPoint\",\"urlTemplate\":\"https:\/\/institucional.ufrrj.br\/nit\/?s={search_term_string}\"},\"query-input\":{\"@type\":\"PropertyValueSpecification\",\"valueRequired\":true,\"valueName\":\"search_term_string\"}}],\"inLanguage\":\"pt-BR\"}]}<\/script>\n<!-- \/ Yoast SEO plugin. -->","yoast_head_json":{"title":"Direito autoral - Ag\u00eancia de Inova\u00e7\u00e3o da UFRRJ","robots":{"index":"index","follow":"follow","max-snippet":"max-snippet:-1","max-image-preview":"max-image-preview:large","max-video-preview":"max-video-preview:-1"},"canonical":"https:\/\/institucional.ufrrj.br\/nit\/direito-autoral\/","og_locale":"pt_BR","og_type":"article","og_title":"Direito autoral - Ag\u00eancia de Inova\u00e7\u00e3o da UFRRJ","og_description":"&nbsp; O direito autoral protege o conjunto de direitos morais e patrimoniais de autores de obras intelectuais no campo liter\u00e1rio, ... leia mais","og_url":"https:\/\/institucional.ufrrj.br\/nit\/direito-autoral\/","og_site_name":"Ag\u00eancia de Inova\u00e7\u00e3o da UFRRJ","article_modified_time":"2021-01-13T19:35:11+00:00","twitter_card":"summary_large_image","twitter_misc":{"Est. tempo de leitura":"2 minutos"},"schema":{"@context":"https:\/\/schema.org","@graph":[{"@type":"WebPage","@id":"https:\/\/institucional.ufrrj.br\/nit\/direito-autoral\/","url":"https:\/\/institucional.ufrrj.br\/nit\/direito-autoral\/","name":"Direito autoral - Ag\u00eancia de Inova\u00e7\u00e3o da UFRRJ","isPartOf":{"@id":"https:\/\/institucional.ufrrj.br\/nit\/#website"},"datePublished":"2020-05-26T22:52:04+00:00","dateModified":"2021-01-13T19:35:11+00:00","breadcrumb":{"@id":"https:\/\/institucional.ufrrj.br\/nit\/direito-autoral\/#breadcrumb"},"inLanguage":"pt-BR","potentialAction":[{"@type":"ReadAction","target":["https:\/\/institucional.ufrrj.br\/nit\/direito-autoral\/"]}]},{"@type":"BreadcrumbList","@id":"https:\/\/institucional.ufrrj.br\/nit\/direito-autoral\/#breadcrumb","itemListElement":[{"@type":"ListItem","position":1,"name":"In\u00edcio","item":"https:\/\/institucional.ufrrj.br\/nit\/"},{"@type":"ListItem","position":2,"name":"Direito autoral"}]},{"@type":"WebSite","@id":"https:\/\/institucional.ufrrj.br\/nit\/#website","url":"https:\/\/institucional.ufrrj.br\/nit\/","name":"Ag\u00eancia de Inova\u00e7\u00e3o UFRRJ","description":"UFRRJ","potentialAction":[{"@type":"SearchAction","target":{"@type":"EntryPoint","urlTemplate":"https:\/\/institucional.ufrrj.br\/nit\/?s={search_term_string}"},"query-input":{"@type":"PropertyValueSpecification","valueRequired":true,"valueName":"search_term_string"}}],"inLanguage":"pt-BR"}]}},"acf":[],"_links":{"self":[{"href":"https:\/\/institucional.ufrrj.br\/nit\/wp-json\/wp\/v2\/pages\/1098","targetHints":{"allow":["GET"]}}],"collection":[{"href":"https:\/\/institucional.ufrrj.br\/nit\/wp-json\/wp\/v2\/pages"}],"about":[{"href":"https:\/\/institucional.ufrrj.br\/nit\/wp-json\/wp\/v2\/types\/page"}],"author":[{"embeddable":true,"href":"https:\/\/institucional.ufrrj.br\/nit\/wp-json\/wp\/v2\/users\/765"}],"replies":[{"embeddable":true,"href":"https:\/\/institucional.ufrrj.br\/nit\/wp-json\/wp\/v2\/comments?post=1098"}],"version-history":[{"count":4,"href":"https:\/\/institucional.ufrrj.br\/nit\/wp-json\/wp\/v2\/pages\/1098\/revisions"}],"predecessor-version":[{"id":1754,"href":"https:\/\/institucional.ufrrj.br\/nit\/wp-json\/wp\/v2\/pages\/1098\/revisions\/1754"}],"wp:attachment":[{"href":"https:\/\/institucional.ufrrj.br\/nit\/wp-json\/wp\/v2\/media?parent=1098"}],"curies":[{"name":"wp","href":"https:\/\/api.w.org\/{rel}","templated":true}]}}