{"id":1085,"date":"2020-05-26T22:44:14","date_gmt":"2020-05-26T22:44:14","guid":{"rendered":"http:\/\/institucional.ufrrj.br\/nit\/?page_id=1085"},"modified":"2025-08-26T10:55:00","modified_gmt":"2025-08-26T13:55:00","slug":"cultivar-2","status":"publish","type":"page","link":"https:\/\/institucional.ufrrj.br\/nit\/cultivar-2\/","title":{"rendered":"Cultivar"},"content":{"rendered":"<p><em><strong>A Lei de Prote\u00e7\u00e3o<\/strong><\/em><\/p>\n<p>No Brasil, a lei que instituiu o direito de proteger novas variedades vegetais foi a Lei n\u00ba. 9.456 de 25 de abril de 1997, regulamentada pelo Decreto n\u00ba. 2. 366, de 5 de novembro de 1997.<\/p>\n<p>Segundo a referida lei, novas variedades vegetais s\u00e3o aquelas pertencentes a qualquer g\u00eanero ou esp\u00e9cie vegetal superior que seja claramente distingu\u00edvel de outras cultivares conhecidas por margem m\u00ednima de descritores, denomina\u00e7\u00e3o pr\u00f3pria e que tenha caracter\u00edsticas de homogeneidade e estabilidade quanto aos descritores atrav\u00e9s de gera\u00e7\u00f5es sucessivas, sendo pass\u00edvel de uso pelo complexo agroflorestal.<\/p>\n<p>Concomitante \u00e0 lei foi criado o Servi\u00e7o Nacional de Prote\u00e7\u00e3o de Cultivares \u2013 SNPC, \u00f3rg\u00e3o vinculado ao Minist\u00e9rio da Agricultura, Pecu\u00e1ria e Abastecimento, respons\u00e1vel por aplicar a lei, disponibilizar os instrumentos necess\u00e1rios aos pedidos de prote\u00e7\u00e3o e conceder os certificados.<\/p>\n<p><em><strong>Cultivares pass\u00edveis de prote\u00e7\u00e3o<\/strong><\/em><\/p>\n<p>\u00c9 pass\u00edvel de prote\u00e7\u00e3o a nova cultivar ou a cultivar essencialmente derivada, de qualquer g\u00eanero ou esp\u00e9cie vegetal. Tamb\u00e9m pode ser protegida cultivar que n\u00e3o se enquadre ao anteriormente descrito e que j\u00e1 tenha sido oferecida \u00e0 venda, desde que tenha seu pedido de prote\u00e7\u00e3o apresentado num prazo m\u00e1ximo de 12 meses ap\u00f3s a divulga\u00e7\u00e3o dos descritores da esp\u00e9cie e que o prazo m\u00e1ximo de comercializa\u00e7\u00e3o tenha sido de 10 anos retroativamente \u00e0 data de apresenta\u00e7\u00e3o do pedido.<\/p>\n<p><em><strong>Requisitos para prote\u00e7\u00e3o<\/strong><\/em><\/p>\n<p>Para ser protegida a cultivar deve atender aos seguintes requisitos:<\/p>\n<p>\u2022 n\u00e3o ter sido comercializada no Brasil h\u00e1 mais de um ano;<br \/>\u2022 n\u00e3o ter sido comercializada no exterior h\u00e1 mais de quatro anos (h\u00e1 mais de seis anos para videiras, frut\u00edferas e esp\u00e9cies florestais);<br \/>\u2022 ser distinta (diferente de outras cujos descritores sejam conhecidos);<br \/>\u2022 ser homog\u00eanea (quanto \u00e0s caracter\u00edsticas em cada ciclo reprodutivo);<br \/>\u2022 ser est\u00e1vel (quanto \u00e0 repeti\u00e7\u00e3o das mesmas caracter\u00edsticas ao longo de gera\u00e7\u00f5e sucessivas);<br \/>\u2022 o requerente deve entregar ao SNPC amostra viva da cultivar, al\u00e9m de manter em seu poder, \u00e0 disposi\u00e7\u00e3o do \u00f3rg\u00e3o, outra amostra, indicando o local onde poder\u00e1 ser encontrada.<\/p>\n<p><em><strong>Como requerer a Prote\u00e7\u00e3o de Cultivares desenvolvidas na UFRRJ<\/strong><\/em><\/p>\n<p>Inicialmente, \u00e9 preciso confirmar por meio de testes se a cultivar atende aos requisitos indispens\u00e1veis \u00e0 prote\u00e7\u00e3o;<br \/>Para comprovar os requisitos de distinguibilidade, homogeneidade e estabilidade s\u00e3o necess\u00e1rios experimentos espec\u00edficos denominados Testes de DHE.<\/p>\n<p>No Brasil, os melhoristas s\u00e3o encarregados pela execu\u00e7\u00e3o desses testes;<\/p>\n<p><strong>Dever\u00e3o ser apresentados os seguintes documentos:<\/strong><\/p>\n<p>1 &#8211; <a href=\"https:\/\/institucional.ufrrj.br\/nit\/files\/2025\/08\/Formulario_Solicitacao_Servicos_Protecao-de-Cultivar_v.02-07-2025-UFRRJ.doc\" target=\"_blank\" rel=\"noopener\">Formul\u00e1rio de Solicita\u00e7\u00e3o de Prote\u00e7\u00e3o de Cultivar (Baixe aqui)<\/a>;<\/p>\n<p>2 &#8211; <a href=\"https:\/\/www.gov.br\/agricultura\/pt-br\/assuntos\/insumos-agropecuarios\/insumos-agricolas\/protecao-de-cultivar\/arquivos\/FORMULARIO_REL_TECNICO_Final.doc\" target=\"_blank\" rel=\"noopener\">Formul\u00e1rio 2 &#8211; Relat\u00f3rio T\u00e9cnico (Baixe aqui)<\/a>;<\/p>\n<p>3 &#8211; Formul\u00e1rio 3 &#8211; Instru\u00e7\u00f5es de DHE e tabela de descritores m\u00ednimos pr\u00f3prio da esp\u00e9cie da cultivar (dispon\u00edvel no site do MAPA &#8211;<a href=\"https:\/\/www.gov.br\/agricultura\/pt-br\/assuntos\/insumos-agropecuarios\/insumos-agricolas\/protecao-de-cultivar\/formularios-para-protecao-de-cultivares\" target=\"_blank\" rel=\"noopener\"> Acesse aqui<\/a>);<\/p>\n<p>Envie estes documentos para <a href=\"mailto:nitrural@ufrrj.br\" target=\"_blank\" rel=\"noopener\"><strong>nitrural@ufrrj.br<\/strong><\/a> solicitando a prote\u00e7\u00e3o de cultivares.<\/p>\n<p>No site do MAPA (<a href=\"https:\/\/www.gov.br\/agricultura\/pt-br\/assuntos\/insumos-agropecuarios\/insumos-agricolas\/protecao-de-cultivar\/formularios-para-protecao-de-cultivares\" target=\"_blank\" rel=\"noopener\">Acesse aqui<\/a>), voc\u00ea ter\u00e1 acesso \u00e0s instru\u00e7\u00f5es detalhadas para a execu\u00e7\u00e3o dos testes com metodologia pr\u00f3pria para cada esp\u00e9cie agr\u00edcola, florestal, forrageira, frut\u00edfera, oler\u00edcola ou ornamental.\u00a0<\/p>\n<p><em><strong>Validade da prote\u00e7\u00e3o<\/strong><\/em><\/p>\n<p>O Certificado garante prote\u00e7\u00e3o pelo prazo de 15 anos para cultivares em geral e 18 anos para videiras, frut\u00edferas e esp\u00e9cies florestais. Ao fim desses prazos a cultivar cair\u00e1 em dom\u00ednio p\u00fablico.<\/p>\n<p>A prote\u00e7\u00e3o se extingue tamb\u00e9m nos seguintes casos:<\/p>\n<ol>\n<li>ren\u00fancia do titular ou seus sucessores;<\/li>\n<li>cancelamento do certificado em face da perda de homogeneidade ou estabilidade da cultivar,<\/li>\n<li>n\u00e3o pagamento da anuidade,<\/li>\n<li>n\u00e3o apresenta\u00e7\u00e3o da amostra viva ou<\/li>\n<li>no caso de impacto negativo ao meio ambiente ou \u00e0 sa\u00fade p\u00fablica.<\/li>\n<\/ol>\n<p><em><strong>Diferen\u00e7a entre Prote\u00e7\u00e3o e Registro<\/strong><\/em><\/p>\n<p>\u00c9 essencial que se entenda a diferencia\u00e7\u00e3o existente entre registro e prote\u00e7\u00e3o de cultivares.<br \/>A prote\u00e7\u00e3o garante direitos de propriedade intelectual e explora\u00e7\u00e3o comercial do uso, enquanto o registro habilita para produ\u00e7\u00e3o, beneficiamento e comercializa\u00e7\u00e3o de sementes e mudas da cultivar. A cultivar protegida n\u00e3o est\u00e1 h\u00e1bil para ser produzida e comercializada, pois somente a inscri\u00e7\u00e3o no Registro Nacional de Cultivares \u2013 RNC \u2013 faz com ela adquira essa condi\u00e7\u00e3o.<\/p>\n\n\n<p>Duvidas e assessoria, entre em contato pelo e-mail <strong><a href=\"mailto:nitrural@ufrrj.br\" target=\"_blank\" rel=\"noreferrer noopener\">nitrural@ufrrj.br<\/a><\/strong>.<\/p>\n","protected":false},"excerpt":{"rendered":"<p>A Lei de Prote\u00e7\u00e3o No Brasil, a lei que instituiu o direito de proteger novas variedades vegetais foi a Lei <a class=\"read-more\" href=\"https:\/\/institucional.ufrrj.br\/nit\/cultivar-2\/ \" >&#8230; <span class=\"font-italic\">leia mais <i class=\"fas fa-angle-right\"><\/i><\/span><\/a><\/p>\n","protected":false},"author":765,"featured_media":0,"parent":0,"menu_order":0,"comment_status":"closed","ping_status":"closed","template":"","meta":{"_acf_changed":false,"footnotes":"","_links_to":"","_links_to_target":""},"class_list":["post-1085","page","type-page","status-publish","hentry"],"yoast_head":"<!-- This site is optimized with the Yoast SEO plugin v27.2 - https:\/\/yoast.com\/product\/yoast-seo-wordpress\/ -->\n<title>Cultivar - Ag\u00eancia de Inova\u00e7\u00e3o da UFRRJ<\/title>\n<meta name=\"robots\" content=\"index, follow, max-snippet:-1, max-image-preview:large, max-video-preview:-1\" \/>\n<link rel=\"canonical\" href=\"https:\/\/institucional.ufrrj.br\/nit\/cultivar-2\/\" \/>\n<meta property=\"og:locale\" content=\"pt_BR\" \/>\n<meta property=\"og:type\" content=\"article\" \/>\n<meta property=\"og:title\" content=\"Cultivar - Ag\u00eancia de Inova\u00e7\u00e3o da UFRRJ\" \/>\n<meta property=\"og:description\" content=\"A Lei de Prote\u00e7\u00e3o No Brasil, a lei que instituiu o direito de proteger novas variedades vegetais foi a Lei ... leia mais\" \/>\n<meta property=\"og:url\" content=\"https:\/\/institucional.ufrrj.br\/nit\/cultivar-2\/\" \/>\n<meta property=\"og:site_name\" content=\"Ag\u00eancia de Inova\u00e7\u00e3o da UFRRJ\" \/>\n<meta property=\"article:modified_time\" content=\"2025-08-26T13:55:00+00:00\" \/>\n<meta name=\"twitter:card\" content=\"summary_large_image\" \/>\n<meta name=\"twitter:label1\" content=\"Est. tempo de leitura\" \/>\n\t<meta name=\"twitter:data1\" content=\"4 minutos\" \/>\n<script type=\"application\/ld+json\" class=\"yoast-schema-graph\">{\"@context\":\"https:\/\/schema.org\",\"@graph\":[{\"@type\":\"WebPage\",\"@id\":\"https:\/\/institucional.ufrrj.br\/nit\/cultivar-2\/\",\"url\":\"https:\/\/institucional.ufrrj.br\/nit\/cultivar-2\/\",\"name\":\"Cultivar - Ag\u00eancia de Inova\u00e7\u00e3o da UFRRJ\",\"isPartOf\":{\"@id\":\"https:\/\/institucional.ufrrj.br\/nit\/#website\"},\"datePublished\":\"2020-05-26T22:44:14+00:00\",\"dateModified\":\"2025-08-26T13:55:00+00:00\",\"breadcrumb\":{\"@id\":\"https:\/\/institucional.ufrrj.br\/nit\/cultivar-2\/#breadcrumb\"},\"inLanguage\":\"pt-BR\",\"potentialAction\":[{\"@type\":\"ReadAction\",\"target\":[\"https:\/\/institucional.ufrrj.br\/nit\/cultivar-2\/\"]}]},{\"@type\":\"BreadcrumbList\",\"@id\":\"https:\/\/institucional.ufrrj.br\/nit\/cultivar-2\/#breadcrumb\",\"itemListElement\":[{\"@type\":\"ListItem\",\"position\":1,\"name\":\"In\u00edcio\",\"item\":\"https:\/\/institucional.ufrrj.br\/nit\/\"},{\"@type\":\"ListItem\",\"position\":2,\"name\":\"Cultivar\"}]},{\"@type\":\"WebSite\",\"@id\":\"https:\/\/institucional.ufrrj.br\/nit\/#website\",\"url\":\"https:\/\/institucional.ufrrj.br\/nit\/\",\"name\":\"Ag\u00eancia de Inova\u00e7\u00e3o UFRRJ\",\"description\":\"UFRRJ\",\"potentialAction\":[{\"@type\":\"SearchAction\",\"target\":{\"@type\":\"EntryPoint\",\"urlTemplate\":\"https:\/\/institucional.ufrrj.br\/nit\/?s={search_term_string}\"},\"query-input\":{\"@type\":\"PropertyValueSpecification\",\"valueRequired\":true,\"valueName\":\"search_term_string\"}}],\"inLanguage\":\"pt-BR\"}]}<\/script>\n<!-- \/ Yoast SEO plugin. -->","yoast_head_json":{"title":"Cultivar - Ag\u00eancia de Inova\u00e7\u00e3o da UFRRJ","robots":{"index":"index","follow":"follow","max-snippet":"max-snippet:-1","max-image-preview":"max-image-preview:large","max-video-preview":"max-video-preview:-1"},"canonical":"https:\/\/institucional.ufrrj.br\/nit\/cultivar-2\/","og_locale":"pt_BR","og_type":"article","og_title":"Cultivar - Ag\u00eancia de Inova\u00e7\u00e3o da UFRRJ","og_description":"A Lei de Prote\u00e7\u00e3o No Brasil, a lei que instituiu o direito de proteger novas variedades vegetais foi a Lei ... leia mais","og_url":"https:\/\/institucional.ufrrj.br\/nit\/cultivar-2\/","og_site_name":"Ag\u00eancia de Inova\u00e7\u00e3o da UFRRJ","article_modified_time":"2025-08-26T13:55:00+00:00","twitter_card":"summary_large_image","twitter_misc":{"Est. tempo de leitura":"4 minutos"},"schema":{"@context":"https:\/\/schema.org","@graph":[{"@type":"WebPage","@id":"https:\/\/institucional.ufrrj.br\/nit\/cultivar-2\/","url":"https:\/\/institucional.ufrrj.br\/nit\/cultivar-2\/","name":"Cultivar - Ag\u00eancia de Inova\u00e7\u00e3o da UFRRJ","isPartOf":{"@id":"https:\/\/institucional.ufrrj.br\/nit\/#website"},"datePublished":"2020-05-26T22:44:14+00:00","dateModified":"2025-08-26T13:55:00+00:00","breadcrumb":{"@id":"https:\/\/institucional.ufrrj.br\/nit\/cultivar-2\/#breadcrumb"},"inLanguage":"pt-BR","potentialAction":[{"@type":"ReadAction","target":["https:\/\/institucional.ufrrj.br\/nit\/cultivar-2\/"]}]},{"@type":"BreadcrumbList","@id":"https:\/\/institucional.ufrrj.br\/nit\/cultivar-2\/#breadcrumb","itemListElement":[{"@type":"ListItem","position":1,"name":"In\u00edcio","item":"https:\/\/institucional.ufrrj.br\/nit\/"},{"@type":"ListItem","position":2,"name":"Cultivar"}]},{"@type":"WebSite","@id":"https:\/\/institucional.ufrrj.br\/nit\/#website","url":"https:\/\/institucional.ufrrj.br\/nit\/","name":"Ag\u00eancia de Inova\u00e7\u00e3o UFRRJ","description":"UFRRJ","potentialAction":[{"@type":"SearchAction","target":{"@type":"EntryPoint","urlTemplate":"https:\/\/institucional.ufrrj.br\/nit\/?s={search_term_string}"},"query-input":{"@type":"PropertyValueSpecification","valueRequired":true,"valueName":"search_term_string"}}],"inLanguage":"pt-BR"}]}},"acf":[],"_links":{"self":[{"href":"https:\/\/institucional.ufrrj.br\/nit\/wp-json\/wp\/v2\/pages\/1085","targetHints":{"allow":["GET"]}}],"collection":[{"href":"https:\/\/institucional.ufrrj.br\/nit\/wp-json\/wp\/v2\/pages"}],"about":[{"href":"https:\/\/institucional.ufrrj.br\/nit\/wp-json\/wp\/v2\/types\/page"}],"author":[{"embeddable":true,"href":"https:\/\/institucional.ufrrj.br\/nit\/wp-json\/wp\/v2\/users\/765"}],"replies":[{"embeddable":true,"href":"https:\/\/institucional.ufrrj.br\/nit\/wp-json\/wp\/v2\/comments?post=1085"}],"version-history":[{"count":13,"href":"https:\/\/institucional.ufrrj.br\/nit\/wp-json\/wp\/v2\/pages\/1085\/revisions"}],"predecessor-version":[{"id":3888,"href":"https:\/\/institucional.ufrrj.br\/nit\/wp-json\/wp\/v2\/pages\/1085\/revisions\/3888"}],"wp:attachment":[{"href":"https:\/\/institucional.ufrrj.br\/nit\/wp-json\/wp\/v2\/media?parent=1085"}],"curies":[{"name":"wp","href":"https:\/\/api.w.org\/{rel}","templated":true}]}}