{"id":1083,"date":"2020-05-26T22:43:49","date_gmt":"2020-05-26T22:43:49","guid":{"rendered":"http:\/\/institucional.ufrrj.br\/nit\/?page_id=1083"},"modified":"2024-12-10T14:08:14","modified_gmt":"2024-12-10T17:08:14","slug":"patente","status":"publish","type":"page","link":"https:\/\/institucional.ufrrj.br\/nit\/patente\/","title":{"rendered":"Patente"},"content":{"rendered":"<p><strong>TIPOS DE PATENTE<\/strong><\/p>\n<p><u>Patente de Inven\u00e7\u00e3o<\/u><\/p>\n<p>Inven\u00e7\u00e3o \u00e9 a cria\u00e7\u00e3o de algo at\u00e9 ent\u00e3o inexistente e que representa uma solu\u00e7\u00e3o nova para um problema, visando um efeito t\u00e9cnico em uma determinada \u00e1rea tecnol\u00f3gica. As inven\u00e7\u00f5es podem ser referentes tanto a produtos quanto a atividades\/processos industriais e devem atender aos requisitos de atividade inventiva, novidade e aplica\u00e7\u00e3o industrial. A validade \u00e9 de 20 anos a partir da data do dep\u00f3sito.<\/p>\n<p><u>Patente de Modelo de Utilidade<\/u><\/p>\n<p>O Modelo de Utilidade consiste em um instrumento, utens\u00edlio e objeto de uso pr\u00e1tico, ou parte deste, que apresente nova forma ou disposi\u00e7\u00e3o que resulte em melhoria funcional no seu uso ou em sua fabrica\u00e7\u00e3o. Refere-se a um objeto de corpo certo e determinado, n\u00e3o incluindo os sistemas, processos, procedimento ou m\u00e9todos para obten\u00e7\u00e3o de algum produto. A novidade de um modelo pode decorrer de uma combina\u00e7\u00e3o ou na composi\u00e7\u00e3o do conjunto de elementos conhecidos (kits, pr\u00e9-moldados, etc.).<\/p>\n<p><strong>REQUISITOS DE PATENTEABILIDADE<\/strong><\/p>\n<p>Um pedido de patente deve apresentar 3 requisitos:<\/p>\n<ul>\n<li><strong>novidade<\/strong>:\u00a0a tecnologia n\u00e3o est\u00e1 descrita ou n\u00e3o existente no estado da t\u00e9cnica\/arte;<\/li>\n<\/ul>\n<ul>\n<li><strong>atividade inventiva<\/strong> (no caso de inven\u00e7\u00e3o):\u00a0sempre que,para um t\u00e9cnico no assunto, n\u00e3o decorra de maneira evidente ou \u00f3bvia do estado da t\u00e9cnica. Neste caso,\u00a0inven\u00e7\u00e3o deve representar algo mais do que o resultado de uma mera combina\u00e7\u00e3o de caracter\u00edsticas conhecidas ou da simples aplica\u00e7\u00e3o de conhecimentos usuais para um t\u00e9cnico no assunto;\u00a0ou ato inventivo (no caso de modelo de utilidade):\u00a0o\u00a0modelo de utilidade, para um t\u00e9cnico no assunto, n\u00e3o pode decorrer de maneira comum ou vulgar do estado da t\u00e9cnica. O\u00a0modelo de utilidade pode apresentar\u00a0combina\u00e7\u00f5es \u00f3bvias, ou simples combina\u00e7\u00f5es de caracter\u00edsticas do estado da t\u00e9cnica, bem como efeitos t\u00e9cnicos previs\u00edveis, desde que o objeto a ser patente\u00e1vel apresente nova forma ou disposi\u00e7\u00e3o que resulte em melhoria funcional no seu uso ou na sua fabrica\u00e7\u00e3o;<\/li>\n<\/ul>\n<ul>\n<li><strong>aplica\u00e7\u00e3o industrial<\/strong>:\u00a0quando possam ser utilizados ou produzidos na ind\u00fastria.<\/li>\n<\/ul>\n<p>O processo de elabora\u00e7\u00e3o de um pedido de patente ocorre em duas etapas:<\/p>\n<p>\u21d2Reda\u00e7\u00e3o do pedido: realizado pelo inventor;<\/p>\n<p>\u21d2Dep\u00f3sito e acompanhamento no INPI \u2013 Instituto Nacional da Propriedade Industrial: realizado pela Ag\u00eancia de Inova\u00e7\u00e3o UFRRJ.<\/p>\n<p>A reda\u00e7\u00e3o do pedido inicia-se por uma busca de anterioridade seguido da\u00a0constru\u00e7\u00e3o do relat\u00f3rio descritivo, reivindica\u00e7\u00e3o, resumo e, se houver, desenho.<\/p>\n<hr \/>\n<p><strong>BUSCA DE ANTERIORIDADES<\/strong><\/p>\n<p>A verifica\u00e7\u00e3o da exist\u00eancia de pedidos de patentes semelhantes visa o aux\u00edlio \u00e0 pesquisa e estrutura\u00e7\u00e3o do pedido a ser feito, principalmente com rela\u00e7\u00e3o \u00e0 novidade\/diferencia\u00e7\u00e3o demonstrada.<\/p>\n<p>Esta verifica\u00e7\u00e3o pode ser feita em diversas bases, dentre elas as p\u00fablicas e gratuitas.<\/p>\n<p>Veja algumas bases gratuitas de patente em:<\/p>\n<p><a href=\"https:\/\/institucional.ufrrj.br\/nit\/base-de-patentes\/\">https:\/\/institucional.ufrrj.br\/nit\/base-de-patentes\/<\/a><\/p>\n<p><strong>Modelo de Relat\u00f3rio de Buscas<\/strong><\/p>\n<p><a href=\"https:\/\/institucional.ufrrj.br\/nit\/files\/2024\/08\/Relatorio-de-Busca-de-Anterioridade-Nao-ImpeditivaUFRRJ-atualizado-04-08-2021-1.docx\">Relatorio de Busca de Anterioridade Nao ImpeditivaUFRRJ-atualizado 04-08-2021<\/a><\/p>\n<hr \/>\n<p><strong>A UFRRJ, COMO FAZER PARA DEPOSITAR MEU PEDIDO DE PATENTE?<\/strong><\/p>\n<p>A Ag\u00eancia de Inova\u00e7\u00e3o da UFRRJ atua como facilitador no processo junto ao INPI \u2013 Instituto Nacional da Propriedade Industrial. Para as novas tecnologias desenvolvidas na UFRRJ, os custos do processo ser\u00e3o suportados pela Institui\u00e7\u00e3o.<\/p>\n<p>Para iniciar o dep\u00f3sito do pedido, solicitamos baixar e preencher o formul\u00e1rio abaixo e encaminh\u00e1-lo para o e-mail<\/p>\n<p>nitrural@ufrrj.br<\/p>\n<p><a href=\"https:\/\/institucional.ufrrj.br\/nit\/files\/2024\/12\/Formulario_Solicitacao_Servicos_Deposito-de-Pedido-de-Patente_Revisado_dez2024.doc\">Formulario_Solicitacao_Servicos_Deposito-de-Pedido-de-Patente_Revisado_dez2024<\/a><\/p>\n<hr \/>\n<p><strong>REDA\u00c7\u00c3O DO PEDIDO DE PATENTE<\/strong><\/p>\n<p>Ap\u00f3s o inventor realizar a busca de anterioridade, inicia-se a fase da reda\u00e7\u00e3o de patente.<\/p>\n<p>Para auxiliar a reda\u00e7\u00e3o, disponibilizamos modelos e materiais de orienta\u00e7\u00e3o nos\u00a0<em>links<\/em>\u00a0abaixo:<\/p>\n<p>Instru\u00e7\u00f5es para elaborar o Relat\u00f3rio Descritivo<\/p>\n<p><strong>\u21d2<\/strong>Relat\u00f3rio Descritivo<\/p>\n<p><a href=\"https:\/\/institucional.ufrrj.br\/nit\/files\/2021\/10\/Modelo-de-Pedido-de-Patente_RELAT\u00d3RIO-DESCRITIVO.docx\">Modelo de Pedido de Patente_RELAT\u00d3RIO DESCRITIVO<\/a><\/p>\n<p><strong>\u21d2<\/strong>Reivindica\u00e7\u00f5es<\/p>\n<p>Instru\u00e7\u00f5es para elaborar Reivindica\u00e7\u00f5es<\/p>\n<p><a href=\"https:\/\/institucional.ufrrj.br\/nit\/files\/2021\/10\/Modelo-de-Pedido-de-Patente_REIVINDICA\u00c7\u00d5ES.docx\">Modelo de Pedido de Patente_REIVINDICA\u00c7\u00d5ES<\/a><\/p>\n<p>\u21d2Resumo<\/p>\n<p>Instru\u00e7\u00f5es para elaborar o Resumo<\/p>\n<p><a href=\"https:\/\/institucional.ufrrj.br\/nit\/files\/2021\/10\/Modelo-de-Pedido-de-Patente_RESUMO.docx\">Modelo de Pedido de Patente_RESUMO<\/a><\/p>\n<p>\u21d2Desenho<\/p>\n<p>Instru\u00e7\u00f5es para elaborar o Desenho<\/p>\n<p><a href=\"https:\/\/institucional.ufrrj.br\/nit\/files\/2021\/10\/Modelo-de-Pedido-de-Patente_DESENHOS.docx\">Modelo de Pedido de Patente_DESENHOS<\/a><\/p>\n<p>Finalizada a reda\u00e7\u00e3o, o inventor da UFRRJ dever\u00e1 entrar em contato com a Ag\u00eancia de Inova\u00e7\u00e3o da UFRRJ para o encaminhamento do pedido de patente e demais provid\u00eancias.<\/p>\n<hr \/>\n<p><strong>MATERIAIS AUXILIARES<\/strong><\/p>\n<ul>\n<li>INSTRU\u00c7\u00c3O NORMATIVA N\u00ba 030 \/2013 do INPI (Estabelecimento de normas gerais de procedimentos para explicitar e cumprir dispositivos da Lei de Propriedade Industrial &#8211; Lei n\u00ba 9279, de 14 de maio de 1996, no que se refere \u00e0s especifica\u00e7\u00f5es dos pedidos de patente.<\/li>\n<\/ul>\n<p><a href=\"https:\/\/institucional.ufrrj.br\/nit\/files\/2021\/10\/Resolu\u00e7\u00e3o-n\u00ba-30_-INPI.pdf\">IN n\u00ba 30_ INPI<\/a><\/p>\n<ul>\n<li>INSTRU\u00c7\u00c3O NORMATIVA N\u00ba 031 \/2013 do INPI (Estabelecimento de normas gerais e procedimentos para explicitar e cumprir dispositivos da Lei de Propriedade Industrial n\u00ba 9279\/96 no que se refere \u00e0s especifica\u00e7\u00f5es formais dos pedidos de patente).<\/li>\n<\/ul>\n<p><a href=\"https:\/\/institucional.ufrrj.br\/nit\/files\/2021\/10\/Resolu\u00e7ao-n\u00ba-31-INPI.pdf\">IN n\u00ba 31 INPI<\/a><\/p>\n<ul>\n<li>MANUAL PARA DEPOSITANTES DE PATENTE\u00a0(INPI)<\/li>\n<\/ul>\n<p><a href=\"https:\/\/www.gov.br\/inpi\/pt-br\/servicos\/patentes\/guia-basico\">https:\/\/www.gov.br\/inpi\/pt-br\/servicos\/patentes\/guia-basico<\/a><\/p>\n<ul>\n<li>INOVA\u00c7\u00c3O E PROPRIEDADE INTELECTUAL- GUIA PARA O DOCENTE<\/li>\n<\/ul>\n<p><a href=\"https:\/\/institucional.ufrrj.br\/nit\/files\/2020\/10\/Guia_docente_IEL-SENAI-e-INPI.pdf\">Guia_docente_IEL SENAI e INPI<\/a><\/p>\n<ul>\n<li>CARTILHA DE PROPRIEDADE INTELECTUAL\u00a0 (OAB-RS)<\/li>\n<\/ul>\n<p><a href=\"https:\/\/institucional.ufrrj.br\/nit\/files\/2020\/10\/cartilha-da-propriedade-intelectual-2015_OAB_RS.pdf\">cartilha-da-propriedade-intelectual-2015_OAB_RS<\/a><\/p>\n<ul>\n<li>PATENTE: DA IMPORT\u00c2NCIA E SUA PROTE\u00c7\u00c3O &#8211; PATENTE DE MODELO DE UTILIDADE. (INPI)<\/li>\n<\/ul>\n<p><a href=\"https:\/\/institucional.ufrrj.br\/nit\/files\/2021\/04\/PME_Importancia_Patentes.pdf\">PME_Importancia_Patentes_2021<\/a><\/p>\n\n\n<p class=\" eplus-wrapper\"><\/p>\n","protected":false},"excerpt":{"rendered":"<p>TIPOS DE PATENTE Patente de Inven\u00e7\u00e3o Inven\u00e7\u00e3o \u00e9 a cria\u00e7\u00e3o de algo at\u00e9 ent\u00e3o inexistente e que representa uma solu\u00e7\u00e3o <a class=\"read-more\" href=\"https:\/\/institucional.ufrrj.br\/nit\/patente\/ \" >&#8230; <span class=\"font-italic\">leia mais <i class=\"fas fa-angle-right\"><\/i><\/span><\/a><\/p>\n","protected":false},"author":765,"featured_media":0,"parent":0,"menu_order":0,"comment_status":"closed","ping_status":"closed","template":"","meta":{"_acf_changed":false,"footnotes":"","_links_to":"","_links_to_target":""},"class_list":["post-1083","page","type-page","status-publish","hentry"],"yoast_head":"<!-- This site is optimized with the Yoast SEO plugin v27.2 - https:\/\/yoast.com\/product\/yoast-seo-wordpress\/ -->\n<title>Patente - Ag\u00eancia de Inova\u00e7\u00e3o da UFRRJ<\/title>\n<meta name=\"robots\" content=\"index, follow, max-snippet:-1, max-image-preview:large, max-video-preview:-1\" \/>\n<link rel=\"canonical\" href=\"https:\/\/institucional.ufrrj.br\/nit\/patente\/\" \/>\n<meta property=\"og:locale\" content=\"pt_BR\" \/>\n<meta property=\"og:type\" content=\"article\" \/>\n<meta property=\"og:title\" content=\"Patente - Ag\u00eancia de Inova\u00e7\u00e3o da UFRRJ\" \/>\n<meta property=\"og:description\" content=\"TIPOS DE PATENTE Patente de Inven\u00e7\u00e3o Inven\u00e7\u00e3o \u00e9 a cria\u00e7\u00e3o de algo at\u00e9 ent\u00e3o inexistente e que representa uma solu\u00e7\u00e3o ... leia mais\" \/>\n<meta property=\"og:url\" content=\"https:\/\/institucional.ufrrj.br\/nit\/patente\/\" \/>\n<meta property=\"og:site_name\" content=\"Ag\u00eancia de Inova\u00e7\u00e3o da UFRRJ\" \/>\n<meta property=\"article:modified_time\" content=\"2024-12-10T17:08:14+00:00\" \/>\n<meta name=\"twitter:card\" content=\"summary_large_image\" \/>\n<meta name=\"twitter:label1\" content=\"Est. tempo de leitura\" \/>\n\t<meta name=\"twitter:data1\" content=\"5 minutos\" \/>\n<script type=\"application\/ld+json\" class=\"yoast-schema-graph\">{\"@context\":\"https:\/\/schema.org\",\"@graph\":[{\"@type\":\"WebPage\",\"@id\":\"https:\/\/institucional.ufrrj.br\/nit\/patente\/\",\"url\":\"https:\/\/institucional.ufrrj.br\/nit\/patente\/\",\"name\":\"Patente - Ag\u00eancia de Inova\u00e7\u00e3o da UFRRJ\",\"isPartOf\":{\"@id\":\"https:\/\/institucional.ufrrj.br\/nit\/#website\"},\"datePublished\":\"2020-05-26T22:43:49+00:00\",\"dateModified\":\"2024-12-10T17:08:14+00:00\",\"breadcrumb\":{\"@id\":\"https:\/\/institucional.ufrrj.br\/nit\/patente\/#breadcrumb\"},\"inLanguage\":\"pt-BR\",\"potentialAction\":[{\"@type\":\"ReadAction\",\"target\":[\"https:\/\/institucional.ufrrj.br\/nit\/patente\/\"]}]},{\"@type\":\"BreadcrumbList\",\"@id\":\"https:\/\/institucional.ufrrj.br\/nit\/patente\/#breadcrumb\",\"itemListElement\":[{\"@type\":\"ListItem\",\"position\":1,\"name\":\"In\u00edcio\",\"item\":\"https:\/\/institucional.ufrrj.br\/nit\/\"},{\"@type\":\"ListItem\",\"position\":2,\"name\":\"Patente\"}]},{\"@type\":\"WebSite\",\"@id\":\"https:\/\/institucional.ufrrj.br\/nit\/#website\",\"url\":\"https:\/\/institucional.ufrrj.br\/nit\/\",\"name\":\"Ag\u00eancia de Inova\u00e7\u00e3o UFRRJ\",\"description\":\"UFRRJ\",\"potentialAction\":[{\"@type\":\"SearchAction\",\"target\":{\"@type\":\"EntryPoint\",\"urlTemplate\":\"https:\/\/institucional.ufrrj.br\/nit\/?s={search_term_string}\"},\"query-input\":{\"@type\":\"PropertyValueSpecification\",\"valueRequired\":true,\"valueName\":\"search_term_string\"}}],\"inLanguage\":\"pt-BR\"}]}<\/script>\n<!-- \/ Yoast SEO plugin. -->","yoast_head_json":{"title":"Patente - Ag\u00eancia de Inova\u00e7\u00e3o da UFRRJ","robots":{"index":"index","follow":"follow","max-snippet":"max-snippet:-1","max-image-preview":"max-image-preview:large","max-video-preview":"max-video-preview:-1"},"canonical":"https:\/\/institucional.ufrrj.br\/nit\/patente\/","og_locale":"pt_BR","og_type":"article","og_title":"Patente - Ag\u00eancia de Inova\u00e7\u00e3o da UFRRJ","og_description":"TIPOS DE PATENTE Patente de Inven\u00e7\u00e3o Inven\u00e7\u00e3o \u00e9 a cria\u00e7\u00e3o de algo at\u00e9 ent\u00e3o inexistente e que representa uma solu\u00e7\u00e3o ... leia mais","og_url":"https:\/\/institucional.ufrrj.br\/nit\/patente\/","og_site_name":"Ag\u00eancia de Inova\u00e7\u00e3o da UFRRJ","article_modified_time":"2024-12-10T17:08:14+00:00","twitter_card":"summary_large_image","twitter_misc":{"Est. tempo de leitura":"5 minutos"},"schema":{"@context":"https:\/\/schema.org","@graph":[{"@type":"WebPage","@id":"https:\/\/institucional.ufrrj.br\/nit\/patente\/","url":"https:\/\/institucional.ufrrj.br\/nit\/patente\/","name":"Patente - Ag\u00eancia de Inova\u00e7\u00e3o da UFRRJ","isPartOf":{"@id":"https:\/\/institucional.ufrrj.br\/nit\/#website"},"datePublished":"2020-05-26T22:43:49+00:00","dateModified":"2024-12-10T17:08:14+00:00","breadcrumb":{"@id":"https:\/\/institucional.ufrrj.br\/nit\/patente\/#breadcrumb"},"inLanguage":"pt-BR","potentialAction":[{"@type":"ReadAction","target":["https:\/\/institucional.ufrrj.br\/nit\/patente\/"]}]},{"@type":"BreadcrumbList","@id":"https:\/\/institucional.ufrrj.br\/nit\/patente\/#breadcrumb","itemListElement":[{"@type":"ListItem","position":1,"name":"In\u00edcio","item":"https:\/\/institucional.ufrrj.br\/nit\/"},{"@type":"ListItem","position":2,"name":"Patente"}]},{"@type":"WebSite","@id":"https:\/\/institucional.ufrrj.br\/nit\/#website","url":"https:\/\/institucional.ufrrj.br\/nit\/","name":"Ag\u00eancia de Inova\u00e7\u00e3o UFRRJ","description":"UFRRJ","potentialAction":[{"@type":"SearchAction","target":{"@type":"EntryPoint","urlTemplate":"https:\/\/institucional.ufrrj.br\/nit\/?s={search_term_string}"},"query-input":{"@type":"PropertyValueSpecification","valueRequired":true,"valueName":"search_term_string"}}],"inLanguage":"pt-BR"}]}},"acf":[],"_links":{"self":[{"href":"https:\/\/institucional.ufrrj.br\/nit\/wp-json\/wp\/v2\/pages\/1083","targetHints":{"allow":["GET"]}}],"collection":[{"href":"https:\/\/institucional.ufrrj.br\/nit\/wp-json\/wp\/v2\/pages"}],"about":[{"href":"https:\/\/institucional.ufrrj.br\/nit\/wp-json\/wp\/v2\/types\/page"}],"author":[{"embeddable":true,"href":"https:\/\/institucional.ufrrj.br\/nit\/wp-json\/wp\/v2\/users\/765"}],"replies":[{"embeddable":true,"href":"https:\/\/institucional.ufrrj.br\/nit\/wp-json\/wp\/v2\/comments?post=1083"}],"version-history":[{"count":29,"href":"https:\/\/institucional.ufrrj.br\/nit\/wp-json\/wp\/v2\/pages\/1083\/revisions"}],"predecessor-version":[{"id":3379,"href":"https:\/\/institucional.ufrrj.br\/nit\/wp-json\/wp\/v2\/pages\/1083\/revisions\/3379"}],"wp:attachment":[{"href":"https:\/\/institucional.ufrrj.br\/nit\/wp-json\/wp\/v2\/media?parent=1083"}],"curies":[{"name":"wp","href":"https:\/\/api.w.org\/{rel}","templated":true}]}}