{"id":1071,"date":"2020-05-26T22:31:10","date_gmt":"2020-05-26T22:31:10","guid":{"rendered":"http:\/\/institucional.ufrrj.br\/nit\/?page_id=1071"},"modified":"2026-03-19T16:46:00","modified_gmt":"2026-03-19T19:46:00","slug":"documentos","status":"publish","type":"page","link":"https:\/\/institucional.ufrrj.br\/nit\/documentos\/","title":{"rendered":"Relat\u00f3rios de Gest\u00e3o"},"content":{"rendered":"\n<div data-wp-interactive=\"core\/file\" class=\"wp-block-file\"><object data-wp-bind--hidden=\"!state.hasPdfPreview\" hidden class=\"wp-block-file__embed\" data=\"https:\/\/institucional.ufrrj.br\/nit\/files\/2026\/03\/Relatorio-de-Gestao-AI-2025_RevPSG-e-LAC.pdf\" type=\"application\/pdf\" style=\"width:100%;height:600px\" aria-label=\"Incorporado de Relato\u0301rio de Gesta\u0303o da Ag\u00eancia de Inova\u00e7\u00e3o da UFRRJ - 2025.\"><\/object><a id=\"wp-block-file--media-038593a6-6ece-4ff2-b0b2-4d4cc326af09\" href=\"https:\/\/institucional.ufrrj.br\/nit\/files\/2026\/03\/Relatorio-de-Gestao-AI-2025_RevPSG-e-LAC.pdf\">Relato\u0301rio de Gesta\u0303o da Ag\u00eancia de Inova\u00e7\u00e3o da UFRRJ &#8211; 2025<\/a><\/div>\n\n\n\n<div style=\"height:50px\" aria-hidden=\"true\" class=\"wp-block-spacer eplus-wrapper\"><\/div>\n\n\n<p style=\"text-align: left\"><strong><a href=\"https:\/\/institucional.ufrrj.br\/nit\/files\/2025\/08\/Relato\u0301rio-Ac\u0327o\u0303es-da-Age\u0302ncia-de-Inovac\u0327a\u0303o-2024-2.pdf\">Relat\u00f3rio de Gest\u00e3o da Ag\u00eancia de Inova\u00e7\u00e3o da UFRRJ &#8211; 2024<\/a><\/strong><\/p>\n<p><a href=\"https:\/\/institucional.ufrrj.br\/nit\/files\/2021\/01\/RELAT\u00d3RIO-DE-GEST\u00c3O-DO-NIT-UFRRJ-2017-A-2020-final_pdf.pdf\"><strong>Relat\u00f3rio de Gest\u00e3o do NIT-UFRRJ (2017 a 2020)<\/strong><\/a><\/p>\n<p><a href=\"https:\/\/institucional.ufrrj.br\/nit\/files\/2021\/01\/RELAT\u00d3RIO-DE-GEST\u00c3O-DO-NIT-UFRRJ-2012-A-2016-FINAL-4.pdf\"><strong>Relat\u00f3rio de Gest\u00e3o do NIT-UFRRJ (2012 a 2016)<\/strong><\/a><\/p>","protected":false},"excerpt":{"rendered":"<p>Relat\u00f3rio de Gest\u00e3o da Ag\u00eancia de Inova\u00e7\u00e3o da UFRRJ &#8211; 2024 Relat\u00f3rio de Gest\u00e3o do NIT-UFRRJ (2017 a 2020) Relat\u00f3rio <a class=\"read-more\" href=\"https:\/\/institucional.ufrrj.br\/nit\/documentos\/ \" >&#8230; <span class=\"font-italic\">leia mais <i class=\"fas fa-angle-right\"><\/i><\/span><\/a><\/p>\n","protected":false},"author":765,"featured_media":0,"parent":0,"menu_order":0,"comment_status":"closed","ping_status":"closed","template":"","meta":{"_acf_changed":false,"footnotes":"","_links_to":"","_links_to_target":""},"class_list":["post-1071","page","type-page","status-publish","hentry"],"yoast_head":"<!-- This site is optimized with the Yoast SEO plugin v27.2 - https:\/\/yoast.com\/product\/yoast-seo-wordpress\/ -->\n<title>Relat\u00f3rios de Gest\u00e3o - Ag\u00eancia de Inova\u00e7\u00e3o da UFRRJ<\/title>\n<meta name=\"robots\" content=\"index, follow, max-snippet:-1, max-image-preview:large, max-video-preview:-1\" \/>\n<link rel=\"canonical\" href=\"https:\/\/institucional.ufrrj.br\/nit\/documentos\/\" \/>\n<meta property=\"og:locale\" content=\"pt_BR\" \/>\n<meta property=\"og:type\" content=\"article\" \/>\n<meta property=\"og:title\" content=\"Relat\u00f3rios de Gest\u00e3o - Ag\u00eancia de Inova\u00e7\u00e3o da UFRRJ\" \/>\n<meta property=\"og:description\" content=\"Relat\u00f3rio de Gest\u00e3o da Ag\u00eancia de Inova\u00e7\u00e3o da UFRRJ &#8211; 2024 Relat\u00f3rio de Gest\u00e3o do NIT-UFRRJ (2017 a 2020) Relat\u00f3rio ... leia mais\" \/>\n<meta property=\"og:url\" content=\"https:\/\/institucional.ufrrj.br\/nit\/documentos\/\" \/>\n<meta property=\"og:site_name\" content=\"Ag\u00eancia de Inova\u00e7\u00e3o da UFRRJ\" \/>\n<meta property=\"article:modified_time\" content=\"2026-03-19T19:46:00+00:00\" \/>\n<meta name=\"twitter:card\" content=\"summary_large_image\" \/>\n<meta name=\"twitter:label1\" content=\"Est. tempo de leitura\" \/>\n\t<meta name=\"twitter:data1\" content=\"1 minuto\" \/>\n<script type=\"application\/ld+json\" class=\"yoast-schema-graph\">{\"@context\":\"https:\/\/schema.org\",\"@graph\":[{\"@type\":\"WebPage\",\"@id\":\"https:\/\/institucional.ufrrj.br\/nit\/documentos\/\",\"url\":\"https:\/\/institucional.ufrrj.br\/nit\/documentos\/\",\"name\":\"Relat\u00f3rios de Gest\u00e3o - Ag\u00eancia de Inova\u00e7\u00e3o da UFRRJ\",\"isPartOf\":{\"@id\":\"https:\/\/institucional.ufrrj.br\/nit\/#website\"},\"datePublished\":\"2020-05-26T22:31:10+00:00\",\"dateModified\":\"2026-03-19T19:46:00+00:00\",\"breadcrumb\":{\"@id\":\"https:\/\/institucional.ufrrj.br\/nit\/documentos\/#breadcrumb\"},\"inLanguage\":\"pt-BR\",\"potentialAction\":[{\"@type\":\"ReadAction\",\"target\":[\"https:\/\/institucional.ufrrj.br\/nit\/documentos\/\"]}]},{\"@type\":\"BreadcrumbList\",\"@id\":\"https:\/\/institucional.ufrrj.br\/nit\/documentos\/#breadcrumb\",\"itemListElement\":[{\"@type\":\"ListItem\",\"position\":1,\"name\":\"In\u00edcio\",\"item\":\"https:\/\/institucional.ufrrj.br\/nit\/\"},{\"@type\":\"ListItem\",\"position\":2,\"name\":\"Relat\u00f3rios de Gest\u00e3o\"}]},{\"@type\":\"WebSite\",\"@id\":\"https:\/\/institucional.ufrrj.br\/nit\/#website\",\"url\":\"https:\/\/institucional.ufrrj.br\/nit\/\",\"name\":\"Ag\u00eancia de Inova\u00e7\u00e3o UFRRJ\",\"description\":\"UFRRJ\",\"potentialAction\":[{\"@type\":\"SearchAction\",\"target\":{\"@type\":\"EntryPoint\",\"urlTemplate\":\"https:\/\/institucional.ufrrj.br\/nit\/?s={search_term_string}\"},\"query-input\":{\"@type\":\"PropertyValueSpecification\",\"valueRequired\":true,\"valueName\":\"search_term_string\"}}],\"inLanguage\":\"pt-BR\"}]}<\/script>\n<!-- \/ Yoast SEO plugin. -->","yoast_head_json":{"title":"Relat\u00f3rios de Gest\u00e3o - Ag\u00eancia de Inova\u00e7\u00e3o da UFRRJ","robots":{"index":"index","follow":"follow","max-snippet":"max-snippet:-1","max-image-preview":"max-image-preview:large","max-video-preview":"max-video-preview:-1"},"canonical":"https:\/\/institucional.ufrrj.br\/nit\/documentos\/","og_locale":"pt_BR","og_type":"article","og_title":"Relat\u00f3rios de Gest\u00e3o - Ag\u00eancia de Inova\u00e7\u00e3o da UFRRJ","og_description":"Relat\u00f3rio de Gest\u00e3o da Ag\u00eancia de Inova\u00e7\u00e3o da UFRRJ &#8211; 2024 Relat\u00f3rio de Gest\u00e3o do NIT-UFRRJ (2017 a 2020) Relat\u00f3rio ... leia mais","og_url":"https:\/\/institucional.ufrrj.br\/nit\/documentos\/","og_site_name":"Ag\u00eancia de Inova\u00e7\u00e3o da UFRRJ","article_modified_time":"2026-03-19T19:46:00+00:00","twitter_card":"summary_large_image","twitter_misc":{"Est. tempo de leitura":"1 minuto"},"schema":{"@context":"https:\/\/schema.org","@graph":[{"@type":"WebPage","@id":"https:\/\/institucional.ufrrj.br\/nit\/documentos\/","url":"https:\/\/institucional.ufrrj.br\/nit\/documentos\/","name":"Relat\u00f3rios de Gest\u00e3o - Ag\u00eancia de Inova\u00e7\u00e3o da UFRRJ","isPartOf":{"@id":"https:\/\/institucional.ufrrj.br\/nit\/#website"},"datePublished":"2020-05-26T22:31:10+00:00","dateModified":"2026-03-19T19:46:00+00:00","breadcrumb":{"@id":"https:\/\/institucional.ufrrj.br\/nit\/documentos\/#breadcrumb"},"inLanguage":"pt-BR","potentialAction":[{"@type":"ReadAction","target":["https:\/\/institucional.ufrrj.br\/nit\/documentos\/"]}]},{"@type":"BreadcrumbList","@id":"https:\/\/institucional.ufrrj.br\/nit\/documentos\/#breadcrumb","itemListElement":[{"@type":"ListItem","position":1,"name":"In\u00edcio","item":"https:\/\/institucional.ufrrj.br\/nit\/"},{"@type":"ListItem","position":2,"name":"Relat\u00f3rios de Gest\u00e3o"}]},{"@type":"WebSite","@id":"https:\/\/institucional.ufrrj.br\/nit\/#website","url":"https:\/\/institucional.ufrrj.br\/nit\/","name":"Ag\u00eancia de Inova\u00e7\u00e3o UFRRJ","description":"UFRRJ","potentialAction":[{"@type":"SearchAction","target":{"@type":"EntryPoint","urlTemplate":"https:\/\/institucional.ufrrj.br\/nit\/?s={search_term_string}"},"query-input":{"@type":"PropertyValueSpecification","valueRequired":true,"valueName":"search_term_string"}}],"inLanguage":"pt-BR"}]}},"acf":[],"_links":{"self":[{"href":"https:\/\/institucional.ufrrj.br\/nit\/wp-json\/wp\/v2\/pages\/1071","targetHints":{"allow":["GET"]}}],"collection":[{"href":"https:\/\/institucional.ufrrj.br\/nit\/wp-json\/wp\/v2\/pages"}],"about":[{"href":"https:\/\/institucional.ufrrj.br\/nit\/wp-json\/wp\/v2\/types\/page"}],"author":[{"embeddable":true,"href":"https:\/\/institucional.ufrrj.br\/nit\/wp-json\/wp\/v2\/users\/765"}],"replies":[{"embeddable":true,"href":"https:\/\/institucional.ufrrj.br\/nit\/wp-json\/wp\/v2\/comments?post=1071"}],"version-history":[{"count":1,"href":"https:\/\/institucional.ufrrj.br\/nit\/wp-json\/wp\/v2\/pages\/1071\/revisions"}],"predecessor-version":[{"id":4271,"href":"https:\/\/institucional.ufrrj.br\/nit\/wp-json\/wp\/v2\/pages\/1071\/revisions\/4271"}],"wp:attachment":[{"href":"https:\/\/institucional.ufrrj.br\/nit\/wp-json\/wp\/v2\/media?parent=1071"}],"curies":[{"name":"wp","href":"https:\/\/api.w.org\/{rel}","templated":true}]}}