{"id":1069,"date":"2020-05-26T22:30:46","date_gmt":"2020-05-26T22:30:46","guid":{"rendered":"http:\/\/institucional.ufrrj.br\/nit\/?page_id=1069"},"modified":"2026-01-16T11:40:14","modified_gmt":"2026-01-16T14:40:14","slug":"diretoria-de-difusao-da-cultura-de-propriedade-intelectual-e-inovacao","status":"publish","type":"page","link":"https:\/\/institucional.ufrrj.br\/nit\/diretoria-de-difusao-da-cultura-de-propriedade-intelectual-e-inovacao\/","title":{"rendered":"Divis\u00e3o de Comunica\u00e7\u00e3o e Difus\u00e3o da Cultura de Propriedade Intelectual"},"content":{"rendered":"<p><strong>Respons\u00e1veis: <\/strong>\u00a0Dr. Giovane Leal de Souza Silva e Prof\u00aa Patr\u00edcia Leite da Silva.<\/p>\n<p>\u00c0 Divis\u00e3o de Comunica\u00e7\u00e3o e Difus\u00e3o da Cultura de Propriedade Intelectual e Inova\u00e7\u00e3o compete:<\/p>\n<p><span class=\"fontstyle0\">I. <\/span><span class=\"fontstyle2\">utilizar meios de comunica\u00e7\u00e3o como ferramenta estrat\u00e9gica na divulga\u00e7\u00e3o e gest\u00e3o da inova\u00e7\u00e3o e conceitos inovadores;<\/span><\/p>\n<p><span class=\"fontstyle0\">II. <\/span><span class=\"fontstyle2\">gerenciar e utilizar os canais de comunica\u00e7\u00e3o para promover a intera\u00e7\u00e3o da Ag\u00eancia de Inova\u00e7\u00e3o da UFRRJ, e da universidade como um todo, com os p\u00fablicos-alvo a partir do compartilhamento da informa\u00e7\u00e3o, nos mais diversos formatos, a fim de assegurar agilidade, na divulga\u00e7\u00e3o de oportunidades e<\/span> <span class=\"fontstyle0\">benef\u00edcios do empreendedorismo e da inova\u00e7\u00e3o;<\/span><\/p>\n<p><span class=\"fontstyle2\">III. <\/span><span class=\"fontstyle0\">dar visibilidade \u00e0s tecnologias inovadoras desenvolvidas na UFRRJ com potencial para intera\u00e7\u00e3o com empresas, ONGs, entes governamentais promovendo a divulga\u00e7\u00e3o de diferenciais tecnol\u00f3gicos e est\u00e1gios de desenvolvimento;<\/span><\/p>\n<p><span class=\"fontstyle2\">IV. <\/span><span class=\"fontstyle0\">propor a\u00e7\u00f5es para estimular a cultura da Propriedade Intelectual, transfer\u00eancia de tecnologia e inova\u00e7\u00e3o nas Unidades de Pesquisa;<\/span><\/p>\n<p><span class=\"fontstyle2\">V. <\/span><span class=\"fontstyle0\">promover cursos e eventos sobre empreendedorismo, inova\u00e7\u00e3o tecnol\u00f3gica e transfer\u00eancia de tecnologia, divulgar para o setor produtivo o potencial de pesquisas desenvolvidas nos <\/span><span class=\"fontstyle3\">Campi <\/span><span class=\"fontstyle0\">da UFRRJ; promover, em parceria com as outras divis\u00f5es, palestras, cursos, oficinas e demais atualiza\u00e7\u00f5es para a comunidade acad\u00eamica e a sociedade de modo geral, levando-lhes os conhecimentos sobre inova\u00e7\u00e3o, empreendedorismo e propriedade intelectual, bem como sobre a postura \u00e9tica na pesquisa institucional;<\/span><\/p>\n<p><span class=\"fontstyle2\">VI. <\/span><span class=\"fontstyle0\">promover a dissemina\u00e7\u00e3o a cultura da inova\u00e7\u00e3o na universidade com orienta\u00e7\u00e3o \u00e0 prote\u00e7\u00e3o da propriedade intelectual, criando um ambiente prop\u00edcio \u00e0 transforma\u00e7\u00e3o do conhecimento em bens e servi\u00e7os;<\/span><\/p>\n<p><span class=\"fontstyle2\">VII. <\/span><span class=\"fontstyle0\">despertar o interesse da comunidade acad\u00eamica em utilizar a informa\u00e7\u00e3o das bases patent\u00e1rias no escopo das pesquisas na Universidade com vistas \u00e0 elabora\u00e7\u00e3o de projetos de PD&amp;I.<\/span><\/p>\n","protected":false},"excerpt":{"rendered":"<p>Respons\u00e1veis: \u00a0Dr. Giovane Leal de Souza Silva e Prof\u00aa Patr\u00edcia Leite da Silva. \u00c0 Divis\u00e3o de Comunica\u00e7\u00e3o e Difus\u00e3o da <a class=\"read-more\" href=\"https:\/\/institucional.ufrrj.br\/nit\/diretoria-de-difusao-da-cultura-de-propriedade-intelectual-e-inovacao\/ \" >&#8230; <span class=\"font-italic\">leia mais <i class=\"fas fa-angle-right\"><\/i><\/span><\/a><\/p>\n","protected":false},"author":765,"featured_media":0,"parent":0,"menu_order":0,"comment_status":"closed","ping_status":"closed","template":"","meta":{"_acf_changed":false,"footnotes":"","_links_to":"","_links_to_target":""},"class_list":["post-1069","page","type-page","status-publish","hentry"],"yoast_head":"<!-- This site is optimized with the Yoast SEO plugin v27.2 - https:\/\/yoast.com\/product\/yoast-seo-wordpress\/ -->\n<title>Divis\u00e3o de Comunica\u00e7\u00e3o e Difus\u00e3o da Cultura de Propriedade Intelectual - Ag\u00eancia de Inova\u00e7\u00e3o da UFRRJ<\/title>\n<meta name=\"robots\" content=\"index, follow, max-snippet:-1, max-image-preview:large, max-video-preview:-1\" \/>\n<link rel=\"canonical\" href=\"https:\/\/institucional.ufrrj.br\/nit\/diretoria-de-difusao-da-cultura-de-propriedade-intelectual-e-inovacao\/\" \/>\n<meta property=\"og:locale\" content=\"pt_BR\" \/>\n<meta property=\"og:type\" content=\"article\" \/>\n<meta property=\"og:title\" content=\"Divis\u00e3o de Comunica\u00e7\u00e3o e Difus\u00e3o da Cultura de Propriedade Intelectual - Ag\u00eancia de Inova\u00e7\u00e3o da UFRRJ\" \/>\n<meta property=\"og:description\" content=\"Respons\u00e1veis: \u00a0Dr. Giovane Leal de Souza Silva e Prof\u00aa Patr\u00edcia Leite da Silva. \u00c0 Divis\u00e3o de Comunica\u00e7\u00e3o e Difus\u00e3o da ... leia mais\" \/>\n<meta property=\"og:url\" content=\"https:\/\/institucional.ufrrj.br\/nit\/diretoria-de-difusao-da-cultura-de-propriedade-intelectual-e-inovacao\/\" \/>\n<meta property=\"og:site_name\" content=\"Ag\u00eancia de Inova\u00e7\u00e3o da UFRRJ\" \/>\n<meta property=\"article:modified_time\" content=\"2026-01-16T14:40:14+00:00\" \/>\n<meta name=\"twitter:card\" content=\"summary_large_image\" \/>\n<meta name=\"twitter:label1\" content=\"Est. tempo de leitura\" \/>\n\t<meta name=\"twitter:data1\" content=\"2 minutos\" \/>\n<script type=\"application\/ld+json\" class=\"yoast-schema-graph\">{\"@context\":\"https:\/\/schema.org\",\"@graph\":[{\"@type\":\"WebPage\",\"@id\":\"https:\/\/institucional.ufrrj.br\/nit\/diretoria-de-difusao-da-cultura-de-propriedade-intelectual-e-inovacao\/\",\"url\":\"https:\/\/institucional.ufrrj.br\/nit\/diretoria-de-difusao-da-cultura-de-propriedade-intelectual-e-inovacao\/\",\"name\":\"Divis\u00e3o de Comunica\u00e7\u00e3o e Difus\u00e3o da Cultura de Propriedade Intelectual - Ag\u00eancia de Inova\u00e7\u00e3o da UFRRJ\",\"isPartOf\":{\"@id\":\"https:\/\/institucional.ufrrj.br\/nit\/#website\"},\"datePublished\":\"2020-05-26T22:30:46+00:00\",\"dateModified\":\"2026-01-16T14:40:14+00:00\",\"breadcrumb\":{\"@id\":\"https:\/\/institucional.ufrrj.br\/nit\/diretoria-de-difusao-da-cultura-de-propriedade-intelectual-e-inovacao\/#breadcrumb\"},\"inLanguage\":\"pt-BR\",\"potentialAction\":[{\"@type\":\"ReadAction\",\"target\":[\"https:\/\/institucional.ufrrj.br\/nit\/diretoria-de-difusao-da-cultura-de-propriedade-intelectual-e-inovacao\/\"]}]},{\"@type\":\"BreadcrumbList\",\"@id\":\"https:\/\/institucional.ufrrj.br\/nit\/diretoria-de-difusao-da-cultura-de-propriedade-intelectual-e-inovacao\/#breadcrumb\",\"itemListElement\":[{\"@type\":\"ListItem\",\"position\":1,\"name\":\"In\u00edcio\",\"item\":\"https:\/\/institucional.ufrrj.br\/nit\/\"},{\"@type\":\"ListItem\",\"position\":2,\"name\":\"Divis\u00e3o de Comunica\u00e7\u00e3o e Difus\u00e3o da Cultura de Propriedade Intelectual\"}]},{\"@type\":\"WebSite\",\"@id\":\"https:\/\/institucional.ufrrj.br\/nit\/#website\",\"url\":\"https:\/\/institucional.ufrrj.br\/nit\/\",\"name\":\"Ag\u00eancia de Inova\u00e7\u00e3o UFRRJ\",\"description\":\"UFRRJ\",\"potentialAction\":[{\"@type\":\"SearchAction\",\"target\":{\"@type\":\"EntryPoint\",\"urlTemplate\":\"https:\/\/institucional.ufrrj.br\/nit\/?s={search_term_string}\"},\"query-input\":{\"@type\":\"PropertyValueSpecification\",\"valueRequired\":true,\"valueName\":\"search_term_string\"}}],\"inLanguage\":\"pt-BR\"}]}<\/script>\n<!-- \/ Yoast SEO plugin. -->","yoast_head_json":{"title":"Divis\u00e3o de Comunica\u00e7\u00e3o e Difus\u00e3o da Cultura de Propriedade Intelectual - Ag\u00eancia de Inova\u00e7\u00e3o da UFRRJ","robots":{"index":"index","follow":"follow","max-snippet":"max-snippet:-1","max-image-preview":"max-image-preview:large","max-video-preview":"max-video-preview:-1"},"canonical":"https:\/\/institucional.ufrrj.br\/nit\/diretoria-de-difusao-da-cultura-de-propriedade-intelectual-e-inovacao\/","og_locale":"pt_BR","og_type":"article","og_title":"Divis\u00e3o de Comunica\u00e7\u00e3o e Difus\u00e3o da Cultura de Propriedade Intelectual - Ag\u00eancia de Inova\u00e7\u00e3o da UFRRJ","og_description":"Respons\u00e1veis: \u00a0Dr. Giovane Leal de Souza Silva e Prof\u00aa Patr\u00edcia Leite da Silva. \u00c0 Divis\u00e3o de Comunica\u00e7\u00e3o e Difus\u00e3o da ... leia mais","og_url":"https:\/\/institucional.ufrrj.br\/nit\/diretoria-de-difusao-da-cultura-de-propriedade-intelectual-e-inovacao\/","og_site_name":"Ag\u00eancia de Inova\u00e7\u00e3o da UFRRJ","article_modified_time":"2026-01-16T14:40:14+00:00","twitter_card":"summary_large_image","twitter_misc":{"Est. tempo de leitura":"2 minutos"},"schema":{"@context":"https:\/\/schema.org","@graph":[{"@type":"WebPage","@id":"https:\/\/institucional.ufrrj.br\/nit\/diretoria-de-difusao-da-cultura-de-propriedade-intelectual-e-inovacao\/","url":"https:\/\/institucional.ufrrj.br\/nit\/diretoria-de-difusao-da-cultura-de-propriedade-intelectual-e-inovacao\/","name":"Divis\u00e3o de Comunica\u00e7\u00e3o e Difus\u00e3o da Cultura de Propriedade Intelectual - Ag\u00eancia de Inova\u00e7\u00e3o da UFRRJ","isPartOf":{"@id":"https:\/\/institucional.ufrrj.br\/nit\/#website"},"datePublished":"2020-05-26T22:30:46+00:00","dateModified":"2026-01-16T14:40:14+00:00","breadcrumb":{"@id":"https:\/\/institucional.ufrrj.br\/nit\/diretoria-de-difusao-da-cultura-de-propriedade-intelectual-e-inovacao\/#breadcrumb"},"inLanguage":"pt-BR","potentialAction":[{"@type":"ReadAction","target":["https:\/\/institucional.ufrrj.br\/nit\/diretoria-de-difusao-da-cultura-de-propriedade-intelectual-e-inovacao\/"]}]},{"@type":"BreadcrumbList","@id":"https:\/\/institucional.ufrrj.br\/nit\/diretoria-de-difusao-da-cultura-de-propriedade-intelectual-e-inovacao\/#breadcrumb","itemListElement":[{"@type":"ListItem","position":1,"name":"In\u00edcio","item":"https:\/\/institucional.ufrrj.br\/nit\/"},{"@type":"ListItem","position":2,"name":"Divis\u00e3o de Comunica\u00e7\u00e3o e Difus\u00e3o da Cultura de Propriedade Intelectual"}]},{"@type":"WebSite","@id":"https:\/\/institucional.ufrrj.br\/nit\/#website","url":"https:\/\/institucional.ufrrj.br\/nit\/","name":"Ag\u00eancia de Inova\u00e7\u00e3o UFRRJ","description":"UFRRJ","potentialAction":[{"@type":"SearchAction","target":{"@type":"EntryPoint","urlTemplate":"https:\/\/institucional.ufrrj.br\/nit\/?s={search_term_string}"},"query-input":{"@type":"PropertyValueSpecification","valueRequired":true,"valueName":"search_term_string"}}],"inLanguage":"pt-BR"}]}},"acf":[],"_links":{"self":[{"href":"https:\/\/institucional.ufrrj.br\/nit\/wp-json\/wp\/v2\/pages\/1069","targetHints":{"allow":["GET"]}}],"collection":[{"href":"https:\/\/institucional.ufrrj.br\/nit\/wp-json\/wp\/v2\/pages"}],"about":[{"href":"https:\/\/institucional.ufrrj.br\/nit\/wp-json\/wp\/v2\/types\/page"}],"author":[{"embeddable":true,"href":"https:\/\/institucional.ufrrj.br\/nit\/wp-json\/wp\/v2\/users\/765"}],"replies":[{"embeddable":true,"href":"https:\/\/institucional.ufrrj.br\/nit\/wp-json\/wp\/v2\/comments?post=1069"}],"version-history":[{"count":2,"href":"https:\/\/institucional.ufrrj.br\/nit\/wp-json\/wp\/v2\/pages\/1069\/revisions"}],"predecessor-version":[{"id":4161,"href":"https:\/\/institucional.ufrrj.br\/nit\/wp-json\/wp\/v2\/pages\/1069\/revisions\/4161"}],"wp:attachment":[{"href":"https:\/\/institucional.ufrrj.br\/nit\/wp-json\/wp\/v2\/media?parent=1069"}],"curies":[{"name":"wp","href":"https:\/\/api.w.org\/{rel}","templated":true}]}}