{"id":1067,"date":"2020-05-26T22:30:07","date_gmt":"2020-05-26T22:30:07","guid":{"rendered":"http:\/\/institucional.ufrrj.br\/nit\/?page_id=1067"},"modified":"2026-01-16T11:38:17","modified_gmt":"2026-01-16T14:38:17","slug":"diretoria-de-estudos-de-viabilidade-tecnica-e-economica","status":"publish","type":"page","link":"https:\/\/institucional.ufrrj.br\/nit\/diretoria-de-estudos-de-viabilidade-tecnica-e-economica\/","title":{"rendered":"Divis\u00e3o de Propriedade Intelectual e Transfer\u00eancia de Tecnologia"},"content":{"rendered":"<p><strong>Respons\u00e1veis:<\/strong> Prof. Allan Rocha de Souza, Dra. <span class=\"fontstyle0\">Luciana Ferreira Mattos Colli e Prof. Felipe Braida do Carmo<\/span>.<\/p>\n<p>A Divis\u00e3o de Propriedade Intelectual e Transfer\u00eancia de Tecnologia se dedica a:<\/p>\n<p><span class=\"fontstyle0\">I. <\/span><span class=\"fontstyle2\">induzir e apoiar projetos de desenvolvimento da inova\u00e7\u00e3o, em especial, da inova\u00e7\u00e3o tecnol\u00f3gica;<\/span><\/p>\n<p><span class=\"fontstyle0\">II. <\/span><span class=\"fontstyle2\">desenvolver estudos e estrat\u00e9gias para a transfer\u00eancia de inova\u00e7\u00e3o gerada pela UFRRJ;<\/span><\/p>\n<p><span class=\"fontstyle0\">III. <\/span><span class=\"fontstyle2\">prospectar demandas cient\u00edfico-tecnol\u00f3gicas e encaminhar para os grupos de pesquisadores da UFRRJ que atuam na respectiva \u00e1rea;<\/span><br \/>\n<span class=\"fontstyle0\">IV. <\/span><span class=\"fontstyle2\">negociar e gerir os acordos de transfer\u00eancia de tecnologia oriunda da UFRRJ;<\/span><\/p>\n<p><span class=\"fontstyle0\">V. <\/span><span class=\"fontstyle2\">acompanhar o processamento dos pedidos e a manuten\u00e7\u00e3o dos t\u00edtulos de <\/span><span class=\"fontstyle2\">propriedade intelectual da institui\u00e7\u00e3o;<\/span><\/p>\n<p><span class=\"fontstyle0\">VI. <\/span><span class=\"fontstyle2\">auxiliar os pesquisadores em procedimentos para prote\u00e7\u00e3o junto aos \u00f3rg\u00e3os competentes;<\/span><\/p>\n<p><span class=\"fontstyle0\">VII. <\/span><span class=\"fontstyle2\">auxiliar na identifica\u00e7\u00e3o de consultores t\u00e9cnicos, internos ou externos a <\/span><span class=\"fontstyle2\">UFRRJ, para emitir pareceres e subsidiar a\u00e7\u00f5es da Ag\u00eancia de Inova\u00e7\u00e3o<\/span><\/p>\n<p><span class=\"fontstyle0\">VIII. <\/span><span class=\"fontstyle2\">assessorar e acompanhar o trabalho do Comit\u00ea T\u00e9cnico-cient\u00edfico;<\/span><\/p>\n<p><span class=\"fontstyle0\">IX. <\/span><span class=\"fontstyle2\">assessorar as Unidades de Pesquisa na negocia\u00e7\u00e3o de parcerias e servi\u00e7os de P&amp;D com empresas.<\/span><\/p>\n","protected":false},"excerpt":{"rendered":"<p>Respons\u00e1veis: Prof. Allan Rocha de Souza, Dra. Luciana Ferreira Mattos Colli e Prof. Felipe Braida do Carmo. A Divis\u00e3o de <a class=\"read-more\" href=\"https:\/\/institucional.ufrrj.br\/nit\/diretoria-de-estudos-de-viabilidade-tecnica-e-economica\/ \" >&#8230; <span class=\"font-italic\">leia mais <i class=\"fas fa-angle-right\"><\/i><\/span><\/a><\/p>\n","protected":false},"author":765,"featured_media":0,"parent":0,"menu_order":0,"comment_status":"closed","ping_status":"closed","template":"","meta":{"_acf_changed":false,"footnotes":"","_links_to":"","_links_to_target":""},"class_list":["post-1067","page","type-page","status-publish","hentry"],"yoast_head":"<!-- This site is optimized with the Yoast SEO plugin v27.2 - https:\/\/yoast.com\/product\/yoast-seo-wordpress\/ -->\n<title>Divis\u00e3o de Propriedade Intelectual e Transfer\u00eancia de Tecnologia - Ag\u00eancia de Inova\u00e7\u00e3o da UFRRJ<\/title>\n<meta name=\"robots\" content=\"index, follow, max-snippet:-1, max-image-preview:large, max-video-preview:-1\" \/>\n<link rel=\"canonical\" href=\"https:\/\/institucional.ufrrj.br\/nit\/diretoria-de-estudos-de-viabilidade-tecnica-e-economica\/\" \/>\n<meta property=\"og:locale\" content=\"pt_BR\" \/>\n<meta property=\"og:type\" content=\"article\" \/>\n<meta property=\"og:title\" content=\"Divis\u00e3o de Propriedade Intelectual e Transfer\u00eancia de Tecnologia - Ag\u00eancia de Inova\u00e7\u00e3o da UFRRJ\" \/>\n<meta property=\"og:description\" content=\"Respons\u00e1veis: Prof. Allan Rocha de Souza, Dra. Luciana Ferreira Mattos Colli e Prof. Felipe Braida do Carmo. A Divis\u00e3o de ... leia mais\" \/>\n<meta property=\"og:url\" content=\"https:\/\/institucional.ufrrj.br\/nit\/diretoria-de-estudos-de-viabilidade-tecnica-e-economica\/\" \/>\n<meta property=\"og:site_name\" content=\"Ag\u00eancia de Inova\u00e7\u00e3o da UFRRJ\" \/>\n<meta property=\"article:modified_time\" content=\"2026-01-16T14:38:17+00:00\" \/>\n<meta name=\"twitter:card\" content=\"summary_large_image\" \/>\n<meta name=\"twitter:label1\" content=\"Est. tempo de leitura\" \/>\n\t<meta name=\"twitter:data1\" content=\"1 minuto\" \/>\n<script type=\"application\/ld+json\" class=\"yoast-schema-graph\">{\"@context\":\"https:\/\/schema.org\",\"@graph\":[{\"@type\":\"WebPage\",\"@id\":\"https:\/\/institucional.ufrrj.br\/nit\/diretoria-de-estudos-de-viabilidade-tecnica-e-economica\/\",\"url\":\"https:\/\/institucional.ufrrj.br\/nit\/diretoria-de-estudos-de-viabilidade-tecnica-e-economica\/\",\"name\":\"Divis\u00e3o de Propriedade Intelectual e Transfer\u00eancia de Tecnologia - Ag\u00eancia de Inova\u00e7\u00e3o da UFRRJ\",\"isPartOf\":{\"@id\":\"https:\/\/institucional.ufrrj.br\/nit\/#website\"},\"datePublished\":\"2020-05-26T22:30:07+00:00\",\"dateModified\":\"2026-01-16T14:38:17+00:00\",\"breadcrumb\":{\"@id\":\"https:\/\/institucional.ufrrj.br\/nit\/diretoria-de-estudos-de-viabilidade-tecnica-e-economica\/#breadcrumb\"},\"inLanguage\":\"pt-BR\",\"potentialAction\":[{\"@type\":\"ReadAction\",\"target\":[\"https:\/\/institucional.ufrrj.br\/nit\/diretoria-de-estudos-de-viabilidade-tecnica-e-economica\/\"]}]},{\"@type\":\"BreadcrumbList\",\"@id\":\"https:\/\/institucional.ufrrj.br\/nit\/diretoria-de-estudos-de-viabilidade-tecnica-e-economica\/#breadcrumb\",\"itemListElement\":[{\"@type\":\"ListItem\",\"position\":1,\"name\":\"In\u00edcio\",\"item\":\"https:\/\/institucional.ufrrj.br\/nit\/\"},{\"@type\":\"ListItem\",\"position\":2,\"name\":\"Divis\u00e3o de Propriedade Intelectual e Transfer\u00eancia de Tecnologia\"}]},{\"@type\":\"WebSite\",\"@id\":\"https:\/\/institucional.ufrrj.br\/nit\/#website\",\"url\":\"https:\/\/institucional.ufrrj.br\/nit\/\",\"name\":\"Ag\u00eancia de Inova\u00e7\u00e3o UFRRJ\",\"description\":\"UFRRJ\",\"potentialAction\":[{\"@type\":\"SearchAction\",\"target\":{\"@type\":\"EntryPoint\",\"urlTemplate\":\"https:\/\/institucional.ufrrj.br\/nit\/?s={search_term_string}\"},\"query-input\":{\"@type\":\"PropertyValueSpecification\",\"valueRequired\":true,\"valueName\":\"search_term_string\"}}],\"inLanguage\":\"pt-BR\"}]}<\/script>\n<!-- \/ Yoast SEO plugin. -->","yoast_head_json":{"title":"Divis\u00e3o de Propriedade Intelectual e Transfer\u00eancia de Tecnologia - Ag\u00eancia de Inova\u00e7\u00e3o da UFRRJ","robots":{"index":"index","follow":"follow","max-snippet":"max-snippet:-1","max-image-preview":"max-image-preview:large","max-video-preview":"max-video-preview:-1"},"canonical":"https:\/\/institucional.ufrrj.br\/nit\/diretoria-de-estudos-de-viabilidade-tecnica-e-economica\/","og_locale":"pt_BR","og_type":"article","og_title":"Divis\u00e3o de Propriedade Intelectual e Transfer\u00eancia de Tecnologia - Ag\u00eancia de Inova\u00e7\u00e3o da UFRRJ","og_description":"Respons\u00e1veis: Prof. Allan Rocha de Souza, Dra. Luciana Ferreira Mattos Colli e Prof. Felipe Braida do Carmo. A Divis\u00e3o de ... leia mais","og_url":"https:\/\/institucional.ufrrj.br\/nit\/diretoria-de-estudos-de-viabilidade-tecnica-e-economica\/","og_site_name":"Ag\u00eancia de Inova\u00e7\u00e3o da UFRRJ","article_modified_time":"2026-01-16T14:38:17+00:00","twitter_card":"summary_large_image","twitter_misc":{"Est. tempo de leitura":"1 minuto"},"schema":{"@context":"https:\/\/schema.org","@graph":[{"@type":"WebPage","@id":"https:\/\/institucional.ufrrj.br\/nit\/diretoria-de-estudos-de-viabilidade-tecnica-e-economica\/","url":"https:\/\/institucional.ufrrj.br\/nit\/diretoria-de-estudos-de-viabilidade-tecnica-e-economica\/","name":"Divis\u00e3o de Propriedade Intelectual e Transfer\u00eancia de Tecnologia - Ag\u00eancia de Inova\u00e7\u00e3o da UFRRJ","isPartOf":{"@id":"https:\/\/institucional.ufrrj.br\/nit\/#website"},"datePublished":"2020-05-26T22:30:07+00:00","dateModified":"2026-01-16T14:38:17+00:00","breadcrumb":{"@id":"https:\/\/institucional.ufrrj.br\/nit\/diretoria-de-estudos-de-viabilidade-tecnica-e-economica\/#breadcrumb"},"inLanguage":"pt-BR","potentialAction":[{"@type":"ReadAction","target":["https:\/\/institucional.ufrrj.br\/nit\/diretoria-de-estudos-de-viabilidade-tecnica-e-economica\/"]}]},{"@type":"BreadcrumbList","@id":"https:\/\/institucional.ufrrj.br\/nit\/diretoria-de-estudos-de-viabilidade-tecnica-e-economica\/#breadcrumb","itemListElement":[{"@type":"ListItem","position":1,"name":"In\u00edcio","item":"https:\/\/institucional.ufrrj.br\/nit\/"},{"@type":"ListItem","position":2,"name":"Divis\u00e3o de Propriedade Intelectual e Transfer\u00eancia de Tecnologia"}]},{"@type":"WebSite","@id":"https:\/\/institucional.ufrrj.br\/nit\/#website","url":"https:\/\/institucional.ufrrj.br\/nit\/","name":"Ag\u00eancia de Inova\u00e7\u00e3o UFRRJ","description":"UFRRJ","potentialAction":[{"@type":"SearchAction","target":{"@type":"EntryPoint","urlTemplate":"https:\/\/institucional.ufrrj.br\/nit\/?s={search_term_string}"},"query-input":{"@type":"PropertyValueSpecification","valueRequired":true,"valueName":"search_term_string"}}],"inLanguage":"pt-BR"}]}},"acf":[],"_links":{"self":[{"href":"https:\/\/institucional.ufrrj.br\/nit\/wp-json\/wp\/v2\/pages\/1067","targetHints":{"allow":["GET"]}}],"collection":[{"href":"https:\/\/institucional.ufrrj.br\/nit\/wp-json\/wp\/v2\/pages"}],"about":[{"href":"https:\/\/institucional.ufrrj.br\/nit\/wp-json\/wp\/v2\/types\/page"}],"author":[{"embeddable":true,"href":"https:\/\/institucional.ufrrj.br\/nit\/wp-json\/wp\/v2\/users\/765"}],"replies":[{"embeddable":true,"href":"https:\/\/institucional.ufrrj.br\/nit\/wp-json\/wp\/v2\/comments?post=1067"}],"version-history":[{"count":1,"href":"https:\/\/institucional.ufrrj.br\/nit\/wp-json\/wp\/v2\/pages\/1067\/revisions"}],"predecessor-version":[{"id":4159,"href":"https:\/\/institucional.ufrrj.br\/nit\/wp-json\/wp\/v2\/pages\/1067\/revisions\/4159"}],"wp:attachment":[{"href":"https:\/\/institucional.ufrrj.br\/nit\/wp-json\/wp\/v2\/media?parent=1067"}],"curies":[{"name":"wp","href":"https:\/\/api.w.org\/{rel}","templated":true}]}}