{"id":1065,"date":"2020-05-26T22:29:41","date_gmt":"2020-05-26T22:29:41","guid":{"rendered":"http:\/\/institucional.ufrrj.br\/nit\/?page_id=1065"},"modified":"2026-03-06T09:46:12","modified_gmt":"2026-03-06T12:46:12","slug":"diretoria-de-empreendedorismo-e-ambientes-de-inovacao__trashed","status":"publish","type":"page","link":"https:\/\/institucional.ufrrj.br\/nit\/diretoria-de-empreendedorismo-e-ambientes-de-inovacao__trashed\/","title":{"rendered":"Divis\u00e3o de Empreendedorismo e Ambientes de Inova\u00e7\u00e3o"},"content":{"rendered":"<p><strong>Respons\u00e1veis: <\/strong>Prof.\u00aa Alessandra Cassol, Prof.\u00aa Denise Carvalho Takenaka e Prof.\u00aa Julianne Alvim Milward de Azevedo.<\/p>\n<p>\u00c0 Divis\u00e3o de Empreendedorismo e Ambientes de Inova\u00e7\u00e3o compete:<\/p>\n<p><span class=\"fontstyle0\">I. <\/span><span class=\"fontstyle2\">promover o fortalecimento da cultura empreendedora e de inova\u00e7\u00e3o nos diferentes n\u00edveis de ensino, pesquisa e extens\u00e3o de forma transversal e integradora, em prol do desenvolvimento local, regional e nacional; <\/span><\/p>\n<p><span class=\"fontstyle0\">II. <\/span><span class=\"fontstyle2\">fomentar e articular atividades relacionadas com a incuba\u00e7\u00e3o de empresas na UFRRJ e em interface com atores externos cuja interlocu\u00e7\u00e3o se apresenta \u00e0 Universidade;<\/span><\/p>\n<p><span class=\"fontstyle0\">III. <\/span><span class=\"fontstyle2\">fomentar e articular atividades relacionadas com parques tecnol\u00f3gicos e centros de inova\u00e7\u00e3o na UFRRJ e em interface com atores externos cuja interlocu\u00e7\u00e3o se apresenta \u00e0 Universidade;<\/span><\/p>\n<p><span class=\"fontstyle0\">IV. <\/span><span class=\"fontstyle2\">promover a institui\u00e7\u00e3o de novos ambientes inovadores estimulando a transfer\u00eancia das tecnologias desenvolvidas;<\/span><\/p>\n<p><span class=\"fontstyle0\">V. <\/span><span class=\"fontstyle2\">desenvolver e manter um sistema de informa\u00e7\u00e3o sobre o ambiente de empreendedorismo e inova\u00e7\u00e3o e oportunidades locais, regionais e nacionais; <\/span><\/p>\n<p><span class=\"fontstyle0\">VI. <\/span><span class=\"fontstyle2\">favorecer o aprimoramento de recursos humanos, contribuindo para a forma\u00e7\u00e3o empreendedora e de inova\u00e7\u00e3o, assim como para a gera\u00e7\u00e3o de renda, nos locais de atua\u00e7\u00e3o da UFRRJ;<\/span><\/p>\n<p><span class=\"fontstyle0\">VII. <\/span><span class=\"fontstyle2\">supervisionar conv\u00eanios e contratos firmados entre a UFRRJ e empresas e incubadoras, parques tecnol\u00f3gicos e demais institui\u00e7\u00f5es de ambientes de inova\u00e7\u00e3o;<\/span><\/p>\n<p><span class=\"fontstyle0\">VIII. <\/span><span class=\"fontstyle2\">apoiar as atividades das Entidades Estudantis, como as Empresas <\/span><span class=\"fontstyle2\">Juniores e Enactus, da UFRRJ no \u00e2mbito da cultura empreendedora e de inova\u00e7\u00e3o;<\/span><\/p>\n<p><span class=\"fontstyle0\">IX. <\/span><span class=\"fontstyle2\">apoiar o surgimento de novas empresas, especialmente empresas de base tecnol\u00f3gica, com potencial de inova\u00e7\u00e3o.<\/span><\/p>\n","protected":false},"excerpt":{"rendered":"<p>Respons\u00e1veis: Prof.\u00aa Alessandra Cassol, Prof.\u00aa Denise Carvalho Takenaka e Prof.\u00aa Julianne Alvim Milward de Azevedo. \u00c0 Divis\u00e3o de Empreendedorismo e <a class=\"read-more\" href=\"https:\/\/institucional.ufrrj.br\/nit\/diretoria-de-empreendedorismo-e-ambientes-de-inovacao__trashed\/ \" >&#8230; <span class=\"font-italic\">leia mais <i class=\"fas fa-angle-right\"><\/i><\/span><\/a><\/p>\n","protected":false},"author":765,"featured_media":0,"parent":0,"menu_order":0,"comment_status":"closed","ping_status":"closed","template":"","meta":{"_acf_changed":false,"footnotes":"","_links_to":"","_links_to_target":""},"class_list":["post-1065","page","type-page","status-publish","hentry"],"yoast_head":"<!-- This site is optimized with the Yoast SEO plugin v27.2 - https:\/\/yoast.com\/product\/yoast-seo-wordpress\/ -->\n<title>Divis\u00e3o de Empreendedorismo e Ambientes de Inova\u00e7\u00e3o - Ag\u00eancia de Inova\u00e7\u00e3o da UFRRJ<\/title>\n<meta name=\"robots\" content=\"index, follow, max-snippet:-1, max-image-preview:large, max-video-preview:-1\" \/>\n<link rel=\"canonical\" href=\"https:\/\/institucional.ufrrj.br\/nit\/diretoria-de-empreendedorismo-e-ambientes-de-inovacao__trashed\/\" \/>\n<meta property=\"og:locale\" content=\"pt_BR\" \/>\n<meta property=\"og:type\" content=\"article\" \/>\n<meta property=\"og:title\" content=\"Divis\u00e3o de Empreendedorismo e Ambientes de Inova\u00e7\u00e3o - Ag\u00eancia de Inova\u00e7\u00e3o da UFRRJ\" \/>\n<meta property=\"og:description\" content=\"Respons\u00e1veis: Prof.\u00aa Alessandra Cassol, Prof.\u00aa Denise Carvalho Takenaka e Prof.\u00aa Julianne Alvim Milward de Azevedo. \u00c0 Divis\u00e3o de Empreendedorismo e ... leia mais\" \/>\n<meta property=\"og:url\" content=\"https:\/\/institucional.ufrrj.br\/nit\/diretoria-de-empreendedorismo-e-ambientes-de-inovacao__trashed\/\" \/>\n<meta property=\"og:site_name\" content=\"Ag\u00eancia de Inova\u00e7\u00e3o da UFRRJ\" \/>\n<meta property=\"article:modified_time\" content=\"2026-03-06T12:46:12+00:00\" \/>\n<meta name=\"twitter:card\" content=\"summary_large_image\" \/>\n<meta name=\"twitter:label1\" content=\"Est. tempo de leitura\" \/>\n\t<meta name=\"twitter:data1\" content=\"2 minutos\" \/>\n<script type=\"application\/ld+json\" class=\"yoast-schema-graph\">{\"@context\":\"https:\/\/schema.org\",\"@graph\":[{\"@type\":\"WebPage\",\"@id\":\"https:\/\/institucional.ufrrj.br\/nit\/diretoria-de-empreendedorismo-e-ambientes-de-inovacao__trashed\/\",\"url\":\"https:\/\/institucional.ufrrj.br\/nit\/diretoria-de-empreendedorismo-e-ambientes-de-inovacao__trashed\/\",\"name\":\"Divis\u00e3o de Empreendedorismo e Ambientes de Inova\u00e7\u00e3o - Ag\u00eancia de Inova\u00e7\u00e3o da UFRRJ\",\"isPartOf\":{\"@id\":\"https:\/\/institucional.ufrrj.br\/nit\/#website\"},\"datePublished\":\"2020-05-26T22:29:41+00:00\",\"dateModified\":\"2026-03-06T12:46:12+00:00\",\"breadcrumb\":{\"@id\":\"https:\/\/institucional.ufrrj.br\/nit\/diretoria-de-empreendedorismo-e-ambientes-de-inovacao__trashed\/#breadcrumb\"},\"inLanguage\":\"pt-BR\",\"potentialAction\":[{\"@type\":\"ReadAction\",\"target\":[\"https:\/\/institucional.ufrrj.br\/nit\/diretoria-de-empreendedorismo-e-ambientes-de-inovacao__trashed\/\"]}]},{\"@type\":\"BreadcrumbList\",\"@id\":\"https:\/\/institucional.ufrrj.br\/nit\/diretoria-de-empreendedorismo-e-ambientes-de-inovacao__trashed\/#breadcrumb\",\"itemListElement\":[{\"@type\":\"ListItem\",\"position\":1,\"name\":\"In\u00edcio\",\"item\":\"https:\/\/institucional.ufrrj.br\/nit\/\"},{\"@type\":\"ListItem\",\"position\":2,\"name\":\"Divis\u00e3o de Empreendedorismo e Ambientes de Inova\u00e7\u00e3o\"}]},{\"@type\":\"WebSite\",\"@id\":\"https:\/\/institucional.ufrrj.br\/nit\/#website\",\"url\":\"https:\/\/institucional.ufrrj.br\/nit\/\",\"name\":\"Ag\u00eancia de Inova\u00e7\u00e3o UFRRJ\",\"description\":\"UFRRJ\",\"potentialAction\":[{\"@type\":\"SearchAction\",\"target\":{\"@type\":\"EntryPoint\",\"urlTemplate\":\"https:\/\/institucional.ufrrj.br\/nit\/?s={search_term_string}\"},\"query-input\":{\"@type\":\"PropertyValueSpecification\",\"valueRequired\":true,\"valueName\":\"search_term_string\"}}],\"inLanguage\":\"pt-BR\"}]}<\/script>\n<!-- \/ Yoast SEO plugin. -->","yoast_head_json":{"title":"Divis\u00e3o de Empreendedorismo e Ambientes de Inova\u00e7\u00e3o - Ag\u00eancia de Inova\u00e7\u00e3o da UFRRJ","robots":{"index":"index","follow":"follow","max-snippet":"max-snippet:-1","max-image-preview":"max-image-preview:large","max-video-preview":"max-video-preview:-1"},"canonical":"https:\/\/institucional.ufrrj.br\/nit\/diretoria-de-empreendedorismo-e-ambientes-de-inovacao__trashed\/","og_locale":"pt_BR","og_type":"article","og_title":"Divis\u00e3o de Empreendedorismo e Ambientes de Inova\u00e7\u00e3o - Ag\u00eancia de Inova\u00e7\u00e3o da UFRRJ","og_description":"Respons\u00e1veis: Prof.\u00aa Alessandra Cassol, Prof.\u00aa Denise Carvalho Takenaka e Prof.\u00aa Julianne Alvim Milward de Azevedo. \u00c0 Divis\u00e3o de Empreendedorismo e ... leia mais","og_url":"https:\/\/institucional.ufrrj.br\/nit\/diretoria-de-empreendedorismo-e-ambientes-de-inovacao__trashed\/","og_site_name":"Ag\u00eancia de Inova\u00e7\u00e3o da UFRRJ","article_modified_time":"2026-03-06T12:46:12+00:00","twitter_card":"summary_large_image","twitter_misc":{"Est. tempo de leitura":"2 minutos"},"schema":{"@context":"https:\/\/schema.org","@graph":[{"@type":"WebPage","@id":"https:\/\/institucional.ufrrj.br\/nit\/diretoria-de-empreendedorismo-e-ambientes-de-inovacao__trashed\/","url":"https:\/\/institucional.ufrrj.br\/nit\/diretoria-de-empreendedorismo-e-ambientes-de-inovacao__trashed\/","name":"Divis\u00e3o de Empreendedorismo e Ambientes de Inova\u00e7\u00e3o - Ag\u00eancia de Inova\u00e7\u00e3o da UFRRJ","isPartOf":{"@id":"https:\/\/institucional.ufrrj.br\/nit\/#website"},"datePublished":"2020-05-26T22:29:41+00:00","dateModified":"2026-03-06T12:46:12+00:00","breadcrumb":{"@id":"https:\/\/institucional.ufrrj.br\/nit\/diretoria-de-empreendedorismo-e-ambientes-de-inovacao__trashed\/#breadcrumb"},"inLanguage":"pt-BR","potentialAction":[{"@type":"ReadAction","target":["https:\/\/institucional.ufrrj.br\/nit\/diretoria-de-empreendedorismo-e-ambientes-de-inovacao__trashed\/"]}]},{"@type":"BreadcrumbList","@id":"https:\/\/institucional.ufrrj.br\/nit\/diretoria-de-empreendedorismo-e-ambientes-de-inovacao__trashed\/#breadcrumb","itemListElement":[{"@type":"ListItem","position":1,"name":"In\u00edcio","item":"https:\/\/institucional.ufrrj.br\/nit\/"},{"@type":"ListItem","position":2,"name":"Divis\u00e3o de Empreendedorismo e Ambientes de Inova\u00e7\u00e3o"}]},{"@type":"WebSite","@id":"https:\/\/institucional.ufrrj.br\/nit\/#website","url":"https:\/\/institucional.ufrrj.br\/nit\/","name":"Ag\u00eancia de Inova\u00e7\u00e3o UFRRJ","description":"UFRRJ","potentialAction":[{"@type":"SearchAction","target":{"@type":"EntryPoint","urlTemplate":"https:\/\/institucional.ufrrj.br\/nit\/?s={search_term_string}"},"query-input":{"@type":"PropertyValueSpecification","valueRequired":true,"valueName":"search_term_string"}}],"inLanguage":"pt-BR"}]}},"acf":[],"_links":{"self":[{"href":"https:\/\/institucional.ufrrj.br\/nit\/wp-json\/wp\/v2\/pages\/1065","targetHints":{"allow":["GET"]}}],"collection":[{"href":"https:\/\/institucional.ufrrj.br\/nit\/wp-json\/wp\/v2\/pages"}],"about":[{"href":"https:\/\/institucional.ufrrj.br\/nit\/wp-json\/wp\/v2\/types\/page"}],"author":[{"embeddable":true,"href":"https:\/\/institucional.ufrrj.br\/nit\/wp-json\/wp\/v2\/users\/765"}],"replies":[{"embeddable":true,"href":"https:\/\/institucional.ufrrj.br\/nit\/wp-json\/wp\/v2\/comments?post=1065"}],"version-history":[{"count":2,"href":"https:\/\/institucional.ufrrj.br\/nit\/wp-json\/wp\/v2\/pages\/1065\/revisions"}],"predecessor-version":[{"id":4197,"href":"https:\/\/institucional.ufrrj.br\/nit\/wp-json\/wp\/v2\/pages\/1065\/revisions\/4197"}],"wp:attachment":[{"href":"https:\/\/institucional.ufrrj.br\/nit\/wp-json\/wp\/v2\/media?parent=1065"}],"curies":[{"name":"wp","href":"https:\/\/api.w.org\/{rel}","templated":true}]}}