{"id":1063,"date":"2020-05-26T22:16:00","date_gmt":"2020-05-26T22:16:00","guid":{"rendered":"http:\/\/institucional.ufrrj.br\/nit\/?page_id=1063"},"modified":"2024-04-24T14:55:46","modified_gmt":"2024-04-24T14:55:46","slug":"diretoria-de-propriedade-intelectual-e-transferencia-de-tecnologia","status":"publish","type":"page","link":"https:\/\/institucional.ufrrj.br\/nit\/diretoria-de-propriedade-intelectual-e-transferencia-de-tecnologia\/","title":{"rendered":"Divis\u00e3o de Estudos de Viabilidade T\u00e9cnica e Econ\u00f4mica"},"content":{"rendered":"<p><strong>Respons\u00e1veis:<\/strong> Prof.\u00aa <span class=\"fontstyle0\">Eliane Pereira Cipolatti e <\/span>Prof. Evandro Correia da Silva<\/p>\n<p>\u00c0 Divis\u00e3o de Estudos de Viabilidade T\u00e9cnica e Econ\u00f4mica compete:<\/p>\n<p><span class=\"fontstyle0\">I. <\/span><span class=\"fontstyle2\">elaborar notas t\u00e9cnicas sobre temas espec\u00edficos relacionados \u00e0 <\/span><span class=\"fontstyle2\">viabilidade t\u00e9cnica e econ\u00f4mica dos pedidos de Propriedade Intelectual\u00a0<\/span><span class=\"fontstyle2\">recebidos pela Ag\u00eancia; utilizar o mapeamento das Unidades de Pesquisa <\/span><span class=\"fontstyle2\">com potencial de inova\u00e7\u00e3o, organizando-as sob a \u00f3tica do mercado;<\/span><\/p>\n<p><span class=\"fontstyle0\">II. <\/span><span class=\"fontstyle2\">mapear o mercado atrav\u00e9s de participa\u00e7\u00e3o em eventos e editais a fim de oferecer tecnologias e compet\u00eancias das Unidades de Pesquisa para o setor produtivo;<\/span><\/p>\n<p><span class=\"fontstyle0\">III. <\/span><span class=\"fontstyle2\">orientar os grupos de pesquisa acerca das demandas e desafios tecnol\u00f3gicos das empresas, criando oportunidades para realiza\u00e7\u00e3o de P&amp;D em parceria ou servi\u00e7os tecnol\u00f3gicos;<\/span><\/p>\n<p><span class=\"fontstyle0\">IV. <\/span><span class=\"fontstyle2\">analisar o potencial de gera\u00e7\u00e3o de valor das novas tecnologias geradas nas Unidades de Pesquisa relacionando-as com as demandas de mercado e oportunidades de neg\u00f3cios;<\/span><\/p>\n<p><span class=\"fontstyle0\">V. <\/span><span class=\"fontstyle2\">assistir \u00e0s Unidades de Pesquisa em estudos de viabilidade t\u00e9cnica e econ\u00f4mica de tecnologias com potencial inovador para o desenvolvimento de novos produtos e servi\u00e7os com empresas;<\/span><\/p>\n<p><span class=\"fontstyle0\">VI. <\/span><span class=\"fontstyle2\">auxiliar o inventor independente, que comprove dep\u00f3sito de pedido de patente, na solicita\u00e7\u00e3o e ado\u00e7\u00e3o de sua cria\u00e7\u00e3o pela UFRRJ, visando \u00e0 elabora\u00e7\u00e3o de projeto objetivando avalia\u00e7\u00e3o para futuro desenvolvimento, incuba\u00e7\u00e3o, utiliza\u00e7\u00e3o e industrializa\u00e7\u00e3o pelo setor produtivo.<\/span><\/p>\n","protected":false},"excerpt":{"rendered":"<p>Respons\u00e1veis: Prof.\u00aa Eliane Pereira Cipolatti e Prof. Evandro Correia da Silva \u00c0 Divis\u00e3o de Estudos de Viabilidade T\u00e9cnica e Econ\u00f4mica <a class=\"read-more\" href=\"https:\/\/institucional.ufrrj.br\/nit\/diretoria-de-propriedade-intelectual-e-transferencia-de-tecnologia\/ \" >&#8230; <span class=\"font-italic\">leia mais <i class=\"fas fa-angle-right\"><\/i><\/span><\/a><\/p>\n","protected":false},"author":765,"featured_media":0,"parent":0,"menu_order":0,"comment_status":"closed","ping_status":"closed","template":"","meta":{"_acf_changed":false,"footnotes":"","_links_to":"","_links_to_target":""},"class_list":["post-1063","page","type-page","status-publish","hentry"],"yoast_head":"<!-- This site is optimized with the Yoast SEO plugin v27.2 - https:\/\/yoast.com\/product\/yoast-seo-wordpress\/ -->\n<title>Divis\u00e3o de Estudos de Viabilidade T\u00e9cnica e Econ\u00f4mica - Ag\u00eancia de Inova\u00e7\u00e3o da UFRRJ<\/title>\n<meta name=\"robots\" content=\"index, follow, max-snippet:-1, max-image-preview:large, max-video-preview:-1\" \/>\n<link rel=\"canonical\" href=\"https:\/\/institucional.ufrrj.br\/nit\/diretoria-de-propriedade-intelectual-e-transferencia-de-tecnologia\/\" \/>\n<meta property=\"og:locale\" content=\"pt_BR\" \/>\n<meta property=\"og:type\" content=\"article\" \/>\n<meta property=\"og:title\" content=\"Divis\u00e3o de Estudos de Viabilidade T\u00e9cnica e Econ\u00f4mica - Ag\u00eancia de Inova\u00e7\u00e3o da UFRRJ\" \/>\n<meta property=\"og:description\" content=\"Respons\u00e1veis: Prof.\u00aa Eliane Pereira Cipolatti e Prof. Evandro Correia da Silva \u00c0 Divis\u00e3o de Estudos de Viabilidade T\u00e9cnica e Econ\u00f4mica ... leia mais\" \/>\n<meta property=\"og:url\" content=\"https:\/\/institucional.ufrrj.br\/nit\/diretoria-de-propriedade-intelectual-e-transferencia-de-tecnologia\/\" \/>\n<meta property=\"og:site_name\" content=\"Ag\u00eancia de Inova\u00e7\u00e3o da UFRRJ\" \/>\n<meta property=\"article:modified_time\" content=\"2024-04-24T14:55:46+00:00\" \/>\n<meta name=\"twitter:card\" content=\"summary_large_image\" \/>\n<meta name=\"twitter:label1\" content=\"Est. tempo de leitura\" \/>\n\t<meta name=\"twitter:data1\" content=\"1 minuto\" \/>\n<script type=\"application\/ld+json\" class=\"yoast-schema-graph\">{\"@context\":\"https:\/\/schema.org\",\"@graph\":[{\"@type\":\"WebPage\",\"@id\":\"https:\/\/institucional.ufrrj.br\/nit\/diretoria-de-propriedade-intelectual-e-transferencia-de-tecnologia\/\",\"url\":\"https:\/\/institucional.ufrrj.br\/nit\/diretoria-de-propriedade-intelectual-e-transferencia-de-tecnologia\/\",\"name\":\"Divis\u00e3o de Estudos de Viabilidade T\u00e9cnica e Econ\u00f4mica - Ag\u00eancia de Inova\u00e7\u00e3o da UFRRJ\",\"isPartOf\":{\"@id\":\"https:\/\/institucional.ufrrj.br\/nit\/#website\"},\"datePublished\":\"2020-05-26T22:16:00+00:00\",\"dateModified\":\"2024-04-24T14:55:46+00:00\",\"breadcrumb\":{\"@id\":\"https:\/\/institucional.ufrrj.br\/nit\/diretoria-de-propriedade-intelectual-e-transferencia-de-tecnologia\/#breadcrumb\"},\"inLanguage\":\"pt-BR\",\"potentialAction\":[{\"@type\":\"ReadAction\",\"target\":[\"https:\/\/institucional.ufrrj.br\/nit\/diretoria-de-propriedade-intelectual-e-transferencia-de-tecnologia\/\"]}]},{\"@type\":\"BreadcrumbList\",\"@id\":\"https:\/\/institucional.ufrrj.br\/nit\/diretoria-de-propriedade-intelectual-e-transferencia-de-tecnologia\/#breadcrumb\",\"itemListElement\":[{\"@type\":\"ListItem\",\"position\":1,\"name\":\"In\u00edcio\",\"item\":\"https:\/\/institucional.ufrrj.br\/nit\/\"},{\"@type\":\"ListItem\",\"position\":2,\"name\":\"Divis\u00e3o de Estudos de Viabilidade T\u00e9cnica e Econ\u00f4mica\"}]},{\"@type\":\"WebSite\",\"@id\":\"https:\/\/institucional.ufrrj.br\/nit\/#website\",\"url\":\"https:\/\/institucional.ufrrj.br\/nit\/\",\"name\":\"Ag\u00eancia de Inova\u00e7\u00e3o UFRRJ\",\"description\":\"UFRRJ\",\"potentialAction\":[{\"@type\":\"SearchAction\",\"target\":{\"@type\":\"EntryPoint\",\"urlTemplate\":\"https:\/\/institucional.ufrrj.br\/nit\/?s={search_term_string}\"},\"query-input\":{\"@type\":\"PropertyValueSpecification\",\"valueRequired\":true,\"valueName\":\"search_term_string\"}}],\"inLanguage\":\"pt-BR\"}]}<\/script>\n<!-- \/ Yoast SEO plugin. -->","yoast_head_json":{"title":"Divis\u00e3o de Estudos de Viabilidade T\u00e9cnica e Econ\u00f4mica - Ag\u00eancia de Inova\u00e7\u00e3o da UFRRJ","robots":{"index":"index","follow":"follow","max-snippet":"max-snippet:-1","max-image-preview":"max-image-preview:large","max-video-preview":"max-video-preview:-1"},"canonical":"https:\/\/institucional.ufrrj.br\/nit\/diretoria-de-propriedade-intelectual-e-transferencia-de-tecnologia\/","og_locale":"pt_BR","og_type":"article","og_title":"Divis\u00e3o de Estudos de Viabilidade T\u00e9cnica e Econ\u00f4mica - Ag\u00eancia de Inova\u00e7\u00e3o da UFRRJ","og_description":"Respons\u00e1veis: Prof.\u00aa Eliane Pereira Cipolatti e Prof. Evandro Correia da Silva \u00c0 Divis\u00e3o de Estudos de Viabilidade T\u00e9cnica e Econ\u00f4mica ... leia mais","og_url":"https:\/\/institucional.ufrrj.br\/nit\/diretoria-de-propriedade-intelectual-e-transferencia-de-tecnologia\/","og_site_name":"Ag\u00eancia de Inova\u00e7\u00e3o da UFRRJ","article_modified_time":"2024-04-24T14:55:46+00:00","twitter_card":"summary_large_image","twitter_misc":{"Est. tempo de leitura":"1 minuto"},"schema":{"@context":"https:\/\/schema.org","@graph":[{"@type":"WebPage","@id":"https:\/\/institucional.ufrrj.br\/nit\/diretoria-de-propriedade-intelectual-e-transferencia-de-tecnologia\/","url":"https:\/\/institucional.ufrrj.br\/nit\/diretoria-de-propriedade-intelectual-e-transferencia-de-tecnologia\/","name":"Divis\u00e3o de Estudos de Viabilidade T\u00e9cnica e Econ\u00f4mica - Ag\u00eancia de Inova\u00e7\u00e3o da UFRRJ","isPartOf":{"@id":"https:\/\/institucional.ufrrj.br\/nit\/#website"},"datePublished":"2020-05-26T22:16:00+00:00","dateModified":"2024-04-24T14:55:46+00:00","breadcrumb":{"@id":"https:\/\/institucional.ufrrj.br\/nit\/diretoria-de-propriedade-intelectual-e-transferencia-de-tecnologia\/#breadcrumb"},"inLanguage":"pt-BR","potentialAction":[{"@type":"ReadAction","target":["https:\/\/institucional.ufrrj.br\/nit\/diretoria-de-propriedade-intelectual-e-transferencia-de-tecnologia\/"]}]},{"@type":"BreadcrumbList","@id":"https:\/\/institucional.ufrrj.br\/nit\/diretoria-de-propriedade-intelectual-e-transferencia-de-tecnologia\/#breadcrumb","itemListElement":[{"@type":"ListItem","position":1,"name":"In\u00edcio","item":"https:\/\/institucional.ufrrj.br\/nit\/"},{"@type":"ListItem","position":2,"name":"Divis\u00e3o de Estudos de Viabilidade T\u00e9cnica e Econ\u00f4mica"}]},{"@type":"WebSite","@id":"https:\/\/institucional.ufrrj.br\/nit\/#website","url":"https:\/\/institucional.ufrrj.br\/nit\/","name":"Ag\u00eancia de Inova\u00e7\u00e3o UFRRJ","description":"UFRRJ","potentialAction":[{"@type":"SearchAction","target":{"@type":"EntryPoint","urlTemplate":"https:\/\/institucional.ufrrj.br\/nit\/?s={search_term_string}"},"query-input":{"@type":"PropertyValueSpecification","valueRequired":true,"valueName":"search_term_string"}}],"inLanguage":"pt-BR"}]}},"acf":[],"_links":{"self":[{"href":"https:\/\/institucional.ufrrj.br\/nit\/wp-json\/wp\/v2\/pages\/1063","targetHints":{"allow":["GET"]}}],"collection":[{"href":"https:\/\/institucional.ufrrj.br\/nit\/wp-json\/wp\/v2\/pages"}],"about":[{"href":"https:\/\/institucional.ufrrj.br\/nit\/wp-json\/wp\/v2\/types\/page"}],"author":[{"embeddable":true,"href":"https:\/\/institucional.ufrrj.br\/nit\/wp-json\/wp\/v2\/users\/765"}],"replies":[{"embeddable":true,"href":"https:\/\/institucional.ufrrj.br\/nit\/wp-json\/wp\/v2\/comments?post=1063"}],"version-history":[{"count":9,"href":"https:\/\/institucional.ufrrj.br\/nit\/wp-json\/wp\/v2\/pages\/1063\/revisions"}],"predecessor-version":[{"id":2300,"href":"https:\/\/institucional.ufrrj.br\/nit\/wp-json\/wp\/v2\/pages\/1063\/revisions\/2300"}],"wp:attachment":[{"href":"https:\/\/institucional.ufrrj.br\/nit\/wp-json\/wp\/v2\/media?parent=1063"}],"curies":[{"name":"wp","href":"https:\/\/api.w.org\/{rel}","templated":true}]}}