{"id":1061,"date":"2023-11-13T12:05:41","date_gmt":"2023-11-13T12:05:41","guid":{"rendered":"http:\/\/institucional.ufrrj.br\/nit\/?page_id=1061"},"modified":"2024-04-24T14:47:11","modified_gmt":"2024-04-24T14:47:11","slug":"direcao-geral","status":"publish","type":"page","link":"https:\/\/institucional.ufrrj.br\/nit\/direcao-geral\/","title":{"rendered":"Diretoria Executiva"},"content":{"rendered":"<p><strong>Diretora:<\/strong> Prof\u00aa. Patr\u00edcia Silva G\u00f4lo<\/p>\n<p><strong>Vice-diretor:<\/strong> Prof. Lu\u00eds Am\u00e9rico Cal\u00e7ada<\/p>\n<p><span style=\"font-weight: 400\">A Diretoria Executiva \u00e9 o \u00f3rg\u00e3o respons\u00e1vel por planejar, coordenar e implementar todas as atividades da Ag\u00eancia de Inova\u00e7\u00e3o da UFRRJ.<\/span><\/p>\n<p>Compete \u00e0 Diretoria Executiva:<\/p>\n<p><span class=\"fontstyle0\">I. <\/span><span class=\"fontstyle2\">propor diretrizes e a pol\u00edtica geral de propriedade intelectual, transfer\u00eancia <\/span><span class=\"fontstyle2\">de tecnologia, empreendedorismo e inova\u00e7\u00e3o da UFRRJ;<\/span><\/p>\n<p>II. coordenar a gest\u00e3o da Pol\u00edtica de Inova\u00e7\u00e3o da UFRRJ;<\/p>\n<p>III. definir as estrat\u00e9gias de atua\u00e7\u00e3o da Ag\u00eancia;<\/p>\n<p>IV. Indicar os membros das divis\u00f5es e do Comit\u00ea T\u00e9cnico-Cient\u00edfico;<\/p>\n<p><span class=\"fontstyle0\">V. <\/span><span class=\"fontstyle2\">promover a integra\u00e7\u00e3o das inst\u00e2ncias internas da Ag\u00eancia com os <\/span><span class=\"fontstyle2\">demais \u00f3rg\u00e3os da UFRRJ;<\/span><\/p>\n<p><span class=\"fontstyle0\" style=\"font-size: revert;color: initial\">VI. coordenar as a\u00e7\u00f5es da Ag\u00eancia, observando as diretrizes tra\u00e7adas pela PROPPG responsabilizando-se pelas a\u00e7\u00f5es executivas no \u00e2mbito da UFRRJ e externamente, com os demais \u00f3rg\u00e3os e setores da sociedade;<\/span><\/p>\n<p><span class=\"fontstyle0\" style=\"font-size: revert;color: initial\">VII. elaborar, executar e acompanhar a execu\u00e7\u00e3o de:<\/span><\/p>\n<p><span class=\"fontstyle0\" style=\"font-size: revert;color: initial\">a. <\/span><span class=\"fontstyle2\" style=\"font-size: revert;color: initial\">Planejamento estrat\u00e9gico;<br \/>\n<\/span><span class=\"fontstyle0\">b. <\/span><span class=\"fontstyle2\">Proposta Or\u00e7ament\u00e1ria;<br \/>\n<\/span><span class=\"fontstyle0\">c. <\/span><span class=\"fontstyle2\">Plano de A\u00e7\u00e3o;<br \/>\n<\/span><span class=\"fontstyle0\">d. <\/span><span class=\"fontstyle2\">Relat\u00f3rio de Atividades;<\/span><\/p>\n<p><span class=\"fontstyle0\">VIII. <\/span><span class=\"fontstyle2\">representar a Ag\u00eancia de Inova\u00e7\u00e3o no \u00e2mbito da sua compet\u00eancia e junto aos \u00d3rg\u00e3os Superiores da UFRRJ e em eventos externos de inova\u00e7\u00e3o e empreendedorismo;<\/span><\/p>\n<p><span class=\"fontstyle0\">IX. <\/span><span class=\"fontstyle2\">coordenar as atividades de bolsistas, estagi\u00e1rios e servidores lotados na Ag\u00eancia de Inova\u00e7\u00e3o;<\/span><\/p>\n<p><span class=\"fontstyle0\">X. <\/span><span class=\"fontstyle2\">apoiar o Comit\u00ea T\u00e9cnico Cient\u00edfico e as Divis\u00f5es da Ag\u00eancia em suas atividades junto \u00e0 Ag\u00eancia;<\/span><\/p>\n<p><span class=\"fontstyle0\">XI. <\/span><span class=\"fontstyle2\">Apresentar o relat\u00f3rio de atividades anual da Ag\u00eancia de Inova\u00e7\u00e3o ao Conselho Superior e convoc\u00e1-lo sempre que necess\u00e1rio;<\/span><\/p>\n<p><span class=\"fontstyle0\">XII. <\/span><span class=\"fontstyle2\">convidar consultores <\/span><span class=\"fontstyle3\">ad hoc <\/span><span class=\"fontstyle2\">para emitir parecer sobre a viabilidade t\u00e9cnica e econ\u00f4mica dos pedidos de prote\u00e7\u00e3o por direitos de propriedade intelectual;<\/span><\/p>\n<p><span class=\"fontstyle0\">XIII. <\/span><span class=\"fontstyle2\">cumprir e fazer cumprir as disposi\u00e7\u00f5es deste Regimento, adotando as provid\u00eancias necess\u00e1rias para este fim;<\/span><\/p>\n<p><span class=\"fontstyle0\">XIV. <\/span><span class=\"fontstyle2\">executar todas as demais fun\u00e7\u00f5es e atribui\u00e7\u00f5es inerentes \u00e0s atividades desta Diretoria.<\/span><\/p>\n","protected":false},"excerpt":{"rendered":"<p>Diretora: Prof\u00aa. Patr\u00edcia Silva G\u00f4lo Vice-diretor: Prof. Lu\u00eds Am\u00e9rico Cal\u00e7ada A Diretoria Executiva \u00e9 o \u00f3rg\u00e3o respons\u00e1vel por planejar, coordenar <a class=\"read-more\" href=\"https:\/\/institucional.ufrrj.br\/nit\/direcao-geral\/ \" >&#8230; <span class=\"font-italic\">leia mais <i class=\"fas fa-angle-right\"><\/i><\/span><\/a><\/p>\n","protected":false},"author":765,"featured_media":0,"parent":0,"menu_order":0,"comment_status":"closed","ping_status":"closed","template":"","meta":{"_acf_changed":false,"footnotes":"","_links_to":"","_links_to_target":""},"class_list":["post-1061","page","type-page","status-publish","hentry"],"yoast_head":"<!-- This site is optimized with the Yoast SEO plugin v27.2 - https:\/\/yoast.com\/product\/yoast-seo-wordpress\/ -->\n<title>Diretoria Executiva - Ag\u00eancia de Inova\u00e7\u00e3o da UFRRJ<\/title>\n<meta name=\"robots\" content=\"index, follow, max-snippet:-1, max-image-preview:large, max-video-preview:-1\" \/>\n<link rel=\"canonical\" href=\"https:\/\/institucional.ufrrj.br\/nit\/direcao-geral\/\" \/>\n<meta property=\"og:locale\" content=\"pt_BR\" \/>\n<meta property=\"og:type\" content=\"article\" \/>\n<meta property=\"og:title\" content=\"Diretoria Executiva - Ag\u00eancia de Inova\u00e7\u00e3o da UFRRJ\" \/>\n<meta property=\"og:description\" content=\"Diretora: Prof\u00aa. Patr\u00edcia Silva G\u00f4lo Vice-diretor: Prof. Lu\u00eds Am\u00e9rico Cal\u00e7ada A Diretoria Executiva \u00e9 o \u00f3rg\u00e3o respons\u00e1vel por planejar, coordenar ... leia mais\" \/>\n<meta property=\"og:url\" content=\"https:\/\/institucional.ufrrj.br\/nit\/direcao-geral\/\" \/>\n<meta property=\"og:site_name\" content=\"Ag\u00eancia de Inova\u00e7\u00e3o da UFRRJ\" \/>\n<meta property=\"article:modified_time\" content=\"2024-04-24T14:47:11+00:00\" \/>\n<meta name=\"twitter:card\" content=\"summary_large_image\" \/>\n<meta name=\"twitter:label1\" content=\"Est. tempo de leitura\" \/>\n\t<meta name=\"twitter:data1\" content=\"2 minutos\" \/>\n<script type=\"application\/ld+json\" class=\"yoast-schema-graph\">{\"@context\":\"https:\/\/schema.org\",\"@graph\":[{\"@type\":\"WebPage\",\"@id\":\"https:\/\/institucional.ufrrj.br\/nit\/direcao-geral\/\",\"url\":\"https:\/\/institucional.ufrrj.br\/nit\/direcao-geral\/\",\"name\":\"Diretoria Executiva - Ag\u00eancia de Inova\u00e7\u00e3o da UFRRJ\",\"isPartOf\":{\"@id\":\"https:\/\/institucional.ufrrj.br\/nit\/#website\"},\"datePublished\":\"2023-11-13T12:05:41+00:00\",\"dateModified\":\"2024-04-24T14:47:11+00:00\",\"breadcrumb\":{\"@id\":\"https:\/\/institucional.ufrrj.br\/nit\/direcao-geral\/#breadcrumb\"},\"inLanguage\":\"pt-BR\",\"potentialAction\":[{\"@type\":\"ReadAction\",\"target\":[\"https:\/\/institucional.ufrrj.br\/nit\/direcao-geral\/\"]}]},{\"@type\":\"BreadcrumbList\",\"@id\":\"https:\/\/institucional.ufrrj.br\/nit\/direcao-geral\/#breadcrumb\",\"itemListElement\":[{\"@type\":\"ListItem\",\"position\":1,\"name\":\"In\u00edcio\",\"item\":\"https:\/\/institucional.ufrrj.br\/nit\/\"},{\"@type\":\"ListItem\",\"position\":2,\"name\":\"Diretoria Executiva\"}]},{\"@type\":\"WebSite\",\"@id\":\"https:\/\/institucional.ufrrj.br\/nit\/#website\",\"url\":\"https:\/\/institucional.ufrrj.br\/nit\/\",\"name\":\"Ag\u00eancia de Inova\u00e7\u00e3o UFRRJ\",\"description\":\"UFRRJ\",\"potentialAction\":[{\"@type\":\"SearchAction\",\"target\":{\"@type\":\"EntryPoint\",\"urlTemplate\":\"https:\/\/institucional.ufrrj.br\/nit\/?s={search_term_string}\"},\"query-input\":{\"@type\":\"PropertyValueSpecification\",\"valueRequired\":true,\"valueName\":\"search_term_string\"}}],\"inLanguage\":\"pt-BR\"}]}<\/script>\n<!-- \/ Yoast SEO plugin. -->","yoast_head_json":{"title":"Diretoria Executiva - Ag\u00eancia de Inova\u00e7\u00e3o da UFRRJ","robots":{"index":"index","follow":"follow","max-snippet":"max-snippet:-1","max-image-preview":"max-image-preview:large","max-video-preview":"max-video-preview:-1"},"canonical":"https:\/\/institucional.ufrrj.br\/nit\/direcao-geral\/","og_locale":"pt_BR","og_type":"article","og_title":"Diretoria Executiva - Ag\u00eancia de Inova\u00e7\u00e3o da UFRRJ","og_description":"Diretora: Prof\u00aa. Patr\u00edcia Silva G\u00f4lo Vice-diretor: Prof. Lu\u00eds Am\u00e9rico Cal\u00e7ada A Diretoria Executiva \u00e9 o \u00f3rg\u00e3o respons\u00e1vel por planejar, coordenar ... leia mais","og_url":"https:\/\/institucional.ufrrj.br\/nit\/direcao-geral\/","og_site_name":"Ag\u00eancia de Inova\u00e7\u00e3o da UFRRJ","article_modified_time":"2024-04-24T14:47:11+00:00","twitter_card":"summary_large_image","twitter_misc":{"Est. tempo de leitura":"2 minutos"},"schema":{"@context":"https:\/\/schema.org","@graph":[{"@type":"WebPage","@id":"https:\/\/institucional.ufrrj.br\/nit\/direcao-geral\/","url":"https:\/\/institucional.ufrrj.br\/nit\/direcao-geral\/","name":"Diretoria Executiva - Ag\u00eancia de Inova\u00e7\u00e3o da UFRRJ","isPartOf":{"@id":"https:\/\/institucional.ufrrj.br\/nit\/#website"},"datePublished":"2023-11-13T12:05:41+00:00","dateModified":"2024-04-24T14:47:11+00:00","breadcrumb":{"@id":"https:\/\/institucional.ufrrj.br\/nit\/direcao-geral\/#breadcrumb"},"inLanguage":"pt-BR","potentialAction":[{"@type":"ReadAction","target":["https:\/\/institucional.ufrrj.br\/nit\/direcao-geral\/"]}]},{"@type":"BreadcrumbList","@id":"https:\/\/institucional.ufrrj.br\/nit\/direcao-geral\/#breadcrumb","itemListElement":[{"@type":"ListItem","position":1,"name":"In\u00edcio","item":"https:\/\/institucional.ufrrj.br\/nit\/"},{"@type":"ListItem","position":2,"name":"Diretoria Executiva"}]},{"@type":"WebSite","@id":"https:\/\/institucional.ufrrj.br\/nit\/#website","url":"https:\/\/institucional.ufrrj.br\/nit\/","name":"Ag\u00eancia de Inova\u00e7\u00e3o UFRRJ","description":"UFRRJ","potentialAction":[{"@type":"SearchAction","target":{"@type":"EntryPoint","urlTemplate":"https:\/\/institucional.ufrrj.br\/nit\/?s={search_term_string}"},"query-input":{"@type":"PropertyValueSpecification","valueRequired":true,"valueName":"search_term_string"}}],"inLanguage":"pt-BR"}]}},"acf":[],"_links":{"self":[{"href":"https:\/\/institucional.ufrrj.br\/nit\/wp-json\/wp\/v2\/pages\/1061","targetHints":{"allow":["GET"]}}],"collection":[{"href":"https:\/\/institucional.ufrrj.br\/nit\/wp-json\/wp\/v2\/pages"}],"about":[{"href":"https:\/\/institucional.ufrrj.br\/nit\/wp-json\/wp\/v2\/types\/page"}],"author":[{"embeddable":true,"href":"https:\/\/institucional.ufrrj.br\/nit\/wp-json\/wp\/v2\/users\/765"}],"replies":[{"embeddable":true,"href":"https:\/\/institucional.ufrrj.br\/nit\/wp-json\/wp\/v2\/comments?post=1061"}],"version-history":[{"count":8,"href":"https:\/\/institucional.ufrrj.br\/nit\/wp-json\/wp\/v2\/pages\/1061\/revisions"}],"predecessor-version":[{"id":2294,"href":"https:\/\/institucional.ufrrj.br\/nit\/wp-json\/wp\/v2\/pages\/1061\/revisions\/2294"}],"wp:attachment":[{"href":"https:\/\/institucional.ufrrj.br\/nit\/wp-json\/wp\/v2\/media?parent=1061"}],"curies":[{"name":"wp","href":"https:\/\/api.w.org\/{rel}","templated":true}]}}