{"id":1059,"date":"2020-05-26T22:05:28","date_gmt":"2020-05-26T22:05:28","guid":{"rendered":"http:\/\/institucional.ufrrj.br\/nit\/?page_id=1059"},"modified":"2024-04-24T17:35:28","modified_gmt":"2024-04-24T17:35:28","slug":"apresentacao","status":"publish","type":"page","link":"https:\/\/institucional.ufrrj.br\/nit\/apresentacao\/","title":{"rendered":"Apresenta\u00e7\u00e3o"},"content":{"rendered":"<p><strong>APRESENTA\u00c7\u00c3O<\/strong><\/p>\n<p><span class=\"fontstyle0\">A Ag\u00eancia de Inova\u00e7\u00e3o da Universidade Federal Rural do Rio de Janeiro\/UFRRJ \u00e9 uma Unidade subordinada \u00e0 Pr\u00f3-Reitoria de Pesquisa e P\u00f3sGradua\u00e7\u00e3o, com car\u00e1ter enquadrado sob o aspecto do Marco Legal da Inova\u00e7\u00e3o, composto pela Lei Federal n.\u00ba 13.243 de 11 de janeiro de 2016 regulamentada pelo Decreto n\u00ba 9.283, de fevereiro de 2018, e apoia o desenvolvimento cient\u00edfico, tecnol\u00f3gico e de inova\u00e7\u00e3o, com estrutura administrativa pr\u00f3pria, em conson\u00e2ncia com os programas de pesquisa, extens\u00e3o e de qualifica\u00e7\u00e3o profissional, a fim de implementar e gerir a Pol\u00edtica de Inova\u00e7\u00e3o da UFRRJ.<\/span><\/p>\n<hr \/>\n<p><strong>Conselho Superior da Ag\u00eancia de Inova\u00e7\u00e3o da UFRRJ<\/strong><\/p>\n<p><span class=\"fontstyle0\">Compete ao Conselho Superior atuar de forma avaliativa e propor a\u00e7\u00f5es e diretrizes voltadas \u00e0 Inova\u00e7\u00e3o e empreendedorismo da UFRRJ<\/span><\/p>\n<hr \/>\n<p><strong>Do Comit\u00ea T\u00e9cnico Cient\u00edfico (CTC)<\/strong><\/p>\n<p>O Comit\u00ea T\u00e9cnico Cient\u00edfico \u00e9 o \u00f3rg\u00e3o de assessoria t\u00e9cnica, de car\u00e1ter consultivo e propositivo da Ag\u00eancia de Inova\u00e7\u00e3o da UFRRJ.<\/p>\n<p>Ao Comit\u00ea T\u00e9cnico- Cient\u00edfico compete:<br \/>\n<span class=\"fontstyle0\">I. <\/span><span class=\"fontstyle2\">analisar e emitir pareceres, quando solicitado pela Diretoria Executiva sobre temas relacionados \u00e0 \u00e1rea t\u00e9cnica-cient\u00edfica e de inova\u00e7\u00e3o em quest\u00e3o;<\/span><\/p>\n<p><span class=\"fontstyle0\">II. <\/span><span class=\"fontstyle2\">indicar consultores t\u00e9cnicos <\/span><span class=\"fontstyle3\">ad hoc<\/span><span class=\"fontstyle2\">, internos ou externos \u00e0 UFRRJ que possam emitir pareceres para subsidiar as decis\u00f5es\/a\u00e7\u00f5es da Ag\u00eancia;<\/span><\/p>\n<p>REGIMENTO INTERNO DA AG\u00caNCIA DE INOVA\u00c7\u00c3O DA UFRRJ<\/p>\n<p><a href=\"https:\/\/institucional.ufrrj.br\/nit\/decretos\/\">Delibera\u00e7\u00e3o N\u00ba 187\/2024\/CONSU<\/a><\/p>\n","protected":false},"excerpt":{"rendered":"<p>APRESENTA\u00c7\u00c3O A Ag\u00eancia de Inova\u00e7\u00e3o da Universidade Federal Rural do Rio de Janeiro\/UFRRJ \u00e9 uma Unidade subordinada \u00e0 Pr\u00f3-Reitoria de <a class=\"read-more\" href=\"https:\/\/institucional.ufrrj.br\/nit\/apresentacao\/ \" >&#8230; <span class=\"font-italic\">leia mais <i class=\"fas fa-angle-right\"><\/i><\/span><\/a><\/p>\n","protected":false},"author":765,"featured_media":0,"parent":0,"menu_order":0,"comment_status":"closed","ping_status":"closed","template":"","meta":{"_acf_changed":false,"footnotes":"","_links_to":"","_links_to_target":""},"class_list":["post-1059","page","type-page","status-publish","hentry"],"yoast_head":"<!-- This site is optimized with the Yoast SEO plugin v27.2 - https:\/\/yoast.com\/product\/yoast-seo-wordpress\/ -->\n<title>Apresenta\u00e7\u00e3o - Ag\u00eancia de Inova\u00e7\u00e3o da UFRRJ<\/title>\n<meta name=\"robots\" content=\"index, follow, max-snippet:-1, max-image-preview:large, max-video-preview:-1\" \/>\n<link rel=\"canonical\" href=\"https:\/\/institucional.ufrrj.br\/nit\/apresentacao\/\" \/>\n<meta property=\"og:locale\" content=\"pt_BR\" \/>\n<meta property=\"og:type\" content=\"article\" \/>\n<meta property=\"og:title\" content=\"Apresenta\u00e7\u00e3o - Ag\u00eancia de Inova\u00e7\u00e3o da UFRRJ\" \/>\n<meta property=\"og:description\" content=\"APRESENTA\u00c7\u00c3O A Ag\u00eancia de Inova\u00e7\u00e3o da Universidade Federal Rural do Rio de Janeiro\/UFRRJ \u00e9 uma Unidade subordinada \u00e0 Pr\u00f3-Reitoria de ... leia mais\" \/>\n<meta property=\"og:url\" content=\"https:\/\/institucional.ufrrj.br\/nit\/apresentacao\/\" \/>\n<meta property=\"og:site_name\" content=\"Ag\u00eancia de Inova\u00e7\u00e3o da UFRRJ\" \/>\n<meta property=\"article:modified_time\" content=\"2024-04-24T17:35:28+00:00\" \/>\n<meta name=\"twitter:card\" content=\"summary_large_image\" \/>\n<meta name=\"twitter:label1\" content=\"Est. tempo de leitura\" \/>\n\t<meta name=\"twitter:data1\" content=\"1 minuto\" \/>\n<script type=\"application\/ld+json\" class=\"yoast-schema-graph\">{\"@context\":\"https:\/\/schema.org\",\"@graph\":[{\"@type\":\"WebPage\",\"@id\":\"https:\/\/institucional.ufrrj.br\/nit\/apresentacao\/\",\"url\":\"https:\/\/institucional.ufrrj.br\/nit\/apresentacao\/\",\"name\":\"Apresenta\u00e7\u00e3o - Ag\u00eancia de Inova\u00e7\u00e3o da UFRRJ\",\"isPartOf\":{\"@id\":\"https:\/\/institucional.ufrrj.br\/nit\/#website\"},\"datePublished\":\"2020-05-26T22:05:28+00:00\",\"dateModified\":\"2024-04-24T17:35:28+00:00\",\"breadcrumb\":{\"@id\":\"https:\/\/institucional.ufrrj.br\/nit\/apresentacao\/#breadcrumb\"},\"inLanguage\":\"pt-BR\",\"potentialAction\":[{\"@type\":\"ReadAction\",\"target\":[\"https:\/\/institucional.ufrrj.br\/nit\/apresentacao\/\"]}]},{\"@type\":\"BreadcrumbList\",\"@id\":\"https:\/\/institucional.ufrrj.br\/nit\/apresentacao\/#breadcrumb\",\"itemListElement\":[{\"@type\":\"ListItem\",\"position\":1,\"name\":\"In\u00edcio\",\"item\":\"https:\/\/institucional.ufrrj.br\/nit\/\"},{\"@type\":\"ListItem\",\"position\":2,\"name\":\"Apresenta\u00e7\u00e3o\"}]},{\"@type\":\"WebSite\",\"@id\":\"https:\/\/institucional.ufrrj.br\/nit\/#website\",\"url\":\"https:\/\/institucional.ufrrj.br\/nit\/\",\"name\":\"Ag\u00eancia de Inova\u00e7\u00e3o UFRRJ\",\"description\":\"UFRRJ\",\"potentialAction\":[{\"@type\":\"SearchAction\",\"target\":{\"@type\":\"EntryPoint\",\"urlTemplate\":\"https:\/\/institucional.ufrrj.br\/nit\/?s={search_term_string}\"},\"query-input\":{\"@type\":\"PropertyValueSpecification\",\"valueRequired\":true,\"valueName\":\"search_term_string\"}}],\"inLanguage\":\"pt-BR\"}]}<\/script>\n<!-- \/ Yoast SEO plugin. -->","yoast_head_json":{"title":"Apresenta\u00e7\u00e3o - Ag\u00eancia de Inova\u00e7\u00e3o da UFRRJ","robots":{"index":"index","follow":"follow","max-snippet":"max-snippet:-1","max-image-preview":"max-image-preview:large","max-video-preview":"max-video-preview:-1"},"canonical":"https:\/\/institucional.ufrrj.br\/nit\/apresentacao\/","og_locale":"pt_BR","og_type":"article","og_title":"Apresenta\u00e7\u00e3o - Ag\u00eancia de Inova\u00e7\u00e3o da UFRRJ","og_description":"APRESENTA\u00c7\u00c3O A Ag\u00eancia de Inova\u00e7\u00e3o da Universidade Federal Rural do Rio de Janeiro\/UFRRJ \u00e9 uma Unidade subordinada \u00e0 Pr\u00f3-Reitoria de ... leia mais","og_url":"https:\/\/institucional.ufrrj.br\/nit\/apresentacao\/","og_site_name":"Ag\u00eancia de Inova\u00e7\u00e3o da UFRRJ","article_modified_time":"2024-04-24T17:35:28+00:00","twitter_card":"summary_large_image","twitter_misc":{"Est. tempo de leitura":"1 minuto"},"schema":{"@context":"https:\/\/schema.org","@graph":[{"@type":"WebPage","@id":"https:\/\/institucional.ufrrj.br\/nit\/apresentacao\/","url":"https:\/\/institucional.ufrrj.br\/nit\/apresentacao\/","name":"Apresenta\u00e7\u00e3o - Ag\u00eancia de Inova\u00e7\u00e3o da UFRRJ","isPartOf":{"@id":"https:\/\/institucional.ufrrj.br\/nit\/#website"},"datePublished":"2020-05-26T22:05:28+00:00","dateModified":"2024-04-24T17:35:28+00:00","breadcrumb":{"@id":"https:\/\/institucional.ufrrj.br\/nit\/apresentacao\/#breadcrumb"},"inLanguage":"pt-BR","potentialAction":[{"@type":"ReadAction","target":["https:\/\/institucional.ufrrj.br\/nit\/apresentacao\/"]}]},{"@type":"BreadcrumbList","@id":"https:\/\/institucional.ufrrj.br\/nit\/apresentacao\/#breadcrumb","itemListElement":[{"@type":"ListItem","position":1,"name":"In\u00edcio","item":"https:\/\/institucional.ufrrj.br\/nit\/"},{"@type":"ListItem","position":2,"name":"Apresenta\u00e7\u00e3o"}]},{"@type":"WebSite","@id":"https:\/\/institucional.ufrrj.br\/nit\/#website","url":"https:\/\/institucional.ufrrj.br\/nit\/","name":"Ag\u00eancia de Inova\u00e7\u00e3o UFRRJ","description":"UFRRJ","potentialAction":[{"@type":"SearchAction","target":{"@type":"EntryPoint","urlTemplate":"https:\/\/institucional.ufrrj.br\/nit\/?s={search_term_string}"},"query-input":{"@type":"PropertyValueSpecification","valueRequired":true,"valueName":"search_term_string"}}],"inLanguage":"pt-BR"}]}},"acf":[],"_links":{"self":[{"href":"https:\/\/institucional.ufrrj.br\/nit\/wp-json\/wp\/v2\/pages\/1059","targetHints":{"allow":["GET"]}}],"collection":[{"href":"https:\/\/institucional.ufrrj.br\/nit\/wp-json\/wp\/v2\/pages"}],"about":[{"href":"https:\/\/institucional.ufrrj.br\/nit\/wp-json\/wp\/v2\/types\/page"}],"author":[{"embeddable":true,"href":"https:\/\/institucional.ufrrj.br\/nit\/wp-json\/wp\/v2\/users\/765"}],"replies":[{"embeddable":true,"href":"https:\/\/institucional.ufrrj.br\/nit\/wp-json\/wp\/v2\/comments?post=1059"}],"version-history":[{"count":14,"href":"https:\/\/institucional.ufrrj.br\/nit\/wp-json\/wp\/v2\/pages\/1059\/revisions"}],"predecessor-version":[{"id":2308,"href":"https:\/\/institucional.ufrrj.br\/nit\/wp-json\/wp\/v2\/pages\/1059\/revisions\/2308"}],"wp:attachment":[{"href":"https:\/\/institucional.ufrrj.br\/nit\/wp-json\/wp\/v2\/media?parent=1059"}],"curies":[{"name":"wp","href":"https:\/\/api.w.org\/{rel}","templated":true}]}}