{"id":990,"date":"2021-07-14T12:15:08","date_gmt":"2021-07-14T15:15:08","guid":{"rendered":"http:\/\/institucional.ufrrj.br\/nidflor\/?page_id=990"},"modified":"2021-07-14T12:55:40","modified_gmt":"2021-07-14T15:55:40","slug":"mulheres-na-ciencia-materia-do-rural-florestal","status":"publish","type":"page","link":"https:\/\/institucional.ufrrj.br\/nidflor\/mulheres-na-ciencia-materia-do-rural-florestal\/","title":{"rendered":"Mulheres na Ci\u00eancia &#8211; Entrevista com Claudia Moster"},"content":{"rendered":"<p><img loading=\"lazy\" decoding=\"async\" class=\"size-medium wp-image-645 aligncenter\" src=\"https:\/\/institucional.ufrrj.br\/nidflor\/files\/2020\/04\/logo_1-300x161.jpg\" alt=\"\" width=\"300\" height=\"161\" srcset=\"https:\/\/institucional.ufrrj.br\/nidflor\/files\/2020\/04\/logo_1-300x161.jpg 300w, https:\/\/institucional.ufrrj.br\/nidflor\/files\/2020\/04\/logo_1-768x413.jpg 768w, https:\/\/institucional.ufrrj.br\/nidflor\/files\/2020\/04\/logo_1-1024x551.jpg 1024w, https:\/\/institucional.ufrrj.br\/nidflor\/files\/2020\/04\/logo_1.jpg 2000w\" sizes=\"auto, (max-width: 300px) 100vw, 300px\" \/><\/p>\n<p>Trazemos aqui a entrevista feita com a Professora Dr.\u00aa Claudia Moster &#8211; DCA\/IF, criadora do projeto <strong><a href=\"https:\/\/institucional.ufrrj.br\/nidflor\/mulheres-nas-ciencias-florestais\/\">Mulheres nas Ci\u00eancias Florestais.<\/a><\/strong> Abaixo a entrevista completa \u00e9 reproduzida e a professora trata sobre a import\u00e2ncia das mulheres nas ci\u00eancias, como come\u00e7ou sua trajet\u00f3ria acad\u00eamica al\u00e9m de muitos outros assuntos. Um artigo gerado com base na entrevista foi publicado na p\u00e1gina 5 do n\u00famero 23 do jornal Rural Florestal, do grupo PET Floresta, e essa mat\u00e9ria pode ser acessada <strong><a href=\"https:\/\/drive.google.com\/file\/d\/16KhHyT_4ohSypQZjZqO109K5Yoicy7Bt\/view\" target=\"_blank\" rel=\"noopener noreferrer\">clicando-se aqui.<\/a><\/strong><\/p>\n<hr \/>\n<h3 style=\"text-align: center\"><span style=\"color: #008000\">Mulheres nas Ci\u00eancias <\/span><\/h3>\n<h3 style=\"text-align: center\"><span style=\"color: #008000\">Entrevista com a professora Claudia Moster<\/span><\/h3>\n<p>&nbsp;<\/p>\n<div id=\"attachment_997\" style=\"width: 160px\" class=\"wp-caption aligncenter\"><img loading=\"lazy\" decoding=\"async\" aria-describedby=\"caption-attachment-997\" class=\"wp-image-997 size-full\" src=\"https:\/\/institucional.ufrrj.br\/nidflor\/files\/2021\/07\/foto-perfil-CMOSTER-150x150.jpg\" alt=\"\" width=\"150\" height=\"150\" srcset=\"https:\/\/institucional.ufrrj.br\/nidflor\/files\/2021\/07\/foto-perfil-CMOSTER-150x150.jpg 150w, https:\/\/institucional.ufrrj.br\/nidflor\/files\/2021\/07\/foto-perfil-CMOSTER-150x150-75x75.jpg 75w, https:\/\/institucional.ufrrj.br\/nidflor\/files\/2021\/07\/foto-perfil-CMOSTER-150x150-100x100.jpg 100w\" sizes=\"auto, (max-width: 150px) 100vw, 150px\" \/><p id=\"caption-attachment-997\" class=\"wp-caption-text\">Prof.\u00aa Claudia Moster.<\/p><\/div>\n<p><strong>Fa\u00e7a uma breve apresenta\u00e7\u00e3o sua.<\/strong><\/p>\n<p>R.: Sou engenheira florestal formada na ESALQ\/USP (2003), onde tamb\u00e9m fiz o mestrado (2007) e o doutorado (2018). Antes de finalizar o mestrado, j\u00e1 tinha iniciado a atua\u00e7\u00e3o profissional com consultoria, mas sempre quis dar aula. Quando a oportunidade surgiu, iniciei como tutora virtual para a Universidade Aberta do Brasil, no curso de Engenharia Ambiental a dist\u00e2ncia da UFSCAR (2007 &#8211; 2018) e como docente e coordenadora de um curso T\u00e9cnico em Florestas do Centro Paula Souza &#8211; SP (2007 &#8211; 2010). A consultoria permaneceu como atividade secund\u00e1ria at\u00e9 meu ingresso na UFRRJ (2018). Tamb\u00e9m lecionei e fui coordenadora do curso de Tecnologia em Silvicultura na Faculdade de Tecnologia de Cap\u00e3o Bonito, do Centro Paula Souza (2009 &#8211; 2018). Durante toda minha atua\u00e7\u00e3o profissional realizei atividades volunt\u00e1rias, participando de conselhos municipais e em unidades de conserva\u00e7\u00e3o. Sempre fui apaixonada pela minha profiss\u00e3o, eu sabia que queria fazer Engenharia Florestal antes de ingressar na faculdade, pois j\u00e1 tinha conhecido a atua\u00e7\u00e3o profissional em uma feira de profiss\u00f5es. Fui dedicada aos estudos, aos est\u00e1gios e me identifiquei com a \u00e1rea de Manejo de Bacias Hidrogr\u00e1ficas logo no primeiro semestre, quando conheci minha co-orientadora, a Maria Jos\u00e9 Brito Zakia, e o professor Walter de Paula Lima. Fui acolhida como estagi\u00e1ria de inicia\u00e7\u00e3o cient\u00edfica, quando eu n\u00e3o sabia nada\u2026 e aprendi muito nessa jornada, sempre levando comigo os ideais que obtive trabalhando com esses professores: a ci\u00eancia deve ser aplicada, inclusiva, difundida e trazer esclarecimento, buscando a melhoria constante dos processos produtivos para a sustentabilidade.<\/p>\n<p>&nbsp;<\/p>\n<p><strong>A partir de qual momento voc\u00ea viu que era necess\u00e1rio se criar um grupo de extens\u00e3o voltado para a tem\u00e1tica das mulheres nas ci\u00eancias florestais? Qual foi o ano de cria\u00e7\u00e3o do grupo? Qual objetivo?<\/strong><\/p>\n<p>R.: Foi\u00a0 durante um evento no primeiro semestre de 2019, para a valoriza\u00e7\u00e3o da mulher na ci\u00eancia realizado pelo Herb\u00e1rio da UFRRJ, em que fiz uma apresenta\u00e7\u00e3o a convite de uma aluna. Eu fiquei muito honrada, e sabia que n\u00e3o podia estar l\u00e1 como \u201ceu\u201d, mas como uma representante das mulheres nas ci\u00eancias florestais. Durante a participa\u00e7\u00e3o no evento eu percebi o quanto ainda era necess\u00e1rio valorizar essas mulheres, lembrando de hist\u00f3rias que vivi, que acompanhei ou que conheci. Logo ap\u00f3s, eu entrei em contato com o Prof. Jo\u00e3o Latorraca, dizendo que eu queria fazer esse projeto de extens\u00e3o e gostaria do apoio do IF. Ele foi muito receptivo, me indicando o Alessandro, a Cleide e a Georgia (funcion\u00e1rios do IF) para colaborarem. A Carolina, j\u00e1 fazia parte das atividades do LMBH, aceitou o convite e tivemos alguns alunos participando do projeto. Atualmente, a Renata e a Beatriz est\u00e3o na equipe. Devo ressaltar que, como coordenadora, sou muito agradecida por trabalhar com pessoas competentes e comprometidas, que fazem do projeto algo maior do que pensamos inicialmente. O objetivo era entrevistar por question\u00e1rio algumas mulheres \u00edcones das ci\u00eancias florestais, fazer um livro com os depoimentos e valorizar a atua\u00e7\u00e3o profissional que elas tiveram. Percebemos que, ainda hoje, as mulheres florestais com import\u00e2ncia em diversas \u00e1reas n\u00e3o s\u00e3o reconhecidas. Assim, criamos uma metodologia para encontrar nossas entrevistadas, baseada no curr\u00edculo e no tipo de atua\u00e7\u00e3o, para todo o territ\u00f3rio brasileiro, incluindo as que n\u00e3o possuem gradua\u00e7\u00e3o em engenharia florestal, mas contribuem para as ci\u00eancias florestais, no \u00e2mbito p\u00fablico, privado, acad\u00eamico ou no terceiro setor. Trabalhamos com temas correlatos nas redes sociais, realizamos entrevistas por question\u00e1rio e v\u00eddeos, e muitas ideias novas est\u00e3o surgindo para o futuro do projeto.<\/p>\n<p>&nbsp;<\/p>\n<p><strong>O que voc\u00ea acha que melhorou ou pirou, em rela\u00e7\u00e3o a presen\u00e7a das mulheres dentro da gradua\u00e7\u00e3o de engenharia florestal, quando comparado \u00e0 sua \u00e9poca de estudante?<\/strong><\/p>\n<p>R.: Quando eu ingressei, \u00e9ramos a primeira turma da ESALQ com igualdade de g\u00eanero. As mulheres est\u00e3o ingressando mais no ensino superior do que antigamente, e na engenharia florestal n\u00e3o \u00e9 diferente. Temos mais mulheres a cada ano. Acho que a presen\u00e7a de maior quantidade de mulheres melhora a abrang\u00eancia nas \u00e1reas de atua\u00e7\u00e3o dentro da engenharia florestal. Mas ainda temos dificuldades em rela\u00e7\u00e3o \u00e0 valoriza\u00e7\u00e3o da profissional, na igualdade da remunera\u00e7\u00e3o e na contrata\u00e7\u00e3o para altos escal\u00f5es, competitividade no meio acad\u00eamico, problemas de seguran\u00e7a no trabalho de campo. S\u00e3o v\u00e1rios desafios ainda a percorrer, e que n\u00e3o est\u00e3o diretamente ligados \u00e0 profiss\u00e3o, mas tem rela\u00e7\u00e3o com a cultura da nossa sociedade. Por exemplo, a maternidade \u00e9 algo que gera sentimentos antag\u00f4nicos: por um lado, as pessoas se sensibilizam pela beleza da gera\u00e7\u00e3o da vida, mas por outro, \u00e9 um fator que diminui a produtividade profissional daquela mulher. Esse \u00e9 s\u00f3 um exemplo, temos algumas publica\u00e7\u00f5es nas nossas redes sociais que abordam essas diferen\u00e7as de g\u00eanero nas ci\u00eancias florestais, al\u00e9m dos depoimentos de nossas entrevistadas. Enfim, alguma coisa mudou da \u00e9poca em que eu era estudante, mas muita coisa permanece a mesma desde sempre&#8230;<\/p>\n<p>&nbsp;<\/p>\n<p><strong>Como voc\u00ea acha que o projeto pode empoderar jovens cientistas florestais? Qual conselho voc\u00ea daria para essas jovens estudantes?<\/strong><\/p>\n<p>R.: Eu gostaria que todxs nos seguissem nas redes sociais e assistissem \u00e0s entrevistas. Digo isso, porque s\u00e3o mulheres inspiradoras, batalhadoras, com pensamentos e experi\u00eancias de valor. N\u00f3s, do projeto, estamos sempre aprendendo com elas. Isso me lembra um pouco a transfer\u00eancia de conhecimentos que as mulheres s\u00e3o respons\u00e1veis em determinadas culturas\u2026 talvez seja isso mesmo. O conhecer e ouvir outras hist\u00f3rias faz com que a gente aprenda a ser melhor, a viver melhor. Eu vou citar aqui frases que se repetem em nossas entrevistas:<\/p>\n<p style=\"text-align: left\"><em>\u201cSiga seu cora\u00e7\u00e3o, fa\u00e7a aquilo que voc\u00ea tem paix\u00e3o\u201d.<\/em><\/p>\n<p style=\"text-align: left\"><em>\u201cN\u00e3o desista, enfrente\u201d.<\/em><\/p>\n<p style=\"text-align: left\"><em>\u201cTenha uma meta, e siga-a\u201d.<\/em><\/p>\n<p style=\"text-align: left\"><em>\u201cSeja forte, mas seja doce com as pessoas, essa \u00e9 a real feminilidade\u201d.<\/em><\/p>\n<p style=\"text-align: left\"><em>\u201cVoc\u00ea pode tudo o que quiser, seja determinada\u201d.<\/em><\/p>\n<p><strong>\u00a0<\/strong><\/p>\n<hr \/>\n<p>&nbsp;<\/p>\n","protected":false},"excerpt":{"rendered":"<p>Trazemos aqui a entrevista feita com a Professora Dr.\u00aa Claudia Moster &#8211; DCA\/IF, criadora do projeto Mulheres nas Ci\u00eancias Florestais. <a class=\"read-more\" href=\"https:\/\/institucional.ufrrj.br\/nidflor\/mulheres-na-ciencia-materia-do-rural-florestal\/ \">&#8230; <i class=\"fa fa-long-arrow-right\"><\/i><\/a><\/p>\n","protected":false},"author":690,"featured_media":0,"parent":0,"menu_order":0,"comment_status":"closed","ping_status":"closed","template":"","meta":{"_acf_changed":false,"footnotes":""},"class_list":["post-990","page","type-page","status-publish","hentry"],"yoast_head":"<!-- This site is optimized with the Yoast SEO plugin v27.2 - https:\/\/yoast.com\/product\/yoast-seo-wordpress\/ -->\n<title>Mulheres na Ci\u00eancia - Entrevista com Claudia Moster - NIDFLOR<\/title>\n<meta name=\"robots\" content=\"index, follow, max-snippet:-1, max-image-preview:large, max-video-preview:-1\" \/>\n<link rel=\"canonical\" href=\"https:\/\/institucional.ufrrj.br\/nidflor\/mulheres-na-ciencia-materia-do-rural-florestal\/\" \/>\n<meta property=\"og:locale\" content=\"pt_BR\" \/>\n<meta property=\"og:type\" content=\"article\" \/>\n<meta property=\"og:title\" content=\"Mulheres na Ci\u00eancia - Entrevista com Claudia Moster - NIDFLOR\" \/>\n<meta property=\"og:description\" content=\"Trazemos aqui a entrevista feita com a Professora Dr.\u00aa Claudia Moster &#8211; DCA\/IF, criadora do projeto Mulheres nas Ci\u00eancias Florestais. ...\" \/>\n<meta property=\"og:url\" content=\"https:\/\/institucional.ufrrj.br\/nidflor\/mulheres-na-ciencia-materia-do-rural-florestal\/\" \/>\n<meta property=\"og:site_name\" content=\"NIDFLOR\" \/>\n<meta property=\"article:modified_time\" content=\"2021-07-14T15:55:40+00:00\" \/>\n<meta property=\"og:image\" content=\"http:\/\/institucional.ufrrj.br\/nidflor\/files\/2020\/04\/logo_1-300x161.jpg\" \/>\n<meta name=\"twitter:card\" content=\"summary_large_image\" \/>\n<meta name=\"twitter:label1\" content=\"Est. tempo de leitura\" \/>\n\t<meta name=\"twitter:data1\" content=\"6 minutos\" \/>\n<script type=\"application\/ld+json\" class=\"yoast-schema-graph\">{\"@context\":\"https:\/\/schema.org\",\"@graph\":[{\"@type\":\"WebPage\",\"@id\":\"https:\/\/institucional.ufrrj.br\/nidflor\/mulheres-na-ciencia-materia-do-rural-florestal\/\",\"url\":\"https:\/\/institucional.ufrrj.br\/nidflor\/mulheres-na-ciencia-materia-do-rural-florestal\/\",\"name\":\"Mulheres na Ci\u00eancia - Entrevista com Claudia Moster - NIDFLOR\",\"isPartOf\":{\"@id\":\"https:\/\/institucional.ufrrj.br\/nidflor\/#website\"},\"primaryImageOfPage\":{\"@id\":\"https:\/\/institucional.ufrrj.br\/nidflor\/mulheres-na-ciencia-materia-do-rural-florestal\/#primaryimage\"},\"image\":{\"@id\":\"https:\/\/institucional.ufrrj.br\/nidflor\/mulheres-na-ciencia-materia-do-rural-florestal\/#primaryimage\"},\"thumbnailUrl\":\"http:\/\/institucional.ufrrj.br\/nidflor\/files\/2020\/04\/logo_1-300x161.jpg\",\"datePublished\":\"2021-07-14T15:15:08+00:00\",\"dateModified\":\"2021-07-14T15:55:40+00:00\",\"breadcrumb\":{\"@id\":\"https:\/\/institucional.ufrrj.br\/nidflor\/mulheres-na-ciencia-materia-do-rural-florestal\/#breadcrumb\"},\"inLanguage\":\"pt-BR\",\"potentialAction\":[{\"@type\":\"ReadAction\",\"target\":[\"https:\/\/institucional.ufrrj.br\/nidflor\/mulheres-na-ciencia-materia-do-rural-florestal\/\"]}]},{\"@type\":\"ImageObject\",\"inLanguage\":\"pt-BR\",\"@id\":\"https:\/\/institucional.ufrrj.br\/nidflor\/mulheres-na-ciencia-materia-do-rural-florestal\/#primaryimage\",\"url\":\"http:\/\/institucional.ufrrj.br\/nidflor\/files\/2020\/04\/logo_1-300x161.jpg\",\"contentUrl\":\"http:\/\/institucional.ufrrj.br\/nidflor\/files\/2020\/04\/logo_1-300x161.jpg\"},{\"@type\":\"BreadcrumbList\",\"@id\":\"https:\/\/institucional.ufrrj.br\/nidflor\/mulheres-na-ciencia-materia-do-rural-florestal\/#breadcrumb\",\"itemListElement\":[{\"@type\":\"ListItem\",\"position\":1,\"name\":\"In\u00edcio\",\"item\":\"https:\/\/institucional.ufrrj.br\/nidflor\/\"},{\"@type\":\"ListItem\",\"position\":2,\"name\":\"Mulheres na Ci\u00eancia &#8211; Entrevista com Claudia Moster\"}]},{\"@type\":\"WebSite\",\"@id\":\"https:\/\/institucional.ufrrj.br\/nidflor\/#website\",\"url\":\"https:\/\/institucional.ufrrj.br\/nidflor\/\",\"name\":\"NIDFLOR\",\"description\":\"N\u00facleo de Informa\u00e7\u00e3o e Documenta\u00e7\u00e3o Florestal - UFRRJ\",\"potentialAction\":[{\"@type\":\"SearchAction\",\"target\":{\"@type\":\"EntryPoint\",\"urlTemplate\":\"https:\/\/institucional.ufrrj.br\/nidflor\/?s={search_term_string}\"},\"query-input\":{\"@type\":\"PropertyValueSpecification\",\"valueRequired\":true,\"valueName\":\"search_term_string\"}}],\"inLanguage\":\"pt-BR\"}]}<\/script>\n<!-- \/ Yoast SEO plugin. -->","yoast_head_json":{"title":"Mulheres na Ci\u00eancia - Entrevista com Claudia Moster - NIDFLOR","robots":{"index":"index","follow":"follow","max-snippet":"max-snippet:-1","max-image-preview":"max-image-preview:large","max-video-preview":"max-video-preview:-1"},"canonical":"https:\/\/institucional.ufrrj.br\/nidflor\/mulheres-na-ciencia-materia-do-rural-florestal\/","og_locale":"pt_BR","og_type":"article","og_title":"Mulheres na Ci\u00eancia - Entrevista com Claudia Moster - NIDFLOR","og_description":"Trazemos aqui a entrevista feita com a Professora Dr.\u00aa Claudia Moster &#8211; DCA\/IF, criadora do projeto Mulheres nas Ci\u00eancias Florestais. ...","og_url":"https:\/\/institucional.ufrrj.br\/nidflor\/mulheres-na-ciencia-materia-do-rural-florestal\/","og_site_name":"NIDFLOR","article_modified_time":"2021-07-14T15:55:40+00:00","og_image":[{"url":"http:\/\/institucional.ufrrj.br\/nidflor\/files\/2020\/04\/logo_1-300x161.jpg","type":"","width":"","height":""}],"twitter_card":"summary_large_image","twitter_misc":{"Est. tempo de leitura":"6 minutos"},"schema":{"@context":"https:\/\/schema.org","@graph":[{"@type":"WebPage","@id":"https:\/\/institucional.ufrrj.br\/nidflor\/mulheres-na-ciencia-materia-do-rural-florestal\/","url":"https:\/\/institucional.ufrrj.br\/nidflor\/mulheres-na-ciencia-materia-do-rural-florestal\/","name":"Mulheres na Ci\u00eancia - Entrevista com Claudia Moster - NIDFLOR","isPartOf":{"@id":"https:\/\/institucional.ufrrj.br\/nidflor\/#website"},"primaryImageOfPage":{"@id":"https:\/\/institucional.ufrrj.br\/nidflor\/mulheres-na-ciencia-materia-do-rural-florestal\/#primaryimage"},"image":{"@id":"https:\/\/institucional.ufrrj.br\/nidflor\/mulheres-na-ciencia-materia-do-rural-florestal\/#primaryimage"},"thumbnailUrl":"http:\/\/institucional.ufrrj.br\/nidflor\/files\/2020\/04\/logo_1-300x161.jpg","datePublished":"2021-07-14T15:15:08+00:00","dateModified":"2021-07-14T15:55:40+00:00","breadcrumb":{"@id":"https:\/\/institucional.ufrrj.br\/nidflor\/mulheres-na-ciencia-materia-do-rural-florestal\/#breadcrumb"},"inLanguage":"pt-BR","potentialAction":[{"@type":"ReadAction","target":["https:\/\/institucional.ufrrj.br\/nidflor\/mulheres-na-ciencia-materia-do-rural-florestal\/"]}]},{"@type":"ImageObject","inLanguage":"pt-BR","@id":"https:\/\/institucional.ufrrj.br\/nidflor\/mulheres-na-ciencia-materia-do-rural-florestal\/#primaryimage","url":"http:\/\/institucional.ufrrj.br\/nidflor\/files\/2020\/04\/logo_1-300x161.jpg","contentUrl":"http:\/\/institucional.ufrrj.br\/nidflor\/files\/2020\/04\/logo_1-300x161.jpg"},{"@type":"BreadcrumbList","@id":"https:\/\/institucional.ufrrj.br\/nidflor\/mulheres-na-ciencia-materia-do-rural-florestal\/#breadcrumb","itemListElement":[{"@type":"ListItem","position":1,"name":"In\u00edcio","item":"https:\/\/institucional.ufrrj.br\/nidflor\/"},{"@type":"ListItem","position":2,"name":"Mulheres na Ci\u00eancia &#8211; Entrevista com Claudia Moster"}]},{"@type":"WebSite","@id":"https:\/\/institucional.ufrrj.br\/nidflor\/#website","url":"https:\/\/institucional.ufrrj.br\/nidflor\/","name":"NIDFLOR","description":"N\u00facleo de Informa\u00e7\u00e3o e Documenta\u00e7\u00e3o Florestal - UFRRJ","potentialAction":[{"@type":"SearchAction","target":{"@type":"EntryPoint","urlTemplate":"https:\/\/institucional.ufrrj.br\/nidflor\/?s={search_term_string}"},"query-input":{"@type":"PropertyValueSpecification","valueRequired":true,"valueName":"search_term_string"}}],"inLanguage":"pt-BR"}]}},"acf":[],"_links":{"self":[{"href":"https:\/\/institucional.ufrrj.br\/nidflor\/wp-json\/wp\/v2\/pages\/990","targetHints":{"allow":["GET"]}}],"collection":[{"href":"https:\/\/institucional.ufrrj.br\/nidflor\/wp-json\/wp\/v2\/pages"}],"about":[{"href":"https:\/\/institucional.ufrrj.br\/nidflor\/wp-json\/wp\/v2\/types\/page"}],"author":[{"embeddable":true,"href":"https:\/\/institucional.ufrrj.br\/nidflor\/wp-json\/wp\/v2\/users\/690"}],"replies":[{"embeddable":true,"href":"https:\/\/institucional.ufrrj.br\/nidflor\/wp-json\/wp\/v2\/comments?post=990"}],"version-history":[{"count":7,"href":"https:\/\/institucional.ufrrj.br\/nidflor\/wp-json\/wp\/v2\/pages\/990\/revisions"}],"predecessor-version":[{"id":1002,"href":"https:\/\/institucional.ufrrj.br\/nidflor\/wp-json\/wp\/v2\/pages\/990\/revisions\/1002"}],"wp:attachment":[{"href":"https:\/\/institucional.ufrrj.br\/nidflor\/wp-json\/wp\/v2\/media?parent=990"}],"curies":[{"name":"wp","href":"https:\/\/api.w.org\/{rel}","templated":true}]}}