{"id":924,"date":"2021-05-17T10:26:51","date_gmt":"2021-05-17T13:26:51","guid":{"rendered":"http:\/\/institucional.ufrrj.br\/nidflor\/?page_id=924"},"modified":"2021-06-25T15:20:10","modified_gmt":"2021-06-25T18:20:10","slug":"eleicao-para-escolha-de-diretor-e-vice-diretor-do-if-quadrienio-2021-2025","status":"publish","type":"page","link":"https:\/\/institucional.ufrrj.br\/nidflor\/eleicao-para-escolha-de-diretor-e-vice-diretor-do-if-quadrienio-2021-2025\/","title":{"rendered":"Elei\u00e7\u00e3o para escolha de Diretor e Vice-diretor do IF &#8211; quadri\u00eanio 2021\/2025"},"content":{"rendered":"<hr \/>\n<p><span style=\"color: #0000ff\"><a style=\"color: #0000ff\" href=\"https:\/\/institucional.ufrrj.br\/nidflor\/files\/2021\/05\/Edital_IF_2021.pdf\">Edital_IF_2021<\/a><\/span> (Publicado em 17\/05\/2021)<\/p>\n<hr \/>\n<p><span style=\"color: #0000ff\"><a style=\"color: #0000ff\" href=\"https:\/\/sipac.ufrrj.br\/public\/jsp\/documentos\/documento_visualizacao.jsf?idDoc=756931\">Portaria da Comiss\u00e3o Eleitoral<\/a><\/span> (Publicado em 17\/05\/2021)<\/p>\n<hr \/>\n<p><span style=\"color: #0000ff\"><a style=\"color: #0000ff\" href=\"https:\/\/institucional.ufrrj.br\/nidflor\/files\/2021\/06\/Homologada-as-inscri\u00e7\u00f5es_IF.pdf\">Homologa\u00e7\u00e3o das chapas inscritas<\/a> <\/span>(Publicado em 01\/06\/2021)<\/p>\n<hr \/>\n<p><span style=\"color: #0000ff\"><a style=\"color: #0000ff\" href=\"https:\/\/institucional.ufrrj.br\/nidflor\/files\/2021\/06\/Conecta-Florestas_Plano-de-gest\u00e3o.pdf\">Divulga\u00e7\u00e3o Plano de Gest\u00e3o da Chapa 1: Chapa Conecta Florestas<\/a><\/span> (Publicado em 01\/06\/2021)<\/p>\n<hr \/>\n<p><span style=\"color: #0000ff\"><a style=\"color: #0000ff\" href=\"https:\/\/institucional.ufrrj.br\/nidflor\/files\/2021\/06\/Supera\u00e7\u00e3o_-Plano-Gest\u00e3o.pdf\">Divulga\u00e7\u00e3o Plano de Gest\u00e3o da Chapa 2: Chapa Supera\u00e7\u00e3o<\/a> <\/span>(Publicado em 01\/06\/2021)<\/p>\n<hr \/>\n<p><a href=\"https:\/\/institucional.ufrrj.br\/nidflor\/files\/2021\/06\/Normas-para-Debate_IF_Final.pdf\"><span style=\"color: #0000ff\">Normas para realiza\u00e7\u00e3o do debate entre as Chapas candidatas a Diretor(a) e Vice-Diretor(a) do Instituto de Florestas (2021-2025)<\/span><\/a> (Publicado em 11\/06\/2021)<\/p>\n<hr \/>\n<p><a href=\"https:\/\/institucional.ufrrj.br\/nidflor\/files\/2021\/06\/resultadoFinalVotacao.pdf\" target=\"_blank\" rel=\"noopener noreferrer\"><span style=\"color: #0000ff\">Resultado da Consulta P\u00fablica para a Dire\u00e7\u00e3o do IF<\/span><\/a> (Publicado em 25\/06\/2021)<\/p>\n<hr \/>\n<p>&nbsp;<\/p>\n","protected":false},"excerpt":{"rendered":"<p>Edital_IF_2021 (Publicado em 17\/05\/2021) Portaria da Comiss\u00e3o Eleitoral (Publicado em 17\/05\/2021) Homologa\u00e7\u00e3o das chapas inscritas (Publicado em 01\/06\/2021) Divulga\u00e7\u00e3o Plano <a class=\"read-more\" href=\"https:\/\/institucional.ufrrj.br\/nidflor\/eleicao-para-escolha-de-diretor-e-vice-diretor-do-if-quadrienio-2021-2025\/ \">&#8230; <i class=\"fa fa-long-arrow-right\"><\/i><\/a><\/p>\n","protected":false},"author":690,"featured_media":0,"parent":0,"menu_order":0,"comment_status":"closed","ping_status":"closed","template":"","meta":{"_acf_changed":false,"footnotes":""},"class_list":["post-924","page","type-page","status-publish","hentry"],"yoast_head":"<!-- This site is optimized with the Yoast SEO plugin v27.2 - https:\/\/yoast.com\/product\/yoast-seo-wordpress\/ -->\n<title>Elei\u00e7\u00e3o para escolha de Diretor e Vice-diretor do IF - quadri\u00eanio 2021\/2025 - NIDFLOR<\/title>\n<meta name=\"robots\" content=\"index, follow, max-snippet:-1, max-image-preview:large, max-video-preview:-1\" \/>\n<link rel=\"canonical\" href=\"https:\/\/institucional.ufrrj.br\/nidflor\/eleicao-para-escolha-de-diretor-e-vice-diretor-do-if-quadrienio-2021-2025\/\" \/>\n<meta property=\"og:locale\" content=\"pt_BR\" \/>\n<meta property=\"og:type\" content=\"article\" \/>\n<meta property=\"og:title\" content=\"Elei\u00e7\u00e3o para escolha de Diretor e Vice-diretor do IF - quadri\u00eanio 2021\/2025 - NIDFLOR\" \/>\n<meta property=\"og:description\" content=\"Edital_IF_2021 (Publicado em 17\/05\/2021) Portaria da Comiss\u00e3o Eleitoral (Publicado em 17\/05\/2021) Homologa\u00e7\u00e3o das chapas inscritas (Publicado em 01\/06\/2021) Divulga\u00e7\u00e3o Plano ...\" \/>\n<meta property=\"og:url\" content=\"https:\/\/institucional.ufrrj.br\/nidflor\/eleicao-para-escolha-de-diretor-e-vice-diretor-do-if-quadrienio-2021-2025\/\" \/>\n<meta property=\"og:site_name\" content=\"NIDFLOR\" \/>\n<meta property=\"article:modified_time\" content=\"2021-06-25T18:20:10+00:00\" \/>\n<meta name=\"twitter:card\" content=\"summary_large_image\" \/>\n<script type=\"application\/ld+json\" class=\"yoast-schema-graph\">{\"@context\":\"https:\/\/schema.org\",\"@graph\":[{\"@type\":\"WebPage\",\"@id\":\"https:\/\/institucional.ufrrj.br\/nidflor\/eleicao-para-escolha-de-diretor-e-vice-diretor-do-if-quadrienio-2021-2025\/\",\"url\":\"https:\/\/institucional.ufrrj.br\/nidflor\/eleicao-para-escolha-de-diretor-e-vice-diretor-do-if-quadrienio-2021-2025\/\",\"name\":\"Elei\u00e7\u00e3o para escolha de Diretor e Vice-diretor do IF - quadri\u00eanio 2021\/2025 - NIDFLOR\",\"isPartOf\":{\"@id\":\"https:\/\/institucional.ufrrj.br\/nidflor\/#website\"},\"datePublished\":\"2021-05-17T13:26:51+00:00\",\"dateModified\":\"2021-06-25T18:20:10+00:00\",\"breadcrumb\":{\"@id\":\"https:\/\/institucional.ufrrj.br\/nidflor\/eleicao-para-escolha-de-diretor-e-vice-diretor-do-if-quadrienio-2021-2025\/#breadcrumb\"},\"inLanguage\":\"pt-BR\",\"potentialAction\":[{\"@type\":\"ReadAction\",\"target\":[\"https:\/\/institucional.ufrrj.br\/nidflor\/eleicao-para-escolha-de-diretor-e-vice-diretor-do-if-quadrienio-2021-2025\/\"]}]},{\"@type\":\"BreadcrumbList\",\"@id\":\"https:\/\/institucional.ufrrj.br\/nidflor\/eleicao-para-escolha-de-diretor-e-vice-diretor-do-if-quadrienio-2021-2025\/#breadcrumb\",\"itemListElement\":[{\"@type\":\"ListItem\",\"position\":1,\"name\":\"In\u00edcio\",\"item\":\"https:\/\/institucional.ufrrj.br\/nidflor\/\"},{\"@type\":\"ListItem\",\"position\":2,\"name\":\"Elei\u00e7\u00e3o para escolha de Diretor e Vice-diretor do IF &#8211; quadri\u00eanio 2021\/2025\"}]},{\"@type\":\"WebSite\",\"@id\":\"https:\/\/institucional.ufrrj.br\/nidflor\/#website\",\"url\":\"https:\/\/institucional.ufrrj.br\/nidflor\/\",\"name\":\"NIDFLOR\",\"description\":\"N\u00facleo de Informa\u00e7\u00e3o e Documenta\u00e7\u00e3o Florestal - UFRRJ\",\"potentialAction\":[{\"@type\":\"SearchAction\",\"target\":{\"@type\":\"EntryPoint\",\"urlTemplate\":\"https:\/\/institucional.ufrrj.br\/nidflor\/?s={search_term_string}\"},\"query-input\":{\"@type\":\"PropertyValueSpecification\",\"valueRequired\":true,\"valueName\":\"search_term_string\"}}],\"inLanguage\":\"pt-BR\"}]}<\/script>\n<!-- \/ Yoast SEO plugin. -->","yoast_head_json":{"title":"Elei\u00e7\u00e3o para escolha de Diretor e Vice-diretor do IF - quadri\u00eanio 2021\/2025 - NIDFLOR","robots":{"index":"index","follow":"follow","max-snippet":"max-snippet:-1","max-image-preview":"max-image-preview:large","max-video-preview":"max-video-preview:-1"},"canonical":"https:\/\/institucional.ufrrj.br\/nidflor\/eleicao-para-escolha-de-diretor-e-vice-diretor-do-if-quadrienio-2021-2025\/","og_locale":"pt_BR","og_type":"article","og_title":"Elei\u00e7\u00e3o para escolha de Diretor e Vice-diretor do IF - quadri\u00eanio 2021\/2025 - NIDFLOR","og_description":"Edital_IF_2021 (Publicado em 17\/05\/2021) Portaria da Comiss\u00e3o Eleitoral (Publicado em 17\/05\/2021) Homologa\u00e7\u00e3o das chapas inscritas (Publicado em 01\/06\/2021) Divulga\u00e7\u00e3o Plano ...","og_url":"https:\/\/institucional.ufrrj.br\/nidflor\/eleicao-para-escolha-de-diretor-e-vice-diretor-do-if-quadrienio-2021-2025\/","og_site_name":"NIDFLOR","article_modified_time":"2021-06-25T18:20:10+00:00","twitter_card":"summary_large_image","schema":{"@context":"https:\/\/schema.org","@graph":[{"@type":"WebPage","@id":"https:\/\/institucional.ufrrj.br\/nidflor\/eleicao-para-escolha-de-diretor-e-vice-diretor-do-if-quadrienio-2021-2025\/","url":"https:\/\/institucional.ufrrj.br\/nidflor\/eleicao-para-escolha-de-diretor-e-vice-diretor-do-if-quadrienio-2021-2025\/","name":"Elei\u00e7\u00e3o para escolha de Diretor e Vice-diretor do IF - quadri\u00eanio 2021\/2025 - NIDFLOR","isPartOf":{"@id":"https:\/\/institucional.ufrrj.br\/nidflor\/#website"},"datePublished":"2021-05-17T13:26:51+00:00","dateModified":"2021-06-25T18:20:10+00:00","breadcrumb":{"@id":"https:\/\/institucional.ufrrj.br\/nidflor\/eleicao-para-escolha-de-diretor-e-vice-diretor-do-if-quadrienio-2021-2025\/#breadcrumb"},"inLanguage":"pt-BR","potentialAction":[{"@type":"ReadAction","target":["https:\/\/institucional.ufrrj.br\/nidflor\/eleicao-para-escolha-de-diretor-e-vice-diretor-do-if-quadrienio-2021-2025\/"]}]},{"@type":"BreadcrumbList","@id":"https:\/\/institucional.ufrrj.br\/nidflor\/eleicao-para-escolha-de-diretor-e-vice-diretor-do-if-quadrienio-2021-2025\/#breadcrumb","itemListElement":[{"@type":"ListItem","position":1,"name":"In\u00edcio","item":"https:\/\/institucional.ufrrj.br\/nidflor\/"},{"@type":"ListItem","position":2,"name":"Elei\u00e7\u00e3o para escolha de Diretor e Vice-diretor do IF &#8211; quadri\u00eanio 2021\/2025"}]},{"@type":"WebSite","@id":"https:\/\/institucional.ufrrj.br\/nidflor\/#website","url":"https:\/\/institucional.ufrrj.br\/nidflor\/","name":"NIDFLOR","description":"N\u00facleo de Informa\u00e7\u00e3o e Documenta\u00e7\u00e3o Florestal - UFRRJ","potentialAction":[{"@type":"SearchAction","target":{"@type":"EntryPoint","urlTemplate":"https:\/\/institucional.ufrrj.br\/nidflor\/?s={search_term_string}"},"query-input":{"@type":"PropertyValueSpecification","valueRequired":true,"valueName":"search_term_string"}}],"inLanguage":"pt-BR"}]}},"acf":[],"_links":{"self":[{"href":"https:\/\/institucional.ufrrj.br\/nidflor\/wp-json\/wp\/v2\/pages\/924","targetHints":{"allow":["GET"]}}],"collection":[{"href":"https:\/\/institucional.ufrrj.br\/nidflor\/wp-json\/wp\/v2\/pages"}],"about":[{"href":"https:\/\/institucional.ufrrj.br\/nidflor\/wp-json\/wp\/v2\/types\/page"}],"author":[{"embeddable":true,"href":"https:\/\/institucional.ufrrj.br\/nidflor\/wp-json\/wp\/v2\/users\/690"}],"replies":[{"embeddable":true,"href":"https:\/\/institucional.ufrrj.br\/nidflor\/wp-json\/wp\/v2\/comments?post=924"}],"version-history":[{"count":11,"href":"https:\/\/institucional.ufrrj.br\/nidflor\/wp-json\/wp\/v2\/pages\/924\/revisions"}],"predecessor-version":[{"id":967,"href":"https:\/\/institucional.ufrrj.br\/nidflor\/wp-json\/wp\/v2\/pages\/924\/revisions\/967"}],"wp:attachment":[{"href":"https:\/\/institucional.ufrrj.br\/nidflor\/wp-json\/wp\/v2\/media?parent=924"}],"curies":[{"name":"wp","href":"https:\/\/api.w.org\/{rel}","templated":true}]}}