{"id":886,"date":"2021-05-12T18:36:35","date_gmt":"2021-05-12T21:36:35","guid":{"rendered":"http:\/\/institucional.ufrrj.br\/nidflor\/?page_id=886"},"modified":"2021-05-31T10:08:37","modified_gmt":"2021-05-31T13:08:37","slug":"processo-eleitoral-de-escolha-de-representantes-tecnicos-administrativos-junto-ao-consuni-if-bienio-2021-2023","status":"publish","type":"page","link":"https:\/\/institucional.ufrrj.br\/nidflor\/processo-eleitoral-de-escolha-de-representantes-tecnicos-administrativos-junto-ao-consuni-if-bienio-2021-2023\/","title":{"rendered":"Processo eleitoral de escolha de Representantes T\u00e9cnicos Administrativos junto ao CONSUNI &#8211; IF (Bi\u00eanio 2021\/2023)."},"content":{"rendered":"<p>&nbsp;<\/p>\n<hr \/>\n<p><span style=\"color: #0000ff\"><a style=\"color: #0000ff\" href=\"https:\/\/sipac.ufrrj.br\/public\/jsp\/documentos\/documento_visualizacao.jsf?idDoc=756607\">Edital<\/a> <span style=\"color: #000000\">(Publicado em 12\/05\/2021)<\/span><\/span><\/p>\n<p><span style=\"color: #0000ff\"><a href=\"https:\/\/sipac.ufrrj.br\/public\/jsp\/documentos\/documento_visualizacao.jsf?idDoc=756436\"><span style=\"color: #0000ff\">Portaria da Comiss\u00e3o Eleitoral<\/span><\/a> <span style=\"color: #000000\">(Publicado em 12\/05\/2021)<\/span><\/span><\/p>\n<p><span style=\"color: #000000\"><a href=\"https:\/\/institucional.ufrrj.br\/nidflor\/files\/2021\/05\/Candidaturas-homologadas-representante-TA-Consuni-IF-2021.pdf\"><span style=\"color: #0000ff\">Candidaturas Homologadas<\/span><\/a> (Publicado em 24\/05\/2021)<\/span><\/p>\n<p><span style=\"color: #000000\"><a href=\"https:\/\/institucional.ufrrj.br\/nidflor\/files\/2021\/05\/Divulga\u00e7\u00e3o-sala-de-vota\u00e7\u00e3o-para-elei\u00e7\u00e3o-representante-TA-Consuni-IF-2021.pdf\"><span style=\"color: #0000ff\">Instru\u00e7\u00f5es para acesso \u00e0 sala virtual de vota\u00e7\u00e3o<\/span><\/a> (Publicado em 24\/05\/2021)<\/span><\/p>\n<p><span style=\"color: #0000ff\"><a style=\"color: #0000ff\" href=\"https:\/\/sipac.ufrrj.br\/public\/jsp\/documentos\/documento_visualizacao.jsf?idDoc=767738\">Resultado da escolha eleitoral\u00a0 (ata de apura\u00e7\u00e3o eleitoral)<\/a> &#8211;<\/span> (Publicado em 31\/05\/2021)<\/p>\n<p><span style=\"color: #0000ff\"><a style=\"color: #0000ff\" href=\"https:\/\/sipac.ufrrj.br\/public\/jsp\/documentos\/info_documento.jsf?idDocumento=767738\">Documentos com informa\u00e7\u00f5es complementares (rela\u00e7\u00e3o de votantes e sobre o desempate do pleito)<\/a><\/span> &#8211; (Publicado em 31\/05\/2021)<\/p>\n","protected":false},"excerpt":{"rendered":"<p>&nbsp; Edital (Publicado em 12\/05\/2021) Portaria da Comiss\u00e3o Eleitoral (Publicado em 12\/05\/2021) Candidaturas Homologadas (Publicado em 24\/05\/2021) Instru\u00e7\u00f5es para acesso <a class=\"read-more\" href=\"https:\/\/institucional.ufrrj.br\/nidflor\/processo-eleitoral-de-escolha-de-representantes-tecnicos-administrativos-junto-ao-consuni-if-bienio-2021-2023\/ \">&#8230; <i class=\"fa fa-long-arrow-right\"><\/i><\/a><\/p>\n","protected":false},"author":690,"featured_media":0,"parent":0,"menu_order":0,"comment_status":"closed","ping_status":"closed","template":"","meta":{"_acf_changed":false,"footnotes":""},"class_list":["post-886","page","type-page","status-publish","hentry"],"yoast_head":"<!-- This site is optimized with the Yoast SEO plugin v27.2 - https:\/\/yoast.com\/product\/yoast-seo-wordpress\/ -->\n<title>Processo eleitoral de escolha de Representantes T\u00e9cnicos Administrativos junto ao CONSUNI - IF (Bi\u00eanio 2021\/2023). - NIDFLOR<\/title>\n<meta name=\"robots\" content=\"index, follow, max-snippet:-1, max-image-preview:large, max-video-preview:-1\" \/>\n<link rel=\"canonical\" href=\"https:\/\/institucional.ufrrj.br\/nidflor\/processo-eleitoral-de-escolha-de-representantes-tecnicos-administrativos-junto-ao-consuni-if-bienio-2021-2023\/\" \/>\n<meta property=\"og:locale\" content=\"pt_BR\" \/>\n<meta property=\"og:type\" content=\"article\" \/>\n<meta property=\"og:title\" content=\"Processo eleitoral de escolha de Representantes T\u00e9cnicos Administrativos junto ao CONSUNI - IF (Bi\u00eanio 2021\/2023). - NIDFLOR\" \/>\n<meta property=\"og:description\" content=\"&nbsp; Edital (Publicado em 12\/05\/2021) Portaria da Comiss\u00e3o Eleitoral (Publicado em 12\/05\/2021) Candidaturas Homologadas (Publicado em 24\/05\/2021) Instru\u00e7\u00f5es para acesso ...\" \/>\n<meta property=\"og:url\" content=\"https:\/\/institucional.ufrrj.br\/nidflor\/processo-eleitoral-de-escolha-de-representantes-tecnicos-administrativos-junto-ao-consuni-if-bienio-2021-2023\/\" \/>\n<meta property=\"og:site_name\" content=\"NIDFLOR\" \/>\n<meta property=\"article:modified_time\" content=\"2021-05-31T13:08:37+00:00\" \/>\n<meta name=\"twitter:card\" content=\"summary_large_image\" \/>\n<script type=\"application\/ld+json\" class=\"yoast-schema-graph\">{\"@context\":\"https:\/\/schema.org\",\"@graph\":[{\"@type\":\"WebPage\",\"@id\":\"https:\/\/institucional.ufrrj.br\/nidflor\/processo-eleitoral-de-escolha-de-representantes-tecnicos-administrativos-junto-ao-consuni-if-bienio-2021-2023\/\",\"url\":\"https:\/\/institucional.ufrrj.br\/nidflor\/processo-eleitoral-de-escolha-de-representantes-tecnicos-administrativos-junto-ao-consuni-if-bienio-2021-2023\/\",\"name\":\"Processo eleitoral de escolha de Representantes T\u00e9cnicos Administrativos junto ao CONSUNI - IF (Bi\u00eanio 2021\/2023). - NIDFLOR\",\"isPartOf\":{\"@id\":\"https:\/\/institucional.ufrrj.br\/nidflor\/#website\"},\"datePublished\":\"2021-05-12T21:36:35+00:00\",\"dateModified\":\"2021-05-31T13:08:37+00:00\",\"breadcrumb\":{\"@id\":\"https:\/\/institucional.ufrrj.br\/nidflor\/processo-eleitoral-de-escolha-de-representantes-tecnicos-administrativos-junto-ao-consuni-if-bienio-2021-2023\/#breadcrumb\"},\"inLanguage\":\"pt-BR\",\"potentialAction\":[{\"@type\":\"ReadAction\",\"target\":[\"https:\/\/institucional.ufrrj.br\/nidflor\/processo-eleitoral-de-escolha-de-representantes-tecnicos-administrativos-junto-ao-consuni-if-bienio-2021-2023\/\"]}]},{\"@type\":\"BreadcrumbList\",\"@id\":\"https:\/\/institucional.ufrrj.br\/nidflor\/processo-eleitoral-de-escolha-de-representantes-tecnicos-administrativos-junto-ao-consuni-if-bienio-2021-2023\/#breadcrumb\",\"itemListElement\":[{\"@type\":\"ListItem\",\"position\":1,\"name\":\"In\u00edcio\",\"item\":\"https:\/\/institucional.ufrrj.br\/nidflor\/\"},{\"@type\":\"ListItem\",\"position\":2,\"name\":\"Processo eleitoral de escolha de Representantes T\u00e9cnicos Administrativos junto ao CONSUNI &#8211; IF (Bi\u00eanio 2021\/2023).\"}]},{\"@type\":\"WebSite\",\"@id\":\"https:\/\/institucional.ufrrj.br\/nidflor\/#website\",\"url\":\"https:\/\/institucional.ufrrj.br\/nidflor\/\",\"name\":\"NIDFLOR\",\"description\":\"N\u00facleo de Informa\u00e7\u00e3o e Documenta\u00e7\u00e3o Florestal - UFRRJ\",\"potentialAction\":[{\"@type\":\"SearchAction\",\"target\":{\"@type\":\"EntryPoint\",\"urlTemplate\":\"https:\/\/institucional.ufrrj.br\/nidflor\/?s={search_term_string}\"},\"query-input\":{\"@type\":\"PropertyValueSpecification\",\"valueRequired\":true,\"valueName\":\"search_term_string\"}}],\"inLanguage\":\"pt-BR\"}]}<\/script>\n<!-- \/ Yoast SEO plugin. -->","yoast_head_json":{"title":"Processo eleitoral de escolha de Representantes T\u00e9cnicos Administrativos junto ao CONSUNI - IF (Bi\u00eanio 2021\/2023). - NIDFLOR","robots":{"index":"index","follow":"follow","max-snippet":"max-snippet:-1","max-image-preview":"max-image-preview:large","max-video-preview":"max-video-preview:-1"},"canonical":"https:\/\/institucional.ufrrj.br\/nidflor\/processo-eleitoral-de-escolha-de-representantes-tecnicos-administrativos-junto-ao-consuni-if-bienio-2021-2023\/","og_locale":"pt_BR","og_type":"article","og_title":"Processo eleitoral de escolha de Representantes T\u00e9cnicos Administrativos junto ao CONSUNI - IF (Bi\u00eanio 2021\/2023). - NIDFLOR","og_description":"&nbsp; Edital (Publicado em 12\/05\/2021) Portaria da Comiss\u00e3o Eleitoral (Publicado em 12\/05\/2021) Candidaturas Homologadas (Publicado em 24\/05\/2021) Instru\u00e7\u00f5es para acesso ...","og_url":"https:\/\/institucional.ufrrj.br\/nidflor\/processo-eleitoral-de-escolha-de-representantes-tecnicos-administrativos-junto-ao-consuni-if-bienio-2021-2023\/","og_site_name":"NIDFLOR","article_modified_time":"2021-05-31T13:08:37+00:00","twitter_card":"summary_large_image","schema":{"@context":"https:\/\/schema.org","@graph":[{"@type":"WebPage","@id":"https:\/\/institucional.ufrrj.br\/nidflor\/processo-eleitoral-de-escolha-de-representantes-tecnicos-administrativos-junto-ao-consuni-if-bienio-2021-2023\/","url":"https:\/\/institucional.ufrrj.br\/nidflor\/processo-eleitoral-de-escolha-de-representantes-tecnicos-administrativos-junto-ao-consuni-if-bienio-2021-2023\/","name":"Processo eleitoral de escolha de Representantes T\u00e9cnicos Administrativos junto ao CONSUNI - IF (Bi\u00eanio 2021\/2023). - NIDFLOR","isPartOf":{"@id":"https:\/\/institucional.ufrrj.br\/nidflor\/#website"},"datePublished":"2021-05-12T21:36:35+00:00","dateModified":"2021-05-31T13:08:37+00:00","breadcrumb":{"@id":"https:\/\/institucional.ufrrj.br\/nidflor\/processo-eleitoral-de-escolha-de-representantes-tecnicos-administrativos-junto-ao-consuni-if-bienio-2021-2023\/#breadcrumb"},"inLanguage":"pt-BR","potentialAction":[{"@type":"ReadAction","target":["https:\/\/institucional.ufrrj.br\/nidflor\/processo-eleitoral-de-escolha-de-representantes-tecnicos-administrativos-junto-ao-consuni-if-bienio-2021-2023\/"]}]},{"@type":"BreadcrumbList","@id":"https:\/\/institucional.ufrrj.br\/nidflor\/processo-eleitoral-de-escolha-de-representantes-tecnicos-administrativos-junto-ao-consuni-if-bienio-2021-2023\/#breadcrumb","itemListElement":[{"@type":"ListItem","position":1,"name":"In\u00edcio","item":"https:\/\/institucional.ufrrj.br\/nidflor\/"},{"@type":"ListItem","position":2,"name":"Processo eleitoral de escolha de Representantes T\u00e9cnicos Administrativos junto ao CONSUNI &#8211; IF (Bi\u00eanio 2021\/2023)."}]},{"@type":"WebSite","@id":"https:\/\/institucional.ufrrj.br\/nidflor\/#website","url":"https:\/\/institucional.ufrrj.br\/nidflor\/","name":"NIDFLOR","description":"N\u00facleo de Informa\u00e7\u00e3o e Documenta\u00e7\u00e3o Florestal - UFRRJ","potentialAction":[{"@type":"SearchAction","target":{"@type":"EntryPoint","urlTemplate":"https:\/\/institucional.ufrrj.br\/nidflor\/?s={search_term_string}"},"query-input":{"@type":"PropertyValueSpecification","valueRequired":true,"valueName":"search_term_string"}}],"inLanguage":"pt-BR"}]}},"acf":[],"_links":{"self":[{"href":"https:\/\/institucional.ufrrj.br\/nidflor\/wp-json\/wp\/v2\/pages\/886","targetHints":{"allow":["GET"]}}],"collection":[{"href":"https:\/\/institucional.ufrrj.br\/nidflor\/wp-json\/wp\/v2\/pages"}],"about":[{"href":"https:\/\/institucional.ufrrj.br\/nidflor\/wp-json\/wp\/v2\/types\/page"}],"author":[{"embeddable":true,"href":"https:\/\/institucional.ufrrj.br\/nidflor\/wp-json\/wp\/v2\/users\/690"}],"replies":[{"embeddable":true,"href":"https:\/\/institucional.ufrrj.br\/nidflor\/wp-json\/wp\/v2\/comments?post=886"}],"version-history":[{"count":10,"href":"https:\/\/institucional.ufrrj.br\/nidflor\/wp-json\/wp\/v2\/pages\/886\/revisions"}],"predecessor-version":[{"id":942,"href":"https:\/\/institucional.ufrrj.br\/nidflor\/wp-json\/wp\/v2\/pages\/886\/revisions\/942"}],"wp:attachment":[{"href":"https:\/\/institucional.ufrrj.br\/nidflor\/wp-json\/wp\/v2\/media?parent=886"}],"curies":[{"name":"wp","href":"https:\/\/api.w.org\/{rel}","templated":true}]}}