{"id":836,"date":"2021-03-10T17:42:44","date_gmt":"2021-03-10T20:42:44","guid":{"rendered":"http:\/\/institucional.ufrrj.br\/nidflor\/?page_id=836"},"modified":"2022-06-20T16:04:34","modified_gmt":"2022-06-20T19:04:34","slug":"atas-de-2021","status":"publish","type":"page","link":"https:\/\/institucional.ufrrj.br\/nidflor\/atas-de-2021\/","title":{"rendered":"Atas de 2021"},"content":{"rendered":"<h4 style=\"text-align: center\"><span style=\"color: #800000\">Atas das Reuni\u00f5es do CONSUNI-IF de 2021<\/span><\/h4>\n<p>&nbsp;<\/p>\n<hr \/>\n<p><a href=\"https:\/\/sipac.ufrrj.br\/public\/jsp\/documentos\/documento_visualizacao.jsf?idDoc=1034556\"><span style=\"color: #0000ff\">Ata da 204\u00aa Reuni\u00e3o Ordin\u00e1ria de 13 de dezembro de 2021<\/span><\/a><\/p>\n<hr \/>\n<p><a href=\"https:\/\/sipac.ufrrj.br\/public\/jsp\/documentos\/documento_visualizacao.jsf?idDoc=888172\" target=\"_blank\" rel=\"noopener noreferrer\"><span style=\"color: #0000ff\">Ata da 203\u00aa Reuni\u00e3o Ordin\u00e1ria de 12 de novembro de 2021<\/span><\/a><\/p>\n<hr \/>\n<p><a href=\"https:\/\/sipac.ufrrj.br\/public\/jsp\/documentos\/documento_visualizacao.jsf?idDoc=916164\" target=\"_blank\" rel=\"noopener noreferrer\"><span style=\"color: #0000ff\">Ata da 202\u00aa Reuni\u00e3o Ordin\u00e1ria de 8 de outubro de 2021<\/span><\/a><\/p>\n<hr \/>\n<p><a href=\"https:\/\/sipac.ufrrj.br\/public\/jsp\/documentos\/documento_visualizacao.jsf?idDoc=863734\" target=\"_blank\" rel=\"noopener noreferrer\"><span style=\"color: #0000ff\">Ata da 201\u00aa Reuni\u00e3o Ordin\u00e1ria de 13 de setembro de 2021<\/span><\/a><\/p>\n<hr \/>\n<p><a href=\"https:\/\/sipac.ufrrj.br\/public\/jsp\/documentos\/documento_visualizacao.jsf?idDoc=834725\" target=\"_blank\" rel=\"noopener noreferrer\"><span style=\"color: #0000ff\">Ata da 200\u00aa Reuni\u00e3o Ordin\u00e1ria de 13 de agosto de 2021<\/span><\/a><\/p>\n<hr \/>\n<p><a href=\"https:\/\/sipac.ufrrj.br\/public\/jsp\/documentos\/documento_visualizacao.jsf?idDoc=822566\" target=\"_blank\" rel=\"noopener noreferrer\"><span style=\"color: #0000ff\">Ata da 199\u00aa Reuni\u00e3o Ordin\u00e1ria de 12 de julho de 2021<\/span><\/a><\/p>\n<hr \/>\n<p><a href=\"https:\/\/sipac.ufrrj.br\/public\/jsp\/documentos\/documento_visualizacao.jsf?idDoc=810585\">Ata da 2\u00aa Reuni\u00e3o Extraordin\u00e1ria de 2021, realizada em 12 de julho de 2021<\/a><\/p>\n<hr \/>\n<p><a href=\"https:\/\/sipac.ufrrj.br\/public\/jsp\/documentos\/documento_visualizacao.jsf?idDoc=781441\"><span style=\"color: #0000ff\">Ata da 198\u00aa Reuni\u00e3o Ordin\u00e1ria de 11 de junho de 2021<\/span><\/a><\/p>\n<hr \/>\n<p><a href=\"https:\/\/sipac.ufrrj.br\/public\/jsp\/documentos\/documento_visualizacao.jsf?idDoc=760041\"><span style=\"color: #0000ff\">Ata da 197\u00aa Reuni\u00e3o Ordin\u00e1ria de 10 de maio de 2021<\/span><\/a><\/p>\n<hr \/>\n<p><a href=\"https:\/\/sipac.ufrrj.br\/public\/jsp\/documentos\/documento_visualizacao.jsf?idDoc=754492\"><span style=\"color: #0000ff\">Ata da 196\u00aa Reuni\u00e3o Ordin\u00e1ria de 12 de abril de 2021<\/span><\/a><\/p>\n<hr \/>\n<p><a href=\"https:\/\/sipac.ufrrj.br\/public\/jsp\/documentos\/documento_visualizacao.jsf?idDoc=736427\"><span style=\"color: #0000ff\">Ata da 195\u00aa Reuni\u00e3o Ordin\u00e1ria de 08 de mar\u00e7o de 2021<\/span><\/a><\/p>\n<hr \/>\n<p><a href=\"https:\/\/sipac.ufrrj.br\/public\/jsp\/documentos\/documento_visualizacao.jsf?idDoc=721075\"><span style=\"color: #0000ff\">Ata da 194\u00aa Reuni\u00e3o Ordin\u00e1ria de 12 de fevereiro de 2021<\/span><\/a><\/p>\n<hr \/>\n<p>&nbsp;<\/p>\n","protected":false},"excerpt":{"rendered":"<p>Atas das Reuni\u00f5es do CONSUNI-IF de 2021 &nbsp; Ata da 204\u00aa Reuni\u00e3o Ordin\u00e1ria de 13 de dezembro de 2021 Ata <a class=\"read-more\" href=\"https:\/\/institucional.ufrrj.br\/nidflor\/atas-de-2021\/ \">&#8230; <i class=\"fa fa-long-arrow-right\"><\/i><\/a><\/p>\n","protected":false},"author":690,"featured_media":0,"parent":0,"menu_order":0,"comment_status":"closed","ping_status":"closed","template":"","meta":{"_acf_changed":false,"footnotes":""},"class_list":["post-836","page","type-page","status-publish","hentry"],"yoast_head":"<!-- This site is optimized with the Yoast SEO plugin v27.2 - https:\/\/yoast.com\/product\/yoast-seo-wordpress\/ -->\n<title>Atas de 2021 - NIDFLOR<\/title>\n<meta name=\"robots\" content=\"index, follow, max-snippet:-1, max-image-preview:large, max-video-preview:-1\" \/>\n<link rel=\"canonical\" href=\"https:\/\/institucional.ufrrj.br\/nidflor\/atas-de-2021\/\" \/>\n<meta property=\"og:locale\" content=\"pt_BR\" \/>\n<meta property=\"og:type\" content=\"article\" \/>\n<meta property=\"og:title\" content=\"Atas de 2021 - NIDFLOR\" \/>\n<meta property=\"og:description\" content=\"Atas das Reuni\u00f5es do CONSUNI-IF de 2021 &nbsp; Ata da 204\u00aa Reuni\u00e3o Ordin\u00e1ria de 13 de dezembro de 2021 Ata ...\" \/>\n<meta property=\"og:url\" content=\"https:\/\/institucional.ufrrj.br\/nidflor\/atas-de-2021\/\" \/>\n<meta property=\"og:site_name\" content=\"NIDFLOR\" \/>\n<meta property=\"article:modified_time\" content=\"2022-06-20T19:04:34+00:00\" \/>\n<meta name=\"twitter:card\" content=\"summary_large_image\" \/>\n<meta name=\"twitter:label1\" content=\"Est. tempo de leitura\" \/>\n\t<meta name=\"twitter:data1\" content=\"1 minuto\" \/>\n<script type=\"application\/ld+json\" class=\"yoast-schema-graph\">{\"@context\":\"https:\/\/schema.org\",\"@graph\":[{\"@type\":\"WebPage\",\"@id\":\"https:\/\/institucional.ufrrj.br\/nidflor\/atas-de-2021\/\",\"url\":\"https:\/\/institucional.ufrrj.br\/nidflor\/atas-de-2021\/\",\"name\":\"Atas de 2021 - NIDFLOR\",\"isPartOf\":{\"@id\":\"https:\/\/institucional.ufrrj.br\/nidflor\/#website\"},\"datePublished\":\"2021-03-10T20:42:44+00:00\",\"dateModified\":\"2022-06-20T19:04:34+00:00\",\"breadcrumb\":{\"@id\":\"https:\/\/institucional.ufrrj.br\/nidflor\/atas-de-2021\/#breadcrumb\"},\"inLanguage\":\"pt-BR\",\"potentialAction\":[{\"@type\":\"ReadAction\",\"target\":[\"https:\/\/institucional.ufrrj.br\/nidflor\/atas-de-2021\/\"]}]},{\"@type\":\"BreadcrumbList\",\"@id\":\"https:\/\/institucional.ufrrj.br\/nidflor\/atas-de-2021\/#breadcrumb\",\"itemListElement\":[{\"@type\":\"ListItem\",\"position\":1,\"name\":\"In\u00edcio\",\"item\":\"https:\/\/institucional.ufrrj.br\/nidflor\/\"},{\"@type\":\"ListItem\",\"position\":2,\"name\":\"Atas de 2021\"}]},{\"@type\":\"WebSite\",\"@id\":\"https:\/\/institucional.ufrrj.br\/nidflor\/#website\",\"url\":\"https:\/\/institucional.ufrrj.br\/nidflor\/\",\"name\":\"NIDFLOR\",\"description\":\"N\u00facleo de Informa\u00e7\u00e3o e Documenta\u00e7\u00e3o Florestal - UFRRJ\",\"potentialAction\":[{\"@type\":\"SearchAction\",\"target\":{\"@type\":\"EntryPoint\",\"urlTemplate\":\"https:\/\/institucional.ufrrj.br\/nidflor\/?s={search_term_string}\"},\"query-input\":{\"@type\":\"PropertyValueSpecification\",\"valueRequired\":true,\"valueName\":\"search_term_string\"}}],\"inLanguage\":\"pt-BR\"}]}<\/script>\n<!-- \/ Yoast SEO plugin. -->","yoast_head_json":{"title":"Atas de 2021 - NIDFLOR","robots":{"index":"index","follow":"follow","max-snippet":"max-snippet:-1","max-image-preview":"max-image-preview:large","max-video-preview":"max-video-preview:-1"},"canonical":"https:\/\/institucional.ufrrj.br\/nidflor\/atas-de-2021\/","og_locale":"pt_BR","og_type":"article","og_title":"Atas de 2021 - NIDFLOR","og_description":"Atas das Reuni\u00f5es do CONSUNI-IF de 2021 &nbsp; Ata da 204\u00aa Reuni\u00e3o Ordin\u00e1ria de 13 de dezembro de 2021 Ata ...","og_url":"https:\/\/institucional.ufrrj.br\/nidflor\/atas-de-2021\/","og_site_name":"NIDFLOR","article_modified_time":"2022-06-20T19:04:34+00:00","twitter_card":"summary_large_image","twitter_misc":{"Est. tempo de leitura":"1 minuto"},"schema":{"@context":"https:\/\/schema.org","@graph":[{"@type":"WebPage","@id":"https:\/\/institucional.ufrrj.br\/nidflor\/atas-de-2021\/","url":"https:\/\/institucional.ufrrj.br\/nidflor\/atas-de-2021\/","name":"Atas de 2021 - NIDFLOR","isPartOf":{"@id":"https:\/\/institucional.ufrrj.br\/nidflor\/#website"},"datePublished":"2021-03-10T20:42:44+00:00","dateModified":"2022-06-20T19:04:34+00:00","breadcrumb":{"@id":"https:\/\/institucional.ufrrj.br\/nidflor\/atas-de-2021\/#breadcrumb"},"inLanguage":"pt-BR","potentialAction":[{"@type":"ReadAction","target":["https:\/\/institucional.ufrrj.br\/nidflor\/atas-de-2021\/"]}]},{"@type":"BreadcrumbList","@id":"https:\/\/institucional.ufrrj.br\/nidflor\/atas-de-2021\/#breadcrumb","itemListElement":[{"@type":"ListItem","position":1,"name":"In\u00edcio","item":"https:\/\/institucional.ufrrj.br\/nidflor\/"},{"@type":"ListItem","position":2,"name":"Atas de 2021"}]},{"@type":"WebSite","@id":"https:\/\/institucional.ufrrj.br\/nidflor\/#website","url":"https:\/\/institucional.ufrrj.br\/nidflor\/","name":"NIDFLOR","description":"N\u00facleo de Informa\u00e7\u00e3o e Documenta\u00e7\u00e3o Florestal - UFRRJ","potentialAction":[{"@type":"SearchAction","target":{"@type":"EntryPoint","urlTemplate":"https:\/\/institucional.ufrrj.br\/nidflor\/?s={search_term_string}"},"query-input":{"@type":"PropertyValueSpecification","valueRequired":true,"valueName":"search_term_string"}}],"inLanguage":"pt-BR"}]}},"acf":[],"_links":{"self":[{"href":"https:\/\/institucional.ufrrj.br\/nidflor\/wp-json\/wp\/v2\/pages\/836","targetHints":{"allow":["GET"]}}],"collection":[{"href":"https:\/\/institucional.ufrrj.br\/nidflor\/wp-json\/wp\/v2\/pages"}],"about":[{"href":"https:\/\/institucional.ufrrj.br\/nidflor\/wp-json\/wp\/v2\/types\/page"}],"author":[{"embeddable":true,"href":"https:\/\/institucional.ufrrj.br\/nidflor\/wp-json\/wp\/v2\/users\/690"}],"replies":[{"embeddable":true,"href":"https:\/\/institucional.ufrrj.br\/nidflor\/wp-json\/wp\/v2\/comments?post=836"}],"version-history":[{"count":16,"href":"https:\/\/institucional.ufrrj.br\/nidflor\/wp-json\/wp\/v2\/pages\/836\/revisions"}],"predecessor-version":[{"id":1207,"href":"https:\/\/institucional.ufrrj.br\/nidflor\/wp-json\/wp\/v2\/pages\/836\/revisions\/1207"}],"wp:attachment":[{"href":"https:\/\/institucional.ufrrj.br\/nidflor\/wp-json\/wp\/v2\/media?parent=836"}],"curies":[{"name":"wp","href":"https:\/\/api.w.org\/{rel}","templated":true}]}}