{"id":825,"date":"2021-02-23T12:07:49","date_gmt":"2021-02-23T15:07:49","guid":{"rendered":"http:\/\/institucional.ufrrj.br\/nidflor\/?page_id=825"},"modified":"2021-12-21T15:18:09","modified_gmt":"2021-12-21T18:18:09","slug":"deliberacoes-2021","status":"publish","type":"page","link":"https:\/\/institucional.ufrrj.br\/nidflor\/deliberacoes-2021\/","title":{"rendered":"Delibera\u00e7\u00f5es 2021"},"content":{"rendered":"<p>&nbsp;<\/p>\n<hr \/>\n<p><strong>Delibera\u00e7\u00e3o N\u00ba 504 \/ 2021 \u2013 IF<\/strong><\/p>\n<p>Para acessar o documento,\u00a0<a href=\"https:\/\/sipac.ufrrj.br\/public\/jsp\/documentos\/documento_visualizacao.jsf?idDoc=913198\"><strong>cliq<\/strong><strong>u<\/strong><strong>e aqui.<\/strong><\/a><\/p>\n<p><strong>Data do documento:<\/strong> 20 de dezembro de 2021.<\/p>\n<p><strong>Assunto do documento: <\/strong>Delibera\u00e7\u00e3o de aprova\u00e7\u00e3o dos Programas Anal\u00edticos das disciplinas obrigat\u00f3rias e optativas vinculadas ao Departamento de Produtos Florestais, para o Projeto Pedag\u00f3gico do Curso de Engenharia Florestal.<\/p>\n<hr \/>\n<p><strong>Delibera\u00e7\u00e3o N\u00ba 492 \/ 2021 \u2013 IF<\/strong><\/p>\n<p>Para acessar o documento,\u00a0<a href=\"https:\/\/sipac.ufrrj.br\/public\/jsp\/documentos\/documento_visualizacao.jsf?idDoc=911713\"><strong>clique aqui.<\/strong><\/a><\/p>\n<p><strong>Data do documento:<\/strong> 17 de dezembro de 2021.<\/p>\n<p><strong>Assunto do documento: <\/strong>Delibera\u00e7\u00e3o de\u00a0aprova\u00e7\u00e3o dos Programas Anal\u00edticos das disciplinas obrigat\u00f3rias e optativas vinculadas ao Departamento de Ci\u00eancias Ambientais para o Projeto Pedag\u00f3gico do Curso de Engenharia Florestal.<\/p>\n<hr \/>\n<p><strong>Delibera\u00e7\u00e3o N\u00ba 485 \/ 2021 \u2013 IF<\/strong><\/p>\n<p>Para acessar o documento,\u00a0<a href=\"https:\/\/sipac.ufrrj.br\/public\/jsp\/documentos\/documento_visualizacao.jsf?idDoc=910908\"><strong>clique aqui.<\/strong><\/a><\/p>\n<p><strong>Data do documento:<\/strong> 16 de dezembro de 2021.<\/p>\n<p><strong>Assunto do documento: <\/strong>Delibera\u00e7\u00e3o de aprova\u00e7\u00e3o dos Programas Anal\u00edticos das disciplinas obrigat\u00f3rias e optativas vinculadas ao Departamento de Silvicultura, para o Projeto Pedag\u00f3gico do Curso de Engenharia Florestal.<\/p>\n<hr \/>\n<p><strong>Delibera\u00e7\u00e3o N\u00ba 478 \/ 2021 \u2013 IF<\/strong><\/p>\n<p>Para acessar o documento,\u00a0<a href=\"https:\/\/sipac.ufrrj.br\/public\/jsp\/documentos\/documento_visualizacao.jsf?idDoc=909534\"><strong>clique aqui.<\/strong><\/a><\/p>\n<p><strong>Data do documento:<\/strong> 14 de dezembro de 2021.<\/p>\n<p><strong>Assunto do documento: <\/strong>Delibera\u00e7\u00e3o de aprova\u00e7\u00e3o da Progress\u00e3o Funcional da Docente Rafaella de Angeli Curto, do N\u00edvel A1, para o N\u00edvel A2, da Classe de Professor Adjunto A.<\/p>\n<hr \/>\n<p><strong>Delibera\u00e7\u00e3o N\u00ba 477 \/ 2021 \u2013 IF<\/strong><\/p>\n<p>Para acessar o documento,\u00a0<a href=\"https:\/\/sipac.ufrrj.br\/public\/jsp\/documentos\/documento_visualizacao.jsf?idDoc=909528\"><strong>clique aqui.<\/strong><\/a><\/p>\n<p><strong>Data do documento:<\/strong> 14 de dezembro de 2021.<\/p>\n<p><strong>Assunto do documento: <\/strong>Delibera\u00e7\u00e3o de aprova\u00e7\u00e3o da Progress\u00e3o Funcional do Docente Rodolfo Cesar Real de Abreu, do N\u00edvel A1, para o N\u00edvel A2, da Classe de Professor Adjunto A.<\/p>\n<hr \/>\n<p><strong>Delibera\u00e7\u00e3o N\u00ba 451 \/ 2021 \u2013 IF<\/strong><\/p>\n<p>Para acessar o documento,\u00a0<a href=\"https:\/\/sipac.ufrrj.br\/public\/jsp\/documentos\/documento_visualizacao.jsf?idDoc=890348\"><strong>clique aqui.<\/strong><\/a><\/p>\n<p><strong>Data do documento:<\/strong> 19 de novembro de 2021.<\/p>\n<p><strong>Assunto do documento: <\/strong>Delibera\u00e7\u00e3o de aprova\u00e7\u00e3o da cria\u00e7\u00e3o da disciplina, intitulada: IF-XXX &#8211; Ecologia de Popula\u00e7\u00f5es, do Departamento de Ci\u00eancias Ambientais, do Instituto de Florestas &#8211; DCA\/IF, de acordo com a decis\u00e3o tomada na 46\u00aa Reuni\u00e3o Ordin\u00e1ria do CEPEA-CA, realizada em 18 de novembro de 20211.<\/p>\n<hr \/>\n<p><strong>Delibera\u00e7\u00e3o N\u00ba 449 \/ 2021 \u2013 IF<\/strong><\/p>\n<p>Para acessar o documento,\u00a0<a href=\"https:\/\/sipac.ufrrj.br\/public\/jsp\/documentos\/documento_visualizacao.jsf?idDoc=890335\"><strong>clique aqui.<\/strong><\/a><\/p>\n<p><strong>Data do documento:<\/strong> 19 de novembro de 2021.<\/p>\n<p><strong>Assunto do documento: <\/strong>Delibera\u00e7\u00e3o de\u00a0aprova\u00e7\u00e3o da cria\u00e7\u00e3o da disciplina, intitulada: IFXXX &#8211; Meteorologia B\u00e1sica, do Departamento de Ci\u00eancias Ambientais, do Instituto de Florestas\u2013DCA\/IF, de acordo com a decis\u00e3o tomada na 46\u00aa Reuni\u00e3o Ordin\u00e1ria do CEPEA-CA, realizada em 18 de novembro de 20211.<\/p>\n<hr \/>\n<p><strong>Delibera\u00e7\u00e3o N\u00ba 445 \/ 2021 \u2013 IF<\/strong><\/p>\n<p>Para acessar o documento,\u00a0<a href=\"https:\/\/sipac.ufrrj.br\/public\/jsp\/documentos\/documento_visualizacao.jsf?idDoc=888957\"><strong>clique aqui.<\/strong><\/a><\/p>\n<p><strong>Data do documento:<\/strong> 19 de novembro de 2021.<\/p>\n<p><strong>Assunto do documento: <\/strong>Delibera\u00e7\u00e3o de aprova\u00e7\u00e3o da cria\u00e7\u00e3o da disciplina, intitulada: IF-XXX &#8211; Meteorologia B\u00e1sica, do DCA\/IF;<\/p>\n<hr \/>\n<p><strong>Delibera\u00e7\u00e3o N\u00ba 444 \/ 2021 \u2013 IF<\/strong><\/p>\n<p>Para acessar o documento,\u00a0<a href=\"https:\/\/sipac.ufrrj.br\/public\/jsp\/documentos\/documento_visualizacao.jsf?idDoc=888875\"><strong>clique aqui.<\/strong><\/a><\/p>\n<p><strong>Data do documento:<\/strong> 18 de novembro de 2021.<\/p>\n<p><strong>Assunto do documento: <\/strong>Delibera\u00e7\u00e3o de aprova\u00e7\u00e3o da cria\u00e7\u00e3o do Laborat\u00f3rio de Manejo de Bacias Hidrogr\u00e1ficas &#8211; LMBH, do DCA-IF.<\/p>\n<hr \/>\n<p><strong>Delibera\u00e7\u00e3o N\u00ba 443 \/ 2021 \u2013 IF<\/strong><\/p>\n<p>Para acessar o documento,\u00a0<a href=\"https:\/\/sipac.ufrrj.br\/public\/jsp\/documentos\/documento_visualizacao.jsf?idDoc=888870\"><strong>clique aqui.<\/strong><\/a><\/p>\n<p><strong>Data do documento:<\/strong> 18 de novembro de 2021.<\/p>\n<p><strong>Assunto do documento: <\/strong>Delibera\u00e7\u00e3o de aprova\u00e7\u00e3o da cria\u00e7\u00e3o do Laborat\u00f3rio de Ecologia Aplicada &#8211; LEAp &#8211; UFRRJ, do DCA\/IF.<\/p>\n<hr \/>\n<p><strong>Delibera\u00e7\u00e3o N\u00ba 442 \/ 2021 \u2013 IF<\/strong><\/p>\n<p>Para acessar o documento,\u00a0<a href=\"https:\/\/sipac.ufrrj.br\/public\/jsp\/documentos\/documento_visualizacao.jsf?idDoc=888849\"><strong>clique aqui.<\/strong><\/a><\/p>\n<p><strong>Data do documento:<\/strong> 18 de novembro de 2021.<\/p>\n<p><strong>Assunto do documento: <\/strong>Delibera\u00e7\u00e3o de aprova\u00e7\u00e3o da cria\u00e7\u00e3o da disciplina, intitulada: IF-XXX &#8211; Ecologia de Popula\u00e7\u00f5es, do DCA\/IF.<\/p>\n<hr \/>\n<p><strong>Delibera\u00e7\u00e3o N\u00ba 441 \/ 2021 \u2013 IF<\/strong><\/p>\n<p>Para acessar o documento,\u00a0<a href=\"https:\/\/sipac.ufrrj.br\/public\/jsp\/documentos\/documento_visualizacao.jsf?idDoc=888525\"><strong>clique aqui.<\/strong><\/a><\/p>\n<p><strong>Data do documento:<\/strong> 17 de novembro de 2021.<\/p>\n<p><strong>Assunto do documento: <\/strong>Delibera\u00e7\u00e3o\u00a0de aprova\u00e7\u00e3o da Promo\u00e7\u00e3o Funcional do Docente Alexandre Monteiro de Carvalho, do N\u00edvel 4, da Classe D (Professor Associado), para o N\u00edvel \u00danico, da Classe E (Professor Titular).<\/p>\n<hr \/>\n<p><strong>Delibera\u00e7\u00e3o N\u00ba 361 \/ 2021 \u2013 IF<\/strong><\/p>\n<p>Para acessar o documento,\u00a0<a href=\"https:\/\/sipac.ufrrj.br\/public\/jsp\/documentos\/documento_visualizacao.jsf?idDoc=864234\"><strong>clique aqui.<\/strong><\/a><\/p>\n<p><strong>Data do documento:<\/strong> 13 de outubro de 2021.<\/p>\n<p><strong>Assunto do documento: <\/strong>Delibera\u00e7\u00e3o de aprova\u00e7\u00e3o da Progress\u00e3o Funcional da Docente Nat\u00e1lia Dias de Souza, do N\u00edvel C3, para o N\u00edvel C4, da Classe de Professor Adjunto.<\/p>\n<hr \/>\n<p><strong>Delibera\u00e7\u00e3o N\u00ba 360 \/ 2021 \u2013 IF<\/strong><\/p>\n<p>Para acessar o documento,\u00a0<a href=\"https:\/\/sipac.ufrrj.br\/public\/jsp\/documentos\/documento_visualizacao.jsf?idDoc=864057\"><strong>clique aqui.<\/strong><\/a><\/p>\n<p><strong>Data do documento:<\/strong> 13 de outubro de 2021.<\/p>\n<p><strong>Assunto do documento: <\/strong>Delibera\u00e7\u00e3o de aprova\u00e7\u00e3o do Projeto de Extens\u00e3o \u201cSilvicultura de Precis\u00e3o: Estudo Sobre a Intensidade amostral no Invent\u00e1rio Cont\u00ednuo da GELF S\/A\u201d, com a Empresa GELF Siderurgia S\/A, GRAO MOGOL \u2013 MG.<\/p>\n<hr \/>\n<p><strong>Delibera\u00e7\u00e3o N\u00ba 359 \/ 2021 \u2013 IF<\/strong><\/p>\n<p>Para acessar o documento,\u00a0<a href=\"https:\/\/sipac.ufrrj.br\/public\/jsp\/documentos\/documento_visualizacao.jsf?idDoc=863924\"><strong>clique aqui.<\/strong><\/a><\/p>\n<p><strong>Data do documento:<\/strong> 13 de outubro de 2021.<\/p>\n<p><strong>Assunto do documento: <\/strong>Delibera\u00e7\u00e3o de aprova\u00e7\u00e3o da Progress\u00e3o Funcional do Docente Gustavo Bastos Lyra, do N\u00edvel D2, para o N\u00edvel D3, da Classe de Professor Associado.<\/p>\n<hr \/>\n<p><strong>Delibera\u00e7\u00e3o N\u00ba 357 \/ 2021 \u2013 IF<\/strong><\/p>\n<p>Para acessar o documento,\u00a0<a href=\"https:\/\/sipac.ufrrj.br\/public\/jsp\/documentos\/documento_visualizacao.jsf?idDoc=863882\"><strong>clique aqui.<\/strong><\/a><\/p>\n<p><strong>Data do documento:<\/strong> 13 de outubro de 2021.<\/p>\n<p><strong>Assunto do documento: <\/strong>Delibera\u00e7\u00e3o de aprova\u00e7\u00e3o da Progress\u00e3o Funcional do Docente Bruno Ara\u00fajo Furtado de Mendon\u00e7a, do N\u00edvel C2, para o N\u00edvel C3, da Classe de Professor Adjunto.<\/p>\n<hr \/>\n<p><strong>Delibera\u00e7\u00e3o N\u00ba 335 \/ 2021 \u2013 IF<\/strong><\/p>\n<p>Para acessar o documento,\u00a0<a href=\"https:\/\/sipac.ufrrj.br\/public\/jsp\/documentos\/documento_visualizacao.jsf?idDoc=844314\"><strong>clique aqui.<\/strong><\/a><\/p>\n<p><strong>Data do documento:<\/strong> 14 de setembro de 2021.<\/p>\n<p><strong>Assunto do documento: <\/strong>Delibera\u00e7\u00e3o de aprova\u00e7\u00e3o da Progress\u00e3o Funcional do Docente Emanuel Jos\u00e9 Gomes de Ara\u00fajo, do N\u00edvel C3, para o N\u00edvel C4, da Classe de Professor Adjunto.<\/p>\n<hr \/>\n<p><strong>Delibera\u00e7\u00e3o N\u00ba 312 \/ 2021 \u2013 IF<\/strong><\/p>\n<p>Para acessar o documento,\u00a0<a href=\"https:\/\/sipac.ufrrj.br\/public\/jsp\/documentos\/documento_visualizacao.jsf?idDoc=829539\"><strong>clique aqui.<\/strong><\/a><\/p>\n<p><strong>Data do documento:<\/strong> 24 de agosto de 2021.<\/p>\n<p><strong>Assunto do documento: <\/strong>Delibera\u00e7\u00e3o de aprova\u00e7\u00e3o, ad referendum, da realiza\u00e7\u00e3o da XX Semana Acad\u00eamica de Engenharia Florestal \u2013 Edi\u00e7\u00e3o Comemorativa. Tecnologias e Atualidades no Setor Florestal: A Mulher como Protagonista, que acontecer\u00e1 entre os dias 04 a 08\/10\/2021.<\/p>\n<hr \/>\n<p><strong>Delibera\u00e7\u00e3o N\u00ba 248 \/ 2021 \u2013 IF<\/strong><\/p>\n<p>Para acessar o documento,\u00a0<a href=\"https:\/\/sipac.ufrrj.br\/public\/jsp\/documentos\/documento_visualizacao.jsf?idDoc=805797\"><strong>clique aqui.<\/strong><\/a><\/p>\n<p><strong>Data do documento:<\/strong> 20 de julho de 2021.<\/p>\n<p><strong>Assunto do documento: <\/strong>Aprova\u00e7\u00e3o do nome do Editor Chefe da Revista Floresta e Ambiente &#8211; FLORAM, para o quadri\u00eanio 2021 &#8211; 2025, conforme decis\u00e3o da 199\u00aa Reuni\u00e3o Ordin\u00e1ria do CONSUNI-IF, realizada no dia 12\/07\/2021.<\/p>\n<hr \/>\n<p><strong>Delibera\u00e7\u00e3o N\u00ba 247 \/ 2021 \u2013 IF<\/strong><\/p>\n<p>Para acessar o documento,\u00a0<a href=\"https:\/\/sipac.ufrrj.br\/public\/jsp\/documentos\/documento_visualizacao.jsf?idDoc=805784\"><strong>clique aqui.<\/strong><\/a><\/p>\n<p><strong>Data do documento:<\/strong> 20 de julho de 2021.<\/p>\n<p><strong>Assunto do documento: <\/strong>Aprova\u00e7\u00e3o do Projeto &#8220;An\u00e1lise de vaz\u00f5es m\u00ednimas de refer\u00eancia na Regi\u00e3o Hidrogr\u00e1fica da Ba\u00eda de Guanabara, Rio de Janeiro\u201d &#8211; Edital de Chamamento AGEVAP n\u00b0 10\/2020, conforme decis\u00e3o da 199\u00aa Reuni\u00e3o Ordin\u00e1ria do CONSUNI-IF, realizada no dia 12\/07\/2021.<\/p>\n<hr \/>\n<p><strong>Delibera\u00e7\u00e3o N\u00ba 241 \/ 2021 \u2013 IF<\/strong><\/p>\n<p>Para acessar o documento,\u00a0<a href=\"https:\/\/sipac.ufrrj.br\/public\/jsp\/documentos\/documento_visualizacao.jsf?idDoc=800514\"><strong>clique aqui.<\/strong><\/a><\/p>\n<p><strong>Data do documento:<\/strong> 12 de julho de 2021.<\/p>\n<p><strong>Assunto do documento: <\/strong>Aprova\u00e7\u00e3o da Progress\u00e3o Funcional do Docente Fernando Jos\u00e9 Borges Gomes, do N\u00edvel C1, para o N\u00edvel C2, da Classe de Professor Adjunto, conforme decis\u00e3o da 199\u00aa Reuni\u00e3o Ordin\u00e1ria do CONSUNI-IF, realizada no dia 12\/07\/2021.<\/p>\n<hr \/>\n<p><strong>Delibera\u00e7\u00e3o N\u00ba 229 \/ 2021 \u2013 IF<\/strong><\/p>\n<p>Para acessar o documento,\u00a0<a href=\"https:\/\/sipac.ufrrj.br\/public\/jsp\/documentos\/documento_visualizacao.jsf?idDoc=785719\"><strong>clique aqui.<\/strong><\/a><\/p>\n<p><strong>Data do documento:<\/strong> 24 de junho de 2021.<\/p>\n<p><strong>Assunto do documento:<\/strong>Delibera\u00e7\u00e3o de Homologa\u00e7\u00e3o do Resultado da Elei\u00e7\u00e3o dos Representantes T\u00e9cnicos Administrativos no CONSUNI-IF, para o bi\u00eanio 2021-2023, tendo em vista a decis\u00e3o tomada em sua 198\u00aa Reuni\u00e3o Ordin\u00e1ria, realizada em 11 de junho de 2021.<\/p>\n<hr \/>\n<p><strong>Delibera\u00e7\u00e3o N\u00ba 213 \/ 2021 \u2013 IF<\/strong><\/p>\n<p>Para acessar o documento,\u00a0<a href=\"https:\/\/sipac.ufrrj.br\/public\/jsp\/documentos\/documento_visualizacao.jsf?idDoc=777412\"><strong>clique aqui.<\/strong><\/a><\/p>\n<p><strong>Data do documento:<\/strong> 11 de junho de 2021.<\/p>\n<p><strong>Assunto do documento: <\/strong>Aprova\u00e7\u00e3o da Cria\u00e7\u00e3o do Laborat\u00f3rio de Geotecnologias Aplicadas ao Estudo dos Recursos Naturais (GEOFLORA), sob a coordena\u00e7\u00e3o do Prof. Bruno Ara\u00fajo Furtado de Mendon\u00e7a, do Departamento de Silvicultura \u2013 DS-IF, conforme decis\u00e3o da 198\u00aa Reuni\u00e3o Ordin\u00e1ria do CONSUNI-IF, realizada em 11 de junho de 2021.<\/p>\n<hr \/>\n<p><strong>Delibera\u00e7\u00e3o N\u00ba 119 \/ 2021 \u2013 IF<\/strong><\/p>\n<p>Para acessar o documento,\u00a0<a href=\"https:\/\/sipac.ufrrj.br\/public\/jsp\/documentos\/documento_visualizacao.jsf?idDoc=741600\"><strong>clique aqui.<\/strong><\/a><\/p>\n<p><strong>Data do documento:<\/strong> 16 de abril de 2021.<\/p>\n<p><strong>Assunto do documento:\u00a0<\/strong>Aprova\u00e7\u00e3o da cria\u00e7\u00e3o do Laborat\u00f3rio de Manejo de Paisagens, sob a coordena\u00e7\u00e3o do Prof. Lu\u00eds Mauro Sampaio Magalh\u00e3es, do Departamento de Ci\u00eancias Ambientais \u2013 DCA-IF, em decis\u00e3o tomada na 196\u00aa Reuni\u00e3o Ordin\u00e1ria do CONSUNI-IF, realizada em 12 de abril de 2021.<\/p>\n<hr \/>\n<p><strong>Delibera\u00e7\u00e3o N\u00ba 118 \/ 2021 \u2013 IF<\/strong><\/p>\n<p>Para acessar o documento,\u00a0<a href=\"https:\/\/sipac.ufrrj.br\/public\/jsp\/documentos\/documento_visualizacao.jsf?idDoc=741549\"><strong>clique aqui.<\/strong><\/a><\/p>\n<p><strong>Data do documento:<\/strong> 16 de abril de 2021.<\/p>\n<p><strong>Assunto do documento:<\/strong> Aprova\u00e7\u00e3o do Acordo de Coopera\u00e7\u00e3o T\u00e9cnica entre a Universidade Federal Rural do Rio de Janeiro &#8211; UFRRJ e a Prefeitura da Est\u00e2ncia Balne\u00e1ria de Praia Grande\/SP, em decis\u00e3o tomada na 196\u00aa Reuni\u00e3o Ordin\u00e1ria do CONSUNI-IF, realizada em 12 de abril de 2021.<\/p>\n<hr \/>\n<p><strong>Delibera\u00e7\u00e3o N\u00ba 117 \/ 2021 \u2013 IF<\/strong><\/p>\n<p>Para acessar o documento,\u00a0<a href=\"https:\/\/sipac.ufrrj.br\/public\/jsp\/documentos\/documento_visualizacao.jsf?idDoc=741529\"><strong>clique aqui.<\/strong><\/a><\/p>\n<p><strong>Data do documento:<\/strong> 16 de abril de 2021.<\/p>\n<p><strong>Assunto do documento:<\/strong> Altera\u00e7\u00e3o do per\u00edodo de afastamento de longa dura\u00e7\u00e3o, do Prof. Lu\u00eds Mauro Magalh\u00e3es, para realizar Est\u00e1gio P\u00f3s-Doutoral, na Universidade do Minho, em Braga, Portugal, de 01 de mar\u00e7o de 2021 a 28 de fevereiro de 2022, para 01 de setembro de 2021 a 31 de agosto de 2022, aprovada na 196\u00aa Reuni\u00e3o Ordin\u00e1ria do CONSUNI-IF, realizada em 12 de abril de 2021 e, considerando o contido no processo n. \u00ba 23083.044788\/2020-41.<\/p>\n<hr \/>\n<p><strong>Delibera\u00e7\u00e3o N\u00ba 116 \/ 2021 \u2013 IF<\/strong><\/p>\n<p>Para acessar o documento,\u00a0<a href=\"https:\/\/sipac.ufrrj.br\/public\/jsp\/documentos\/documento_visualizacao.jsf?idDoc=741511\"><strong>clique aqui.<\/strong><\/a><\/p>\n<p><strong>Data do documento:<\/strong> 16 de abril de 2021.<\/p>\n<p><strong>Assunto do documento:<\/strong> Aprova\u00e7\u00e3o do Novo Regimento do Programa de P\u00f3s-gradua\u00e7\u00e3o em Pr\u00e1ticas em Desenvolvimento Sustent\u00e1vel \u2013 PPGPDS\/IF.<\/p>\n<hr \/>\n<p><strong>Delibera\u00e7\u00e3o N\u00ba 67 \/ 2021 \u2013 IF<\/strong><\/p>\n<p>Para acessar o documento,\u00a0<a href=\"https:\/\/sipac.ufrrj.br\/public\/jsp\/documentos\/documento_visualizacao.jsf?idDoc=720909\"><strong>clique aqui.<\/strong><\/a><\/p>\n<p><strong>Data do documento:<\/strong> 10 de mar\u00e7o de 2021.<\/p>\n<p><strong>Assunto do documento: <\/strong>Aprova\u00e7\u00e3o da Promo\u00e7\u00e3o Funcional do Docente Henderson Silva Wanderley, do N\u00edvel C2, para o N\u00edvel C3, da classe de Professor Adjunto, conforme decis\u00e3o da 195\u00aa Reuni\u00e3o Ordin\u00e1ria do CONSUNI-IF, realizada no dia 08\/03\/2021.<\/p>\n<hr \/>\n<p><strong>Delibera\u00e7\u00e3o N\u00ba 66 \/ 2021 \u2013 IF<\/strong><\/p>\n<p>Para acessar o documento,\u00a0<a href=\"https:\/\/sipac.ufrrj.br\/public\/jsp\/documentos\/documento_visualizacao.jsf?idDoc=720899\"><strong>clique aqui.<\/strong><\/a><\/p>\n<p><strong>Data do documento:<\/strong> 10 de mar\u00e7o de 2021.<\/p>\n<p><strong>Assunto do documento: <\/strong>Aprova\u00e7\u00e3o da Promo\u00e7\u00e3o Funcional do Docente Tiago B\u00f6er Breier, do N\u00edvel D3, para o N\u00edvel D4, da classe de Professor Associado, conforme decis\u00e3o da 195\u00aa Reuni\u00e3o Ordin\u00e1ria do CONSUNI-IF, realizada no dia 08\/03\/2021.<\/p>\n<hr \/>\n<p><strong>Delibera\u00e7\u00e3o N\u00ba 15 \/ 2021 \u2013 IF<\/strong><\/p>\n<p>Para acessar o documento,\u00a0<a href=\"https:\/\/sipac.ufrrj.br\/public\/jsp\/documentos\/documento_visualizacao.jsf?idDoc=706128\"><strong>clique aqui.<\/strong><\/a><\/p>\n<p><strong>Data do documento:<\/strong> 17 de fevereiro de 2021.<\/p>\n<p><strong>Assunto do documento:\u00a0<\/strong>Aprova\u00e7\u00e3o da Promo\u00e7\u00e3o Funcional da Docente Fl\u00e1via Souza Rocha, do N\u00edvel 4, da Classe C, para o N\u00edvel 1, da Classe D.<\/p>\n<hr \/>\n<p><strong>Delibera\u00e7\u00e3o N\u00ba 14 \/ 2021 \u2013 IF<\/strong><\/p>\n<p>Para acessar o documento,\u00a0<a href=\"https:\/\/sipac.ufrrj.br\/public\/jsp\/documentos\/documento_visualizacao.jsf?idDoc=706126\"><strong>clique aqui.<\/strong><\/a><\/p>\n<p><strong>Data do documento:<\/strong> 17 de fevereiro de 2021.<\/p>\n<p><strong>Assunto do documento:<\/strong> Aprova\u00e7\u00e3o da Progress\u00e3o Funcional do Docente Jos\u00e9 Carlos Arthur J\u00fanior, do N\u00edvel 1, da Classe C, para o N\u00edvel II, da Classe C.<\/p>\n<hr \/>\n<p>&nbsp;<\/p>\n","protected":false},"excerpt":{"rendered":"<p>&nbsp; Delibera\u00e7\u00e3o N\u00ba 504 \/ 2021 \u2013 IF Para acessar o documento,\u00a0clique aqui. Data do documento: 20 de dezembro de <a class=\"read-more\" href=\"https:\/\/institucional.ufrrj.br\/nidflor\/deliberacoes-2021\/ \">&#8230; <i class=\"fa fa-long-arrow-right\"><\/i><\/a><\/p>\n","protected":false},"author":690,"featured_media":0,"parent":0,"menu_order":0,"comment_status":"closed","ping_status":"closed","template":"","meta":{"_acf_changed":false,"footnotes":""},"class_list":["post-825","page","type-page","status-publish","hentry"],"yoast_head":"<!-- This site is optimized with the Yoast SEO plugin v27.2 - https:\/\/yoast.com\/product\/yoast-seo-wordpress\/ -->\n<title>Delibera\u00e7\u00f5es 2021 - NIDFLOR<\/title>\n<meta name=\"robots\" content=\"index, follow, max-snippet:-1, max-image-preview:large, max-video-preview:-1\" \/>\n<link rel=\"canonical\" href=\"https:\/\/institucional.ufrrj.br\/nidflor\/deliberacoes-2021\/\" \/>\n<meta property=\"og:locale\" content=\"pt_BR\" \/>\n<meta property=\"og:type\" content=\"article\" \/>\n<meta property=\"og:title\" content=\"Delibera\u00e7\u00f5es 2021 - NIDFLOR\" \/>\n<meta property=\"og:description\" content=\"&nbsp; Delibera\u00e7\u00e3o N\u00ba 504 \/ 2021 \u2013 IF Para acessar o documento,\u00a0clique aqui. Data do documento: 20 de dezembro de ...\" \/>\n<meta property=\"og:url\" content=\"https:\/\/institucional.ufrrj.br\/nidflor\/deliberacoes-2021\/\" \/>\n<meta property=\"og:site_name\" content=\"NIDFLOR\" \/>\n<meta property=\"article:modified_time\" content=\"2021-12-21T18:18:09+00:00\" \/>\n<meta name=\"twitter:card\" content=\"summary_large_image\" \/>\n<meta name=\"twitter:label1\" content=\"Est. tempo de leitura\" \/>\n\t<meta name=\"twitter:data1\" content=\"8 minutos\" \/>\n<script type=\"application\/ld+json\" class=\"yoast-schema-graph\">{\"@context\":\"https:\/\/schema.org\",\"@graph\":[{\"@type\":\"WebPage\",\"@id\":\"https:\/\/institucional.ufrrj.br\/nidflor\/deliberacoes-2021\/\",\"url\":\"https:\/\/institucional.ufrrj.br\/nidflor\/deliberacoes-2021\/\",\"name\":\"Delibera\u00e7\u00f5es 2021 - NIDFLOR\",\"isPartOf\":{\"@id\":\"https:\/\/institucional.ufrrj.br\/nidflor\/#website\"},\"datePublished\":\"2021-02-23T15:07:49+00:00\",\"dateModified\":\"2021-12-21T18:18:09+00:00\",\"breadcrumb\":{\"@id\":\"https:\/\/institucional.ufrrj.br\/nidflor\/deliberacoes-2021\/#breadcrumb\"},\"inLanguage\":\"pt-BR\",\"potentialAction\":[{\"@type\":\"ReadAction\",\"target\":[\"https:\/\/institucional.ufrrj.br\/nidflor\/deliberacoes-2021\/\"]}]},{\"@type\":\"BreadcrumbList\",\"@id\":\"https:\/\/institucional.ufrrj.br\/nidflor\/deliberacoes-2021\/#breadcrumb\",\"itemListElement\":[{\"@type\":\"ListItem\",\"position\":1,\"name\":\"In\u00edcio\",\"item\":\"https:\/\/institucional.ufrrj.br\/nidflor\/\"},{\"@type\":\"ListItem\",\"position\":2,\"name\":\"Delibera\u00e7\u00f5es 2021\"}]},{\"@type\":\"WebSite\",\"@id\":\"https:\/\/institucional.ufrrj.br\/nidflor\/#website\",\"url\":\"https:\/\/institucional.ufrrj.br\/nidflor\/\",\"name\":\"NIDFLOR\",\"description\":\"N\u00facleo de Informa\u00e7\u00e3o e Documenta\u00e7\u00e3o Florestal - UFRRJ\",\"potentialAction\":[{\"@type\":\"SearchAction\",\"target\":{\"@type\":\"EntryPoint\",\"urlTemplate\":\"https:\/\/institucional.ufrrj.br\/nidflor\/?s={search_term_string}\"},\"query-input\":{\"@type\":\"PropertyValueSpecification\",\"valueRequired\":true,\"valueName\":\"search_term_string\"}}],\"inLanguage\":\"pt-BR\"}]}<\/script>\n<!-- \/ Yoast SEO plugin. -->","yoast_head_json":{"title":"Delibera\u00e7\u00f5es 2021 - NIDFLOR","robots":{"index":"index","follow":"follow","max-snippet":"max-snippet:-1","max-image-preview":"max-image-preview:large","max-video-preview":"max-video-preview:-1"},"canonical":"https:\/\/institucional.ufrrj.br\/nidflor\/deliberacoes-2021\/","og_locale":"pt_BR","og_type":"article","og_title":"Delibera\u00e7\u00f5es 2021 - NIDFLOR","og_description":"&nbsp; Delibera\u00e7\u00e3o N\u00ba 504 \/ 2021 \u2013 IF Para acessar o documento,\u00a0clique aqui. Data do documento: 20 de dezembro de ...","og_url":"https:\/\/institucional.ufrrj.br\/nidflor\/deliberacoes-2021\/","og_site_name":"NIDFLOR","article_modified_time":"2021-12-21T18:18:09+00:00","twitter_card":"summary_large_image","twitter_misc":{"Est. tempo de leitura":"8 minutos"},"schema":{"@context":"https:\/\/schema.org","@graph":[{"@type":"WebPage","@id":"https:\/\/institucional.ufrrj.br\/nidflor\/deliberacoes-2021\/","url":"https:\/\/institucional.ufrrj.br\/nidflor\/deliberacoes-2021\/","name":"Delibera\u00e7\u00f5es 2021 - NIDFLOR","isPartOf":{"@id":"https:\/\/institucional.ufrrj.br\/nidflor\/#website"},"datePublished":"2021-02-23T15:07:49+00:00","dateModified":"2021-12-21T18:18:09+00:00","breadcrumb":{"@id":"https:\/\/institucional.ufrrj.br\/nidflor\/deliberacoes-2021\/#breadcrumb"},"inLanguage":"pt-BR","potentialAction":[{"@type":"ReadAction","target":["https:\/\/institucional.ufrrj.br\/nidflor\/deliberacoes-2021\/"]}]},{"@type":"BreadcrumbList","@id":"https:\/\/institucional.ufrrj.br\/nidflor\/deliberacoes-2021\/#breadcrumb","itemListElement":[{"@type":"ListItem","position":1,"name":"In\u00edcio","item":"https:\/\/institucional.ufrrj.br\/nidflor\/"},{"@type":"ListItem","position":2,"name":"Delibera\u00e7\u00f5es 2021"}]},{"@type":"WebSite","@id":"https:\/\/institucional.ufrrj.br\/nidflor\/#website","url":"https:\/\/institucional.ufrrj.br\/nidflor\/","name":"NIDFLOR","description":"N\u00facleo de Informa\u00e7\u00e3o e Documenta\u00e7\u00e3o Florestal - UFRRJ","potentialAction":[{"@type":"SearchAction","target":{"@type":"EntryPoint","urlTemplate":"https:\/\/institucional.ufrrj.br\/nidflor\/?s={search_term_string}"},"query-input":{"@type":"PropertyValueSpecification","valueRequired":true,"valueName":"search_term_string"}}],"inLanguage":"pt-BR"}]}},"acf":[],"_links":{"self":[{"href":"https:\/\/institucional.ufrrj.br\/nidflor\/wp-json\/wp\/v2\/pages\/825","targetHints":{"allow":["GET"]}}],"collection":[{"href":"https:\/\/institucional.ufrrj.br\/nidflor\/wp-json\/wp\/v2\/pages"}],"about":[{"href":"https:\/\/institucional.ufrrj.br\/nidflor\/wp-json\/wp\/v2\/types\/page"}],"author":[{"embeddable":true,"href":"https:\/\/institucional.ufrrj.br\/nidflor\/wp-json\/wp\/v2\/users\/690"}],"replies":[{"embeddable":true,"href":"https:\/\/institucional.ufrrj.br\/nidflor\/wp-json\/wp\/v2\/comments?post=825"}],"version-history":[{"count":27,"href":"https:\/\/institucional.ufrrj.br\/nidflor\/wp-json\/wp\/v2\/pages\/825\/revisions"}],"predecessor-version":[{"id":1103,"href":"https:\/\/institucional.ufrrj.br\/nidflor\/wp-json\/wp\/v2\/pages\/825\/revisions\/1103"}],"wp:attachment":[{"href":"https:\/\/institucional.ufrrj.br\/nidflor\/wp-json\/wp\/v2\/media?parent=825"}],"curies":[{"name":"wp","href":"https:\/\/api.w.org\/{rel}","templated":true}]}}