{"id":823,"date":"2021-02-23T12:05:45","date_gmt":"2021-02-23T15:05:45","guid":{"rendered":"http:\/\/institucional.ufrrj.br\/nidflor\/?page_id=823"},"modified":"2021-02-23T12:05:45","modified_gmt":"2021-02-23T15:05:45","slug":"deliberacoes-2020","status":"publish","type":"page","link":"https:\/\/institucional.ufrrj.br\/nidflor\/deliberacoes-2020\/","title":{"rendered":"Delibera\u00e7\u00f5es 2020"},"content":{"rendered":"<hr \/>\n<p><strong>Delibera\u00e7\u00e3o N\u00ba 281 \/ 2020 \u2013 IF<\/strong><\/p>\n<p>Para acessar o documento,\u00a0<a href=\"https:\/\/sipac.ufrrj.br\/public\/jsp\/documentos\/documento_visualizacao.jsf?idDoc=672597\"><strong>clique aqui.<\/strong><\/a><\/p>\n<p><strong>Data do documento:<\/strong>\u00a016 de dezembro de 2020<\/p>\n<p><strong>Assunto do documento:<\/strong>\u00a0Aprova\u00e7\u00e3o da Promo\u00e7\u00e3o Funcional do Docente Jer\u00f4nimo Boelsums Barreto Sansevero, da Classe Adjunto C1, para Adjunto C2.<\/p>\n<hr \/>\n<p><strong>Delibera\u00e7\u00e3o N\u00ba 280 \/ 2020 \u2013 IF<\/strong><\/p>\n<p>Para acessar o documento,\u00a0<a href=\"https:\/\/sipac.ufrrj.br\/public\/jsp\/documentos\/documento_visualizacao.jsf?idDoc=672568\"><strong>clique aqui.<\/strong><\/a><\/p>\n<p><strong>Data do documento:<\/strong>\u00a016 de dezembro de 2020<\/p>\n<p><strong>Assunto do documento:<\/strong>\u00a0Aprova\u00e7\u00e3o do Projeto de Extens\u00e3o intitulado \u201cLaudo T\u00e9cnico demonstrando que a supress\u00e3o de exemplares das esp\u00e9cies consideradas em risco de extin\u00e7\u00e3o, existentes na \u00e1rea de servid\u00e3o da Pedreira Nova Rocha Eireli, localizada no munic\u00edpio de Petr\u00f3polis, RJ, n\u00e3o colocar\u00e1 em risco, In Situ, a perenidade das mesmas\u201d, sob a coordena\u00e7\u00e3o do Professor Hugo Barbosa Amorim, do Departamento de Silvicultura.<\/p>\n<hr \/>\n<p><strong>Delibera\u00e7\u00e3o N\u00ba 220 \/ 2020 \u2013 IF<\/strong><\/p>\n<p>Para acessar o documento,\u00a0<strong><a href=\"https:\/\/sipac.ufrrj.br\/public\/jsp\/documentos\/documento_visualizacao.jsf?idDoc=648761\" target=\"_blank\" rel=\"noopener noreferrer\">clique aqui.<\/a><\/strong><\/p>\n<p><strong>Data do documento:<\/strong>\u00a009 de novembro de 2020<\/p>\n<p><strong>Assunto do documento:<\/strong>\u00a0Aprova\u00e7\u00e3o do Projeto de Extens\u00e3o intitulado \u201cLaudo de Avalia\u00e7\u00e3o Econ\u00f4mica dos Recursos Naturais e Ambientais da Fra\u00e7\u00e3o da Fazenda do Po\u00e7o, sobreposta pelo per\u00edmetro do Parque Estadual de Ilhabela, Ilhabela, SP\u201d, sob a coordena\u00e7\u00e3o do Professor Hugo Barbosa Amorim, do Departamento de Silvicultura.<\/p>\n<hr \/>\n<p>&nbsp;<\/p>\n","protected":false},"excerpt":{"rendered":"<p>Delibera\u00e7\u00e3o N\u00ba 281 \/ 2020 \u2013 IF Para acessar o documento,\u00a0clique aqui. Data do documento:\u00a016 de dezembro de 2020 Assunto <a class=\"read-more\" href=\"https:\/\/institucional.ufrrj.br\/nidflor\/deliberacoes-2020\/ \">&#8230; <i class=\"fa fa-long-arrow-right\"><\/i><\/a><\/p>\n","protected":false},"author":690,"featured_media":0,"parent":0,"menu_order":0,"comment_status":"closed","ping_status":"closed","template":"","meta":{"_acf_changed":false,"footnotes":""},"class_list":["post-823","page","type-page","status-publish","hentry"],"yoast_head":"<!-- This site is optimized with the Yoast SEO plugin v27.2 - https:\/\/yoast.com\/product\/yoast-seo-wordpress\/ -->\n<title>Delibera\u00e7\u00f5es 2020 - NIDFLOR<\/title>\n<meta name=\"robots\" content=\"index, follow, max-snippet:-1, max-image-preview:large, max-video-preview:-1\" \/>\n<link rel=\"canonical\" href=\"https:\/\/institucional.ufrrj.br\/nidflor\/deliberacoes-2020\/\" \/>\n<meta property=\"og:locale\" content=\"pt_BR\" \/>\n<meta property=\"og:type\" content=\"article\" \/>\n<meta property=\"og:title\" content=\"Delibera\u00e7\u00f5es 2020 - NIDFLOR\" \/>\n<meta property=\"og:description\" content=\"Delibera\u00e7\u00e3o N\u00ba 281 \/ 2020 \u2013 IF Para acessar o documento,\u00a0clique aqui. Data do documento:\u00a016 de dezembro de 2020 Assunto ...\" \/>\n<meta property=\"og:url\" content=\"https:\/\/institucional.ufrrj.br\/nidflor\/deliberacoes-2020\/\" \/>\n<meta property=\"og:site_name\" content=\"NIDFLOR\" \/>\n<meta name=\"twitter:card\" content=\"summary_large_image\" \/>\n<meta name=\"twitter:label1\" content=\"Est. tempo de leitura\" \/>\n\t<meta name=\"twitter:data1\" content=\"1 minuto\" \/>\n<script type=\"application\/ld+json\" class=\"yoast-schema-graph\">{\"@context\":\"https:\/\/schema.org\",\"@graph\":[{\"@type\":\"WebPage\",\"@id\":\"https:\/\/institucional.ufrrj.br\/nidflor\/deliberacoes-2020\/\",\"url\":\"https:\/\/institucional.ufrrj.br\/nidflor\/deliberacoes-2020\/\",\"name\":\"Delibera\u00e7\u00f5es 2020 - NIDFLOR\",\"isPartOf\":{\"@id\":\"https:\/\/institucional.ufrrj.br\/nidflor\/#website\"},\"datePublished\":\"2021-02-23T15:05:45+00:00\",\"breadcrumb\":{\"@id\":\"https:\/\/institucional.ufrrj.br\/nidflor\/deliberacoes-2020\/#breadcrumb\"},\"inLanguage\":\"pt-BR\",\"potentialAction\":[{\"@type\":\"ReadAction\",\"target\":[\"https:\/\/institucional.ufrrj.br\/nidflor\/deliberacoes-2020\/\"]}]},{\"@type\":\"BreadcrumbList\",\"@id\":\"https:\/\/institucional.ufrrj.br\/nidflor\/deliberacoes-2020\/#breadcrumb\",\"itemListElement\":[{\"@type\":\"ListItem\",\"position\":1,\"name\":\"In\u00edcio\",\"item\":\"https:\/\/institucional.ufrrj.br\/nidflor\/\"},{\"@type\":\"ListItem\",\"position\":2,\"name\":\"Delibera\u00e7\u00f5es 2020\"}]},{\"@type\":\"WebSite\",\"@id\":\"https:\/\/institucional.ufrrj.br\/nidflor\/#website\",\"url\":\"https:\/\/institucional.ufrrj.br\/nidflor\/\",\"name\":\"NIDFLOR\",\"description\":\"N\u00facleo de Informa\u00e7\u00e3o e Documenta\u00e7\u00e3o Florestal - UFRRJ\",\"potentialAction\":[{\"@type\":\"SearchAction\",\"target\":{\"@type\":\"EntryPoint\",\"urlTemplate\":\"https:\/\/institucional.ufrrj.br\/nidflor\/?s={search_term_string}\"},\"query-input\":{\"@type\":\"PropertyValueSpecification\",\"valueRequired\":true,\"valueName\":\"search_term_string\"}}],\"inLanguage\":\"pt-BR\"}]}<\/script>\n<!-- \/ Yoast SEO plugin. -->","yoast_head_json":{"title":"Delibera\u00e7\u00f5es 2020 - NIDFLOR","robots":{"index":"index","follow":"follow","max-snippet":"max-snippet:-1","max-image-preview":"max-image-preview:large","max-video-preview":"max-video-preview:-1"},"canonical":"https:\/\/institucional.ufrrj.br\/nidflor\/deliberacoes-2020\/","og_locale":"pt_BR","og_type":"article","og_title":"Delibera\u00e7\u00f5es 2020 - NIDFLOR","og_description":"Delibera\u00e7\u00e3o N\u00ba 281 \/ 2020 \u2013 IF Para acessar o documento,\u00a0clique aqui. Data do documento:\u00a016 de dezembro de 2020 Assunto ...","og_url":"https:\/\/institucional.ufrrj.br\/nidflor\/deliberacoes-2020\/","og_site_name":"NIDFLOR","twitter_card":"summary_large_image","twitter_misc":{"Est. tempo de leitura":"1 minuto"},"schema":{"@context":"https:\/\/schema.org","@graph":[{"@type":"WebPage","@id":"https:\/\/institucional.ufrrj.br\/nidflor\/deliberacoes-2020\/","url":"https:\/\/institucional.ufrrj.br\/nidflor\/deliberacoes-2020\/","name":"Delibera\u00e7\u00f5es 2020 - NIDFLOR","isPartOf":{"@id":"https:\/\/institucional.ufrrj.br\/nidflor\/#website"},"datePublished":"2021-02-23T15:05:45+00:00","breadcrumb":{"@id":"https:\/\/institucional.ufrrj.br\/nidflor\/deliberacoes-2020\/#breadcrumb"},"inLanguage":"pt-BR","potentialAction":[{"@type":"ReadAction","target":["https:\/\/institucional.ufrrj.br\/nidflor\/deliberacoes-2020\/"]}]},{"@type":"BreadcrumbList","@id":"https:\/\/institucional.ufrrj.br\/nidflor\/deliberacoes-2020\/#breadcrumb","itemListElement":[{"@type":"ListItem","position":1,"name":"In\u00edcio","item":"https:\/\/institucional.ufrrj.br\/nidflor\/"},{"@type":"ListItem","position":2,"name":"Delibera\u00e7\u00f5es 2020"}]},{"@type":"WebSite","@id":"https:\/\/institucional.ufrrj.br\/nidflor\/#website","url":"https:\/\/institucional.ufrrj.br\/nidflor\/","name":"NIDFLOR","description":"N\u00facleo de Informa\u00e7\u00e3o e Documenta\u00e7\u00e3o Florestal - UFRRJ","potentialAction":[{"@type":"SearchAction","target":{"@type":"EntryPoint","urlTemplate":"https:\/\/institucional.ufrrj.br\/nidflor\/?s={search_term_string}"},"query-input":{"@type":"PropertyValueSpecification","valueRequired":true,"valueName":"search_term_string"}}],"inLanguage":"pt-BR"}]}},"acf":[],"_links":{"self":[{"href":"https:\/\/institucional.ufrrj.br\/nidflor\/wp-json\/wp\/v2\/pages\/823","targetHints":{"allow":["GET"]}}],"collection":[{"href":"https:\/\/institucional.ufrrj.br\/nidflor\/wp-json\/wp\/v2\/pages"}],"about":[{"href":"https:\/\/institucional.ufrrj.br\/nidflor\/wp-json\/wp\/v2\/types\/page"}],"author":[{"embeddable":true,"href":"https:\/\/institucional.ufrrj.br\/nidflor\/wp-json\/wp\/v2\/users\/690"}],"replies":[{"embeddable":true,"href":"https:\/\/institucional.ufrrj.br\/nidflor\/wp-json\/wp\/v2\/comments?post=823"}],"version-history":[{"count":1,"href":"https:\/\/institucional.ufrrj.br\/nidflor\/wp-json\/wp\/v2\/pages\/823\/revisions"}],"predecessor-version":[{"id":824,"href":"https:\/\/institucional.ufrrj.br\/nidflor\/wp-json\/wp\/v2\/pages\/823\/revisions\/824"}],"wp:attachment":[{"href":"https:\/\/institucional.ufrrj.br\/nidflor\/wp-json\/wp\/v2\/media?parent=823"}],"curies":[{"name":"wp","href":"https:\/\/api.w.org\/{rel}","templated":true}]}}