{"id":770,"date":"2020-12-14T20:05:55","date_gmt":"2020-12-14T23:05:55","guid":{"rendered":"http:\/\/institucional.ufrrj.br\/nidflor\/?page_id=770"},"modified":"2022-05-10T10:38:10","modified_gmt":"2022-05-10T13:38:10","slug":"atas-do-colegiado-do-curso-de-pos-graduacao-em-arborizacao-urbana","status":"publish","type":"page","link":"https:\/\/institucional.ufrrj.br\/nidflor\/atas-do-colegiado-do-curso-de-pos-graduacao-em-arborizacao-urbana\/","title":{"rendered":"Atas do Colegiado do Curso de P\u00f3s-Gradua\u00e7\u00e3o em Arboriza\u00e7\u00e3o Urbana"},"content":{"rendered":"<hr \/>\n<p><a href=\"https:\/\/sipac.ufrrj.br\/public\/jsp\/documentos\/documento_visualizacao.jsf?idDoc=1001123\" target=\"_blank\" rel=\"noopener\"><span style=\"color: #0000ff\">Ata da 10\u00aa Reuni\u00e3o Ordin\u00e1ria de 02 de maio de 2022<\/span><\/a><\/p>\n<hr \/>\n<p><a href=\"https:\/\/sipac.ufrrj.br\/public\/jsp\/documentos\/documento_visualizacao.jsf?idDoc=895278\" target=\"_blank\" rel=\"noopener noreferrer\">Ata da 8\u00aa Reuni\u00e3o Ordin\u00e1ria de 11 de novembro de 2021<\/a><\/p>\n<hr \/>\n<p><a href=\"https:\/\/sipac.ufrrj.br\/public\/jsp\/documentos\/documento_visualizacao.jsf?idDoc=755905\"><span style=\"color: #0000ff\">Ata da 6\u00aa Reuni\u00e3o Ordin\u00e1ria de 07 de maio de 2021<\/span><\/a><\/p>\n<hr \/>\n<p><a href=\"https:\/\/sipac.ufrrj.br\/public\/jsp\/documentos\/documento_visualizacao.jsf?idDoc=736485\"><span style=\"color: #0000ff\">Ata da 5\u00aa Reuni\u00e3o Ordin\u00e1ria de 29 de mar\u00e7o de 2021<\/span><\/a><\/p>\n<hr \/>\n<p><a href=\"https:\/\/sipac.ufrrj.br\/public\/jsp\/documentos\/documento_visualizacao.jsf?idDoc=744758\"><span style=\"color: #0000ff\">Ata da 4\u00aa Reuni\u00e3o Ordin\u00e1ria de 19 de mar\u00e7o de 2021<\/span><\/a><\/p>\n<hr \/>\n<p><a href=\"https:\/\/sipac.ufrrj.br\/public\/jsp\/documentos\/documento_visualizacao.jsf?idDoc=715994\"><span style=\"color: #0000ff\">Ata da 3\u00aa Reuni\u00e3o Ordin\u00e1ria de 3 de mar\u00e7o de 2021<\/span><\/a><\/p>\n<hr \/>\n<p><a href=\"https:\/\/sipac.ufrrj.br\/public\/jsp\/documentos\/documento_visualizacao.jsf?idDoc=673787\"><span style=\"color: #0000ff\">Ata da 2\u00aa Reuni\u00e3o Ordin\u00e1ria de 11 de dezembro de 2020<\/span><\/a><\/p>\n<hr \/>\n<p><span style=\"color: #0000ff\"><a style=\"color: #0000ff\" href=\"https:\/\/sipac.ufrrj.br\/public\/jsp\/documentos\/documento_visualizacao.jsf?idDoc=662336\" target=\"_blank\" rel=\"noopener noreferrer\">Ata da 1\u00aa Reuni\u00e3o Ordin\u00e1ria de 19 de novembro de 2020<\/a><\/span><\/p>\n<hr \/>\n<p>&nbsp;<\/p>\n","protected":false},"excerpt":{"rendered":"<p>Ata da 10\u00aa Reuni\u00e3o Ordin\u00e1ria de 02 de maio de 2022 Ata da 8\u00aa Reuni\u00e3o Ordin\u00e1ria de 11 de novembro <a class=\"read-more\" href=\"https:\/\/institucional.ufrrj.br\/nidflor\/atas-do-colegiado-do-curso-de-pos-graduacao-em-arborizacao-urbana\/ \">&#8230; <i class=\"fa fa-long-arrow-right\"><\/i><\/a><\/p>\n","protected":false},"author":690,"featured_media":0,"parent":0,"menu_order":0,"comment_status":"closed","ping_status":"closed","template":"","meta":{"_acf_changed":false,"footnotes":""},"class_list":["post-770","page","type-page","status-publish","hentry"],"yoast_head":"<!-- This site is optimized with the Yoast SEO plugin v27.2 - https:\/\/yoast.com\/product\/yoast-seo-wordpress\/ -->\n<title>Atas do Colegiado do Curso de P\u00f3s-Gradua\u00e7\u00e3o em Arboriza\u00e7\u00e3o Urbana - NIDFLOR<\/title>\n<meta name=\"robots\" content=\"index, follow, max-snippet:-1, max-image-preview:large, max-video-preview:-1\" \/>\n<link rel=\"canonical\" href=\"https:\/\/institucional.ufrrj.br\/nidflor\/atas-do-colegiado-do-curso-de-pos-graduacao-em-arborizacao-urbana\/\" \/>\n<meta property=\"og:locale\" content=\"pt_BR\" \/>\n<meta property=\"og:type\" content=\"article\" \/>\n<meta property=\"og:title\" content=\"Atas do Colegiado do Curso de P\u00f3s-Gradua\u00e7\u00e3o em Arboriza\u00e7\u00e3o Urbana - NIDFLOR\" \/>\n<meta property=\"og:description\" content=\"Ata da 10\u00aa Reuni\u00e3o Ordin\u00e1ria de 02 de maio de 2022 Ata da 8\u00aa Reuni\u00e3o Ordin\u00e1ria de 11 de novembro ...\" \/>\n<meta property=\"og:url\" content=\"https:\/\/institucional.ufrrj.br\/nidflor\/atas-do-colegiado-do-curso-de-pos-graduacao-em-arborizacao-urbana\/\" \/>\n<meta property=\"og:site_name\" content=\"NIDFLOR\" \/>\n<meta property=\"article:modified_time\" content=\"2022-05-10T13:38:10+00:00\" \/>\n<meta name=\"twitter:card\" content=\"summary_large_image\" \/>\n<script type=\"application\/ld+json\" class=\"yoast-schema-graph\">{\"@context\":\"https:\/\/schema.org\",\"@graph\":[{\"@type\":\"WebPage\",\"@id\":\"https:\/\/institucional.ufrrj.br\/nidflor\/atas-do-colegiado-do-curso-de-pos-graduacao-em-arborizacao-urbana\/\",\"url\":\"https:\/\/institucional.ufrrj.br\/nidflor\/atas-do-colegiado-do-curso-de-pos-graduacao-em-arborizacao-urbana\/\",\"name\":\"Atas do Colegiado do Curso de P\u00f3s-Gradua\u00e7\u00e3o em Arboriza\u00e7\u00e3o Urbana - NIDFLOR\",\"isPartOf\":{\"@id\":\"https:\/\/institucional.ufrrj.br\/nidflor\/#website\"},\"datePublished\":\"2020-12-14T23:05:55+00:00\",\"dateModified\":\"2022-05-10T13:38:10+00:00\",\"breadcrumb\":{\"@id\":\"https:\/\/institucional.ufrrj.br\/nidflor\/atas-do-colegiado-do-curso-de-pos-graduacao-em-arborizacao-urbana\/#breadcrumb\"},\"inLanguage\":\"pt-BR\",\"potentialAction\":[{\"@type\":\"ReadAction\",\"target\":[\"https:\/\/institucional.ufrrj.br\/nidflor\/atas-do-colegiado-do-curso-de-pos-graduacao-em-arborizacao-urbana\/\"]}]},{\"@type\":\"BreadcrumbList\",\"@id\":\"https:\/\/institucional.ufrrj.br\/nidflor\/atas-do-colegiado-do-curso-de-pos-graduacao-em-arborizacao-urbana\/#breadcrumb\",\"itemListElement\":[{\"@type\":\"ListItem\",\"position\":1,\"name\":\"In\u00edcio\",\"item\":\"https:\/\/institucional.ufrrj.br\/nidflor\/\"},{\"@type\":\"ListItem\",\"position\":2,\"name\":\"Atas do Colegiado do Curso de P\u00f3s-Gradua\u00e7\u00e3o em Arboriza\u00e7\u00e3o Urbana\"}]},{\"@type\":\"WebSite\",\"@id\":\"https:\/\/institucional.ufrrj.br\/nidflor\/#website\",\"url\":\"https:\/\/institucional.ufrrj.br\/nidflor\/\",\"name\":\"NIDFLOR\",\"description\":\"N\u00facleo de Informa\u00e7\u00e3o e Documenta\u00e7\u00e3o Florestal - UFRRJ\",\"potentialAction\":[{\"@type\":\"SearchAction\",\"target\":{\"@type\":\"EntryPoint\",\"urlTemplate\":\"https:\/\/institucional.ufrrj.br\/nidflor\/?s={search_term_string}\"},\"query-input\":{\"@type\":\"PropertyValueSpecification\",\"valueRequired\":true,\"valueName\":\"search_term_string\"}}],\"inLanguage\":\"pt-BR\"}]}<\/script>\n<!-- \/ Yoast SEO plugin. -->","yoast_head_json":{"title":"Atas do Colegiado do Curso de P\u00f3s-Gradua\u00e7\u00e3o em Arboriza\u00e7\u00e3o Urbana - NIDFLOR","robots":{"index":"index","follow":"follow","max-snippet":"max-snippet:-1","max-image-preview":"max-image-preview:large","max-video-preview":"max-video-preview:-1"},"canonical":"https:\/\/institucional.ufrrj.br\/nidflor\/atas-do-colegiado-do-curso-de-pos-graduacao-em-arborizacao-urbana\/","og_locale":"pt_BR","og_type":"article","og_title":"Atas do Colegiado do Curso de P\u00f3s-Gradua\u00e7\u00e3o em Arboriza\u00e7\u00e3o Urbana - NIDFLOR","og_description":"Ata da 10\u00aa Reuni\u00e3o Ordin\u00e1ria de 02 de maio de 2022 Ata da 8\u00aa Reuni\u00e3o Ordin\u00e1ria de 11 de novembro ...","og_url":"https:\/\/institucional.ufrrj.br\/nidflor\/atas-do-colegiado-do-curso-de-pos-graduacao-em-arborizacao-urbana\/","og_site_name":"NIDFLOR","article_modified_time":"2022-05-10T13:38:10+00:00","twitter_card":"summary_large_image","schema":{"@context":"https:\/\/schema.org","@graph":[{"@type":"WebPage","@id":"https:\/\/institucional.ufrrj.br\/nidflor\/atas-do-colegiado-do-curso-de-pos-graduacao-em-arborizacao-urbana\/","url":"https:\/\/institucional.ufrrj.br\/nidflor\/atas-do-colegiado-do-curso-de-pos-graduacao-em-arborizacao-urbana\/","name":"Atas do Colegiado do Curso de P\u00f3s-Gradua\u00e7\u00e3o em Arboriza\u00e7\u00e3o Urbana - NIDFLOR","isPartOf":{"@id":"https:\/\/institucional.ufrrj.br\/nidflor\/#website"},"datePublished":"2020-12-14T23:05:55+00:00","dateModified":"2022-05-10T13:38:10+00:00","breadcrumb":{"@id":"https:\/\/institucional.ufrrj.br\/nidflor\/atas-do-colegiado-do-curso-de-pos-graduacao-em-arborizacao-urbana\/#breadcrumb"},"inLanguage":"pt-BR","potentialAction":[{"@type":"ReadAction","target":["https:\/\/institucional.ufrrj.br\/nidflor\/atas-do-colegiado-do-curso-de-pos-graduacao-em-arborizacao-urbana\/"]}]},{"@type":"BreadcrumbList","@id":"https:\/\/institucional.ufrrj.br\/nidflor\/atas-do-colegiado-do-curso-de-pos-graduacao-em-arborizacao-urbana\/#breadcrumb","itemListElement":[{"@type":"ListItem","position":1,"name":"In\u00edcio","item":"https:\/\/institucional.ufrrj.br\/nidflor\/"},{"@type":"ListItem","position":2,"name":"Atas do Colegiado do Curso de P\u00f3s-Gradua\u00e7\u00e3o em Arboriza\u00e7\u00e3o Urbana"}]},{"@type":"WebSite","@id":"https:\/\/institucional.ufrrj.br\/nidflor\/#website","url":"https:\/\/institucional.ufrrj.br\/nidflor\/","name":"NIDFLOR","description":"N\u00facleo de Informa\u00e7\u00e3o e Documenta\u00e7\u00e3o Florestal - UFRRJ","potentialAction":[{"@type":"SearchAction","target":{"@type":"EntryPoint","urlTemplate":"https:\/\/institucional.ufrrj.br\/nidflor\/?s={search_term_string}"},"query-input":{"@type":"PropertyValueSpecification","valueRequired":true,"valueName":"search_term_string"}}],"inLanguage":"pt-BR"}]}},"acf":[],"_links":{"self":[{"href":"https:\/\/institucional.ufrrj.br\/nidflor\/wp-json\/wp\/v2\/pages\/770","targetHints":{"allow":["GET"]}}],"collection":[{"href":"https:\/\/institucional.ufrrj.br\/nidflor\/wp-json\/wp\/v2\/pages"}],"about":[{"href":"https:\/\/institucional.ufrrj.br\/nidflor\/wp-json\/wp\/v2\/types\/page"}],"author":[{"embeddable":true,"href":"https:\/\/institucional.ufrrj.br\/nidflor\/wp-json\/wp\/v2\/users\/690"}],"replies":[{"embeddable":true,"href":"https:\/\/institucional.ufrrj.br\/nidflor\/wp-json\/wp\/v2\/comments?post=770"}],"version-history":[{"count":12,"href":"https:\/\/institucional.ufrrj.br\/nidflor\/wp-json\/wp\/v2\/pages\/770\/revisions"}],"predecessor-version":[{"id":1193,"href":"https:\/\/institucional.ufrrj.br\/nidflor\/wp-json\/wp\/v2\/pages\/770\/revisions\/1193"}],"wp:attachment":[{"href":"https:\/\/institucional.ufrrj.br\/nidflor\/wp-json\/wp\/v2\/media?parent=770"}],"curies":[{"name":"wp","href":"https:\/\/api.w.org\/{rel}","templated":true}]}}