{"id":768,"date":"2020-12-14T20:06:53","date_gmt":"2020-12-14T23:06:53","guid":{"rendered":"http:\/\/institucional.ufrrj.br\/nidflor\/?page_id=768"},"modified":"2020-12-14T20:07:15","modified_gmt":"2020-12-14T23:07:15","slug":"documentos-do-curso-de-pos-graduacao-em-arborizacao-urbana","status":"publish","type":"page","link":"https:\/\/institucional.ufrrj.br\/nidflor\/documentos-do-curso-de-pos-graduacao-em-arborizacao-urbana\/","title":{"rendered":"Documentos do Curso de P\u00f3s-Gradua\u00e7\u00e3o em Arboriza\u00e7\u00e3o Urbana"},"content":{"rendered":"<p><a href=\"https:\/\/institucional.ufrrj.br\/nidflor\/atas-do-colegiado-do-curso-de-pos-graduacao-em-arborizacao-urbana\/\"><img loading=\"lazy\" decoding=\"async\" class=\"alignnone wp-image-769\" src=\"https:\/\/institucional.ufrrj.br\/nidflor\/files\/2020\/12\/Atas-300x213.png\" alt=\"\" width=\"125\" height=\"89\" srcset=\"https:\/\/institucional.ufrrj.br\/nidflor\/files\/2020\/12\/Atas-300x213.png 300w, https:\/\/institucional.ufrrj.br\/nidflor\/files\/2020\/12\/Atas-768x545.png 768w, https:\/\/institucional.ufrrj.br\/nidflor\/files\/2020\/12\/Atas-1024x727.png 1024w, https:\/\/institucional.ufrrj.br\/nidflor\/files\/2020\/12\/Atas.png 1749w\" sizes=\"auto, (max-width: 125px) 100vw, 125px\" \/><\/a><\/p>\n<p><span style=\"color: #000080\"><strong><a style=\"color: #000080\" href=\"https:\/\/institucional.ufrrj.br\/nidflor\/atas-do-colegiado-do-curso-de-pos-graduacao-em-arborizacao-urbana\/\">Atas do Colegiado do Curso<\/a><\/strong><\/span><\/p>\n","protected":false},"excerpt":{"rendered":"<p>Atas do Colegiado do Curso<\/p>\n","protected":false},"author":690,"featured_media":0,"parent":0,"menu_order":0,"comment_status":"closed","ping_status":"closed","template":"","meta":{"_acf_changed":false,"footnotes":""},"class_list":["post-768","page","type-page","status-publish","hentry"],"yoast_head":"<!-- This site is optimized with the Yoast SEO plugin v27.2 - https:\/\/yoast.com\/product\/yoast-seo-wordpress\/ -->\n<title>Documentos do Curso de P\u00f3s-Gradua\u00e7\u00e3o em Arboriza\u00e7\u00e3o Urbana - NIDFLOR<\/title>\n<meta name=\"robots\" content=\"index, follow, max-snippet:-1, max-image-preview:large, max-video-preview:-1\" \/>\n<link rel=\"canonical\" href=\"https:\/\/institucional.ufrrj.br\/nidflor\/documentos-do-curso-de-pos-graduacao-em-arborizacao-urbana\/\" \/>\n<meta property=\"og:locale\" content=\"pt_BR\" \/>\n<meta property=\"og:type\" content=\"article\" \/>\n<meta property=\"og:title\" content=\"Documentos do Curso de P\u00f3s-Gradua\u00e7\u00e3o em Arboriza\u00e7\u00e3o Urbana - NIDFLOR\" \/>\n<meta property=\"og:description\" content=\"Atas do Colegiado do Curso\" \/>\n<meta property=\"og:url\" content=\"https:\/\/institucional.ufrrj.br\/nidflor\/documentos-do-curso-de-pos-graduacao-em-arborizacao-urbana\/\" \/>\n<meta property=\"og:site_name\" content=\"NIDFLOR\" \/>\n<meta property=\"article:modified_time\" content=\"2020-12-14T23:07:15+00:00\" \/>\n<meta property=\"og:image\" content=\"http:\/\/institucional.ufrrj.br\/nidflor\/files\/2020\/12\/Atas-300x213.png\" \/>\n<meta name=\"twitter:card\" content=\"summary_large_image\" \/>\n<script type=\"application\/ld+json\" class=\"yoast-schema-graph\">{\"@context\":\"https:\/\/schema.org\",\"@graph\":[{\"@type\":\"WebPage\",\"@id\":\"https:\/\/institucional.ufrrj.br\/nidflor\/documentos-do-curso-de-pos-graduacao-em-arborizacao-urbana\/\",\"url\":\"https:\/\/institucional.ufrrj.br\/nidflor\/documentos-do-curso-de-pos-graduacao-em-arborizacao-urbana\/\",\"name\":\"Documentos do Curso de P\u00f3s-Gradua\u00e7\u00e3o em Arboriza\u00e7\u00e3o Urbana - NIDFLOR\",\"isPartOf\":{\"@id\":\"https:\/\/institucional.ufrrj.br\/nidflor\/#website\"},\"primaryImageOfPage\":{\"@id\":\"https:\/\/institucional.ufrrj.br\/nidflor\/documentos-do-curso-de-pos-graduacao-em-arborizacao-urbana\/#primaryimage\"},\"image\":{\"@id\":\"https:\/\/institucional.ufrrj.br\/nidflor\/documentos-do-curso-de-pos-graduacao-em-arborizacao-urbana\/#primaryimage\"},\"thumbnailUrl\":\"http:\/\/institucional.ufrrj.br\/nidflor\/files\/2020\/12\/Atas-300x213.png\",\"datePublished\":\"2020-12-14T23:06:53+00:00\",\"dateModified\":\"2020-12-14T23:07:15+00:00\",\"breadcrumb\":{\"@id\":\"https:\/\/institucional.ufrrj.br\/nidflor\/documentos-do-curso-de-pos-graduacao-em-arborizacao-urbana\/#breadcrumb\"},\"inLanguage\":\"pt-BR\",\"potentialAction\":[{\"@type\":\"ReadAction\",\"target\":[\"https:\/\/institucional.ufrrj.br\/nidflor\/documentos-do-curso-de-pos-graduacao-em-arborizacao-urbana\/\"]}]},{\"@type\":\"ImageObject\",\"inLanguage\":\"pt-BR\",\"@id\":\"https:\/\/institucional.ufrrj.br\/nidflor\/documentos-do-curso-de-pos-graduacao-em-arborizacao-urbana\/#primaryimage\",\"url\":\"http:\/\/institucional.ufrrj.br\/nidflor\/files\/2020\/12\/Atas-300x213.png\",\"contentUrl\":\"http:\/\/institucional.ufrrj.br\/nidflor\/files\/2020\/12\/Atas-300x213.png\"},{\"@type\":\"BreadcrumbList\",\"@id\":\"https:\/\/institucional.ufrrj.br\/nidflor\/documentos-do-curso-de-pos-graduacao-em-arborizacao-urbana\/#breadcrumb\",\"itemListElement\":[{\"@type\":\"ListItem\",\"position\":1,\"name\":\"In\u00edcio\",\"item\":\"https:\/\/institucional.ufrrj.br\/nidflor\/\"},{\"@type\":\"ListItem\",\"position\":2,\"name\":\"Documentos do Curso de P\u00f3s-Gradua\u00e7\u00e3o em Arboriza\u00e7\u00e3o Urbana\"}]},{\"@type\":\"WebSite\",\"@id\":\"https:\/\/institucional.ufrrj.br\/nidflor\/#website\",\"url\":\"https:\/\/institucional.ufrrj.br\/nidflor\/\",\"name\":\"NIDFLOR\",\"description\":\"N\u00facleo de Informa\u00e7\u00e3o e Documenta\u00e7\u00e3o Florestal - UFRRJ\",\"potentialAction\":[{\"@type\":\"SearchAction\",\"target\":{\"@type\":\"EntryPoint\",\"urlTemplate\":\"https:\/\/institucional.ufrrj.br\/nidflor\/?s={search_term_string}\"},\"query-input\":{\"@type\":\"PropertyValueSpecification\",\"valueRequired\":true,\"valueName\":\"search_term_string\"}}],\"inLanguage\":\"pt-BR\"}]}<\/script>\n<!-- \/ Yoast SEO plugin. -->","yoast_head_json":{"title":"Documentos do Curso de P\u00f3s-Gradua\u00e7\u00e3o em Arboriza\u00e7\u00e3o Urbana - NIDFLOR","robots":{"index":"index","follow":"follow","max-snippet":"max-snippet:-1","max-image-preview":"max-image-preview:large","max-video-preview":"max-video-preview:-1"},"canonical":"https:\/\/institucional.ufrrj.br\/nidflor\/documentos-do-curso-de-pos-graduacao-em-arborizacao-urbana\/","og_locale":"pt_BR","og_type":"article","og_title":"Documentos do Curso de P\u00f3s-Gradua\u00e7\u00e3o em Arboriza\u00e7\u00e3o Urbana - NIDFLOR","og_description":"Atas do Colegiado do Curso","og_url":"https:\/\/institucional.ufrrj.br\/nidflor\/documentos-do-curso-de-pos-graduacao-em-arborizacao-urbana\/","og_site_name":"NIDFLOR","article_modified_time":"2020-12-14T23:07:15+00:00","og_image":[{"url":"http:\/\/institucional.ufrrj.br\/nidflor\/files\/2020\/12\/Atas-300x213.png","type":"","width":"","height":""}],"twitter_card":"summary_large_image","schema":{"@context":"https:\/\/schema.org","@graph":[{"@type":"WebPage","@id":"https:\/\/institucional.ufrrj.br\/nidflor\/documentos-do-curso-de-pos-graduacao-em-arborizacao-urbana\/","url":"https:\/\/institucional.ufrrj.br\/nidflor\/documentos-do-curso-de-pos-graduacao-em-arborizacao-urbana\/","name":"Documentos do Curso de P\u00f3s-Gradua\u00e7\u00e3o em Arboriza\u00e7\u00e3o Urbana - NIDFLOR","isPartOf":{"@id":"https:\/\/institucional.ufrrj.br\/nidflor\/#website"},"primaryImageOfPage":{"@id":"https:\/\/institucional.ufrrj.br\/nidflor\/documentos-do-curso-de-pos-graduacao-em-arborizacao-urbana\/#primaryimage"},"image":{"@id":"https:\/\/institucional.ufrrj.br\/nidflor\/documentos-do-curso-de-pos-graduacao-em-arborizacao-urbana\/#primaryimage"},"thumbnailUrl":"http:\/\/institucional.ufrrj.br\/nidflor\/files\/2020\/12\/Atas-300x213.png","datePublished":"2020-12-14T23:06:53+00:00","dateModified":"2020-12-14T23:07:15+00:00","breadcrumb":{"@id":"https:\/\/institucional.ufrrj.br\/nidflor\/documentos-do-curso-de-pos-graduacao-em-arborizacao-urbana\/#breadcrumb"},"inLanguage":"pt-BR","potentialAction":[{"@type":"ReadAction","target":["https:\/\/institucional.ufrrj.br\/nidflor\/documentos-do-curso-de-pos-graduacao-em-arborizacao-urbana\/"]}]},{"@type":"ImageObject","inLanguage":"pt-BR","@id":"https:\/\/institucional.ufrrj.br\/nidflor\/documentos-do-curso-de-pos-graduacao-em-arborizacao-urbana\/#primaryimage","url":"http:\/\/institucional.ufrrj.br\/nidflor\/files\/2020\/12\/Atas-300x213.png","contentUrl":"http:\/\/institucional.ufrrj.br\/nidflor\/files\/2020\/12\/Atas-300x213.png"},{"@type":"BreadcrumbList","@id":"https:\/\/institucional.ufrrj.br\/nidflor\/documentos-do-curso-de-pos-graduacao-em-arborizacao-urbana\/#breadcrumb","itemListElement":[{"@type":"ListItem","position":1,"name":"In\u00edcio","item":"https:\/\/institucional.ufrrj.br\/nidflor\/"},{"@type":"ListItem","position":2,"name":"Documentos do Curso de P\u00f3s-Gradua\u00e7\u00e3o em Arboriza\u00e7\u00e3o Urbana"}]},{"@type":"WebSite","@id":"https:\/\/institucional.ufrrj.br\/nidflor\/#website","url":"https:\/\/institucional.ufrrj.br\/nidflor\/","name":"NIDFLOR","description":"N\u00facleo de Informa\u00e7\u00e3o e Documenta\u00e7\u00e3o Florestal - UFRRJ","potentialAction":[{"@type":"SearchAction","target":{"@type":"EntryPoint","urlTemplate":"https:\/\/institucional.ufrrj.br\/nidflor\/?s={search_term_string}"},"query-input":{"@type":"PropertyValueSpecification","valueRequired":true,"valueName":"search_term_string"}}],"inLanguage":"pt-BR"}]}},"acf":[],"_links":{"self":[{"href":"https:\/\/institucional.ufrrj.br\/nidflor\/wp-json\/wp\/v2\/pages\/768","targetHints":{"allow":["GET"]}}],"collection":[{"href":"https:\/\/institucional.ufrrj.br\/nidflor\/wp-json\/wp\/v2\/pages"}],"about":[{"href":"https:\/\/institucional.ufrrj.br\/nidflor\/wp-json\/wp\/v2\/types\/page"}],"author":[{"embeddable":true,"href":"https:\/\/institucional.ufrrj.br\/nidflor\/wp-json\/wp\/v2\/users\/690"}],"replies":[{"embeddable":true,"href":"https:\/\/institucional.ufrrj.br\/nidflor\/wp-json\/wp\/v2\/comments?post=768"}],"version-history":[{"count":3,"href":"https:\/\/institucional.ufrrj.br\/nidflor\/wp-json\/wp\/v2\/pages\/768\/revisions"}],"predecessor-version":[{"id":853,"href":"https:\/\/institucional.ufrrj.br\/nidflor\/wp-json\/wp\/v2\/pages\/768\/revisions\/853"}],"wp:attachment":[{"href":"https:\/\/institucional.ufrrj.br\/nidflor\/wp-json\/wp\/v2\/media?parent=768"}],"curies":[{"name":"wp","href":"https:\/\/api.w.org\/{rel}","templated":true}]}}