{"id":735,"date":"2020-11-13T15:50:27","date_gmt":"2020-11-13T18:50:27","guid":{"rendered":"http:\/\/institucional.ufrrj.br\/nidflor\/?page_id=735"},"modified":"2020-12-15T13:09:42","modified_gmt":"2020-12-15T16:09:42","slug":"portarias-de-2020","status":"publish","type":"page","link":"https:\/\/institucional.ufrrj.br\/nidflor\/portarias-de-2020\/","title":{"rendered":"Portarias de 2020"},"content":{"rendered":"<p>&nbsp;<\/p>\n<hr \/>\n<p><strong>Portaria N\u00ba 4911 \/ 2020 &#8211; IF<\/strong><\/p>\n<p>Para acessar o documento,\u00a0<a href=\"https:\/\/sipac.ufrrj.br\/public\/jsp\/documentos\/documento_visualizacao.jsf?idDoc=664340\"><strong>clique aqui.<\/strong><\/a><\/p>\n<p><strong>Data do documento:<\/strong>04 de dezembro de 2020.<\/p>\n<p><strong>Assunto do documento: <\/strong>Designa\u00e7\u00e3o da Comiss\u00e3o Examinadora para an\u00e1lise da Progress\u00e3o Funcional do Professor Tiago B\u00f6er Breier, da Classe de Associado D3, para Associado D4. Processo n\u00ba. 23083.049278\/2020-60.<\/p>\n<hr \/>\n<p><strong>Portaria N\u00ba 4831 \/ 2020 &#8211; IF<\/strong><\/p>\n<p>Para acessar o documento,\u00a0<a href=\"https:\/\/sipac.ufrrj.br\/public\/jsp\/documentos\/documento_visualizacao.jsf?idDoc=661103\"><strong>clique aqui.<\/strong><\/a><\/p>\n<p><strong>Data do documento:<\/strong> 01 de dezembro de 2020.<\/p>\n<p><strong>Assunto do documento: <\/strong>Banca de Defesa de Disserta\u00e7\u00e3o intitulada \u201cBaixada Viva: Manejo Sustent\u00e1vel da Jaqueira para Fins Alimentares e as perspectivas da Integra\u00e7\u00e3o das Pol\u00edticas P\u00fablicas Ambientais e de Seguran\u00e7a Alimentar\u201d, da discente Kathleen Hogdson Weintraub, para a obten\u00e7\u00e3o do grau de Mestre, no Programa de P\u00f3s-Gradua\u00e7\u00e3o de Pr\u00e1ticas em Desenvolvimento Sustent\u00e1vel, que se realizar\u00e1 \u00e0s 09:30h, no dia 03\/12\/2020, por videoconfer\u00eancia.<\/p>\n<hr \/>\n<p><strong>Portaria N\u00ba 4720 \/ 2020 &#8211; IF<\/strong><\/p>\n<p>Para acessar o documento,\u00a0<a href=\"https:\/\/sipac.ufrrj.br\/public\/jsp\/documentos\/documento_visualizacao.jsf?idDoc=657688\"><strong>clique aqui.<\/strong><\/a><\/p>\n<p><strong>Data do documento:<\/strong> 25 de novembro de 2020.<\/p>\n<p><strong>Assunto do documento: <\/strong>Banca de Defesa de monografia intitulada: Precipita\u00e7\u00e3o e Caracteriza\u00e7\u00e3o de lignina em licor preto de palha de cana-de-a\u00e7\u00facar, do discente Mateus dos Santos de Ara\u00fajo, para obten\u00e7\u00e3o do grau de Bacharel em Engenharia Florestal, que se realizar\u00e1 no dia 04\/12\/2020, por videoconfer\u00eancia.<\/p>\n<hr \/>\n<p><strong>Portaria N\u00ba 4719 \/ 2020 &#8211; IF<\/strong><\/p>\n<p>Para acessar o documento,\u00a0<a href=\"https:\/\/sipac.ufrrj.br\/public\/jsp\/documentos\/documento_visualizacao.jsf?idDoc=657679\"><strong>clique aqui.<\/strong><\/a><\/p>\n<p><strong>Data do documento:<\/strong> 25 de novembro de 2020.<\/p>\n<p><strong>Assunto do documento: <\/strong>Banca de Defesa de monografia intitulada: Estrutura populacional e fenologia da palmeira Astrocaryum aculeatissimum no Parque Nacional da Tijuca, RJ, do discente Leandro Teixeira de Oliveira, para obten\u00e7\u00e3o do grau de Bacharel em Engenharia Florestal, que se realizar\u00e1 no dia 04\/12\/2020, por videoconfer\u00eancia.<\/p>\n<hr \/>\n<p><strong>Portaria N\u00ba 4700 \/ 2020 &#8211; IF<\/strong><\/p>\n<p>Para acessar o documento,\u00a0<a href=\"https:\/\/sipac.ufrrj.br\/public\/jsp\/documentos\/documento_visualizacao.jsf?idDoc=656847\"><strong>clique aqui.<\/strong><\/a><\/p>\n<p><strong>Data do documento:<\/strong> 24 de novembro de 2020.<\/p>\n<p><strong>Assunto do documento: <\/strong>Comiss\u00e3o de Sele\u00e7\u00e3o de candidatos ao Curso de P\u00f3s-gradua\u00e7\u00e3o em Arboriza\u00e7\u00e3o Urbana Lato sensu, para ingresso no ano de 2021.<\/p>\n<hr \/>\n<p><strong>Portaria N\u00ba 4624 \/ 2020 &#8211; IF<\/strong><\/p>\n<p>Para acessar o documento,\u00a0<a href=\"https:\/\/sipac.ufrrj.br\/public\/jsp\/documentos\/documento_visualizacao.jsf?idDoc=655289\"><strong>clique aqui.<\/strong><\/a><\/p>\n<p><strong>Data do documento:<\/strong> 20 de novembro de 2020.<\/p>\n<p><strong>Assunto do documento: <\/strong>Comiss\u00e3o do Colegiado do Curso de P\u00f3s-gradua\u00e7\u00e3o em Arboriza\u00e7\u00e3o Urbana \u2013 PGARBU, para o bi\u00eanio 2020\/2022.<\/p>\n<hr \/>\n<p><strong>Portaria N\u00ba 4622 \/ 2020 &#8211; IF<\/strong><\/p>\n<p>Para acessar o documento,\u00a0<a href=\"https:\/\/sipac.ufrrj.br\/public\/jsp\/documentos\/documento_visualizacao.jsf?idDoc=655196\"><strong>clique aqui.<\/strong><\/a><\/p>\n<p><strong>Data do documento:<\/strong> 20 de novembro de 2020.<\/p>\n<p><strong>Assunto do documento: <\/strong>Banca de Defesa de monografia intitulada: Estudo de tempo, movimento e comportamento em campo de esp\u00e9cies arb\u00f3reas oriundas de mudas produzidas em tubetes e sacos pl\u00e1sticos, do discente Rodrigo Ferreira Gomes, para obten\u00e7\u00e3o do grau de Bacharel em Engenharia Florestal, que se realizar\u00e1 no dia 09\/12\/2020, por videoconfer\u00eancia.<\/p>\n<hr \/>\n<p><strong>Portaria N\u00ba 4621 \/ 2020 &#8211; IF<\/strong><\/p>\n<p>Para acessar o documento,\u00a0<a href=\"https:\/\/sipac.ufrrj.br\/public\/jsp\/documentos\/documento_visualizacao.jsf?idDoc=655194\"><strong>clique aqui.<\/strong><\/a><\/p>\n<p><strong>Data do documento:<\/strong> 20 de novembro de 2020.<\/p>\n<p><strong>Assunto do documento: <\/strong>Banca de Defesa de monografia intitulada: Efeito da radia\u00e7\u00e3o ultravioleta e do tratamento t\u00e9rmico na molhabilidade de tr\u00eas madeiras de reflorestamento, da discente Isabela Lisboa Soares, para obten\u00e7\u00e3o do grau de Bacharel em Engenharia Florestal, que se realizar\u00e1 no dia 30\/11\/2020, por videoconfer\u00eancia.<\/p>\n<hr \/>\n<p><strong>Portaria N\u00ba 4620 \/ 2020 &#8211; IF<\/strong><\/p>\n<p>Para acessar o documento,\u00a0<a href=\"https:\/\/sipac.ufrrj.br\/public\/jsp\/documentos\/documento_visualizacao.jsf?idDoc=655191\"><strong>clique aqui.<\/strong><\/a><\/p>\n<p><strong>Data do documento:<\/strong> 20 de novembro de 2020.<\/p>\n<p><strong>Assunto do documento: <\/strong>Banca de Defesa de monografia intitulada: AVALIA\u00c7\u00c3O DO USO DE VE\u00cdCULO A\u00c9REO N\u00c3O TRIPULADO (VANT) PARA OBTEN\u00c7\u00c3O DA ALTURA TOTAL DE POVOAMENTOS DE Pinus sp., do discente Lucas de Almeida Basilio, para obten\u00e7\u00e3o do grau de Bacharel em Engenharia Florestal, que se realizar\u00e1 no dia 04\/12\/2020, por videoconfer\u00eancia.<\/p>\n<hr \/>\n<p><strong>Portaria N\u00ba 4575 \/ 2020 &#8211; IF<\/strong><\/p>\n<p>Para acessar o documento,\u00a0<a href=\"https:\/\/sipac.ufrrj.br\/public\/jsp\/documentos\/documento_visualizacao.jsf?idDoc=653212\"><strong>clique aqui.<\/strong><\/a><\/p>\n<p><strong>Data do documento:<\/strong> 17 de novembro de 2020.<\/p>\n<p><strong>Assunto do documento: <\/strong>Banca de Defesa de monografia intitulada: Avalia\u00e7\u00e3o dos impactos econ\u00f4micos nas pequenas empresas de produtos florestais (madeireiros e n\u00e3o madeireiros), em decorr\u00eancia da Pandemia de COVID 19 no ano de 2020, da discente Vanessa Claudino Miguel, para obten\u00e7\u00e3o do grau de Bacharel em Engenharia Florestal, que se realizar\u00e1 no dia 03\/12\/2020, pela emiss\u00e3o de parecer da banca examinadora.<\/p>\n<hr \/>\n<p><strong>Portaria N\u00ba 4574 \/ 2020 &#8211; IF<\/strong><\/p>\n<p>Para acessar o documento,\u00a0<a href=\"https:\/\/sipac.ufrrj.br\/public\/jsp\/documentos\/documento_visualizacao.jsf?idDoc=653206\"><strong>clique aqui.<\/strong><\/a><\/p>\n<p><strong>Data do documento:<\/strong> 17 de novembro de 2020.<\/p>\n<p><strong>Assunto do documento:<\/strong> Banca de Defesa de monografia intitulada: Avalia\u00e7\u00e3o econ\u00f4mica do manejo de pr\u00e9-emergente para controle de mato competi\u00e7\u00e3o em uma empresa florestal, da discente Vanessa Gon\u00e7alves Coelho, para obten\u00e7\u00e3o do grau de Bacharel em Engenharia Florestal, que se realizar\u00e1 no dia 03\/12\/2020, por videoconfer\u00eancia.<\/p>\n<hr \/>\n<p><strong>Portaria N\u00ba 4573 \/ 2020 &#8211; IF<\/strong><\/p>\n<p>Para acessar o documento,\u00a0<a href=\"https:\/\/sipac.ufrrj.br\/public\/jsp\/documentos\/documento_visualizacao.jsf?idDoc=653188\"><strong>clique aqui.<\/strong><\/a><\/p>\n<p><strong>Data do documento:<\/strong> 17 de novembro de 2020.<\/p>\n<p><strong>Assunto do documento:<\/strong> Banca de Defesa de monografia intitulada: Percep\u00e7\u00e3o de \u00e1reas verdes, arboriza\u00e7\u00e3o e condi\u00e7\u00f5es ambientais do campus da UFRRJ pelos alunos de cinco cursos de gradua\u00e7\u00e3o, da discente Nath\u00e1lia Felipe da Rocha, para obten\u00e7\u00e3o do grau de Bacharel em Engenharia Florestal, que se realizar\u00e1 no dia 01\/12\/2020, pela emiss\u00e3o de parecer da banca examinadora.<\/p>\n<hr \/>\n<p><strong>Portaria N\u00ba 4518 \/ 2020 &#8211; IF<\/strong><\/p>\n<p>Para acessar o documento,\u00a0<a href=\"https:\/\/sipac.ufrrj.br\/public\/jsp\/documentos\/documento_visualizacao.jsf?idDoc=651757\"><strong>clique aqui.<\/strong><\/a><\/p>\n<p><strong>Data do documento:<\/strong> 13 de novembro de 2020.<\/p>\n<p><strong>Assunto do documento:<\/strong> Banca de Defesa de monografia intitulada: Panorama da concess\u00e3o de servi\u00e7os de uso p\u00fablico em parques nacionais \u00e0 iniciativa privada, da discente Ge\u00f3rgia Vit\u00f3ria Vieira Rocha, para obten\u00e7\u00e3o do grau de Bacharel em Engenharia Florestal, que se realizar\u00e1 no dia 19\/11\/2020, por videoconfer\u00eancia.<\/p>\n<hr \/>\n<p><strong>Portaria N\u00ba 4516 \/ 2020 &#8211; IF<\/strong><\/p>\n<p>Para acessar o documento,\u00a0<a href=\"https:\/\/sipac.ufrrj.br\/public\/jsp\/documentos\/documento_visualizacao.jsf?idDoc=651744\"><strong>clique aqui.<\/strong><\/a><\/p>\n<p><strong>Data do documento:<\/strong> 13 de novembro de 2020.<\/p>\n<p><strong>Assunto do documento:<\/strong> Banca de Defesa de monografia intitulada: ESTOQUE DE CARBONO EM UM TRECHO DE FLORESTA OMBR\u00d3FILA DENSA SECUND\u00c1RIA NO PARQUE NACIONAL DO ITATIAIA \u2013 RJ, BRASIL, da discente Suely de Melo Dias, para obten\u00e7\u00e3o do grau de Bacharel em Engenharia Florestal, que se realizar\u00e1 pela emiss\u00e3o de parecer da banca examinadora, no dia 03\/12\/2020.<\/p>\n<hr \/>\n<p><strong>Portaria N\u00ba 4510 \/ 2020 &#8211; IF<\/strong><\/p>\n<p>Para acessar o documento,\u00a0<a href=\"https:\/\/sipac.ufrrj.br\/public\/jsp\/documentos\/documento_visualizacao.jsf?idDoc=651702\"><strong>clique aqui.<\/strong><\/a><\/p>\n<p><strong>Data do documento:<\/strong> 13 de novembro de 2020.<\/p>\n<p><strong>Assunto do documento:<\/strong> Banca de Defesa de monografia intitulada: Efeito da incorpora\u00e7\u00e3o de nanopart\u00edculas de Ag na prote\u00e7\u00e3o da madeira de Hevea brasiliensis (Willd. ex Adr. de Juss.) contra a a\u00e7\u00e3o de organismos xil\u00f3fagos em condi\u00e7\u00f5es de campo, da discente Mariana Mattos da Silva, para obten\u00e7\u00e3o do grau de Bacharel em Engenharia Florestal, que se realizar\u00e1 pela emiss\u00e3o de parecer da banca examinadora, no dia 02\/12\/2020.<\/p>\n<hr \/>\n<p><strong>Portaria N\u00ba 4509 \/ 2020 &#8211; IF<\/strong><\/p>\n<p>Para acessar o documento,\u00a0<a href=\"https:\/\/sipac.ufrrj.br\/public\/jsp\/documentos\/documento_visualizacao.jsf?idDoc=651695\" target=\"_blank\" rel=\"noopener noreferrer\"><strong>clique aqui.<\/strong><\/a><\/p>\n<p><strong>Data do documento:<\/strong> 13 de novembro de 2020.<\/p>\n<p><strong>Assunto do documento:<\/strong> Banca de Defesa de monografia intitulada: Aplica\u00e7\u00e3o de pol\u00edmeros hidrorretentores ao substrato na produ\u00e7\u00e3o de mudas de Schinus terebinthifolius Raddi e de Eugenia brasiliensis Lam., da discente Maysa da Silva Barreto Ara\u00fajo Nascimento, para obten\u00e7\u00e3o do grau de Bacharel em Engenharia Florestal, que se realizar\u00e1 pela emiss\u00e3o de parecer da banca examinadora, no dia 27\/11\/2020.<\/p>\n<hr \/>\n<p><strong>Portaria N\u00ba 4508 \/ 2020 &#8211; IF<\/strong><\/p>\n<p>Para acessar o documento,\u00a0<a href=\"https:\/\/sipac.ufrrj.br\/public\/jsp\/documentos\/documento_visualizacao.jsf?idDoc=651686\" target=\"_blank\" rel=\"noopener noreferrer\"><strong>clique aqui.<\/strong><\/a><\/p>\n<p><strong>Data do documento:<\/strong> 13 de novembro de 2020.<\/p>\n<p><strong>Assunto do documento:<\/strong> Banca de Defesa de monografia intitulada: Din\u00e2mica de copa em \u00e1rvores do Jardim Bot\u00e2nico da UFRRJ, do discente Eduardo de Souza Faria, para obten\u00e7\u00e3o do grau de Bacharel em Engenharia Florestal, que se realizar\u00e1 pela emiss\u00e3o de parecer da banca examinadora, no dia 27\/11\/2020.<\/p>\n<hr \/>\n<p><strong>Portaria N\u00ba 4507 \/ 2020 &#8211; IF<\/strong><\/p>\n<p>Para acessar o documento,\u00a0<a href=\"https:\/\/sipac.ufrrj.br\/public\/jsp\/documentos\/documento_visualizacao.jsf?idDoc=651664\" target=\"_blank\" rel=\"noopener noreferrer\"><strong>clique aqui.<\/strong><\/a><\/p>\n<p><strong>Data do documento:<\/strong> 13 de novembro de 2020.<\/p>\n<p><strong>Assunto do documento:<\/strong> Banca de Defesa de monografia intitulada Aplica\u00e7\u00e3o da ferramenta da qualidade 5S no viveiro florestal da UFRRJ, da discente Deborah Evelyn Leite da Costa, para obten\u00e7\u00e3o do grau de Bacharel em Engenharia Florestal, que se realizar\u00e1 no dia 26\/11\/2020, por videoconfer\u00eancia.<\/p>\n<hr \/>\n<p>&nbsp;<\/p>\n","protected":false},"excerpt":{"rendered":"<p>&nbsp; Portaria N\u00ba 4911 \/ 2020 &#8211; IF Para acessar o documento,\u00a0clique aqui. Data do documento:04 de dezembro de 2020. <a class=\"read-more\" href=\"https:\/\/institucional.ufrrj.br\/nidflor\/portarias-de-2020\/ \">&#8230; <i class=\"fa fa-long-arrow-right\"><\/i><\/a><\/p>\n","protected":false},"author":690,"featured_media":0,"parent":0,"menu_order":0,"comment_status":"closed","ping_status":"closed","template":"","meta":{"_acf_changed":false,"footnotes":""},"class_list":["post-735","page","type-page","status-publish","hentry"],"yoast_head":"<!-- This site is optimized with the Yoast SEO plugin v27.2 - https:\/\/yoast.com\/product\/yoast-seo-wordpress\/ -->\n<title>Portarias de 2020 - NIDFLOR<\/title>\n<meta name=\"robots\" content=\"index, follow, max-snippet:-1, max-image-preview:large, max-video-preview:-1\" \/>\n<link rel=\"canonical\" href=\"https:\/\/institucional.ufrrj.br\/nidflor\/portarias-de-2020\/\" \/>\n<meta property=\"og:locale\" content=\"pt_BR\" \/>\n<meta property=\"og:type\" content=\"article\" \/>\n<meta property=\"og:title\" content=\"Portarias de 2020 - NIDFLOR\" \/>\n<meta property=\"og:description\" content=\"&nbsp; Portaria N\u00ba 4911 \/ 2020 &#8211; IF Para acessar o documento,\u00a0clique aqui. Data do documento:04 de dezembro de 2020. ...\" \/>\n<meta property=\"og:url\" content=\"https:\/\/institucional.ufrrj.br\/nidflor\/portarias-de-2020\/\" \/>\n<meta property=\"og:site_name\" content=\"NIDFLOR\" \/>\n<meta property=\"article:modified_time\" content=\"2020-12-15T16:09:42+00:00\" \/>\n<meta name=\"twitter:card\" content=\"summary_large_image\" \/>\n<meta name=\"twitter:label1\" content=\"Est. tempo de leitura\" \/>\n\t<meta name=\"twitter:data1\" content=\"6 minutos\" \/>\n<script type=\"application\/ld+json\" class=\"yoast-schema-graph\">{\"@context\":\"https:\/\/schema.org\",\"@graph\":[{\"@type\":\"WebPage\",\"@id\":\"https:\/\/institucional.ufrrj.br\/nidflor\/portarias-de-2020\/\",\"url\":\"https:\/\/institucional.ufrrj.br\/nidflor\/portarias-de-2020\/\",\"name\":\"Portarias de 2020 - NIDFLOR\",\"isPartOf\":{\"@id\":\"https:\/\/institucional.ufrrj.br\/nidflor\/#website\"},\"datePublished\":\"2020-11-13T18:50:27+00:00\",\"dateModified\":\"2020-12-15T16:09:42+00:00\",\"breadcrumb\":{\"@id\":\"https:\/\/institucional.ufrrj.br\/nidflor\/portarias-de-2020\/#breadcrumb\"},\"inLanguage\":\"pt-BR\",\"potentialAction\":[{\"@type\":\"ReadAction\",\"target\":[\"https:\/\/institucional.ufrrj.br\/nidflor\/portarias-de-2020\/\"]}]},{\"@type\":\"BreadcrumbList\",\"@id\":\"https:\/\/institucional.ufrrj.br\/nidflor\/portarias-de-2020\/#breadcrumb\",\"itemListElement\":[{\"@type\":\"ListItem\",\"position\":1,\"name\":\"In\u00edcio\",\"item\":\"https:\/\/institucional.ufrrj.br\/nidflor\/\"},{\"@type\":\"ListItem\",\"position\":2,\"name\":\"Portarias de 2020\"}]},{\"@type\":\"WebSite\",\"@id\":\"https:\/\/institucional.ufrrj.br\/nidflor\/#website\",\"url\":\"https:\/\/institucional.ufrrj.br\/nidflor\/\",\"name\":\"NIDFLOR\",\"description\":\"N\u00facleo de Informa\u00e7\u00e3o e Documenta\u00e7\u00e3o Florestal - UFRRJ\",\"potentialAction\":[{\"@type\":\"SearchAction\",\"target\":{\"@type\":\"EntryPoint\",\"urlTemplate\":\"https:\/\/institucional.ufrrj.br\/nidflor\/?s={search_term_string}\"},\"query-input\":{\"@type\":\"PropertyValueSpecification\",\"valueRequired\":true,\"valueName\":\"search_term_string\"}}],\"inLanguage\":\"pt-BR\"}]}<\/script>\n<!-- \/ Yoast SEO plugin. -->","yoast_head_json":{"title":"Portarias de 2020 - NIDFLOR","robots":{"index":"index","follow":"follow","max-snippet":"max-snippet:-1","max-image-preview":"max-image-preview:large","max-video-preview":"max-video-preview:-1"},"canonical":"https:\/\/institucional.ufrrj.br\/nidflor\/portarias-de-2020\/","og_locale":"pt_BR","og_type":"article","og_title":"Portarias de 2020 - NIDFLOR","og_description":"&nbsp; Portaria N\u00ba 4911 \/ 2020 &#8211; IF Para acessar o documento,\u00a0clique aqui. Data do documento:04 de dezembro de 2020. ...","og_url":"https:\/\/institucional.ufrrj.br\/nidflor\/portarias-de-2020\/","og_site_name":"NIDFLOR","article_modified_time":"2020-12-15T16:09:42+00:00","twitter_card":"summary_large_image","twitter_misc":{"Est. tempo de leitura":"6 minutos"},"schema":{"@context":"https:\/\/schema.org","@graph":[{"@type":"WebPage","@id":"https:\/\/institucional.ufrrj.br\/nidflor\/portarias-de-2020\/","url":"https:\/\/institucional.ufrrj.br\/nidflor\/portarias-de-2020\/","name":"Portarias de 2020 - NIDFLOR","isPartOf":{"@id":"https:\/\/institucional.ufrrj.br\/nidflor\/#website"},"datePublished":"2020-11-13T18:50:27+00:00","dateModified":"2020-12-15T16:09:42+00:00","breadcrumb":{"@id":"https:\/\/institucional.ufrrj.br\/nidflor\/portarias-de-2020\/#breadcrumb"},"inLanguage":"pt-BR","potentialAction":[{"@type":"ReadAction","target":["https:\/\/institucional.ufrrj.br\/nidflor\/portarias-de-2020\/"]}]},{"@type":"BreadcrumbList","@id":"https:\/\/institucional.ufrrj.br\/nidflor\/portarias-de-2020\/#breadcrumb","itemListElement":[{"@type":"ListItem","position":1,"name":"In\u00edcio","item":"https:\/\/institucional.ufrrj.br\/nidflor\/"},{"@type":"ListItem","position":2,"name":"Portarias de 2020"}]},{"@type":"WebSite","@id":"https:\/\/institucional.ufrrj.br\/nidflor\/#website","url":"https:\/\/institucional.ufrrj.br\/nidflor\/","name":"NIDFLOR","description":"N\u00facleo de Informa\u00e7\u00e3o e Documenta\u00e7\u00e3o Florestal - UFRRJ","potentialAction":[{"@type":"SearchAction","target":{"@type":"EntryPoint","urlTemplate":"https:\/\/institucional.ufrrj.br\/nidflor\/?s={search_term_string}"},"query-input":{"@type":"PropertyValueSpecification","valueRequired":true,"valueName":"search_term_string"}}],"inLanguage":"pt-BR"}]}},"acf":[],"_links":{"self":[{"href":"https:\/\/institucional.ufrrj.br\/nidflor\/wp-json\/wp\/v2\/pages\/735","targetHints":{"allow":["GET"]}}],"collection":[{"href":"https:\/\/institucional.ufrrj.br\/nidflor\/wp-json\/wp\/v2\/pages"}],"about":[{"href":"https:\/\/institucional.ufrrj.br\/nidflor\/wp-json\/wp\/v2\/types\/page"}],"author":[{"embeddable":true,"href":"https:\/\/institucional.ufrrj.br\/nidflor\/wp-json\/wp\/v2\/users\/690"}],"replies":[{"embeddable":true,"href":"https:\/\/institucional.ufrrj.br\/nidflor\/wp-json\/wp\/v2\/comments?post=735"}],"version-history":[{"count":7,"href":"https:\/\/institucional.ufrrj.br\/nidflor\/wp-json\/wp\/v2\/pages\/735\/revisions"}],"predecessor-version":[{"id":780,"href":"https:\/\/institucional.ufrrj.br\/nidflor\/wp-json\/wp\/v2\/pages\/735\/revisions\/780"}],"wp:attachment":[{"href":"https:\/\/institucional.ufrrj.br\/nidflor\/wp-json\/wp\/v2\/media?parent=735"}],"curies":[{"name":"wp","href":"https:\/\/api.w.org\/{rel}","templated":true}]}}