{"id":728,"date":"2020-11-09T15:54:03","date_gmt":"2020-11-09T18:54:03","guid":{"rendered":"http:\/\/institucional.ufrrj.br\/nidflor\/?page_id=728"},"modified":"2020-11-09T18:06:16","modified_gmt":"2020-11-09T21:06:16","slug":"atas-de-2015-2019","status":"publish","type":"page","link":"https:\/\/institucional.ufrrj.br\/nidflor\/atas-de-2015-2019\/","title":{"rendered":"Atas de 2015 &#8211; 2019"},"content":{"rendered":"<h4>Atas das Reuni\u00f5es Ordin\u00e1rias do CONSUNI-IF de 2019<\/h4>\n<p><a href=\"http:\/\/institutos.ufrrj.br\/if\/wp-content\/uploads\/sites\/5\/2020\/01\/Ata-183-Consuni_Dezembro-2019.pdf\" target=\"_blank\" rel=\"noopener noreferrer\">Ata 183\u00aa Reuni\u00e3o Ordin\u00e1ria de Dezembro 2019<\/a><\/p>\n<p><a href=\"http:\/\/institutos.ufrrj.br\/if\/wp-content\/uploads\/sites\/5\/2020\/01\/Ata-182_Consuni_-Novembro-2019.pdf\" target=\"_blank\" rel=\"noopener noreferrer\">Ata 182\u00aa Reuni\u00e3o Ordin\u00e1ria de Novembro 2019<\/a><\/p>\n<p><a href=\"http:\/\/institutos.ufrrj.br\/if\/wp-content\/uploads\/sites\/5\/2020\/01\/Ata-181-Consuni_Outubro-2019.pdf\" target=\"_blank\" rel=\"noopener noreferrer\">Ata 181\u00aa Reuni\u00e3o Ordin\u00e1ria de Outubro 2019<\/a><\/p>\n<p><a href=\"http:\/\/institutos.ufrrj.br\/if\/wp-content\/uploads\/sites\/5\/2020\/01\/Ata-180_Consuni_Setembro-2019.pdf\" target=\"_blank\" rel=\"noopener noreferrer\">Ata 180\u00aa Reuni\u00e3o Ordin\u00e1ria de Setembro 2019<\/a><\/p>\n<p><a href=\"http:\/\/institutos.ufrrj.br\/if\/wp-content\/uploads\/sites\/5\/2020\/01\/Ata-179_Consuni_Agosto-2019.pdf\" target=\"_blank\" rel=\"noopener noreferrer\">Ata 179\u00aa Reuni\u00e3o Ordin\u00e1ria de Agosto 2019<\/a><\/p>\n<p><a href=\"http:\/\/institutos.ufrrj.br\/if\/wp-content\/uploads\/sites\/5\/2020\/01\/Ata-178-Consuni_-Julho-2019.pdf\" target=\"_blank\" rel=\"noopener noreferrer\">Ata 178\u00aa Reuni\u00e3o Ordin\u00e1ria de Julho 2019<\/a><\/p>\n<p><a href=\"http:\/\/institutos.ufrrj.br\/if\/wp-content\/uploads\/sites\/5\/2020\/01\/Ata-177-Consuni_Junho-2019.pdf\" target=\"_blank\" rel=\"noopener noreferrer\">Ata 177\u00aa Reuni\u00e3o Ordin\u00e1ria de Junho 2019<\/a><\/p>\n<p><a href=\"http:\/\/institutos.ufrrj.br\/if\/wp-content\/uploads\/sites\/5\/2020\/01\/Ata-176_Maio-2019.pdf\" target=\"_blank\" rel=\"noopener noreferrer\">Ata 176\u00aa Reuni\u00e3o Ordin\u00e1ria de Maio 2019<\/a><\/p>\n<p><a href=\"http:\/\/institutos.ufrrj.br\/if\/wp-content\/uploads\/sites\/5\/2020\/01\/Ata-175-Consuni_Abril-2019.pdf\" target=\"_blank\" rel=\"noopener noreferrer\">Ata 175\u00aa Reuni\u00e3o Ordin\u00e1ria de Abril 2019<\/a><\/p>\n<p><a href=\"http:\/\/institutos.ufrrj.br\/if\/wp-content\/uploads\/sites\/5\/2020\/01\/Ata-174_Consuni_-Mar%C3%A7o-2019-C%C3%B3pia.pdf\" target=\"_blank\" rel=\"noopener noreferrer\">Ata 174\u00aa Reuni\u00e3o Ordin\u00e1ria de 18 de mar\u00e7o de 2019<\/a><\/p>\n<p><a href=\"http:\/\/institutos.ufrrj.br\/if\/wp-content\/uploads\/sites\/5\/2019\/03\/Ata-da-173%C2%AA-Reuni%C3%A3o-Ordin%C3%A1ria-de-11-de-fevereiro-de-2019.pdf\" target=\"_blank\" rel=\"noopener noreferrer\">Ata da 173\u00aa Reuni\u00e3o Ordin\u00e1ria de 11 de fevereiro de 2019<\/a><\/p>\n<hr \/>\n<h4>Atas das Reuni\u00f5es Ordin\u00e1rias do CONSUNI-IF de 2018<\/h4>\n<p><a href=\"http:\/\/institutos.ufrrj.br\/if\/wp-content\/uploads\/sites\/5\/2019\/03\/Ata-da-172%C2%AA-Reuni%C3%A3o-Ordin%C3%A1ria-de-14-de-dezembro-de-2018.pdf\">Ata da 172\u00aa Reuni\u00e3o Ordin\u00e1ria de 14 de dezembro de 2018<\/a><\/p>\n<p><a href=\"http:\/\/institutos.ufrrj.br\/if\/wp-content\/uploads\/sites\/5\/2019\/03\/Ata-da-171%C2%AA-Reuni%C3%A3o-Ordin%C3%A1ria-de-12-de-novembro-de-2018.pdf\">Ata da 171\u00aa Reuni\u00e3o Ordin\u00e1ria de 12 de novembro de 2018<\/a><\/p>\n<p><a href=\"http:\/\/institutos.ufrrj.br\/if\/wp-content\/uploads\/sites\/5\/2019\/03\/Ata-da-170%C2%AA-Reuni%C3%A3o-Ordin%C3%A1ria-de-08-de-outubro-de-2018.pdf\">Ata da 170\u00aa Reuni\u00e3o Ordin\u00e1ria de 08 de outubro de 2018<\/a><\/p>\n<p><a href=\"http:\/\/institutos.ufrrj.br\/if\/wp-content\/uploads\/sites\/5\/2019\/03\/Ata-da-169%C2%AA-Reuni%C3%A3o-Ordin%C3%A1ria-de-10-de-setembro-de-2018.pdf\">Ata da 169\u00aa Reuni\u00e3o Ordin\u00e1ria de 10 de setembro de 2018<\/a><\/p>\n<p><a href=\"http:\/\/institutos.ufrrj.br\/if\/wp-content\/uploads\/sites\/5\/2019\/03\/Ata-da-168%C2%AA-Reuni%C3%A3o-ordin%C3%A1ria-de-20-de-agosto-de-2018.pdf\" target=\"_blank\" rel=\"noopener noreferrer\">Ata da 168\u00aa Reuni\u00e3o Ordin\u00e1ria de 20 de agosto de 2018<\/a><\/p>\n<p><a href=\"http:\/\/institutos.ufrrj.br\/if\/wp-content\/uploads\/sites\/5\/2019\/03\/Ata-da-167%C2%AA-Reuni%C3%A3o-Ordin%C3%A1ria-de-13-de-julho-de-2018.pdf\">Ata da 167\u00aa Reuni\u00e3o Ordin\u00e1ria de 13 de julho de 2018<\/a><\/p>\n<p><a href=\"http:\/\/institutos.ufrrj.br\/if\/wp-content\/uploads\/sites\/5\/2019\/03\/Ata-da-166%C2%AA-Reuni%C3%A3o-Ordin%C3%A1ria-de-11-de-junho-de-2018.pdf\">Ata da 166\u00aa Reuni\u00e3o Ordin\u00e1ria de 11 de junho de 2018<\/a><\/p>\n<p><a href=\"http:\/\/institutos.ufrrj.br\/if\/wp-content\/uploads\/sites\/5\/2019\/03\/Ata-da-165%C2%AA-Reuni%C3%A3o-Ordin%C3%A1ria-de-11-de-maio-de-2018.pdf\">Ata da 165\u00aa Reuni\u00e3o Ordin\u00e1ria de 11 de maio de 2018<\/a><\/p>\n<p><a href=\"http:\/\/institutos.ufrrj.br\/if\/wp-content\/uploads\/sites\/5\/2019\/03\/Ata-da-164%C2%AA-Reuni%C3%A3o-Ordin%C3%A1ria-de-09-de-abril-de-2018.pdf\">Ata da 164\u00aa Reuni\u00e3o Ordin\u00e1ria de 09 de abril de 2018<\/a><\/p>\n<p><a href=\"http:\/\/institutos.ufrrj.br\/if\/wp-content\/uploads\/sites\/5\/2019\/03\/Ata-da-163%C2%AA-Reuni%C3%A3o-Ordin%C3%A1ria-de-16-de-mar%C3%A7o-de-2018.pdf\">Ata da 163\u00aa Reuni\u00e3o Ordin\u00e1ria de 16 de mar\u00e7o de 2018<\/a><\/p>\n<p><a href=\"http:\/\/institutos.ufrrj.br\/if\/wp-content\/uploads\/sites\/5\/2019\/03\/Ata-da-162%C2%AA-Reuni%C3%A3o-Ordin%C3%A1ria-de-19-de-fevereiro-de-2018.pdf\">Ata da 162\u00aa Reuni\u00e3o Ordin\u00e1ria de 19 de fevereiro de 2018<\/a><\/p>\n<hr \/>\n<h4>Atas das Reuni\u00f5es Ordin\u00e1rias do CONSUNI-IF de 2017<\/h4>\n<p><a href=\"http:\/\/institutos.ufrrj.br\/if\/wp-content\/uploads\/sites\/5\/2019\/03\/Ata-150.pdf\" target=\"_blank\" rel=\"noopener noreferrer\">150\u00aa Reuni\u00e3o Ordin\u00e1ria de 23 de janeiro de 2017<\/a><\/p>\n<p><a href=\"http:\/\/institutos.ufrrj.br\/if\/wp-content\/uploads\/sites\/5\/2017\/12\/Ata-151.pdf\" target=\"_blank\" rel=\"noopener noreferrer\">151\u00aa Reuni\u00e3o Ordin\u00e1ria de 24 de fevereiro de 2017<\/a><\/p>\n<p><a href=\"http:\/\/institutos.ufrrj.br\/if\/wp-content\/uploads\/sites\/5\/2017\/12\/Ata-152.pdf\" target=\"_blank\" rel=\"noopener noreferrer\">152\u00aa Reuni\u00e3o Ordin\u00e1ria de 24 de mar\u00e7o de 2017<\/a><\/p>\n<p><a href=\"http:\/\/institutos.ufrrj.br\/if\/wp-content\/uploads\/sites\/5\/2017\/12\/Ata-153.pdf\" target=\"_blank\" rel=\"noopener noreferrer\">153\u00aa Reuni\u00e3o Ordin\u00e1ria de 24 de abril de 2017<\/a><\/p>\n<p><a href=\"http:\/\/institutos.ufrrj.br\/if\/wp-content\/uploads\/sites\/5\/2017\/12\/Ata-154.pdf\" target=\"_blank\" rel=\"noopener noreferrer\">154\u00aa Reuni\u00e3o Ordin\u00e1ria de 29 de maio de 2017<\/a><\/p>\n<p><a href=\"http:\/\/institutos.ufrrj.br\/if\/wp-content\/uploads\/sites\/5\/2017\/12\/Ata-155.pdf\" target=\"_blank\" rel=\"noopener noreferrer\">155\u00aa Reuni\u00e3o Ordin\u00e1ria de 26 de junho de 2017<\/a><\/p>\n<p><a href=\"http:\/\/institutos.ufrrj.br\/if\/wp-content\/uploads\/sites\/5\/2017\/12\/Ata-156.pdf\" target=\"_blank\" rel=\"noopener noreferrer\">156\u00aa Reuni\u00e3o Ordin\u00e1ria de 28 de julho de 2017<\/a><\/p>\n<p><a href=\"http:\/\/institutos.ufrrj.br\/if\/wp-content\/uploads\/sites\/5\/2017\/12\/Ata-157.pdf\" target=\"_blank\" rel=\"noopener noreferrer\">157\u00aa Reuni\u00e3o Ordin\u00e1ria de 28 de agosto de 2017<\/a><\/p>\n<p><a href=\"http:\/\/institutos.ufrrj.br\/if\/wp-content\/uploads\/sites\/5\/2017\/12\/Ata-158.pdf\" target=\"_blank\" rel=\"noopener noreferrer\">158\u00aa Reuni\u00e3o Ordin\u00e1ria de 25 de setembro de 2017<\/a><\/p>\n<p><a href=\"http:\/\/institutos.ufrrj.br\/if\/wp-content\/uploads\/sites\/5\/2017\/12\/Ata-159.pdf\" target=\"_blank\" rel=\"noopener noreferrer\">159\u00aa Reuni\u00e3o Ordin\u00e1ria de 23 de outubro de 2017<\/a><\/p>\n<p><a href=\"http:\/\/institutos.ufrrj.br\/if\/wp-content\/uploads\/sites\/5\/2017\/12\/Ata-160.pdf\" target=\"_blank\" rel=\"noopener noreferrer\">160\u00aa Reuni\u00e3o Ordin\u00e1ria de 13 de novembro de 2017<\/a><\/p>\n<p><a href=\"http:\/\/institutos.ufrrj.br\/if\/wp-content\/uploads\/sites\/5\/2017\/12\/Ata-161.pdf\" target=\"_blank\" rel=\"noopener noreferrer\">161\u00aa Reuni\u00e3o Ordin\u00e1ria de 11 de dezembro de 2017<\/a><\/p>\n<hr \/>\n<h4>Atas das Reuni\u00f5es Extraordin\u00e1rias do CONSUNI-IF de 2017<\/h4>\n<p><a href=\"http:\/\/institutos.ufrrj.br\/if\/wp-content\/uploads\/sites\/5\/2017\/12\/Ata-138-extraordinaria.pdf\" target=\"_blank\" rel=\"noopener noreferrer\">138\u00aa Reuni\u00e3o Extraordin\u00e1ria de 10 de abril de 2017<\/a><\/p>\n<p><a href=\"http:\/\/institutos.ufrrj.br\/if\/wp-content\/uploads\/sites\/5\/2019\/03\/Ata-139%C2%AA-Extraordin%C3%A1ria.pdf\" target=\"_blank\" rel=\"noopener noreferrer\">139\u00aa Reuni\u00e3o Extraordin\u00e1ria de 26 de junho de 2017<\/a><\/p>\n<p><a href=\"http:\/\/institutos.ufrrj.br\/if\/wp-content\/uploads\/sites\/5\/2019\/03\/Ata-140%C2%AA-Extraordin%C3%A1ria.pdf\" target=\"_blank\" rel=\"noopener noreferrer\">140\u00aa Reuni\u00e3o Extraordin\u00e1ria de 26 de junho de 2017<\/a><\/p>\n<hr \/>\n<h4>Atas das Reuni\u00f5es Extraordin\u00e1rias do CONSUNI-IF de 2016<\/h4>\n<p><a href=\"http:\/\/institutos.ufrrj.br\/if\/wp-content\/uploads\/sites\/5\/2017\/12\/Ata-135-EXTRAORDINA.pdf\" target=\"_blank\" rel=\"noopener noreferrer\">135\u00aa Reuni\u00e3o Extraordin\u00e1ria de 13 de maio de 2016<\/a><\/p>\n<p><a href=\"http:\/\/institutos.ufrrj.br\/if\/wp-content\/uploads\/sites\/5\/2017\/12\/Ata-136-extraordinaria.pdf\" target=\"_blank\" rel=\"noopener noreferrer\">136\u00aa Reuni\u00e3o Extraordin\u00e1ria de 30 de setembro de 2016<\/a><\/p>\n<hr \/>\n<h4>Atas das Reuni\u00f5es Ordin\u00e1rias do CONSUNI-IF de 2016<\/h4>\n<p><a href=\"http:\/\/institutos.ufrrj.br\/if\/wp-content\/uploads\/sites\/5\/2017\/12\/Ata-139.pdf\" target=\"_blank\" rel=\"noopener noreferrer\">139\u00aa Reuni\u00e3o Ordin\u00e1ria de 22 de fevereiro de 2016<\/a><\/p>\n<p><a href=\"http:\/\/institutos.ufrrj.br\/if\/wp-content\/uploads\/sites\/5\/2017\/12\/Ata-140.pdf\" target=\"_blank\" rel=\"noopener noreferrer\">140\u00aa Reuni\u00e3o Ordin\u00e1ria de 18 de mar\u00e7o de 2016<\/a><\/p>\n<p><a href=\"http:\/\/institutos.ufrrj.br\/if\/wp-content\/uploads\/sites\/5\/2017\/12\/Ata-141.pdf\" target=\"_blank\" rel=\"noopener noreferrer\">141\u00aa Reuni\u00e3o Ordin\u00e1ria de 25 de abril de 2016<\/a><\/p>\n<p><a href=\"http:\/\/institutos.ufrrj.br\/if\/wp-content\/uploads\/sites\/5\/2017\/12\/Ata-142.pdf\" target=\"_blank\" rel=\"noopener noreferrer\">142\u00aa Reuni\u00e3o Ordin\u00e1ria de 20 de maio de 2016<\/a><\/p>\n<p><a href=\"http:\/\/institutos.ufrrj.br\/if\/wp-content\/uploads\/sites\/5\/2017\/12\/Ata-143.pdf\" target=\"_blank\" rel=\"noopener noreferrer\">143\u00aa Reuni\u00e3o Ordin\u00e1ria de 27 de junho de 2016<\/a><\/p>\n<p><a href=\"http:\/\/institutos.ufrrj.br\/if\/wp-content\/uploads\/sites\/5\/2017\/12\/Ata-144.pdf\" target=\"_blank\" rel=\"noopener noreferrer\">144\u00aa Reuni\u00e3o Ordin\u00e1ria de 4 de agosto de 2016<\/a><\/p>\n<p><a href=\"http:\/\/institutos.ufrrj.br\/if\/wp-content\/uploads\/sites\/5\/2017\/12\/Ata-145.pdf\" target=\"_blank\" rel=\"noopener noreferrer\">145\u00aa Reuni\u00e3o Ordin\u00e1ria de 2 de setembro de 2016<\/a><\/p>\n<p><a href=\"http:\/\/institutos.ufrrj.br\/if\/wp-content\/uploads\/sites\/5\/2017\/12\/Ata-146.pdf\" target=\"_blank\" rel=\"noopener noreferrer\">146\u00aa Reuni\u00e3o Ordin\u00e1ria de 3 de outubro de 2016<\/a><\/p>\n<p><a href=\"http:\/\/institutos.ufrrj.br\/if\/wp-content\/uploads\/sites\/5\/2017\/12\/Ata-147.pdf\" target=\"_blank\" rel=\"noopener noreferrer\">147\u00aa Reuni\u00e3o Ordin\u00e1ria de 24 de outubro de 2016<\/a><\/p>\n<p>148\u00aa Reuni\u00e3o Ordin\u00e1ria<\/p>\n<p><a href=\"http:\/\/institutos.ufrrj.br\/if\/wp-content\/uploads\/sites\/5\/2017\/12\/Ata-149.pdf\" target=\"_blank\" rel=\"noopener noreferrer\">149\u00aa Reuni\u00e3o Ordin\u00e1ria de 9 de dezembro de 2016<\/a><\/p>\n<hr \/>\n<h4>Atas das Reuni\u00f5es Ordin\u00e1rias do CONSUNI-IF de 2015<\/h4>\n<p><a href=\"http:\/\/institutos.ufrrj.br\/if\/wp-content\/uploads\/sites\/5\/2017\/12\/Ata-129.pdf\" target=\"_blank\" rel=\"noopener noreferrer\">129\u00aa Reuni\u00e3o Ordin\u00e1ria de 27 de fevereiro de 2015<\/a><\/p>\n<p><a href=\"http:\/\/institutos.ufrrj.br\/if\/wp-content\/uploads\/sites\/5\/2017\/12\/Ata-130-de-13-de-abril-de-2015.pdf\" target=\"_blank\" rel=\"noopener noreferrer\">130\u00aa Reuni\u00e3o Ordin\u00e1ria de 13 de abril de 2015<\/a><\/p>\n<p><a href=\"http:\/\/institutos.ufrrj.br\/if\/wp-content\/uploads\/sites\/5\/2017\/12\/Ata-131.pdf\" target=\"_blank\" rel=\"noopener noreferrer\">131\u00aa Reuni\u00e3o Ordin\u00e1ria de 11 de maio de 2015<\/a><\/p>\n<p><a href=\"http:\/\/institutos.ufrrj.br\/if\/wp-content\/uploads\/sites\/5\/2017\/12\/Ata-132.pdf\" target=\"_blank\" rel=\"noopener noreferrer\">132\u00aa Reuni\u00e3o Ordin\u00e1ria de 19 de junho de 2015<\/a><\/p>\n<p><a href=\"http:\/\/institutos.ufrrj.br\/if\/wp-content\/uploads\/sites\/5\/2017\/12\/Ata-133.pdf\" target=\"_blank\" rel=\"noopener noreferrer\">133\u00aa Reuni\u00e3o Ordin\u00e1ria de 17 de julho de 2015<\/a><\/p>\n<p><a href=\"http:\/\/institutos.ufrrj.br\/if\/wp-content\/uploads\/sites\/5\/2017\/12\/Ata-134.pdf\" target=\"_blank\" rel=\"noopener noreferrer\">134\u00aa Reuni\u00e3o Ordin\u00e1ria de 21 de agosto de 2015<\/a><\/p>\n<p><a href=\"http:\/\/institutos.ufrrj.br\/if\/wp-content\/uploads\/sites\/5\/2017\/12\/Ata-135.pdf\" target=\"_blank\" rel=\"noopener noreferrer\">135\u00aa Reuni\u00e3o Ordin\u00e1ria de 28 de setembro de 2015<\/a><\/p>\n<p><a href=\"http:\/\/institutos.ufrrj.br\/if\/wp-content\/uploads\/sites\/5\/2017\/12\/Ata-136.pdf\" target=\"_blank\" rel=\"noopener noreferrer\">136\u00aa Reuni\u00e3o Ordin\u00e1ria de 23 de outubro de 2015<\/a><\/p>\n<p><a href=\"http:\/\/institutos.ufrrj.br\/if\/wp-content\/uploads\/sites\/5\/2017\/12\/Ata-137.pdf\" target=\"_blank\" rel=\"noopener noreferrer\">137\u00aa Reuni\u00e3o Ordin\u00e1ria de 23 de novembro de 2015<\/a><\/p>\n<p><a href=\"http:\/\/institutos.ufrrj.br\/if\/wp-content\/uploads\/sites\/5\/2017\/12\/Ata-138.pdf\" target=\"_blank\" rel=\"noopener noreferrer\">138\u00aa Reuni\u00e3o Ordin\u00e1ria de 11 de dezembro de 2015<\/a><\/p>\n<hr \/>\n<p>As atas das reuni\u00f5es do Consuni-IF anteriores ao ano de 2015 podem ser consultadas na Secretaria Administrativa do Instituto de Florestas.<\/p>\n","protected":false},"excerpt":{"rendered":"<p>Atas das Reuni\u00f5es Ordin\u00e1rias do CONSUNI-IF de 2019 Ata 183\u00aa Reuni\u00e3o Ordin\u00e1ria de Dezembro 2019 Ata 182\u00aa Reuni\u00e3o Ordin\u00e1ria de <a class=\"read-more\" href=\"https:\/\/institucional.ufrrj.br\/nidflor\/atas-de-2015-2019\/ \">&#8230; <i class=\"fa fa-long-arrow-right\"><\/i><\/a><\/p>\n","protected":false},"author":690,"featured_media":0,"parent":0,"menu_order":0,"comment_status":"closed","ping_status":"closed","template":"","meta":{"_acf_changed":false,"footnotes":""},"class_list":["post-728","page","type-page","status-publish","hentry"],"yoast_head":"<!-- This site is optimized with the Yoast SEO plugin v27.2 - https:\/\/yoast.com\/product\/yoast-seo-wordpress\/ -->\n<title>Atas de 2015 - 2019 - NIDFLOR<\/title>\n<meta name=\"robots\" content=\"index, follow, max-snippet:-1, max-image-preview:large, max-video-preview:-1\" \/>\n<link rel=\"canonical\" href=\"https:\/\/institucional.ufrrj.br\/nidflor\/atas-de-2015-2019\/\" \/>\n<meta property=\"og:locale\" content=\"pt_BR\" \/>\n<meta property=\"og:type\" content=\"article\" \/>\n<meta property=\"og:title\" content=\"Atas de 2015 - 2019 - NIDFLOR\" \/>\n<meta property=\"og:description\" content=\"Atas das Reuni\u00f5es Ordin\u00e1rias do CONSUNI-IF de 2019 Ata 183\u00aa Reuni\u00e3o Ordin\u00e1ria de Dezembro 2019 Ata 182\u00aa Reuni\u00e3o Ordin\u00e1ria de ...\" \/>\n<meta property=\"og:url\" content=\"https:\/\/institucional.ufrrj.br\/nidflor\/atas-de-2015-2019\/\" \/>\n<meta property=\"og:site_name\" content=\"NIDFLOR\" \/>\n<meta property=\"article:modified_time\" content=\"2020-11-09T21:06:16+00:00\" \/>\n<meta name=\"twitter:card\" content=\"summary_large_image\" \/>\n<meta name=\"twitter:label1\" content=\"Est. tempo de leitura\" \/>\n\t<meta name=\"twitter:data1\" content=\"3 minutos\" \/>\n<script type=\"application\/ld+json\" class=\"yoast-schema-graph\">{\"@context\":\"https:\/\/schema.org\",\"@graph\":[{\"@type\":\"WebPage\",\"@id\":\"https:\/\/institucional.ufrrj.br\/nidflor\/atas-de-2015-2019\/\",\"url\":\"https:\/\/institucional.ufrrj.br\/nidflor\/atas-de-2015-2019\/\",\"name\":\"Atas de 2015 - 2019 - NIDFLOR\",\"isPartOf\":{\"@id\":\"https:\/\/institucional.ufrrj.br\/nidflor\/#website\"},\"datePublished\":\"2020-11-09T18:54:03+00:00\",\"dateModified\":\"2020-11-09T21:06:16+00:00\",\"breadcrumb\":{\"@id\":\"https:\/\/institucional.ufrrj.br\/nidflor\/atas-de-2015-2019\/#breadcrumb\"},\"inLanguage\":\"pt-BR\",\"potentialAction\":[{\"@type\":\"ReadAction\",\"target\":[\"https:\/\/institucional.ufrrj.br\/nidflor\/atas-de-2015-2019\/\"]}]},{\"@type\":\"BreadcrumbList\",\"@id\":\"https:\/\/institucional.ufrrj.br\/nidflor\/atas-de-2015-2019\/#breadcrumb\",\"itemListElement\":[{\"@type\":\"ListItem\",\"position\":1,\"name\":\"In\u00edcio\",\"item\":\"https:\/\/institucional.ufrrj.br\/nidflor\/\"},{\"@type\":\"ListItem\",\"position\":2,\"name\":\"Atas de 2015 &#8211; 2019\"}]},{\"@type\":\"WebSite\",\"@id\":\"https:\/\/institucional.ufrrj.br\/nidflor\/#website\",\"url\":\"https:\/\/institucional.ufrrj.br\/nidflor\/\",\"name\":\"NIDFLOR\",\"description\":\"N\u00facleo de Informa\u00e7\u00e3o e Documenta\u00e7\u00e3o Florestal - UFRRJ\",\"potentialAction\":[{\"@type\":\"SearchAction\",\"target\":{\"@type\":\"EntryPoint\",\"urlTemplate\":\"https:\/\/institucional.ufrrj.br\/nidflor\/?s={search_term_string}\"},\"query-input\":{\"@type\":\"PropertyValueSpecification\",\"valueRequired\":true,\"valueName\":\"search_term_string\"}}],\"inLanguage\":\"pt-BR\"}]}<\/script>\n<!-- \/ Yoast SEO plugin. -->","yoast_head_json":{"title":"Atas de 2015 - 2019 - NIDFLOR","robots":{"index":"index","follow":"follow","max-snippet":"max-snippet:-1","max-image-preview":"max-image-preview:large","max-video-preview":"max-video-preview:-1"},"canonical":"https:\/\/institucional.ufrrj.br\/nidflor\/atas-de-2015-2019\/","og_locale":"pt_BR","og_type":"article","og_title":"Atas de 2015 - 2019 - NIDFLOR","og_description":"Atas das Reuni\u00f5es Ordin\u00e1rias do CONSUNI-IF de 2019 Ata 183\u00aa Reuni\u00e3o Ordin\u00e1ria de Dezembro 2019 Ata 182\u00aa Reuni\u00e3o Ordin\u00e1ria de ...","og_url":"https:\/\/institucional.ufrrj.br\/nidflor\/atas-de-2015-2019\/","og_site_name":"NIDFLOR","article_modified_time":"2020-11-09T21:06:16+00:00","twitter_card":"summary_large_image","twitter_misc":{"Est. tempo de leitura":"3 minutos"},"schema":{"@context":"https:\/\/schema.org","@graph":[{"@type":"WebPage","@id":"https:\/\/institucional.ufrrj.br\/nidflor\/atas-de-2015-2019\/","url":"https:\/\/institucional.ufrrj.br\/nidflor\/atas-de-2015-2019\/","name":"Atas de 2015 - 2019 - NIDFLOR","isPartOf":{"@id":"https:\/\/institucional.ufrrj.br\/nidflor\/#website"},"datePublished":"2020-11-09T18:54:03+00:00","dateModified":"2020-11-09T21:06:16+00:00","breadcrumb":{"@id":"https:\/\/institucional.ufrrj.br\/nidflor\/atas-de-2015-2019\/#breadcrumb"},"inLanguage":"pt-BR","potentialAction":[{"@type":"ReadAction","target":["https:\/\/institucional.ufrrj.br\/nidflor\/atas-de-2015-2019\/"]}]},{"@type":"BreadcrumbList","@id":"https:\/\/institucional.ufrrj.br\/nidflor\/atas-de-2015-2019\/#breadcrumb","itemListElement":[{"@type":"ListItem","position":1,"name":"In\u00edcio","item":"https:\/\/institucional.ufrrj.br\/nidflor\/"},{"@type":"ListItem","position":2,"name":"Atas de 2015 &#8211; 2019"}]},{"@type":"WebSite","@id":"https:\/\/institucional.ufrrj.br\/nidflor\/#website","url":"https:\/\/institucional.ufrrj.br\/nidflor\/","name":"NIDFLOR","description":"N\u00facleo de Informa\u00e7\u00e3o e Documenta\u00e7\u00e3o Florestal - UFRRJ","potentialAction":[{"@type":"SearchAction","target":{"@type":"EntryPoint","urlTemplate":"https:\/\/institucional.ufrrj.br\/nidflor\/?s={search_term_string}"},"query-input":{"@type":"PropertyValueSpecification","valueRequired":true,"valueName":"search_term_string"}}],"inLanguage":"pt-BR"}]}},"acf":[],"_links":{"self":[{"href":"https:\/\/institucional.ufrrj.br\/nidflor\/wp-json\/wp\/v2\/pages\/728","targetHints":{"allow":["GET"]}}],"collection":[{"href":"https:\/\/institucional.ufrrj.br\/nidflor\/wp-json\/wp\/v2\/pages"}],"about":[{"href":"https:\/\/institucional.ufrrj.br\/nidflor\/wp-json\/wp\/v2\/types\/page"}],"author":[{"embeddable":true,"href":"https:\/\/institucional.ufrrj.br\/nidflor\/wp-json\/wp\/v2\/users\/690"}],"replies":[{"embeddable":true,"href":"https:\/\/institucional.ufrrj.br\/nidflor\/wp-json\/wp\/v2\/comments?post=728"}],"version-history":[{"count":1,"href":"https:\/\/institucional.ufrrj.br\/nidflor\/wp-json\/wp\/v2\/pages\/728\/revisions"}],"predecessor-version":[{"id":729,"href":"https:\/\/institucional.ufrrj.br\/nidflor\/wp-json\/wp\/v2\/pages\/728\/revisions\/729"}],"wp:attachment":[{"href":"https:\/\/institucional.ufrrj.br\/nidflor\/wp-json\/wp\/v2\/media?parent=728"}],"curies":[{"name":"wp","href":"https:\/\/api.w.org\/{rel}","templated":true}]}}