{"id":726,"date":"2020-11-09T15:52:06","date_gmt":"2020-11-09T18:52:06","guid":{"rendered":"http:\/\/institucional.ufrrj.br\/nidflor\/?page_id=726"},"modified":"2021-03-10T17:39:46","modified_gmt":"2021-03-10T20:39:46","slug":"atas-de-2020-e-mais-recentes","status":"publish","type":"page","link":"https:\/\/institucional.ufrrj.br\/nidflor\/atas-de-2020-e-mais-recentes\/","title":{"rendered":"Atas de 2020"},"content":{"rendered":"<h4 style=\"text-align: center\"><span style=\"color: #800000\">Atas das Reuni\u00f5es do CONSUNI-IF de 2020<\/span><\/h4>\n<p><a href=\"https:\/\/sipac.ufrrj.br\/public\/jsp\/documentos\/documento_visualizacao.jsf?idDoc=670753\" target=\"_blank\" rel=\"noopener noreferrer\"><span style=\"color: #0000ff\">Ata da 193\u00aa Reuni\u00e3o Ordin\u00e1ria de 07 de dezembro de 2020<\/span><\/a><\/p>\n<p><a href=\"https:\/\/sipac.ufrrj.br\/public\/jsp\/documentos\/documento_visualizacao.jsf?idDoc=653075\" target=\"_blank\" rel=\"noopener noreferrer\"><span style=\"color: #0000ff\">Ata da 192\u00aa Reuni\u00e3o Ordin\u00e1ria de 09 de novembro de 2020<\/span><\/a><\/p>\n<p style=\"text-align: left\"><span style=\"color: #0000ff\"><a style=\"color: #0000ff\" href=\"https:\/\/sipac.ufrrj.br\/public\/jsp\/documentos\/documento_visualizacao.jsf?idDoc=639930\" target=\"_blank\" rel=\"noopener noreferrer\">Ata da 191\u00aa Reuni\u00e3o Ordin\u00e1ria de 16 de outubro de 2020<\/a><\/span><\/p>\n<p style=\"text-align: left\"><span style=\"color: #0000ff\"><a style=\"color: #0000ff\" href=\"https:\/\/sipac.ufrrj.br\/public\/jsp\/documentos\/documento_visualizacao.jsf?idDoc=619812\" target=\"_blank\" rel=\"noopener noreferrer\">Ata da 190\u00aa Reuni\u00e3o Ordin\u00e1ria de 11 de setembro de 2020<\/a><\/span><\/p>\n<p style=\"text-align: left\"><span style=\"color: #0000ff\"><a style=\"color: #0000ff\" href=\"https:\/\/sipac.ufrrj.br\/public\/jsp\/documentos\/documento_visualizacao.jsf?idDoc=606448\" target=\"_blank\" rel=\"noopener noreferrer\">Ata da 3\u00aa Reuni\u00e3o Extraordin\u00e1ria de 2020 realizada em 21 de agosto de 2020<\/a><\/span><\/p>\n<p style=\"text-align: left\"><span style=\"color: #0000ff\"><a style=\"color: #0000ff\" href=\"https:\/\/sipac.ufrrj.br\/public\/jsp\/documentos\/documento_visualizacao.jsf?idDoc=461227\" target=\"_blank\" rel=\"noopener noreferrer\">Ata da 189\u00aa Reuni\u00e3o Ordin\u00e1ria de 10 de julho de 2020<\/a><\/span><\/p>\n<p style=\"text-align: left\"><span style=\"color: #0000ff\"><a style=\"color: #0000ff\" href=\"https:\/\/sipac.ufrrj.br\/public\/jsp\/documentos\/documento_visualizacao.jsf?idDoc=451731\" target=\"_blank\" rel=\"noopener noreferrer\">Ata da 2\u00aa Reuni\u00e3o Extraordin\u00e1ria de 2020\u00a0realizada em 26 de junho de 2020<\/a><\/span><\/p>\n<p style=\"text-align: left\"><span style=\"color: #0000ff\"><a style=\"color: #0000ff\" href=\"https:\/\/sipac.ufrrj.br\/public\/jsp\/documentos\/documento_visualizacao.jsf?idDoc=450444\" target=\"_blank\" rel=\"noopener noreferrer\">Ata da 188\u00aa Reuni\u00e3o Ordin\u00e1ria de 15 de junho de 2020<\/a><\/span><\/p>\n<p style=\"text-align: left\"><span style=\"color: #0000ff\"><a style=\"color: #0000ff\" href=\"https:\/\/sipac.ufrrj.br\/public\/jsp\/documentos\/info_documento.jsf?idDocumento=430852\" target=\"_blank\" rel=\"noopener noreferrer\">Ata da 187\u00aa Reuni\u00e3o Ordin\u00e1ria de 11 de maio de 2020<\/a><\/span><\/p>\n<p style=\"text-align: left\"><span style=\"color: #0000ff\"><a style=\"color: #0000ff\" href=\"https:\/\/sipac.ufrrj.br\/public\/jsp\/documentos\/info_documento.jsf?idDocumento=422253\" target=\"_blank\" rel=\"noopener noreferrer\">Ata da 1\u00aa Reuni\u00e3o Extraordin\u00e1ria de 2020 realizada em 22 de abril de 2020<\/a><\/span><\/p>\n<p style=\"text-align: left\"><span style=\"color: #0000ff\"><a style=\"color: #0000ff\" href=\"https:\/\/sipac.ufrrj.br\/public\/jsp\/documentos\/info_documento.jsf?idDocumento=415171#\" target=\"_blank\" rel=\"noopener noreferrer\">Ata da 186\u00aa Reuni\u00e3o Ordin\u00e1ria de\u00a013 de abril de 2020<\/a><\/span><\/p>\n<p style=\"text-align: left\"><span style=\"color: #0000ff\"><a style=\"color: #0000ff\" href=\"https:\/\/sipac.ufrrj.br\/public\/jsp\/documentos\/info_documento.jsf?idDocumento=409197\" target=\"_blank\" rel=\"noopener noreferrer\">Ata da 185\u00aa Reuni\u00e3o Ordin\u00e1ria de 16 de mar\u00e7o de 2020<\/a><\/span><\/p>\n<p style=\"text-align: left\"><span style=\"color: #0000ff\"><a style=\"color: #0000ff\" href=\"http:\/\/institutos.ufrrj.br\/if\/wp-content\/uploads\/sites\/5\/2020\/09\/Ata-da-184%C2%AA-Reuni%C3%A3o-Ordin%C3%A1ria-Consuni-IF_Fev-2020.pdf\" target=\"_blank\" rel=\"noopener noreferrer\">Ata da 184\u00aa Reuni\u00e3o Ordin\u00e1ria de 10 de fevereiro de 2020<\/a><\/span><\/p>\n","protected":false},"excerpt":{"rendered":"<p>Atas das Reuni\u00f5es do CONSUNI-IF de 2020 Ata da 193\u00aa Reuni\u00e3o Ordin\u00e1ria de 07 de dezembro de 2020 Ata da <a class=\"read-more\" href=\"https:\/\/institucional.ufrrj.br\/nidflor\/atas-de-2020-e-mais-recentes\/ \">&#8230; <i class=\"fa fa-long-arrow-right\"><\/i><\/a><\/p>\n","protected":false},"author":690,"featured_media":0,"parent":0,"menu_order":0,"comment_status":"closed","ping_status":"closed","template":"","meta":{"_acf_changed":false,"footnotes":""},"class_list":["post-726","page","type-page","status-publish","hentry"],"yoast_head":"<!-- This site is optimized with the Yoast SEO plugin v27.2 - https:\/\/yoast.com\/product\/yoast-seo-wordpress\/ -->\n<title>Atas de 2020 - NIDFLOR<\/title>\n<meta name=\"robots\" content=\"index, follow, max-snippet:-1, max-image-preview:large, max-video-preview:-1\" \/>\n<link rel=\"canonical\" href=\"https:\/\/institucional.ufrrj.br\/nidflor\/atas-de-2020-e-mais-recentes\/\" \/>\n<meta property=\"og:locale\" content=\"pt_BR\" \/>\n<meta property=\"og:type\" content=\"article\" \/>\n<meta property=\"og:title\" content=\"Atas de 2020 - NIDFLOR\" \/>\n<meta property=\"og:description\" content=\"Atas das Reuni\u00f5es do CONSUNI-IF de 2020 Ata da 193\u00aa Reuni\u00e3o Ordin\u00e1ria de 07 de dezembro de 2020 Ata da ...\" \/>\n<meta property=\"og:url\" content=\"https:\/\/institucional.ufrrj.br\/nidflor\/atas-de-2020-e-mais-recentes\/\" \/>\n<meta property=\"og:site_name\" content=\"NIDFLOR\" \/>\n<meta property=\"article:modified_time\" content=\"2021-03-10T20:39:46+00:00\" \/>\n<meta name=\"twitter:card\" content=\"summary_large_image\" \/>\n<meta name=\"twitter:label1\" content=\"Est. tempo de leitura\" \/>\n\t<meta name=\"twitter:data1\" content=\"1 minuto\" \/>\n<script type=\"application\/ld+json\" class=\"yoast-schema-graph\">{\"@context\":\"https:\/\/schema.org\",\"@graph\":[{\"@type\":\"WebPage\",\"@id\":\"https:\/\/institucional.ufrrj.br\/nidflor\/atas-de-2020-e-mais-recentes\/\",\"url\":\"https:\/\/institucional.ufrrj.br\/nidflor\/atas-de-2020-e-mais-recentes\/\",\"name\":\"Atas de 2020 - NIDFLOR\",\"isPartOf\":{\"@id\":\"https:\/\/institucional.ufrrj.br\/nidflor\/#website\"},\"datePublished\":\"2020-11-09T18:52:06+00:00\",\"dateModified\":\"2021-03-10T20:39:46+00:00\",\"breadcrumb\":{\"@id\":\"https:\/\/institucional.ufrrj.br\/nidflor\/atas-de-2020-e-mais-recentes\/#breadcrumb\"},\"inLanguage\":\"pt-BR\",\"potentialAction\":[{\"@type\":\"ReadAction\",\"target\":[\"https:\/\/institucional.ufrrj.br\/nidflor\/atas-de-2020-e-mais-recentes\/\"]}]},{\"@type\":\"BreadcrumbList\",\"@id\":\"https:\/\/institucional.ufrrj.br\/nidflor\/atas-de-2020-e-mais-recentes\/#breadcrumb\",\"itemListElement\":[{\"@type\":\"ListItem\",\"position\":1,\"name\":\"In\u00edcio\",\"item\":\"https:\/\/institucional.ufrrj.br\/nidflor\/\"},{\"@type\":\"ListItem\",\"position\":2,\"name\":\"Atas de 2020\"}]},{\"@type\":\"WebSite\",\"@id\":\"https:\/\/institucional.ufrrj.br\/nidflor\/#website\",\"url\":\"https:\/\/institucional.ufrrj.br\/nidflor\/\",\"name\":\"NIDFLOR\",\"description\":\"N\u00facleo de Informa\u00e7\u00e3o e Documenta\u00e7\u00e3o Florestal - UFRRJ\",\"potentialAction\":[{\"@type\":\"SearchAction\",\"target\":{\"@type\":\"EntryPoint\",\"urlTemplate\":\"https:\/\/institucional.ufrrj.br\/nidflor\/?s={search_term_string}\"},\"query-input\":{\"@type\":\"PropertyValueSpecification\",\"valueRequired\":true,\"valueName\":\"search_term_string\"}}],\"inLanguage\":\"pt-BR\"}]}<\/script>\n<!-- \/ Yoast SEO plugin. -->","yoast_head_json":{"title":"Atas de 2020 - NIDFLOR","robots":{"index":"index","follow":"follow","max-snippet":"max-snippet:-1","max-image-preview":"max-image-preview:large","max-video-preview":"max-video-preview:-1"},"canonical":"https:\/\/institucional.ufrrj.br\/nidflor\/atas-de-2020-e-mais-recentes\/","og_locale":"pt_BR","og_type":"article","og_title":"Atas de 2020 - NIDFLOR","og_description":"Atas das Reuni\u00f5es do CONSUNI-IF de 2020 Ata da 193\u00aa Reuni\u00e3o Ordin\u00e1ria de 07 de dezembro de 2020 Ata da ...","og_url":"https:\/\/institucional.ufrrj.br\/nidflor\/atas-de-2020-e-mais-recentes\/","og_site_name":"NIDFLOR","article_modified_time":"2021-03-10T20:39:46+00:00","twitter_card":"summary_large_image","twitter_misc":{"Est. tempo de leitura":"1 minuto"},"schema":{"@context":"https:\/\/schema.org","@graph":[{"@type":"WebPage","@id":"https:\/\/institucional.ufrrj.br\/nidflor\/atas-de-2020-e-mais-recentes\/","url":"https:\/\/institucional.ufrrj.br\/nidflor\/atas-de-2020-e-mais-recentes\/","name":"Atas de 2020 - NIDFLOR","isPartOf":{"@id":"https:\/\/institucional.ufrrj.br\/nidflor\/#website"},"datePublished":"2020-11-09T18:52:06+00:00","dateModified":"2021-03-10T20:39:46+00:00","breadcrumb":{"@id":"https:\/\/institucional.ufrrj.br\/nidflor\/atas-de-2020-e-mais-recentes\/#breadcrumb"},"inLanguage":"pt-BR","potentialAction":[{"@type":"ReadAction","target":["https:\/\/institucional.ufrrj.br\/nidflor\/atas-de-2020-e-mais-recentes\/"]}]},{"@type":"BreadcrumbList","@id":"https:\/\/institucional.ufrrj.br\/nidflor\/atas-de-2020-e-mais-recentes\/#breadcrumb","itemListElement":[{"@type":"ListItem","position":1,"name":"In\u00edcio","item":"https:\/\/institucional.ufrrj.br\/nidflor\/"},{"@type":"ListItem","position":2,"name":"Atas de 2020"}]},{"@type":"WebSite","@id":"https:\/\/institucional.ufrrj.br\/nidflor\/#website","url":"https:\/\/institucional.ufrrj.br\/nidflor\/","name":"NIDFLOR","description":"N\u00facleo de Informa\u00e7\u00e3o e Documenta\u00e7\u00e3o Florestal - UFRRJ","potentialAction":[{"@type":"SearchAction","target":{"@type":"EntryPoint","urlTemplate":"https:\/\/institucional.ufrrj.br\/nidflor\/?s={search_term_string}"},"query-input":{"@type":"PropertyValueSpecification","valueRequired":true,"valueName":"search_term_string"}}],"inLanguage":"pt-BR"}]}},"acf":[],"_links":{"self":[{"href":"https:\/\/institucional.ufrrj.br\/nidflor\/wp-json\/wp\/v2\/pages\/726","targetHints":{"allow":["GET"]}}],"collection":[{"href":"https:\/\/institucional.ufrrj.br\/nidflor\/wp-json\/wp\/v2\/pages"}],"about":[{"href":"https:\/\/institucional.ufrrj.br\/nidflor\/wp-json\/wp\/v2\/types\/page"}],"author":[{"embeddable":true,"href":"https:\/\/institucional.ufrrj.br\/nidflor\/wp-json\/wp\/v2\/users\/690"}],"replies":[{"embeddable":true,"href":"https:\/\/institucional.ufrrj.br\/nidflor\/wp-json\/wp\/v2\/comments?post=726"}],"version-history":[{"count":6,"href":"https:\/\/institucional.ufrrj.br\/nidflor\/wp-json\/wp\/v2\/pages\/726\/revisions"}],"predecessor-version":[{"id":835,"href":"https:\/\/institucional.ufrrj.br\/nidflor\/wp-json\/wp\/v2\/pages\/726\/revisions\/835"}],"wp:attachment":[{"href":"https:\/\/institucional.ufrrj.br\/nidflor\/wp-json\/wp\/v2\/media?parent=726"}],"curies":[{"name":"wp","href":"https:\/\/api.w.org\/{rel}","templated":true}]}}