{"id":725,"date":"2020-11-09T15:54:49","date_gmt":"2020-11-09T18:54:49","guid":{"rendered":"http:\/\/institucional.ufrrj.br\/nidflor\/?page_id=725"},"modified":"2026-03-02T15:53:42","modified_gmt":"2026-03-02T18:53:42","slug":"atas-do-consuni-if","status":"publish","type":"page","link":"https:\/\/institucional.ufrrj.br\/nidflor\/atas-do-consuni-if\/","title":{"rendered":"Atas do Consuni-IF"},"content":{"rendered":"<p><a href=\"https:\/\/institucional.ufrrj.br\/nidflor\/atas-de-2026\/\"><span style=\"color: #000080\"><strong>Atas de 2026<\/strong><\/span><\/a><\/p>\n<p><a href=\"https:\/\/institucional.ufrrj.br\/nidflor\/atas-de-2025\/\"><span style=\"color: #000080\"><strong>Atas de 2025<\/strong><\/span><\/a><\/p>\n<p><a href=\"https:\/\/institucional.ufrrj.br\/nidflor\/atas-de-2024\/\"><span style=\"color: #000080\"><strong>Atas de 2024<\/strong><\/span><\/a><\/p>\n<p><span style=\"color: #000080\"><strong><a style=\"color: #000080\" href=\"https:\/\/institucional.ufrrj.br\/nidflor\/atas-de-2023\/\">Atas de 2023<\/a><\/strong><\/span><\/p>\n<p><a href=\"https:\/\/institucional.ufrrj.br\/nidflor\/atas-de-2022\/\"><span style=\"color: #000080\"><strong>Atas de 2022<\/strong><\/span><\/a><\/p>\n<p><span style=\"color: #000080\"><strong><a style=\"color: #000080\" href=\"https:\/\/institucional.ufrrj.br\/nidflor\/atas-de-2021\/\">Atas de 2021<\/a><\/strong><\/span><\/p>\n<p><span style=\"color: #000080\"><strong><a style=\"color: #000080\" href=\"https:\/\/institucional.ufrrj.br\/nidflor\/atas-de-2020-e-mais-recentes\/\">Atas de 2020<\/a><\/strong><\/span><\/p>\n<p><span style=\"color: #000080\"><strong><a style=\"color: #000080\" href=\"https:\/\/institucional.ufrrj.br\/nidflor\/atas-de-2015-2019\/\">Atas de 2015 &#8211; 2019.<\/a><\/strong><\/span><\/p>\n","protected":false},"excerpt":{"rendered":"<p>Atas de 2026 Atas de 2025 Atas de 2024 Atas de 2023 Atas de 2022 Atas de 2021 Atas de <a class=\"read-more\" href=\"https:\/\/institucional.ufrrj.br\/nidflor\/atas-do-consuni-if\/ \">&#8230; <i class=\"fa fa-long-arrow-right\"><\/i><\/a><\/p>\n","protected":false},"author":690,"featured_media":0,"parent":0,"menu_order":0,"comment_status":"closed","ping_status":"closed","template":"","meta":{"_acf_changed":false,"footnotes":""},"class_list":["post-725","page","type-page","status-publish","hentry"],"yoast_head":"<!-- This site is optimized with the Yoast SEO plugin v27.2 - https:\/\/yoast.com\/product\/yoast-seo-wordpress\/ -->\n<title>Atas do Consuni-IF - NIDFLOR<\/title>\n<meta name=\"robots\" content=\"index, follow, max-snippet:-1, max-image-preview:large, max-video-preview:-1\" \/>\n<link rel=\"canonical\" href=\"https:\/\/institucional.ufrrj.br\/nidflor\/atas-do-consuni-if\/\" \/>\n<meta property=\"og:locale\" content=\"pt_BR\" \/>\n<meta property=\"og:type\" content=\"article\" \/>\n<meta property=\"og:title\" content=\"Atas do Consuni-IF - NIDFLOR\" \/>\n<meta property=\"og:description\" content=\"Atas de 2026 Atas de 2025 Atas de 2024 Atas de 2023 Atas de 2022 Atas de 2021 Atas de ...\" \/>\n<meta property=\"og:url\" content=\"https:\/\/institucional.ufrrj.br\/nidflor\/atas-do-consuni-if\/\" \/>\n<meta property=\"og:site_name\" content=\"NIDFLOR\" \/>\n<meta property=\"article:modified_time\" content=\"2026-03-02T18:53:42+00:00\" \/>\n<meta name=\"twitter:card\" content=\"summary_large_image\" \/>\n<meta name=\"twitter:label1\" content=\"Est. tempo de leitura\" \/>\n\t<meta name=\"twitter:data1\" content=\"1 minuto\" \/>\n<script type=\"application\/ld+json\" class=\"yoast-schema-graph\">{\"@context\":\"https:\/\/schema.org\",\"@graph\":[{\"@type\":\"WebPage\",\"@id\":\"https:\/\/institucional.ufrrj.br\/nidflor\/atas-do-consuni-if\/\",\"url\":\"https:\/\/institucional.ufrrj.br\/nidflor\/atas-do-consuni-if\/\",\"name\":\"Atas do Consuni-IF - NIDFLOR\",\"isPartOf\":{\"@id\":\"https:\/\/institucional.ufrrj.br\/nidflor\/#website\"},\"datePublished\":\"2020-11-09T18:54:49+00:00\",\"dateModified\":\"2026-03-02T18:53:42+00:00\",\"breadcrumb\":{\"@id\":\"https:\/\/institucional.ufrrj.br\/nidflor\/atas-do-consuni-if\/#breadcrumb\"},\"inLanguage\":\"pt-BR\",\"potentialAction\":[{\"@type\":\"ReadAction\",\"target\":[\"https:\/\/institucional.ufrrj.br\/nidflor\/atas-do-consuni-if\/\"]}]},{\"@type\":\"BreadcrumbList\",\"@id\":\"https:\/\/institucional.ufrrj.br\/nidflor\/atas-do-consuni-if\/#breadcrumb\",\"itemListElement\":[{\"@type\":\"ListItem\",\"position\":1,\"name\":\"In\u00edcio\",\"item\":\"https:\/\/institucional.ufrrj.br\/nidflor\/\"},{\"@type\":\"ListItem\",\"position\":2,\"name\":\"Atas do Consuni-IF\"}]},{\"@type\":\"WebSite\",\"@id\":\"https:\/\/institucional.ufrrj.br\/nidflor\/#website\",\"url\":\"https:\/\/institucional.ufrrj.br\/nidflor\/\",\"name\":\"NIDFLOR\",\"description\":\"N\u00facleo de Informa\u00e7\u00e3o e Documenta\u00e7\u00e3o Florestal - UFRRJ\",\"potentialAction\":[{\"@type\":\"SearchAction\",\"target\":{\"@type\":\"EntryPoint\",\"urlTemplate\":\"https:\/\/institucional.ufrrj.br\/nidflor\/?s={search_term_string}\"},\"query-input\":{\"@type\":\"PropertyValueSpecification\",\"valueRequired\":true,\"valueName\":\"search_term_string\"}}],\"inLanguage\":\"pt-BR\"}]}<\/script>\n<!-- \/ Yoast SEO plugin. -->","yoast_head_json":{"title":"Atas do Consuni-IF - NIDFLOR","robots":{"index":"index","follow":"follow","max-snippet":"max-snippet:-1","max-image-preview":"max-image-preview:large","max-video-preview":"max-video-preview:-1"},"canonical":"https:\/\/institucional.ufrrj.br\/nidflor\/atas-do-consuni-if\/","og_locale":"pt_BR","og_type":"article","og_title":"Atas do Consuni-IF - NIDFLOR","og_description":"Atas de 2026 Atas de 2025 Atas de 2024 Atas de 2023 Atas de 2022 Atas de 2021 Atas de ...","og_url":"https:\/\/institucional.ufrrj.br\/nidflor\/atas-do-consuni-if\/","og_site_name":"NIDFLOR","article_modified_time":"2026-03-02T18:53:42+00:00","twitter_card":"summary_large_image","twitter_misc":{"Est. tempo de leitura":"1 minuto"},"schema":{"@context":"https:\/\/schema.org","@graph":[{"@type":"WebPage","@id":"https:\/\/institucional.ufrrj.br\/nidflor\/atas-do-consuni-if\/","url":"https:\/\/institucional.ufrrj.br\/nidflor\/atas-do-consuni-if\/","name":"Atas do Consuni-IF - NIDFLOR","isPartOf":{"@id":"https:\/\/institucional.ufrrj.br\/nidflor\/#website"},"datePublished":"2020-11-09T18:54:49+00:00","dateModified":"2026-03-02T18:53:42+00:00","breadcrumb":{"@id":"https:\/\/institucional.ufrrj.br\/nidflor\/atas-do-consuni-if\/#breadcrumb"},"inLanguage":"pt-BR","potentialAction":[{"@type":"ReadAction","target":["https:\/\/institucional.ufrrj.br\/nidflor\/atas-do-consuni-if\/"]}]},{"@type":"BreadcrumbList","@id":"https:\/\/institucional.ufrrj.br\/nidflor\/atas-do-consuni-if\/#breadcrumb","itemListElement":[{"@type":"ListItem","position":1,"name":"In\u00edcio","item":"https:\/\/institucional.ufrrj.br\/nidflor\/"},{"@type":"ListItem","position":2,"name":"Atas do Consuni-IF"}]},{"@type":"WebSite","@id":"https:\/\/institucional.ufrrj.br\/nidflor\/#website","url":"https:\/\/institucional.ufrrj.br\/nidflor\/","name":"NIDFLOR","description":"N\u00facleo de Informa\u00e7\u00e3o e Documenta\u00e7\u00e3o Florestal - UFRRJ","potentialAction":[{"@type":"SearchAction","target":{"@type":"EntryPoint","urlTemplate":"https:\/\/institucional.ufrrj.br\/nidflor\/?s={search_term_string}"},"query-input":{"@type":"PropertyValueSpecification","valueRequired":true,"valueName":"search_term_string"}}],"inLanguage":"pt-BR"}]}},"acf":[],"_links":{"self":[{"href":"https:\/\/institucional.ufrrj.br\/nidflor\/wp-json\/wp\/v2\/pages\/725","targetHints":{"allow":["GET"]}}],"collection":[{"href":"https:\/\/institucional.ufrrj.br\/nidflor\/wp-json\/wp\/v2\/pages"}],"about":[{"href":"https:\/\/institucional.ufrrj.br\/nidflor\/wp-json\/wp\/v2\/types\/page"}],"author":[{"embeddable":true,"href":"https:\/\/institucional.ufrrj.br\/nidflor\/wp-json\/wp\/v2\/users\/690"}],"replies":[{"embeddable":true,"href":"https:\/\/institucional.ufrrj.br\/nidflor\/wp-json\/wp\/v2\/comments?post=725"}],"version-history":[{"count":3,"href":"https:\/\/institucional.ufrrj.br\/nidflor\/wp-json\/wp\/v2\/pages\/725\/revisions"}],"predecessor-version":[{"id":1893,"href":"https:\/\/institucional.ufrrj.br\/nidflor\/wp-json\/wp\/v2\/pages\/725\/revisions\/1893"}],"wp:attachment":[{"href":"https:\/\/institucional.ufrrj.br\/nidflor\/wp-json\/wp\/v2\/media?parent=725"}],"curies":[{"name":"wp","href":"https:\/\/api.w.org\/{rel}","templated":true}]}}