{"id":712,"date":"2020-11-09T14:51:01","date_gmt":"2020-11-09T17:51:01","guid":{"rendered":"http:\/\/institucional.ufrrj.br\/nidflor\/?page_id=712"},"modified":"2021-05-12T18:53:53","modified_gmt":"2021-05-12T21:53:53","slug":"documentos-diretoria-do-if","status":"publish","type":"page","link":"https:\/\/institucional.ufrrj.br\/nidflor\/documentos-diretoria-do-if\/","title":{"rendered":"Documentos &#8211; Diretoria do IF"},"content":{"rendered":"<hr \/>\n<p style=\"text-align: center\"><a href=\"https:\/\/institucional.ufrrj.br\/nidflor\/atas-do-consuni-if\/\"><img loading=\"lazy\" decoding=\"async\" class=\"alignnone wp-image-763\" src=\"https:\/\/institucional.ufrrj.br\/nidflor\/files\/2020\/12\/Atasconsuni-300x213.png\" alt=\"\" width=\"127\" height=\"90\" srcset=\"https:\/\/institucional.ufrrj.br\/nidflor\/files\/2020\/12\/Atasconsuni-300x213.png 300w, https:\/\/institucional.ufrrj.br\/nidflor\/files\/2020\/12\/Atasconsuni-768x545.png 768w, https:\/\/institucional.ufrrj.br\/nidflor\/files\/2020\/12\/Atasconsuni-1024x727.png 1024w, https:\/\/institucional.ufrrj.br\/nidflor\/files\/2020\/12\/Atasconsuni.png 1749w\" sizes=\"auto, (max-width: 127px) 100vw, 127px\" \/><\/a><\/p>\n<p style=\"text-align: center\"><strong><span style=\"color: #000080\"><a style=\"color: #000080\" href=\"https:\/\/institucional.ufrrj.br\/nidflor\/atas-do-consuni-if\/\" rel=\"noopener noreferrer\">Atas do Consuni-IF.<\/a><\/span><\/strong><\/p>\n<hr \/>\n<p style=\"text-align: center\"><a href=\"https:\/\/institucional.ufrrj.br\/nidflor\/deliberacoes-consuni-if\/\"><img loading=\"lazy\" decoding=\"async\" class=\"alignnone wp-image-762\" src=\"https:\/\/institucional.ufrrj.br\/nidflor\/files\/2020\/12\/delibera\u00e7\u00f5es2-300x152.png\" alt=\"\" width=\"170\" height=\"86\" srcset=\"https:\/\/institucional.ufrrj.br\/nidflor\/files\/2020\/12\/delibera\u00e7\u00f5es2-300x152.png 300w, https:\/\/institucional.ufrrj.br\/nidflor\/files\/2020\/12\/delibera\u00e7\u00f5es2-768x388.png 768w, https:\/\/institucional.ufrrj.br\/nidflor\/files\/2020\/12\/delibera\u00e7\u00f5es2-1024x517.png 1024w, https:\/\/institucional.ufrrj.br\/nidflor\/files\/2020\/12\/delibera\u00e7\u00f5es2.png 1558w\" sizes=\"auto, (max-width: 170px) 100vw, 170px\" \/><\/a><\/p>\n<p style=\"text-align: center\"><strong><span style=\"color: #000080\"><a style=\"color: #000080\" href=\"https:\/\/institucional.ufrrj.br\/nidflor\/deliberacoes-consuni-if\/\" rel=\"noopener noreferrer\">Delibera\u00e7\u00f5es Consuni-IF.<\/a><\/span><\/strong><\/p>\n<hr \/>\n<p style=\"text-align: center\"><a href=\"https:\/\/institucional.ufrrj.br\/nidflor\/portarias\/\"><img loading=\"lazy\" decoding=\"async\" class=\"alignnone wp-image-761\" src=\"https:\/\/institucional.ufrrj.br\/nidflor\/files\/2020\/12\/Portarias-300x213.png\" alt=\"\" width=\"125\" height=\"89\" srcset=\"https:\/\/institucional.ufrrj.br\/nidflor\/files\/2020\/12\/Portarias-300x213.png 300w, https:\/\/institucional.ufrrj.br\/nidflor\/files\/2020\/12\/Portarias-768x545.png 768w, https:\/\/institucional.ufrrj.br\/nidflor\/files\/2020\/12\/Portarias-1024x727.png 1024w, https:\/\/institucional.ufrrj.br\/nidflor\/files\/2020\/12\/Portarias.png 1749w\" sizes=\"auto, (max-width: 125px) 100vw, 125px\" \/><\/a><\/p>\n<p style=\"text-align: center\"><a href=\"https:\/\/institucional.ufrrj.br\/nidflor\/portarias\/\" rel=\"noopener noreferrer\"><span style=\"color: #000080\"><strong>Portarias.<\/strong><\/span><\/a><\/p>\n<hr \/>\n<p style=\"text-align: center\"><a href=\"https:\/\/institucional.ufrrj.br\/nidflor\/editais-e-processos-seletivos\/\"><img loading=\"lazy\" decoding=\"async\" class=\"alignnone wp-image-894\" src=\"https:\/\/institucional.ufrrj.br\/nidflor\/files\/2021\/05\/edital_marrom-300x151.jpg\" alt=\"\" width=\"130\" height=\"65\" srcset=\"https:\/\/institucional.ufrrj.br\/nidflor\/files\/2021\/05\/edital_marrom-300x151.jpg 300w, https:\/\/institucional.ufrrj.br\/nidflor\/files\/2021\/05\/edital_marrom-768x387.jpg 768w, https:\/\/institucional.ufrrj.br\/nidflor\/files\/2021\/05\/edital_marrom-1024x516.jpg 1024w, https:\/\/institucional.ufrrj.br\/nidflor\/files\/2021\/05\/edital_marrom.jpg 1150w\" sizes=\"auto, (max-width: 130px) 100vw, 130px\" \/><\/a><\/p>\n<p style=\"text-align: center\"><a href=\"https:\/\/institucional.ufrrj.br\/nidflor\/editais-e-processos-seletivos\/\"><span style=\"color: #000080\"><strong>Editais e processos seletivos<\/strong><\/span><\/a><\/p>\n<hr \/>\n<p style=\"text-align: center\">\n","protected":false},"excerpt":{"rendered":"<p>Atas do Consuni-IF. Delibera\u00e7\u00f5es Consuni-IF. Portarias. Editais e processos seletivos<\/p>\n","protected":false},"author":690,"featured_media":0,"parent":0,"menu_order":0,"comment_status":"closed","ping_status":"closed","template":"","meta":{"_acf_changed":false,"footnotes":""},"class_list":["post-712","page","type-page","status-publish","hentry"],"yoast_head":"<!-- This site is optimized with the Yoast SEO plugin v27.2 - https:\/\/yoast.com\/product\/yoast-seo-wordpress\/ -->\n<title>Documentos - Diretoria do IF - NIDFLOR<\/title>\n<meta name=\"robots\" content=\"index, follow, max-snippet:-1, max-image-preview:large, max-video-preview:-1\" \/>\n<link rel=\"canonical\" href=\"https:\/\/institucional.ufrrj.br\/nidflor\/documentos-diretoria-do-if\/\" \/>\n<meta property=\"og:locale\" content=\"pt_BR\" \/>\n<meta property=\"og:type\" content=\"article\" \/>\n<meta property=\"og:title\" content=\"Documentos - Diretoria do IF - NIDFLOR\" \/>\n<meta property=\"og:description\" content=\"Atas do Consuni-IF. Delibera\u00e7\u00f5es Consuni-IF. Portarias. Editais e processos seletivos\" \/>\n<meta property=\"og:url\" content=\"https:\/\/institucional.ufrrj.br\/nidflor\/documentos-diretoria-do-if\/\" \/>\n<meta property=\"og:site_name\" content=\"NIDFLOR\" \/>\n<meta property=\"article:modified_time\" content=\"2021-05-12T21:53:53+00:00\" \/>\n<meta property=\"og:image\" content=\"http:\/\/institucional.ufrrj.br\/nidflor\/files\/2020\/12\/Atasconsuni-300x213.png\" \/>\n<meta name=\"twitter:card\" content=\"summary_large_image\" \/>\n<script type=\"application\/ld+json\" class=\"yoast-schema-graph\">{\"@context\":\"https:\/\/schema.org\",\"@graph\":[{\"@type\":\"WebPage\",\"@id\":\"https:\/\/institucional.ufrrj.br\/nidflor\/documentos-diretoria-do-if\/\",\"url\":\"https:\/\/institucional.ufrrj.br\/nidflor\/documentos-diretoria-do-if\/\",\"name\":\"Documentos - Diretoria do IF - NIDFLOR\",\"isPartOf\":{\"@id\":\"https:\/\/institucional.ufrrj.br\/nidflor\/#website\"},\"primaryImageOfPage\":{\"@id\":\"https:\/\/institucional.ufrrj.br\/nidflor\/documentos-diretoria-do-if\/#primaryimage\"},\"image\":{\"@id\":\"https:\/\/institucional.ufrrj.br\/nidflor\/documentos-diretoria-do-if\/#primaryimage\"},\"thumbnailUrl\":\"http:\/\/institucional.ufrrj.br\/nidflor\/files\/2020\/12\/Atasconsuni-300x213.png\",\"datePublished\":\"2020-11-09T17:51:01+00:00\",\"dateModified\":\"2021-05-12T21:53:53+00:00\",\"breadcrumb\":{\"@id\":\"https:\/\/institucional.ufrrj.br\/nidflor\/documentos-diretoria-do-if\/#breadcrumb\"},\"inLanguage\":\"pt-BR\",\"potentialAction\":[{\"@type\":\"ReadAction\",\"target\":[\"https:\/\/institucional.ufrrj.br\/nidflor\/documentos-diretoria-do-if\/\"]}]},{\"@type\":\"ImageObject\",\"inLanguage\":\"pt-BR\",\"@id\":\"https:\/\/institucional.ufrrj.br\/nidflor\/documentos-diretoria-do-if\/#primaryimage\",\"url\":\"http:\/\/institucional.ufrrj.br\/nidflor\/files\/2020\/12\/Atasconsuni-300x213.png\",\"contentUrl\":\"http:\/\/institucional.ufrrj.br\/nidflor\/files\/2020\/12\/Atasconsuni-300x213.png\"},{\"@type\":\"BreadcrumbList\",\"@id\":\"https:\/\/institucional.ufrrj.br\/nidflor\/documentos-diretoria-do-if\/#breadcrumb\",\"itemListElement\":[{\"@type\":\"ListItem\",\"position\":1,\"name\":\"In\u00edcio\",\"item\":\"https:\/\/institucional.ufrrj.br\/nidflor\/\"},{\"@type\":\"ListItem\",\"position\":2,\"name\":\"Documentos &#8211; Diretoria do IF\"}]},{\"@type\":\"WebSite\",\"@id\":\"https:\/\/institucional.ufrrj.br\/nidflor\/#website\",\"url\":\"https:\/\/institucional.ufrrj.br\/nidflor\/\",\"name\":\"NIDFLOR\",\"description\":\"N\u00facleo de Informa\u00e7\u00e3o e Documenta\u00e7\u00e3o Florestal - UFRRJ\",\"potentialAction\":[{\"@type\":\"SearchAction\",\"target\":{\"@type\":\"EntryPoint\",\"urlTemplate\":\"https:\/\/institucional.ufrrj.br\/nidflor\/?s={search_term_string}\"},\"query-input\":{\"@type\":\"PropertyValueSpecification\",\"valueRequired\":true,\"valueName\":\"search_term_string\"}}],\"inLanguage\":\"pt-BR\"}]}<\/script>\n<!-- \/ Yoast SEO plugin. -->","yoast_head_json":{"title":"Documentos - Diretoria do IF - NIDFLOR","robots":{"index":"index","follow":"follow","max-snippet":"max-snippet:-1","max-image-preview":"max-image-preview:large","max-video-preview":"max-video-preview:-1"},"canonical":"https:\/\/institucional.ufrrj.br\/nidflor\/documentos-diretoria-do-if\/","og_locale":"pt_BR","og_type":"article","og_title":"Documentos - Diretoria do IF - NIDFLOR","og_description":"Atas do Consuni-IF. Delibera\u00e7\u00f5es Consuni-IF. Portarias. Editais e processos seletivos","og_url":"https:\/\/institucional.ufrrj.br\/nidflor\/documentos-diretoria-do-if\/","og_site_name":"NIDFLOR","article_modified_time":"2021-05-12T21:53:53+00:00","og_image":[{"url":"http:\/\/institucional.ufrrj.br\/nidflor\/files\/2020\/12\/Atasconsuni-300x213.png","type":"","width":"","height":""}],"twitter_card":"summary_large_image","schema":{"@context":"https:\/\/schema.org","@graph":[{"@type":"WebPage","@id":"https:\/\/institucional.ufrrj.br\/nidflor\/documentos-diretoria-do-if\/","url":"https:\/\/institucional.ufrrj.br\/nidflor\/documentos-diretoria-do-if\/","name":"Documentos - Diretoria do IF - NIDFLOR","isPartOf":{"@id":"https:\/\/institucional.ufrrj.br\/nidflor\/#website"},"primaryImageOfPage":{"@id":"https:\/\/institucional.ufrrj.br\/nidflor\/documentos-diretoria-do-if\/#primaryimage"},"image":{"@id":"https:\/\/institucional.ufrrj.br\/nidflor\/documentos-diretoria-do-if\/#primaryimage"},"thumbnailUrl":"http:\/\/institucional.ufrrj.br\/nidflor\/files\/2020\/12\/Atasconsuni-300x213.png","datePublished":"2020-11-09T17:51:01+00:00","dateModified":"2021-05-12T21:53:53+00:00","breadcrumb":{"@id":"https:\/\/institucional.ufrrj.br\/nidflor\/documentos-diretoria-do-if\/#breadcrumb"},"inLanguage":"pt-BR","potentialAction":[{"@type":"ReadAction","target":["https:\/\/institucional.ufrrj.br\/nidflor\/documentos-diretoria-do-if\/"]}]},{"@type":"ImageObject","inLanguage":"pt-BR","@id":"https:\/\/institucional.ufrrj.br\/nidflor\/documentos-diretoria-do-if\/#primaryimage","url":"http:\/\/institucional.ufrrj.br\/nidflor\/files\/2020\/12\/Atasconsuni-300x213.png","contentUrl":"http:\/\/institucional.ufrrj.br\/nidflor\/files\/2020\/12\/Atasconsuni-300x213.png"},{"@type":"BreadcrumbList","@id":"https:\/\/institucional.ufrrj.br\/nidflor\/documentos-diretoria-do-if\/#breadcrumb","itemListElement":[{"@type":"ListItem","position":1,"name":"In\u00edcio","item":"https:\/\/institucional.ufrrj.br\/nidflor\/"},{"@type":"ListItem","position":2,"name":"Documentos &#8211; Diretoria do IF"}]},{"@type":"WebSite","@id":"https:\/\/institucional.ufrrj.br\/nidflor\/#website","url":"https:\/\/institucional.ufrrj.br\/nidflor\/","name":"NIDFLOR","description":"N\u00facleo de Informa\u00e7\u00e3o e Documenta\u00e7\u00e3o Florestal - UFRRJ","potentialAction":[{"@type":"SearchAction","target":{"@type":"EntryPoint","urlTemplate":"https:\/\/institucional.ufrrj.br\/nidflor\/?s={search_term_string}"},"query-input":{"@type":"PropertyValueSpecification","valueRequired":true,"valueName":"search_term_string"}}],"inLanguage":"pt-BR"}]}},"acf":[],"_links":{"self":[{"href":"https:\/\/institucional.ufrrj.br\/nidflor\/wp-json\/wp\/v2\/pages\/712","targetHints":{"allow":["GET"]}}],"collection":[{"href":"https:\/\/institucional.ufrrj.br\/nidflor\/wp-json\/wp\/v2\/pages"}],"about":[{"href":"https:\/\/institucional.ufrrj.br\/nidflor\/wp-json\/wp\/v2\/types\/page"}],"author":[{"embeddable":true,"href":"https:\/\/institucional.ufrrj.br\/nidflor\/wp-json\/wp\/v2\/users\/690"}],"replies":[{"embeddable":true,"href":"https:\/\/institucional.ufrrj.br\/nidflor\/wp-json\/wp\/v2\/comments?post=712"}],"version-history":[{"count":14,"href":"https:\/\/institucional.ufrrj.br\/nidflor\/wp-json\/wp\/v2\/pages\/712\/revisions"}],"predecessor-version":[{"id":898,"href":"https:\/\/institucional.ufrrj.br\/nidflor\/wp-json\/wp\/v2\/pages\/712\/revisions\/898"}],"wp:attachment":[{"href":"https:\/\/institucional.ufrrj.br\/nidflor\/wp-json\/wp\/v2\/media?parent=712"}],"curies":[{"name":"wp","href":"https:\/\/api.w.org\/{rel}","templated":true}]}}