{"id":711,"date":"2020-11-09T15:13:07","date_gmt":"2020-11-09T18:13:07","guid":{"rendered":"http:\/\/institucional.ufrrj.br\/nidflor\/?page_id=711"},"modified":"2022-03-16T17:09:11","modified_gmt":"2022-03-16T20:09:11","slug":"portal-da-documentacao-do-if","status":"publish","type":"page","link":"https:\/\/institucional.ufrrj.br\/nidflor\/portal-da-documentacao-do-if\/","title":{"rendered":"Portal da Documenta\u00e7\u00e3o do IF"},"content":{"rendered":"<p>No Portal da Documenta\u00e7\u00e3o \u00e9 poss\u00edvel encontrar documentos de interesse p\u00fablico provenientes das diferentes unidades organizacionais do Instituto de Florestas. Portarias; atas e delibera\u00e7\u00f5es dos colegiados; projetos de ensino, pesquisa e extens\u00e3o; relat\u00f3rios de gest\u00e3o, entre outros documentos, podem ser acessados por meio dos links abaixo, de acordo com a unidade de interesse:<\/p>\n<hr \/>\n<p><a href=\"https:\/\/institucional.ufrrj.br\/nidflor\/documentos-diretoria-do-if\/\" target=\"_blank\" rel=\"noopener noreferrer\"><img loading=\"lazy\" decoding=\"async\" class=\"alignnone wp-image-755 aligncenter\" src=\"https:\/\/institucional.ufrrj.br\/nidflor\/files\/2020\/12\/Inst_florestas_vertical_PB-273x300.png\" alt=\"\" width=\"117\" height=\"129\" srcset=\"https:\/\/institucional.ufrrj.br\/nidflor\/files\/2020\/12\/Inst_florestas_vertical_PB-273x300.png 273w, https:\/\/institucional.ufrrj.br\/nidflor\/files\/2020\/12\/Inst_florestas_vertical_PB.png 663w\" sizes=\"auto, (max-width: 117px) 100vw, 117px\" \/><\/a><\/p>\n<p style=\"text-align: center\"><strong><span style=\"color: #000080\"><a style=\"color: #000080\" href=\"https:\/\/institucional.ufrrj.br\/nidflor\/documentos-diretoria-do-if\/\" target=\"_blank\" rel=\"noopener noreferrer\">Instituto de Florestas &#8211; Diretoria<\/a><\/span><\/strong><br \/>\nAtas, delibera\u00e7\u00f5es do Consuni-IF e portarias.<\/p>\n<hr \/>\n<p style=\"text-align: center\"><img loading=\"lazy\" decoding=\"async\" class=\"alignnone wp-image-754\" src=\"https:\/\/institucional.ufrrj.br\/nidflor\/files\/2020\/12\/Ds-300x213.jpg\" alt=\"\" width=\"125\" height=\"89\" srcset=\"https:\/\/institucional.ufrrj.br\/nidflor\/files\/2020\/12\/Ds-300x213.jpg 300w, https:\/\/institucional.ufrrj.br\/nidflor\/files\/2020\/12\/Ds-768x545.jpg 768w, https:\/\/institucional.ufrrj.br\/nidflor\/files\/2020\/12\/Ds-1024x727.jpg 1024w, https:\/\/institucional.ufrrj.br\/nidflor\/files\/2020\/12\/Ds.jpg 1746w\" sizes=\"auto, (max-width: 125px) 100vw, 125px\" \/><\/p>\n<p style=\"text-align: center\"><strong><span style=\"color: #000080\">Departamento de Silvicultura &#8211; DS<\/span><\/strong><\/p>\n<hr \/>\n<p style=\"text-align: center\"><a href=\"https:\/\/institucional.ufrrj.br\/nidflor\/documentos-dpf-2\/\" target=\"_blank\" rel=\"noopener noreferrer\"><img loading=\"lazy\" decoding=\"async\" class=\"alignnone wp-image-753\" src=\"https:\/\/institucional.ufrrj.br\/nidflor\/files\/2020\/12\/Dpf-300x213.jpg\" alt=\"\" width=\"123\" height=\"87\" srcset=\"https:\/\/institucional.ufrrj.br\/nidflor\/files\/2020\/12\/Dpf-300x213.jpg 300w, https:\/\/institucional.ufrrj.br\/nidflor\/files\/2020\/12\/Dpf-768x545.jpg 768w, https:\/\/institucional.ufrrj.br\/nidflor\/files\/2020\/12\/Dpf-1024x727.jpg 1024w, https:\/\/institucional.ufrrj.br\/nidflor\/files\/2020\/12\/Dpf.jpg 1746w\" sizes=\"auto, (max-width: 123px) 100vw, 123px\" \/><\/a><\/p>\n<p style=\"text-align: center\"><a href=\"https:\/\/institucional.ufrrj.br\/nidflor\/documentos-dpf-2\/\" target=\"_blank\" rel=\"noopener noreferrer\"><strong><span style=\"color: #000080\">Departamento de Produtos Florestais &#8211; DPF<\/span><\/strong><\/a><\/p>\n<hr \/>\n<p style=\"text-align: center\"><strong><span style=\"color: #000080\"><img loading=\"lazy\" decoding=\"async\" class=\"alignnone wp-image-752\" src=\"https:\/\/institucional.ufrrj.br\/nidflor\/files\/2020\/12\/Dca-300x213.jpg\" alt=\"\" width=\"126\" height=\"90\" srcset=\"https:\/\/institucional.ufrrj.br\/nidflor\/files\/2020\/12\/Dca-300x213.jpg 300w, https:\/\/institucional.ufrrj.br\/nidflor\/files\/2020\/12\/Dca-768x545.jpg 768w, https:\/\/institucional.ufrrj.br\/nidflor\/files\/2020\/12\/Dca-1024x727.jpg 1024w, https:\/\/institucional.ufrrj.br\/nidflor\/files\/2020\/12\/Dca.jpg 1746w\" sizes=\"auto, (max-width: 126px) 100vw, 126px\" \/><\/span><\/strong><\/p>\n<p style=\"text-align: center\"><strong><span style=\"color: #000080\">Departamento de Ci\u00eancias Ambientais &#8211; DCA<\/span><\/strong><\/p>\n<hr \/>\n<p style=\"text-align: center\"><img loading=\"lazy\" decoding=\"async\" class=\"alignnone wp-image-756\" src=\"https:\/\/institucional.ufrrj.br\/nidflor\/files\/2020\/12\/Ccgef-300x213.png\" alt=\"\" width=\"125\" height=\"89\" srcset=\"https:\/\/institucional.ufrrj.br\/nidflor\/files\/2020\/12\/Ccgef-300x213.png 300w, https:\/\/institucional.ufrrj.br\/nidflor\/files\/2020\/12\/Ccgef-768x545.png 768w, https:\/\/institucional.ufrrj.br\/nidflor\/files\/2020\/12\/Ccgef-1024x727.png 1024w, https:\/\/institucional.ufrrj.br\/nidflor\/files\/2020\/12\/Ccgef.png 1749w\" sizes=\"auto, (max-width: 125px) 100vw, 125px\" \/><\/p>\n<p style=\"text-align: center\"><strong><span style=\"color: #000080\">Coordena\u00e7\u00e3o do Curso de Gradua\u00e7\u00e3o em Engenharia Florestal &#8211; CCGEF<\/span><\/strong><\/p>\n<hr \/>\n<p style=\"text-align: center\"><img loading=\"lazy\" decoding=\"async\" class=\"alignnone wp-image-759\" src=\"https:\/\/institucional.ufrrj.br\/nidflor\/files\/2020\/12\/Ppgcaf-300x213.jpg\" alt=\"\" width=\"125\" height=\"89\" srcset=\"https:\/\/institucional.ufrrj.br\/nidflor\/files\/2020\/12\/Ppgcaf-300x213.jpg 300w, https:\/\/institucional.ufrrj.br\/nidflor\/files\/2020\/12\/Ppgcaf-768x545.jpg 768w, https:\/\/institucional.ufrrj.br\/nidflor\/files\/2020\/12\/Ppgcaf-1024x727.jpg 1024w, https:\/\/institucional.ufrrj.br\/nidflor\/files\/2020\/12\/Ppgcaf.jpg 1746w\" sizes=\"auto, (max-width: 125px) 100vw, 125px\" \/><\/p>\n<p style=\"text-align: center\"><strong><span style=\"color: #000080\">Programa de P\u00f3s-gradua\u00e7\u00e3o em Ci\u00eancias Ambientais e Florestais &#8211; PPGCAF<\/span><\/strong><\/p>\n<hr \/>\n<p style=\"text-align: center\"><img loading=\"lazy\" decoding=\"async\" class=\"alignnone wp-image-750\" src=\"https:\/\/institucional.ufrrj.br\/nidflor\/files\/2020\/12\/logo-PPGPDS-300x97.jpg\" alt=\"\" width=\"205\" height=\"66\" srcset=\"https:\/\/institucional.ufrrj.br\/nidflor\/files\/2020\/12\/logo-PPGPDS-300x97.jpg 300w, https:\/\/institucional.ufrrj.br\/nidflor\/files\/2020\/12\/logo-PPGPDS-365x120.jpg 365w, https:\/\/institucional.ufrrj.br\/nidflor\/files\/2020\/12\/logo-PPGPDS.jpg 373w\" sizes=\"auto, (max-width: 205px) 100vw, 205px\" \/><\/p>\n<p style=\"text-align: center\"><strong><span style=\"color: #000080\"><a style=\"color: #000080\" href=\"http:\/\/cursos.ufrrj.br\/posgraduacao\/ppgpds\/atas\/\" target=\"_blank\" rel=\"noopener noreferrer\">Programa de P\u00f3s-gradua\u00e7\u00e3o em Pr\u00e1ticas em Desenvolvimento Sustent\u00e1vel- PPGPDS<\/a><\/span><\/strong><\/p>\n<p style=\"text-align: center\">Atas do colegiado do curso.<\/p>\n<hr \/>\n<p><a href=\"https:\/\/institucional.ufrrj.br\/nidflor\/documentos-do-curso-de-pos-graduacao-em-arborizacao-urbana\/\"><img loading=\"lazy\" decoding=\"async\" class=\"aligncenter wp-image-767\" src=\"https:\/\/institucional.ufrrj.br\/nidflor\/files\/2020\/12\/P\u00f3s-Arboriza\u00e7\u00e3o-Urbana-IF-300x280.png\" alt=\"\" width=\"121\" height=\"113\" srcset=\"https:\/\/institucional.ufrrj.br\/nidflor\/files\/2020\/12\/P\u00f3s-Arboriza\u00e7\u00e3o-Urbana-IF-300x280.png 300w, https:\/\/institucional.ufrrj.br\/nidflor\/files\/2020\/12\/P\u00f3s-Arboriza\u00e7\u00e3o-Urbana-IF.png 384w\" sizes=\"auto, (max-width: 121px) 100vw, 121px\" \/><\/a><\/p>\n<p style=\"text-align: center\"><a href=\"https:\/\/institucional.ufrrj.br\/nidflor\/documentos-do-curso-de-pos-graduacao-em-arborizacao-urbana\/\"><strong><span style=\"color: #000080\">Documentos do Curso de P\u00f3s-gradua\u00e7\u00e3o em Arboriza\u00e7\u00e3o Urbana<\/span><\/strong><\/a><\/p>\n<hr \/>\n<p><a href=\"https:\/\/institucional.ufrrj.br\/nidflor\/atas-do-cepea-ca\/\" target=\"_blank\" rel=\"noopener noreferrer\"><img loading=\"lazy\" decoding=\"async\" class=\"aligncenter wp-image-918\" src=\"https:\/\/institucional.ufrrj.br\/nidflor\/files\/2021\/05\/cepea-ca-300x151.jpg\" alt=\"\" width=\"143\" height=\"72\" srcset=\"https:\/\/institucional.ufrrj.br\/nidflor\/files\/2021\/05\/cepea-ca-300x151.jpg 300w, https:\/\/institucional.ufrrj.br\/nidflor\/files\/2021\/05\/cepea-ca-768x387.jpg 768w, https:\/\/institucional.ufrrj.br\/nidflor\/files\/2021\/05\/cepea-ca-1024x516.jpg 1024w, https:\/\/institucional.ufrrj.br\/nidflor\/files\/2021\/05\/cepea-ca.jpg 1150w\" sizes=\"auto, (max-width: 143px) 100vw, 143px\" \/><\/a><\/p>\n<p>&nbsp;<\/p>\n<p style=\"text-align: center\"><span style=\"color: #000080\"><a style=\"color: #000080\" href=\"https:\/\/institucional.ufrrj.br\/nidflor\/atas-do-cepea-ca\/\" target=\"_blank\" rel=\"noopener noreferrer\"><strong>Conselho de Ensino, Pesquisa e Extens\u00e3o da \u00c1rea de Ci\u00eancias Agr\u00e1rias<\/strong><\/a><\/span><\/p>\n","protected":false},"excerpt":{"rendered":"<p>No Portal da Documenta\u00e7\u00e3o \u00e9 poss\u00edvel encontrar documentos de interesse p\u00fablico provenientes das diferentes unidades organizacionais do Instituto de Florestas. <a class=\"read-more\" href=\"https:\/\/institucional.ufrrj.br\/nidflor\/portal-da-documentacao-do-if\/ \">&#8230; <i class=\"fa fa-long-arrow-right\"><\/i><\/a><\/p>\n","protected":false},"author":690,"featured_media":0,"parent":0,"menu_order":0,"comment_status":"closed","ping_status":"closed","template":"","meta":{"_acf_changed":false,"footnotes":""},"class_list":["post-711","page","type-page","status-publish","hentry"],"yoast_head":"<!-- This site is optimized with the Yoast SEO plugin v27.2 - https:\/\/yoast.com\/product\/yoast-seo-wordpress\/ -->\n<title>Portal da Documenta\u00e7\u00e3o do IF - NIDFLOR<\/title>\n<meta name=\"robots\" content=\"index, follow, max-snippet:-1, max-image-preview:large, max-video-preview:-1\" \/>\n<link rel=\"canonical\" href=\"https:\/\/institucional.ufrrj.br\/nidflor\/portal-da-documentacao-do-if\/\" \/>\n<meta property=\"og:locale\" content=\"pt_BR\" \/>\n<meta property=\"og:type\" content=\"article\" \/>\n<meta property=\"og:title\" content=\"Portal da Documenta\u00e7\u00e3o do IF - NIDFLOR\" \/>\n<meta property=\"og:description\" content=\"No Portal da Documenta\u00e7\u00e3o \u00e9 poss\u00edvel encontrar documentos de interesse p\u00fablico provenientes das diferentes unidades organizacionais do Instituto de Florestas. ...\" \/>\n<meta property=\"og:url\" content=\"https:\/\/institucional.ufrrj.br\/nidflor\/portal-da-documentacao-do-if\/\" \/>\n<meta property=\"og:site_name\" content=\"NIDFLOR\" \/>\n<meta property=\"article:modified_time\" content=\"2022-03-16T20:09:11+00:00\" \/>\n<meta property=\"og:image\" content=\"http:\/\/institucional.ufrrj.br\/nidflor\/files\/2020\/12\/Inst_florestas_vertical_PB-273x300.png\" \/>\n<meta name=\"twitter:card\" content=\"summary_large_image\" \/>\n<meta name=\"twitter:label1\" content=\"Est. tempo de leitura\" \/>\n\t<meta name=\"twitter:data1\" content=\"1 minuto\" \/>\n<script type=\"application\/ld+json\" class=\"yoast-schema-graph\">{\"@context\":\"https:\/\/schema.org\",\"@graph\":[{\"@type\":\"WebPage\",\"@id\":\"https:\/\/institucional.ufrrj.br\/nidflor\/portal-da-documentacao-do-if\/\",\"url\":\"https:\/\/institucional.ufrrj.br\/nidflor\/portal-da-documentacao-do-if\/\",\"name\":\"Portal da Documenta\u00e7\u00e3o do IF - NIDFLOR\",\"isPartOf\":{\"@id\":\"https:\/\/institucional.ufrrj.br\/nidflor\/#website\"},\"primaryImageOfPage\":{\"@id\":\"https:\/\/institucional.ufrrj.br\/nidflor\/portal-da-documentacao-do-if\/#primaryimage\"},\"image\":{\"@id\":\"https:\/\/institucional.ufrrj.br\/nidflor\/portal-da-documentacao-do-if\/#primaryimage\"},\"thumbnailUrl\":\"http:\/\/institucional.ufrrj.br\/nidflor\/files\/2020\/12\/Inst_florestas_vertical_PB-273x300.png\",\"datePublished\":\"2020-11-09T18:13:07+00:00\",\"dateModified\":\"2022-03-16T20:09:11+00:00\",\"breadcrumb\":{\"@id\":\"https:\/\/institucional.ufrrj.br\/nidflor\/portal-da-documentacao-do-if\/#breadcrumb\"},\"inLanguage\":\"pt-BR\",\"potentialAction\":[{\"@type\":\"ReadAction\",\"target\":[\"https:\/\/institucional.ufrrj.br\/nidflor\/portal-da-documentacao-do-if\/\"]}]},{\"@type\":\"ImageObject\",\"inLanguage\":\"pt-BR\",\"@id\":\"https:\/\/institucional.ufrrj.br\/nidflor\/portal-da-documentacao-do-if\/#primaryimage\",\"url\":\"http:\/\/institucional.ufrrj.br\/nidflor\/files\/2020\/12\/Inst_florestas_vertical_PB-273x300.png\",\"contentUrl\":\"http:\/\/institucional.ufrrj.br\/nidflor\/files\/2020\/12\/Inst_florestas_vertical_PB-273x300.png\"},{\"@type\":\"BreadcrumbList\",\"@id\":\"https:\/\/institucional.ufrrj.br\/nidflor\/portal-da-documentacao-do-if\/#breadcrumb\",\"itemListElement\":[{\"@type\":\"ListItem\",\"position\":1,\"name\":\"In\u00edcio\",\"item\":\"https:\/\/institucional.ufrrj.br\/nidflor\/\"},{\"@type\":\"ListItem\",\"position\":2,\"name\":\"Portal da Documenta\u00e7\u00e3o do IF\"}]},{\"@type\":\"WebSite\",\"@id\":\"https:\/\/institucional.ufrrj.br\/nidflor\/#website\",\"url\":\"https:\/\/institucional.ufrrj.br\/nidflor\/\",\"name\":\"NIDFLOR\",\"description\":\"N\u00facleo de Informa\u00e7\u00e3o e Documenta\u00e7\u00e3o Florestal - UFRRJ\",\"potentialAction\":[{\"@type\":\"SearchAction\",\"target\":{\"@type\":\"EntryPoint\",\"urlTemplate\":\"https:\/\/institucional.ufrrj.br\/nidflor\/?s={search_term_string}\"},\"query-input\":{\"@type\":\"PropertyValueSpecification\",\"valueRequired\":true,\"valueName\":\"search_term_string\"}}],\"inLanguage\":\"pt-BR\"}]}<\/script>\n<!-- \/ Yoast SEO plugin. -->","yoast_head_json":{"title":"Portal da Documenta\u00e7\u00e3o do IF - NIDFLOR","robots":{"index":"index","follow":"follow","max-snippet":"max-snippet:-1","max-image-preview":"max-image-preview:large","max-video-preview":"max-video-preview:-1"},"canonical":"https:\/\/institucional.ufrrj.br\/nidflor\/portal-da-documentacao-do-if\/","og_locale":"pt_BR","og_type":"article","og_title":"Portal da Documenta\u00e7\u00e3o do IF - NIDFLOR","og_description":"No Portal da Documenta\u00e7\u00e3o \u00e9 poss\u00edvel encontrar documentos de interesse p\u00fablico provenientes das diferentes unidades organizacionais do Instituto de Florestas. ...","og_url":"https:\/\/institucional.ufrrj.br\/nidflor\/portal-da-documentacao-do-if\/","og_site_name":"NIDFLOR","article_modified_time":"2022-03-16T20:09:11+00:00","og_image":[{"url":"http:\/\/institucional.ufrrj.br\/nidflor\/files\/2020\/12\/Inst_florestas_vertical_PB-273x300.png","type":"","width":"","height":""}],"twitter_card":"summary_large_image","twitter_misc":{"Est. tempo de leitura":"1 minuto"},"schema":{"@context":"https:\/\/schema.org","@graph":[{"@type":"WebPage","@id":"https:\/\/institucional.ufrrj.br\/nidflor\/portal-da-documentacao-do-if\/","url":"https:\/\/institucional.ufrrj.br\/nidflor\/portal-da-documentacao-do-if\/","name":"Portal da Documenta\u00e7\u00e3o do IF - NIDFLOR","isPartOf":{"@id":"https:\/\/institucional.ufrrj.br\/nidflor\/#website"},"primaryImageOfPage":{"@id":"https:\/\/institucional.ufrrj.br\/nidflor\/portal-da-documentacao-do-if\/#primaryimage"},"image":{"@id":"https:\/\/institucional.ufrrj.br\/nidflor\/portal-da-documentacao-do-if\/#primaryimage"},"thumbnailUrl":"http:\/\/institucional.ufrrj.br\/nidflor\/files\/2020\/12\/Inst_florestas_vertical_PB-273x300.png","datePublished":"2020-11-09T18:13:07+00:00","dateModified":"2022-03-16T20:09:11+00:00","breadcrumb":{"@id":"https:\/\/institucional.ufrrj.br\/nidflor\/portal-da-documentacao-do-if\/#breadcrumb"},"inLanguage":"pt-BR","potentialAction":[{"@type":"ReadAction","target":["https:\/\/institucional.ufrrj.br\/nidflor\/portal-da-documentacao-do-if\/"]}]},{"@type":"ImageObject","inLanguage":"pt-BR","@id":"https:\/\/institucional.ufrrj.br\/nidflor\/portal-da-documentacao-do-if\/#primaryimage","url":"http:\/\/institucional.ufrrj.br\/nidflor\/files\/2020\/12\/Inst_florestas_vertical_PB-273x300.png","contentUrl":"http:\/\/institucional.ufrrj.br\/nidflor\/files\/2020\/12\/Inst_florestas_vertical_PB-273x300.png"},{"@type":"BreadcrumbList","@id":"https:\/\/institucional.ufrrj.br\/nidflor\/portal-da-documentacao-do-if\/#breadcrumb","itemListElement":[{"@type":"ListItem","position":1,"name":"In\u00edcio","item":"https:\/\/institucional.ufrrj.br\/nidflor\/"},{"@type":"ListItem","position":2,"name":"Portal da Documenta\u00e7\u00e3o do IF"}]},{"@type":"WebSite","@id":"https:\/\/institucional.ufrrj.br\/nidflor\/#website","url":"https:\/\/institucional.ufrrj.br\/nidflor\/","name":"NIDFLOR","description":"N\u00facleo de Informa\u00e7\u00e3o e Documenta\u00e7\u00e3o Florestal - UFRRJ","potentialAction":[{"@type":"SearchAction","target":{"@type":"EntryPoint","urlTemplate":"https:\/\/institucional.ufrrj.br\/nidflor\/?s={search_term_string}"},"query-input":{"@type":"PropertyValueSpecification","valueRequired":true,"valueName":"search_term_string"}}],"inLanguage":"pt-BR"}]}},"acf":[],"_links":{"self":[{"href":"https:\/\/institucional.ufrrj.br\/nidflor\/wp-json\/wp\/v2\/pages\/711","targetHints":{"allow":["GET"]}}],"collection":[{"href":"https:\/\/institucional.ufrrj.br\/nidflor\/wp-json\/wp\/v2\/pages"}],"about":[{"href":"https:\/\/institucional.ufrrj.br\/nidflor\/wp-json\/wp\/v2\/types\/page"}],"author":[{"embeddable":true,"href":"https:\/\/institucional.ufrrj.br\/nidflor\/wp-json\/wp\/v2\/users\/690"}],"replies":[{"embeddable":true,"href":"https:\/\/institucional.ufrrj.br\/nidflor\/wp-json\/wp\/v2\/comments?post=711"}],"version-history":[{"count":18,"href":"https:\/\/institucional.ufrrj.br\/nidflor\/wp-json\/wp\/v2\/pages\/711\/revisions"}],"predecessor-version":[{"id":1140,"href":"https:\/\/institucional.ufrrj.br\/nidflor\/wp-json\/wp\/v2\/pages\/711\/revisions\/1140"}],"wp:attachment":[{"href":"https:\/\/institucional.ufrrj.br\/nidflor\/wp-json\/wp\/v2\/media?parent=711"}],"curies":[{"name":"wp","href":"https:\/\/api.w.org\/{rel}","templated":true}]}}