{"id":680,"date":"2020-07-11T17:58:01","date_gmt":"2020-07-11T20:58:01","guid":{"rendered":"http:\/\/institucional.ufrrj.br\/nidflor\/?page_id=680"},"modified":"2022-07-04T16:41:24","modified_gmt":"2022-07-04T19:41:24","slug":"memorial-graciela-inez-bolzon-de-muniz","status":"publish","type":"page","link":"https:\/\/institucional.ufrrj.br\/nidflor\/memorial-graciela-inez-bolzon-de-muniz\/","title":{"rendered":"Memorial &#8211; Graciela Ines Bolzon de Muniz"},"content":{"rendered":"<p><a href=\"https:\/\/institucional.ufrrj.br\/nidflor\/mulheres-nas-ciencias-florestais\/\" target=\"_blank\" rel=\"noopener noreferrer\"><img loading=\"lazy\" decoding=\"async\" class=\"aligncenter wp-image-648\" src=\"https:\/\/institucional.ufrrj.br\/nidflor\/files\/2020\/04\/logo_4-1024x212.jpg\" alt=\"\" width=\"527\" height=\"109\" srcset=\"https:\/\/institucional.ufrrj.br\/nidflor\/files\/2020\/04\/logo_4-1024x212.jpg 1024w, https:\/\/institucional.ufrrj.br\/nidflor\/files\/2020\/04\/logo_4-300x62.jpg 300w, https:\/\/institucional.ufrrj.br\/nidflor\/files\/2020\/04\/logo_4-768x159.jpg 768w, https:\/\/institucional.ufrrj.br\/nidflor\/files\/2020\/04\/logo_4.jpg 2000w\" sizes=\"auto, (max-width: 527px) 100vw, 527px\" \/><\/a><\/p>\n<p><em>*Os memoriais apresentam as hist\u00f3rias de mulheres com relevante atua\u00e7\u00e3o nas Ci\u00eancias Florestais.<\/em><\/p>\n<p>&nbsp;<\/p>\n<div id=\"attachment_681\" style=\"width: 250px\" class=\"wp-caption aligncenter\"><a href=\"https:\/\/institucional.ufrrj.br\/nidflor\/files\/2020\/07\/WhatsApp-Image-2020-07-08-at-10.51.05.jpeg\"><img loading=\"lazy\" decoding=\"async\" aria-describedby=\"caption-attachment-681\" class=\"wp-image-681 size-medium\" src=\"https:\/\/institucional.ufrrj.br\/nidflor\/files\/2020\/07\/WhatsApp-Image-2020-07-08-at-10.51.05-240x300.jpeg\" alt=\"\" width=\"240\" height=\"300\" srcset=\"https:\/\/institucional.ufrrj.br\/nidflor\/files\/2020\/07\/WhatsApp-Image-2020-07-08-at-10.51.05-240x300.jpeg 240w, https:\/\/institucional.ufrrj.br\/nidflor\/files\/2020\/07\/WhatsApp-Image-2020-07-08-at-10.51.05-768x960.jpeg 768w, https:\/\/institucional.ufrrj.br\/nidflor\/files\/2020\/07\/WhatsApp-Image-2020-07-08-at-10.51.05-819x1024.jpeg 819w, https:\/\/institucional.ufrrj.br\/nidflor\/files\/2020\/07\/WhatsApp-Image-2020-07-08-at-10.51.05.jpeg 1024w\" sizes=\"auto, (max-width: 240px) 100vw, 240px\" \/><\/a><p id=\"caption-attachment-681\" class=\"wp-caption-text\">Professora Graciela Ines Bolzon de Muniz.<\/p><\/div>\n<p>&#8221; Nasci em uma cidade ao noroeste de Argentina, chamada Santiago Del Estero. Sou filha de imigrantes italianos. Com eles aprendi a dedica\u00e7\u00e3o ao trabalho, a honestidade, a lealdade e a austeridade. Estudei em col\u00e9gios de freiras, destacando-me como umas das melhores alunas. Nunca tive uma falta sequer durante toda minha forma\u00e7\u00e3o, recebi medalha de distin\u00e7\u00e3o e fui homenageada como melhor colega.<\/p>\n<p>Sempre fui muito inquieta e sempre gostei de enfrentar desafios. Desde pequena tive interesse pelas ci\u00eancias exatas e pelas ci\u00eancias da vida. Acho que o caminho para trilhar a \u201cengenharia da vida\u201d estava sendo tra\u00e7ado.<\/p>\n<p>Em 1972, entrei no curso de Engenharia Florestal, o primeiro da Am\u00e9rica Latina, que pertencia \u00e0 Universidade Nacional de C\u00f3rdoba. Iniciei minha carreira docente no col\u00e9gio Agrot\u00e9cnico em Fernandez e na cidade de Tucuman. Fui professora na Universidade Nacional de Santiago Del Estero por 20 anos, dedicando-me \u00e0 doc\u00eancia, pesquisa e extens\u00e3o. Tamb\u00e9m ocupei a dire\u00e7\u00e3o de Instituto de Tecnologia da Madeira. Em 2016 obtive o honroso reconhecimento como professora Honor\u00e1ria e Extraordin\u00e1ria dessa Institui\u00e7\u00e3o.<\/p>\n<p>Minha rela\u00e7\u00e3o com a Universidade Federal do Paran\u00e1 se iniciou em 1980, como parte do conv\u00eanio com UFPR- UNSE e com a Universidade de Freiburg, Alemanha. Fiz o mestrado e doutorado e em 1994 tive a oportunidade de realizar o concurso para professora titular do Departamento de Engenharia e Tecnologia florestal, integrando-me aos quadros da Universidade Federal do Paran\u00e1.<\/p>\n<p>A UFPR n\u00e3o entrou na minha vida por acaso!! Foi acima de tudo o resultado da minha escolha. O objeto de minha apaixonada dedica\u00e7\u00e3o nos \u00faltimos 24 anos. Ainda que, inicialmente, nunca tivesse a pretens\u00e3o de ser l\u00edder, sempre fui gestora, coordenei diversos projetos, grupos, comiss\u00f5es dentro e fora da nossa universidade. O trabalho nunca me assustou e essas fun\u00e7\u00f5es acabavam chegando para mim e eu ia assumindo com muito prazer.<\/p>\n<p>Ao longo deste per\u00edodo na UFPR, percorri m\u00faltiplos caminhos com viv\u00eancias e ac\u00famulos de experi\u00eancias e de conhecimentos em diferentes \u00e1reas de atua\u00e7\u00e3o. Mas, acima de tudo, tive a oportunidade de estabelecer v\u00ednculos, juntar colegas, amigos e aliados, parceiros na constru\u00e7\u00e3o coletiva da nossa Universidade. Publiquei mais de uma centena de trabalhos em revistas de impacto, cap\u00edtulos de livros e livros. Atualmente pesquisadora 1A do CNPQ.<\/p>\n<p>Em minha atua\u00e7\u00e3o como Coordenadora de Pesquisa na UFPR, em parceria com os pesquisadores, conseguimos levantar, atrav\u00e9s de editais, mais de 70 milh\u00f5es para compra de equipamentos de m\u00e9dio e grande porte, assim como edif\u00edcios importantes para abrigar pesquisadores de diferentes \u00e1reas. Desde 2012 sou coordenadora de Laborat\u00f3rio Central de Nanotecnologia (LCnano) da UFPR associado \u00e0 plataforma Sisnano -MCTIC.<\/p>\n<p>Assumi o cargo de Vice-Reitora da UFPR, em 2016. Esse tem sido um grande desafio e responsabilidade. Por isso, reafirmo, todos os dias, minha lealdade pessoal e institucional, e a confian\u00e7a em mim depositada para o exerc\u00edcio de t\u00e3o importante cargo. \u00c9 com imensa satisfa\u00e7\u00e3o e grande orgulho que fa\u00e7o parte desta gest\u00e3o como vice-reitora e divido esta satisfa\u00e7\u00e3o com todas as mulheres da UFPR. &#8221;<\/p>\n<p style=\"text-align: right\"><span style=\"color: #800000\"><em><span style=\"color: #800000\">Graciela Ines Bolzon de Muniz<\/span> <\/em><\/span><\/p>\n<p>Redes sociais da professora Graciela Ines Bolzon de Muniz :<\/p>\n<p>Facebook: @Graciela Bolzon<br \/>\nInstagram: @Graciela_Bolzon<\/p>\n<hr \/>\n<p style=\"text-align: center\"><strong>Mulheres nas Ci\u00eancias Florestais<\/strong><\/p>\n<h4 style=\"text-align: center\"><span style=\"color: #333300\"><strong>Contato:<\/strong><\/span><\/h4>\n<p style=\"text-align: center\"><em>E-mail:<\/em> mulheresflorestais.ufrrj@gmail.com<\/p>\n<h4 style=\"text-align: center\"><span style=\"color: #333300\"><strong>Outros canais:<\/strong><strong><br \/>\n<\/strong><\/span><\/h4>\n<p data-wp-editing=\"1\"><a href=\"https:\/\/www.facebook.com\/mulheresnascienciasflorestais\/\" target=\"_blank\" rel=\"noopener noreferrer\"><img loading=\"lazy\" decoding=\"async\" class=\"aligncenter wp-image-579\" src=\"https:\/\/institucional.ufrrj.br\/nidflor\/files\/2019\/11\/facebook-s\u00edmbolo-150x150.png\" alt=\"\" width=\"47\" height=\"47\" srcset=\"https:\/\/institucional.ufrrj.br\/nidflor\/files\/2019\/11\/facebook-s\u00edmbolo-150x150.png 150w, https:\/\/institucional.ufrrj.br\/nidflor\/files\/2019\/11\/facebook-s\u00edmbolo-300x300.png 300w, https:\/\/institucional.ufrrj.br\/nidflor\/files\/2019\/11\/facebook-s\u00edmbolo-768x768.png 768w, https:\/\/institucional.ufrrj.br\/nidflor\/files\/2019\/11\/facebook-s\u00edmbolo-1024x1024.png 1024w, https:\/\/institucional.ufrrj.br\/nidflor\/files\/2019\/11\/facebook-s\u00edmbolo-75x75.png 75w, https:\/\/institucional.ufrrj.br\/nidflor\/files\/2019\/11\/facebook-s\u00edmbolo-100x100.png 100w, https:\/\/institucional.ufrrj.br\/nidflor\/files\/2019\/11\/facebook-s\u00edmbolo.png 1600w\" sizes=\"auto, (max-width: 47px) 100vw, 47px\" \/><\/a>\u00a0 \u00a0 \u00a0 \u00a0 \u00a0 \u00a0 \u00a0 \u00a0 \u00a0 \u00a0 \u00a0 \u00a0 \u00a0 \u00a0 \u00a0 \u00a0 \u00a0 \u00a0 \u00a0 \u00a0 \u00a0 \u00a0 \u00a0 \u00a0 \u00a0 <a href=\"https:\/\/www.instagram.com\/mulheresnascienciasflorestais\/\" target=\"_blank\" rel=\"noopener noreferrer\"><img loading=\"lazy\" decoding=\"async\" class=\"aligncenter wp-image-580\" src=\"https:\/\/institucional.ufrrj.br\/nidflor\/files\/2019\/11\/instagram-logo-300x291.png\" alt=\"\" width=\"65\" height=\"63\" srcset=\"https:\/\/institucional.ufrrj.br\/nidflor\/files\/2019\/11\/instagram-logo-300x291.png 300w, https:\/\/institucional.ufrrj.br\/nidflor\/files\/2019\/11\/instagram-logo-768x745.png 768w, https:\/\/institucional.ufrrj.br\/nidflor\/files\/2019\/11\/instagram-logo-1024x993.png 1024w\" sizes=\"auto, (max-width: 65px) 100vw, 65px\" \/><\/a><\/p>\n<h4 style=\"text-align: center\"><span style=\"color: #333300\"><em>@mulheresnascienciasflorestais<\/em><\/span><\/h4>\n<hr \/>\n<p style=\"text-align: center\">\n","protected":false},"excerpt":{"rendered":"<p>*Os memoriais apresentam as hist\u00f3rias de mulheres com relevante atua\u00e7\u00e3o nas Ci\u00eancias Florestais. &nbsp; &#8221; Nasci em uma cidade ao <a class=\"read-more\" href=\"https:\/\/institucional.ufrrj.br\/nidflor\/memorial-graciela-inez-bolzon-de-muniz\/ \">&#8230; <i class=\"fa fa-long-arrow-right\"><\/i><\/a><\/p>\n","protected":false},"author":690,"featured_media":0,"parent":0,"menu_order":0,"comment_status":"closed","ping_status":"closed","template":"","meta":{"_acf_changed":false,"footnotes":""},"class_list":["post-680","page","type-page","status-publish","hentry"],"yoast_head":"<!-- This site is optimized with the Yoast SEO plugin v27.2 - https:\/\/yoast.com\/product\/yoast-seo-wordpress\/ -->\n<title>Memorial - Graciela Ines Bolzon de Muniz - NIDFLOR<\/title>\n<meta name=\"robots\" content=\"index, follow, max-snippet:-1, max-image-preview:large, max-video-preview:-1\" \/>\n<link rel=\"canonical\" href=\"https:\/\/institucional.ufrrj.br\/nidflor\/memorial-graciela-inez-bolzon-de-muniz\/\" \/>\n<meta property=\"og:locale\" content=\"pt_BR\" \/>\n<meta property=\"og:type\" content=\"article\" \/>\n<meta property=\"og:title\" content=\"Memorial - Graciela Ines Bolzon de Muniz - NIDFLOR\" \/>\n<meta property=\"og:description\" content=\"*Os memoriais apresentam as hist\u00f3rias de mulheres com relevante atua\u00e7\u00e3o nas Ci\u00eancias Florestais. &nbsp; &#8221; Nasci em uma cidade ao ...\" \/>\n<meta property=\"og:url\" content=\"https:\/\/institucional.ufrrj.br\/nidflor\/memorial-graciela-inez-bolzon-de-muniz\/\" \/>\n<meta property=\"og:site_name\" content=\"NIDFLOR\" \/>\n<meta property=\"article:modified_time\" content=\"2022-07-04T19:41:24+00:00\" \/>\n<meta property=\"og:image\" content=\"http:\/\/institucional.ufrrj.br\/nidflor\/files\/2020\/04\/logo_4-1024x212.jpg\" \/>\n<meta name=\"twitter:card\" content=\"summary_large_image\" \/>\n<meta name=\"twitter:label1\" content=\"Est. tempo de leitura\" \/>\n\t<meta name=\"twitter:data1\" content=\"3 minutos\" \/>\n<script type=\"application\/ld+json\" class=\"yoast-schema-graph\">{\"@context\":\"https:\/\/schema.org\",\"@graph\":[{\"@type\":\"WebPage\",\"@id\":\"https:\/\/institucional.ufrrj.br\/nidflor\/memorial-graciela-inez-bolzon-de-muniz\/\",\"url\":\"https:\/\/institucional.ufrrj.br\/nidflor\/memorial-graciela-inez-bolzon-de-muniz\/\",\"name\":\"Memorial - Graciela Ines Bolzon de Muniz - NIDFLOR\",\"isPartOf\":{\"@id\":\"https:\/\/institucional.ufrrj.br\/nidflor\/#website\"},\"primaryImageOfPage\":{\"@id\":\"https:\/\/institucional.ufrrj.br\/nidflor\/memorial-graciela-inez-bolzon-de-muniz\/#primaryimage\"},\"image\":{\"@id\":\"https:\/\/institucional.ufrrj.br\/nidflor\/memorial-graciela-inez-bolzon-de-muniz\/#primaryimage\"},\"thumbnailUrl\":\"http:\/\/institucional.ufrrj.br\/nidflor\/files\/2020\/04\/logo_4-1024x212.jpg\",\"datePublished\":\"2020-07-11T20:58:01+00:00\",\"dateModified\":\"2022-07-04T19:41:24+00:00\",\"breadcrumb\":{\"@id\":\"https:\/\/institucional.ufrrj.br\/nidflor\/memorial-graciela-inez-bolzon-de-muniz\/#breadcrumb\"},\"inLanguage\":\"pt-BR\",\"potentialAction\":[{\"@type\":\"ReadAction\",\"target\":[\"https:\/\/institucional.ufrrj.br\/nidflor\/memorial-graciela-inez-bolzon-de-muniz\/\"]}]},{\"@type\":\"ImageObject\",\"inLanguage\":\"pt-BR\",\"@id\":\"https:\/\/institucional.ufrrj.br\/nidflor\/memorial-graciela-inez-bolzon-de-muniz\/#primaryimage\",\"url\":\"http:\/\/institucional.ufrrj.br\/nidflor\/files\/2020\/04\/logo_4-1024x212.jpg\",\"contentUrl\":\"http:\/\/institucional.ufrrj.br\/nidflor\/files\/2020\/04\/logo_4-1024x212.jpg\"},{\"@type\":\"BreadcrumbList\",\"@id\":\"https:\/\/institucional.ufrrj.br\/nidflor\/memorial-graciela-inez-bolzon-de-muniz\/#breadcrumb\",\"itemListElement\":[{\"@type\":\"ListItem\",\"position\":1,\"name\":\"In\u00edcio\",\"item\":\"https:\/\/institucional.ufrrj.br\/nidflor\/\"},{\"@type\":\"ListItem\",\"position\":2,\"name\":\"Memorial &#8211; Graciela Ines Bolzon de Muniz\"}]},{\"@type\":\"WebSite\",\"@id\":\"https:\/\/institucional.ufrrj.br\/nidflor\/#website\",\"url\":\"https:\/\/institucional.ufrrj.br\/nidflor\/\",\"name\":\"NIDFLOR\",\"description\":\"N\u00facleo de Informa\u00e7\u00e3o e Documenta\u00e7\u00e3o Florestal - UFRRJ\",\"potentialAction\":[{\"@type\":\"SearchAction\",\"target\":{\"@type\":\"EntryPoint\",\"urlTemplate\":\"https:\/\/institucional.ufrrj.br\/nidflor\/?s={search_term_string}\"},\"query-input\":{\"@type\":\"PropertyValueSpecification\",\"valueRequired\":true,\"valueName\":\"search_term_string\"}}],\"inLanguage\":\"pt-BR\"}]}<\/script>\n<!-- \/ Yoast SEO plugin. -->","yoast_head_json":{"title":"Memorial - Graciela Ines Bolzon de Muniz - NIDFLOR","robots":{"index":"index","follow":"follow","max-snippet":"max-snippet:-1","max-image-preview":"max-image-preview:large","max-video-preview":"max-video-preview:-1"},"canonical":"https:\/\/institucional.ufrrj.br\/nidflor\/memorial-graciela-inez-bolzon-de-muniz\/","og_locale":"pt_BR","og_type":"article","og_title":"Memorial - Graciela Ines Bolzon de Muniz - NIDFLOR","og_description":"*Os memoriais apresentam as hist\u00f3rias de mulheres com relevante atua\u00e7\u00e3o nas Ci\u00eancias Florestais. &nbsp; &#8221; Nasci em uma cidade ao ...","og_url":"https:\/\/institucional.ufrrj.br\/nidflor\/memorial-graciela-inez-bolzon-de-muniz\/","og_site_name":"NIDFLOR","article_modified_time":"2022-07-04T19:41:24+00:00","og_image":[{"url":"http:\/\/institucional.ufrrj.br\/nidflor\/files\/2020\/04\/logo_4-1024x212.jpg","type":"","width":"","height":""}],"twitter_card":"summary_large_image","twitter_misc":{"Est. tempo de leitura":"3 minutos"},"schema":{"@context":"https:\/\/schema.org","@graph":[{"@type":"WebPage","@id":"https:\/\/institucional.ufrrj.br\/nidflor\/memorial-graciela-inez-bolzon-de-muniz\/","url":"https:\/\/institucional.ufrrj.br\/nidflor\/memorial-graciela-inez-bolzon-de-muniz\/","name":"Memorial - Graciela Ines Bolzon de Muniz - NIDFLOR","isPartOf":{"@id":"https:\/\/institucional.ufrrj.br\/nidflor\/#website"},"primaryImageOfPage":{"@id":"https:\/\/institucional.ufrrj.br\/nidflor\/memorial-graciela-inez-bolzon-de-muniz\/#primaryimage"},"image":{"@id":"https:\/\/institucional.ufrrj.br\/nidflor\/memorial-graciela-inez-bolzon-de-muniz\/#primaryimage"},"thumbnailUrl":"http:\/\/institucional.ufrrj.br\/nidflor\/files\/2020\/04\/logo_4-1024x212.jpg","datePublished":"2020-07-11T20:58:01+00:00","dateModified":"2022-07-04T19:41:24+00:00","breadcrumb":{"@id":"https:\/\/institucional.ufrrj.br\/nidflor\/memorial-graciela-inez-bolzon-de-muniz\/#breadcrumb"},"inLanguage":"pt-BR","potentialAction":[{"@type":"ReadAction","target":["https:\/\/institucional.ufrrj.br\/nidflor\/memorial-graciela-inez-bolzon-de-muniz\/"]}]},{"@type":"ImageObject","inLanguage":"pt-BR","@id":"https:\/\/institucional.ufrrj.br\/nidflor\/memorial-graciela-inez-bolzon-de-muniz\/#primaryimage","url":"http:\/\/institucional.ufrrj.br\/nidflor\/files\/2020\/04\/logo_4-1024x212.jpg","contentUrl":"http:\/\/institucional.ufrrj.br\/nidflor\/files\/2020\/04\/logo_4-1024x212.jpg"},{"@type":"BreadcrumbList","@id":"https:\/\/institucional.ufrrj.br\/nidflor\/memorial-graciela-inez-bolzon-de-muniz\/#breadcrumb","itemListElement":[{"@type":"ListItem","position":1,"name":"In\u00edcio","item":"https:\/\/institucional.ufrrj.br\/nidflor\/"},{"@type":"ListItem","position":2,"name":"Memorial &#8211; Graciela Ines Bolzon de Muniz"}]},{"@type":"WebSite","@id":"https:\/\/institucional.ufrrj.br\/nidflor\/#website","url":"https:\/\/institucional.ufrrj.br\/nidflor\/","name":"NIDFLOR","description":"N\u00facleo de Informa\u00e7\u00e3o e Documenta\u00e7\u00e3o Florestal - UFRRJ","potentialAction":[{"@type":"SearchAction","target":{"@type":"EntryPoint","urlTemplate":"https:\/\/institucional.ufrrj.br\/nidflor\/?s={search_term_string}"},"query-input":{"@type":"PropertyValueSpecification","valueRequired":true,"valueName":"search_term_string"}}],"inLanguage":"pt-BR"}]}},"acf":[],"_links":{"self":[{"href":"https:\/\/institucional.ufrrj.br\/nidflor\/wp-json\/wp\/v2\/pages\/680","targetHints":{"allow":["GET"]}}],"collection":[{"href":"https:\/\/institucional.ufrrj.br\/nidflor\/wp-json\/wp\/v2\/pages"}],"about":[{"href":"https:\/\/institucional.ufrrj.br\/nidflor\/wp-json\/wp\/v2\/types\/page"}],"author":[{"embeddable":true,"href":"https:\/\/institucional.ufrrj.br\/nidflor\/wp-json\/wp\/v2\/users\/690"}],"replies":[{"embeddable":true,"href":"https:\/\/institucional.ufrrj.br\/nidflor\/wp-json\/wp\/v2\/comments?post=680"}],"version-history":[{"count":7,"href":"https:\/\/institucional.ufrrj.br\/nidflor\/wp-json\/wp\/v2\/pages\/680\/revisions"}],"predecessor-version":[{"id":1215,"href":"https:\/\/institucional.ufrrj.br\/nidflor\/wp-json\/wp\/v2\/pages\/680\/revisions\/1215"}],"wp:attachment":[{"href":"https:\/\/institucional.ufrrj.br\/nidflor\/wp-json\/wp\/v2\/media?parent=680"}],"curies":[{"name":"wp","href":"https:\/\/api.w.org\/{rel}","templated":true}]}}