{"id":63,"date":"2017-03-22T16:26:47","date_gmt":"2017-03-22T19:26:47","guid":{"rendered":"http:\/\/institucional.ufrrj.br\/nidflor\/?page_id=63"},"modified":"2025-09-25T15:52:15","modified_gmt":"2025-09-25T18:52:15","slug":"equipe","status":"publish","type":"page","link":"https:\/\/institucional.ufrrj.br\/nidflor\/equipe\/","title":{"rendered":"Equipe"},"content":{"rendered":"<p>&nbsp;<\/p>\n<hr \/>\n<p><img loading=\"lazy\" decoding=\"async\" class=\" wp-image-395 aligncenter\" src=\"https:\/\/institucional.ufrrj.br\/nidflor\/files\/2019\/01\/silhouette-3303824_960_720-219x300.png\" alt=\"\" width=\"133\" height=\"183\" srcset=\"https:\/\/institucional.ufrrj.br\/nidflor\/files\/2019\/01\/silhouette-3303824_960_720-219x300.png 219w, https:\/\/institucional.ufrrj.br\/nidflor\/files\/2019\/01\/silhouette-3303824_960_720.png 526w\" sizes=\"auto, (max-width: 133px) 100vw, 133px\" \/><\/p>\n<p>&nbsp;<\/p>\n<p style=\"text-align: center\"><span style=\"color: #800000\"><strong>A equipe do NIDFLOR \u00e9 composta pelos seguintes membros:<\/strong><\/span><\/p>\n<p style=\"text-align: center\">Professor Bruno Ara\u00fajo Furtado de Mendon\u00e7a<\/p>\n<p style=\"text-align: center\">Editor Chefe da Revista Floresta e Ambiente.<\/p>\n<hr \/>\n<p style=\"text-align: center\">Bruno Geike de Andrade<\/p>\n<p style=\"text-align: center\">Engenheiro Florestal &#8211; Secretaria Editorial.<\/p>\n<hr \/>\n<p style=\"text-align: center\">Alessandro Moreira Lima<\/p>\n<p style=\"text-align: center\">Engenheiro Florestal &#8211; Secretaria T\u00e9cnica-administrativa.<\/p>\n<hr \/>\n<p style=\"text-align: center\">\n","protected":false},"excerpt":{"rendered":"<p>&nbsp; &nbsp; A equipe do NIDFLOR \u00e9 composta pelos seguintes membros: Professor Bruno Ara\u00fajo Furtado de Mendon\u00e7a Editor Chefe da <a class=\"read-more\" href=\"https:\/\/institucional.ufrrj.br\/nidflor\/equipe\/ \">&#8230; <i class=\"fa fa-long-arrow-right\"><\/i><\/a><\/p>\n","protected":false},"author":690,"featured_media":0,"parent":0,"menu_order":0,"comment_status":"closed","ping_status":"closed","template":"","meta":{"_acf_changed":false,"footnotes":""},"class_list":["post-63","page","type-page","status-publish","hentry"],"yoast_head":"<!-- This site is optimized with the Yoast SEO plugin v27.2 - https:\/\/yoast.com\/product\/yoast-seo-wordpress\/ -->\n<title>Equipe - NIDFLOR<\/title>\n<meta name=\"robots\" content=\"index, follow, max-snippet:-1, max-image-preview:large, max-video-preview:-1\" \/>\n<link rel=\"canonical\" href=\"https:\/\/institucional.ufrrj.br\/nidflor\/equipe\/\" \/>\n<meta property=\"og:locale\" content=\"pt_BR\" \/>\n<meta property=\"og:type\" content=\"article\" \/>\n<meta property=\"og:title\" content=\"Equipe - NIDFLOR\" \/>\n<meta property=\"og:description\" content=\"&nbsp; &nbsp; A equipe do NIDFLOR \u00e9 composta pelos seguintes membros: Professor Bruno Ara\u00fajo Furtado de Mendon\u00e7a Editor Chefe da ...\" \/>\n<meta property=\"og:url\" content=\"https:\/\/institucional.ufrrj.br\/nidflor\/equipe\/\" \/>\n<meta property=\"og:site_name\" content=\"NIDFLOR\" \/>\n<meta property=\"article:modified_time\" content=\"2025-09-25T18:52:15+00:00\" \/>\n<meta property=\"og:image\" content=\"http:\/\/institucional.ufrrj.br\/nidflor\/files\/2019\/01\/silhouette-3303824_960_720-219x300.png\" \/>\n<meta name=\"twitter:card\" content=\"summary_large_image\" \/>\n<script type=\"application\/ld+json\" class=\"yoast-schema-graph\">{\"@context\":\"https:\/\/schema.org\",\"@graph\":[{\"@type\":\"WebPage\",\"@id\":\"https:\/\/institucional.ufrrj.br\/nidflor\/equipe\/\",\"url\":\"https:\/\/institucional.ufrrj.br\/nidflor\/equipe\/\",\"name\":\"Equipe - NIDFLOR\",\"isPartOf\":{\"@id\":\"https:\/\/institucional.ufrrj.br\/nidflor\/#website\"},\"primaryImageOfPage\":{\"@id\":\"https:\/\/institucional.ufrrj.br\/nidflor\/equipe\/#primaryimage\"},\"image\":{\"@id\":\"https:\/\/institucional.ufrrj.br\/nidflor\/equipe\/#primaryimage\"},\"thumbnailUrl\":\"http:\/\/institucional.ufrrj.br\/nidflor\/files\/2019\/01\/silhouette-3303824_960_720-219x300.png\",\"datePublished\":\"2017-03-22T19:26:47+00:00\",\"dateModified\":\"2025-09-25T18:52:15+00:00\",\"breadcrumb\":{\"@id\":\"https:\/\/institucional.ufrrj.br\/nidflor\/equipe\/#breadcrumb\"},\"inLanguage\":\"pt-BR\",\"potentialAction\":[{\"@type\":\"ReadAction\",\"target\":[\"https:\/\/institucional.ufrrj.br\/nidflor\/equipe\/\"]}]},{\"@type\":\"ImageObject\",\"inLanguage\":\"pt-BR\",\"@id\":\"https:\/\/institucional.ufrrj.br\/nidflor\/equipe\/#primaryimage\",\"url\":\"http:\/\/institucional.ufrrj.br\/nidflor\/files\/2019\/01\/silhouette-3303824_960_720-219x300.png\",\"contentUrl\":\"http:\/\/institucional.ufrrj.br\/nidflor\/files\/2019\/01\/silhouette-3303824_960_720-219x300.png\"},{\"@type\":\"BreadcrumbList\",\"@id\":\"https:\/\/institucional.ufrrj.br\/nidflor\/equipe\/#breadcrumb\",\"itemListElement\":[{\"@type\":\"ListItem\",\"position\":1,\"name\":\"In\u00edcio\",\"item\":\"https:\/\/institucional.ufrrj.br\/nidflor\/\"},{\"@type\":\"ListItem\",\"position\":2,\"name\":\"Equipe\"}]},{\"@type\":\"WebSite\",\"@id\":\"https:\/\/institucional.ufrrj.br\/nidflor\/#website\",\"url\":\"https:\/\/institucional.ufrrj.br\/nidflor\/\",\"name\":\"NIDFLOR\",\"description\":\"N\u00facleo de Informa\u00e7\u00e3o e Documenta\u00e7\u00e3o Florestal - UFRRJ\",\"potentialAction\":[{\"@type\":\"SearchAction\",\"target\":{\"@type\":\"EntryPoint\",\"urlTemplate\":\"https:\/\/institucional.ufrrj.br\/nidflor\/?s={search_term_string}\"},\"query-input\":{\"@type\":\"PropertyValueSpecification\",\"valueRequired\":true,\"valueName\":\"search_term_string\"}}],\"inLanguage\":\"pt-BR\"}]}<\/script>\n<!-- \/ Yoast SEO plugin. -->","yoast_head_json":{"title":"Equipe - NIDFLOR","robots":{"index":"index","follow":"follow","max-snippet":"max-snippet:-1","max-image-preview":"max-image-preview:large","max-video-preview":"max-video-preview:-1"},"canonical":"https:\/\/institucional.ufrrj.br\/nidflor\/equipe\/","og_locale":"pt_BR","og_type":"article","og_title":"Equipe - NIDFLOR","og_description":"&nbsp; &nbsp; A equipe do NIDFLOR \u00e9 composta pelos seguintes membros: Professor Bruno Ara\u00fajo Furtado de Mendon\u00e7a Editor Chefe da ...","og_url":"https:\/\/institucional.ufrrj.br\/nidflor\/equipe\/","og_site_name":"NIDFLOR","article_modified_time":"2025-09-25T18:52:15+00:00","og_image":[{"url":"http:\/\/institucional.ufrrj.br\/nidflor\/files\/2019\/01\/silhouette-3303824_960_720-219x300.png","type":"","width":"","height":""}],"twitter_card":"summary_large_image","schema":{"@context":"https:\/\/schema.org","@graph":[{"@type":"WebPage","@id":"https:\/\/institucional.ufrrj.br\/nidflor\/equipe\/","url":"https:\/\/institucional.ufrrj.br\/nidflor\/equipe\/","name":"Equipe - NIDFLOR","isPartOf":{"@id":"https:\/\/institucional.ufrrj.br\/nidflor\/#website"},"primaryImageOfPage":{"@id":"https:\/\/institucional.ufrrj.br\/nidflor\/equipe\/#primaryimage"},"image":{"@id":"https:\/\/institucional.ufrrj.br\/nidflor\/equipe\/#primaryimage"},"thumbnailUrl":"http:\/\/institucional.ufrrj.br\/nidflor\/files\/2019\/01\/silhouette-3303824_960_720-219x300.png","datePublished":"2017-03-22T19:26:47+00:00","dateModified":"2025-09-25T18:52:15+00:00","breadcrumb":{"@id":"https:\/\/institucional.ufrrj.br\/nidflor\/equipe\/#breadcrumb"},"inLanguage":"pt-BR","potentialAction":[{"@type":"ReadAction","target":["https:\/\/institucional.ufrrj.br\/nidflor\/equipe\/"]}]},{"@type":"ImageObject","inLanguage":"pt-BR","@id":"https:\/\/institucional.ufrrj.br\/nidflor\/equipe\/#primaryimage","url":"http:\/\/institucional.ufrrj.br\/nidflor\/files\/2019\/01\/silhouette-3303824_960_720-219x300.png","contentUrl":"http:\/\/institucional.ufrrj.br\/nidflor\/files\/2019\/01\/silhouette-3303824_960_720-219x300.png"},{"@type":"BreadcrumbList","@id":"https:\/\/institucional.ufrrj.br\/nidflor\/equipe\/#breadcrumb","itemListElement":[{"@type":"ListItem","position":1,"name":"In\u00edcio","item":"https:\/\/institucional.ufrrj.br\/nidflor\/"},{"@type":"ListItem","position":2,"name":"Equipe"}]},{"@type":"WebSite","@id":"https:\/\/institucional.ufrrj.br\/nidflor\/#website","url":"https:\/\/institucional.ufrrj.br\/nidflor\/","name":"NIDFLOR","description":"N\u00facleo de Informa\u00e7\u00e3o e Documenta\u00e7\u00e3o Florestal - UFRRJ","potentialAction":[{"@type":"SearchAction","target":{"@type":"EntryPoint","urlTemplate":"https:\/\/institucional.ufrrj.br\/nidflor\/?s={search_term_string}"},"query-input":{"@type":"PropertyValueSpecification","valueRequired":true,"valueName":"search_term_string"}}],"inLanguage":"pt-BR"}]}},"acf":[],"_links":{"self":[{"href":"https:\/\/institucional.ufrrj.br\/nidflor\/wp-json\/wp\/v2\/pages\/63","targetHints":{"allow":["GET"]}}],"collection":[{"href":"https:\/\/institucional.ufrrj.br\/nidflor\/wp-json\/wp\/v2\/pages"}],"about":[{"href":"https:\/\/institucional.ufrrj.br\/nidflor\/wp-json\/wp\/v2\/types\/page"}],"author":[{"embeddable":true,"href":"https:\/\/institucional.ufrrj.br\/nidflor\/wp-json\/wp\/v2\/users\/690"}],"replies":[{"embeddable":true,"href":"https:\/\/institucional.ufrrj.br\/nidflor\/wp-json\/wp\/v2\/comments?post=63"}],"version-history":[{"count":11,"href":"https:\/\/institucional.ufrrj.br\/nidflor\/wp-json\/wp\/v2\/pages\/63\/revisions"}],"predecessor-version":[{"id":1829,"href":"https:\/\/institucional.ufrrj.br\/nidflor\/wp-json\/wp\/v2\/pages\/63\/revisions\/1829"}],"wp:attachment":[{"href":"https:\/\/institucional.ufrrj.br\/nidflor\/wp-json\/wp\/v2\/media?parent=63"}],"curies":[{"name":"wp","href":"https:\/\/api.w.org\/{rel}","templated":true}]}}