{"id":60,"date":"2017-03-22T10:50:59","date_gmt":"2017-03-22T13:50:59","guid":{"rendered":"http:\/\/institucional.ufrrj.br\/nidflor\/?page_id=60"},"modified":"2021-10-25T09:09:20","modified_gmt":"2021-10-25T12:09:20","slug":"floresta-e-ambiente","status":"publish","type":"page","link":"https:\/\/institucional.ufrrj.br\/nidflor\/floresta-e-ambiente\/","title":{"rendered":"Revista Floresta e Ambiente"},"content":{"rendered":"<p>&nbsp;<\/p>\n<hr \/>\n<p><img loading=\"lazy\" decoding=\"async\" class=\"size-medium wp-image-408 aligncenter\" src=\"https:\/\/institucional.ufrrj.br\/nidflor\/files\/2019\/01\/logo_floram-300x122.png\" alt=\"\" width=\"300\" height=\"122\" srcset=\"https:\/\/institucional.ufrrj.br\/nidflor\/files\/2019\/01\/logo_floram-300x122.png 300w, https:\/\/institucional.ufrrj.br\/nidflor\/files\/2019\/01\/logo_floram.png 326w\" sizes=\"auto, (max-width: 300px) 100vw, 300px\" \/><\/p>\n<p>&nbsp;<\/p>\n<p>A Revista Floresta e Ambiente &#8211; FLORAM &#8211; \u00e9 um peri\u00f3dico cient\u00edfico de acesso gratuito, criado em 1994 e que \u00e9 publicado pelo Instituto de Florestas da Universidade Federal Rural do Rio de Janeiro.<\/p>\n<p>Desde 2016, a FLORAM encontra-se dentro da estrutura organizacional do N\u00facleo de Informa\u00e7\u00e3o e Documenta\u00e7\u00e3o Florestal &#8211; NIDFLOR.<\/p>\n<p>Para acessar o site da revista e ter acesso aos artigos cient\u00edficos j\u00e1 publicados ou tomar ci\u00eancia das normas e meios de submiss\u00e3o de novos artigos, clique no link abaixo:<\/p>\n<p>&nbsp;<\/p>\n<hr \/>\n<p><a href=\"http:\/\/www.floram.org\" target=\"_blank\" rel=\"noopener noreferrer\"><img loading=\"lazy\" decoding=\"async\" class=\"aligncenter wp-image-407\" src=\"https:\/\/institucional.ufrrj.br\/nidflor\/files\/2019\/01\/capa-floram-26.1-204x300.jpg\" alt=\"\" width=\"120\" height=\"177\" srcset=\"https:\/\/institucional.ufrrj.br\/nidflor\/files\/2019\/01\/capa-floram-26.1-204x300.jpg 204w, https:\/\/institucional.ufrrj.br\/nidflor\/files\/2019\/01\/capa-floram-26.1.jpg 280w\" sizes=\"auto, (max-width: 120px) 100vw, 120px\" \/><\/a><\/p>\n<p>&nbsp;<\/p>\n<h4 style=\"text-align: center\"><span style=\"color: #3366ff\"><a style=\"color: #3366ff\" href=\"http:\/\/www.floram.org\" target=\"_blank\" rel=\"noopener noreferrer\">Revista Floresta e Ambiente<\/a><\/span><\/h4>\n<hr \/>\n<p style=\"text-align: left\">\n","protected":false},"excerpt":{"rendered":"<p>&nbsp; &nbsp; A Revista Floresta e Ambiente &#8211; FLORAM &#8211; \u00e9 um peri\u00f3dico cient\u00edfico de acesso gratuito, criado em 1994 <a class=\"read-more\" href=\"https:\/\/institucional.ufrrj.br\/nidflor\/floresta-e-ambiente\/ \">&#8230; <i class=\"fa fa-long-arrow-right\"><\/i><\/a><\/p>\n","protected":false},"author":690,"featured_media":0,"parent":0,"menu_order":0,"comment_status":"closed","ping_status":"closed","template":"","meta":{"_acf_changed":false,"footnotes":""},"class_list":["post-60","page","type-page","status-publish","hentry"],"yoast_head":"<!-- This site is optimized with the Yoast SEO plugin v27.2 - https:\/\/yoast.com\/product\/yoast-seo-wordpress\/ -->\n<title>Revista Floresta e Ambiente - NIDFLOR<\/title>\n<meta name=\"robots\" content=\"index, follow, max-snippet:-1, max-image-preview:large, max-video-preview:-1\" \/>\n<link rel=\"canonical\" href=\"https:\/\/institucional.ufrrj.br\/nidflor\/floresta-e-ambiente\/\" \/>\n<meta property=\"og:locale\" content=\"pt_BR\" \/>\n<meta property=\"og:type\" content=\"article\" \/>\n<meta property=\"og:title\" content=\"Revista Floresta e Ambiente - NIDFLOR\" \/>\n<meta property=\"og:description\" content=\"&nbsp; &nbsp; A Revista Floresta e Ambiente &#8211; FLORAM &#8211; \u00e9 um peri\u00f3dico cient\u00edfico de acesso gratuito, criado em 1994 ...\" \/>\n<meta property=\"og:url\" content=\"https:\/\/institucional.ufrrj.br\/nidflor\/floresta-e-ambiente\/\" \/>\n<meta property=\"og:site_name\" content=\"NIDFLOR\" \/>\n<meta property=\"article:modified_time\" content=\"2021-10-25T12:09:20+00:00\" \/>\n<meta property=\"og:image\" content=\"http:\/\/institucional.ufrrj.br\/nidflor\/files\/2019\/01\/logo_floram-300x122.png\" \/>\n<meta name=\"twitter:card\" content=\"summary_large_image\" \/>\n<script type=\"application\/ld+json\" class=\"yoast-schema-graph\">{\"@context\":\"https:\/\/schema.org\",\"@graph\":[{\"@type\":\"WebPage\",\"@id\":\"https:\/\/institucional.ufrrj.br\/nidflor\/floresta-e-ambiente\/\",\"url\":\"https:\/\/institucional.ufrrj.br\/nidflor\/floresta-e-ambiente\/\",\"name\":\"Revista Floresta e Ambiente - NIDFLOR\",\"isPartOf\":{\"@id\":\"https:\/\/institucional.ufrrj.br\/nidflor\/#website\"},\"primaryImageOfPage\":{\"@id\":\"https:\/\/institucional.ufrrj.br\/nidflor\/floresta-e-ambiente\/#primaryimage\"},\"image\":{\"@id\":\"https:\/\/institucional.ufrrj.br\/nidflor\/floresta-e-ambiente\/#primaryimage\"},\"thumbnailUrl\":\"http:\/\/institucional.ufrrj.br\/nidflor\/files\/2019\/01\/logo_floram-300x122.png\",\"datePublished\":\"2017-03-22T13:50:59+00:00\",\"dateModified\":\"2021-10-25T12:09:20+00:00\",\"breadcrumb\":{\"@id\":\"https:\/\/institucional.ufrrj.br\/nidflor\/floresta-e-ambiente\/#breadcrumb\"},\"inLanguage\":\"pt-BR\",\"potentialAction\":[{\"@type\":\"ReadAction\",\"target\":[\"https:\/\/institucional.ufrrj.br\/nidflor\/floresta-e-ambiente\/\"]}]},{\"@type\":\"ImageObject\",\"inLanguage\":\"pt-BR\",\"@id\":\"https:\/\/institucional.ufrrj.br\/nidflor\/floresta-e-ambiente\/#primaryimage\",\"url\":\"http:\/\/institucional.ufrrj.br\/nidflor\/files\/2019\/01\/logo_floram-300x122.png\",\"contentUrl\":\"http:\/\/institucional.ufrrj.br\/nidflor\/files\/2019\/01\/logo_floram-300x122.png\"},{\"@type\":\"BreadcrumbList\",\"@id\":\"https:\/\/institucional.ufrrj.br\/nidflor\/floresta-e-ambiente\/#breadcrumb\",\"itemListElement\":[{\"@type\":\"ListItem\",\"position\":1,\"name\":\"In\u00edcio\",\"item\":\"https:\/\/institucional.ufrrj.br\/nidflor\/\"},{\"@type\":\"ListItem\",\"position\":2,\"name\":\"Revista Floresta e Ambiente\"}]},{\"@type\":\"WebSite\",\"@id\":\"https:\/\/institucional.ufrrj.br\/nidflor\/#website\",\"url\":\"https:\/\/institucional.ufrrj.br\/nidflor\/\",\"name\":\"NIDFLOR\",\"description\":\"N\u00facleo de Informa\u00e7\u00e3o e Documenta\u00e7\u00e3o Florestal - UFRRJ\",\"potentialAction\":[{\"@type\":\"SearchAction\",\"target\":{\"@type\":\"EntryPoint\",\"urlTemplate\":\"https:\/\/institucional.ufrrj.br\/nidflor\/?s={search_term_string}\"},\"query-input\":{\"@type\":\"PropertyValueSpecification\",\"valueRequired\":true,\"valueName\":\"search_term_string\"}}],\"inLanguage\":\"pt-BR\"}]}<\/script>\n<!-- \/ Yoast SEO plugin. -->","yoast_head_json":{"title":"Revista Floresta e Ambiente - NIDFLOR","robots":{"index":"index","follow":"follow","max-snippet":"max-snippet:-1","max-image-preview":"max-image-preview:large","max-video-preview":"max-video-preview:-1"},"canonical":"https:\/\/institucional.ufrrj.br\/nidflor\/floresta-e-ambiente\/","og_locale":"pt_BR","og_type":"article","og_title":"Revista Floresta e Ambiente - NIDFLOR","og_description":"&nbsp; &nbsp; A Revista Floresta e Ambiente &#8211; FLORAM &#8211; \u00e9 um peri\u00f3dico cient\u00edfico de acesso gratuito, criado em 1994 ...","og_url":"https:\/\/institucional.ufrrj.br\/nidflor\/floresta-e-ambiente\/","og_site_name":"NIDFLOR","article_modified_time":"2021-10-25T12:09:20+00:00","og_image":[{"url":"http:\/\/institucional.ufrrj.br\/nidflor\/files\/2019\/01\/logo_floram-300x122.png","type":"","width":"","height":""}],"twitter_card":"summary_large_image","schema":{"@context":"https:\/\/schema.org","@graph":[{"@type":"WebPage","@id":"https:\/\/institucional.ufrrj.br\/nidflor\/floresta-e-ambiente\/","url":"https:\/\/institucional.ufrrj.br\/nidflor\/floresta-e-ambiente\/","name":"Revista Floresta e Ambiente - NIDFLOR","isPartOf":{"@id":"https:\/\/institucional.ufrrj.br\/nidflor\/#website"},"primaryImageOfPage":{"@id":"https:\/\/institucional.ufrrj.br\/nidflor\/floresta-e-ambiente\/#primaryimage"},"image":{"@id":"https:\/\/institucional.ufrrj.br\/nidflor\/floresta-e-ambiente\/#primaryimage"},"thumbnailUrl":"http:\/\/institucional.ufrrj.br\/nidflor\/files\/2019\/01\/logo_floram-300x122.png","datePublished":"2017-03-22T13:50:59+00:00","dateModified":"2021-10-25T12:09:20+00:00","breadcrumb":{"@id":"https:\/\/institucional.ufrrj.br\/nidflor\/floresta-e-ambiente\/#breadcrumb"},"inLanguage":"pt-BR","potentialAction":[{"@type":"ReadAction","target":["https:\/\/institucional.ufrrj.br\/nidflor\/floresta-e-ambiente\/"]}]},{"@type":"ImageObject","inLanguage":"pt-BR","@id":"https:\/\/institucional.ufrrj.br\/nidflor\/floresta-e-ambiente\/#primaryimage","url":"http:\/\/institucional.ufrrj.br\/nidflor\/files\/2019\/01\/logo_floram-300x122.png","contentUrl":"http:\/\/institucional.ufrrj.br\/nidflor\/files\/2019\/01\/logo_floram-300x122.png"},{"@type":"BreadcrumbList","@id":"https:\/\/institucional.ufrrj.br\/nidflor\/floresta-e-ambiente\/#breadcrumb","itemListElement":[{"@type":"ListItem","position":1,"name":"In\u00edcio","item":"https:\/\/institucional.ufrrj.br\/nidflor\/"},{"@type":"ListItem","position":2,"name":"Revista Floresta e Ambiente"}]},{"@type":"WebSite","@id":"https:\/\/institucional.ufrrj.br\/nidflor\/#website","url":"https:\/\/institucional.ufrrj.br\/nidflor\/","name":"NIDFLOR","description":"N\u00facleo de Informa\u00e7\u00e3o e Documenta\u00e7\u00e3o Florestal - UFRRJ","potentialAction":[{"@type":"SearchAction","target":{"@type":"EntryPoint","urlTemplate":"https:\/\/institucional.ufrrj.br\/nidflor\/?s={search_term_string}"},"query-input":{"@type":"PropertyValueSpecification","valueRequired":true,"valueName":"search_term_string"}}],"inLanguage":"pt-BR"}]}},"acf":[],"_links":{"self":[{"href":"https:\/\/institucional.ufrrj.br\/nidflor\/wp-json\/wp\/v2\/pages\/60","targetHints":{"allow":["GET"]}}],"collection":[{"href":"https:\/\/institucional.ufrrj.br\/nidflor\/wp-json\/wp\/v2\/pages"}],"about":[{"href":"https:\/\/institucional.ufrrj.br\/nidflor\/wp-json\/wp\/v2\/types\/page"}],"author":[{"embeddable":true,"href":"https:\/\/institucional.ufrrj.br\/nidflor\/wp-json\/wp\/v2\/users\/690"}],"replies":[{"embeddable":true,"href":"https:\/\/institucional.ufrrj.br\/nidflor\/wp-json\/wp\/v2\/comments?post=60"}],"version-history":[{"count":19,"href":"https:\/\/institucional.ufrrj.br\/nidflor\/wp-json\/wp\/v2\/pages\/60\/revisions"}],"predecessor-version":[{"id":1047,"href":"https:\/\/institucional.ufrrj.br\/nidflor\/wp-json\/wp\/v2\/pages\/60\/revisions\/1047"}],"wp:attachment":[{"href":"https:\/\/institucional.ufrrj.br\/nidflor\/wp-json\/wp\/v2\/media?parent=60"}],"curies":[{"name":"wp","href":"https:\/\/api.w.org\/{rel}","templated":true}]}}