{"id":578,"date":"2019-11-16T14:51:29","date_gmt":"2019-11-16T17:51:29","guid":{"rendered":"http:\/\/institucional.ufrrj.br\/nidflor\/?page_id=578"},"modified":"2022-11-21T08:45:46","modified_gmt":"2022-11-21T11:45:46","slug":"mulheres-nas-ciencias-florestais","status":"publish","type":"page","link":"https:\/\/institucional.ufrrj.br\/nidflor\/mulheres-nas-ciencias-florestais\/","title":{"rendered":"Mulheres nas Ci\u00eancias Florestais"},"content":{"rendered":"<hr \/>\n<h4 style=\"text-align: center\"><img loading=\"lazy\" decoding=\"async\" class=\"alignnone size-medium wp-image-645\" src=\"https:\/\/institucional.ufrrj.br\/nidflor\/files\/2020\/04\/logo_1-300x161.jpg\" alt=\"\" width=\"300\" height=\"161\" srcset=\"https:\/\/institucional.ufrrj.br\/nidflor\/files\/2020\/04\/logo_1-300x161.jpg 300w, https:\/\/institucional.ufrrj.br\/nidflor\/files\/2020\/04\/logo_1-768x413.jpg 768w, https:\/\/institucional.ufrrj.br\/nidflor\/files\/2020\/04\/logo_1-1024x551.jpg 1024w, https:\/\/institucional.ufrrj.br\/nidflor\/files\/2020\/04\/logo_1.jpg 2000w\" sizes=\"auto, (max-width: 300px) 100vw, 300px\" \/><\/h4>\n<hr \/>\n<h4 style=\"text-align: center\"><span style=\"color: #333300\"><strong>T\u00edtulo do projeto<\/strong><\/span><\/h4>\n<h3 style=\"text-align: center\"><span style=\"color: #000000\"><strong>Mulheres nas Ci\u00eancias Florestais<\/strong><\/span><\/h3>\n<hr \/>\n<h4 style=\"text-align: center\"><span style=\"color: #333300\"><strong>Objetivos do projeto:<\/strong><\/span><\/h4>\n<p style=\"text-align: center\">O Projeto \u201cMulheres nas Ci\u00eancias Florestais\u201d objetiva realizar o levantamento de dados estat\u00edsticos e de informa\u00e7\u00f5es acerca das hist\u00f3rias e do contexto profissional das engenheiras florestais pioneiras do Brasil. Para isso, propomos o resgate dos exemplos hist\u00f3ricos de personalidades femininas com atua\u00e7\u00e3o relevante no setor florestal, visando estimular a participa\u00e7\u00e3o e o ingresso de mulheres nos cursos de gradua\u00e7\u00e3o em Engenharia Florestal. Nesse sentido, buscaremos subs\u00eddios dentro do contexto abordado, a fim de conferir o devido valor e import\u00e2ncia \u00e0quelas que, de forma pioneira, desbravaram esse territ\u00f3rio ainda t\u00e3o marcado pela discrep\u00e2ncia num\u00e9rica entre os g\u00eaneros. Os resultados esperados, ao final do projeto, s\u00e3o a elabora\u00e7\u00e3o e divulga\u00e7\u00e3o de m\u00eddias visuais e audiovisuais que contemplem hist\u00f3rias e marcos da participa\u00e7\u00e3o feminina nas ci\u00eancias florestais, a produ\u00e7\u00e3o de obra bibliogr\u00e1fica contendo a trajet\u00f3ria e exemplos not\u00e1veis da contribui\u00e7\u00e3o da mulher no desenvolvimento das ci\u00eancias florestais no Brasil, al\u00e9m do aumento da autoestima coletiva de pesquisadoras e estudantes do setor florestal.<\/p>\n<hr \/>\n<h4 style=\"text-align: center\"><span style=\"color: #333300\"><strong>Coordenadora do projeto<\/strong><\/span><\/h4>\n<p style=\"text-align: center\"><span style=\"color: #000000\"><strong>Docente Cl\u00e1udia Moster &#8211; DCA\/IF\/UFRRJ<\/strong><\/span><\/p>\n<hr \/>\n<h4 style=\"text-align: center\"><span style=\"color: #333300\"><strong>Produtos do projeto<\/strong><\/span><\/h4>\n<p style=\"text-align: center\"><span style=\"color: #000000\">Frequentemente o projeto mant\u00e9m contato com seus seguidores e disponibiliza informa\u00e7\u00f5es resumidas das pesquisas em suas redes sociais (veja abaixo na se\u00e7\u00e3o de contatos como acess\u00e1-las). Al\u00e9m disso, materiais informativos mais completos acerca do tema do projeto s\u00e3o aqui disponibilizadas em sua p\u00e1gina na internet.<\/span><\/p>\n<p style=\"text-align: center\">Acesse no link a seguir a se\u00e7\u00e3o de memoriais de mulheres com relevante atua\u00e7\u00e3o nas Ci\u00eancias Florestais, e cujas hist\u00f3rias j\u00e1 foram apresentadas pelo nosso projeto: <a href=\"https:\/\/institucional.ufrrj.br\/nidflor\/memoriais\/\" target=\"_blank\" rel=\"noopener noreferrer\"><strong><em>Memoriais das Mulheres nas Ci\u00eancias Florestais.<\/em><\/strong><\/a><\/p>\n<p style=\"text-align: center\"><strong><span style=\"color: #000000\"><a style=\"color: #000000\" href=\"https:\/\/institucional.ufrrj.br\/nidflor\/mulheres-na-ciencia-materia-do-rural-florestal\/\">Veja aqui<\/a> <\/span><\/strong>tamb\u00e9m a entrevista com a coordenadora do projeto, a professora Claudia Moster.<\/p>\n<p style=\"text-align: center\">As entrevistas em v\u00eddeos realizadas com mulheres com atua\u00e7\u00e3o no setor florestal podem ser acessadas em nosso espa\u00e7o no <strong><a href=\"https:\/\/www.youtube.com\/playlist?list=PLrkEVHgrT871A6AYEJ8Sc-cIXDxp1MvGm\" target=\"_blank\" rel=\"noopener noreferrer\">Youtube<\/a><\/strong>. Clique aqui para ir at\u00e9 a nossa <strong><a href=\"https:\/\/www.youtube.com\/playlist?list=PLrkEVHgrT871A6AYEJ8Sc-cIXDxp1MvGm\" target=\"_blank\" rel=\"noopener noreferrer\"><em>playlist<\/em><\/a>.<\/strong><\/p>\n<p style=\"text-align: center\"><strong>Em novembro de 2022 foi finalizado o livro digital contendo as hist\u00f3rias e descobertas do projeto ao longo doas anos.<\/strong><\/p>\n<p style=\"text-align: center\"><a href=\"https:\/\/institucional.ufrrj.br\/nidflor\/files\/2022\/11\/Livro_mulheres_1_merged.pdf\" target=\"_blank\" rel=\"noopener\"><span style=\"color: #000080\"><strong>Clique aqui para acessar o livro e fazer seu download.<\/strong><\/span><\/a><\/p>\n<hr \/>\n<h4 style=\"text-align: center\"><span style=\"color: #333300\"><strong>Contato:<\/strong><\/span><\/h4>\n<p style=\"text-align: center\"><em>E-mail:<\/em> mulheresflorestais.ufrrj@gmail.com<\/p>\n<h4 style=\"text-align: center\"><span style=\"color: #333300\"><strong>Outros canais:<\/strong><strong><br \/>\n<\/strong><\/span><\/h4>\n<p style=\"text-align: center\" data-wp-editing=\"1\"><a href=\"https:\/\/www.facebook.com\/mulheresnascienciasflorestais\/\" target=\"_blank\" rel=\"noopener noreferrer\"><img loading=\"lazy\" decoding=\"async\" class=\"aligncenter wp-image-579\" src=\"https:\/\/institucional.ufrrj.br\/nidflor\/files\/2019\/11\/facebook-s\u00edmbolo-150x150.png\" alt=\"\" width=\"47\" height=\"47\" srcset=\"https:\/\/institucional.ufrrj.br\/nidflor\/files\/2019\/11\/facebook-s\u00edmbolo-150x150.png 150w, https:\/\/institucional.ufrrj.br\/nidflor\/files\/2019\/11\/facebook-s\u00edmbolo-300x300.png 300w, https:\/\/institucional.ufrrj.br\/nidflor\/files\/2019\/11\/facebook-s\u00edmbolo-768x768.png 768w, https:\/\/institucional.ufrrj.br\/nidflor\/files\/2019\/11\/facebook-s\u00edmbolo-1024x1024.png 1024w, https:\/\/institucional.ufrrj.br\/nidflor\/files\/2019\/11\/facebook-s\u00edmbolo-75x75.png 75w, https:\/\/institucional.ufrrj.br\/nidflor\/files\/2019\/11\/facebook-s\u00edmbolo-100x100.png 100w, https:\/\/institucional.ufrrj.br\/nidflor\/files\/2019\/11\/facebook-s\u00edmbolo.png 1600w\" sizes=\"auto, (max-width: 47px) 100vw, 47px\" \/><\/a>\u00a0 \u00a0 \u00a0 \u00a0 \u00a0 \u00a0 \u00a0 \u00a0 \u00a0 \u00a0 \u00a0 \u00a0 \u00a0 \u00a0 \u00a0 \u00a0 \u00a0 \u00a0 \u00a0 \u00a0 \u00a0 \u00a0 \u00a0 \u00a0 \u00a0 <a href=\"https:\/\/www.instagram.com\/mulheresnascienciasflorestais\/\" target=\"_blank\" rel=\"noopener noreferrer\"><img loading=\"lazy\" decoding=\"async\" class=\"aligncenter wp-image-580\" src=\"https:\/\/institucional.ufrrj.br\/nidflor\/files\/2019\/11\/instagram-logo-300x291.png\" alt=\"\" width=\"65\" height=\"63\" srcset=\"https:\/\/institucional.ufrrj.br\/nidflor\/files\/2019\/11\/instagram-logo-300x291.png 300w, https:\/\/institucional.ufrrj.br\/nidflor\/files\/2019\/11\/instagram-logo-768x745.png 768w, https:\/\/institucional.ufrrj.br\/nidflor\/files\/2019\/11\/instagram-logo-1024x993.png 1024w\" sizes=\"auto, (max-width: 65px) 100vw, 65px\" \/><\/a><\/p>\n<p style=\"text-align: center\" data-wp-editing=\"1\"><a href=\"https:\/\/www.youtube.com\/playlist?list=PLrkEVHgrT871A6AYEJ8Sc-cIXDxp1MvGm\" target=\"_blank\" rel=\"noopener noreferrer\"><img loading=\"lazy\" decoding=\"async\" class=\"alignnone wp-image-846\" src=\"https:\/\/institucional.ufrrj.br\/nidflor\/files\/2021\/03\/Youtube-300x113.jpg\" alt=\"\" width=\"130\" height=\"49\" srcset=\"https:\/\/institucional.ufrrj.br\/nidflor\/files\/2021\/03\/Youtube-300x113.jpg 300w, https:\/\/institucional.ufrrj.br\/nidflor\/files\/2021\/03\/Youtube-768x288.jpg 768w, https:\/\/institucional.ufrrj.br\/nidflor\/files\/2021\/03\/Youtube-1024x384.jpg 1024w, https:\/\/institucional.ufrrj.br\/nidflor\/files\/2021\/03\/Youtube.jpg 1120w\" sizes=\"auto, (max-width: 130px) 100vw, 130px\" \/><\/a><\/p>\n<h4 style=\"text-align: center\"><span style=\"color: #333300\"><em>@mulheresnascienciasflorestais<\/em><\/span><\/h4>\n<p style=\"text-align: center\"><img loading=\"lazy\" decoding=\"async\" class=\"alignnone wp-image-647\" src=\"https:\/\/institucional.ufrrj.br\/nidflor\/files\/2020\/04\/logo_3-267x300.jpg\" alt=\"\" width=\"198\" height=\"222\" srcset=\"https:\/\/institucional.ufrrj.br\/nidflor\/files\/2020\/04\/logo_3-267x300.jpg 267w, https:\/\/institucional.ufrrj.br\/nidflor\/files\/2020\/04\/logo_3-768x863.jpg 768w, https:\/\/institucional.ufrrj.br\/nidflor\/files\/2020\/04\/logo_3-912x1024.jpg 912w, https:\/\/institucional.ufrrj.br\/nidflor\/files\/2020\/04\/logo_3.jpg 1584w\" sizes=\"auto, (max-width: 198px) 100vw, 198px\" \/><\/p>\n<hr \/>\n<p style=\"text-align: center\">\n","protected":false},"excerpt":{"rendered":"<p>T\u00edtulo do projeto Mulheres nas Ci\u00eancias Florestais Objetivos do projeto: O Projeto \u201cMulheres nas Ci\u00eancias Florestais\u201d objetiva realizar o levantamento <a class=\"read-more\" href=\"https:\/\/institucional.ufrrj.br\/nidflor\/mulheres-nas-ciencias-florestais\/ \">&#8230; <i class=\"fa fa-long-arrow-right\"><\/i><\/a><\/p>\n","protected":false},"author":690,"featured_media":0,"parent":0,"menu_order":0,"comment_status":"closed","ping_status":"closed","template":"","meta":{"_acf_changed":false,"footnotes":""},"class_list":["post-578","page","type-page","status-publish","hentry"],"yoast_head":"<!-- This site is optimized with the Yoast SEO plugin v27.2 - https:\/\/yoast.com\/product\/yoast-seo-wordpress\/ -->\n<title>Mulheres nas Ci\u00eancias Florestais - NIDFLOR<\/title>\n<meta name=\"robots\" content=\"index, follow, max-snippet:-1, max-image-preview:large, max-video-preview:-1\" \/>\n<link rel=\"canonical\" href=\"https:\/\/institucional.ufrrj.br\/nidflor\/mulheres-nas-ciencias-florestais\/\" \/>\n<meta property=\"og:locale\" content=\"pt_BR\" \/>\n<meta property=\"og:type\" content=\"article\" \/>\n<meta property=\"og:title\" content=\"Mulheres nas Ci\u00eancias Florestais - NIDFLOR\" \/>\n<meta property=\"og:description\" content=\"T\u00edtulo do projeto Mulheres nas Ci\u00eancias Florestais Objetivos do projeto: O Projeto \u201cMulheres nas Ci\u00eancias Florestais\u201d objetiva realizar o levantamento ...\" \/>\n<meta property=\"og:url\" content=\"https:\/\/institucional.ufrrj.br\/nidflor\/mulheres-nas-ciencias-florestais\/\" \/>\n<meta property=\"og:site_name\" content=\"NIDFLOR\" \/>\n<meta property=\"article:modified_time\" content=\"2022-11-21T11:45:46+00:00\" \/>\n<meta property=\"og:image\" content=\"http:\/\/institucional.ufrrj.br\/nidflor\/files\/2020\/04\/logo_1-300x161.jpg\" \/>\n<meta name=\"twitter:card\" content=\"summary_large_image\" \/>\n<meta name=\"twitter:label1\" content=\"Est. tempo de leitura\" \/>\n\t<meta name=\"twitter:data1\" content=\"2 minutos\" \/>\n<script type=\"application\/ld+json\" class=\"yoast-schema-graph\">{\"@context\":\"https:\/\/schema.org\",\"@graph\":[{\"@type\":\"WebPage\",\"@id\":\"https:\/\/institucional.ufrrj.br\/nidflor\/mulheres-nas-ciencias-florestais\/\",\"url\":\"https:\/\/institucional.ufrrj.br\/nidflor\/mulheres-nas-ciencias-florestais\/\",\"name\":\"Mulheres nas Ci\u00eancias Florestais - NIDFLOR\",\"isPartOf\":{\"@id\":\"https:\/\/institucional.ufrrj.br\/nidflor\/#website\"},\"primaryImageOfPage\":{\"@id\":\"https:\/\/institucional.ufrrj.br\/nidflor\/mulheres-nas-ciencias-florestais\/#primaryimage\"},\"image\":{\"@id\":\"https:\/\/institucional.ufrrj.br\/nidflor\/mulheres-nas-ciencias-florestais\/#primaryimage\"},\"thumbnailUrl\":\"http:\/\/institucional.ufrrj.br\/nidflor\/files\/2020\/04\/logo_1-300x161.jpg\",\"datePublished\":\"2019-11-16T17:51:29+00:00\",\"dateModified\":\"2022-11-21T11:45:46+00:00\",\"breadcrumb\":{\"@id\":\"https:\/\/institucional.ufrrj.br\/nidflor\/mulheres-nas-ciencias-florestais\/#breadcrumb\"},\"inLanguage\":\"pt-BR\",\"potentialAction\":[{\"@type\":\"ReadAction\",\"target\":[\"https:\/\/institucional.ufrrj.br\/nidflor\/mulheres-nas-ciencias-florestais\/\"]}]},{\"@type\":\"ImageObject\",\"inLanguage\":\"pt-BR\",\"@id\":\"https:\/\/institucional.ufrrj.br\/nidflor\/mulheres-nas-ciencias-florestais\/#primaryimage\",\"url\":\"http:\/\/institucional.ufrrj.br\/nidflor\/files\/2020\/04\/logo_1-300x161.jpg\",\"contentUrl\":\"http:\/\/institucional.ufrrj.br\/nidflor\/files\/2020\/04\/logo_1-300x161.jpg\"},{\"@type\":\"BreadcrumbList\",\"@id\":\"https:\/\/institucional.ufrrj.br\/nidflor\/mulheres-nas-ciencias-florestais\/#breadcrumb\",\"itemListElement\":[{\"@type\":\"ListItem\",\"position\":1,\"name\":\"In\u00edcio\",\"item\":\"https:\/\/institucional.ufrrj.br\/nidflor\/\"},{\"@type\":\"ListItem\",\"position\":2,\"name\":\"Mulheres nas Ci\u00eancias Florestais\"}]},{\"@type\":\"WebSite\",\"@id\":\"https:\/\/institucional.ufrrj.br\/nidflor\/#website\",\"url\":\"https:\/\/institucional.ufrrj.br\/nidflor\/\",\"name\":\"NIDFLOR\",\"description\":\"N\u00facleo de Informa\u00e7\u00e3o e Documenta\u00e7\u00e3o Florestal - UFRRJ\",\"potentialAction\":[{\"@type\":\"SearchAction\",\"target\":{\"@type\":\"EntryPoint\",\"urlTemplate\":\"https:\/\/institucional.ufrrj.br\/nidflor\/?s={search_term_string}\"},\"query-input\":{\"@type\":\"PropertyValueSpecification\",\"valueRequired\":true,\"valueName\":\"search_term_string\"}}],\"inLanguage\":\"pt-BR\"}]}<\/script>\n<!-- \/ Yoast SEO plugin. -->","yoast_head_json":{"title":"Mulheres nas Ci\u00eancias Florestais - NIDFLOR","robots":{"index":"index","follow":"follow","max-snippet":"max-snippet:-1","max-image-preview":"max-image-preview:large","max-video-preview":"max-video-preview:-1"},"canonical":"https:\/\/institucional.ufrrj.br\/nidflor\/mulheres-nas-ciencias-florestais\/","og_locale":"pt_BR","og_type":"article","og_title":"Mulheres nas Ci\u00eancias Florestais - NIDFLOR","og_description":"T\u00edtulo do projeto Mulheres nas Ci\u00eancias Florestais Objetivos do projeto: O Projeto \u201cMulheres nas Ci\u00eancias Florestais\u201d objetiva realizar o levantamento ...","og_url":"https:\/\/institucional.ufrrj.br\/nidflor\/mulheres-nas-ciencias-florestais\/","og_site_name":"NIDFLOR","article_modified_time":"2022-11-21T11:45:46+00:00","og_image":[{"url":"http:\/\/institucional.ufrrj.br\/nidflor\/files\/2020\/04\/logo_1-300x161.jpg","type":"","width":"","height":""}],"twitter_card":"summary_large_image","twitter_misc":{"Est. tempo de leitura":"2 minutos"},"schema":{"@context":"https:\/\/schema.org","@graph":[{"@type":"WebPage","@id":"https:\/\/institucional.ufrrj.br\/nidflor\/mulheres-nas-ciencias-florestais\/","url":"https:\/\/institucional.ufrrj.br\/nidflor\/mulheres-nas-ciencias-florestais\/","name":"Mulheres nas Ci\u00eancias Florestais - NIDFLOR","isPartOf":{"@id":"https:\/\/institucional.ufrrj.br\/nidflor\/#website"},"primaryImageOfPage":{"@id":"https:\/\/institucional.ufrrj.br\/nidflor\/mulheres-nas-ciencias-florestais\/#primaryimage"},"image":{"@id":"https:\/\/institucional.ufrrj.br\/nidflor\/mulheres-nas-ciencias-florestais\/#primaryimage"},"thumbnailUrl":"http:\/\/institucional.ufrrj.br\/nidflor\/files\/2020\/04\/logo_1-300x161.jpg","datePublished":"2019-11-16T17:51:29+00:00","dateModified":"2022-11-21T11:45:46+00:00","breadcrumb":{"@id":"https:\/\/institucional.ufrrj.br\/nidflor\/mulheres-nas-ciencias-florestais\/#breadcrumb"},"inLanguage":"pt-BR","potentialAction":[{"@type":"ReadAction","target":["https:\/\/institucional.ufrrj.br\/nidflor\/mulheres-nas-ciencias-florestais\/"]}]},{"@type":"ImageObject","inLanguage":"pt-BR","@id":"https:\/\/institucional.ufrrj.br\/nidflor\/mulheres-nas-ciencias-florestais\/#primaryimage","url":"http:\/\/institucional.ufrrj.br\/nidflor\/files\/2020\/04\/logo_1-300x161.jpg","contentUrl":"http:\/\/institucional.ufrrj.br\/nidflor\/files\/2020\/04\/logo_1-300x161.jpg"},{"@type":"BreadcrumbList","@id":"https:\/\/institucional.ufrrj.br\/nidflor\/mulheres-nas-ciencias-florestais\/#breadcrumb","itemListElement":[{"@type":"ListItem","position":1,"name":"In\u00edcio","item":"https:\/\/institucional.ufrrj.br\/nidflor\/"},{"@type":"ListItem","position":2,"name":"Mulheres nas Ci\u00eancias Florestais"}]},{"@type":"WebSite","@id":"https:\/\/institucional.ufrrj.br\/nidflor\/#website","url":"https:\/\/institucional.ufrrj.br\/nidflor\/","name":"NIDFLOR","description":"N\u00facleo de Informa\u00e7\u00e3o e Documenta\u00e7\u00e3o Florestal - UFRRJ","potentialAction":[{"@type":"SearchAction","target":{"@type":"EntryPoint","urlTemplate":"https:\/\/institucional.ufrrj.br\/nidflor\/?s={search_term_string}"},"query-input":{"@type":"PropertyValueSpecification","valueRequired":true,"valueName":"search_term_string"}}],"inLanguage":"pt-BR"}]}},"acf":[],"_links":{"self":[{"href":"https:\/\/institucional.ufrrj.br\/nidflor\/wp-json\/wp\/v2\/pages\/578","targetHints":{"allow":["GET"]}}],"collection":[{"href":"https:\/\/institucional.ufrrj.br\/nidflor\/wp-json\/wp\/v2\/pages"}],"about":[{"href":"https:\/\/institucional.ufrrj.br\/nidflor\/wp-json\/wp\/v2\/types\/page"}],"author":[{"embeddable":true,"href":"https:\/\/institucional.ufrrj.br\/nidflor\/wp-json\/wp\/v2\/users\/690"}],"replies":[{"embeddable":true,"href":"https:\/\/institucional.ufrrj.br\/nidflor\/wp-json\/wp\/v2\/comments?post=578"}],"version-history":[{"count":27,"href":"https:\/\/institucional.ufrrj.br\/nidflor\/wp-json\/wp\/v2\/pages\/578\/revisions"}],"predecessor-version":[{"id":1327,"href":"https:\/\/institucional.ufrrj.br\/nidflor\/wp-json\/wp\/v2\/pages\/578\/revisions\/1327"}],"wp:attachment":[{"href":"https:\/\/institucional.ufrrj.br\/nidflor\/wp-json\/wp\/v2\/media?parent=578"}],"curies":[{"name":"wp","href":"https:\/\/api.w.org\/{rel}","templated":true}]}}