{"id":319,"date":"2018-09-11T10:08:52","date_gmt":"2018-09-11T13:08:52","guid":{"rendered":"http:\/\/institucional.ufrrj.br\/nidflor\/?page_id=319"},"modified":"2021-07-14T13:14:52","modified_gmt":"2021-07-14T16:14:52","slug":"publicacoes","status":"publish","type":"page","link":"https:\/\/institucional.ufrrj.br\/nidflor\/publicacoes\/","title":{"rendered":"Publica\u00e7\u00f5es"},"content":{"rendered":"<p>&nbsp;<\/p>\n<blockquote class=\"wp-embedded-content\" data-secret=\"VLqlHH8B7S\"><p><a href=\"https:\/\/institucional.ufrrj.br\/nidflor\/boletins-da-floresta\/\">Boletins da Floresta<\/a><\/p><\/blockquote>\n<p><iframe loading=\"lazy\" class=\"wp-embedded-content\" sandbox=\"allow-scripts\" security=\"restricted\" style=\"position: absolute; visibility: hidden;\" title=\"&#8220;Boletins da Floresta&#8221; &#8212; NIDFLOR\" src=\"https:\/\/institucional.ufrrj.br\/nidflor\/boletins-da-floresta\/embed\/#?secret=0tQHgzLngw#?secret=VLqlHH8B7S\" data-secret=\"VLqlHH8B7S\" width=\"500\" height=\"282\" frameborder=\"0\" marginwidth=\"0\" marginheight=\"0\" scrolling=\"no\"><\/iframe><\/p>\n<p>&nbsp;<\/p>\n<blockquote class=\"wp-embedded-content\" data-secret=\"T5ToK5kZvh\"><p><a href=\"http:\/\/repositorio.im.ufrrj.br:8080\/jspui\/handle\/1235813\/671#new_tab\">Trabalhos de Conclus\u00e3o de Curso &#8211; Engenharia Florestal<\/a><\/p><\/blockquote>\n<p><iframe loading=\"lazy\" class=\"wp-embedded-content\" sandbox=\"allow-scripts\" security=\"restricted\" style=\"position: absolute; visibility: hidden;\" title=\"&#8220;Trabalhos de Conclus\u00e3o de Curso &#8211; Engenharia Florestal&#8221; &#8212; NIDFLOR\" src=\"http:\/\/repositorio.im.ufrrj.br:8080\/jspui\/handle\/1235813\/671#new_tab\/embed\/#?secret=oOhgY9HC9y#?secret=T5ToK5kZvh\" data-secret=\"T5ToK5kZvh\" width=\"500\" height=\"282\" frameborder=\"0\" marginwidth=\"0\" marginheight=\"0\" scrolling=\"no\"><\/iframe><\/p>\n<p>&nbsp;<\/p>\n<hr \/>\n<p>&nbsp;<\/p>\n<blockquote class=\"wp-embedded-content\" data-secret=\"TSKSililS4\"><p><a href=\"https:\/\/tede.ufrrj.br\/jspui\/handle\/tede\/359\/browse?type=dateissued&#038;sort_by=2&#038;order=DESC&#038;rpp=50&#038;etal=0&#038;submit_browse=Atualizar#new_tab\">PPGCAF &#8211; Disserta\u00e7\u00f5es de Mestrado<\/a><\/p><\/blockquote>\n<p><iframe loading=\"lazy\" class=\"wp-embedded-content\" sandbox=\"allow-scripts\" security=\"restricted\" style=\"position: absolute; visibility: hidden;\" title=\"&#8220;PPGCAF &#8211; Disserta\u00e7\u00f5es de Mestrado&#8221; &#8212; NIDFLOR\" src=\"https:\/\/tede.ufrrj.br\/jspui\/handle\/tede\/359\/browse?type=dateissued&#038;sort_by=2&#038;order=DESC&#038;rpp=50&#038;etal=0&#038;submit_browse=Atualizar#new_tab\/embed\/#?secret=xbMVV3vmkN#?secret=TSKSililS4\" data-secret=\"TSKSililS4\" width=\"500\" height=\"282\" frameborder=\"0\" marginwidth=\"0\" marginheight=\"0\" scrolling=\"no\"><\/iframe><\/p>\n<p>&nbsp;<\/p>\n<hr \/>\n<p>&nbsp;<\/p>\n<blockquote class=\"wp-embedded-content\" data-secret=\"shjCly6oRj\"><p><a href=\"https:\/\/tede.ufrrj.br\/jspui\/handle\/tede\/360\/browse?type=dateissued&#038;sort_by=2&#038;order=DESC&#038;rpp=50&#038;etal=0&#038;submit_browse=Atualizar#new_tab\">PPGCAF &#8211; Teses de Doutorado<\/a><\/p><\/blockquote>\n<p><iframe loading=\"lazy\" class=\"wp-embedded-content\" sandbox=\"allow-scripts\" security=\"restricted\" style=\"position: absolute; visibility: hidden;\" title=\"&#8220;PPGCAF &#8211; Teses de Doutorado&#8221; &#8212; NIDFLOR\" src=\"https:\/\/tede.ufrrj.br\/jspui\/handle\/tede\/360\/browse?type=dateissued&#038;sort_by=2&#038;order=DESC&#038;rpp=50&#038;etal=0&#038;submit_browse=Atualizar#new_tab\/embed\/#?secret=KVwaVFOmO4#?secret=shjCly6oRj\" data-secret=\"shjCly6oRj\" width=\"500\" height=\"282\" frameborder=\"0\" marginwidth=\"0\" marginheight=\"0\" scrolling=\"no\"><\/iframe><\/p>\n<p>&nbsp;<\/p>\n<hr \/>\n<p>&nbsp;<\/p>\n<blockquote class=\"wp-embedded-content\" data-secret=\"VIdWeq8R6y\"><p><a href=\"https:\/\/tede.ufrrj.br\/jspui\/handle\/jspui\/1113\/browse?type=dateissued&#038;sort_by=2&#038;order=DESC&#038;rpp=40&#038;etal=0&#038;submit_browse=Atualizar#new_tab\">PPGPDS &#8211; Disserta\u00e7\u00f5es de Mestrado<\/a><\/p><\/blockquote>\n<p><iframe loading=\"lazy\" class=\"wp-embedded-content\" sandbox=\"allow-scripts\" security=\"restricted\" style=\"position: absolute; visibility: hidden;\" title=\"&#8220;PPGPDS &#8211; Disserta\u00e7\u00f5es de Mestrado&#8221; &#8212; NIDFLOR\" src=\"https:\/\/tede.ufrrj.br\/jspui\/handle\/jspui\/1113\/browse?type=dateissued&#038;sort_by=2&#038;order=DESC&#038;rpp=40&#038;etal=0&#038;submit_browse=Atualizar#new_tab\/embed\/#?secret=3rjh5cIvSi#?secret=VIdWeq8R6y\" data-secret=\"VIdWeq8R6y\" width=\"500\" height=\"282\" frameborder=\"0\" marginwidth=\"0\" marginheight=\"0\" scrolling=\"no\"><\/iframe><\/p>\n<p>&nbsp;<\/p>\n<hr \/>\n<p>&nbsp;<\/p>\n","protected":false},"excerpt":{"rendered":"<p>&nbsp; Boletins da Floresta &nbsp; Trabalhos de Conclus\u00e3o de Curso &#8211; Engenharia Florestal &nbsp; &nbsp; PPGCAF &#8211; Disserta\u00e7\u00f5es de Mestrado <a class=\"read-more\" href=\"https:\/\/institucional.ufrrj.br\/nidflor\/publicacoes\/ \">&#8230; <i class=\"fa fa-long-arrow-right\"><\/i><\/a><\/p>\n","protected":false},"author":690,"featured_media":0,"parent":0,"menu_order":0,"comment_status":"closed","ping_status":"closed","template":"","meta":{"_acf_changed":false,"footnotes":""},"class_list":["post-319","page","type-page","status-publish","hentry"],"yoast_head":"<!-- This site is optimized with the Yoast SEO plugin v27.2 - https:\/\/yoast.com\/product\/yoast-seo-wordpress\/ -->\n<title>Publica\u00e7\u00f5es - NIDFLOR<\/title>\n<meta name=\"robots\" content=\"index, follow, max-snippet:-1, max-image-preview:large, max-video-preview:-1\" \/>\n<link rel=\"canonical\" href=\"https:\/\/institucional.ufrrj.br\/nidflor\/publicacoes\/\" \/>\n<meta property=\"og:locale\" content=\"pt_BR\" \/>\n<meta property=\"og:type\" content=\"article\" \/>\n<meta property=\"og:title\" content=\"Publica\u00e7\u00f5es - NIDFLOR\" \/>\n<meta property=\"og:description\" content=\"&nbsp; Boletins da Floresta &nbsp; Trabalhos de Conclus\u00e3o de Curso &#8211; Engenharia Florestal &nbsp; &nbsp; PPGCAF &#8211; Disserta\u00e7\u00f5es de Mestrado ...\" \/>\n<meta property=\"og:url\" content=\"https:\/\/institucional.ufrrj.br\/nidflor\/publicacoes\/\" \/>\n<meta property=\"og:site_name\" content=\"NIDFLOR\" \/>\n<meta property=\"article:modified_time\" content=\"2021-07-14T16:14:52+00:00\" \/>\n<meta name=\"twitter:card\" content=\"summary_large_image\" \/>\n<script type=\"application\/ld+json\" class=\"yoast-schema-graph\">{\"@context\":\"https:\/\/schema.org\",\"@graph\":[{\"@type\":\"WebPage\",\"@id\":\"https:\/\/institucional.ufrrj.br\/nidflor\/publicacoes\/\",\"url\":\"https:\/\/institucional.ufrrj.br\/nidflor\/publicacoes\/\",\"name\":\"Publica\u00e7\u00f5es - NIDFLOR\",\"isPartOf\":{\"@id\":\"https:\/\/institucional.ufrrj.br\/nidflor\/#website\"},\"datePublished\":\"2018-09-11T13:08:52+00:00\",\"dateModified\":\"2021-07-14T16:14:52+00:00\",\"breadcrumb\":{\"@id\":\"https:\/\/institucional.ufrrj.br\/nidflor\/publicacoes\/#breadcrumb\"},\"inLanguage\":\"pt-BR\",\"potentialAction\":[{\"@type\":\"ReadAction\",\"target\":[\"https:\/\/institucional.ufrrj.br\/nidflor\/publicacoes\/\"]}]},{\"@type\":\"BreadcrumbList\",\"@id\":\"https:\/\/institucional.ufrrj.br\/nidflor\/publicacoes\/#breadcrumb\",\"itemListElement\":[{\"@type\":\"ListItem\",\"position\":1,\"name\":\"In\u00edcio\",\"item\":\"https:\/\/institucional.ufrrj.br\/nidflor\/\"},{\"@type\":\"ListItem\",\"position\":2,\"name\":\"Publica\u00e7\u00f5es\"}]},{\"@type\":\"WebSite\",\"@id\":\"https:\/\/institucional.ufrrj.br\/nidflor\/#website\",\"url\":\"https:\/\/institucional.ufrrj.br\/nidflor\/\",\"name\":\"NIDFLOR\",\"description\":\"N\u00facleo de Informa\u00e7\u00e3o e Documenta\u00e7\u00e3o Florestal - UFRRJ\",\"potentialAction\":[{\"@type\":\"SearchAction\",\"target\":{\"@type\":\"EntryPoint\",\"urlTemplate\":\"https:\/\/institucional.ufrrj.br\/nidflor\/?s={search_term_string}\"},\"query-input\":{\"@type\":\"PropertyValueSpecification\",\"valueRequired\":true,\"valueName\":\"search_term_string\"}}],\"inLanguage\":\"pt-BR\"}]}<\/script>\n<!-- \/ Yoast SEO plugin. -->","yoast_head_json":{"title":"Publica\u00e7\u00f5es - NIDFLOR","robots":{"index":"index","follow":"follow","max-snippet":"max-snippet:-1","max-image-preview":"max-image-preview:large","max-video-preview":"max-video-preview:-1"},"canonical":"https:\/\/institucional.ufrrj.br\/nidflor\/publicacoes\/","og_locale":"pt_BR","og_type":"article","og_title":"Publica\u00e7\u00f5es - NIDFLOR","og_description":"&nbsp; Boletins da Floresta &nbsp; Trabalhos de Conclus\u00e3o de Curso &#8211; Engenharia Florestal &nbsp; &nbsp; PPGCAF &#8211; Disserta\u00e7\u00f5es de Mestrado ...","og_url":"https:\/\/institucional.ufrrj.br\/nidflor\/publicacoes\/","og_site_name":"NIDFLOR","article_modified_time":"2021-07-14T16:14:52+00:00","twitter_card":"summary_large_image","schema":{"@context":"https:\/\/schema.org","@graph":[{"@type":"WebPage","@id":"https:\/\/institucional.ufrrj.br\/nidflor\/publicacoes\/","url":"https:\/\/institucional.ufrrj.br\/nidflor\/publicacoes\/","name":"Publica\u00e7\u00f5es - NIDFLOR","isPartOf":{"@id":"https:\/\/institucional.ufrrj.br\/nidflor\/#website"},"datePublished":"2018-09-11T13:08:52+00:00","dateModified":"2021-07-14T16:14:52+00:00","breadcrumb":{"@id":"https:\/\/institucional.ufrrj.br\/nidflor\/publicacoes\/#breadcrumb"},"inLanguage":"pt-BR","potentialAction":[{"@type":"ReadAction","target":["https:\/\/institucional.ufrrj.br\/nidflor\/publicacoes\/"]}]},{"@type":"BreadcrumbList","@id":"https:\/\/institucional.ufrrj.br\/nidflor\/publicacoes\/#breadcrumb","itemListElement":[{"@type":"ListItem","position":1,"name":"In\u00edcio","item":"https:\/\/institucional.ufrrj.br\/nidflor\/"},{"@type":"ListItem","position":2,"name":"Publica\u00e7\u00f5es"}]},{"@type":"WebSite","@id":"https:\/\/institucional.ufrrj.br\/nidflor\/#website","url":"https:\/\/institucional.ufrrj.br\/nidflor\/","name":"NIDFLOR","description":"N\u00facleo de Informa\u00e7\u00e3o e Documenta\u00e7\u00e3o Florestal - UFRRJ","potentialAction":[{"@type":"SearchAction","target":{"@type":"EntryPoint","urlTemplate":"https:\/\/institucional.ufrrj.br\/nidflor\/?s={search_term_string}"},"query-input":{"@type":"PropertyValueSpecification","valueRequired":true,"valueName":"search_term_string"}}],"inLanguage":"pt-BR"}]}},"acf":[],"_links":{"self":[{"href":"https:\/\/institucional.ufrrj.br\/nidflor\/wp-json\/wp\/v2\/pages\/319","targetHints":{"allow":["GET"]}}],"collection":[{"href":"https:\/\/institucional.ufrrj.br\/nidflor\/wp-json\/wp\/v2\/pages"}],"about":[{"href":"https:\/\/institucional.ufrrj.br\/nidflor\/wp-json\/wp\/v2\/types\/page"}],"author":[{"embeddable":true,"href":"https:\/\/institucional.ufrrj.br\/nidflor\/wp-json\/wp\/v2\/users\/690"}],"replies":[{"embeddable":true,"href":"https:\/\/institucional.ufrrj.br\/nidflor\/wp-json\/wp\/v2\/comments?post=319"}],"version-history":[{"count":5,"href":"https:\/\/institucional.ufrrj.br\/nidflor\/wp-json\/wp\/v2\/pages\/319\/revisions"}],"predecessor-version":[{"id":1009,"href":"https:\/\/institucional.ufrrj.br\/nidflor\/wp-json\/wp\/v2\/pages\/319\/revisions\/1009"}],"wp:attachment":[{"href":"https:\/\/institucional.ufrrj.br\/nidflor\/wp-json\/wp\/v2\/media?parent=319"}],"curies":[{"name":"wp","href":"https:\/\/api.w.org\/{rel}","templated":true}]}}