{"id":308,"date":"2018-07-23T10:21:22","date_gmt":"2018-07-23T13:21:22","guid":{"rendered":"http:\/\/institucional.ufrrj.br\/nidflor\/?page_id=308"},"modified":"2025-09-25T15:51:25","modified_gmt":"2025-09-25T18:51:25","slug":"conselho-gestor","status":"publish","type":"page","link":"https:\/\/institucional.ufrrj.br\/nidflor\/conselho-gestor\/","title":{"rendered":"Conselho Gestor"},"content":{"rendered":"<hr \/>\n<p><img loading=\"lazy\" decoding=\"async\" class=\"wp-image-400 aligncenter\" src=\"https:\/\/institucional.ufrrj.br\/nidflor\/files\/2019\/01\/Conselho-gestor.png\" alt=\"\" width=\"415\" height=\"233\" srcset=\"https:\/\/institucional.ufrrj.br\/nidflor\/files\/2019\/01\/Conselho-gestor.png 960w, https:\/\/institucional.ufrrj.br\/nidflor\/files\/2019\/01\/Conselho-gestor-300x168.png 300w, https:\/\/institucional.ufrrj.br\/nidflor\/files\/2019\/01\/Conselho-gestor-768x431.png 768w\" sizes=\"auto, (max-width: 415px) 100vw, 415px\" \/><\/p>\n<p>&nbsp;<\/p>\n<p>O Conselho Gestor do NIDFLOR tem a fun\u00e7\u00e3o reguladora das quest\u00f5es t\u00e9cnicas, administrativas e financeiras. Al\u00e9m dessas fun\u00e7\u00f5es, o conselho tamb\u00e9m funciona como ouvidoria para os usu\u00e1rios do n\u00facleo.<\/p>\n<p>Seguindo a estrutura disposta no artigo quinto do regimento interno do NIDFLOR, o conselho gestor \u00e9 composto por seus membros.<\/p>\n<p><span style=\"color: #800000\"><em>Representantes Titulares:<\/em><\/span><\/p>\n<p>&nbsp;<\/p>\n<p><span style=\"color: #800000\"><em>Representantes Suplentes<\/em><\/span><\/p>\n<p>&nbsp;<\/p>\n<p>&nbsp;<\/p>\n","protected":false},"excerpt":{"rendered":"<p>&nbsp; O Conselho Gestor do NIDFLOR tem a fun\u00e7\u00e3o reguladora das quest\u00f5es t\u00e9cnicas, administrativas e financeiras. Al\u00e9m dessas fun\u00e7\u00f5es, o <a class=\"read-more\" href=\"https:\/\/institucional.ufrrj.br\/nidflor\/conselho-gestor\/ \">&#8230; <i class=\"fa fa-long-arrow-right\"><\/i><\/a><\/p>\n","protected":false},"author":690,"featured_media":0,"parent":0,"menu_order":0,"comment_status":"closed","ping_status":"closed","template":"","meta":{"_acf_changed":false,"footnotes":""},"class_list":["post-308","page","type-page","status-publish","hentry"],"yoast_head":"<!-- This site is optimized with the Yoast SEO plugin v27.2 - https:\/\/yoast.com\/product\/yoast-seo-wordpress\/ -->\n<title>Conselho Gestor - NIDFLOR<\/title>\n<meta name=\"robots\" content=\"index, follow, max-snippet:-1, max-image-preview:large, max-video-preview:-1\" \/>\n<link rel=\"canonical\" href=\"https:\/\/institucional.ufrrj.br\/nidflor\/conselho-gestor\/\" \/>\n<meta property=\"og:locale\" content=\"pt_BR\" \/>\n<meta property=\"og:type\" content=\"article\" \/>\n<meta property=\"og:title\" content=\"Conselho Gestor - NIDFLOR\" \/>\n<meta property=\"og:description\" content=\"&nbsp; O Conselho Gestor do NIDFLOR tem a fun\u00e7\u00e3o reguladora das quest\u00f5es t\u00e9cnicas, administrativas e financeiras. Al\u00e9m dessas fun\u00e7\u00f5es, o ...\" \/>\n<meta property=\"og:url\" content=\"https:\/\/institucional.ufrrj.br\/nidflor\/conselho-gestor\/\" \/>\n<meta property=\"og:site_name\" content=\"NIDFLOR\" \/>\n<meta property=\"article:modified_time\" content=\"2025-09-25T18:51:25+00:00\" \/>\n<meta property=\"og:image\" content=\"http:\/\/institucional.ufrrj.br\/nidflor\/files\/2019\/01\/Conselho-gestor.png\" \/>\n<meta name=\"twitter:card\" content=\"summary_large_image\" \/>\n<script type=\"application\/ld+json\" class=\"yoast-schema-graph\">{\"@context\":\"https:\/\/schema.org\",\"@graph\":[{\"@type\":\"WebPage\",\"@id\":\"https:\/\/institucional.ufrrj.br\/nidflor\/conselho-gestor\/\",\"url\":\"https:\/\/institucional.ufrrj.br\/nidflor\/conselho-gestor\/\",\"name\":\"Conselho Gestor - NIDFLOR\",\"isPartOf\":{\"@id\":\"https:\/\/institucional.ufrrj.br\/nidflor\/#website\"},\"primaryImageOfPage\":{\"@id\":\"https:\/\/institucional.ufrrj.br\/nidflor\/conselho-gestor\/#primaryimage\"},\"image\":{\"@id\":\"https:\/\/institucional.ufrrj.br\/nidflor\/conselho-gestor\/#primaryimage\"},\"thumbnailUrl\":\"http:\/\/institucional.ufrrj.br\/nidflor\/files\/2019\/01\/Conselho-gestor.png\",\"datePublished\":\"2018-07-23T13:21:22+00:00\",\"dateModified\":\"2025-09-25T18:51:25+00:00\",\"breadcrumb\":{\"@id\":\"https:\/\/institucional.ufrrj.br\/nidflor\/conselho-gestor\/#breadcrumb\"},\"inLanguage\":\"pt-BR\",\"potentialAction\":[{\"@type\":\"ReadAction\",\"target\":[\"https:\/\/institucional.ufrrj.br\/nidflor\/conselho-gestor\/\"]}]},{\"@type\":\"ImageObject\",\"inLanguage\":\"pt-BR\",\"@id\":\"https:\/\/institucional.ufrrj.br\/nidflor\/conselho-gestor\/#primaryimage\",\"url\":\"http:\/\/institucional.ufrrj.br\/nidflor\/files\/2019\/01\/Conselho-gestor.png\",\"contentUrl\":\"http:\/\/institucional.ufrrj.br\/nidflor\/files\/2019\/01\/Conselho-gestor.png\"},{\"@type\":\"BreadcrumbList\",\"@id\":\"https:\/\/institucional.ufrrj.br\/nidflor\/conselho-gestor\/#breadcrumb\",\"itemListElement\":[{\"@type\":\"ListItem\",\"position\":1,\"name\":\"In\u00edcio\",\"item\":\"https:\/\/institucional.ufrrj.br\/nidflor\/\"},{\"@type\":\"ListItem\",\"position\":2,\"name\":\"Conselho Gestor\"}]},{\"@type\":\"WebSite\",\"@id\":\"https:\/\/institucional.ufrrj.br\/nidflor\/#website\",\"url\":\"https:\/\/institucional.ufrrj.br\/nidflor\/\",\"name\":\"NIDFLOR\",\"description\":\"N\u00facleo de Informa\u00e7\u00e3o e Documenta\u00e7\u00e3o Florestal - UFRRJ\",\"potentialAction\":[{\"@type\":\"SearchAction\",\"target\":{\"@type\":\"EntryPoint\",\"urlTemplate\":\"https:\/\/institucional.ufrrj.br\/nidflor\/?s={search_term_string}\"},\"query-input\":{\"@type\":\"PropertyValueSpecification\",\"valueRequired\":true,\"valueName\":\"search_term_string\"}}],\"inLanguage\":\"pt-BR\"}]}<\/script>\n<!-- \/ Yoast SEO plugin. -->","yoast_head_json":{"title":"Conselho Gestor - NIDFLOR","robots":{"index":"index","follow":"follow","max-snippet":"max-snippet:-1","max-image-preview":"max-image-preview:large","max-video-preview":"max-video-preview:-1"},"canonical":"https:\/\/institucional.ufrrj.br\/nidflor\/conselho-gestor\/","og_locale":"pt_BR","og_type":"article","og_title":"Conselho Gestor - NIDFLOR","og_description":"&nbsp; O Conselho Gestor do NIDFLOR tem a fun\u00e7\u00e3o reguladora das quest\u00f5es t\u00e9cnicas, administrativas e financeiras. Al\u00e9m dessas fun\u00e7\u00f5es, o ...","og_url":"https:\/\/institucional.ufrrj.br\/nidflor\/conselho-gestor\/","og_site_name":"NIDFLOR","article_modified_time":"2025-09-25T18:51:25+00:00","og_image":[{"url":"http:\/\/institucional.ufrrj.br\/nidflor\/files\/2019\/01\/Conselho-gestor.png","type":"","width":"","height":""}],"twitter_card":"summary_large_image","schema":{"@context":"https:\/\/schema.org","@graph":[{"@type":"WebPage","@id":"https:\/\/institucional.ufrrj.br\/nidflor\/conselho-gestor\/","url":"https:\/\/institucional.ufrrj.br\/nidflor\/conselho-gestor\/","name":"Conselho Gestor - NIDFLOR","isPartOf":{"@id":"https:\/\/institucional.ufrrj.br\/nidflor\/#website"},"primaryImageOfPage":{"@id":"https:\/\/institucional.ufrrj.br\/nidflor\/conselho-gestor\/#primaryimage"},"image":{"@id":"https:\/\/institucional.ufrrj.br\/nidflor\/conselho-gestor\/#primaryimage"},"thumbnailUrl":"http:\/\/institucional.ufrrj.br\/nidflor\/files\/2019\/01\/Conselho-gestor.png","datePublished":"2018-07-23T13:21:22+00:00","dateModified":"2025-09-25T18:51:25+00:00","breadcrumb":{"@id":"https:\/\/institucional.ufrrj.br\/nidflor\/conselho-gestor\/#breadcrumb"},"inLanguage":"pt-BR","potentialAction":[{"@type":"ReadAction","target":["https:\/\/institucional.ufrrj.br\/nidflor\/conselho-gestor\/"]}]},{"@type":"ImageObject","inLanguage":"pt-BR","@id":"https:\/\/institucional.ufrrj.br\/nidflor\/conselho-gestor\/#primaryimage","url":"http:\/\/institucional.ufrrj.br\/nidflor\/files\/2019\/01\/Conselho-gestor.png","contentUrl":"http:\/\/institucional.ufrrj.br\/nidflor\/files\/2019\/01\/Conselho-gestor.png"},{"@type":"BreadcrumbList","@id":"https:\/\/institucional.ufrrj.br\/nidflor\/conselho-gestor\/#breadcrumb","itemListElement":[{"@type":"ListItem","position":1,"name":"In\u00edcio","item":"https:\/\/institucional.ufrrj.br\/nidflor\/"},{"@type":"ListItem","position":2,"name":"Conselho Gestor"}]},{"@type":"WebSite","@id":"https:\/\/institucional.ufrrj.br\/nidflor\/#website","url":"https:\/\/institucional.ufrrj.br\/nidflor\/","name":"NIDFLOR","description":"N\u00facleo de Informa\u00e7\u00e3o e Documenta\u00e7\u00e3o Florestal - UFRRJ","potentialAction":[{"@type":"SearchAction","target":{"@type":"EntryPoint","urlTemplate":"https:\/\/institucional.ufrrj.br\/nidflor\/?s={search_term_string}"},"query-input":{"@type":"PropertyValueSpecification","valueRequired":true,"valueName":"search_term_string"}}],"inLanguage":"pt-BR"}]}},"acf":[],"_links":{"self":[{"href":"https:\/\/institucional.ufrrj.br\/nidflor\/wp-json\/wp\/v2\/pages\/308","targetHints":{"allow":["GET"]}}],"collection":[{"href":"https:\/\/institucional.ufrrj.br\/nidflor\/wp-json\/wp\/v2\/pages"}],"about":[{"href":"https:\/\/institucional.ufrrj.br\/nidflor\/wp-json\/wp\/v2\/types\/page"}],"author":[{"embeddable":true,"href":"https:\/\/institucional.ufrrj.br\/nidflor\/wp-json\/wp\/v2\/users\/690"}],"replies":[{"embeddable":true,"href":"https:\/\/institucional.ufrrj.br\/nidflor\/wp-json\/wp\/v2\/comments?post=308"}],"version-history":[{"count":16,"href":"https:\/\/institucional.ufrrj.br\/nidflor\/wp-json\/wp\/v2\/pages\/308\/revisions"}],"predecessor-version":[{"id":1828,"href":"https:\/\/institucional.ufrrj.br\/nidflor\/wp-json\/wp\/v2\/pages\/308\/revisions\/1828"}],"wp:attachment":[{"href":"https:\/\/institucional.ufrrj.br\/nidflor\/wp-json\/wp\/v2\/media?parent=308"}],"curies":[{"name":"wp","href":"https:\/\/api.w.org\/{rel}","templated":true}]}}