{"id":20,"date":"2017-01-31T14:22:11","date_gmt":"2017-01-31T16:22:11","guid":{"rendered":"http:\/\/institucional.ufrrj.br\/nidflor\/?page_id=20"},"modified":"2019-01-14T10:50:21","modified_gmt":"2019-01-14T12:50:21","slug":"fale-conosco","status":"publish","type":"page","link":"https:\/\/institucional.ufrrj.br\/nidflor\/fale-conosco\/","title":{"rendered":"Fale Conosco"},"content":{"rendered":"<hr \/>\n<h1 style=\"text-align: center\">Fale Conosco<\/h1>\n<p style=\"text-align: center\"><img loading=\"lazy\" decoding=\"async\" class=\"alignnone size-medium wp-image-403\" src=\"https:\/\/institucional.ufrrj.br\/nidflor\/files\/2019\/01\/Secretaria-300x167.png\" alt=\"\" width=\"300\" height=\"167\" srcset=\"https:\/\/institucional.ufrrj.br\/nidflor\/files\/2019\/01\/Secretaria-300x167.png 300w, https:\/\/institucional.ufrrj.br\/nidflor\/files\/2019\/01\/Secretaria-768x427.png 768w, https:\/\/institucional.ufrrj.br\/nidflor\/files\/2019\/01\/Secretaria.png 960w\" sizes=\"auto, (max-width: 300px) 100vw, 300px\" \/><\/p>\n<p style=\"text-align: center\">\n<p style=\"text-align: center\">Formas de contato:<\/p>\n<p style=\"text-align: center\">E-mail: nidflor.if@gmail.com<br \/>\nTelefone: (21) 2681-4986<\/p>\n<p style=\"text-align: center\">O NIDFLOR funciona de segunda-feira a sexta-feira, das 8 horas at\u00e9 as 17 horas.<\/p>\n","protected":false},"excerpt":{"rendered":"<p>Fale Conosco Formas de contato: E-mail: nidflor.if@gmail.com Telefone: (21) 2681-4986 O NIDFLOR funciona de segunda-feira a sexta-feira, das 8 horas <a class=\"read-more\" href=\"https:\/\/institucional.ufrrj.br\/nidflor\/fale-conosco\/ \">&#8230; <i class=\"fa fa-long-arrow-right\"><\/i><\/a><\/p>\n","protected":false},"author":634,"featured_media":0,"parent":0,"menu_order":0,"comment_status":"closed","ping_status":"closed","template":"","meta":{"_acf_changed":false,"footnotes":""},"class_list":["post-20","page","type-page","status-publish","hentry"],"yoast_head":"<!-- This site is optimized with the Yoast SEO plugin v27.2 - https:\/\/yoast.com\/product\/yoast-seo-wordpress\/ -->\n<title>Fale Conosco - NIDFLOR<\/title>\n<meta name=\"robots\" content=\"index, follow, max-snippet:-1, max-image-preview:large, max-video-preview:-1\" \/>\n<link rel=\"canonical\" href=\"https:\/\/institucional.ufrrj.br\/nidflor\/fale-conosco\/\" \/>\n<meta property=\"og:locale\" content=\"pt_BR\" \/>\n<meta property=\"og:type\" content=\"article\" \/>\n<meta property=\"og:title\" content=\"Fale Conosco - NIDFLOR\" \/>\n<meta property=\"og:description\" content=\"Fale Conosco Formas de contato: E-mail: nidflor.if@gmail.com Telefone: (21) 2681-4986 O NIDFLOR funciona de segunda-feira a sexta-feira, das 8 horas ...\" \/>\n<meta property=\"og:url\" content=\"https:\/\/institucional.ufrrj.br\/nidflor\/fale-conosco\/\" \/>\n<meta property=\"og:site_name\" content=\"NIDFLOR\" \/>\n<meta property=\"article:modified_time\" content=\"2019-01-14T12:50:21+00:00\" \/>\n<meta property=\"og:image\" content=\"http:\/\/institucional.ufrrj.br\/nidflor\/files\/2019\/01\/Secretaria-300x167.png\" \/>\n<meta name=\"twitter:card\" content=\"summary_large_image\" \/>\n<script type=\"application\/ld+json\" class=\"yoast-schema-graph\">{\"@context\":\"https:\/\/schema.org\",\"@graph\":[{\"@type\":\"WebPage\",\"@id\":\"https:\/\/institucional.ufrrj.br\/nidflor\/fale-conosco\/\",\"url\":\"https:\/\/institucional.ufrrj.br\/nidflor\/fale-conosco\/\",\"name\":\"Fale Conosco - NIDFLOR\",\"isPartOf\":{\"@id\":\"https:\/\/institucional.ufrrj.br\/nidflor\/#website\"},\"primaryImageOfPage\":{\"@id\":\"https:\/\/institucional.ufrrj.br\/nidflor\/fale-conosco\/#primaryimage\"},\"image\":{\"@id\":\"https:\/\/institucional.ufrrj.br\/nidflor\/fale-conosco\/#primaryimage\"},\"thumbnailUrl\":\"http:\/\/institucional.ufrrj.br\/nidflor\/files\/2019\/01\/Secretaria-300x167.png\",\"datePublished\":\"2017-01-31T16:22:11+00:00\",\"dateModified\":\"2019-01-14T12:50:21+00:00\",\"breadcrumb\":{\"@id\":\"https:\/\/institucional.ufrrj.br\/nidflor\/fale-conosco\/#breadcrumb\"},\"inLanguage\":\"pt-BR\",\"potentialAction\":[{\"@type\":\"ReadAction\",\"target\":[\"https:\/\/institucional.ufrrj.br\/nidflor\/fale-conosco\/\"]}]},{\"@type\":\"ImageObject\",\"inLanguage\":\"pt-BR\",\"@id\":\"https:\/\/institucional.ufrrj.br\/nidflor\/fale-conosco\/#primaryimage\",\"url\":\"http:\/\/institucional.ufrrj.br\/nidflor\/files\/2019\/01\/Secretaria-300x167.png\",\"contentUrl\":\"http:\/\/institucional.ufrrj.br\/nidflor\/files\/2019\/01\/Secretaria-300x167.png\"},{\"@type\":\"BreadcrumbList\",\"@id\":\"https:\/\/institucional.ufrrj.br\/nidflor\/fale-conosco\/#breadcrumb\",\"itemListElement\":[{\"@type\":\"ListItem\",\"position\":1,\"name\":\"In\u00edcio\",\"item\":\"https:\/\/institucional.ufrrj.br\/nidflor\/\"},{\"@type\":\"ListItem\",\"position\":2,\"name\":\"Fale Conosco\"}]},{\"@type\":\"WebSite\",\"@id\":\"https:\/\/institucional.ufrrj.br\/nidflor\/#website\",\"url\":\"https:\/\/institucional.ufrrj.br\/nidflor\/\",\"name\":\"NIDFLOR\",\"description\":\"N\u00facleo de Informa\u00e7\u00e3o e Documenta\u00e7\u00e3o Florestal - UFRRJ\",\"potentialAction\":[{\"@type\":\"SearchAction\",\"target\":{\"@type\":\"EntryPoint\",\"urlTemplate\":\"https:\/\/institucional.ufrrj.br\/nidflor\/?s={search_term_string}\"},\"query-input\":{\"@type\":\"PropertyValueSpecification\",\"valueRequired\":true,\"valueName\":\"search_term_string\"}}],\"inLanguage\":\"pt-BR\"}]}<\/script>\n<!-- \/ Yoast SEO plugin. -->","yoast_head_json":{"title":"Fale Conosco - NIDFLOR","robots":{"index":"index","follow":"follow","max-snippet":"max-snippet:-1","max-image-preview":"max-image-preview:large","max-video-preview":"max-video-preview:-1"},"canonical":"https:\/\/institucional.ufrrj.br\/nidflor\/fale-conosco\/","og_locale":"pt_BR","og_type":"article","og_title":"Fale Conosco - NIDFLOR","og_description":"Fale Conosco Formas de contato: E-mail: nidflor.if@gmail.com Telefone: (21) 2681-4986 O NIDFLOR funciona de segunda-feira a sexta-feira, das 8 horas ...","og_url":"https:\/\/institucional.ufrrj.br\/nidflor\/fale-conosco\/","og_site_name":"NIDFLOR","article_modified_time":"2019-01-14T12:50:21+00:00","og_image":[{"url":"http:\/\/institucional.ufrrj.br\/nidflor\/files\/2019\/01\/Secretaria-300x167.png","type":"","width":"","height":""}],"twitter_card":"summary_large_image","schema":{"@context":"https:\/\/schema.org","@graph":[{"@type":"WebPage","@id":"https:\/\/institucional.ufrrj.br\/nidflor\/fale-conosco\/","url":"https:\/\/institucional.ufrrj.br\/nidflor\/fale-conosco\/","name":"Fale Conosco - NIDFLOR","isPartOf":{"@id":"https:\/\/institucional.ufrrj.br\/nidflor\/#website"},"primaryImageOfPage":{"@id":"https:\/\/institucional.ufrrj.br\/nidflor\/fale-conosco\/#primaryimage"},"image":{"@id":"https:\/\/institucional.ufrrj.br\/nidflor\/fale-conosco\/#primaryimage"},"thumbnailUrl":"http:\/\/institucional.ufrrj.br\/nidflor\/files\/2019\/01\/Secretaria-300x167.png","datePublished":"2017-01-31T16:22:11+00:00","dateModified":"2019-01-14T12:50:21+00:00","breadcrumb":{"@id":"https:\/\/institucional.ufrrj.br\/nidflor\/fale-conosco\/#breadcrumb"},"inLanguage":"pt-BR","potentialAction":[{"@type":"ReadAction","target":["https:\/\/institucional.ufrrj.br\/nidflor\/fale-conosco\/"]}]},{"@type":"ImageObject","inLanguage":"pt-BR","@id":"https:\/\/institucional.ufrrj.br\/nidflor\/fale-conosco\/#primaryimage","url":"http:\/\/institucional.ufrrj.br\/nidflor\/files\/2019\/01\/Secretaria-300x167.png","contentUrl":"http:\/\/institucional.ufrrj.br\/nidflor\/files\/2019\/01\/Secretaria-300x167.png"},{"@type":"BreadcrumbList","@id":"https:\/\/institucional.ufrrj.br\/nidflor\/fale-conosco\/#breadcrumb","itemListElement":[{"@type":"ListItem","position":1,"name":"In\u00edcio","item":"https:\/\/institucional.ufrrj.br\/nidflor\/"},{"@type":"ListItem","position":2,"name":"Fale Conosco"}]},{"@type":"WebSite","@id":"https:\/\/institucional.ufrrj.br\/nidflor\/#website","url":"https:\/\/institucional.ufrrj.br\/nidflor\/","name":"NIDFLOR","description":"N\u00facleo de Informa\u00e7\u00e3o e Documenta\u00e7\u00e3o Florestal - UFRRJ","potentialAction":[{"@type":"SearchAction","target":{"@type":"EntryPoint","urlTemplate":"https:\/\/institucional.ufrrj.br\/nidflor\/?s={search_term_string}"},"query-input":{"@type":"PropertyValueSpecification","valueRequired":true,"valueName":"search_term_string"}}],"inLanguage":"pt-BR"}]}},"acf":[],"_links":{"self":[{"href":"https:\/\/institucional.ufrrj.br\/nidflor\/wp-json\/wp\/v2\/pages\/20","targetHints":{"allow":["GET"]}}],"collection":[{"href":"https:\/\/institucional.ufrrj.br\/nidflor\/wp-json\/wp\/v2\/pages"}],"about":[{"href":"https:\/\/institucional.ufrrj.br\/nidflor\/wp-json\/wp\/v2\/types\/page"}],"author":[{"embeddable":true,"href":"https:\/\/institucional.ufrrj.br\/nidflor\/wp-json\/wp\/v2\/users\/634"}],"replies":[{"embeddable":true,"href":"https:\/\/institucional.ufrrj.br\/nidflor\/wp-json\/wp\/v2\/comments?post=20"}],"version-history":[{"count":15,"href":"https:\/\/institucional.ufrrj.br\/nidflor\/wp-json\/wp\/v2\/pages\/20\/revisions"}],"predecessor-version":[{"id":404,"href":"https:\/\/institucional.ufrrj.br\/nidflor\/wp-json\/wp\/v2\/pages\/20\/revisions\/404"}],"wp:attachment":[{"href":"https:\/\/institucional.ufrrj.br\/nidflor\/wp-json\/wp\/v2\/media?parent=20"}],"curies":[{"name":"wp","href":"https:\/\/api.w.org\/{rel}","templated":true}]}}