{"id":1905,"date":"2026-04-01T11:38:49","date_gmt":"2026-04-01T14:38:49","guid":{"rendered":"https:\/\/institucional.ufrrj.br\/nidflor\/?page_id=1905"},"modified":"2026-04-17T14:28:32","modified_gmt":"2026-04-17T17:28:32","slug":"edital-publico-de-selecao-de-um-bolsista-na-modalidade-dti-b-do-cnpq-departamento-de-silvicultura","status":"publish","type":"page","link":"https:\/\/institucional.ufrrj.br\/nidflor\/edital-publico-de-selecao-de-um-bolsista-na-modalidade-dti-b-do-cnpq-departamento-de-silvicultura\/","title":{"rendered":"Edital p\u00fablico de sele\u00e7\u00e3o de um bolsista, na modalidade DTI-B do CNPq (Departamento de Silvicultura)"},"content":{"rendered":"<p>&nbsp;<\/p>\n<hr \/>\n<p><span style=\"color: #0000ff\"><a style=\"color: #0000ff\" href=\"https:\/\/institutos.ufrrj.br\/if\/wp-content\/uploads\/sites\/5\/2026\/03\/edital_selecao_bolsista_assinado.pdf\" target=\"_blank\" rel=\"noopener\">Edital<\/a> <\/span>(publicado em 27 de fevereiro de 2026)<\/p>\n<hr \/>\n<p><a href=\"https:\/\/institucional.ufrrj.br\/nidflor\/files\/2026\/04\/Inscricoes_assinado.pdf\" target=\"_blank\" rel=\"noopener\"><span style=\"color: #0000ff\">Resultado das inscri\u00e7\u00f5es<\/span><\/a> (publicado em 31 de mar\u00e7o de 2026)<\/p>\n<hr \/>\n<p><a href=\"https:\/\/institucional.ufrrj.br\/nidflor\/files\/2026\/04\/Edital-de-retifcacao.pdf\" target=\"_blank\" rel=\"noopener\"><span style=\"color: #0000ff\">Retifica\u00e7\u00e3o de edital<\/span><\/a> (publicado em 7 de abril de 2026)<\/p>\n<hr \/>\n<p><a href=\"https:\/\/institucional.ufrrj.br\/nidflor\/files\/2026\/04\/Resultado_Final_assinado.pdf\" target=\"_blank\" rel=\"noopener\"><span style=\"color: #0000ff\">Resultado final<\/span><\/a> (publicado em 17 de abril de 2026)<\/p>\n<hr \/>\n<p>&nbsp;<\/p>\n","protected":false},"excerpt":{"rendered":"<p>&nbsp; Edital (publicado em 27 de fevereiro de 2026) Resultado das inscri\u00e7\u00f5es (publicado em 31 de mar\u00e7o de 2026) Retifica\u00e7\u00e3o <a class=\"read-more\" href=\"https:\/\/institucional.ufrrj.br\/nidflor\/edital-publico-de-selecao-de-um-bolsista-na-modalidade-dti-b-do-cnpq-departamento-de-silvicultura\/ \">&#8230; <i class=\"fa fa-long-arrow-right\"><\/i><\/a><\/p>\n","protected":false},"author":817,"featured_media":0,"parent":0,"menu_order":0,"comment_status":"closed","ping_status":"closed","template":"","meta":{"_acf_changed":false,"footnotes":""},"class_list":["post-1905","page","type-page","status-publish","hentry"],"yoast_head":"<!-- This site is optimized with the Yoast SEO plugin v27.2 - https:\/\/yoast.com\/product\/yoast-seo-wordpress\/ -->\n<title>Edital p\u00fablico de sele\u00e7\u00e3o de um bolsista, na modalidade DTI-B do CNPq (Departamento de Silvicultura) - NIDFLOR<\/title>\n<meta name=\"robots\" content=\"index, follow, max-snippet:-1, max-image-preview:large, max-video-preview:-1\" \/>\n<link rel=\"canonical\" href=\"https:\/\/institucional.ufrrj.br\/nidflor\/edital-publico-de-selecao-de-um-bolsista-na-modalidade-dti-b-do-cnpq-departamento-de-silvicultura\/\" \/>\n<meta property=\"og:locale\" content=\"pt_BR\" \/>\n<meta property=\"og:type\" content=\"article\" \/>\n<meta property=\"og:title\" content=\"Edital p\u00fablico de sele\u00e7\u00e3o de um bolsista, na modalidade DTI-B do CNPq (Departamento de Silvicultura) - NIDFLOR\" \/>\n<meta property=\"og:description\" content=\"&nbsp; Edital (publicado em 27 de fevereiro de 2026) Resultado das inscri\u00e7\u00f5es (publicado em 31 de mar\u00e7o de 2026) Retifica\u00e7\u00e3o ...\" \/>\n<meta property=\"og:url\" content=\"https:\/\/institucional.ufrrj.br\/nidflor\/edital-publico-de-selecao-de-um-bolsista-na-modalidade-dti-b-do-cnpq-departamento-de-silvicultura\/\" \/>\n<meta property=\"og:site_name\" content=\"NIDFLOR\" \/>\n<meta property=\"article:modified_time\" content=\"2026-04-17T17:28:32+00:00\" \/>\n<meta name=\"twitter:card\" content=\"summary_large_image\" \/>\n<meta name=\"twitter:label1\" content=\"Est. tempo de leitura\" \/>\n\t<meta name=\"twitter:data1\" content=\"1 minuto\" \/>\n<script type=\"application\/ld+json\" class=\"yoast-schema-graph\">{\"@context\":\"https:\/\/schema.org\",\"@graph\":[{\"@type\":\"WebPage\",\"@id\":\"https:\/\/institucional.ufrrj.br\/nidflor\/edital-publico-de-selecao-de-um-bolsista-na-modalidade-dti-b-do-cnpq-departamento-de-silvicultura\/\",\"url\":\"https:\/\/institucional.ufrrj.br\/nidflor\/edital-publico-de-selecao-de-um-bolsista-na-modalidade-dti-b-do-cnpq-departamento-de-silvicultura\/\",\"name\":\"Edital p\u00fablico de sele\u00e7\u00e3o de um bolsista, na modalidade DTI-B do CNPq (Departamento de Silvicultura) - NIDFLOR\",\"isPartOf\":{\"@id\":\"https:\/\/institucional.ufrrj.br\/nidflor\/#website\"},\"datePublished\":\"2026-04-01T14:38:49+00:00\",\"dateModified\":\"2026-04-17T17:28:32+00:00\",\"breadcrumb\":{\"@id\":\"https:\/\/institucional.ufrrj.br\/nidflor\/edital-publico-de-selecao-de-um-bolsista-na-modalidade-dti-b-do-cnpq-departamento-de-silvicultura\/#breadcrumb\"},\"inLanguage\":\"pt-BR\",\"potentialAction\":[{\"@type\":\"ReadAction\",\"target\":[\"https:\/\/institucional.ufrrj.br\/nidflor\/edital-publico-de-selecao-de-um-bolsista-na-modalidade-dti-b-do-cnpq-departamento-de-silvicultura\/\"]}]},{\"@type\":\"BreadcrumbList\",\"@id\":\"https:\/\/institucional.ufrrj.br\/nidflor\/edital-publico-de-selecao-de-um-bolsista-na-modalidade-dti-b-do-cnpq-departamento-de-silvicultura\/#breadcrumb\",\"itemListElement\":[{\"@type\":\"ListItem\",\"position\":1,\"name\":\"In\u00edcio\",\"item\":\"https:\/\/institucional.ufrrj.br\/nidflor\/\"},{\"@type\":\"ListItem\",\"position\":2,\"name\":\"Edital p\u00fablico de sele\u00e7\u00e3o de um bolsista, na modalidade DTI-B do CNPq (Departamento de Silvicultura)\"}]},{\"@type\":\"WebSite\",\"@id\":\"https:\/\/institucional.ufrrj.br\/nidflor\/#website\",\"url\":\"https:\/\/institucional.ufrrj.br\/nidflor\/\",\"name\":\"NIDFLOR\",\"description\":\"N\u00facleo de Informa\u00e7\u00e3o e Documenta\u00e7\u00e3o Florestal - UFRRJ\",\"potentialAction\":[{\"@type\":\"SearchAction\",\"target\":{\"@type\":\"EntryPoint\",\"urlTemplate\":\"https:\/\/institucional.ufrrj.br\/nidflor\/?s={search_term_string}\"},\"query-input\":{\"@type\":\"PropertyValueSpecification\",\"valueRequired\":true,\"valueName\":\"search_term_string\"}}],\"inLanguage\":\"pt-BR\"}]}<\/script>\n<!-- \/ Yoast SEO plugin. -->","yoast_head_json":{"title":"Edital p\u00fablico de sele\u00e7\u00e3o de um bolsista, na modalidade DTI-B do CNPq (Departamento de Silvicultura) - NIDFLOR","robots":{"index":"index","follow":"follow","max-snippet":"max-snippet:-1","max-image-preview":"max-image-preview:large","max-video-preview":"max-video-preview:-1"},"canonical":"https:\/\/institucional.ufrrj.br\/nidflor\/edital-publico-de-selecao-de-um-bolsista-na-modalidade-dti-b-do-cnpq-departamento-de-silvicultura\/","og_locale":"pt_BR","og_type":"article","og_title":"Edital p\u00fablico de sele\u00e7\u00e3o de um bolsista, na modalidade DTI-B do CNPq (Departamento de Silvicultura) - NIDFLOR","og_description":"&nbsp; Edital (publicado em 27 de fevereiro de 2026) Resultado das inscri\u00e7\u00f5es (publicado em 31 de mar\u00e7o de 2026) Retifica\u00e7\u00e3o ...","og_url":"https:\/\/institucional.ufrrj.br\/nidflor\/edital-publico-de-selecao-de-um-bolsista-na-modalidade-dti-b-do-cnpq-departamento-de-silvicultura\/","og_site_name":"NIDFLOR","article_modified_time":"2026-04-17T17:28:32+00:00","twitter_card":"summary_large_image","twitter_misc":{"Est. tempo de leitura":"1 minuto"},"schema":{"@context":"https:\/\/schema.org","@graph":[{"@type":"WebPage","@id":"https:\/\/institucional.ufrrj.br\/nidflor\/edital-publico-de-selecao-de-um-bolsista-na-modalidade-dti-b-do-cnpq-departamento-de-silvicultura\/","url":"https:\/\/institucional.ufrrj.br\/nidflor\/edital-publico-de-selecao-de-um-bolsista-na-modalidade-dti-b-do-cnpq-departamento-de-silvicultura\/","name":"Edital p\u00fablico de sele\u00e7\u00e3o de um bolsista, na modalidade DTI-B do CNPq (Departamento de Silvicultura) - NIDFLOR","isPartOf":{"@id":"https:\/\/institucional.ufrrj.br\/nidflor\/#website"},"datePublished":"2026-04-01T14:38:49+00:00","dateModified":"2026-04-17T17:28:32+00:00","breadcrumb":{"@id":"https:\/\/institucional.ufrrj.br\/nidflor\/edital-publico-de-selecao-de-um-bolsista-na-modalidade-dti-b-do-cnpq-departamento-de-silvicultura\/#breadcrumb"},"inLanguage":"pt-BR","potentialAction":[{"@type":"ReadAction","target":["https:\/\/institucional.ufrrj.br\/nidflor\/edital-publico-de-selecao-de-um-bolsista-na-modalidade-dti-b-do-cnpq-departamento-de-silvicultura\/"]}]},{"@type":"BreadcrumbList","@id":"https:\/\/institucional.ufrrj.br\/nidflor\/edital-publico-de-selecao-de-um-bolsista-na-modalidade-dti-b-do-cnpq-departamento-de-silvicultura\/#breadcrumb","itemListElement":[{"@type":"ListItem","position":1,"name":"In\u00edcio","item":"https:\/\/institucional.ufrrj.br\/nidflor\/"},{"@type":"ListItem","position":2,"name":"Edital p\u00fablico de sele\u00e7\u00e3o de um bolsista, na modalidade DTI-B do CNPq (Departamento de Silvicultura)"}]},{"@type":"WebSite","@id":"https:\/\/institucional.ufrrj.br\/nidflor\/#website","url":"https:\/\/institucional.ufrrj.br\/nidflor\/","name":"NIDFLOR","description":"N\u00facleo de Informa\u00e7\u00e3o e Documenta\u00e7\u00e3o Florestal - UFRRJ","potentialAction":[{"@type":"SearchAction","target":{"@type":"EntryPoint","urlTemplate":"https:\/\/institucional.ufrrj.br\/nidflor\/?s={search_term_string}"},"query-input":{"@type":"PropertyValueSpecification","valueRequired":true,"valueName":"search_term_string"}}],"inLanguage":"pt-BR"}]}},"acf":[],"_links":{"self":[{"href":"https:\/\/institucional.ufrrj.br\/nidflor\/wp-json\/wp\/v2\/pages\/1905","targetHints":{"allow":["GET"]}}],"collection":[{"href":"https:\/\/institucional.ufrrj.br\/nidflor\/wp-json\/wp\/v2\/pages"}],"about":[{"href":"https:\/\/institucional.ufrrj.br\/nidflor\/wp-json\/wp\/v2\/types\/page"}],"author":[{"embeddable":true,"href":"https:\/\/institucional.ufrrj.br\/nidflor\/wp-json\/wp\/v2\/users\/817"}],"replies":[{"embeddable":true,"href":"https:\/\/institucional.ufrrj.br\/nidflor\/wp-json\/wp\/v2\/comments?post=1905"}],"version-history":[{"count":3,"href":"https:\/\/institucional.ufrrj.br\/nidflor\/wp-json\/wp\/v2\/pages\/1905\/revisions"}],"predecessor-version":[{"id":2032,"href":"https:\/\/institucional.ufrrj.br\/nidflor\/wp-json\/wp\/v2\/pages\/1905\/revisions\/2032"}],"wp:attachment":[{"href":"https:\/\/institucional.ufrrj.br\/nidflor\/wp-json\/wp\/v2\/media?parent=1905"}],"curies":[{"name":"wp","href":"https:\/\/api.w.org\/{rel}","templated":true}]}}