{"id":1868,"date":"2026-01-05T09:08:06","date_gmt":"2026-01-05T12:08:06","guid":{"rendered":"https:\/\/institucional.ufrrj.br\/nidflor\/?page_id=1868"},"modified":"2026-05-08T16:57:13","modified_gmt":"2026-05-08T19:57:13","slug":"portarias-de-2026","status":"publish","type":"page","link":"https:\/\/institucional.ufrrj.br\/nidflor\/portarias-de-2026\/","title":{"rendered":"Portarias de 2026"},"content":{"rendered":"<p>&nbsp;<\/p>\n<hr \/>\n<p><strong>Portaria N\u00ba 2762 \/ 2026 \u2013 IF<\/strong><\/p>\n<p>Para acessar o documento,\u00a0<a href=\"https:\/\/sipac.ufrrj.br\/public\/jsp\/documentos\/documento_visualizacao.jsf?idDoc=2099569\"><strong>c<\/strong><strong>l<\/strong><strong>i<\/strong><strong>qu<\/strong><strong>e <\/strong><strong>aqui.<\/strong><\/a><\/p>\n<p><strong>Data do documento:<\/strong> 8 de maio de 2026.<\/p>\n<p><strong>Assunto do documento: <\/strong>Portaria de constitui\u00e7\u00e3o da Comiss\u00e3o Especial de Avalia\u00e7\u00e3o, encarregada de analisar a documenta\u00e7\u00e3o referente \u00e0 Promo\u00e7\u00e3o Funcional da Prof.\u00aa Alexandra Pires Fernandez, da classe de Professor Associado C4 para a Classe Titular D.<\/p>\n<hr \/>\n<p><strong>Portaria N\u00ba 2027 \/ 2026 \u2013 IF<\/strong><\/p>\n<p>Para acessar o documento,\u00a0<a href=\"https:\/\/sipac.ufrrj.br\/public\/jsp\/documentos\/documento_visualizacao.jsf?idDoc=2081558\"><strong>c<\/strong><strong>l<\/strong><strong>i<\/strong><strong>qu<\/strong><strong>e <\/strong><strong>aqui.<\/strong><\/a><\/p>\n<p><strong>Data do documento:<\/strong> 6 de abril de 2026.<\/p>\n<p><strong>Assunto do documento: <\/strong>Portaria de altera\u00e7\u00e3o do Grupo de Trabalho para acompanhamento de egressos do PPGPDS.<\/p>\n<hr \/>\n<p><strong>Portaria N\u00ba 2026 \/ 2026 \u2013 IF<\/strong><\/p>\n<p>Para acessar o documento,\u00a0<a href=\"https:\/\/sipac.ufrrj.br\/public\/jsp\/documentos\/documento_visualizacao.jsf?idDoc=2081554\"><strong>c<\/strong><strong>l<\/strong><strong>i<\/strong><strong>qu<\/strong><strong>e <\/strong><strong>aqui.<\/strong><\/a><\/p>\n<p><strong>Data do documento:<\/strong> 6 de abril de 2026.<\/p>\n<p><strong>Assunto do documento: <\/strong>Portaria de altera\u00e7\u00e3o do Grupo de Trabalho para autoavalia\u00e7\u00e3o e planejamento estrat\u00e9gico do PPGPDS.<\/p>\n<hr \/>\n<p><strong>Portaria N\u00ba 1828 \/ 2026 \u2013 IF<\/strong><\/p>\n<p>Para acessar o documento,\u00a0<a href=\"https:\/\/sipac.ufrrj.br\/public\/jsp\/documentos\/documento_visualizacao.jsf?idDoc=2076320\"><strong>c<\/strong><strong>l<\/strong><strong>i<\/strong><strong>qu<\/strong><strong>e <\/strong><strong>aqui.<\/strong><\/a><\/p>\n<p><strong>Data do documento:<\/strong> 25 de mar\u00e7o de 2026.<\/p>\n<p><strong>Assunto do documento: <\/strong>Portaria de constitui\u00e7\u00e3o da Banca de Avalia\u00e7\u00e3o do Processo Seletivo de Monitores Remunerados e Volunt\u00e1rios das Disciplinas: IF203 \u2013 Invent\u00e1rio Florestal; IF252 \u2013 Economia Florestal; IF254 \u2013 Manejo Florestal do DS.<\/p>\n<hr \/>\n<p><strong>Portaria N\u00ba 1827 \/ 2026 \u2013 IF<\/strong><\/p>\n<p>Para acessar o documento,\u00a0<a href=\"https:\/\/sipac.ufrrj.br\/public\/jsp\/documentos\/documento_visualizacao.jsf?idDoc=2076302\"><strong>c<\/strong><strong>l<\/strong><strong>i<\/strong><strong>qu<\/strong><strong>e <\/strong><strong>aqui.<\/strong><\/a><\/p>\n<p><strong>Data do documento:<\/strong> 25 de mar\u00e7o de 2026.<\/p>\n<p><strong>Assunto do documento: <\/strong>Portaria de constitui\u00e7\u00e3o da Banca de Avalia\u00e7\u00e3o do Processo Seletivo de Monitores Remunerados e Volunt\u00e1rios das Disciplinas IF263 \u2013 Experimenta\u00e7\u00e3o Florestal e IF250 \u2013 Dendrometria do DS.<\/p>\n<hr \/>\n<p><strong>Portaria N\u00ba 1614 \/ 2026 \u2013 IF<\/strong><\/p>\n<p>Para acessar o documento,\u00a0<a href=\"https:\/\/sipac.ufrrj.br\/public\/jsp\/documentos\/documento_visualizacao.jsf?idDoc=2070997\"><strong>c<\/strong><strong>l<\/strong><strong>i<\/strong><strong>qu<\/strong><strong>e <\/strong><strong>aqui.<\/strong><\/a><\/p>\n<p><strong>Data do documento:<\/strong> 17 de mar\u00e7o de 2026.<\/p>\n<p><strong>Assunto do documento: <\/strong>Portaria de homologa\u00e7\u00e3o da cria\u00e7\u00e3o do Laborat\u00f3rio Multiusu\u00e1rios de Biorrefinaria Lignocelul\u00f3sica (LBL) do DPF.<\/p>\n<hr \/>\n<p><strong>Portaria N\u00ba 1455 \/ 2026 \u2013 IF<\/strong><\/p>\n<p>Para acessar o documento,\u00a0<a href=\"https:\/\/sipac.ufrrj.br\/public\/jsp\/documentos\/documento_visualizacao.jsf?idDoc=2067411\"><strong>c<\/strong><strong>l<\/strong><strong>i<\/strong><strong>qu<\/strong><strong>e <\/strong><strong>aqui.<\/strong><\/a><\/p>\n<p><strong>Data do documento:<\/strong> 11 de mar\u00e7o de 2026.<\/p>\n<p><strong>Assunto do documento: <\/strong>Portaria de designa\u00e7\u00e3o da Representa\u00e7\u00e3o Discente nas reuni\u00f5es do CONSUNI-IF, para um mandato de um ano (2025 a 2026).<\/p>\n<hr \/>\n<p><strong>Portaria N\u00ba 1437 \/ 2026 \u2013 IF<\/strong><\/p>\n<p>Para acessar o documento,\u00a0<a href=\"https:\/\/sipac.ufrrj.br\/public\/jsp\/documentos\/documento_visualizacao.jsf?idDoc=2066727\"><strong>c<\/strong><strong>l<\/strong><strong>i<\/strong><strong>qu<\/strong><strong>e <\/strong><strong>aqui.<\/strong><\/a><\/p>\n<p><strong>Data do documento:<\/strong> 10 de mar\u00e7o de 2026.<\/p>\n<p><strong>Assunto do documento: <\/strong>Portaria de constitui\u00e7\u00e3o da Comiss\u00e3o de Atualiza\u00e7\u00e3o do Regimento da Resid\u00eancia em Engenharia Florestal.<\/p>\n<hr \/>\n<p><strong>Portaria N\u00ba 1402 \/ 2026 \u2013 IF<\/strong><\/p>\n<p>Para acessar o documento,\u00a0<a href=\"https:\/\/sipac.ufrrj.br\/public\/jsp\/documentos\/documento_visualizacao.jsf?idDoc=2065951\"><strong>c<\/strong><strong>l<\/strong><strong>i<\/strong><strong>qu<\/strong><strong>e <\/strong><strong>aqui.<\/strong><\/a><\/p>\n<p><strong>Data do documento:<\/strong> 9 de mar\u00e7o de 2026.<\/p>\n<p><strong>Assunto do documento: <\/strong>Portaria de constitui\u00e7\u00e3o da Coordena\u00e7\u00e3o Provis\u00f3ria do Laborat\u00f3rio de Qu\u00edmica da Madeira do DPF\/IF.<\/p>\n<hr \/>\n<p><strong>Portaria N\u00ba 1401 \/ 2026 \u2013 IF<\/strong><\/p>\n<p>Para acessar o documento,\u00a0<a href=\"https:\/\/sipac.ufrrj.br\/public\/jsp\/documentos\/documento_visualizacao.jsf?idDoc=2065947\"><strong>c<\/strong><strong>l<\/strong><strong>i<\/strong><strong>qu<\/strong><strong>e <\/strong><strong>aqui.<\/strong><\/a><\/p>\n<p><strong>Data do documento:<\/strong> 9 de mar\u00e7o de 2026.<\/p>\n<p><strong>Assunto do documento: <\/strong>Portaria de homologa\u00e7\u00e3o da cria\u00e7\u00e3o do Laborat\u00f3rio de Qu\u00edmica da Madeira do Departamento de Produtos Florestais \u2013 DPF\/IF, conforme Portaria n\u00ba 7408\/2025 &#8211; IF, do dia 14\/10\/2025.<\/p>\n<hr \/>\n<p><strong>Portaria N\u00ba 905 \/ 2026 \u2013 IF<\/strong><\/p>\n<p>Para acessar o documento,\u00a0<a href=\"https:\/\/sipac.ufrrj.br\/public\/jsp\/documentos\/documento_visualizacao.jsf?idDoc=2052244\"><strong>c<\/strong><strong>l<\/strong><strong>i<\/strong><strong>qu<\/strong><strong>e <\/strong><strong>aqui.<\/strong><\/a><\/p>\n<p><strong>Data do documento:<\/strong> 12 de fevereiro de 2026.<\/p>\n<p><strong>Assunto do documento: <\/strong>Portaria de designa\u00e7\u00e3o da Coordena\u00e7\u00e3o provis\u00f3ria do Laborat\u00f3rio Multiusu\u00e1rios de Biorrefinaria Lignocelul\u00f3sica &#8211; LBL do DPF.<\/p>\n<hr \/>\n<p><strong>Portaria N\u00ba 900 \/ 2026 \u2013 IF<\/strong><\/p>\n<p>Para acessar o documento,\u00a0<a href=\"https:\/\/sipac.ufrrj.br\/public\/jsp\/documentos\/documento_visualizacao.jsf?idDoc=2052233\"><strong>c<\/strong><strong>l<\/strong><strong>i<\/strong><strong>qu<\/strong><strong>e <\/strong><strong>aqui.<\/strong><\/a><\/p>\n<p><strong>Data do documento:<\/strong> 12 de fevereiro de 2026.<\/p>\n<p><strong>Assunto do documento: <\/strong>Portaria de designa\u00e7\u00e3o da composi\u00e7\u00e3o do Comit\u00ea Gestor Provis\u00f3rio do Laborat\u00f3rio Multiusu\u00e1rios de Biorrefinaria Lignocelul\u00f3sica do DPF.<\/p>\n<hr \/>\n<p><strong>Portaria N\u00ba 896 \/ 2026 \u2013 IF<\/strong><\/p>\n<p>Para acessar o documento,\u00a0<a href=\"https:\/\/sipac.ufrrj.br\/public\/jsp\/documentos\/documento_visualizacao.jsf?idDoc=2052192\"><strong>c<\/strong><strong>l<\/strong><strong>i<\/strong><strong>qu<\/strong><strong>e <\/strong><strong>aqui.<\/strong><\/a><\/p>\n<p><strong>Data do documento:<\/strong> 12 de fevereiro de 2026.<\/p>\n<p><strong>Assunto do documento: <\/strong>Portaria de aprova\u00e7\u00e3o do Regimento do Laborat\u00f3rio Multiusu\u00e1rios de Biorrefinaria Lignocelul\u00f3sica do DPF.<\/p>\n<hr \/>\n<p><strong>Portaria N\u00ba 869 \/ 2026 \u2013 IF<\/strong><\/p>\n<p>Para acessar o documento,\u00a0<a href=\"https:\/\/sipac.ufrrj.br\/public\/jsp\/documentos\/documento_visualizacao.jsf?idDoc=2051289\"><strong>c<\/strong><strong>l<\/strong><strong>i<\/strong><strong>qu<\/strong><strong>e <\/strong><strong>aqui.<\/strong><\/a><\/p>\n<p><strong>Data do documento:<\/strong> 11 de fevereiro de 2026.<\/p>\n<p><strong>Assunto do documento: <\/strong>Portaria de constitui\u00e7\u00e3o da Banca de Avalia\u00e7\u00e3o do Processo Seletivo de Monitores Remunerados e Volunt\u00e1rios da Disciplina IF143 &#8211; Meteorologia B\u00e1sica do DCA\/IF.<\/p>\n<hr \/>\n<p><strong>Portaria N\u00ba 868 \/ 2026 \u2013 IF<\/strong><\/p>\n<p>Para acessar o documento,\u00a0<a href=\"https:\/\/sipac.ufrrj.br\/public\/jsp\/documentos\/documento_visualizacao.jsf?idDoc=2051284\"><strong>c<\/strong><strong>l<\/strong><strong>i<\/strong><strong>qu<\/strong><strong>e <\/strong><strong>aqui.<\/strong><\/a><\/p>\n<p><strong>Data do documento:<\/strong> 11 de fevereiro de 2026.<\/p>\n<p><strong>Assunto do documento: <\/strong>Portaria de constitui\u00e7\u00e3o da Banca de Avalia\u00e7\u00e3o do Processo Seletivo de Monitores Remunerados e Volunt\u00e1rios da Disciplina IF115 &#8211; Manejo de Bacias Hidrogr\u00e1ficas do DCA\/IF.<\/p>\n<hr \/>\n<p><strong>Portaria N\u00ba 867 \/ 2026 \u2013 IF<\/strong><\/p>\n<p>Para acessar o documento,\u00a0<a href=\"https:\/\/sipac.ufrrj.br\/public\/jsp\/documentos\/documento_visualizacao.jsf?idDoc=2051281\"><strong>c<\/strong><strong>l<\/strong><strong>i<\/strong><strong>qu<\/strong><strong>e <\/strong><strong>aqui.<\/strong><\/a><\/p>\n<p><strong>Data do documento:<\/strong> 11 de fevereiro de 2026.<\/p>\n<p><strong>Assunto do documento: <\/strong>Portaria de constitui\u00e7\u00e3o da Banca de Avalia\u00e7\u00e3o do Processo Seletivo de Monitores Remunerados e Volunt\u00e1rios da Disciplina IF133 &#8211; Estudos de Impactos Ambientais do DCA\/IF.<\/p>\n<hr \/>\n<p><strong>Portaria N\u00ba 863 \/ 2026 \u2013 IF<\/strong><\/p>\n<p>Para acessar o documento,\u00a0<a href=\"https:\/\/sipac.ufrrj.br\/public\/jsp\/documentos\/documento_visualizacao.jsf?idDoc=2051106\"><strong>c<\/strong><strong>l<\/strong><strong>i<\/strong><strong>qu<\/strong><strong>e <\/strong><strong>aqui.<\/strong><\/a><\/p>\n<p><strong>Data do documento:<\/strong> 11 de fevereiro de 2026.<\/p>\n<p><strong>Assunto do documento: <\/strong>Portaria de constitui\u00e7\u00e3o da Banca de Avalia\u00e7\u00e3o do Processo Seletivo de Monitores Remunerados e Volunt\u00e1rios da Disciplina IF146 &#8211; Ecologia Geral do DCA\/IF.<\/p>\n<hr \/>\n<p><strong>Portaria N\u00ba 862 \/ 2026 \u2013 IF<\/strong><\/p>\n<p>Para acessar o documento,\u00a0<a href=\"https:\/\/sipac.ufrrj.br\/public\/jsp\/documentos\/documento_visualizacao.jsf?idDoc=2051061\"><strong>c<\/strong><strong>l<\/strong><strong>i<\/strong><strong>qu<\/strong><strong>e <\/strong><strong>aqui.<\/strong><\/a><\/p>\n<p><strong>Data do documento:<\/strong> 11 de fevereiro de 2026.<\/p>\n<p><strong>Assunto do documento: <\/strong>Portaria de constitui\u00e7\u00e3o da Banca de Avalia\u00e7\u00e3o do Processo Seletivo de Monitores Remunerados e Volunt\u00e1rios da Disciplina IF147 &#8211; Dendrologia do DCA\/IF.<\/p>\n<hr \/>\n<p><strong>Portaria N\u00ba 854 \/ 2026 \u2013 IF<\/strong><\/p>\n<p>Para acessar o documento,\u00a0<a href=\"https:\/\/sipac.ufrrj.br\/public\/jsp\/documentos\/documento_visualizacao.jsf?idDoc=2050731\"><strong>c<\/strong><strong>l<\/strong><strong>i<\/strong><strong>qu<\/strong><strong>e <\/strong><strong>aqui.<\/strong><\/a><\/p>\n<p><strong>Data do documento:<\/strong> 11 de fevereiro de 2026.<\/p>\n<p><strong>Assunto do documento: <\/strong>Portaria de designa\u00e7\u00e3o de Secret\u00e1ria do Concurso P\u00fablico na \u00e1rea de Modelagem Hidroclim\u00e1tica do DCA-IF.<\/p>\n<hr \/>\n<p><strong>Portaria N\u00ba 621 \/ 2026 \u2013 IF<\/strong><\/p>\n<p>Para acessar o documento,\u00a0<a href=\"https:\/\/sipac.ufrrj.br\/public\/jsp\/documentos\/documento_visualizacao.jsf?idDoc=2045249\"><strong>c<\/strong><strong>l<\/strong><strong>i<\/strong><strong>qu<\/strong><strong>e <\/strong><strong>aqui.<\/strong><\/a><\/p>\n<p><strong>Data do documento:<\/strong>\u00a0 2 de fevereiro de 2026.<\/p>\n<p><strong>Assunto do documento: <\/strong>Portaria de constitui\u00e7\u00e3o da Banca de Defesa de Disserta\u00e7\u00e3o intitulada: ARQUITETURA SUSTENT\u00c1VEL NA ADMINISTRA\u00c7\u00c3O P\u00daBLICA: AN\u00c1LISE DA ECONOMIA CIRCULAR NOS PROJETOS DA COGIC\/FIOCRUZ, da discente Tamires Silva da Paz, para a obten\u00e7\u00e3o do grau de Mestre, no PPGPDS.<\/p>\n<hr \/>\n<p><strong>Portaria N\u00ba 586 \/ 2026 \u2013 IF<\/strong><\/p>\n<p>Para acessar o documento,\u00a0<a href=\"https:\/\/sipac.ufrrj.br\/public\/jsp\/documentos\/documento_visualizacao.jsf?idDoc=2044469\"><strong>c<\/strong><strong>l<\/strong><strong>i<\/strong><strong>qu<\/strong><strong>e <\/strong><strong>aqui.<\/strong><\/a><\/p>\n<p><strong>Data do documento:<\/strong>\u00a0 30 de janeiro de 2026.<\/p>\n<p><strong>Assunto do documento: <\/strong>Portaria de constitui\u00e7\u00e3o da Banca de Defesa de Disserta\u00e7\u00e3o intitulada: LICEN\u00c7A SOCIAL PARA OPERAR: DESAFIOS NA PR\u00c1TICA ESG NAS EMPRESAS COM OPERA\u00c7\u00d5ES NA ZONA OESTE DA CIDADE DO RIO DE JANEIRO \u2013 RJ, da discente Izabel Cristina Ribeiro Loureiro, para a obten\u00e7\u00e3o do grau de Mestre no PPGPDS.<\/p>\n<hr \/>\n<p><strong>Portaria N\u00ba 583 \/ 2026 \u2013 IF<\/strong><\/p>\n<p>Para acessar o documento,\u00a0<a href=\"https:\/\/sipac.ufrrj.br\/public\/jsp\/documentos\/documento_visualizacao.jsf?idDoc=2044439\"><strong>c<\/strong><strong>l<\/strong><strong>i<\/strong><strong>qu<\/strong><strong>e <\/strong><strong>aqui.<\/strong><\/a><\/p>\n<p><strong>Data do documento:<\/strong>\u00a0 30 de janeiro de 2026.<\/p>\n<p><strong>Assunto do documento: <\/strong>Portaria de constitui\u00e7\u00e3o da Banca de Defesa de Disserta\u00e7\u00e3o intitulada: Elabora\u00e7\u00e3o de um Plano de Comunica\u00e7\u00e3o para Populariza\u00e7\u00e3o da Ci\u00eancia na Universidade Federal Rural do Rio de Janeiro (UFRRJ), da discente Mariana Cunha Lemos, para a obten\u00e7\u00e3o do grau de Mestre do PPGPDS.<\/p>\n<hr \/>\n<p><strong>Portaria N\u00ba 571 \/ 2026 \u2013 IF<\/strong><\/p>\n<p>Para acessar o documento,\u00a0<a href=\"https:\/\/sipac.ufrrj.br\/public\/jsp\/documentos\/documento_visualizacao.jsf?idDoc=2044177\"><strong>c<\/strong><strong>l<\/strong><strong>i<\/strong><strong>qu<\/strong><strong>e <\/strong><strong>aqui.<\/strong><\/a><\/p>\n<p><strong>Data do documento:<\/strong>\u00a0 29 de janeiro de 2026.<\/p>\n<p><strong>Assunto do documento: <\/strong>Portaria de constitui\u00e7\u00e3o da Banca de Defesa de Disserta\u00e7\u00e3o intitulada: A Agroecologia como Estrat\u00e9gia de Desenvolvimento Local: An\u00e1lise e Proposi\u00e7\u00f5es para um Banco de Alimentos no Munic\u00edpio de Maric\u00e1 RJ, da discente Angelica Cristina Laurindo do Nascimento, para a obten\u00e7\u00e3o do grau de Mestre, no PPGPDS.<\/p>\n<hr \/>\n<p><strong>Portaria N\u00ba 569 \/ 2026 \u2013 IF<\/strong><\/p>\n<p>Para acessar o documento,\u00a0<a href=\"https:\/\/sipac.ufrrj.br\/public\/jsp\/documentos\/documento_visualizacao.jsf?idDoc=2044094\"><strong>c<\/strong><strong>l<\/strong><strong>i<\/strong><strong>qu<\/strong><strong>e <\/strong><strong>aqui.<\/strong><\/a><\/p>\n<p><strong>Data do documento:<\/strong>\u00a0 29 de janeiro de 2026.<\/p>\n<p><strong>Assunto do documento: <\/strong>Portaria de constitui\u00e7\u00e3o da Banca de Defesa de Disserta\u00e7\u00e3o, intitulada: NARRATIVAS PARA O DESENVOLVIMENTO SUSTENT\u00c1VEL NA RESPONSABILIDADE SOCIAL CORPORATIVA: UM ESTUDO DE CASO NO SEMI\u00c1RIDO NORDESTINO, do discente Cristopher Pereira Cesar, para a obten\u00e7\u00e3o do grau de Mestre do PPGPDS.<\/p>\n<hr \/>\n<p><strong>Portaria N\u00ba 567 \/ 2026 \u2013 IF<\/strong><\/p>\n<p>Para acessar o documento,\u00a0<a href=\"https:\/\/sipac.ufrrj.br\/public\/jsp\/documentos\/documento_visualizacao.jsf?idDoc=2044058\"><strong>c<\/strong><strong>l<\/strong><strong>i<\/strong><strong>qu<\/strong><strong>e <\/strong><strong>aqui.<\/strong><\/a><\/p>\n<p><strong>Data do documento:<\/strong>\u00a0 29 de janeiro de 2026.<\/p>\n<p><strong>Assunto do documento: <\/strong>Portaria de constitui\u00e7\u00e3o da Banca de Defesa de Disserta\u00e7\u00e3o intitulada: PARTICIPA\u00c7\u00c3O SOCIAL E JUSTI\u00c7A SOCIOAMBIENTAL NA COMUNIDADE QUILOMBOLA DA ILHA DA MARAMBAIA: AN\u00c1LISE DOCUMENTAL SOBRE CONFLITOS, TERRITORIALIDADES E AUTONOMIA, da discente Tha\u00eds Helena Alexandre Marinho, para a obten\u00e7\u00e3o do grau de Mestre no PPGPDS.<\/p>\n<hr \/>\n<p>&nbsp;<\/p>\n","protected":false},"excerpt":{"rendered":"<p>&nbsp; Portaria N\u00ba 2762 \/ 2026 \u2013 IF Para acessar o documento,\u00a0clique aqui. Data do documento: 8 de maio de <a class=\"read-more\" href=\"https:\/\/institucional.ufrrj.br\/nidflor\/portarias-de-2026\/ \">&#8230; <i class=\"fa fa-long-arrow-right\"><\/i><\/a><\/p>\n","protected":false},"author":817,"featured_media":0,"parent":0,"menu_order":0,"comment_status":"closed","ping_status":"closed","template":"","meta":{"_acf_changed":false,"footnotes":""},"class_list":["post-1868","page","type-page","status-publish","hentry"],"yoast_head":"<!-- This site is optimized with the Yoast SEO plugin v27.2 - https:\/\/yoast.com\/product\/yoast-seo-wordpress\/ -->\n<title>Portarias de 2026 - NIDFLOR<\/title>\n<meta name=\"robots\" content=\"index, follow, max-snippet:-1, max-image-preview:large, max-video-preview:-1\" \/>\n<link rel=\"canonical\" href=\"https:\/\/institucional.ufrrj.br\/nidflor\/portarias-de-2026\/\" \/>\n<meta property=\"og:locale\" content=\"pt_BR\" \/>\n<meta property=\"og:type\" content=\"article\" \/>\n<meta property=\"og:title\" content=\"Portarias de 2026 - NIDFLOR\" \/>\n<meta property=\"og:description\" content=\"&nbsp; Portaria N\u00ba 2762 \/ 2026 \u2013 IF Para acessar o documento,\u00a0clique aqui. Data do documento: 8 de maio de ...\" \/>\n<meta property=\"og:url\" content=\"https:\/\/institucional.ufrrj.br\/nidflor\/portarias-de-2026\/\" \/>\n<meta property=\"og:site_name\" content=\"NIDFLOR\" \/>\n<meta property=\"article:modified_time\" content=\"2026-05-08T19:57:13+00:00\" \/>\n<meta name=\"twitter:card\" content=\"summary_large_image\" \/>\n<meta name=\"twitter:label1\" content=\"Est. tempo de leitura\" \/>\n\t<meta name=\"twitter:data1\" content=\"8 minutos\" \/>\n<script type=\"application\/ld+json\" class=\"yoast-schema-graph\">{\"@context\":\"https:\/\/schema.org\",\"@graph\":[{\"@type\":\"WebPage\",\"@id\":\"https:\/\/institucional.ufrrj.br\/nidflor\/portarias-de-2026\/\",\"url\":\"https:\/\/institucional.ufrrj.br\/nidflor\/portarias-de-2026\/\",\"name\":\"Portarias de 2026 - NIDFLOR\",\"isPartOf\":{\"@id\":\"https:\/\/institucional.ufrrj.br\/nidflor\/#website\"},\"datePublished\":\"2026-01-05T12:08:06+00:00\",\"dateModified\":\"2026-05-08T19:57:13+00:00\",\"breadcrumb\":{\"@id\":\"https:\/\/institucional.ufrrj.br\/nidflor\/portarias-de-2026\/#breadcrumb\"},\"inLanguage\":\"pt-BR\",\"potentialAction\":[{\"@type\":\"ReadAction\",\"target\":[\"https:\/\/institucional.ufrrj.br\/nidflor\/portarias-de-2026\/\"]}]},{\"@type\":\"BreadcrumbList\",\"@id\":\"https:\/\/institucional.ufrrj.br\/nidflor\/portarias-de-2026\/#breadcrumb\",\"itemListElement\":[{\"@type\":\"ListItem\",\"position\":1,\"name\":\"In\u00edcio\",\"item\":\"https:\/\/institucional.ufrrj.br\/nidflor\/\"},{\"@type\":\"ListItem\",\"position\":2,\"name\":\"Portarias de 2026\"}]},{\"@type\":\"WebSite\",\"@id\":\"https:\/\/institucional.ufrrj.br\/nidflor\/#website\",\"url\":\"https:\/\/institucional.ufrrj.br\/nidflor\/\",\"name\":\"NIDFLOR\",\"description\":\"N\u00facleo de Informa\u00e7\u00e3o e Documenta\u00e7\u00e3o Florestal - UFRRJ\",\"potentialAction\":[{\"@type\":\"SearchAction\",\"target\":{\"@type\":\"EntryPoint\",\"urlTemplate\":\"https:\/\/institucional.ufrrj.br\/nidflor\/?s={search_term_string}\"},\"query-input\":{\"@type\":\"PropertyValueSpecification\",\"valueRequired\":true,\"valueName\":\"search_term_string\"}}],\"inLanguage\":\"pt-BR\"}]}<\/script>\n<!-- \/ Yoast SEO plugin. -->","yoast_head_json":{"title":"Portarias de 2026 - NIDFLOR","robots":{"index":"index","follow":"follow","max-snippet":"max-snippet:-1","max-image-preview":"max-image-preview:large","max-video-preview":"max-video-preview:-1"},"canonical":"https:\/\/institucional.ufrrj.br\/nidflor\/portarias-de-2026\/","og_locale":"pt_BR","og_type":"article","og_title":"Portarias de 2026 - NIDFLOR","og_description":"&nbsp; Portaria N\u00ba 2762 \/ 2026 \u2013 IF Para acessar o documento,\u00a0clique aqui. Data do documento: 8 de maio de ...","og_url":"https:\/\/institucional.ufrrj.br\/nidflor\/portarias-de-2026\/","og_site_name":"NIDFLOR","article_modified_time":"2026-05-08T19:57:13+00:00","twitter_card":"summary_large_image","twitter_misc":{"Est. tempo de leitura":"8 minutos"},"schema":{"@context":"https:\/\/schema.org","@graph":[{"@type":"WebPage","@id":"https:\/\/institucional.ufrrj.br\/nidflor\/portarias-de-2026\/","url":"https:\/\/institucional.ufrrj.br\/nidflor\/portarias-de-2026\/","name":"Portarias de 2026 - NIDFLOR","isPartOf":{"@id":"https:\/\/institucional.ufrrj.br\/nidflor\/#website"},"datePublished":"2026-01-05T12:08:06+00:00","dateModified":"2026-05-08T19:57:13+00:00","breadcrumb":{"@id":"https:\/\/institucional.ufrrj.br\/nidflor\/portarias-de-2026\/#breadcrumb"},"inLanguage":"pt-BR","potentialAction":[{"@type":"ReadAction","target":["https:\/\/institucional.ufrrj.br\/nidflor\/portarias-de-2026\/"]}]},{"@type":"BreadcrumbList","@id":"https:\/\/institucional.ufrrj.br\/nidflor\/portarias-de-2026\/#breadcrumb","itemListElement":[{"@type":"ListItem","position":1,"name":"In\u00edcio","item":"https:\/\/institucional.ufrrj.br\/nidflor\/"},{"@type":"ListItem","position":2,"name":"Portarias de 2026"}]},{"@type":"WebSite","@id":"https:\/\/institucional.ufrrj.br\/nidflor\/#website","url":"https:\/\/institucional.ufrrj.br\/nidflor\/","name":"NIDFLOR","description":"N\u00facleo de Informa\u00e7\u00e3o e Documenta\u00e7\u00e3o Florestal - UFRRJ","potentialAction":[{"@type":"SearchAction","target":{"@type":"EntryPoint","urlTemplate":"https:\/\/institucional.ufrrj.br\/nidflor\/?s={search_term_string}"},"query-input":{"@type":"PropertyValueSpecification","valueRequired":true,"valueName":"search_term_string"}}],"inLanguage":"pt-BR"}]}},"acf":[],"_links":{"self":[{"href":"https:\/\/institucional.ufrrj.br\/nidflor\/wp-json\/wp\/v2\/pages\/1868","targetHints":{"allow":["GET"]}}],"collection":[{"href":"https:\/\/institucional.ufrrj.br\/nidflor\/wp-json\/wp\/v2\/pages"}],"about":[{"href":"https:\/\/institucional.ufrrj.br\/nidflor\/wp-json\/wp\/v2\/types\/page"}],"author":[{"embeddable":true,"href":"https:\/\/institucional.ufrrj.br\/nidflor\/wp-json\/wp\/v2\/users\/817"}],"replies":[{"embeddable":true,"href":"https:\/\/institucional.ufrrj.br\/nidflor\/wp-json\/wp\/v2\/comments?post=1868"}],"version-history":[{"count":2,"href":"https:\/\/institucional.ufrrj.br\/nidflor\/wp-json\/wp\/v2\/pages\/1868\/revisions"}],"predecessor-version":[{"id":2042,"href":"https:\/\/institucional.ufrrj.br\/nidflor\/wp-json\/wp\/v2\/pages\/1868\/revisions\/2042"}],"wp:attachment":[{"href":"https:\/\/institucional.ufrrj.br\/nidflor\/wp-json\/wp\/v2\/media?parent=1868"}],"curies":[{"name":"wp","href":"https:\/\/api.w.org\/{rel}","templated":true}]}}