{"id":1765,"date":"2025-06-10T14:26:43","date_gmt":"2025-06-10T17:26:43","guid":{"rendered":"https:\/\/institucional.ufrrj.br\/nidflor\/?page_id=1765"},"modified":"2025-07-04T10:53:51","modified_gmt":"2025-07-04T13:53:51","slug":"eleicao-para-escolha-de-diretor-e-vice-diretor-do-if-quadrienio-2025-2029","status":"publish","type":"page","link":"https:\/\/institucional.ufrrj.br\/nidflor\/eleicao-para-escolha-de-diretor-e-vice-diretor-do-if-quadrienio-2025-2029\/","title":{"rendered":"Elei\u00e7\u00e3o para escolha de Diretor e Vice-diretor do IF \u2013 quadri\u00eanio 2025\/2029"},"content":{"rendered":"<hr \/>\n<p><span style=\"color: #0000ff\"><a style=\"color: #0000ff\" href=\"https:\/\/institucional.ufrrj.br\/nidflor\/files\/2025\/06\/Edital_Eleicao_IF_2025.pdf\" target=\"_blank\" rel=\"noopener\">Edital para consulta \u00e0 comunidade na escolha do Diretor e Vice-Diretor do Instituto de Florestas 2025-2029<\/a><\/span> &#8211; (Publicado em 10\/06\/2025)<\/p>\n<hr \/>\n<p><span style=\"color: #0000ff\"><a style=\"color: #0000ff\" href=\"https:\/\/sipac.ufrrj.br\/public\/jsp\/documentos\/documento_visualizacao.jsf?idDoc=1844587\" target=\"_blank\" rel=\"noopener\">Portaria da Comiss\u00e3o Eleitoral<\/a><\/span> (Publicado em 10\/06\/2025)<\/p>\n<hr \/>\n<p><span style=\"color: #0000ff\"><a style=\"color: #0000ff\" href=\"https:\/\/institutos.ufrrj.br\/if\/eleicoes-para-diretoria-do-if-debate-acontece-no-dia-27-06\/\" target=\"_blank\" rel=\"noopener\">Informa\u00e7\u00f5es sobre o debate da chapa \u00fanica no dia 27\/06\/2025<\/a><\/span> (Publicado em 27\/06\/2025)<\/p>\n<hr \/>\n<p><a href=\"https:\/\/institucional.ufrrj.br\/nidflor\/files\/2025\/07\/Relatorio_votacao_IF_2025.pdf\" target=\"_blank\" rel=\"noopener\"><span style=\"color: #0000ff\">Relat\u00f3rio de apura\u00e7\u00e3o da vota\u00e7\u00e3o eletr\u00f4nica<\/span><\/a> (Publicado em 04\/07\/2025)<\/p>\n<hr \/>\n<p><span style=\"color: #0000ff\"><a style=\"color: #0000ff\" href=\"https:\/\/institucional.ufrrj.br\/nidflor\/files\/2025\/07\/Nota-de-divulgacao-do-resultado.pdf\" target=\"_blank\" rel=\"noopener\">Nota da comiss\u00e3o eleitoral sobre a divulga\u00e7\u00e3o do resultado<\/a><\/span> (Publicado em 04\/07\/2025)<\/p>\n<hr \/>\n<p>&nbsp;<\/p>\n","protected":false},"excerpt":{"rendered":"<p>Edital para consulta \u00e0 comunidade na escolha do Diretor e Vice-Diretor do Instituto de Florestas 2025-2029 &#8211; (Publicado em 10\/06\/2025) <a class=\"read-more\" href=\"https:\/\/institucional.ufrrj.br\/nidflor\/eleicao-para-escolha-de-diretor-e-vice-diretor-do-if-quadrienio-2025-2029\/ \">&#8230; <i class=\"fa fa-long-arrow-right\"><\/i><\/a><\/p>\n","protected":false},"author":817,"featured_media":0,"parent":0,"menu_order":0,"comment_status":"closed","ping_status":"closed","template":"","meta":{"_acf_changed":false,"footnotes":""},"class_list":["post-1765","page","type-page","status-publish","hentry"],"yoast_head":"<!-- This site is optimized with the Yoast SEO plugin v27.2 - https:\/\/yoast.com\/product\/yoast-seo-wordpress\/ -->\n<title>Elei\u00e7\u00e3o para escolha de Diretor e Vice-diretor do IF \u2013 quadri\u00eanio 2025\/2029 - NIDFLOR<\/title>\n<meta name=\"robots\" content=\"index, follow, max-snippet:-1, max-image-preview:large, max-video-preview:-1\" \/>\n<link rel=\"canonical\" href=\"https:\/\/institucional.ufrrj.br\/nidflor\/eleicao-para-escolha-de-diretor-e-vice-diretor-do-if-quadrienio-2025-2029\/\" \/>\n<meta property=\"og:locale\" content=\"pt_BR\" \/>\n<meta property=\"og:type\" content=\"article\" \/>\n<meta property=\"og:title\" content=\"Elei\u00e7\u00e3o para escolha de Diretor e Vice-diretor do IF \u2013 quadri\u00eanio 2025\/2029 - NIDFLOR\" \/>\n<meta property=\"og:description\" content=\"Edital para consulta \u00e0 comunidade na escolha do Diretor e Vice-Diretor do Instituto de Florestas 2025-2029 &#8211; (Publicado em 10\/06\/2025) ...\" \/>\n<meta property=\"og:url\" content=\"https:\/\/institucional.ufrrj.br\/nidflor\/eleicao-para-escolha-de-diretor-e-vice-diretor-do-if-quadrienio-2025-2029\/\" \/>\n<meta property=\"og:site_name\" content=\"NIDFLOR\" \/>\n<meta property=\"article:modified_time\" content=\"2025-07-04T13:53:51+00:00\" \/>\n<meta name=\"twitter:card\" content=\"summary_large_image\" \/>\n<script type=\"application\/ld+json\" class=\"yoast-schema-graph\">{\"@context\":\"https:\/\/schema.org\",\"@graph\":[{\"@type\":\"WebPage\",\"@id\":\"https:\/\/institucional.ufrrj.br\/nidflor\/eleicao-para-escolha-de-diretor-e-vice-diretor-do-if-quadrienio-2025-2029\/\",\"url\":\"https:\/\/institucional.ufrrj.br\/nidflor\/eleicao-para-escolha-de-diretor-e-vice-diretor-do-if-quadrienio-2025-2029\/\",\"name\":\"Elei\u00e7\u00e3o para escolha de Diretor e Vice-diretor do IF \u2013 quadri\u00eanio 2025\/2029 - NIDFLOR\",\"isPartOf\":{\"@id\":\"https:\/\/institucional.ufrrj.br\/nidflor\/#website\"},\"datePublished\":\"2025-06-10T17:26:43+00:00\",\"dateModified\":\"2025-07-04T13:53:51+00:00\",\"breadcrumb\":{\"@id\":\"https:\/\/institucional.ufrrj.br\/nidflor\/eleicao-para-escolha-de-diretor-e-vice-diretor-do-if-quadrienio-2025-2029\/#breadcrumb\"},\"inLanguage\":\"pt-BR\",\"potentialAction\":[{\"@type\":\"ReadAction\",\"target\":[\"https:\/\/institucional.ufrrj.br\/nidflor\/eleicao-para-escolha-de-diretor-e-vice-diretor-do-if-quadrienio-2025-2029\/\"]}]},{\"@type\":\"BreadcrumbList\",\"@id\":\"https:\/\/institucional.ufrrj.br\/nidflor\/eleicao-para-escolha-de-diretor-e-vice-diretor-do-if-quadrienio-2025-2029\/#breadcrumb\",\"itemListElement\":[{\"@type\":\"ListItem\",\"position\":1,\"name\":\"In\u00edcio\",\"item\":\"https:\/\/institucional.ufrrj.br\/nidflor\/\"},{\"@type\":\"ListItem\",\"position\":2,\"name\":\"Elei\u00e7\u00e3o para escolha de Diretor e Vice-diretor do IF \u2013 quadri\u00eanio 2025\/2029\"}]},{\"@type\":\"WebSite\",\"@id\":\"https:\/\/institucional.ufrrj.br\/nidflor\/#website\",\"url\":\"https:\/\/institucional.ufrrj.br\/nidflor\/\",\"name\":\"NIDFLOR\",\"description\":\"N\u00facleo de Informa\u00e7\u00e3o e Documenta\u00e7\u00e3o Florestal - UFRRJ\",\"potentialAction\":[{\"@type\":\"SearchAction\",\"target\":{\"@type\":\"EntryPoint\",\"urlTemplate\":\"https:\/\/institucional.ufrrj.br\/nidflor\/?s={search_term_string}\"},\"query-input\":{\"@type\":\"PropertyValueSpecification\",\"valueRequired\":true,\"valueName\":\"search_term_string\"}}],\"inLanguage\":\"pt-BR\"}]}<\/script>\n<!-- \/ Yoast SEO plugin. -->","yoast_head_json":{"title":"Elei\u00e7\u00e3o para escolha de Diretor e Vice-diretor do IF \u2013 quadri\u00eanio 2025\/2029 - NIDFLOR","robots":{"index":"index","follow":"follow","max-snippet":"max-snippet:-1","max-image-preview":"max-image-preview:large","max-video-preview":"max-video-preview:-1"},"canonical":"https:\/\/institucional.ufrrj.br\/nidflor\/eleicao-para-escolha-de-diretor-e-vice-diretor-do-if-quadrienio-2025-2029\/","og_locale":"pt_BR","og_type":"article","og_title":"Elei\u00e7\u00e3o para escolha de Diretor e Vice-diretor do IF \u2013 quadri\u00eanio 2025\/2029 - NIDFLOR","og_description":"Edital para consulta \u00e0 comunidade na escolha do Diretor e Vice-Diretor do Instituto de Florestas 2025-2029 &#8211; (Publicado em 10\/06\/2025) ...","og_url":"https:\/\/institucional.ufrrj.br\/nidflor\/eleicao-para-escolha-de-diretor-e-vice-diretor-do-if-quadrienio-2025-2029\/","og_site_name":"NIDFLOR","article_modified_time":"2025-07-04T13:53:51+00:00","twitter_card":"summary_large_image","schema":{"@context":"https:\/\/schema.org","@graph":[{"@type":"WebPage","@id":"https:\/\/institucional.ufrrj.br\/nidflor\/eleicao-para-escolha-de-diretor-e-vice-diretor-do-if-quadrienio-2025-2029\/","url":"https:\/\/institucional.ufrrj.br\/nidflor\/eleicao-para-escolha-de-diretor-e-vice-diretor-do-if-quadrienio-2025-2029\/","name":"Elei\u00e7\u00e3o para escolha de Diretor e Vice-diretor do IF \u2013 quadri\u00eanio 2025\/2029 - NIDFLOR","isPartOf":{"@id":"https:\/\/institucional.ufrrj.br\/nidflor\/#website"},"datePublished":"2025-06-10T17:26:43+00:00","dateModified":"2025-07-04T13:53:51+00:00","breadcrumb":{"@id":"https:\/\/institucional.ufrrj.br\/nidflor\/eleicao-para-escolha-de-diretor-e-vice-diretor-do-if-quadrienio-2025-2029\/#breadcrumb"},"inLanguage":"pt-BR","potentialAction":[{"@type":"ReadAction","target":["https:\/\/institucional.ufrrj.br\/nidflor\/eleicao-para-escolha-de-diretor-e-vice-diretor-do-if-quadrienio-2025-2029\/"]}]},{"@type":"BreadcrumbList","@id":"https:\/\/institucional.ufrrj.br\/nidflor\/eleicao-para-escolha-de-diretor-e-vice-diretor-do-if-quadrienio-2025-2029\/#breadcrumb","itemListElement":[{"@type":"ListItem","position":1,"name":"In\u00edcio","item":"https:\/\/institucional.ufrrj.br\/nidflor\/"},{"@type":"ListItem","position":2,"name":"Elei\u00e7\u00e3o para escolha de Diretor e Vice-diretor do IF \u2013 quadri\u00eanio 2025\/2029"}]},{"@type":"WebSite","@id":"https:\/\/institucional.ufrrj.br\/nidflor\/#website","url":"https:\/\/institucional.ufrrj.br\/nidflor\/","name":"NIDFLOR","description":"N\u00facleo de Informa\u00e7\u00e3o e Documenta\u00e7\u00e3o Florestal - UFRRJ","potentialAction":[{"@type":"SearchAction","target":{"@type":"EntryPoint","urlTemplate":"https:\/\/institucional.ufrrj.br\/nidflor\/?s={search_term_string}"},"query-input":{"@type":"PropertyValueSpecification","valueRequired":true,"valueName":"search_term_string"}}],"inLanguage":"pt-BR"}]}},"acf":[],"_links":{"self":[{"href":"https:\/\/institucional.ufrrj.br\/nidflor\/wp-json\/wp\/v2\/pages\/1765","targetHints":{"allow":["GET"]}}],"collection":[{"href":"https:\/\/institucional.ufrrj.br\/nidflor\/wp-json\/wp\/v2\/pages"}],"about":[{"href":"https:\/\/institucional.ufrrj.br\/nidflor\/wp-json\/wp\/v2\/types\/page"}],"author":[{"embeddable":true,"href":"https:\/\/institucional.ufrrj.br\/nidflor\/wp-json\/wp\/v2\/users\/817"}],"replies":[{"embeddable":true,"href":"https:\/\/institucional.ufrrj.br\/nidflor\/wp-json\/wp\/v2\/comments?post=1765"}],"version-history":[{"count":7,"href":"https:\/\/institucional.ufrrj.br\/nidflor\/wp-json\/wp\/v2\/pages\/1765\/revisions"}],"predecessor-version":[{"id":1788,"href":"https:\/\/institucional.ufrrj.br\/nidflor\/wp-json\/wp\/v2\/pages\/1765\/revisions\/1788"}],"wp:attachment":[{"href":"https:\/\/institucional.ufrrj.br\/nidflor\/wp-json\/wp\/v2\/media?parent=1765"}],"curies":[{"name":"wp","href":"https:\/\/api.w.org\/{rel}","templated":true}]}}