{"id":1754,"date":"2025-06-09T13:56:50","date_gmt":"2025-06-09T16:56:50","guid":{"rendered":"https:\/\/institucional.ufrrj.br\/nidflor\/?page_id=1754"},"modified":"2025-07-04T14:07:13","modified_gmt":"2025-07-04T17:07:13","slug":"eleicoes-para-escolha-de-representacoes-das-categorias-tecnico-administrativa-e-docente-junto-ao-consuni-if-2025","status":"publish","type":"page","link":"https:\/\/institucional.ufrrj.br\/nidflor\/eleicoes-para-escolha-de-representacoes-das-categorias-tecnico-administrativa-e-docente-junto-ao-consuni-if-2025\/","title":{"rendered":"Elei\u00e7\u00f5es para escolha de representa\u00e7\u00f5es das categorias t\u00e9cnico-administrativa e docente junto ao CONSUNI \u2013 IF (2025)"},"content":{"rendered":"<p>&nbsp;<\/p>\n<hr \/>\n<p><span style=\"color: #0000ff\"><a style=\"color: #0000ff\" href=\"https:\/\/sipac.ufrrj.br\/public\/jsp\/documentos\/documento_visualizacao.jsf?idDoc=1844637\" target=\"_blank\" rel=\"noopener\">Portaria da comiss\u00e3o eleitoral para pleito da representa\u00e7\u00e3o docente<\/a><\/span>\u00a0(Publicado em 19\/05\/2025)<\/p>\n<hr \/>\n<p><a href=\"https:\/\/sipac.ufrrj.br\/public\/jsp\/documentos\/documento_visualizacao.jsf?idDoc=1844662\" target=\"_blank\" rel=\"noopener\"><span style=\"color: #0000ff\">Portaria da comiss\u00e3o eleitoral para pleito da representa\u00e7\u00e3o t\u00e9cnico-administrativa<\/span><\/a>\u00a0(Publicado em 19\/05\/2025)<\/p>\n<hr \/>\n<p><span style=\"color: #0000ff\"><a style=\"color: #0000ff\" href=\"https:\/\/sipac.ufrrj.br\/public\/jsp\/documentos\/documento_visualizacao.jsf?idDoc=1844865\" target=\"_blank\" rel=\"noopener\">Edital \u2013 Representa\u00e7\u00e3o docente<\/a><\/span>\u00a0(Publicado em 19\/05\/2025)<\/p>\n<hr \/>\n<p><span style=\"color: #0000ff\"><a style=\"color: #0000ff\" href=\"https:\/\/sipac.ufrrj.br\/public\/jsp\/documentos\/documento_visualizacao.jsf?idDoc=1846296\" target=\"_blank\" rel=\"noopener\">Edital \u2013 Representa\u00e7\u00e3o t\u00e9cnico-administrativa<\/a><\/span> (Publicado em 20\/05\/2025)<\/p>\n<hr \/>\n<p><a href=\"https:\/\/sipac.ufrrj.br\/sipac\/protocolo\/documento\/documento_visualizacao.jsf?idDoc=1857268\" target=\"_blank\" rel=\"noopener\"><span style=\"color: #0000ff\">Altera\u00e7\u00e3o do Cronograma do processo eleitoral Edital n\u00ba 353\/2025 &#8211; Elei\u00e7\u00e3o para escolha dos representantes docentes junto ao CONSUNI<\/span><\/a> (Publicado em 03\/06\/2025)<\/p>\n<hr \/>\n<p><span style=\"color: #0000ff\"><a style=\"color: #0000ff\" href=\"https:\/\/sipac.ufrrj.br\/public\/jsp\/documentos\/documento_visualizacao.jsf?idDoc=1857227\" target=\"_blank\" rel=\"noopener\">Altera\u00e7\u00e3o do Cronograma do processo eleitoral Edital n\u00ba 358\/2025 &#8211; Elei\u00e7\u00e3o para escolha dos representantes dos t\u00e9cnicos administrativos junto ao CONSUNI<\/a><\/span> (Publicado em 03\/06\/2025)<\/p>\n<hr \/>\n<p><a href=\"https:\/\/sipac.ufrrj.br\/public\/jsp\/documentos\/documento_visualizacao.jsf?idDoc=1860921\" target=\"_blank\" rel=\"noopener\"><span style=\"color: #0000ff\">Ata de homologa\u00e7\u00e3o das candidaturas dos docentes no CONSUNI\/IF<\/span><\/a> (Publicado em 09\/06\/2025)<\/p>\n<hr \/>\n<p><span style=\"color: #0000ff\"><a style=\"color: #0000ff\" href=\"https:\/\/sipac.ufrrj.br\/public\/jsp\/documentos\/documento_visualizacao.jsf?idDoc=1860915\" target=\"_blank\" rel=\"noopener\">Ata de homologa\u00e7\u00e3o das candidaturas dos t\u00e9cnicos administrativos no CONSUNI\/IF<\/a><\/span> (Publicado em 09\/06\/2025)<\/p>\n<hr \/>\n<p><a href=\"https:\/\/institucional.ufrrj.br\/nidflor\/files\/2025\/07\/relatorio_final_votacao_1_Docentes-_Consuni-IF-2025-2025.pdf\" target=\"_blank\" rel=\"noopener\"><span style=\"color: #0000ff\">Resultado apurado na elei\u00e7\u00e3o para representa\u00e7\u00e3o docente<\/span><\/a> (Publicado em 04\/07\/2025)<\/p>\n<hr \/>\n<p><a href=\"https:\/\/institucional.ufrrj.br\/nidflor\/files\/2025\/07\/relatorio_final_votacao_TAES_Consuni-IF-2025-2027.pdf\" target=\"_blank\" rel=\"noopener\"><span style=\"color: #0000ff\">Resultado apurado na elei\u00e7\u00e3o para representa\u00e7\u00e3o t\u00e9cnico-administrativa<\/span><\/a> (Publicado em 04\/07\/2025)<\/p>\n<hr \/>\n<p><a href=\"https:\/\/sipac.ufrrj.br\/public\/jsp\/documentos\/documento_visualizacao.jsf?idDoc=1882784\" target=\"_blank\" rel=\"noopener\"><span style=\"color: #0000ff\">Ata de homologa\u00e7\u00e3o do resultado da elei\u00e7\u00e3o para representa\u00e7\u00e3o docente<\/span><\/a> (Publicado em 04\/07\/2025)<\/p>\n<hr \/>\n<p><a href=\"https:\/\/sipac.ufrrj.br\/public\/jsp\/documentos\/documento_visualizacao.jsf?idDoc=1882758\" target=\"_blank\" rel=\"noopener\"><span style=\"color: #0000ff\">Ata de homologa\u00e7\u00e3o do resultado da elei\u00e7\u00e3o para representa\u00e7\u00e3o t\u00e9cnico-administrativa<\/span><\/a> (Publicado em 04\/07\/2025)<\/p>\n<hr \/>\n<p>&nbsp;<\/p>\n","protected":false},"excerpt":{"rendered":"<p>&nbsp; Portaria da comiss\u00e3o eleitoral para pleito da representa\u00e7\u00e3o docente\u00a0(Publicado em 19\/05\/2025) Portaria da comiss\u00e3o eleitoral para pleito da representa\u00e7\u00e3o <a class=\"read-more\" href=\"https:\/\/institucional.ufrrj.br\/nidflor\/eleicoes-para-escolha-de-representacoes-das-categorias-tecnico-administrativa-e-docente-junto-ao-consuni-if-2025\/ \">&#8230; <i class=\"fa fa-long-arrow-right\"><\/i><\/a><\/p>\n","protected":false},"author":817,"featured_media":0,"parent":0,"menu_order":0,"comment_status":"closed","ping_status":"closed","template":"","meta":{"_acf_changed":false,"footnotes":""},"class_list":["post-1754","page","type-page","status-publish","hentry"],"yoast_head":"<!-- This site is optimized with the Yoast SEO plugin v27.2 - https:\/\/yoast.com\/product\/yoast-seo-wordpress\/ -->\n<title>Elei\u00e7\u00f5es para escolha de representa\u00e7\u00f5es das categorias t\u00e9cnico-administrativa e docente junto ao CONSUNI \u2013 IF (2025) - NIDFLOR<\/title>\n<meta name=\"robots\" content=\"index, follow, max-snippet:-1, max-image-preview:large, max-video-preview:-1\" \/>\n<link rel=\"canonical\" href=\"https:\/\/institucional.ufrrj.br\/nidflor\/eleicoes-para-escolha-de-representacoes-das-categorias-tecnico-administrativa-e-docente-junto-ao-consuni-if-2025\/\" \/>\n<meta property=\"og:locale\" content=\"pt_BR\" \/>\n<meta property=\"og:type\" content=\"article\" \/>\n<meta property=\"og:title\" content=\"Elei\u00e7\u00f5es para escolha de representa\u00e7\u00f5es das categorias t\u00e9cnico-administrativa e docente junto ao CONSUNI \u2013 IF (2025) - NIDFLOR\" \/>\n<meta property=\"og:description\" content=\"&nbsp; Portaria da comiss\u00e3o eleitoral para pleito da representa\u00e7\u00e3o docente\u00a0(Publicado em 19\/05\/2025) Portaria da comiss\u00e3o eleitoral para pleito da representa\u00e7\u00e3o ...\" \/>\n<meta property=\"og:url\" content=\"https:\/\/institucional.ufrrj.br\/nidflor\/eleicoes-para-escolha-de-representacoes-das-categorias-tecnico-administrativa-e-docente-junto-ao-consuni-if-2025\/\" \/>\n<meta property=\"og:site_name\" content=\"NIDFLOR\" \/>\n<meta property=\"article:modified_time\" content=\"2025-07-04T17:07:13+00:00\" \/>\n<meta name=\"twitter:card\" content=\"summary_large_image\" \/>\n<meta name=\"twitter:label1\" content=\"Est. tempo de leitura\" \/>\n\t<meta name=\"twitter:data1\" content=\"1 minuto\" \/>\n<script type=\"application\/ld+json\" class=\"yoast-schema-graph\">{\"@context\":\"https:\/\/schema.org\",\"@graph\":[{\"@type\":\"WebPage\",\"@id\":\"https:\/\/institucional.ufrrj.br\/nidflor\/eleicoes-para-escolha-de-representacoes-das-categorias-tecnico-administrativa-e-docente-junto-ao-consuni-if-2025\/\",\"url\":\"https:\/\/institucional.ufrrj.br\/nidflor\/eleicoes-para-escolha-de-representacoes-das-categorias-tecnico-administrativa-e-docente-junto-ao-consuni-if-2025\/\",\"name\":\"Elei\u00e7\u00f5es para escolha de representa\u00e7\u00f5es das categorias t\u00e9cnico-administrativa e docente junto ao CONSUNI \u2013 IF (2025) - NIDFLOR\",\"isPartOf\":{\"@id\":\"https:\/\/institucional.ufrrj.br\/nidflor\/#website\"},\"datePublished\":\"2025-06-09T16:56:50+00:00\",\"dateModified\":\"2025-07-04T17:07:13+00:00\",\"breadcrumb\":{\"@id\":\"https:\/\/institucional.ufrrj.br\/nidflor\/eleicoes-para-escolha-de-representacoes-das-categorias-tecnico-administrativa-e-docente-junto-ao-consuni-if-2025\/#breadcrumb\"},\"inLanguage\":\"pt-BR\",\"potentialAction\":[{\"@type\":\"ReadAction\",\"target\":[\"https:\/\/institucional.ufrrj.br\/nidflor\/eleicoes-para-escolha-de-representacoes-das-categorias-tecnico-administrativa-e-docente-junto-ao-consuni-if-2025\/\"]}]},{\"@type\":\"BreadcrumbList\",\"@id\":\"https:\/\/institucional.ufrrj.br\/nidflor\/eleicoes-para-escolha-de-representacoes-das-categorias-tecnico-administrativa-e-docente-junto-ao-consuni-if-2025\/#breadcrumb\",\"itemListElement\":[{\"@type\":\"ListItem\",\"position\":1,\"name\":\"In\u00edcio\",\"item\":\"https:\/\/institucional.ufrrj.br\/nidflor\/\"},{\"@type\":\"ListItem\",\"position\":2,\"name\":\"Elei\u00e7\u00f5es para escolha de representa\u00e7\u00f5es das categorias t\u00e9cnico-administrativa e docente junto ao CONSUNI \u2013 IF (2025)\"}]},{\"@type\":\"WebSite\",\"@id\":\"https:\/\/institucional.ufrrj.br\/nidflor\/#website\",\"url\":\"https:\/\/institucional.ufrrj.br\/nidflor\/\",\"name\":\"NIDFLOR\",\"description\":\"N\u00facleo de Informa\u00e7\u00e3o e Documenta\u00e7\u00e3o Florestal - UFRRJ\",\"potentialAction\":[{\"@type\":\"SearchAction\",\"target\":{\"@type\":\"EntryPoint\",\"urlTemplate\":\"https:\/\/institucional.ufrrj.br\/nidflor\/?s={search_term_string}\"},\"query-input\":{\"@type\":\"PropertyValueSpecification\",\"valueRequired\":true,\"valueName\":\"search_term_string\"}}],\"inLanguage\":\"pt-BR\"}]}<\/script>\n<!-- \/ Yoast SEO plugin. -->","yoast_head_json":{"title":"Elei\u00e7\u00f5es para escolha de representa\u00e7\u00f5es das categorias t\u00e9cnico-administrativa e docente junto ao CONSUNI \u2013 IF (2025) - NIDFLOR","robots":{"index":"index","follow":"follow","max-snippet":"max-snippet:-1","max-image-preview":"max-image-preview:large","max-video-preview":"max-video-preview:-1"},"canonical":"https:\/\/institucional.ufrrj.br\/nidflor\/eleicoes-para-escolha-de-representacoes-das-categorias-tecnico-administrativa-e-docente-junto-ao-consuni-if-2025\/","og_locale":"pt_BR","og_type":"article","og_title":"Elei\u00e7\u00f5es para escolha de representa\u00e7\u00f5es das categorias t\u00e9cnico-administrativa e docente junto ao CONSUNI \u2013 IF (2025) - NIDFLOR","og_description":"&nbsp; Portaria da comiss\u00e3o eleitoral para pleito da representa\u00e7\u00e3o docente\u00a0(Publicado em 19\/05\/2025) Portaria da comiss\u00e3o eleitoral para pleito da representa\u00e7\u00e3o ...","og_url":"https:\/\/institucional.ufrrj.br\/nidflor\/eleicoes-para-escolha-de-representacoes-das-categorias-tecnico-administrativa-e-docente-junto-ao-consuni-if-2025\/","og_site_name":"NIDFLOR","article_modified_time":"2025-07-04T17:07:13+00:00","twitter_card":"summary_large_image","twitter_misc":{"Est. tempo de leitura":"1 minuto"},"schema":{"@context":"https:\/\/schema.org","@graph":[{"@type":"WebPage","@id":"https:\/\/institucional.ufrrj.br\/nidflor\/eleicoes-para-escolha-de-representacoes-das-categorias-tecnico-administrativa-e-docente-junto-ao-consuni-if-2025\/","url":"https:\/\/institucional.ufrrj.br\/nidflor\/eleicoes-para-escolha-de-representacoes-das-categorias-tecnico-administrativa-e-docente-junto-ao-consuni-if-2025\/","name":"Elei\u00e7\u00f5es para escolha de representa\u00e7\u00f5es das categorias t\u00e9cnico-administrativa e docente junto ao CONSUNI \u2013 IF (2025) - NIDFLOR","isPartOf":{"@id":"https:\/\/institucional.ufrrj.br\/nidflor\/#website"},"datePublished":"2025-06-09T16:56:50+00:00","dateModified":"2025-07-04T17:07:13+00:00","breadcrumb":{"@id":"https:\/\/institucional.ufrrj.br\/nidflor\/eleicoes-para-escolha-de-representacoes-das-categorias-tecnico-administrativa-e-docente-junto-ao-consuni-if-2025\/#breadcrumb"},"inLanguage":"pt-BR","potentialAction":[{"@type":"ReadAction","target":["https:\/\/institucional.ufrrj.br\/nidflor\/eleicoes-para-escolha-de-representacoes-das-categorias-tecnico-administrativa-e-docente-junto-ao-consuni-if-2025\/"]}]},{"@type":"BreadcrumbList","@id":"https:\/\/institucional.ufrrj.br\/nidflor\/eleicoes-para-escolha-de-representacoes-das-categorias-tecnico-administrativa-e-docente-junto-ao-consuni-if-2025\/#breadcrumb","itemListElement":[{"@type":"ListItem","position":1,"name":"In\u00edcio","item":"https:\/\/institucional.ufrrj.br\/nidflor\/"},{"@type":"ListItem","position":2,"name":"Elei\u00e7\u00f5es para escolha de representa\u00e7\u00f5es das categorias t\u00e9cnico-administrativa e docente junto ao CONSUNI \u2013 IF (2025)"}]},{"@type":"WebSite","@id":"https:\/\/institucional.ufrrj.br\/nidflor\/#website","url":"https:\/\/institucional.ufrrj.br\/nidflor\/","name":"NIDFLOR","description":"N\u00facleo de Informa\u00e7\u00e3o e Documenta\u00e7\u00e3o Florestal - UFRRJ","potentialAction":[{"@type":"SearchAction","target":{"@type":"EntryPoint","urlTemplate":"https:\/\/institucional.ufrrj.br\/nidflor\/?s={search_term_string}"},"query-input":{"@type":"PropertyValueSpecification","valueRequired":true,"valueName":"search_term_string"}}],"inLanguage":"pt-BR"}]}},"acf":[],"_links":{"self":[{"href":"https:\/\/institucional.ufrrj.br\/nidflor\/wp-json\/wp\/v2\/pages\/1754","targetHints":{"allow":["GET"]}}],"collection":[{"href":"https:\/\/institucional.ufrrj.br\/nidflor\/wp-json\/wp\/v2\/pages"}],"about":[{"href":"https:\/\/institucional.ufrrj.br\/nidflor\/wp-json\/wp\/v2\/types\/page"}],"author":[{"embeddable":true,"href":"https:\/\/institucional.ufrrj.br\/nidflor\/wp-json\/wp\/v2\/users\/817"}],"replies":[{"embeddable":true,"href":"https:\/\/institucional.ufrrj.br\/nidflor\/wp-json\/wp\/v2\/comments?post=1754"}],"version-history":[{"count":11,"href":"https:\/\/institucional.ufrrj.br\/nidflor\/wp-json\/wp\/v2\/pages\/1754\/revisions"}],"predecessor-version":[{"id":1793,"href":"https:\/\/institucional.ufrrj.br\/nidflor\/wp-json\/wp\/v2\/pages\/1754\/revisions\/1793"}],"wp:attachment":[{"href":"https:\/\/institucional.ufrrj.br\/nidflor\/wp-json\/wp\/v2\/media?parent=1754"}],"curies":[{"name":"wp","href":"https:\/\/api.w.org\/{rel}","templated":true}]}}