{"id":1694,"date":"2025-01-24T08:23:07","date_gmt":"2025-01-24T11:23:07","guid":{"rendered":"https:\/\/institucional.ufrrj.br\/nidflor\/?page_id=1694"},"modified":"2025-12-11T16:12:44","modified_gmt":"2025-12-11T19:12:44","slug":"atas-de-2025","status":"publish","type":"page","link":"https:\/\/institucional.ufrrj.br\/nidflor\/atas-de-2025\/","title":{"rendered":"Atas de 2025"},"content":{"rendered":"<h4 style=\"text-align: center\"><span style=\"color: #800000\">Atas das Reuni\u00f5es do CONSUNI-IF de 2025<\/span><\/h4>\n<p>&nbsp;<\/p>\n<p><a href=\"https:\/\/sipac.ufrrj.br\/public\/jsp\/documentos\/documento_visualizacao.jsf?idDoc=2016772\" target=\"_blank\" rel=\"noopener\"><span style=\"color: #0000ff\">Ata da 247\u00aa Reuni\u00e3o Ordin\u00e1ria de 8 de dezembro de 2025<\/span><\/a><\/p>\n<hr \/>\n<p><a href=\"https:\/\/sipac.ufrrj.br\/public\/jsp\/documentos\/documento_visualizacao.jsf?idDoc=2008526\" target=\"_blank\" rel=\"noopener\"><span style=\"color: #0000ff\">Ata da 148\u00aa Reuni\u00e3o Extrao<\/span><span style=\"color: #0000ff\">rdin\u00e1ria de 27 de novembro<\/span><span style=\"color: #0000ff\">\u00a0de 2025<\/span><\/a><\/p>\n<hr \/>\n<p><a href=\"https:\/\/sipac.ufrrj.br\/public\/jsp\/documentos\/documento_visualizacao.jsf?idDoc=2004828\" target=\"_blank\" rel=\"noopener\"><span style=\"color: #0000ff\">Ata da 246\u00aa Reuni\u00e3o Ordin\u00e1ria de 10 de novembro de 2025<\/span><\/a><\/p>\n<hr \/>\n<p><a href=\"https:\/\/sipac.ufrrj.br\/public\/jsp\/documentos\/documento_visualizacao.jsf?idDoc=1982625\" target=\"_blank\" rel=\"noopener\"><span style=\"color: #0000ff\">Ata da 245\u00aa Reuni\u00e3o Ordin\u00e1ria de 13 de outubro\u00a0de 2025<\/span><\/a><\/p>\n<hr \/>\n<p><a href=\"https:\/\/sipac.ufrrj.br\/public\/jsp\/documentos\/documento_visualizacao.jsf?idDoc=1954580\" target=\"_blank\" rel=\"noopener\"><span style=\"color: #0000ff\">Ata da 244\u00aa Reuni\u00e3o Ordin\u00e1ria de 8 de setembro<\/span><span style=\"color: #0000ff\">\u00a0de 2025<\/span><\/a><\/p>\n<hr \/>\n<p><a href=\"https:\/\/sipac.ufrrj.br\/public\/jsp\/documentos\/documento_visualizacao.jsf?idDoc=1926280\" target=\"_blank\" rel=\"noopener\"><span style=\"color: #0000ff\">Ata da 243\u00aa Reuni\u00e3o Ordin\u00e1ria de 8 de agosto<\/span><span style=\"color: #0000ff\">\u00a0de 2025<\/span><\/a><\/p>\n<hr \/>\n<p><a href=\"https:\/\/sipac.ufrrj.br\/public\/jsp\/documentos\/documento_visualizacao.jsf?idDoc=1901816\" target=\"_blank\" rel=\"noopener\"><span style=\"color: #0000ff\">Ata da 242\u00aa Reuni\u00e3o Ordin\u00e1ria de 11 de julho<\/span><span style=\"color: #0000ff\">\u00a0de 2025<\/span><\/a><\/p>\n<hr \/>\n<p><a href=\"https:\/\/sipac.ufrrj.br\/public\/jsp\/documentos\/documento_visualizacao.jsf?idDoc=1892605\" target=\"_blank\" rel=\"noopener\"><span style=\"color: #0000ff\">Ata da 147\u00aa Reuni\u00e3o Extrao<\/span><span style=\"color: #0000ff\">rdin\u00e1ria de 11 de julho<\/span><span style=\"color: #0000ff\">\u00a0de 2025<\/span><\/a><\/p>\n<hr \/>\n<p><a href=\"https:\/\/sipac.ufrrj.br\/public\/jsp\/documentos\/documento_visualizacao.jsf?idDoc=1867544\" target=\"_blank\" rel=\"noopener\"><span style=\"color: #0000ff\">Ata da 241\u00aa Reuni\u00e3o Ordin\u00e1ria de 9 de junho<\/span><span style=\"color: #0000ff\">\u00a0de 2025<\/span><\/a><\/p>\n<hr \/>\n<p><a href=\"https:\/\/sipac.ufrrj.br\/public\/jsp\/documentos\/documento_visualizacao.jsf?idDoc=1853336\" target=\"_blank\" rel=\"noopener\"><span style=\"color: #0000ff\">Ata da 240\u00aa Reuni\u00e3o Ordin\u00e1ria de 9 de maio<\/span><span style=\"color: #0000ff\">\u00a0de 2025<\/span><\/a><\/p>\n<hr \/>\n<p><a href=\"https:\/\/sipac.ufrrj.br\/public\/jsp\/documentos\/documento_visualizacao.jsf?idDoc=1830928\" target=\"_blank\" rel=\"noopener\"><span style=\"color: #0000ff\">Ata da 239\u00aa Reuni\u00e3o Ordin\u00e1ria de 11 de abril<\/span><span style=\"color: #0000ff\">\u00a0de 2025<\/span><\/a><\/p>\n<hr \/>\n<p><a href=\"https:\/\/sipac.ufrrj.br\/public\/jsp\/documentos\/documento_visualizacao.jsf?idDoc=1822570\" target=\"_blank\" rel=\"noopener\"><span style=\"color: #0000ff\">Ata da 238\u00aa Reuni\u00e3o Ordin\u00e1ria de 14 de mar\u00e7o de 2025<\/span><\/a><\/p>\n<hr \/>\n<p><a href=\"https:\/\/sipac.ufrrj.br\/public\/jsp\/documentos\/documento_visualizacao.jsf?idDoc=1786341\"><span style=\"color: #0000ff\">Ata da 237\u00aa Reuni\u00e3o Ordin\u00e1ria de 10 de fevereiro de 2025<\/span><\/a><\/p>\n<hr \/>\n<p>&nbsp;<\/p>\n","protected":false},"excerpt":{"rendered":"<p>Atas das Reuni\u00f5es do CONSUNI-IF de 2025 &nbsp; Ata da 247\u00aa Reuni\u00e3o Ordin\u00e1ria de 8 de dezembro de 2025 Ata <a class=\"read-more\" href=\"https:\/\/institucional.ufrrj.br\/nidflor\/atas-de-2025\/ \">&#8230; <i class=\"fa fa-long-arrow-right\"><\/i><\/a><\/p>\n","protected":false},"author":817,"featured_media":0,"parent":0,"menu_order":0,"comment_status":"closed","ping_status":"closed","template":"","meta":{"_acf_changed":false,"footnotes":""},"class_list":["post-1694","page","type-page","status-publish","hentry"],"yoast_head":"<!-- This site is optimized with the Yoast SEO plugin v27.2 - https:\/\/yoast.com\/product\/yoast-seo-wordpress\/ -->\n<title>Atas de 2025 - NIDFLOR<\/title>\n<meta name=\"robots\" content=\"index, follow, max-snippet:-1, max-image-preview:large, max-video-preview:-1\" \/>\n<link rel=\"canonical\" href=\"https:\/\/institucional.ufrrj.br\/nidflor\/atas-de-2025\/\" \/>\n<meta property=\"og:locale\" content=\"pt_BR\" \/>\n<meta property=\"og:type\" content=\"article\" \/>\n<meta property=\"og:title\" content=\"Atas de 2025 - NIDFLOR\" \/>\n<meta property=\"og:description\" content=\"Atas das Reuni\u00f5es do CONSUNI-IF de 2025 &nbsp; Ata da 247\u00aa Reuni\u00e3o Ordin\u00e1ria de 8 de dezembro de 2025 Ata ...\" \/>\n<meta property=\"og:url\" content=\"https:\/\/institucional.ufrrj.br\/nidflor\/atas-de-2025\/\" \/>\n<meta property=\"og:site_name\" content=\"NIDFLOR\" \/>\n<meta property=\"article:modified_time\" content=\"2025-12-11T19:12:44+00:00\" \/>\n<meta name=\"twitter:card\" content=\"summary_large_image\" \/>\n<meta name=\"twitter:label1\" content=\"Est. tempo de leitura\" \/>\n\t<meta name=\"twitter:data1\" content=\"1 minuto\" \/>\n<script type=\"application\/ld+json\" class=\"yoast-schema-graph\">{\"@context\":\"https:\/\/schema.org\",\"@graph\":[{\"@type\":\"WebPage\",\"@id\":\"https:\/\/institucional.ufrrj.br\/nidflor\/atas-de-2025\/\",\"url\":\"https:\/\/institucional.ufrrj.br\/nidflor\/atas-de-2025\/\",\"name\":\"Atas de 2025 - NIDFLOR\",\"isPartOf\":{\"@id\":\"https:\/\/institucional.ufrrj.br\/nidflor\/#website\"},\"datePublished\":\"2025-01-24T11:23:07+00:00\",\"dateModified\":\"2025-12-11T19:12:44+00:00\",\"breadcrumb\":{\"@id\":\"https:\/\/institucional.ufrrj.br\/nidflor\/atas-de-2025\/#breadcrumb\"},\"inLanguage\":\"pt-BR\",\"potentialAction\":[{\"@type\":\"ReadAction\",\"target\":[\"https:\/\/institucional.ufrrj.br\/nidflor\/atas-de-2025\/\"]}]},{\"@type\":\"BreadcrumbList\",\"@id\":\"https:\/\/institucional.ufrrj.br\/nidflor\/atas-de-2025\/#breadcrumb\",\"itemListElement\":[{\"@type\":\"ListItem\",\"position\":1,\"name\":\"In\u00edcio\",\"item\":\"https:\/\/institucional.ufrrj.br\/nidflor\/\"},{\"@type\":\"ListItem\",\"position\":2,\"name\":\"Atas de 2025\"}]},{\"@type\":\"WebSite\",\"@id\":\"https:\/\/institucional.ufrrj.br\/nidflor\/#website\",\"url\":\"https:\/\/institucional.ufrrj.br\/nidflor\/\",\"name\":\"NIDFLOR\",\"description\":\"N\u00facleo de Informa\u00e7\u00e3o e Documenta\u00e7\u00e3o Florestal - UFRRJ\",\"potentialAction\":[{\"@type\":\"SearchAction\",\"target\":{\"@type\":\"EntryPoint\",\"urlTemplate\":\"https:\/\/institucional.ufrrj.br\/nidflor\/?s={search_term_string}\"},\"query-input\":{\"@type\":\"PropertyValueSpecification\",\"valueRequired\":true,\"valueName\":\"search_term_string\"}}],\"inLanguage\":\"pt-BR\"}]}<\/script>\n<!-- \/ Yoast SEO plugin. -->","yoast_head_json":{"title":"Atas de 2025 - NIDFLOR","robots":{"index":"index","follow":"follow","max-snippet":"max-snippet:-1","max-image-preview":"max-image-preview:large","max-video-preview":"max-video-preview:-1"},"canonical":"https:\/\/institucional.ufrrj.br\/nidflor\/atas-de-2025\/","og_locale":"pt_BR","og_type":"article","og_title":"Atas de 2025 - NIDFLOR","og_description":"Atas das Reuni\u00f5es do CONSUNI-IF de 2025 &nbsp; Ata da 247\u00aa Reuni\u00e3o Ordin\u00e1ria de 8 de dezembro de 2025 Ata ...","og_url":"https:\/\/institucional.ufrrj.br\/nidflor\/atas-de-2025\/","og_site_name":"NIDFLOR","article_modified_time":"2025-12-11T19:12:44+00:00","twitter_card":"summary_large_image","twitter_misc":{"Est. tempo de leitura":"1 minuto"},"schema":{"@context":"https:\/\/schema.org","@graph":[{"@type":"WebPage","@id":"https:\/\/institucional.ufrrj.br\/nidflor\/atas-de-2025\/","url":"https:\/\/institucional.ufrrj.br\/nidflor\/atas-de-2025\/","name":"Atas de 2025 - NIDFLOR","isPartOf":{"@id":"https:\/\/institucional.ufrrj.br\/nidflor\/#website"},"datePublished":"2025-01-24T11:23:07+00:00","dateModified":"2025-12-11T19:12:44+00:00","breadcrumb":{"@id":"https:\/\/institucional.ufrrj.br\/nidflor\/atas-de-2025\/#breadcrumb"},"inLanguage":"pt-BR","potentialAction":[{"@type":"ReadAction","target":["https:\/\/institucional.ufrrj.br\/nidflor\/atas-de-2025\/"]}]},{"@type":"BreadcrumbList","@id":"https:\/\/institucional.ufrrj.br\/nidflor\/atas-de-2025\/#breadcrumb","itemListElement":[{"@type":"ListItem","position":1,"name":"In\u00edcio","item":"https:\/\/institucional.ufrrj.br\/nidflor\/"},{"@type":"ListItem","position":2,"name":"Atas de 2025"}]},{"@type":"WebSite","@id":"https:\/\/institucional.ufrrj.br\/nidflor\/#website","url":"https:\/\/institucional.ufrrj.br\/nidflor\/","name":"NIDFLOR","description":"N\u00facleo de Informa\u00e7\u00e3o e Documenta\u00e7\u00e3o Florestal - UFRRJ","potentialAction":[{"@type":"SearchAction","target":{"@type":"EntryPoint","urlTemplate":"https:\/\/institucional.ufrrj.br\/nidflor\/?s={search_term_string}"},"query-input":{"@type":"PropertyValueSpecification","valueRequired":true,"valueName":"search_term_string"}}],"inLanguage":"pt-BR"}]}},"acf":[],"_links":{"self":[{"href":"https:\/\/institucional.ufrrj.br\/nidflor\/wp-json\/wp\/v2\/pages\/1694","targetHints":{"allow":["GET"]}}],"collection":[{"href":"https:\/\/institucional.ufrrj.br\/nidflor\/wp-json\/wp\/v2\/pages"}],"about":[{"href":"https:\/\/institucional.ufrrj.br\/nidflor\/wp-json\/wp\/v2\/types\/page"}],"author":[{"embeddable":true,"href":"https:\/\/institucional.ufrrj.br\/nidflor\/wp-json\/wp\/v2\/users\/817"}],"replies":[{"embeddable":true,"href":"https:\/\/institucional.ufrrj.br\/nidflor\/wp-json\/wp\/v2\/comments?post=1694"}],"version-history":[{"count":2,"href":"https:\/\/institucional.ufrrj.br\/nidflor\/wp-json\/wp\/v2\/pages\/1694\/revisions"}],"predecessor-version":[{"id":1863,"href":"https:\/\/institucional.ufrrj.br\/nidflor\/wp-json\/wp\/v2\/pages\/1694\/revisions\/1863"}],"wp:attachment":[{"href":"https:\/\/institucional.ufrrj.br\/nidflor\/wp-json\/wp\/v2\/media?parent=1694"}],"curies":[{"name":"wp","href":"https:\/\/api.w.org\/{rel}","templated":true}]}}