{"id":1404,"date":"2023-04-20T08:53:26","date_gmt":"2023-04-20T11:53:26","guid":{"rendered":"https:\/\/institucional.ufrrj.br\/nidflor\/?page_id=1404"},"modified":"2023-07-06T09:30:07","modified_gmt":"2023-07-06T12:30:07","slug":"eleicoes-para-escolha-de-representacao-das-categorias-discente-tecnico-administrativa-e-docente-junto-ao-consuni-if-2023","status":"publish","type":"page","link":"https:\/\/institucional.ufrrj.br\/nidflor\/eleicoes-para-escolha-de-representacao-das-categorias-discente-tecnico-administrativa-e-docente-junto-ao-consuni-if-2023\/","title":{"rendered":"Elei\u00e7\u00f5es para escolha de representa\u00e7\u00f5es das categorias discente, t\u00e9cnico-administrativa e docente junto ao CONSUNI \u2013 IF (2023)."},"content":{"rendered":"<hr \/>\n<p><span style=\"color: #0000ff\"><a style=\"color: #0000ff\" href=\"https:\/\/sipac.ufrrj.br\/public\/jsp\/documentos\/documento_visualizacao.jsf?idDoc=1275587\" target=\"_blank\" rel=\"noopener\">Portaria da comiss\u00e3o eleitoral para pleito da representa\u00e7\u00e3o docente <\/a><span style=\"color: #000000\">(Publicado em 20\/04\/2023)<\/span><\/span><\/p>\n<p><span style=\"color: #0000ff\"><a style=\"color: #0000ff\" href=\"https:\/\/sipac.ufrrj.br\/public\/jsp\/documentos\/documento_visualizacao.jsf?idDoc=1275593\" target=\"_blank\" rel=\"noopener\">Portaria da comiss\u00e3o eleitoral para pleito da representa\u00e7\u00e3o t\u00e9cnico-administrativa <\/a><span style=\"color: #000000\">(Publicado em 20\/04\/2023)<\/span><\/span><\/p>\n<p><span style=\"color: #0000ff\"><a style=\"color: #0000ff\" href=\"https:\/\/sipac.ufrrj.br\/public\/jsp\/documentos\/documento_visualizacao.jsf?idDoc=1275713\" target=\"_blank\" rel=\"noopener\">Portaria da comiss\u00e3o eleitoral para pleito da representa\u00e7\u00e3o discente <\/a><span style=\"color: #000000\">(Publicado em 20\/04\/2023)<\/span><\/span><\/p>\n<p><a href=\"https:\/\/sipac.ufrrj.br\/public\/jsp\/documentos\/documento_visualizacao.jsf?idDoc=1279437\" target=\"_blank\" rel=\"noopener\"><span style=\"color: #0000ff\">Edital &#8211; Representa\u00e7\u00e3o docente<\/span> <\/a>(Publicado em 25\/04\/2023)<\/p>\n<p><a href=\"https:\/\/sipac.ufrrj.br\/public\/jsp\/documentos\/documento_visualizacao.jsf?idDoc=1279456\" target=\"_blank\" rel=\"noopener\"><span style=\"color: #0000ff\">Edital &#8211; Representa\u00e7\u00e3o t\u00e9cnico-administrativa<\/span> <\/a>(Publicado em 25\/04\/2023)<\/p>\n<p><a href=\"https:\/\/sipac.ufrrj.br\/public\/jsp\/documentos\/documento_visualizacao.jsf?idDoc=1279376\" target=\"_blank\" rel=\"noopener\"><span style=\"color: #0000ff\">Edital &#8211; Representa\u00e7\u00e3o discente<\/span> <\/a>(Publicado em 25\/04\/2023)<\/p>\n<p><span style=\"color: #0000ff\"><a style=\"color: #0000ff\" href=\"https:\/\/institucional.ufrrj.br\/nidflor\/files\/2023\/05\/Comunicado-de-prorrogacao-das-inscricoes-representante-discentes-Consuni-IF-2023.pdf\" target=\"_blank\" rel=\"noopener\">Comunicado de prorroga\u00e7\u00e3o do per\u00edodo de inscri\u00e7\u00f5es de candidaturas para elei\u00e7\u00e3o de representa\u00e7\u00e3o <\/a><\/span><strong><span style=\"color: #0000ff\">discente<\/span>\u00a0<\/strong>(Publicado em 08\/05\/2023)<\/p>\n<p><span style=\"color: #0000ff\"><a style=\"color: #0000ff\" href=\"https:\/\/institucional.ufrrj.br\/nidflor\/files\/2023\/05\/Candidaturas-homologadas-representante-docente-Consuni-IF-2023.pdf\" target=\"_blank\" rel=\"noopener\">Homologa\u00e7\u00e3o dos candidatos inscritos &#8211; representa\u00e7\u00e3o docente<\/a><\/span><strong>\u00a0<\/strong>(Publicado em 10\/05\/2023)<\/p>\n<p><a href=\"https:\/\/institucional.ufrrj.br\/nidflor\/files\/2023\/05\/Candidaturas-homologadas-representante-TA-Consuni-IF-2023.pdf\" target=\"_blank\" rel=\"noopener\"><span style=\"color: #0000ff\">Homologa\u00e7\u00e3o dos candidatos inscritos &#8211; representa\u00e7\u00e3o t\u00e9cnico-administrativa<\/span><\/a><strong>\u00a0<\/strong>(Publicado em 10\/05\/2023)<\/p>\n<p><a href=\"https:\/\/institucional.ufrrj.br\/nidflor\/files\/2023\/05\/Comunicado-sobre-candidaturas-para-representante-discente-Consuni-IF-2023.pdf\" target=\"_blank\" rel=\"noopener\"><span style=\"color: #0000ff\">Comunicado sobre candidaturas para representa\u00e7\u00e3o discente<\/span><\/a> (Publicado em 25\/05\/2023)<\/p>\n<p><a href=\"https:\/\/institucional.ufrrj.br\/nidflor\/files\/2023\/05\/Instrucoes-para-votacao.pdf\" target=\"_blank\" rel=\"noopener\"><span style=\"color: #0000ff\">Instru\u00e7\u00f5es para vota\u00e7\u00e3o na elei\u00e7\u00e3o &#8211; categorias docente e t\u00e9cnico-administrativa<\/span><\/a> (Publicado em 25\/05\/2023)<\/p>\n<p><a href=\"https:\/\/institucional.ufrrj.br\/nidflor\/files\/2023\/05\/Comunicado-quanto-a-apuracao-das-eleicoes.pdf\" target=\"_blank\" rel=\"noopener\"><span style=\"color: #0000ff\">Comunicado &#8211; Sess\u00e3o de apura\u00e7\u00e3o do resultado das elei\u00e7\u00f5es &#8211; categorias<\/span> <span style=\"color: #0000ff\">docente e t\u00e9cnico-administrativa <\/span><\/a>(Publicado em 29\/05\/2023)<\/p>\n<p><a href=\"https:\/\/institucional.ufrrj.br\/nidflor\/files\/2023\/05\/Comunicado-de-nova-prorrogacao-das-inscricoes-representante-discentes-Consuni-IF-2023.pdf\" target=\"_blank\" rel=\"noopener\"><span style=\"color: #0000ff\">Comunicado de nova prorroga\u00e7\u00e3o do per\u00edodo de inscri\u00e7\u00f5es de candidaturas para elei\u00e7\u00e3o de representa\u00e7\u00e3o <\/span><\/a><strong><span style=\"color: #0000ff\">discente<\/span>\u00a0<\/strong>(Publicado em 31\/05\/2023)<\/p>\n<p><a href=\"https:\/\/institucional.ufrrj.br\/nidflor\/files\/2023\/06\/relatorio_final_votacao_-docentes-Consuni-IF-2023-2025.pdf\" target=\"_blank\" rel=\"noopener\"><span style=\"color: #0000ff\">Resultado &#8211; Apura\u00e7\u00e3o da vota\u00e7\u00e3o para elei\u00e7\u00e3o segmento docente<\/span><\/a> (Publicado em 07\/06\/2023)<\/p>\n<p><a href=\"https:\/\/institucional.ufrrj.br\/nidflor\/files\/2023\/06\/relatorio_final_votacao-tecnicos-administrativos-Consuni-IF-2023-2025.pdf\" target=\"_blank\" rel=\"noopener\"><span style=\"color: #0000ff\">Resultado &#8211; Apura\u00e7\u00e3o da vota\u00e7\u00e3o para elei\u00e7\u00e3o segmento t\u00e9cnico-administrativo<\/span><\/a> (Publicado em 07\/06\/2023)<\/p>\n<p><a href=\"https:\/\/institucional.ufrrj.br\/nidflor\/files\/2023\/06\/Homologacao-das-inscricoes-para-eleicao-de-representante-discente-junto-ao-CONSUNI-IF-2023-e-divulgacao-das-datas-de-votacao-e-apuracao-da-eleicao.pdf\" target=\"_blank\" rel=\"noopener\"><span style=\"color: #0000ff\">Homologa\u00e7\u00e3o das candidaturas discentes e divulga\u00e7\u00e3o de datas de vota\u00e7\u00e3o e apura\u00e7\u00e3o da elei\u00e7\u00e3o<\/span><\/a> (Publicado em 20\/06\/2023)<\/p>\n<p><a href=\"https:\/\/institucional.ufrrj.br\/nidflor\/files\/2023\/07\/relatorio_final_votacao-discentes-consuni-IF-2023-2024.pdf\" target=\"_blank\" rel=\"noopener\"><span style=\"color: #0000ff\">Resultado &#8211; Apura\u00e7\u00e3o da vota\u00e7\u00e3o para elei\u00e7\u00e3o segmento discente<\/span><\/a> (Publicado em 06\/07\/2023)<\/p>\n<p>&nbsp;<\/p>\n<hr \/>\n<p>&nbsp;<\/p>\n","protected":false},"excerpt":{"rendered":"<p>Portaria da comiss\u00e3o eleitoral para pleito da representa\u00e7\u00e3o docente (Publicado em 20\/04\/2023) Portaria da comiss\u00e3o eleitoral para pleito da representa\u00e7\u00e3o <a class=\"read-more\" href=\"https:\/\/institucional.ufrrj.br\/nidflor\/eleicoes-para-escolha-de-representacao-das-categorias-discente-tecnico-administrativa-e-docente-junto-ao-consuni-if-2023\/ \">&#8230; <i class=\"fa fa-long-arrow-right\"><\/i><\/a><\/p>\n","protected":false},"author":817,"featured_media":0,"parent":0,"menu_order":0,"comment_status":"closed","ping_status":"closed","template":"","meta":{"_acf_changed":false,"footnotes":""},"class_list":["post-1404","page","type-page","status-publish","hentry"],"yoast_head":"<!-- This site is optimized with the Yoast SEO plugin v27.2 - https:\/\/yoast.com\/product\/yoast-seo-wordpress\/ -->\n<title>Elei\u00e7\u00f5es para escolha de representa\u00e7\u00f5es das categorias discente, t\u00e9cnico-administrativa e docente junto ao CONSUNI \u2013 IF (2023). - NIDFLOR<\/title>\n<meta name=\"robots\" content=\"index, follow, max-snippet:-1, max-image-preview:large, max-video-preview:-1\" \/>\n<link rel=\"canonical\" href=\"https:\/\/institucional.ufrrj.br\/nidflor\/eleicoes-para-escolha-de-representacao-das-categorias-discente-tecnico-administrativa-e-docente-junto-ao-consuni-if-2023\/\" \/>\n<meta property=\"og:locale\" content=\"pt_BR\" \/>\n<meta property=\"og:type\" content=\"article\" \/>\n<meta property=\"og:title\" content=\"Elei\u00e7\u00f5es para escolha de representa\u00e7\u00f5es das categorias discente, t\u00e9cnico-administrativa e docente junto ao CONSUNI \u2013 IF (2023). - NIDFLOR\" \/>\n<meta property=\"og:description\" content=\"Portaria da comiss\u00e3o eleitoral para pleito da representa\u00e7\u00e3o docente (Publicado em 20\/04\/2023) Portaria da comiss\u00e3o eleitoral para pleito da representa\u00e7\u00e3o ...\" \/>\n<meta property=\"og:url\" content=\"https:\/\/institucional.ufrrj.br\/nidflor\/eleicoes-para-escolha-de-representacao-das-categorias-discente-tecnico-administrativa-e-docente-junto-ao-consuni-if-2023\/\" \/>\n<meta property=\"og:site_name\" content=\"NIDFLOR\" \/>\n<meta property=\"article:modified_time\" content=\"2023-07-06T12:30:07+00:00\" \/>\n<meta name=\"twitter:card\" content=\"summary_large_image\" \/>\n<meta name=\"twitter:label1\" content=\"Est. tempo de leitura\" \/>\n\t<meta name=\"twitter:data1\" content=\"1 minuto\" \/>\n<script type=\"application\/ld+json\" class=\"yoast-schema-graph\">{\"@context\":\"https:\/\/schema.org\",\"@graph\":[{\"@type\":\"WebPage\",\"@id\":\"https:\/\/institucional.ufrrj.br\/nidflor\/eleicoes-para-escolha-de-representacao-das-categorias-discente-tecnico-administrativa-e-docente-junto-ao-consuni-if-2023\/\",\"url\":\"https:\/\/institucional.ufrrj.br\/nidflor\/eleicoes-para-escolha-de-representacao-das-categorias-discente-tecnico-administrativa-e-docente-junto-ao-consuni-if-2023\/\",\"name\":\"Elei\u00e7\u00f5es para escolha de representa\u00e7\u00f5es das categorias discente, t\u00e9cnico-administrativa e docente junto ao CONSUNI \u2013 IF (2023). - NIDFLOR\",\"isPartOf\":{\"@id\":\"https:\/\/institucional.ufrrj.br\/nidflor\/#website\"},\"datePublished\":\"2023-04-20T11:53:26+00:00\",\"dateModified\":\"2023-07-06T12:30:07+00:00\",\"breadcrumb\":{\"@id\":\"https:\/\/institucional.ufrrj.br\/nidflor\/eleicoes-para-escolha-de-representacao-das-categorias-discente-tecnico-administrativa-e-docente-junto-ao-consuni-if-2023\/#breadcrumb\"},\"inLanguage\":\"pt-BR\",\"potentialAction\":[{\"@type\":\"ReadAction\",\"target\":[\"https:\/\/institucional.ufrrj.br\/nidflor\/eleicoes-para-escolha-de-representacao-das-categorias-discente-tecnico-administrativa-e-docente-junto-ao-consuni-if-2023\/\"]}]},{\"@type\":\"BreadcrumbList\",\"@id\":\"https:\/\/institucional.ufrrj.br\/nidflor\/eleicoes-para-escolha-de-representacao-das-categorias-discente-tecnico-administrativa-e-docente-junto-ao-consuni-if-2023\/#breadcrumb\",\"itemListElement\":[{\"@type\":\"ListItem\",\"position\":1,\"name\":\"In\u00edcio\",\"item\":\"https:\/\/institucional.ufrrj.br\/nidflor\/\"},{\"@type\":\"ListItem\",\"position\":2,\"name\":\"Elei\u00e7\u00f5es para escolha de representa\u00e7\u00f5es das categorias discente, t\u00e9cnico-administrativa e docente junto ao CONSUNI \u2013 IF (2023).\"}]},{\"@type\":\"WebSite\",\"@id\":\"https:\/\/institucional.ufrrj.br\/nidflor\/#website\",\"url\":\"https:\/\/institucional.ufrrj.br\/nidflor\/\",\"name\":\"NIDFLOR\",\"description\":\"N\u00facleo de Informa\u00e7\u00e3o e Documenta\u00e7\u00e3o Florestal - UFRRJ\",\"potentialAction\":[{\"@type\":\"SearchAction\",\"target\":{\"@type\":\"EntryPoint\",\"urlTemplate\":\"https:\/\/institucional.ufrrj.br\/nidflor\/?s={search_term_string}\"},\"query-input\":{\"@type\":\"PropertyValueSpecification\",\"valueRequired\":true,\"valueName\":\"search_term_string\"}}],\"inLanguage\":\"pt-BR\"}]}<\/script>\n<!-- \/ Yoast SEO plugin. -->","yoast_head_json":{"title":"Elei\u00e7\u00f5es para escolha de representa\u00e7\u00f5es das categorias discente, t\u00e9cnico-administrativa e docente junto ao CONSUNI \u2013 IF (2023). - NIDFLOR","robots":{"index":"index","follow":"follow","max-snippet":"max-snippet:-1","max-image-preview":"max-image-preview:large","max-video-preview":"max-video-preview:-1"},"canonical":"https:\/\/institucional.ufrrj.br\/nidflor\/eleicoes-para-escolha-de-representacao-das-categorias-discente-tecnico-administrativa-e-docente-junto-ao-consuni-if-2023\/","og_locale":"pt_BR","og_type":"article","og_title":"Elei\u00e7\u00f5es para escolha de representa\u00e7\u00f5es das categorias discente, t\u00e9cnico-administrativa e docente junto ao CONSUNI \u2013 IF (2023). - NIDFLOR","og_description":"Portaria da comiss\u00e3o eleitoral para pleito da representa\u00e7\u00e3o docente (Publicado em 20\/04\/2023) Portaria da comiss\u00e3o eleitoral para pleito da representa\u00e7\u00e3o ...","og_url":"https:\/\/institucional.ufrrj.br\/nidflor\/eleicoes-para-escolha-de-representacao-das-categorias-discente-tecnico-administrativa-e-docente-junto-ao-consuni-if-2023\/","og_site_name":"NIDFLOR","article_modified_time":"2023-07-06T12:30:07+00:00","twitter_card":"summary_large_image","twitter_misc":{"Est. tempo de leitura":"1 minuto"},"schema":{"@context":"https:\/\/schema.org","@graph":[{"@type":"WebPage","@id":"https:\/\/institucional.ufrrj.br\/nidflor\/eleicoes-para-escolha-de-representacao-das-categorias-discente-tecnico-administrativa-e-docente-junto-ao-consuni-if-2023\/","url":"https:\/\/institucional.ufrrj.br\/nidflor\/eleicoes-para-escolha-de-representacao-das-categorias-discente-tecnico-administrativa-e-docente-junto-ao-consuni-if-2023\/","name":"Elei\u00e7\u00f5es para escolha de representa\u00e7\u00f5es das categorias discente, t\u00e9cnico-administrativa e docente junto ao CONSUNI \u2013 IF (2023). - NIDFLOR","isPartOf":{"@id":"https:\/\/institucional.ufrrj.br\/nidflor\/#website"},"datePublished":"2023-04-20T11:53:26+00:00","dateModified":"2023-07-06T12:30:07+00:00","breadcrumb":{"@id":"https:\/\/institucional.ufrrj.br\/nidflor\/eleicoes-para-escolha-de-representacao-das-categorias-discente-tecnico-administrativa-e-docente-junto-ao-consuni-if-2023\/#breadcrumb"},"inLanguage":"pt-BR","potentialAction":[{"@type":"ReadAction","target":["https:\/\/institucional.ufrrj.br\/nidflor\/eleicoes-para-escolha-de-representacao-das-categorias-discente-tecnico-administrativa-e-docente-junto-ao-consuni-if-2023\/"]}]},{"@type":"BreadcrumbList","@id":"https:\/\/institucional.ufrrj.br\/nidflor\/eleicoes-para-escolha-de-representacao-das-categorias-discente-tecnico-administrativa-e-docente-junto-ao-consuni-if-2023\/#breadcrumb","itemListElement":[{"@type":"ListItem","position":1,"name":"In\u00edcio","item":"https:\/\/institucional.ufrrj.br\/nidflor\/"},{"@type":"ListItem","position":2,"name":"Elei\u00e7\u00f5es para escolha de representa\u00e7\u00f5es das categorias discente, t\u00e9cnico-administrativa e docente junto ao CONSUNI \u2013 IF (2023)."}]},{"@type":"WebSite","@id":"https:\/\/institucional.ufrrj.br\/nidflor\/#website","url":"https:\/\/institucional.ufrrj.br\/nidflor\/","name":"NIDFLOR","description":"N\u00facleo de Informa\u00e7\u00e3o e Documenta\u00e7\u00e3o Florestal - UFRRJ","potentialAction":[{"@type":"SearchAction","target":{"@type":"EntryPoint","urlTemplate":"https:\/\/institucional.ufrrj.br\/nidflor\/?s={search_term_string}"},"query-input":{"@type":"PropertyValueSpecification","valueRequired":true,"valueName":"search_term_string"}}],"inLanguage":"pt-BR"}]}},"acf":[],"_links":{"self":[{"href":"https:\/\/institucional.ufrrj.br\/nidflor\/wp-json\/wp\/v2\/pages\/1404","targetHints":{"allow":["GET"]}}],"collection":[{"href":"https:\/\/institucional.ufrrj.br\/nidflor\/wp-json\/wp\/v2\/pages"}],"about":[{"href":"https:\/\/institucional.ufrrj.br\/nidflor\/wp-json\/wp\/v2\/types\/page"}],"author":[{"embeddable":true,"href":"https:\/\/institucional.ufrrj.br\/nidflor\/wp-json\/wp\/v2\/users\/817"}],"replies":[{"embeddable":true,"href":"https:\/\/institucional.ufrrj.br\/nidflor\/wp-json\/wp\/v2\/comments?post=1404"}],"version-history":[{"count":22,"href":"https:\/\/institucional.ufrrj.br\/nidflor\/wp-json\/wp\/v2\/pages\/1404\/revisions"}],"predecessor-version":[{"id":1474,"href":"https:\/\/institucional.ufrrj.br\/nidflor\/wp-json\/wp\/v2\/pages\/1404\/revisions\/1474"}],"wp:attachment":[{"href":"https:\/\/institucional.ufrrj.br\/nidflor\/wp-json\/wp\/v2\/media?parent=1404"}],"curies":[{"name":"wp","href":"https:\/\/api.w.org\/{rel}","templated":true}]}}