{"id":1291,"date":"2022-10-04T07:38:06","date_gmt":"2022-10-04T10:38:06","guid":{"rendered":"https:\/\/institucional.ufrrj.br\/nidflor\/?page_id=1291"},"modified":"2022-11-07T08:16:19","modified_gmt":"2022-11-07T11:16:19","slug":"eleicao-para-coordenador-e-vice-coordenador-para-o-curso-de-engenharia-florestal","status":"publish","type":"page","link":"https:\/\/institucional.ufrrj.br\/nidflor\/eleicao-para-coordenador-e-vice-coordenador-para-o-curso-de-engenharia-florestal\/","title":{"rendered":"Elei\u00e7\u00e3o para Coordenador e Vice-coordenador para o curso de Engenharia Florestal &#8211; Ano 2022"},"content":{"rendered":"<p>&nbsp;<\/p>\n<hr \/>\n<p><a href=\"https:\/\/institucional.ufrrj.br\/nidflor\/files\/2022\/10\/EDITAL_2022_ELEICAO-DE-COORDENADOR-E-VICE-COORDENADOR-DO-CURSO-DE-ENGENHARIA-FLORESTAL.pdf\" target=\"_blank\" rel=\"noopener\"><span style=\"color: #0000ff\">EDITAL_2022_ELEI\u00c7\u00c3O DE COORDENADOR E VICE COORDENADOR DO CURSO DE ENGENHARIA FLORESTAL<\/span><\/a> (Publicado em 04\/10\/2022)<\/p>\n<hr \/>\n<p><span style=\"color: #0000ff\"><a style=\"color: #0000ff\" href=\"https:\/\/sipac.ufrrj.br\/public\/jsp\/documentos\/documento_visualizacao.jsf?idDoc=1082237\" target=\"_blank\" rel=\"noopener\">Portaria de constitui\u00e7\u00e3o da comiss\u00e3o eleitoral: Portaria n\u00ba 5358 de 15 de agosto de 2022, do Diretor do Instituto de Florestas<\/a> <\/span>(Publicado em 04\/10\/2022)<\/p>\n<hr \/>\n<p><span style=\"color: #0000ff\"><a style=\"color: #0000ff\" href=\"https:\/\/institucional.ufrrj.br\/nidflor\/files\/2022\/10\/Propostas-Coordenacao-2.pdf\" target=\"_blank\" rel=\"noopener\">Configura\u00e7\u00e3o e propostas da <em>Chapa Prosperar<span style=\"color: #000000\">\u00a0 (<\/span><\/em><\/a><span style=\"color: #000000\">Publicado em 25\/10\/2022)<\/span><\/span><\/p>\n<hr \/>\n<p><span style=\"color: #0000ff\"><a style=\"color: #0000ff\" href=\"https:\/\/institutos.ufrrj.br\/if\/comunicado-da-comissao-eleitoral-para-escolha-de-nova-coordenacao-de-engenharia-florestal\/\" target=\"_blank\" rel=\"noopener\">Resultado final<\/a><\/span> (<span style=\"color: #0000ff\"><span style=\"color: #000000\">Publicado em 7\/11\/2022)<\/span><\/span><\/p>\n<hr \/>\n<p>&nbsp;<\/p>\n","protected":false},"excerpt":{"rendered":"<p>&nbsp; EDITAL_2022_ELEI\u00c7\u00c3O DE COORDENADOR E VICE COORDENADOR DO CURSO DE ENGENHARIA FLORESTAL (Publicado em 04\/10\/2022) Portaria de constitui\u00e7\u00e3o da comiss\u00e3o <a class=\"read-more\" href=\"https:\/\/institucional.ufrrj.br\/nidflor\/eleicao-para-coordenador-e-vice-coordenador-para-o-curso-de-engenharia-florestal\/ \">&#8230; <i class=\"fa fa-long-arrow-right\"><\/i><\/a><\/p>\n","protected":false},"author":817,"featured_media":0,"parent":0,"menu_order":0,"comment_status":"closed","ping_status":"closed","template":"","meta":{"_acf_changed":false,"footnotes":""},"class_list":["post-1291","page","type-page","status-publish","hentry"],"yoast_head":"<!-- This site is optimized with the Yoast SEO plugin v27.2 - https:\/\/yoast.com\/product\/yoast-seo-wordpress\/ -->\n<title>Elei\u00e7\u00e3o para Coordenador e Vice-coordenador para o curso de Engenharia Florestal - Ano 2022 - NIDFLOR<\/title>\n<meta name=\"robots\" content=\"index, follow, max-snippet:-1, max-image-preview:large, max-video-preview:-1\" \/>\n<link rel=\"canonical\" href=\"https:\/\/institucional.ufrrj.br\/nidflor\/eleicao-para-coordenador-e-vice-coordenador-para-o-curso-de-engenharia-florestal\/\" \/>\n<meta property=\"og:locale\" content=\"pt_BR\" \/>\n<meta property=\"og:type\" content=\"article\" \/>\n<meta property=\"og:title\" content=\"Elei\u00e7\u00e3o para Coordenador e Vice-coordenador para o curso de Engenharia Florestal - Ano 2022 - NIDFLOR\" \/>\n<meta property=\"og:description\" content=\"&nbsp; EDITAL_2022_ELEI\u00c7\u00c3O DE COORDENADOR E VICE COORDENADOR DO CURSO DE ENGENHARIA FLORESTAL (Publicado em 04\/10\/2022) Portaria de constitui\u00e7\u00e3o da comiss\u00e3o ...\" \/>\n<meta property=\"og:url\" content=\"https:\/\/institucional.ufrrj.br\/nidflor\/eleicao-para-coordenador-e-vice-coordenador-para-o-curso-de-engenharia-florestal\/\" \/>\n<meta property=\"og:site_name\" content=\"NIDFLOR\" \/>\n<meta property=\"article:modified_time\" content=\"2022-11-07T11:16:19+00:00\" \/>\n<meta name=\"twitter:card\" content=\"summary_large_image\" \/>\n<script type=\"application\/ld+json\" class=\"yoast-schema-graph\">{\"@context\":\"https:\/\/schema.org\",\"@graph\":[{\"@type\":\"WebPage\",\"@id\":\"https:\/\/institucional.ufrrj.br\/nidflor\/eleicao-para-coordenador-e-vice-coordenador-para-o-curso-de-engenharia-florestal\/\",\"url\":\"https:\/\/institucional.ufrrj.br\/nidflor\/eleicao-para-coordenador-e-vice-coordenador-para-o-curso-de-engenharia-florestal\/\",\"name\":\"Elei\u00e7\u00e3o para Coordenador e Vice-coordenador para o curso de Engenharia Florestal - Ano 2022 - NIDFLOR\",\"isPartOf\":{\"@id\":\"https:\/\/institucional.ufrrj.br\/nidflor\/#website\"},\"datePublished\":\"2022-10-04T10:38:06+00:00\",\"dateModified\":\"2022-11-07T11:16:19+00:00\",\"breadcrumb\":{\"@id\":\"https:\/\/institucional.ufrrj.br\/nidflor\/eleicao-para-coordenador-e-vice-coordenador-para-o-curso-de-engenharia-florestal\/#breadcrumb\"},\"inLanguage\":\"pt-BR\",\"potentialAction\":[{\"@type\":\"ReadAction\",\"target\":[\"https:\/\/institucional.ufrrj.br\/nidflor\/eleicao-para-coordenador-e-vice-coordenador-para-o-curso-de-engenharia-florestal\/\"]}]},{\"@type\":\"BreadcrumbList\",\"@id\":\"https:\/\/institucional.ufrrj.br\/nidflor\/eleicao-para-coordenador-e-vice-coordenador-para-o-curso-de-engenharia-florestal\/#breadcrumb\",\"itemListElement\":[{\"@type\":\"ListItem\",\"position\":1,\"name\":\"In\u00edcio\",\"item\":\"https:\/\/institucional.ufrrj.br\/nidflor\/\"},{\"@type\":\"ListItem\",\"position\":2,\"name\":\"Elei\u00e7\u00e3o para Coordenador e Vice-coordenador para o curso de Engenharia Florestal &#8211; Ano 2022\"}]},{\"@type\":\"WebSite\",\"@id\":\"https:\/\/institucional.ufrrj.br\/nidflor\/#website\",\"url\":\"https:\/\/institucional.ufrrj.br\/nidflor\/\",\"name\":\"NIDFLOR\",\"description\":\"N\u00facleo de Informa\u00e7\u00e3o e Documenta\u00e7\u00e3o Florestal - UFRRJ\",\"potentialAction\":[{\"@type\":\"SearchAction\",\"target\":{\"@type\":\"EntryPoint\",\"urlTemplate\":\"https:\/\/institucional.ufrrj.br\/nidflor\/?s={search_term_string}\"},\"query-input\":{\"@type\":\"PropertyValueSpecification\",\"valueRequired\":true,\"valueName\":\"search_term_string\"}}],\"inLanguage\":\"pt-BR\"}]}<\/script>\n<!-- \/ Yoast SEO plugin. -->","yoast_head_json":{"title":"Elei\u00e7\u00e3o para Coordenador e Vice-coordenador para o curso de Engenharia Florestal - Ano 2022 - NIDFLOR","robots":{"index":"index","follow":"follow","max-snippet":"max-snippet:-1","max-image-preview":"max-image-preview:large","max-video-preview":"max-video-preview:-1"},"canonical":"https:\/\/institucional.ufrrj.br\/nidflor\/eleicao-para-coordenador-e-vice-coordenador-para-o-curso-de-engenharia-florestal\/","og_locale":"pt_BR","og_type":"article","og_title":"Elei\u00e7\u00e3o para Coordenador e Vice-coordenador para o curso de Engenharia Florestal - Ano 2022 - NIDFLOR","og_description":"&nbsp; EDITAL_2022_ELEI\u00c7\u00c3O DE COORDENADOR E VICE COORDENADOR DO CURSO DE ENGENHARIA FLORESTAL (Publicado em 04\/10\/2022) Portaria de constitui\u00e7\u00e3o da comiss\u00e3o ...","og_url":"https:\/\/institucional.ufrrj.br\/nidflor\/eleicao-para-coordenador-e-vice-coordenador-para-o-curso-de-engenharia-florestal\/","og_site_name":"NIDFLOR","article_modified_time":"2022-11-07T11:16:19+00:00","twitter_card":"summary_large_image","schema":{"@context":"https:\/\/schema.org","@graph":[{"@type":"WebPage","@id":"https:\/\/institucional.ufrrj.br\/nidflor\/eleicao-para-coordenador-e-vice-coordenador-para-o-curso-de-engenharia-florestal\/","url":"https:\/\/institucional.ufrrj.br\/nidflor\/eleicao-para-coordenador-e-vice-coordenador-para-o-curso-de-engenharia-florestal\/","name":"Elei\u00e7\u00e3o para Coordenador e Vice-coordenador para o curso de Engenharia Florestal - Ano 2022 - NIDFLOR","isPartOf":{"@id":"https:\/\/institucional.ufrrj.br\/nidflor\/#website"},"datePublished":"2022-10-04T10:38:06+00:00","dateModified":"2022-11-07T11:16:19+00:00","breadcrumb":{"@id":"https:\/\/institucional.ufrrj.br\/nidflor\/eleicao-para-coordenador-e-vice-coordenador-para-o-curso-de-engenharia-florestal\/#breadcrumb"},"inLanguage":"pt-BR","potentialAction":[{"@type":"ReadAction","target":["https:\/\/institucional.ufrrj.br\/nidflor\/eleicao-para-coordenador-e-vice-coordenador-para-o-curso-de-engenharia-florestal\/"]}]},{"@type":"BreadcrumbList","@id":"https:\/\/institucional.ufrrj.br\/nidflor\/eleicao-para-coordenador-e-vice-coordenador-para-o-curso-de-engenharia-florestal\/#breadcrumb","itemListElement":[{"@type":"ListItem","position":1,"name":"In\u00edcio","item":"https:\/\/institucional.ufrrj.br\/nidflor\/"},{"@type":"ListItem","position":2,"name":"Elei\u00e7\u00e3o para Coordenador e Vice-coordenador para o curso de Engenharia Florestal &#8211; Ano 2022"}]},{"@type":"WebSite","@id":"https:\/\/institucional.ufrrj.br\/nidflor\/#website","url":"https:\/\/institucional.ufrrj.br\/nidflor\/","name":"NIDFLOR","description":"N\u00facleo de Informa\u00e7\u00e3o e Documenta\u00e7\u00e3o Florestal - UFRRJ","potentialAction":[{"@type":"SearchAction","target":{"@type":"EntryPoint","urlTemplate":"https:\/\/institucional.ufrrj.br\/nidflor\/?s={search_term_string}"},"query-input":{"@type":"PropertyValueSpecification","valueRequired":true,"valueName":"search_term_string"}}],"inLanguage":"pt-BR"}]}},"acf":[],"_links":{"self":[{"href":"https:\/\/institucional.ufrrj.br\/nidflor\/wp-json\/wp\/v2\/pages\/1291","targetHints":{"allow":["GET"]}}],"collection":[{"href":"https:\/\/institucional.ufrrj.br\/nidflor\/wp-json\/wp\/v2\/pages"}],"about":[{"href":"https:\/\/institucional.ufrrj.br\/nidflor\/wp-json\/wp\/v2\/types\/page"}],"author":[{"embeddable":true,"href":"https:\/\/institucional.ufrrj.br\/nidflor\/wp-json\/wp\/v2\/users\/817"}],"replies":[{"embeddable":true,"href":"https:\/\/institucional.ufrrj.br\/nidflor\/wp-json\/wp\/v2\/comments?post=1291"}],"version-history":[{"count":10,"href":"https:\/\/institucional.ufrrj.br\/nidflor\/wp-json\/wp\/v2\/pages\/1291\/revisions"}],"predecessor-version":[{"id":1322,"href":"https:\/\/institucional.ufrrj.br\/nidflor\/wp-json\/wp\/v2\/pages\/1291\/revisions\/1322"}],"wp:attachment":[{"href":"https:\/\/institucional.ufrrj.br\/nidflor\/wp-json\/wp\/v2\/media?parent=1291"}],"curies":[{"name":"wp","href":"https:\/\/api.w.org\/{rel}","templated":true}]}}