{"id":1132,"date":"2022-03-16T16:59:46","date_gmt":"2022-03-16T19:59:46","guid":{"rendered":"http:\/\/institucional.ufrrj.br\/nidflor\/?page_id=1132"},"modified":"2022-09-16T13:48:58","modified_gmt":"2022-09-16T16:48:58","slug":"atas-do-cepe-ca-de-2022","status":"publish","type":"page","link":"https:\/\/institucional.ufrrj.br\/nidflor\/atas-do-cepe-ca-de-2022\/","title":{"rendered":"Atas do CEPEA-CA de 2022"},"content":{"rendered":"<p>Clique nos links abaixo para acessar as atas das reuni\u00f5es do CEPEA-CA do ano de 2022:<\/p>\n<hr \/>\n<p><a href=\"https:\/\/sipac.ufrrj.br\/public\/jsp\/documentos\/documento_visualizacao.jsf?idDoc=1110991\"><span style=\"color: #0000ff\">Ata da 54\u00aa Reuni\u00e3o Ordin\u00e1ria do CEPEA-CA realizada no dia 19 de agosto de 2022.<\/span><\/a><\/p>\n<p><a href=\"https:\/\/sipac.ufrrj.br\/public\/jsp\/documentos\/documento_visualizacao.jsf?idDoc=1103627\" target=\"_blank\" rel=\"noopener\"><span style=\"color: #0000ff\">Ata da 4\u00aa Reuni\u00e3o Extraordin\u00e1ria do CEPEA-CA realizada no dia 8 de agosto de 2022.<\/span><\/a><\/p>\n<p><a href=\"https:\/\/sipac.ufrrj.br\/public\/jsp\/documentos\/documento_visualizacao.jsf?idDoc=1048443\"><span style=\"color: #0000ff\">Ata da 53\u00aa Reuni\u00e3o Ordin\u00e1ria do CEPEA-CA realizada no dia 20 de junho de 2022.<\/span><\/a><\/p>\n<p><a href=\"https:\/\/sipac.ufrrj.br\/public\/jsp\/documentos\/documento_visualizacao.jsf?idDoc=1057732\"><span style=\"color: #0000ff\">Ata da 52\u00aa Reuni\u00e3o Ordin\u00e1ria do CEPEA-CA realizada no dia 18 de maio de 2022.<\/span><\/a><\/p>\n<p><a href=\"https:\/\/sipac.ufrrj.br\/public\/jsp\/documentos\/documento_visualizacao.jsf?idDoc=996077\" target=\"_blank\" rel=\"noopener\"><span style=\"color: #0000ff\">Ata da 51\u00aa Reuni\u00e3o Ordin\u00e1ria do CEPEA-CA realizada no dia 19 de abril de 2022.<\/span><\/a><\/p>\n<p><a href=\"https:\/\/sipac.ufrrj.br\/public\/jsp\/documentos\/documento_visualizacao.jsf?idDoc=977948\"><span style=\"color: #0000ff\">Ata da 50\u00aa Reuni\u00e3o Ordin\u00e1ria do CEPEA-CA realizada no dia 21 de mar\u00e7o de 2022.<\/span><\/a><\/p>\n<p><span style=\"color: #0000ff\"><a style=\"color: #0000ff\" href=\"https:\/\/sipac.ufrrj.br\/public\/jsp\/documentos\/documento_visualizacao.jsf?idDoc=965097\">Ata da 48\u00aa Reuni\u00e3o Ordin\u00e1ria do CEPEA-CA realizada no dia 21 de janeiro de 2022.<\/a><\/span><\/p>\n<p><a href=\"https:\/\/sipac.ufrrj.br\/public\/jsp\/documentos\/documento_visualizacao.jsf?idDoc=1034704\" target=\"_blank\" rel=\"noopener\"><span style=\"color: #0000ff\">Ata da 47\u00aa Reuni\u00e3o Ordin\u00e1ria do CEPEA-CA realizada no dia 20 de dezembro de 2021.<\/span><\/a><\/p>\n<p>&nbsp;<\/p>\n","protected":false},"excerpt":{"rendered":"<p>Clique nos links abaixo para acessar as atas das reuni\u00f5es do CEPEA-CA do ano de 2022: Ata da 54\u00aa Reuni\u00e3o <a class=\"read-more\" href=\"https:\/\/institucional.ufrrj.br\/nidflor\/atas-do-cepe-ca-de-2022\/ \">&#8230; <i class=\"fa fa-long-arrow-right\"><\/i><\/a><\/p>\n","protected":false},"author":690,"featured_media":0,"parent":0,"menu_order":0,"comment_status":"closed","ping_status":"closed","template":"","meta":{"_acf_changed":false,"footnotes":""},"class_list":["post-1132","page","type-page","status-publish","hentry"],"yoast_head":"<!-- This site is optimized with the Yoast SEO plugin v27.2 - https:\/\/yoast.com\/product\/yoast-seo-wordpress\/ -->\n<title>Atas do CEPEA-CA de 2022 - NIDFLOR<\/title>\n<meta name=\"robots\" content=\"index, follow, max-snippet:-1, max-image-preview:large, max-video-preview:-1\" \/>\n<link rel=\"canonical\" href=\"https:\/\/institucional.ufrrj.br\/nidflor\/atas-do-cepe-ca-de-2022\/\" \/>\n<meta property=\"og:locale\" content=\"pt_BR\" \/>\n<meta property=\"og:type\" content=\"article\" \/>\n<meta property=\"og:title\" content=\"Atas do CEPEA-CA de 2022 - NIDFLOR\" \/>\n<meta property=\"og:description\" content=\"Clique nos links abaixo para acessar as atas das reuni\u00f5es do CEPEA-CA do ano de 2022: Ata da 54\u00aa Reuni\u00e3o ...\" \/>\n<meta property=\"og:url\" content=\"https:\/\/institucional.ufrrj.br\/nidflor\/atas-do-cepe-ca-de-2022\/\" \/>\n<meta property=\"og:site_name\" content=\"NIDFLOR\" \/>\n<meta property=\"article:modified_time\" content=\"2022-09-16T16:48:58+00:00\" \/>\n<meta name=\"twitter:card\" content=\"summary_large_image\" \/>\n<meta name=\"twitter:label1\" content=\"Est. tempo de leitura\" \/>\n\t<meta name=\"twitter:data1\" content=\"1 minuto\" \/>\n<script type=\"application\/ld+json\" class=\"yoast-schema-graph\">{\"@context\":\"https:\/\/schema.org\",\"@graph\":[{\"@type\":\"WebPage\",\"@id\":\"https:\/\/institucional.ufrrj.br\/nidflor\/atas-do-cepe-ca-de-2022\/\",\"url\":\"https:\/\/institucional.ufrrj.br\/nidflor\/atas-do-cepe-ca-de-2022\/\",\"name\":\"Atas do CEPEA-CA de 2022 - NIDFLOR\",\"isPartOf\":{\"@id\":\"https:\/\/institucional.ufrrj.br\/nidflor\/#website\"},\"datePublished\":\"2022-03-16T19:59:46+00:00\",\"dateModified\":\"2022-09-16T16:48:58+00:00\",\"breadcrumb\":{\"@id\":\"https:\/\/institucional.ufrrj.br\/nidflor\/atas-do-cepe-ca-de-2022\/#breadcrumb\"},\"inLanguage\":\"pt-BR\",\"potentialAction\":[{\"@type\":\"ReadAction\",\"target\":[\"https:\/\/institucional.ufrrj.br\/nidflor\/atas-do-cepe-ca-de-2022\/\"]}]},{\"@type\":\"BreadcrumbList\",\"@id\":\"https:\/\/institucional.ufrrj.br\/nidflor\/atas-do-cepe-ca-de-2022\/#breadcrumb\",\"itemListElement\":[{\"@type\":\"ListItem\",\"position\":1,\"name\":\"In\u00edcio\",\"item\":\"https:\/\/institucional.ufrrj.br\/nidflor\/\"},{\"@type\":\"ListItem\",\"position\":2,\"name\":\"Atas do CEPEA-CA de 2022\"}]},{\"@type\":\"WebSite\",\"@id\":\"https:\/\/institucional.ufrrj.br\/nidflor\/#website\",\"url\":\"https:\/\/institucional.ufrrj.br\/nidflor\/\",\"name\":\"NIDFLOR\",\"description\":\"N\u00facleo de Informa\u00e7\u00e3o e Documenta\u00e7\u00e3o Florestal - UFRRJ\",\"potentialAction\":[{\"@type\":\"SearchAction\",\"target\":{\"@type\":\"EntryPoint\",\"urlTemplate\":\"https:\/\/institucional.ufrrj.br\/nidflor\/?s={search_term_string}\"},\"query-input\":{\"@type\":\"PropertyValueSpecification\",\"valueRequired\":true,\"valueName\":\"search_term_string\"}}],\"inLanguage\":\"pt-BR\"}]}<\/script>\n<!-- \/ Yoast SEO plugin. -->","yoast_head_json":{"title":"Atas do CEPEA-CA de 2022 - NIDFLOR","robots":{"index":"index","follow":"follow","max-snippet":"max-snippet:-1","max-image-preview":"max-image-preview:large","max-video-preview":"max-video-preview:-1"},"canonical":"https:\/\/institucional.ufrrj.br\/nidflor\/atas-do-cepe-ca-de-2022\/","og_locale":"pt_BR","og_type":"article","og_title":"Atas do CEPEA-CA de 2022 - NIDFLOR","og_description":"Clique nos links abaixo para acessar as atas das reuni\u00f5es do CEPEA-CA do ano de 2022: Ata da 54\u00aa Reuni\u00e3o ...","og_url":"https:\/\/institucional.ufrrj.br\/nidflor\/atas-do-cepe-ca-de-2022\/","og_site_name":"NIDFLOR","article_modified_time":"2022-09-16T16:48:58+00:00","twitter_card":"summary_large_image","twitter_misc":{"Est. tempo de leitura":"1 minuto"},"schema":{"@context":"https:\/\/schema.org","@graph":[{"@type":"WebPage","@id":"https:\/\/institucional.ufrrj.br\/nidflor\/atas-do-cepe-ca-de-2022\/","url":"https:\/\/institucional.ufrrj.br\/nidflor\/atas-do-cepe-ca-de-2022\/","name":"Atas do CEPEA-CA de 2022 - NIDFLOR","isPartOf":{"@id":"https:\/\/institucional.ufrrj.br\/nidflor\/#website"},"datePublished":"2022-03-16T19:59:46+00:00","dateModified":"2022-09-16T16:48:58+00:00","breadcrumb":{"@id":"https:\/\/institucional.ufrrj.br\/nidflor\/atas-do-cepe-ca-de-2022\/#breadcrumb"},"inLanguage":"pt-BR","potentialAction":[{"@type":"ReadAction","target":["https:\/\/institucional.ufrrj.br\/nidflor\/atas-do-cepe-ca-de-2022\/"]}]},{"@type":"BreadcrumbList","@id":"https:\/\/institucional.ufrrj.br\/nidflor\/atas-do-cepe-ca-de-2022\/#breadcrumb","itemListElement":[{"@type":"ListItem","position":1,"name":"In\u00edcio","item":"https:\/\/institucional.ufrrj.br\/nidflor\/"},{"@type":"ListItem","position":2,"name":"Atas do CEPEA-CA de 2022"}]},{"@type":"WebSite","@id":"https:\/\/institucional.ufrrj.br\/nidflor\/#website","url":"https:\/\/institucional.ufrrj.br\/nidflor\/","name":"NIDFLOR","description":"N\u00facleo de Informa\u00e7\u00e3o e Documenta\u00e7\u00e3o Florestal - UFRRJ","potentialAction":[{"@type":"SearchAction","target":{"@type":"EntryPoint","urlTemplate":"https:\/\/institucional.ufrrj.br\/nidflor\/?s={search_term_string}"},"query-input":{"@type":"PropertyValueSpecification","valueRequired":true,"valueName":"search_term_string"}}],"inLanguage":"pt-BR"}]}},"acf":[],"_links":{"self":[{"href":"https:\/\/institucional.ufrrj.br\/nidflor\/wp-json\/wp\/v2\/pages\/1132","targetHints":{"allow":["GET"]}}],"collection":[{"href":"https:\/\/institucional.ufrrj.br\/nidflor\/wp-json\/wp\/v2\/pages"}],"about":[{"href":"https:\/\/institucional.ufrrj.br\/nidflor\/wp-json\/wp\/v2\/types\/page"}],"author":[{"embeddable":true,"href":"https:\/\/institucional.ufrrj.br\/nidflor\/wp-json\/wp\/v2\/users\/690"}],"replies":[{"embeddable":true,"href":"https:\/\/institucional.ufrrj.br\/nidflor\/wp-json\/wp\/v2\/comments?post=1132"}],"version-history":[{"count":11,"href":"https:\/\/institucional.ufrrj.br\/nidflor\/wp-json\/wp\/v2\/pages\/1132\/revisions"}],"predecessor-version":[{"id":1274,"href":"https:\/\/institucional.ufrrj.br\/nidflor\/wp-json\/wp\/v2\/pages\/1132\/revisions\/1274"}],"wp:attachment":[{"href":"https:\/\/institucional.ufrrj.br\/nidflor\/wp-json\/wp\/v2\/media?parent=1132"}],"curies":[{"name":"wp","href":"https:\/\/api.w.org\/{rel}","templated":true}]}}