{"id":1106,"date":"2022-01-20T13:54:21","date_gmt":"2022-01-20T16:54:21","guid":{"rendered":"http:\/\/institucional.ufrrj.br\/nidflor\/?page_id=1106"},"modified":"2023-02-03T15:31:31","modified_gmt":"2023-02-03T18:31:31","slug":"atas-de-2022","status":"publish","type":"page","link":"https:\/\/institucional.ufrrj.br\/nidflor\/atas-de-2022\/","title":{"rendered":"Atas de 2022"},"content":{"rendered":"<h4 style=\"text-align: center\"><span style=\"color: #800000\">Atas das Reuni\u00f5es do CONSUNI-IF de 2022<\/span><\/h4>\n<p>&nbsp;<\/p>\n<hr \/>\n<p><a href=\"https:\/\/sipac.ufrrj.br\/public\/jsp\/documentos\/documento_visualizacao.jsf?idDoc=1199656\"><span style=\"color: #0000ff\">Ata da 215\u00aa Reuni\u00e3o Ordin\u00e1ria de 12 de dezembro de 2022<\/span><\/a><\/p>\n<hr \/>\n<p><a href=\"https:\/\/sipac.ufrrj.br\/public\/jsp\/documentos\/documento_visualizacao.jsf?idDoc=1214010\" target=\"_blank\" rel=\"noopener\"><span style=\"color: #0000ff\">Ata da 214\u00aa Reuni\u00e3o Ordin\u00e1ria de 21 de novembro de 2022<\/span><\/a><\/p>\n<hr \/>\n<p><a href=\"https:\/\/sipac.ufrrj.br\/public\/jsp\/documentos\/documento_visualizacao.jsf?idDoc=1185259\"><span style=\"color: #0000ff\">Ata da 213\u00aa Reuni\u00e3o Ordin\u00e1ria de 10 de outubro de 2022<\/span><\/a><\/p>\n<hr \/>\n<p><a href=\"https:\/\/sipac.ufrrj.br\/public\/jsp\/documentos\/documento_visualizacao.jsf?idDoc=1141559\" target=\"_blank\" rel=\"noopener\"><span style=\"color: #0000ff\">Ata da 212\u00aa Reuni\u00e3o Ordin\u00e1ria de 12 de setembro de 2022<\/span><\/a><\/p>\n<hr \/>\n<p><a href=\"https:\/\/sipac.ufrrj.br\/public\/jsp\/documentos\/documento_visualizacao.jsf?idDoc=1107288\" target=\"_blank\" rel=\"noopener\"><span style=\"color: #0000ff\">Ata da 146\u00aa Reuni\u00e3o Extraordin\u00e1ria de 1 de setembro de 2022<\/span><\/a><\/p>\n<hr \/>\n<p><a href=\"https:\/\/sipac.ufrrj.br\/public\/jsp\/documentos\/documento_visualizacao.jsf?idDoc=1083644\"><span style=\"color: #0000ff\">Ata da 211\u00aa Reuni\u00e3o Ordin\u00e1ria de 8 de agosto de 2022<\/span><\/a><\/p>\n<hr \/>\n<p><a href=\"https:\/\/sipac.ufrrj.br\/public\/jsp\/documentos\/documento_visualizacao.jsf?idDoc=1064963\"><span style=\"color: #0000ff\">Ata da 210\u00aa Reuni\u00e3o Ordin\u00e1ria de 8 de julho de 2022<\/span><\/a><\/p>\n<hr \/>\n<p><a href=\"https:\/\/sipac.ufrrj.br\/public\/jsp\/documentos\/documento_visualizacao.jsf?idDoc=1040405\"><span style=\"color: #0000ff\">Ata da 209\u00aa Reuni\u00e3o Ordin\u00e1ria de 13 de junho de 2022<\/span><\/a><\/p>\n<hr \/>\n<p><a href=\"https:\/\/sipac.ufrrj.br\/public\/jsp\/documentos\/documento_visualizacao.jsf?idDoc=1040497\"><span style=\"color: #0000ff\">Ata da 208\u00aa Reuni\u00e3o Ordin\u00e1ria de 13 de maio de 2022<\/span><\/a><\/p>\n<hr \/>\n<p><a href=\"https:\/\/sipac.ufrrj.br\/public\/jsp\/documentos\/documento_visualizacao.jsf?idDoc=1009173\"><span style=\"color: #0000ff\">Ata da 207\u00aa Reuni\u00e3o Ordin\u00e1ria de 11 de abril de 2022<\/span><\/a><\/p>\n<hr \/>\n<p><span style=\"color: #0000ff\"><a style=\"color: #0000ff\" href=\"https:\/\/sipac.ufrrj.br\/public\/jsp\/documentos\/documento_visualizacao.jsf?idDoc=970369\">Ata da 206\u00aa Reuni\u00e3o Ordin\u00e1ria de 11 de mar\u00e7o de 2022<\/a><\/span><\/p>\n<hr \/>\n<p><span style=\"color: #0000ff\"><a style=\"color: #0000ff\" href=\"https:\/\/sipac.ufrrj.br\/public\/jsp\/documentos\/documento_visualizacao.jsf?idDoc=952403\">Ata da 205\u00aa Reuni\u00e3o Ordin\u00e1ria de 14 de fevereiro de 2022<\/a><\/span><\/p>\n<hr \/>\n<p>&nbsp;<\/p>\n","protected":false},"excerpt":{"rendered":"<p>Atas das Reuni\u00f5es do CONSUNI-IF de 2022 &nbsp; Ata da 215\u00aa Reuni\u00e3o Ordin\u00e1ria de 12 de dezembro de 2022 Ata <a class=\"read-more\" href=\"https:\/\/institucional.ufrrj.br\/nidflor\/atas-de-2022\/ \">&#8230; <i class=\"fa fa-long-arrow-right\"><\/i><\/a><\/p>\n","protected":false},"author":690,"featured_media":0,"parent":0,"menu_order":0,"comment_status":"closed","ping_status":"closed","template":"","meta":{"_acf_changed":false,"footnotes":""},"class_list":["post-1106","page","type-page","status-publish","hentry"],"yoast_head":"<!-- This site is optimized with the Yoast SEO plugin v27.2 - https:\/\/yoast.com\/product\/yoast-seo-wordpress\/ -->\n<title>Atas de 2022 - NIDFLOR<\/title>\n<meta name=\"robots\" content=\"index, follow, max-snippet:-1, max-image-preview:large, max-video-preview:-1\" \/>\n<link rel=\"canonical\" href=\"https:\/\/institucional.ufrrj.br\/nidflor\/atas-de-2022\/\" \/>\n<meta property=\"og:locale\" content=\"pt_BR\" \/>\n<meta property=\"og:type\" content=\"article\" \/>\n<meta property=\"og:title\" content=\"Atas de 2022 - NIDFLOR\" \/>\n<meta property=\"og:description\" content=\"Atas das Reuni\u00f5es do CONSUNI-IF de 2022 &nbsp; Ata da 215\u00aa Reuni\u00e3o Ordin\u00e1ria de 12 de dezembro de 2022 Ata ...\" \/>\n<meta property=\"og:url\" content=\"https:\/\/institucional.ufrrj.br\/nidflor\/atas-de-2022\/\" \/>\n<meta property=\"og:site_name\" content=\"NIDFLOR\" \/>\n<meta property=\"article:modified_time\" content=\"2023-02-03T18:31:31+00:00\" \/>\n<meta name=\"twitter:card\" content=\"summary_large_image\" \/>\n<meta name=\"twitter:label1\" content=\"Est. tempo de leitura\" \/>\n\t<meta name=\"twitter:data1\" content=\"1 minuto\" \/>\n<script type=\"application\/ld+json\" class=\"yoast-schema-graph\">{\"@context\":\"https:\/\/schema.org\",\"@graph\":[{\"@type\":\"WebPage\",\"@id\":\"https:\/\/institucional.ufrrj.br\/nidflor\/atas-de-2022\/\",\"url\":\"https:\/\/institucional.ufrrj.br\/nidflor\/atas-de-2022\/\",\"name\":\"Atas de 2022 - NIDFLOR\",\"isPartOf\":{\"@id\":\"https:\/\/institucional.ufrrj.br\/nidflor\/#website\"},\"datePublished\":\"2022-01-20T16:54:21+00:00\",\"dateModified\":\"2023-02-03T18:31:31+00:00\",\"breadcrumb\":{\"@id\":\"https:\/\/institucional.ufrrj.br\/nidflor\/atas-de-2022\/#breadcrumb\"},\"inLanguage\":\"pt-BR\",\"potentialAction\":[{\"@type\":\"ReadAction\",\"target\":[\"https:\/\/institucional.ufrrj.br\/nidflor\/atas-de-2022\/\"]}]},{\"@type\":\"BreadcrumbList\",\"@id\":\"https:\/\/institucional.ufrrj.br\/nidflor\/atas-de-2022\/#breadcrumb\",\"itemListElement\":[{\"@type\":\"ListItem\",\"position\":1,\"name\":\"In\u00edcio\",\"item\":\"https:\/\/institucional.ufrrj.br\/nidflor\/\"},{\"@type\":\"ListItem\",\"position\":2,\"name\":\"Atas de 2022\"}]},{\"@type\":\"WebSite\",\"@id\":\"https:\/\/institucional.ufrrj.br\/nidflor\/#website\",\"url\":\"https:\/\/institucional.ufrrj.br\/nidflor\/\",\"name\":\"NIDFLOR\",\"description\":\"N\u00facleo de Informa\u00e7\u00e3o e Documenta\u00e7\u00e3o Florestal - UFRRJ\",\"potentialAction\":[{\"@type\":\"SearchAction\",\"target\":{\"@type\":\"EntryPoint\",\"urlTemplate\":\"https:\/\/institucional.ufrrj.br\/nidflor\/?s={search_term_string}\"},\"query-input\":{\"@type\":\"PropertyValueSpecification\",\"valueRequired\":true,\"valueName\":\"search_term_string\"}}],\"inLanguage\":\"pt-BR\"}]}<\/script>\n<!-- \/ Yoast SEO plugin. -->","yoast_head_json":{"title":"Atas de 2022 - NIDFLOR","robots":{"index":"index","follow":"follow","max-snippet":"max-snippet:-1","max-image-preview":"max-image-preview:large","max-video-preview":"max-video-preview:-1"},"canonical":"https:\/\/institucional.ufrrj.br\/nidflor\/atas-de-2022\/","og_locale":"pt_BR","og_type":"article","og_title":"Atas de 2022 - NIDFLOR","og_description":"Atas das Reuni\u00f5es do CONSUNI-IF de 2022 &nbsp; Ata da 215\u00aa Reuni\u00e3o Ordin\u00e1ria de 12 de dezembro de 2022 Ata ...","og_url":"https:\/\/institucional.ufrrj.br\/nidflor\/atas-de-2022\/","og_site_name":"NIDFLOR","article_modified_time":"2023-02-03T18:31:31+00:00","twitter_card":"summary_large_image","twitter_misc":{"Est. tempo de leitura":"1 minuto"},"schema":{"@context":"https:\/\/schema.org","@graph":[{"@type":"WebPage","@id":"https:\/\/institucional.ufrrj.br\/nidflor\/atas-de-2022\/","url":"https:\/\/institucional.ufrrj.br\/nidflor\/atas-de-2022\/","name":"Atas de 2022 - NIDFLOR","isPartOf":{"@id":"https:\/\/institucional.ufrrj.br\/nidflor\/#website"},"datePublished":"2022-01-20T16:54:21+00:00","dateModified":"2023-02-03T18:31:31+00:00","breadcrumb":{"@id":"https:\/\/institucional.ufrrj.br\/nidflor\/atas-de-2022\/#breadcrumb"},"inLanguage":"pt-BR","potentialAction":[{"@type":"ReadAction","target":["https:\/\/institucional.ufrrj.br\/nidflor\/atas-de-2022\/"]}]},{"@type":"BreadcrumbList","@id":"https:\/\/institucional.ufrrj.br\/nidflor\/atas-de-2022\/#breadcrumb","itemListElement":[{"@type":"ListItem","position":1,"name":"In\u00edcio","item":"https:\/\/institucional.ufrrj.br\/nidflor\/"},{"@type":"ListItem","position":2,"name":"Atas de 2022"}]},{"@type":"WebSite","@id":"https:\/\/institucional.ufrrj.br\/nidflor\/#website","url":"https:\/\/institucional.ufrrj.br\/nidflor\/","name":"NIDFLOR","description":"N\u00facleo de Informa\u00e7\u00e3o e Documenta\u00e7\u00e3o Florestal - UFRRJ","potentialAction":[{"@type":"SearchAction","target":{"@type":"EntryPoint","urlTemplate":"https:\/\/institucional.ufrrj.br\/nidflor\/?s={search_term_string}"},"query-input":{"@type":"PropertyValueSpecification","valueRequired":true,"valueName":"search_term_string"}}],"inLanguage":"pt-BR"}]}},"acf":[],"_links":{"self":[{"href":"https:\/\/institucional.ufrrj.br\/nidflor\/wp-json\/wp\/v2\/pages\/1106","targetHints":{"allow":["GET"]}}],"collection":[{"href":"https:\/\/institucional.ufrrj.br\/nidflor\/wp-json\/wp\/v2\/pages"}],"about":[{"href":"https:\/\/institucional.ufrrj.br\/nidflor\/wp-json\/wp\/v2\/types\/page"}],"author":[{"embeddable":true,"href":"https:\/\/institucional.ufrrj.br\/nidflor\/wp-json\/wp\/v2\/users\/690"}],"replies":[{"embeddable":true,"href":"https:\/\/institucional.ufrrj.br\/nidflor\/wp-json\/wp\/v2\/comments?post=1106"}],"version-history":[{"count":17,"href":"https:\/\/institucional.ufrrj.br\/nidflor\/wp-json\/wp\/v2\/pages\/1106\/revisions"}],"predecessor-version":[{"id":1365,"href":"https:\/\/institucional.ufrrj.br\/nidflor\/wp-json\/wp\/v2\/pages\/1106\/revisions\/1365"}],"wp:attachment":[{"href":"https:\/\/institucional.ufrrj.br\/nidflor\/wp-json\/wp\/v2\/media?parent=1106"}],"curies":[{"name":"wp","href":"https:\/\/api.w.org\/{rel}","templated":true}]}}