{"id":1058,"date":"2021-11-23T17:52:27","date_gmt":"2021-11-23T20:52:27","guid":{"rendered":"http:\/\/institucional.ufrrj.br\/nidflor\/?page_id=1058"},"modified":"2021-12-01T14:53:42","modified_gmt":"2021-12-01T17:53:42","slug":"processo-seletivo-simplificado-para-professor-substituto-do-departamento-de-silvicultura","status":"publish","type":"page","link":"https:\/\/institucional.ufrrj.br\/nidflor\/processo-seletivo-simplificado-para-professor-substituto-do-departamento-de-silvicultura\/","title":{"rendered":"Processo Seletivo Simplificado para Professor Substituto do Departamento de Silvicultura"},"content":{"rendered":"<p>&nbsp;<\/p>\n<p>Nesta p\u00e1gina ser\u00e3o depositados documentos complementares ao processo seletivo. Para acesso \u00e0 \u00edntegra da documenta\u00e7\u00e3o, acesse a se\u00e7\u00e3o do Edital 62\/2021 na p\u00e1gina de concursos da UFRRJ, <strong><a href=\"https:\/\/servicos.ufrrj.br\/concursos\/?acao=concursos_andamento&amp;tipo=1\" target=\"_blank\" rel=\"noopener noreferrer\">clicando aqui.<\/a><\/strong><\/p>\n<hr \/>\n<p><span style=\"color: #0000ff\"><a style=\"color: #0000ff\" href=\"http:\/\/www.ufrrj.br\/concursos\/calendario62-2021.pdf\">Calend\u00e1rio de Provas e Entrevistas<\/a><\/span><\/p>\n<hr \/>\n<p><span style=\"color: #0000ff\"><a style=\"color: #0000ff\" href=\"https:\/\/institucional.ufrrj.br\/nidflor\/files\/2021\/11\/Resultado-da-prova-de-t\u00edtulo-edital62_2021.pdf\" target=\"_blank\" rel=\"noopener noreferrer\">Resultado da prova de t\u00edtulo &#8211; edital 62_2021<\/a><\/span> (postado em 26\/11\/2021).<\/p>\n<hr \/>\n<p><span style=\"color: #0000ff\"><a style=\"color: #0000ff\" href=\"https:\/\/institucional.ufrrj.br\/nidflor\/files\/2021\/11\/Ordem_apresentacao_prova_didatica.pdf\" target=\"_blank\" rel=\"noopener noreferrer\">Divulga\u00e7\u00e3o do resultado do sorteio quanto ao tema e ordem de apresenta\u00e7\u00e3o da prova did\u00e1tica <\/a><\/span>(postado em 29\/11\/2021)<\/p>\n<hr \/>\n<p><a href=\"https:\/\/institucional.ufrrj.br\/nidflor\/files\/2021\/12\/Resultado-da-prova-didatica-edital62_2021.pdf\" target=\"_blank\" rel=\"noopener noreferrer\"><span style=\"color: #0000ff\">Resultado da prova did\u00e1tica &#8211; edital 62_2021<\/span><\/a> (postado em 01\/12\/2021).<\/p>\n<hr \/>\n<p><span style=\"color: #0000ff\"><a style=\"color: #0000ff\" href=\"http:\/\/meet.google.com\/wjv-tewf-ojj\" target=\"_blank\" rel=\"noopener noreferrer\">Link de acesso \u00e0 sala virtual para leitura da ata com o resultado final do concurso<\/a> <\/span>(postado em 01\/12\/2021)<\/p>\n<hr \/>\n<p><a href=\"https:\/\/institucional.ufrrj.br\/nidflor\/files\/2021\/12\/Resultado-final-edital62_2021.pdf\" target=\"_blank\" rel=\"noopener noreferrer\"><span style=\"color: #0000ff\">Resultado final do processo seletivo &#8211; edital 62 2021<\/span><\/a> (postado em 01\/12\/2021)<\/p>\n<hr \/>\n<p>&nbsp;<\/p>\n","protected":false},"excerpt":{"rendered":"<p>&nbsp; Nesta p\u00e1gina ser\u00e3o depositados documentos complementares ao processo seletivo. Para acesso \u00e0 \u00edntegra da documenta\u00e7\u00e3o, acesse a se\u00e7\u00e3o do <a class=\"read-more\" href=\"https:\/\/institucional.ufrrj.br\/nidflor\/processo-seletivo-simplificado-para-professor-substituto-do-departamento-de-silvicultura\/ \">&#8230; <i class=\"fa fa-long-arrow-right\"><\/i><\/a><\/p>\n","protected":false},"author":690,"featured_media":0,"parent":0,"menu_order":0,"comment_status":"closed","ping_status":"closed","template":"","meta":{"_acf_changed":false,"footnotes":""},"class_list":["post-1058","page","type-page","status-publish","hentry"],"yoast_head":"<!-- This site is optimized with the Yoast SEO plugin v27.2 - https:\/\/yoast.com\/product\/yoast-seo-wordpress\/ -->\n<title>Processo Seletivo Simplificado para Professor Substituto do Departamento de Silvicultura - NIDFLOR<\/title>\n<meta name=\"robots\" content=\"index, follow, max-snippet:-1, max-image-preview:large, max-video-preview:-1\" \/>\n<link rel=\"canonical\" href=\"https:\/\/institucional.ufrrj.br\/nidflor\/processo-seletivo-simplificado-para-professor-substituto-do-departamento-de-silvicultura\/\" \/>\n<meta property=\"og:locale\" content=\"pt_BR\" \/>\n<meta property=\"og:type\" content=\"article\" \/>\n<meta property=\"og:title\" content=\"Processo Seletivo Simplificado para Professor Substituto do Departamento de Silvicultura - NIDFLOR\" \/>\n<meta property=\"og:description\" content=\"&nbsp; Nesta p\u00e1gina ser\u00e3o depositados documentos complementares ao processo seletivo. Para acesso \u00e0 \u00edntegra da documenta\u00e7\u00e3o, acesse a se\u00e7\u00e3o do ...\" \/>\n<meta property=\"og:url\" content=\"https:\/\/institucional.ufrrj.br\/nidflor\/processo-seletivo-simplificado-para-professor-substituto-do-departamento-de-silvicultura\/\" \/>\n<meta property=\"og:site_name\" content=\"NIDFLOR\" \/>\n<meta property=\"article:modified_time\" content=\"2021-12-01T17:53:42+00:00\" \/>\n<meta name=\"twitter:card\" content=\"summary_large_image\" \/>\n<meta name=\"twitter:label1\" content=\"Est. tempo de leitura\" \/>\n\t<meta name=\"twitter:data1\" content=\"1 minuto\" \/>\n<script type=\"application\/ld+json\" class=\"yoast-schema-graph\">{\"@context\":\"https:\/\/schema.org\",\"@graph\":[{\"@type\":\"WebPage\",\"@id\":\"https:\/\/institucional.ufrrj.br\/nidflor\/processo-seletivo-simplificado-para-professor-substituto-do-departamento-de-silvicultura\/\",\"url\":\"https:\/\/institucional.ufrrj.br\/nidflor\/processo-seletivo-simplificado-para-professor-substituto-do-departamento-de-silvicultura\/\",\"name\":\"Processo Seletivo Simplificado para Professor Substituto do Departamento de Silvicultura - NIDFLOR\",\"isPartOf\":{\"@id\":\"https:\/\/institucional.ufrrj.br\/nidflor\/#website\"},\"datePublished\":\"2021-11-23T20:52:27+00:00\",\"dateModified\":\"2021-12-01T17:53:42+00:00\",\"breadcrumb\":{\"@id\":\"https:\/\/institucional.ufrrj.br\/nidflor\/processo-seletivo-simplificado-para-professor-substituto-do-departamento-de-silvicultura\/#breadcrumb\"},\"inLanguage\":\"pt-BR\",\"potentialAction\":[{\"@type\":\"ReadAction\",\"target\":[\"https:\/\/institucional.ufrrj.br\/nidflor\/processo-seletivo-simplificado-para-professor-substituto-do-departamento-de-silvicultura\/\"]}]},{\"@type\":\"BreadcrumbList\",\"@id\":\"https:\/\/institucional.ufrrj.br\/nidflor\/processo-seletivo-simplificado-para-professor-substituto-do-departamento-de-silvicultura\/#breadcrumb\",\"itemListElement\":[{\"@type\":\"ListItem\",\"position\":1,\"name\":\"In\u00edcio\",\"item\":\"https:\/\/institucional.ufrrj.br\/nidflor\/\"},{\"@type\":\"ListItem\",\"position\":2,\"name\":\"Processo Seletivo Simplificado para Professor Substituto do Departamento de Silvicultura\"}]},{\"@type\":\"WebSite\",\"@id\":\"https:\/\/institucional.ufrrj.br\/nidflor\/#website\",\"url\":\"https:\/\/institucional.ufrrj.br\/nidflor\/\",\"name\":\"NIDFLOR\",\"description\":\"N\u00facleo de Informa\u00e7\u00e3o e Documenta\u00e7\u00e3o Florestal - UFRRJ\",\"potentialAction\":[{\"@type\":\"SearchAction\",\"target\":{\"@type\":\"EntryPoint\",\"urlTemplate\":\"https:\/\/institucional.ufrrj.br\/nidflor\/?s={search_term_string}\"},\"query-input\":{\"@type\":\"PropertyValueSpecification\",\"valueRequired\":true,\"valueName\":\"search_term_string\"}}],\"inLanguage\":\"pt-BR\"}]}<\/script>\n<!-- \/ Yoast SEO plugin. -->","yoast_head_json":{"title":"Processo Seletivo Simplificado para Professor Substituto do Departamento de Silvicultura - NIDFLOR","robots":{"index":"index","follow":"follow","max-snippet":"max-snippet:-1","max-image-preview":"max-image-preview:large","max-video-preview":"max-video-preview:-1"},"canonical":"https:\/\/institucional.ufrrj.br\/nidflor\/processo-seletivo-simplificado-para-professor-substituto-do-departamento-de-silvicultura\/","og_locale":"pt_BR","og_type":"article","og_title":"Processo Seletivo Simplificado para Professor Substituto do Departamento de Silvicultura - NIDFLOR","og_description":"&nbsp; Nesta p\u00e1gina ser\u00e3o depositados documentos complementares ao processo seletivo. Para acesso \u00e0 \u00edntegra da documenta\u00e7\u00e3o, acesse a se\u00e7\u00e3o do ...","og_url":"https:\/\/institucional.ufrrj.br\/nidflor\/processo-seletivo-simplificado-para-professor-substituto-do-departamento-de-silvicultura\/","og_site_name":"NIDFLOR","article_modified_time":"2021-12-01T17:53:42+00:00","twitter_card":"summary_large_image","twitter_misc":{"Est. tempo de leitura":"1 minuto"},"schema":{"@context":"https:\/\/schema.org","@graph":[{"@type":"WebPage","@id":"https:\/\/institucional.ufrrj.br\/nidflor\/processo-seletivo-simplificado-para-professor-substituto-do-departamento-de-silvicultura\/","url":"https:\/\/institucional.ufrrj.br\/nidflor\/processo-seletivo-simplificado-para-professor-substituto-do-departamento-de-silvicultura\/","name":"Processo Seletivo Simplificado para Professor Substituto do Departamento de Silvicultura - NIDFLOR","isPartOf":{"@id":"https:\/\/institucional.ufrrj.br\/nidflor\/#website"},"datePublished":"2021-11-23T20:52:27+00:00","dateModified":"2021-12-01T17:53:42+00:00","breadcrumb":{"@id":"https:\/\/institucional.ufrrj.br\/nidflor\/processo-seletivo-simplificado-para-professor-substituto-do-departamento-de-silvicultura\/#breadcrumb"},"inLanguage":"pt-BR","potentialAction":[{"@type":"ReadAction","target":["https:\/\/institucional.ufrrj.br\/nidflor\/processo-seletivo-simplificado-para-professor-substituto-do-departamento-de-silvicultura\/"]}]},{"@type":"BreadcrumbList","@id":"https:\/\/institucional.ufrrj.br\/nidflor\/processo-seletivo-simplificado-para-professor-substituto-do-departamento-de-silvicultura\/#breadcrumb","itemListElement":[{"@type":"ListItem","position":1,"name":"In\u00edcio","item":"https:\/\/institucional.ufrrj.br\/nidflor\/"},{"@type":"ListItem","position":2,"name":"Processo Seletivo Simplificado para Professor Substituto do Departamento de Silvicultura"}]},{"@type":"WebSite","@id":"https:\/\/institucional.ufrrj.br\/nidflor\/#website","url":"https:\/\/institucional.ufrrj.br\/nidflor\/","name":"NIDFLOR","description":"N\u00facleo de Informa\u00e7\u00e3o e Documenta\u00e7\u00e3o Florestal - UFRRJ","potentialAction":[{"@type":"SearchAction","target":{"@type":"EntryPoint","urlTemplate":"https:\/\/institucional.ufrrj.br\/nidflor\/?s={search_term_string}"},"query-input":{"@type":"PropertyValueSpecification","valueRequired":true,"valueName":"search_term_string"}}],"inLanguage":"pt-BR"}]}},"acf":[],"_links":{"self":[{"href":"https:\/\/institucional.ufrrj.br\/nidflor\/wp-json\/wp\/v2\/pages\/1058","targetHints":{"allow":["GET"]}}],"collection":[{"href":"https:\/\/institucional.ufrrj.br\/nidflor\/wp-json\/wp\/v2\/pages"}],"about":[{"href":"https:\/\/institucional.ufrrj.br\/nidflor\/wp-json\/wp\/v2\/types\/page"}],"author":[{"embeddable":true,"href":"https:\/\/institucional.ufrrj.br\/nidflor\/wp-json\/wp\/v2\/users\/690"}],"replies":[{"embeddable":true,"href":"https:\/\/institucional.ufrrj.br\/nidflor\/wp-json\/wp\/v2\/comments?post=1058"}],"version-history":[{"count":18,"href":"https:\/\/institucional.ufrrj.br\/nidflor\/wp-json\/wp\/v2\/pages\/1058\/revisions"}],"predecessor-version":[{"id":1090,"href":"https:\/\/institucional.ufrrj.br\/nidflor\/wp-json\/wp\/v2\/pages\/1058\/revisions\/1090"}],"wp:attachment":[{"href":"https:\/\/institucional.ufrrj.br\/nidflor\/wp-json\/wp\/v2\/media?parent=1058"}],"curies":[{"name":"wp","href":"https:\/\/api.w.org\/{rel}","templated":true}]}}