{"id":1003,"date":"2021-07-14T13:08:07","date_gmt":"2021-07-14T16:08:07","guid":{"rendered":"http:\/\/institucional.ufrrj.br\/nidflor\/?page_id=1003"},"modified":"2026-04-10T17:16:25","modified_gmt":"2026-04-10T20:16:25","slug":"trabalhos-de-conclusao-de-cursos-do-if","status":"publish","type":"page","link":"https:\/\/institucional.ufrrj.br\/nidflor\/trabalhos-de-conclusao-de-cursos-do-if\/","title":{"rendered":"Trabalhos de Conclus\u00e3o de Cursos do IF"},"content":{"rendered":"<p>Clique nos links abaixo para acessar os trabalhos de conclus\u00e3o 9monografias, disserta\u00e7\u00f5es e teses) dos diferentes cursos de gradua\u00e7\u00e3o e p\u00f3s-gradua\u00e7\u00e3o hospedados no Instituto de Florestas.<\/p>\n<p>&nbsp;<\/p>\n<blockquote class=\"wp-embedded-content\" data-secret=\"HHn1eGfexh\"><p><a href=\"http:\/\/repositorio.im.ufrrj.br:8080\/jspui\/handle\/1235813\/671\" target=\"_blank\" rel=\"noopener noreferrer\" aria-label=\"Trabalhos de Conclus\u00e3o de Curso \u2013 Engenharia Florestal (opens in a new tab)\">Trabalhos de Conclus\u00e3o de Curso (Monografias) \u2013 Engenharia Florestal<\/a><\/p><\/blockquote>\n<p>&nbsp;<\/p>\n<hr \/>\n<blockquote class=\"wp-embedded-content\" data-secret=\"QbE4GhWbn2\"><p>\n<a href=\"https:\/\/rima.ufrrj.br\/jspui\/handle\/20.500.14407\/8924\" target=\"_blank\" rel=\"noopener\">PPGCAF \u2013 Disserta\u00e7\u00f5es de Mestrado<\/a><\/p><\/blockquote>\n<hr \/>\n<blockquote class=\"wp-embedded-content\" data-secret=\"LTtn4qfUEa\"><p><a href=\"https:\/\/rima.ufrrj.br\/jspui\/handle\/20.500.14407\/8925\" target=\"_blank\" rel=\"noopener noreferrer\" aria-label=\"PPGCAF \u2013 Teses de Doutorado (opens in a new tab)\"><br \/>\nPPGCAF \u2013 Teses de Doutorado<\/a><\/p><\/blockquote>\n<hr \/>\n<blockquote class=\"wp-embedded-content\" data-secret=\"ysdTsgrWiw\"><p><a href=\"https:\/\/rima.ufrrj.br\/jspui\/handle\/20.500.14407\/8976\/browse?type=dateissued&amp;sort_by=2&amp;order=DESC&amp;rpp=100&amp;etal=0&amp;submit_browse=Atualizar\" target=\"_blank\" rel=\"noopener noreferrer\" aria-label=\"PPGPDS \u2013 Disserta\u00e7\u00f5es de Mestrado (opens in a new tab)\"><br \/>\nPPGPDS \u2013 Disserta\u00e7\u00f5es de Mestrado<\/a><\/p><\/blockquote>\n<hr \/>\n<p>&nbsp;<\/p>\n","protected":false},"excerpt":{"rendered":"<p>Clique nos links abaixo para acessar os trabalhos de conclus\u00e3o 9monografias, disserta\u00e7\u00f5es e teses) dos diferentes cursos de gradua\u00e7\u00e3o e <a class=\"read-more\" href=\"https:\/\/institucional.ufrrj.br\/nidflor\/trabalhos-de-conclusao-de-cursos-do-if\/ \">&#8230; <i class=\"fa fa-long-arrow-right\"><\/i><\/a><\/p>\n","protected":false},"author":690,"featured_media":0,"parent":0,"menu_order":0,"comment_status":"closed","ping_status":"closed","template":"","meta":{"_acf_changed":false,"footnotes":""},"class_list":["post-1003","page","type-page","status-publish","hentry"],"yoast_head":"<!-- This site is optimized with the Yoast SEO plugin v27.2 - https:\/\/yoast.com\/product\/yoast-seo-wordpress\/ -->\n<title>Trabalhos de Conclus\u00e3o de Cursos do IF - NIDFLOR<\/title>\n<meta name=\"robots\" content=\"index, follow, max-snippet:-1, max-image-preview:large, max-video-preview:-1\" \/>\n<link rel=\"canonical\" href=\"https:\/\/institucional.ufrrj.br\/nidflor\/trabalhos-de-conclusao-de-cursos-do-if\/\" \/>\n<meta property=\"og:locale\" content=\"pt_BR\" \/>\n<meta property=\"og:type\" content=\"article\" \/>\n<meta property=\"og:title\" content=\"Trabalhos de Conclus\u00e3o de Cursos do IF - NIDFLOR\" \/>\n<meta property=\"og:description\" content=\"Clique nos links abaixo para acessar os trabalhos de conclus\u00e3o 9monografias, disserta\u00e7\u00f5es e teses) dos diferentes cursos de gradua\u00e7\u00e3o e ...\" \/>\n<meta property=\"og:url\" content=\"https:\/\/institucional.ufrrj.br\/nidflor\/trabalhos-de-conclusao-de-cursos-do-if\/\" \/>\n<meta property=\"og:site_name\" content=\"NIDFLOR\" \/>\n<meta property=\"article:modified_time\" content=\"2026-04-10T20:16:25+00:00\" \/>\n<meta name=\"twitter:card\" content=\"summary_large_image\" \/>\n<meta name=\"twitter:label1\" content=\"Est. tempo de leitura\" \/>\n\t<meta name=\"twitter:data1\" content=\"1 minuto\" \/>\n<script type=\"application\/ld+json\" class=\"yoast-schema-graph\">{\"@context\":\"https:\/\/schema.org\",\"@graph\":[{\"@type\":\"WebPage\",\"@id\":\"https:\/\/institucional.ufrrj.br\/nidflor\/trabalhos-de-conclusao-de-cursos-do-if\/\",\"url\":\"https:\/\/institucional.ufrrj.br\/nidflor\/trabalhos-de-conclusao-de-cursos-do-if\/\",\"name\":\"Trabalhos de Conclus\u00e3o de Cursos do IF - NIDFLOR\",\"isPartOf\":{\"@id\":\"https:\/\/institucional.ufrrj.br\/nidflor\/#website\"},\"datePublished\":\"2021-07-14T16:08:07+00:00\",\"dateModified\":\"2026-04-10T20:16:25+00:00\",\"breadcrumb\":{\"@id\":\"https:\/\/institucional.ufrrj.br\/nidflor\/trabalhos-de-conclusao-de-cursos-do-if\/#breadcrumb\"},\"inLanguage\":\"pt-BR\",\"potentialAction\":[{\"@type\":\"ReadAction\",\"target\":[\"https:\/\/institucional.ufrrj.br\/nidflor\/trabalhos-de-conclusao-de-cursos-do-if\/\"]}]},{\"@type\":\"BreadcrumbList\",\"@id\":\"https:\/\/institucional.ufrrj.br\/nidflor\/trabalhos-de-conclusao-de-cursos-do-if\/#breadcrumb\",\"itemListElement\":[{\"@type\":\"ListItem\",\"position\":1,\"name\":\"In\u00edcio\",\"item\":\"https:\/\/institucional.ufrrj.br\/nidflor\/\"},{\"@type\":\"ListItem\",\"position\":2,\"name\":\"Trabalhos de Conclus\u00e3o de Cursos do IF\"}]},{\"@type\":\"WebSite\",\"@id\":\"https:\/\/institucional.ufrrj.br\/nidflor\/#website\",\"url\":\"https:\/\/institucional.ufrrj.br\/nidflor\/\",\"name\":\"NIDFLOR\",\"description\":\"N\u00facleo de Informa\u00e7\u00e3o e Documenta\u00e7\u00e3o Florestal - UFRRJ\",\"potentialAction\":[{\"@type\":\"SearchAction\",\"target\":{\"@type\":\"EntryPoint\",\"urlTemplate\":\"https:\/\/institucional.ufrrj.br\/nidflor\/?s={search_term_string}\"},\"query-input\":{\"@type\":\"PropertyValueSpecification\",\"valueRequired\":true,\"valueName\":\"search_term_string\"}}],\"inLanguage\":\"pt-BR\"}]}<\/script>\n<!-- \/ Yoast SEO plugin. -->","yoast_head_json":{"title":"Trabalhos de Conclus\u00e3o de Cursos do IF - NIDFLOR","robots":{"index":"index","follow":"follow","max-snippet":"max-snippet:-1","max-image-preview":"max-image-preview:large","max-video-preview":"max-video-preview:-1"},"canonical":"https:\/\/institucional.ufrrj.br\/nidflor\/trabalhos-de-conclusao-de-cursos-do-if\/","og_locale":"pt_BR","og_type":"article","og_title":"Trabalhos de Conclus\u00e3o de Cursos do IF - NIDFLOR","og_description":"Clique nos links abaixo para acessar os trabalhos de conclus\u00e3o 9monografias, disserta\u00e7\u00f5es e teses) dos diferentes cursos de gradua\u00e7\u00e3o e ...","og_url":"https:\/\/institucional.ufrrj.br\/nidflor\/trabalhos-de-conclusao-de-cursos-do-if\/","og_site_name":"NIDFLOR","article_modified_time":"2026-04-10T20:16:25+00:00","twitter_card":"summary_large_image","twitter_misc":{"Est. tempo de leitura":"1 minuto"},"schema":{"@context":"https:\/\/schema.org","@graph":[{"@type":"WebPage","@id":"https:\/\/institucional.ufrrj.br\/nidflor\/trabalhos-de-conclusao-de-cursos-do-if\/","url":"https:\/\/institucional.ufrrj.br\/nidflor\/trabalhos-de-conclusao-de-cursos-do-if\/","name":"Trabalhos de Conclus\u00e3o de Cursos do IF - NIDFLOR","isPartOf":{"@id":"https:\/\/institucional.ufrrj.br\/nidflor\/#website"},"datePublished":"2021-07-14T16:08:07+00:00","dateModified":"2026-04-10T20:16:25+00:00","breadcrumb":{"@id":"https:\/\/institucional.ufrrj.br\/nidflor\/trabalhos-de-conclusao-de-cursos-do-if\/#breadcrumb"},"inLanguage":"pt-BR","potentialAction":[{"@type":"ReadAction","target":["https:\/\/institucional.ufrrj.br\/nidflor\/trabalhos-de-conclusao-de-cursos-do-if\/"]}]},{"@type":"BreadcrumbList","@id":"https:\/\/institucional.ufrrj.br\/nidflor\/trabalhos-de-conclusao-de-cursos-do-if\/#breadcrumb","itemListElement":[{"@type":"ListItem","position":1,"name":"In\u00edcio","item":"https:\/\/institucional.ufrrj.br\/nidflor\/"},{"@type":"ListItem","position":2,"name":"Trabalhos de Conclus\u00e3o de Cursos do IF"}]},{"@type":"WebSite","@id":"https:\/\/institucional.ufrrj.br\/nidflor\/#website","url":"https:\/\/institucional.ufrrj.br\/nidflor\/","name":"NIDFLOR","description":"N\u00facleo de Informa\u00e7\u00e3o e Documenta\u00e7\u00e3o Florestal - UFRRJ","potentialAction":[{"@type":"SearchAction","target":{"@type":"EntryPoint","urlTemplate":"https:\/\/institucional.ufrrj.br\/nidflor\/?s={search_term_string}"},"query-input":{"@type":"PropertyValueSpecification","valueRequired":true,"valueName":"search_term_string"}}],"inLanguage":"pt-BR"}]}},"acf":[],"_links":{"self":[{"href":"https:\/\/institucional.ufrrj.br\/nidflor\/wp-json\/wp\/v2\/pages\/1003","targetHints":{"allow":["GET"]}}],"collection":[{"href":"https:\/\/institucional.ufrrj.br\/nidflor\/wp-json\/wp\/v2\/pages"}],"about":[{"href":"https:\/\/institucional.ufrrj.br\/nidflor\/wp-json\/wp\/v2\/types\/page"}],"author":[{"embeddable":true,"href":"https:\/\/institucional.ufrrj.br\/nidflor\/wp-json\/wp\/v2\/users\/690"}],"replies":[{"embeddable":true,"href":"https:\/\/institucional.ufrrj.br\/nidflor\/wp-json\/wp\/v2\/comments?post=1003"}],"version-history":[{"count":3,"href":"https:\/\/institucional.ufrrj.br\/nidflor\/wp-json\/wp\/v2\/pages\/1003\/revisions"}],"predecessor-version":[{"id":2024,"href":"https:\/\/institucional.ufrrj.br\/nidflor\/wp-json\/wp\/v2\/pages\/1003\/revisions\/2024"}],"wp:attachment":[{"href":"https:\/\/institucional.ufrrj.br\/nidflor\/wp-json\/wp\/v2\/media?parent=1003"}],"curies":[{"name":"wp","href":"https:\/\/api.w.org\/{rel}","templated":true}]}}