{"id":7,"date":"2024-09-03T10:19:58","date_gmt":"2024-09-03T13:19:58","guid":{"rendered":"https:\/\/institucional.ufrrj.br\/museuzoologia\/?page_id=7"},"modified":"2024-12-19T18:28:23","modified_gmt":"2024-12-19T21:28:23","slug":"apresentacao","status":"publish","type":"page","link":"https:\/\/institucional.ufrrj.br\/museuzoologia\/apresentacao\/","title":{"rendered":"Apresenta\u00e7\u00e3o"},"content":{"rendered":"\n<p class=\" eplus-wrapper\"><\/p>\n\n\n<div class=\"wp-block-image \">\n<figure class=\"aligncenter size-full is-resized eplus-wrapper\"><img loading=\"lazy\" decoding=\"async\" width=\"606\" height=\"285\" src=\"https:\/\/institucional.ufrrj.br\/museuzoologia\/files\/2024\/12\/museu_zoo_colorida_horizontal_90anos-1.png\" alt=\"\" class=\"wp-image-149\" style=\"width:523px;height:auto\" srcset=\"https:\/\/institucional.ufrrj.br\/museuzoologia\/files\/2024\/12\/museu_zoo_colorida_horizontal_90anos-1.png 606w, https:\/\/institucional.ufrrj.br\/museuzoologia\/files\/2024\/12\/museu_zoo_colorida_horizontal_90anos-1-300x141.png 300w, https:\/\/institucional.ufrrj.br\/museuzoologia\/files\/2024\/12\/museu_zoo_colorida_horizontal_90anos-1-149x70.png 149w\" sizes=\"auto, (max-width: 606px) 100vw, 606px\" \/><\/figure>\n<\/div>\n\n\n<p class=\" eplus-wrapper\"><\/p>\n\n\n\n<p class=\" eplus-wrapper\">O Museu de Zoologia est\u00e1 localizado no primeiro andar (sala 10) do pr\u00e9dio principal do Instituto de Ci\u00eancias Biol\u00f3gicas e da Sa\u00fade (ICBS) da Universidade Federal Rural do Rio de Janeiro (UFRRJ), <em>campus<\/em> Serop\u00e9dica. O Museu possui um rico e diversificado acervo com diversos esp\u00e9cimes de animais vertebrados e invertebrados end\u00eamicos e ex\u00f3ticos da fauna brasileira, fixados em meio l\u00edquido ou taxidermizados, al\u00e9m de esqueletos e uma cole\u00e7\u00e3o de ovos de aves.<\/p>\n\n\n\n<p class=\" eplus-wrapper\">O Museu de Zoologia da UFRRJ completou 90 anos em 2024 e possui uma hist\u00f3ria ligada diretamente \u00e0 origem da UFRRJ, al\u00e9m de ser o \u00fanico Museu de Hist\u00f3ria Natural na Baixada Fluminense (RJ). Ele \u00e9 gerido por uma equipe de docentes do Departamento de Biologia Animal (ICBS) e tem ampla participa\u00e7\u00e3o de discentes, especialmente, dos Cursos de Ci\u00eancias Biol\u00f3gicas da UFRRJ. Atualmente, seu espa\u00e7o f\u00edsico e acervo s\u00e3o amplamente utilizados em aulas pr\u00e1ticas de disciplinas e atividades acad\u00eamicas obrigat\u00f3rias oferecidas pelos Cursos de Licenciatura e Bacharelado em Ci\u00eancias Biol\u00f3gicas (IB151 \u2013 Zoologia Geral, AB172 \u2013 Est\u00e1gio Supervisionado em Ci\u00eancias Biol\u00f3gicas I e AA179 &#8211; Est\u00e1gio Supervisionado IV), bem como de Licenciatura em Belas Artes (TH609 \u2013 Ilustra\u00e7\u00e3o Cient\u00edfica). Al\u00e9m disso, o Museu mant\u00e9m uma rotina de abertura di\u00e1ria e agendamento de visitas guiadas para grupos que permite que tanto a comunidade acad\u00eamica, quanto escolas da regi\u00e3o visitem o seu espa\u00e7o e possam ter contato com o conhecimento cient\u00edfico inerente ao seu amplo acervo. Dessa forma, o Museu de Zoologia refor\u00e7a seu enorme potencial na forma\u00e7\u00e3o de futuros docentes e cientistas, divulgando o conhecimento cient\u00edfico, a conscientiza\u00e7\u00e3o ambiental e promovendo a inclus\u00e3o social na Baixada Fluminense.<\/p>\n\n\n\n<p class=\" eplus-wrapper\"><\/p>\n","protected":false},"excerpt":{"rendered":"<p>O Museu de Zoologia est\u00e1 localizado no primeiro andar (sala 10) do pr\u00e9dio principal do Instituto de Ci\u00eancias Biol\u00f3gicas e da Sa\u00fade [&hellip;]<\/p>\n","protected":false},"author":634,"featured_media":147,"parent":0,"menu_order":0,"comment_status":"closed","ping_status":"closed","template":"","meta":{"_acf_changed":false,"footnotes":""},"class_list":["post-7","page","type-page","status-publish","has-post-thumbnail","hentry"],"yoast_head":"<!-- This site is optimized with the Yoast SEO plugin v27.2 - https:\/\/yoast.com\/product\/yoast-seo-wordpress\/ -->\n<title>Apresenta\u00e7\u00e3o - Museu de Zoologia<\/title>\n<meta name=\"robots\" content=\"index, follow, max-snippet:-1, max-image-preview:large, max-video-preview:-1\" \/>\n<link rel=\"canonical\" href=\"https:\/\/institucional.ufrrj.br\/museuzoologia\/apresentacao\/\" \/>\n<meta property=\"og:locale\" content=\"pt_BR\" \/>\n<meta property=\"og:type\" content=\"article\" \/>\n<meta property=\"og:title\" content=\"Apresenta\u00e7\u00e3o - Museu de Zoologia\" \/>\n<meta property=\"og:description\" content=\"O Museu de Zoologia est\u00e1 localizado no primeiro andar (sala 10) do pr\u00e9dio principal do Instituto de Ci\u00eancias Biol\u00f3gicas e da Sa\u00fade [&hellip;]\" \/>\n<meta property=\"og:url\" content=\"https:\/\/institucional.ufrrj.br\/museuzoologia\/apresentacao\/\" \/>\n<meta property=\"og:site_name\" content=\"Museu de Zoologia\" \/>\n<meta property=\"article:modified_time\" content=\"2024-12-19T21:28:23+00:00\" \/>\n<meta property=\"og:image\" content=\"https:\/\/institucional.ufrrj.br\/museuzoologia\/files\/2024\/12\/museu_zoo_colorida_horizontal_90anos.png\" \/>\n\t<meta property=\"og:image:width\" content=\"606\" \/>\n\t<meta property=\"og:image:height\" content=\"285\" \/>\n\t<meta property=\"og:image:type\" content=\"image\/png\" \/>\n<meta name=\"twitter:card\" content=\"summary_large_image\" \/>\n<meta name=\"twitter:label1\" content=\"Est. tempo de leitura\" \/>\n\t<meta name=\"twitter:data1\" content=\"2 minutos\" \/>\n<script type=\"application\/ld+json\" class=\"yoast-schema-graph\">{\"@context\":\"https:\/\/schema.org\",\"@graph\":[{\"@type\":\"WebPage\",\"@id\":\"https:\/\/institucional.ufrrj.br\/museuzoologia\/apresentacao\/\",\"url\":\"https:\/\/institucional.ufrrj.br\/museuzoologia\/apresentacao\/\",\"name\":\"Apresenta\u00e7\u00e3o - Museu de Zoologia\",\"isPartOf\":{\"@id\":\"https:\/\/institucional.ufrrj.br\/museuzoologia\/#website\"},\"primaryImageOfPage\":{\"@id\":\"https:\/\/institucional.ufrrj.br\/museuzoologia\/apresentacao\/#primaryimage\"},\"image\":{\"@id\":\"https:\/\/institucional.ufrrj.br\/museuzoologia\/apresentacao\/#primaryimage\"},\"thumbnailUrl\":\"https:\/\/institucional.ufrrj.br\/museuzoologia\/files\/2024\/12\/museu_zoo_colorida_horizontal_90anos.png\",\"datePublished\":\"2024-09-03T13:19:58+00:00\",\"dateModified\":\"2024-12-19T21:28:23+00:00\",\"breadcrumb\":{\"@id\":\"https:\/\/institucional.ufrrj.br\/museuzoologia\/apresentacao\/#breadcrumb\"},\"inLanguage\":\"pt-BR\",\"potentialAction\":[{\"@type\":\"ReadAction\",\"target\":[\"https:\/\/institucional.ufrrj.br\/museuzoologia\/apresentacao\/\"]}]},{\"@type\":\"ImageObject\",\"inLanguage\":\"pt-BR\",\"@id\":\"https:\/\/institucional.ufrrj.br\/museuzoologia\/apresentacao\/#primaryimage\",\"url\":\"https:\/\/institucional.ufrrj.br\/museuzoologia\/files\/2024\/12\/museu_zoo_colorida_horizontal_90anos.png\",\"contentUrl\":\"https:\/\/institucional.ufrrj.br\/museuzoologia\/files\/2024\/12\/museu_zoo_colorida_horizontal_90anos.png\",\"width\":606,\"height\":285},{\"@type\":\"BreadcrumbList\",\"@id\":\"https:\/\/institucional.ufrrj.br\/museuzoologia\/apresentacao\/#breadcrumb\",\"itemListElement\":[{\"@type\":\"ListItem\",\"position\":1,\"name\":\"In\u00edcio\",\"item\":\"https:\/\/institucional.ufrrj.br\/museuzoologia\/\"},{\"@type\":\"ListItem\",\"position\":2,\"name\":\"Apresenta\u00e7\u00e3o\"}]},{\"@type\":\"WebSite\",\"@id\":\"https:\/\/institucional.ufrrj.br\/museuzoologia\/#website\",\"url\":\"https:\/\/institucional.ufrrj.br\/museuzoologia\/\",\"name\":\"Museu de Zoologia\",\"description\":\"Campus Serop\u00e9dica\",\"potentialAction\":[{\"@type\":\"SearchAction\",\"target\":{\"@type\":\"EntryPoint\",\"urlTemplate\":\"https:\/\/institucional.ufrrj.br\/museuzoologia\/?s={search_term_string}\"},\"query-input\":{\"@type\":\"PropertyValueSpecification\",\"valueRequired\":true,\"valueName\":\"search_term_string\"}}],\"inLanguage\":\"pt-BR\"}]}<\/script>\n<!-- \/ Yoast SEO plugin. -->","yoast_head_json":{"title":"Apresenta\u00e7\u00e3o - Museu de Zoologia","robots":{"index":"index","follow":"follow","max-snippet":"max-snippet:-1","max-image-preview":"max-image-preview:large","max-video-preview":"max-video-preview:-1"},"canonical":"https:\/\/institucional.ufrrj.br\/museuzoologia\/apresentacao\/","og_locale":"pt_BR","og_type":"article","og_title":"Apresenta\u00e7\u00e3o - Museu de Zoologia","og_description":"O Museu de Zoologia est\u00e1 localizado no primeiro andar (sala 10) do pr\u00e9dio principal do Instituto de Ci\u00eancias Biol\u00f3gicas e da Sa\u00fade [&hellip;]","og_url":"https:\/\/institucional.ufrrj.br\/museuzoologia\/apresentacao\/","og_site_name":"Museu de Zoologia","article_modified_time":"2024-12-19T21:28:23+00:00","og_image":[{"width":606,"height":285,"url":"https:\/\/institucional.ufrrj.br\/museuzoologia\/files\/2024\/12\/museu_zoo_colorida_horizontal_90anos.png","type":"image\/png"}],"twitter_card":"summary_large_image","twitter_misc":{"Est. tempo de leitura":"2 minutos"},"schema":{"@context":"https:\/\/schema.org","@graph":[{"@type":"WebPage","@id":"https:\/\/institucional.ufrrj.br\/museuzoologia\/apresentacao\/","url":"https:\/\/institucional.ufrrj.br\/museuzoologia\/apresentacao\/","name":"Apresenta\u00e7\u00e3o - Museu de Zoologia","isPartOf":{"@id":"https:\/\/institucional.ufrrj.br\/museuzoologia\/#website"},"primaryImageOfPage":{"@id":"https:\/\/institucional.ufrrj.br\/museuzoologia\/apresentacao\/#primaryimage"},"image":{"@id":"https:\/\/institucional.ufrrj.br\/museuzoologia\/apresentacao\/#primaryimage"},"thumbnailUrl":"https:\/\/institucional.ufrrj.br\/museuzoologia\/files\/2024\/12\/museu_zoo_colorida_horizontal_90anos.png","datePublished":"2024-09-03T13:19:58+00:00","dateModified":"2024-12-19T21:28:23+00:00","breadcrumb":{"@id":"https:\/\/institucional.ufrrj.br\/museuzoologia\/apresentacao\/#breadcrumb"},"inLanguage":"pt-BR","potentialAction":[{"@type":"ReadAction","target":["https:\/\/institucional.ufrrj.br\/museuzoologia\/apresentacao\/"]}]},{"@type":"ImageObject","inLanguage":"pt-BR","@id":"https:\/\/institucional.ufrrj.br\/museuzoologia\/apresentacao\/#primaryimage","url":"https:\/\/institucional.ufrrj.br\/museuzoologia\/files\/2024\/12\/museu_zoo_colorida_horizontal_90anos.png","contentUrl":"https:\/\/institucional.ufrrj.br\/museuzoologia\/files\/2024\/12\/museu_zoo_colorida_horizontal_90anos.png","width":606,"height":285},{"@type":"BreadcrumbList","@id":"https:\/\/institucional.ufrrj.br\/museuzoologia\/apresentacao\/#breadcrumb","itemListElement":[{"@type":"ListItem","position":1,"name":"In\u00edcio","item":"https:\/\/institucional.ufrrj.br\/museuzoologia\/"},{"@type":"ListItem","position":2,"name":"Apresenta\u00e7\u00e3o"}]},{"@type":"WebSite","@id":"https:\/\/institucional.ufrrj.br\/museuzoologia\/#website","url":"https:\/\/institucional.ufrrj.br\/museuzoologia\/","name":"Museu de Zoologia","description":"Campus Serop\u00e9dica","potentialAction":[{"@type":"SearchAction","target":{"@type":"EntryPoint","urlTemplate":"https:\/\/institucional.ufrrj.br\/museuzoologia\/?s={search_term_string}"},"query-input":{"@type":"PropertyValueSpecification","valueRequired":true,"valueName":"search_term_string"}}],"inLanguage":"pt-BR"}]}},"acf":[],"_links":{"self":[{"href":"https:\/\/institucional.ufrrj.br\/museuzoologia\/wp-json\/wp\/v2\/pages\/7","targetHints":{"allow":["GET"]}}],"collection":[{"href":"https:\/\/institucional.ufrrj.br\/museuzoologia\/wp-json\/wp\/v2\/pages"}],"about":[{"href":"https:\/\/institucional.ufrrj.br\/museuzoologia\/wp-json\/wp\/v2\/types\/page"}],"author":[{"embeddable":true,"href":"https:\/\/institucional.ufrrj.br\/museuzoologia\/wp-json\/wp\/v2\/users\/634"}],"replies":[{"embeddable":true,"href":"https:\/\/institucional.ufrrj.br\/museuzoologia\/wp-json\/wp\/v2\/comments?post=7"}],"version-history":[{"count":5,"href":"https:\/\/institucional.ufrrj.br\/museuzoologia\/wp-json\/wp\/v2\/pages\/7\/revisions"}],"predecessor-version":[{"id":150,"href":"https:\/\/institucional.ufrrj.br\/museuzoologia\/wp-json\/wp\/v2\/pages\/7\/revisions\/150"}],"wp:featuredmedia":[{"embeddable":true,"href":"https:\/\/institucional.ufrrj.br\/museuzoologia\/wp-json\/wp\/v2\/media\/147"}],"wp:attachment":[{"href":"https:\/\/institucional.ufrrj.br\/museuzoologia\/wp-json\/wp\/v2\/media?parent=7"}],"curies":[{"name":"wp","href":"https:\/\/api.w.org\/{rel}","templated":true}]}}