{"id":66,"date":"2024-11-11T12:22:16","date_gmt":"2024-11-11T15:22:16","guid":{"rendered":"https:\/\/institucional.ufrrj.br\/museuzoologia\/?page_id=66"},"modified":"2024-12-19T18:37:33","modified_gmt":"2024-12-19T21:37:33","slug":"equipe","status":"publish","type":"page","link":"https:\/\/institucional.ufrrj.br\/museuzoologia\/equipe\/","title":{"rendered":"Equipe"},"content":{"rendered":"\n<p class=\" eplus-wrapper\">A Coordena\u00e7\u00e3o do Museu de Zoologia \u00e9 composta, segundo seu Regimento Interno, pela Curadoria e por um Conselho Administrativo.<\/p>\n\n\n\n<p class=\" eplus-wrapper\"><\/p>\n\n\n\n<p class=\" eplus-wrapper\"><strong>Curadoria do Museu de Zoologia (2023 &#8211; atual):<\/strong><\/p>\n\n\n\n<p class=\" eplus-wrapper\">Curador &#8211; Prof. Dr. Andr\u00e9 Padua (DBA\/ICBS)<\/p>\n\n\n\n<p class=\" eplus-wrapper\">Vice curadora &#8211; Profa. Dra. Ana Claudia dos Santos Brasil (DBA\/ICBS)<\/p>\n\n\n\n<p class=\" eplus-wrapper\"><\/p>\n\n\n\n<p class=\" eplus-wrapper\"><\/p>\n\n\n\n<p class=\" eplus-wrapper\"><strong>Conselho Administrativo:<\/strong><\/p>\n\n\n\n<p class=\" eplus-wrapper\">Prof. Dr. H\u00e9lio Ricardo da Silva (DBA\/ICBS)<\/p>\n\n\n\n<p class=\" eplus-wrapper\">Prof. Dr. Leandro Dumas (DBA\/ICBS)<\/p>\n\n\n\n<p class=\" eplus-wrapper\">Prof. Dr. Leonardo Silvestre (DBA\/ICBS)<\/p>\n\n\n\n<p class=\" eplus-wrapper\">Profa. Dra. Patr\u00edcia Abrunhosa (DBA\/ICBS)<\/p>\n\n\n\n<p class=\" eplus-wrapper\"><\/p>\n\n\n\n<p class=\" eplus-wrapper\"><\/p>\n\n\n\n<p class=\" eplus-wrapper\">Al\u00e9m disso, o Museu de Zoologia conta com uma equipe de discentes bolsistas e volunt\u00e1rios:<\/p>\n\n\n\n<p class=\" eplus-wrapper\"><strong>Bolsistas:<\/strong><\/p>\n\n\n\n<p class=\" eplus-wrapper\">Na\u00edse Chales Lins &#8211; Bolsista BIEXT\/PROEXT (2024)<\/p>\n\n\n\n<p class=\" eplus-wrapper\">Thiago Ryan da Silva Mathias Lima &#8211; Bolsista NAAC\/PROEXT (2024)<\/p>\n\n\n\n<p class=\" eplus-wrapper\"><strong>Volunt\u00e1rios:<\/strong><\/p>\n\n\n\n<p class=\" eplus-wrapper\">Alice Oliveira da Cruz <\/p>\n\n\n\n<p class=\" eplus-wrapper\">Ana Beatriz da Silva Campos <\/p>\n\n\n\n<p class=\" eplus-wrapper\">Camille Moreira de Oliveira Diniz <\/p>\n\n\n\n<p class=\" eplus-wrapper\">Carlos Eduardo Sim\u00e3o Pontes <\/p>\n\n\n\n<p class=\" eplus-wrapper\">Cec\u00edlia Bernardo de Albuquerque <\/p>\n\n\n\n<p class=\" eplus-wrapper\">Claiton Michel da Silva Munhoz <\/p>\n\n\n\n<p class=\" eplus-wrapper\">La\u00eds Silva Gate<\/p>\n\n\n\n<p class=\" eplus-wrapper\">Lara Milani Martins<\/p>\n\n\n\n<p class=\" eplus-wrapper\">Luiz Carlos Dias de Carvalho<\/p>\n\n\n\n<p class=\" eplus-wrapper\">Luiz Gabriel Andrade Peixoto<\/p>\n\n\n\n<p class=\" eplus-wrapper\">Sjack Silva Machado<\/p>\n\n\n\n<p class=\" eplus-wrapper\"><\/p>\n\n\n\n<p class=\" eplus-wrapper\"><strong>Integrantes anteriores da equipe do Museu de Zoologia (antes de 2024):<\/strong><\/p>\n\n\n\n<p class=\" eplus-wrapper\">Docentes: Prof. Dr. Ildemar Ferreira, Profa. Dra. Rosa Maria Marcos Mendes<\/p>\n\n\n\n<p class=\" eplus-wrapper\">Discentes: Arthur Bessi Machado, Laura Gabriele Concei\u00e7\u00e3o de Brito, Beatriz Costa Pereira, Ruan Vieira Vaz<\/p>\n\n\n\n<p class=\" eplus-wrapper\"><\/p>\n","protected":false},"excerpt":{"rendered":"<p>A Coordena\u00e7\u00e3o do Museu de Zoologia \u00e9 composta, segundo seu Regimento Interno, pela Curadoria e por um Conselho Administrativo. Curadoria do Museu [&hellip;]<\/p>\n","protected":false},"author":870,"featured_media":0,"parent":0,"menu_order":0,"comment_status":"closed","ping_status":"closed","template":"","meta":{"_acf_changed":false,"footnotes":""},"class_list":["post-66","page","type-page","status-publish","hentry"],"yoast_head":"<!-- This site is optimized with the Yoast SEO plugin v27.2 - https:\/\/yoast.com\/product\/yoast-seo-wordpress\/ -->\n<title>Equipe - Museu de Zoologia<\/title>\n<meta name=\"robots\" content=\"index, follow, max-snippet:-1, max-image-preview:large, max-video-preview:-1\" \/>\n<link rel=\"canonical\" href=\"https:\/\/institucional.ufrrj.br\/museuzoologia\/equipe\/\" \/>\n<meta property=\"og:locale\" content=\"pt_BR\" \/>\n<meta property=\"og:type\" content=\"article\" \/>\n<meta property=\"og:title\" content=\"Equipe - Museu de Zoologia\" \/>\n<meta property=\"og:description\" content=\"A Coordena\u00e7\u00e3o do Museu de Zoologia \u00e9 composta, segundo seu Regimento Interno, pela Curadoria e por um Conselho Administrativo. Curadoria do Museu [&hellip;]\" \/>\n<meta property=\"og:url\" content=\"https:\/\/institucional.ufrrj.br\/museuzoologia\/equipe\/\" \/>\n<meta property=\"og:site_name\" content=\"Museu de Zoologia\" \/>\n<meta property=\"article:modified_time\" content=\"2024-12-19T21:37:33+00:00\" \/>\n<meta name=\"twitter:card\" content=\"summary_large_image\" \/>\n<meta name=\"twitter:label1\" content=\"Est. tempo de leitura\" \/>\n\t<meta name=\"twitter:data1\" content=\"1 minuto\" \/>\n<script type=\"application\/ld+json\" class=\"yoast-schema-graph\">{\"@context\":\"https:\/\/schema.org\",\"@graph\":[{\"@type\":\"WebPage\",\"@id\":\"https:\/\/institucional.ufrrj.br\/museuzoologia\/equipe\/\",\"url\":\"https:\/\/institucional.ufrrj.br\/museuzoologia\/equipe\/\",\"name\":\"Equipe - Museu de Zoologia\",\"isPartOf\":{\"@id\":\"https:\/\/institucional.ufrrj.br\/museuzoologia\/#website\"},\"datePublished\":\"2024-11-11T15:22:16+00:00\",\"dateModified\":\"2024-12-19T21:37:33+00:00\",\"breadcrumb\":{\"@id\":\"https:\/\/institucional.ufrrj.br\/museuzoologia\/equipe\/#breadcrumb\"},\"inLanguage\":\"pt-BR\",\"potentialAction\":[{\"@type\":\"ReadAction\",\"target\":[\"https:\/\/institucional.ufrrj.br\/museuzoologia\/equipe\/\"]}]},{\"@type\":\"BreadcrumbList\",\"@id\":\"https:\/\/institucional.ufrrj.br\/museuzoologia\/equipe\/#breadcrumb\",\"itemListElement\":[{\"@type\":\"ListItem\",\"position\":1,\"name\":\"In\u00edcio\",\"item\":\"https:\/\/institucional.ufrrj.br\/museuzoologia\/\"},{\"@type\":\"ListItem\",\"position\":2,\"name\":\"Equipe\"}]},{\"@type\":\"WebSite\",\"@id\":\"https:\/\/institucional.ufrrj.br\/museuzoologia\/#website\",\"url\":\"https:\/\/institucional.ufrrj.br\/museuzoologia\/\",\"name\":\"Museu de Zoologia\",\"description\":\"Campus Serop\u00e9dica\",\"potentialAction\":[{\"@type\":\"SearchAction\",\"target\":{\"@type\":\"EntryPoint\",\"urlTemplate\":\"https:\/\/institucional.ufrrj.br\/museuzoologia\/?s={search_term_string}\"},\"query-input\":{\"@type\":\"PropertyValueSpecification\",\"valueRequired\":true,\"valueName\":\"search_term_string\"}}],\"inLanguage\":\"pt-BR\"}]}<\/script>\n<!-- \/ Yoast SEO plugin. -->","yoast_head_json":{"title":"Equipe - Museu de Zoologia","robots":{"index":"index","follow":"follow","max-snippet":"max-snippet:-1","max-image-preview":"max-image-preview:large","max-video-preview":"max-video-preview:-1"},"canonical":"https:\/\/institucional.ufrrj.br\/museuzoologia\/equipe\/","og_locale":"pt_BR","og_type":"article","og_title":"Equipe - Museu de Zoologia","og_description":"A Coordena\u00e7\u00e3o do Museu de Zoologia \u00e9 composta, segundo seu Regimento Interno, pela Curadoria e por um Conselho Administrativo. Curadoria do Museu [&hellip;]","og_url":"https:\/\/institucional.ufrrj.br\/museuzoologia\/equipe\/","og_site_name":"Museu de Zoologia","article_modified_time":"2024-12-19T21:37:33+00:00","twitter_card":"summary_large_image","twitter_misc":{"Est. tempo de leitura":"1 minuto"},"schema":{"@context":"https:\/\/schema.org","@graph":[{"@type":"WebPage","@id":"https:\/\/institucional.ufrrj.br\/museuzoologia\/equipe\/","url":"https:\/\/institucional.ufrrj.br\/museuzoologia\/equipe\/","name":"Equipe - Museu de Zoologia","isPartOf":{"@id":"https:\/\/institucional.ufrrj.br\/museuzoologia\/#website"},"datePublished":"2024-11-11T15:22:16+00:00","dateModified":"2024-12-19T21:37:33+00:00","breadcrumb":{"@id":"https:\/\/institucional.ufrrj.br\/museuzoologia\/equipe\/#breadcrumb"},"inLanguage":"pt-BR","potentialAction":[{"@type":"ReadAction","target":["https:\/\/institucional.ufrrj.br\/museuzoologia\/equipe\/"]}]},{"@type":"BreadcrumbList","@id":"https:\/\/institucional.ufrrj.br\/museuzoologia\/equipe\/#breadcrumb","itemListElement":[{"@type":"ListItem","position":1,"name":"In\u00edcio","item":"https:\/\/institucional.ufrrj.br\/museuzoologia\/"},{"@type":"ListItem","position":2,"name":"Equipe"}]},{"@type":"WebSite","@id":"https:\/\/institucional.ufrrj.br\/museuzoologia\/#website","url":"https:\/\/institucional.ufrrj.br\/museuzoologia\/","name":"Museu de Zoologia","description":"Campus Serop\u00e9dica","potentialAction":[{"@type":"SearchAction","target":{"@type":"EntryPoint","urlTemplate":"https:\/\/institucional.ufrrj.br\/museuzoologia\/?s={search_term_string}"},"query-input":{"@type":"PropertyValueSpecification","valueRequired":true,"valueName":"search_term_string"}}],"inLanguage":"pt-BR"}]}},"acf":[],"_links":{"self":[{"href":"https:\/\/institucional.ufrrj.br\/museuzoologia\/wp-json\/wp\/v2\/pages\/66","targetHints":{"allow":["GET"]}}],"collection":[{"href":"https:\/\/institucional.ufrrj.br\/museuzoologia\/wp-json\/wp\/v2\/pages"}],"about":[{"href":"https:\/\/institucional.ufrrj.br\/museuzoologia\/wp-json\/wp\/v2\/types\/page"}],"author":[{"embeddable":true,"href":"https:\/\/institucional.ufrrj.br\/museuzoologia\/wp-json\/wp\/v2\/users\/870"}],"replies":[{"embeddable":true,"href":"https:\/\/institucional.ufrrj.br\/museuzoologia\/wp-json\/wp\/v2\/comments?post=66"}],"version-history":[{"count":5,"href":"https:\/\/institucional.ufrrj.br\/museuzoologia\/wp-json\/wp\/v2\/pages\/66\/revisions"}],"predecessor-version":[{"id":157,"href":"https:\/\/institucional.ufrrj.br\/museuzoologia\/wp-json\/wp\/v2\/pages\/66\/revisions\/157"}],"wp:attachment":[{"href":"https:\/\/institucional.ufrrj.br\/museuzoologia\/wp-json\/wp\/v2\/media?parent=66"}],"curies":[{"name":"wp","href":"https:\/\/api.w.org\/{rel}","templated":true}]}}