{"id":122,"date":"2024-12-19T17:43:03","date_gmt":"2024-12-19T20:43:03","guid":{"rendered":"https:\/\/institucional.ufrrj.br\/museuzoologia\/?page_id=122"},"modified":"2024-12-19T17:43:03","modified_gmt":"2024-12-19T20:43:03","slug":"2024-2","status":"publish","type":"page","link":"https:\/\/institucional.ufrrj.br\/museuzoologia\/2024-2\/","title":{"rendered":"2024"},"content":{"rendered":"\n<p class=\" eplus-wrapper\"><strong>Projeto de Curadoria:<\/strong><\/p>\n\n\n\n<p class=\" eplus-wrapper\"><strong>T\u00edtulo:<\/strong> Museu de Zoologia e UFRRJ: uma hist\u00f3ria em comum (PJ136-2024)<\/p>\n\n\n\n<p class=\" eplus-wrapper\"><strong>Coordena\u00e7\u00e3o:<\/strong> Prof. Dr. Andr\u00e9 Padua<\/p>\n\n\n\n<p class=\" eplus-wrapper\"><strong>Bolsista:<\/strong> Thiago Ryan da Silva Mathias Lima (NAAC\/PROEXT\/UFRRJ)<\/p>\n\n\n\n<p class=\" eplus-wrapper\"><strong>Equipe de discentes:<\/strong> Thiago Ryan da Silva Mathias Lima, Claiton Michel da Silva Munhoz, Luiz Gabriel Andrade Peixoto, Lais Silva Gate, Talyson Henrique da Silva, Cec\u00edlia Bernardo de Albuquerque, Ana Beatriz da Silva Campos, Lara Milani Martins.<\/p>\n\n\n\n<p class=\" eplus-wrapper\"><strong>Principais Resultados:<\/strong><\/p>\n\n\n\n<ul class=\" wp-block-list eplus-wrapper\">\n<li class=\" eplus-wrapper\">Cataloga\u00e7\u00e3o de 63,17% de todos os animais expostos do acervo (aves e mam\u00edferos)<\/li>\n\n\n\n<li class=\" eplus-wrapper\">Documenta\u00e7\u00e3o fotogr\u00e1fica de 100% do acervo exposto<\/li>\n\n\n\n<li class=\" eplus-wrapper\">Renova\u00e7\u00e3o de 27,9% das etiquetas do acervo exposto (mam\u00edferos)<\/li>\n\n\n\n<li class=\" eplus-wrapper\">Recupera\u00e7\u00e3o das primeiras 3 d\u00e9cadas de hist\u00f3ria do acervo do Museu de Zoologia<\/li>\n\n\n\n<li class=\" eplus-wrapper\">Recupera\u00e7\u00e3o de 10 pe\u00e7as do acervo: arara-vermelha, jabuti e 8 frascos com aracn\u00eddeos<\/li>\n\n\n\n<li class=\" eplus-wrapper\">Recebimento de novas pe\u00e7as para o acervo: axolote, lampr\u00e9ia, esponja-do-mar e 6 esqueletos de cet\u00e1ceos<\/li>\n\n\n\n<li class=\" eplus-wrapper\">Capacita\u00e7\u00e3o da equipe em minicurso de Montagem de esqueletos de cet\u00e1ceos<\/li>\n<\/ul>\n\n\n\n<p class=\" eplus-wrapper\"><\/p>\n\n\n\n<p class=\" eplus-wrapper\"><\/p>\n\n\n\n<p class=\" eplus-wrapper\"><strong>Projeto de Extens\u00e3o:<\/strong><\/p>\n\n\n\n<p class=\" eplus-wrapper\"><strong>T\u00edtulo:<\/strong> \u201cQuem vive de passado \u00e9 Museu!\u201d Ser\u00e1? Museu de Zoologia da UFRRJ: um caminho para o conhecimento atual e futuro da diversidade animal (PJ063-2024)<\/p>\n\n\n\n<p class=\" eplus-wrapper\"><strong>Coordena\u00e7\u00e3o:<\/strong> Prof. Dr. Andr\u00e9 Padua<\/p>\n\n\n\n<p class=\" eplus-wrapper\"><strong>Bolsista:<\/strong>  Na\u00edse Chales Lins (BIEXT\/PROEXT\/UFRRJ)<\/p>\n\n\n\n<p class=\" eplus-wrapper\"><strong>Equipe de discentes:<\/strong> Na\u00edse Chales Lins, Luiz Carlos Dias de Carvalho, Carlos Eduardo Sim\u00e3o Pontes, Sjack Silva Machado, Alice Oliveira da Cruz, Camille Moreira de Oliveira Diniz<\/p>\n\n\n\n<p class=\" eplus-wrapper\"><strong>Principais Resultados:<\/strong><\/p>\n\n\n\n<ul class=\" wp-block-list eplus-wrapper\">\n<li class=\" eplus-wrapper\">Recep\u00e7\u00e3o de mais de 2500 visitantes ao longo de 2024, oriundos de 38 escolas p\u00fablicas e privadas de 17 cidades do Estado do Rio de Janeiro, al\u00e9m da comunidade acad\u00eamica da UFRRJ<\/li>\n\n\n\n<li class=\" eplus-wrapper\">27 postagens no Instagram com 300 novos seguidores em 2024<\/li>\n\n\n\n<li class=\" eplus-wrapper\">Participa\u00e7\u00e3o elabora\u00e7\u00e3o de mostras e atividades espec\u00edficas na Semana Rural, Semana Nacional de Ci\u00eancia e Tecnologia (SNCT) e Semana Acad\u00eamica de Biologia (SEMBIO)<\/li>\n\n\n\n<li class=\" eplus-wrapper\">Cria\u00e7\u00e3o de jogos did\u00e1ticos elaborados pelos discentes da Atividade Acad\u00eamica Est\u00e1gio Supervisionado IV do Curso de Licenciatura em Ci\u00eancias Biol\u00f3gicas<\/li>\n\n\n\n<li class=\" eplus-wrapper\">Elabora\u00e7\u00e3o de materiais informativos sobre os Biomas brasileiros e representantes de sua fauna presentes no acervo do Museu de Zoologia<\/li>\n\n\n\n<li class=\" eplus-wrapper\">Exposi\u00e7\u00e3o de trabalhos art\u00edsticos de discentes em parceria com a disciplina TH609 Ilustra\u00e7\u00e3o Cient\u00edfica do Curso de Licenciatura em Belas Artes da UFRRJ<\/li>\n\n\n\n<li class=\" eplus-wrapper\">Cria\u00e7\u00e3o do site institucional do Museu de Zoologia<\/li>\n<\/ul>\n","protected":false},"excerpt":{"rendered":"<p>Projeto de Curadoria: T\u00edtulo: Museu de Zoologia e UFRRJ: uma hist\u00f3ria em comum (PJ136-2024) Coordena\u00e7\u00e3o: Prof. Dr. Andr\u00e9 Padua Bolsista: Thiago Ryan [&hellip;]<\/p>\n","protected":false},"author":870,"featured_media":0,"parent":0,"menu_order":0,"comment_status":"closed","ping_status":"closed","template":"","meta":{"_acf_changed":false,"footnotes":""},"class_list":["post-122","page","type-page","status-publish","hentry"],"yoast_head":"<!-- This site is optimized with the Yoast SEO plugin v27.2 - https:\/\/yoast.com\/product\/yoast-seo-wordpress\/ -->\n<title>2024 - Museu de Zoologia<\/title>\n<meta name=\"robots\" content=\"index, follow, max-snippet:-1, max-image-preview:large, max-video-preview:-1\" \/>\n<link rel=\"canonical\" href=\"https:\/\/institucional.ufrrj.br\/museuzoologia\/2024-2\/\" \/>\n<meta property=\"og:locale\" content=\"pt_BR\" \/>\n<meta property=\"og:type\" content=\"article\" \/>\n<meta property=\"og:title\" content=\"2024 - Museu de Zoologia\" \/>\n<meta property=\"og:description\" content=\"Projeto de Curadoria: T\u00edtulo: Museu de Zoologia e UFRRJ: uma hist\u00f3ria em comum (PJ136-2024) Coordena\u00e7\u00e3o: Prof. Dr. Andr\u00e9 Padua Bolsista: Thiago Ryan [&hellip;]\" \/>\n<meta property=\"og:url\" content=\"https:\/\/institucional.ufrrj.br\/museuzoologia\/2024-2\/\" \/>\n<meta property=\"og:site_name\" content=\"Museu de Zoologia\" \/>\n<meta name=\"twitter:card\" content=\"summary_large_image\" \/>\n<meta name=\"twitter:label1\" content=\"Est. tempo de leitura\" \/>\n\t<meta name=\"twitter:data1\" content=\"2 minutos\" \/>\n<script type=\"application\/ld+json\" class=\"yoast-schema-graph\">{\"@context\":\"https:\/\/schema.org\",\"@graph\":[{\"@type\":\"WebPage\",\"@id\":\"https:\/\/institucional.ufrrj.br\/museuzoologia\/2024-2\/\",\"url\":\"https:\/\/institucional.ufrrj.br\/museuzoologia\/2024-2\/\",\"name\":\"2024 - Museu de Zoologia\",\"isPartOf\":{\"@id\":\"https:\/\/institucional.ufrrj.br\/museuzoologia\/#website\"},\"datePublished\":\"2024-12-19T20:43:03+00:00\",\"breadcrumb\":{\"@id\":\"https:\/\/institucional.ufrrj.br\/museuzoologia\/2024-2\/#breadcrumb\"},\"inLanguage\":\"pt-BR\",\"potentialAction\":[{\"@type\":\"ReadAction\",\"target\":[\"https:\/\/institucional.ufrrj.br\/museuzoologia\/2024-2\/\"]}]},{\"@type\":\"BreadcrumbList\",\"@id\":\"https:\/\/institucional.ufrrj.br\/museuzoologia\/2024-2\/#breadcrumb\",\"itemListElement\":[{\"@type\":\"ListItem\",\"position\":1,\"name\":\"In\u00edcio\",\"item\":\"https:\/\/institucional.ufrrj.br\/museuzoologia\/\"},{\"@type\":\"ListItem\",\"position\":2,\"name\":\"2024\"}]},{\"@type\":\"WebSite\",\"@id\":\"https:\/\/institucional.ufrrj.br\/museuzoologia\/#website\",\"url\":\"https:\/\/institucional.ufrrj.br\/museuzoologia\/\",\"name\":\"Museu de Zoologia\",\"description\":\"Campus Serop\u00e9dica\",\"potentialAction\":[{\"@type\":\"SearchAction\",\"target\":{\"@type\":\"EntryPoint\",\"urlTemplate\":\"https:\/\/institucional.ufrrj.br\/museuzoologia\/?s={search_term_string}\"},\"query-input\":{\"@type\":\"PropertyValueSpecification\",\"valueRequired\":true,\"valueName\":\"search_term_string\"}}],\"inLanguage\":\"pt-BR\"}]}<\/script>\n<!-- \/ Yoast SEO plugin. -->","yoast_head_json":{"title":"2024 - Museu de Zoologia","robots":{"index":"index","follow":"follow","max-snippet":"max-snippet:-1","max-image-preview":"max-image-preview:large","max-video-preview":"max-video-preview:-1"},"canonical":"https:\/\/institucional.ufrrj.br\/museuzoologia\/2024-2\/","og_locale":"pt_BR","og_type":"article","og_title":"2024 - Museu de Zoologia","og_description":"Projeto de Curadoria: T\u00edtulo: Museu de Zoologia e UFRRJ: uma hist\u00f3ria em comum (PJ136-2024) Coordena\u00e7\u00e3o: Prof. Dr. Andr\u00e9 Padua Bolsista: Thiago Ryan [&hellip;]","og_url":"https:\/\/institucional.ufrrj.br\/museuzoologia\/2024-2\/","og_site_name":"Museu de Zoologia","twitter_card":"summary_large_image","twitter_misc":{"Est. tempo de leitura":"2 minutos"},"schema":{"@context":"https:\/\/schema.org","@graph":[{"@type":"WebPage","@id":"https:\/\/institucional.ufrrj.br\/museuzoologia\/2024-2\/","url":"https:\/\/institucional.ufrrj.br\/museuzoologia\/2024-2\/","name":"2024 - Museu de Zoologia","isPartOf":{"@id":"https:\/\/institucional.ufrrj.br\/museuzoologia\/#website"},"datePublished":"2024-12-19T20:43:03+00:00","breadcrumb":{"@id":"https:\/\/institucional.ufrrj.br\/museuzoologia\/2024-2\/#breadcrumb"},"inLanguage":"pt-BR","potentialAction":[{"@type":"ReadAction","target":["https:\/\/institucional.ufrrj.br\/museuzoologia\/2024-2\/"]}]},{"@type":"BreadcrumbList","@id":"https:\/\/institucional.ufrrj.br\/museuzoologia\/2024-2\/#breadcrumb","itemListElement":[{"@type":"ListItem","position":1,"name":"In\u00edcio","item":"https:\/\/institucional.ufrrj.br\/museuzoologia\/"},{"@type":"ListItem","position":2,"name":"2024"}]},{"@type":"WebSite","@id":"https:\/\/institucional.ufrrj.br\/museuzoologia\/#website","url":"https:\/\/institucional.ufrrj.br\/museuzoologia\/","name":"Museu de Zoologia","description":"Campus Serop\u00e9dica","potentialAction":[{"@type":"SearchAction","target":{"@type":"EntryPoint","urlTemplate":"https:\/\/institucional.ufrrj.br\/museuzoologia\/?s={search_term_string}"},"query-input":{"@type":"PropertyValueSpecification","valueRequired":true,"valueName":"search_term_string"}}],"inLanguage":"pt-BR"}]}},"acf":[],"_links":{"self":[{"href":"https:\/\/institucional.ufrrj.br\/museuzoologia\/wp-json\/wp\/v2\/pages\/122","targetHints":{"allow":["GET"]}}],"collection":[{"href":"https:\/\/institucional.ufrrj.br\/museuzoologia\/wp-json\/wp\/v2\/pages"}],"about":[{"href":"https:\/\/institucional.ufrrj.br\/museuzoologia\/wp-json\/wp\/v2\/types\/page"}],"author":[{"embeddable":true,"href":"https:\/\/institucional.ufrrj.br\/museuzoologia\/wp-json\/wp\/v2\/users\/870"}],"replies":[{"embeddable":true,"href":"https:\/\/institucional.ufrrj.br\/museuzoologia\/wp-json\/wp\/v2\/comments?post=122"}],"version-history":[{"count":1,"href":"https:\/\/institucional.ufrrj.br\/museuzoologia\/wp-json\/wp\/v2\/pages\/122\/revisions"}],"predecessor-version":[{"id":123,"href":"https:\/\/institucional.ufrrj.br\/museuzoologia\/wp-json\/wp\/v2\/pages\/122\/revisions\/123"}],"wp:attachment":[{"href":"https:\/\/institucional.ufrrj.br\/museuzoologia\/wp-json\/wp\/v2\/media?parent=122"}],"curies":[{"name":"wp","href":"https:\/\/api.w.org\/{rel}","templated":true}]}}