{"id":97,"date":"2016-08-08T18:31:26","date_gmt":"2016-08-08T18:31:26","guid":{"rendered":"http:\/\/institucional.ufrrj.br\/jardimbotanico\/?page_id=97"},"modified":"2023-10-03T14:12:17","modified_gmt":"2023-10-03T14:12:17","slug":"equipe","status":"publish","type":"page","link":"https:\/\/institucional.ufrrj.br\/jardimbotanico\/equipe\/","title":{"rendered":"Equipe"},"content":{"rendered":"<p><strong>Coordenador do Jardim Bot\u00e2nico UFRRJ<br \/>\n<\/strong><strong>Prof. Dr. Marcelo da Costa Souza, Departamento de Bot\u00e2nica\/ICBS\/UFRRJ<\/strong><\/p>\n<p><strong>Vice-coordenador do Jardim Bot\u00e2nico UFRRJ<br \/>\n<\/strong><strong>Prof. Dr. Rodolfo C\u00e9sar Abreu, Departamento de Ci\u00eancias Ambientais\/IF\/UFRRJ<\/strong><\/p>\n<p><strong>Engenheiro Florestal<br \/>\n<\/strong><strong>Gustavo Wyse Abaurre<\/strong><\/p>\n<p><strong>Secret\u00e1ria<br \/>\n<\/strong><b>Fernanda Abidu Figueiredo\u00a0<\/b><\/p>\n<p><strong>T\u00e9cnico em Agropecu\u00e1ria<br \/>\n<b>Carlos Wagner de Oliveira<\/b><\/strong><\/p>\n<p><strong><b>Jardineiros<br \/>\nMauro Cesar de Oliveira<br \/>\nFernando Cardoso<br \/>\nClaudio Roberto de Sousa Carvalho<\/b><\/strong><\/p>\n<p><strong>Bolsista de Educa\u00e7\u00e3o Ambiental<br \/>\n<\/strong><b>Vit\u00f3ria Maria Lima Nunes<strong><br \/>\nMaria Eduarda dos Santos Campos<\/strong><\/b><\/p>\n<p><strong>Bolsista de Apoio T\u00e9cnico<br \/>\n<\/strong><strong>Karine Resende Corr\u00eaa Florentino<\/strong><\/p>\n<p><strong>Pr\u00f3-Reitora de Pesquisa e P\u00f3s-Gradua\u00e7\u00e3o<br \/>\n<\/strong><strong>Prof. Dr. <\/strong><strong>Jos\u00e9 Luis Fernando Luque Alejos<\/strong><\/p>\n<p><strong>Pr\u00f3-Reitor Adjunto de Pesquisa e P\u00f3s-Gradua\u00e7\u00e3o<br \/>\nProf. Dr. <\/strong><strong>Leandro Dias de Oliveira<\/strong><\/p>\n","protected":false},"excerpt":{"rendered":"<p>Coordenador do Jardim Bot\u00e2nico UFRRJ Prof. Dr. Marcelo da Costa Souza, Departamento de Bot\u00e2nica\/ICBS\/UFRRJ Vice-coordenador do Jardim Bot\u00e2nico UFRRJ Prof. <a class=\"read-more\" href=\"https:\/\/institucional.ufrrj.br\/jardimbotanico\/equipe\/ \" >&#8230; <span class=\"font-italic\">leia mais <i class=\"fas fa-angle-right\"><\/i><\/span><\/a><\/p>\n","protected":false},"author":625,"featured_media":0,"parent":0,"menu_order":0,"comment_status":"closed","ping_status":"closed","template":"","meta":{"_acf_changed":false,"footnotes":""},"class_list":["post-97","page","type-page","status-publish","hentry"],"yoast_head":"<!-- This site is optimized with the Yoast SEO plugin v27.2 - https:\/\/yoast.com\/product\/yoast-seo-wordpress\/ -->\n<title>Equipe - Jardim Bot\u00e2nico da UFRRJ<\/title>\n<meta name=\"robots\" content=\"index, follow, max-snippet:-1, max-image-preview:large, max-video-preview:-1\" \/>\n<link rel=\"canonical\" href=\"https:\/\/institucional.ufrrj.br\/jardimbotanico\/equipe\/\" \/>\n<meta property=\"og:locale\" content=\"pt_BR\" \/>\n<meta property=\"og:type\" content=\"article\" \/>\n<meta property=\"og:title\" content=\"Equipe - Jardim Bot\u00e2nico da UFRRJ\" \/>\n<meta property=\"og:description\" content=\"Coordenador do Jardim Bot\u00e2nico UFRRJ Prof. Dr. Marcelo da Costa Souza, Departamento de Bot\u00e2nica\/ICBS\/UFRRJ Vice-coordenador do Jardim Bot\u00e2nico UFRRJ Prof. ... leia mais\" \/>\n<meta property=\"og:url\" content=\"https:\/\/institucional.ufrrj.br\/jardimbotanico\/equipe\/\" \/>\n<meta property=\"og:site_name\" content=\"Jardim Bot\u00e2nico da UFRRJ\" \/>\n<meta property=\"article:modified_time\" content=\"2023-10-03T14:12:17+00:00\" \/>\n<meta name=\"twitter:card\" content=\"summary_large_image\" \/>\n<meta name=\"twitter:label1\" content=\"Est. tempo de leitura\" \/>\n\t<meta name=\"twitter:data1\" content=\"1 minuto\" \/>\n<script type=\"application\/ld+json\" class=\"yoast-schema-graph\">{\"@context\":\"https:\/\/schema.org\",\"@graph\":[{\"@type\":\"WebPage\",\"@id\":\"https:\/\/institucional.ufrrj.br\/jardimbotanico\/equipe\/\",\"url\":\"https:\/\/institucional.ufrrj.br\/jardimbotanico\/equipe\/\",\"name\":\"Equipe - Jardim Bot\u00e2nico da UFRRJ\",\"isPartOf\":{\"@id\":\"https:\/\/institucional.ufrrj.br\/jardimbotanico\/#website\"},\"datePublished\":\"2016-08-08T18:31:26+00:00\",\"dateModified\":\"2023-10-03T14:12:17+00:00\",\"breadcrumb\":{\"@id\":\"https:\/\/institucional.ufrrj.br\/jardimbotanico\/equipe\/#breadcrumb\"},\"inLanguage\":\"pt-BR\",\"potentialAction\":[{\"@type\":\"ReadAction\",\"target\":[\"https:\/\/institucional.ufrrj.br\/jardimbotanico\/equipe\/\"]}]},{\"@type\":\"BreadcrumbList\",\"@id\":\"https:\/\/institucional.ufrrj.br\/jardimbotanico\/equipe\/#breadcrumb\",\"itemListElement\":[{\"@type\":\"ListItem\",\"position\":1,\"name\":\"In\u00edcio\",\"item\":\"https:\/\/institucional.ufrrj.br\/jardimbotanico\/\"},{\"@type\":\"ListItem\",\"position\":2,\"name\":\"Equipe\"}]},{\"@type\":\"WebSite\",\"@id\":\"https:\/\/institucional.ufrrj.br\/jardimbotanico\/#website\",\"url\":\"https:\/\/institucional.ufrrj.br\/jardimbotanico\/\",\"name\":\"Jardim Bot\u00e2nico da UFRRJ\",\"description\":\"Universidade Federal Rural do Rio de Janeiro - UFRRJ\",\"potentialAction\":[{\"@type\":\"SearchAction\",\"target\":{\"@type\":\"EntryPoint\",\"urlTemplate\":\"https:\/\/institucional.ufrrj.br\/jardimbotanico\/?s={search_term_string}\"},\"query-input\":{\"@type\":\"PropertyValueSpecification\",\"valueRequired\":true,\"valueName\":\"search_term_string\"}}],\"inLanguage\":\"pt-BR\"}]}<\/script>\n<!-- \/ Yoast SEO plugin. -->","yoast_head_json":{"title":"Equipe - Jardim Bot\u00e2nico da UFRRJ","robots":{"index":"index","follow":"follow","max-snippet":"max-snippet:-1","max-image-preview":"max-image-preview:large","max-video-preview":"max-video-preview:-1"},"canonical":"https:\/\/institucional.ufrrj.br\/jardimbotanico\/equipe\/","og_locale":"pt_BR","og_type":"article","og_title":"Equipe - Jardim Bot\u00e2nico da UFRRJ","og_description":"Coordenador do Jardim Bot\u00e2nico UFRRJ Prof. Dr. Marcelo da Costa Souza, Departamento de Bot\u00e2nica\/ICBS\/UFRRJ Vice-coordenador do Jardim Bot\u00e2nico UFRRJ Prof. ... leia mais","og_url":"https:\/\/institucional.ufrrj.br\/jardimbotanico\/equipe\/","og_site_name":"Jardim Bot\u00e2nico da UFRRJ","article_modified_time":"2023-10-03T14:12:17+00:00","twitter_card":"summary_large_image","twitter_misc":{"Est. tempo de leitura":"1 minuto"},"schema":{"@context":"https:\/\/schema.org","@graph":[{"@type":"WebPage","@id":"https:\/\/institucional.ufrrj.br\/jardimbotanico\/equipe\/","url":"https:\/\/institucional.ufrrj.br\/jardimbotanico\/equipe\/","name":"Equipe - Jardim Bot\u00e2nico da UFRRJ","isPartOf":{"@id":"https:\/\/institucional.ufrrj.br\/jardimbotanico\/#website"},"datePublished":"2016-08-08T18:31:26+00:00","dateModified":"2023-10-03T14:12:17+00:00","breadcrumb":{"@id":"https:\/\/institucional.ufrrj.br\/jardimbotanico\/equipe\/#breadcrumb"},"inLanguage":"pt-BR","potentialAction":[{"@type":"ReadAction","target":["https:\/\/institucional.ufrrj.br\/jardimbotanico\/equipe\/"]}]},{"@type":"BreadcrumbList","@id":"https:\/\/institucional.ufrrj.br\/jardimbotanico\/equipe\/#breadcrumb","itemListElement":[{"@type":"ListItem","position":1,"name":"In\u00edcio","item":"https:\/\/institucional.ufrrj.br\/jardimbotanico\/"},{"@type":"ListItem","position":2,"name":"Equipe"}]},{"@type":"WebSite","@id":"https:\/\/institucional.ufrrj.br\/jardimbotanico\/#website","url":"https:\/\/institucional.ufrrj.br\/jardimbotanico\/","name":"Jardim Bot\u00e2nico da UFRRJ","description":"Universidade Federal Rural do Rio de Janeiro - UFRRJ","potentialAction":[{"@type":"SearchAction","target":{"@type":"EntryPoint","urlTemplate":"https:\/\/institucional.ufrrj.br\/jardimbotanico\/?s={search_term_string}"},"query-input":{"@type":"PropertyValueSpecification","valueRequired":true,"valueName":"search_term_string"}}],"inLanguage":"pt-BR"}]}},"acf":[],"_links":{"self":[{"href":"https:\/\/institucional.ufrrj.br\/jardimbotanico\/wp-json\/wp\/v2\/pages\/97","targetHints":{"allow":["GET"]}}],"collection":[{"href":"https:\/\/institucional.ufrrj.br\/jardimbotanico\/wp-json\/wp\/v2\/pages"}],"about":[{"href":"https:\/\/institucional.ufrrj.br\/jardimbotanico\/wp-json\/wp\/v2\/types\/page"}],"author":[{"embeddable":true,"href":"https:\/\/institucional.ufrrj.br\/jardimbotanico\/wp-json\/wp\/v2\/users\/625"}],"replies":[{"embeddable":true,"href":"https:\/\/institucional.ufrrj.br\/jardimbotanico\/wp-json\/wp\/v2\/comments?post=97"}],"version-history":[{"count":12,"href":"https:\/\/institucional.ufrrj.br\/jardimbotanico\/wp-json\/wp\/v2\/pages\/97\/revisions"}],"predecessor-version":[{"id":992,"href":"https:\/\/institucional.ufrrj.br\/jardimbotanico\/wp-json\/wp\/v2\/pages\/97\/revisions\/992"}],"wp:attachment":[{"href":"https:\/\/institucional.ufrrj.br\/jardimbotanico\/wp-json\/wp\/v2\/media?parent=97"}],"curies":[{"name":"wp","href":"https:\/\/api.w.org\/{rel}","templated":true}]}}