{"id":940,"date":"2023-09-22T16:39:58","date_gmt":"2023-09-22T16:39:58","guid":{"rendered":"https:\/\/institucional.ufrrj.br\/jardimbotanico\/?page_id=940"},"modified":"2023-09-22T16:39:58","modified_gmt":"2023-09-22T16:39:58","slug":"formulario-de-pesquisa-e-coleta-de-material-no-jardim-botanico-ufrrj","status":"publish","type":"page","link":"https:\/\/institucional.ufrrj.br\/jardimbotanico\/formulario-de-pesquisa-e-coleta-de-material-no-jardim-botanico-ufrrj\/","title":{"rendered":"Formul\u00e1rio de Pesquisa e Coleta de material no Jardim Bot\u00e2nico UFRRJ"},"content":{"rendered":"\n<p class=\" eplus-wrapper\">Este formul\u00e1rio \u00e9 destinado aos docentes (ou discentes envolvidos) que queiram cadastrar projetos de pesquisas\u00a0a serem realizados no Jardim Bot\u00e2nico\u00a0e\/ou coletar material.<br>Pedimos que ao final de cada pesquisa seja enviado para o nosso email (jbrural@ufrrj.br) os resultados obtidos.\u00a0<\/p>\n\n\n\n<p class=\" has-very-light-gray-color has-very-light-gray-background-color has-text-color has-background eplus-wrapper\" style=\"font-size:20px\"><a href=\"https:\/\/docs.google.com\/forms\/d\/e\/1FAIpQLSd4wjnkQHwZu9nlaTx5fIRHg2ZRVUiucDpkuh0vUgs7ekIuRA\/viewform?usp=sf_link\">Formul\u00e1rio de Pesquisa e Coleta de material JB UFRRJ<\/a><\/p>\n","protected":false},"excerpt":{"rendered":"<p>Este formul\u00e1rio \u00e9 destinado aos docentes (ou discentes envolvidos) que queiram cadastrar projetos de pesquisas\u00a0a serem realizados no Jardim Bot\u00e2nico\u00a0e\/ou <a class=\"read-more\" href=\"https:\/\/institucional.ufrrj.br\/jardimbotanico\/formulario-de-pesquisa-e-coleta-de-material-no-jardim-botanico-ufrrj\/ \" >&#8230; <span class=\"font-italic\">leia mais <i class=\"fas fa-angle-right\"><\/i><\/span><\/a><\/p>\n","protected":false},"author":625,"featured_media":0,"parent":0,"menu_order":0,"comment_status":"closed","ping_status":"closed","template":"","meta":{"_acf_changed":false,"footnotes":""},"class_list":["post-940","page","type-page","status-publish","hentry"],"yoast_head":"<!-- This site is optimized with the Yoast SEO plugin v27.2 - https:\/\/yoast.com\/product\/yoast-seo-wordpress\/ -->\n<title>Formul\u00e1rio de Pesquisa e Coleta de material no Jardim Bot\u00e2nico UFRRJ - Jardim Bot\u00e2nico da UFRRJ<\/title>\n<meta name=\"robots\" content=\"index, follow, max-snippet:-1, max-image-preview:large, max-video-preview:-1\" \/>\n<link rel=\"canonical\" href=\"https:\/\/institucional.ufrrj.br\/jardimbotanico\/formulario-de-pesquisa-e-coleta-de-material-no-jardim-botanico-ufrrj\/\" \/>\n<meta property=\"og:locale\" content=\"pt_BR\" \/>\n<meta property=\"og:type\" content=\"article\" \/>\n<meta property=\"og:title\" content=\"Formul\u00e1rio de Pesquisa e Coleta de material no Jardim Bot\u00e2nico UFRRJ - Jardim Bot\u00e2nico da UFRRJ\" \/>\n<meta property=\"og:description\" content=\"Este formul\u00e1rio \u00e9 destinado aos docentes (ou discentes envolvidos) que queiram cadastrar projetos de pesquisas\u00a0a serem realizados no Jardim Bot\u00e2nico\u00a0e\/ou ... leia mais\" \/>\n<meta property=\"og:url\" content=\"https:\/\/institucional.ufrrj.br\/jardimbotanico\/formulario-de-pesquisa-e-coleta-de-material-no-jardim-botanico-ufrrj\/\" \/>\n<meta property=\"og:site_name\" content=\"Jardim Bot\u00e2nico da UFRRJ\" \/>\n<meta name=\"twitter:card\" content=\"summary_large_image\" \/>\n<script type=\"application\/ld+json\" class=\"yoast-schema-graph\">{\"@context\":\"https:\/\/schema.org\",\"@graph\":[{\"@type\":\"WebPage\",\"@id\":\"https:\/\/institucional.ufrrj.br\/jardimbotanico\/formulario-de-pesquisa-e-coleta-de-material-no-jardim-botanico-ufrrj\/\",\"url\":\"https:\/\/institucional.ufrrj.br\/jardimbotanico\/formulario-de-pesquisa-e-coleta-de-material-no-jardim-botanico-ufrrj\/\",\"name\":\"Formul\u00e1rio de Pesquisa e Coleta de material no Jardim Bot\u00e2nico UFRRJ - Jardim Bot\u00e2nico da UFRRJ\",\"isPartOf\":{\"@id\":\"https:\/\/institucional.ufrrj.br\/jardimbotanico\/#website\"},\"datePublished\":\"2023-09-22T16:39:58+00:00\",\"breadcrumb\":{\"@id\":\"https:\/\/institucional.ufrrj.br\/jardimbotanico\/formulario-de-pesquisa-e-coleta-de-material-no-jardim-botanico-ufrrj\/#breadcrumb\"},\"inLanguage\":\"pt-BR\",\"potentialAction\":[{\"@type\":\"ReadAction\",\"target\":[\"https:\/\/institucional.ufrrj.br\/jardimbotanico\/formulario-de-pesquisa-e-coleta-de-material-no-jardim-botanico-ufrrj\/\"]}]},{\"@type\":\"BreadcrumbList\",\"@id\":\"https:\/\/institucional.ufrrj.br\/jardimbotanico\/formulario-de-pesquisa-e-coleta-de-material-no-jardim-botanico-ufrrj\/#breadcrumb\",\"itemListElement\":[{\"@type\":\"ListItem\",\"position\":1,\"name\":\"In\u00edcio\",\"item\":\"https:\/\/institucional.ufrrj.br\/jardimbotanico\/\"},{\"@type\":\"ListItem\",\"position\":2,\"name\":\"Formul\u00e1rio de Pesquisa e Coleta de material no Jardim Bot\u00e2nico UFRRJ\"}]},{\"@type\":\"WebSite\",\"@id\":\"https:\/\/institucional.ufrrj.br\/jardimbotanico\/#website\",\"url\":\"https:\/\/institucional.ufrrj.br\/jardimbotanico\/\",\"name\":\"Jardim Bot\u00e2nico da UFRRJ\",\"description\":\"Universidade Federal Rural do Rio de Janeiro - UFRRJ\",\"potentialAction\":[{\"@type\":\"SearchAction\",\"target\":{\"@type\":\"EntryPoint\",\"urlTemplate\":\"https:\/\/institucional.ufrrj.br\/jardimbotanico\/?s={search_term_string}\"},\"query-input\":{\"@type\":\"PropertyValueSpecification\",\"valueRequired\":true,\"valueName\":\"search_term_string\"}}],\"inLanguage\":\"pt-BR\"}]}<\/script>\n<!-- \/ Yoast SEO plugin. -->","yoast_head_json":{"title":"Formul\u00e1rio de Pesquisa e Coleta de material no Jardim Bot\u00e2nico UFRRJ - Jardim Bot\u00e2nico da UFRRJ","robots":{"index":"index","follow":"follow","max-snippet":"max-snippet:-1","max-image-preview":"max-image-preview:large","max-video-preview":"max-video-preview:-1"},"canonical":"https:\/\/institucional.ufrrj.br\/jardimbotanico\/formulario-de-pesquisa-e-coleta-de-material-no-jardim-botanico-ufrrj\/","og_locale":"pt_BR","og_type":"article","og_title":"Formul\u00e1rio de Pesquisa e Coleta de material no Jardim Bot\u00e2nico UFRRJ - Jardim Bot\u00e2nico da UFRRJ","og_description":"Este formul\u00e1rio \u00e9 destinado aos docentes (ou discentes envolvidos) que queiram cadastrar projetos de pesquisas\u00a0a serem realizados no Jardim Bot\u00e2nico\u00a0e\/ou ... leia mais","og_url":"https:\/\/institucional.ufrrj.br\/jardimbotanico\/formulario-de-pesquisa-e-coleta-de-material-no-jardim-botanico-ufrrj\/","og_site_name":"Jardim Bot\u00e2nico da UFRRJ","twitter_card":"summary_large_image","schema":{"@context":"https:\/\/schema.org","@graph":[{"@type":"WebPage","@id":"https:\/\/institucional.ufrrj.br\/jardimbotanico\/formulario-de-pesquisa-e-coleta-de-material-no-jardim-botanico-ufrrj\/","url":"https:\/\/institucional.ufrrj.br\/jardimbotanico\/formulario-de-pesquisa-e-coleta-de-material-no-jardim-botanico-ufrrj\/","name":"Formul\u00e1rio de Pesquisa e Coleta de material no Jardim Bot\u00e2nico UFRRJ - Jardim Bot\u00e2nico da UFRRJ","isPartOf":{"@id":"https:\/\/institucional.ufrrj.br\/jardimbotanico\/#website"},"datePublished":"2023-09-22T16:39:58+00:00","breadcrumb":{"@id":"https:\/\/institucional.ufrrj.br\/jardimbotanico\/formulario-de-pesquisa-e-coleta-de-material-no-jardim-botanico-ufrrj\/#breadcrumb"},"inLanguage":"pt-BR","potentialAction":[{"@type":"ReadAction","target":["https:\/\/institucional.ufrrj.br\/jardimbotanico\/formulario-de-pesquisa-e-coleta-de-material-no-jardim-botanico-ufrrj\/"]}]},{"@type":"BreadcrumbList","@id":"https:\/\/institucional.ufrrj.br\/jardimbotanico\/formulario-de-pesquisa-e-coleta-de-material-no-jardim-botanico-ufrrj\/#breadcrumb","itemListElement":[{"@type":"ListItem","position":1,"name":"In\u00edcio","item":"https:\/\/institucional.ufrrj.br\/jardimbotanico\/"},{"@type":"ListItem","position":2,"name":"Formul\u00e1rio de Pesquisa e Coleta de material no Jardim Bot\u00e2nico UFRRJ"}]},{"@type":"WebSite","@id":"https:\/\/institucional.ufrrj.br\/jardimbotanico\/#website","url":"https:\/\/institucional.ufrrj.br\/jardimbotanico\/","name":"Jardim Bot\u00e2nico da UFRRJ","description":"Universidade Federal Rural do Rio de Janeiro - UFRRJ","potentialAction":[{"@type":"SearchAction","target":{"@type":"EntryPoint","urlTemplate":"https:\/\/institucional.ufrrj.br\/jardimbotanico\/?s={search_term_string}"},"query-input":{"@type":"PropertyValueSpecification","valueRequired":true,"valueName":"search_term_string"}}],"inLanguage":"pt-BR"}]}},"acf":[],"_links":{"self":[{"href":"https:\/\/institucional.ufrrj.br\/jardimbotanico\/wp-json\/wp\/v2\/pages\/940","targetHints":{"allow":["GET"]}}],"collection":[{"href":"https:\/\/institucional.ufrrj.br\/jardimbotanico\/wp-json\/wp\/v2\/pages"}],"about":[{"href":"https:\/\/institucional.ufrrj.br\/jardimbotanico\/wp-json\/wp\/v2\/types\/page"}],"author":[{"embeddable":true,"href":"https:\/\/institucional.ufrrj.br\/jardimbotanico\/wp-json\/wp\/v2\/users\/625"}],"replies":[{"embeddable":true,"href":"https:\/\/institucional.ufrrj.br\/jardimbotanico\/wp-json\/wp\/v2\/comments?post=940"}],"version-history":[{"count":1,"href":"https:\/\/institucional.ufrrj.br\/jardimbotanico\/wp-json\/wp\/v2\/pages\/940\/revisions"}],"predecessor-version":[{"id":941,"href":"https:\/\/institucional.ufrrj.br\/jardimbotanico\/wp-json\/wp\/v2\/pages\/940\/revisions\/941"}],"wp:attachment":[{"href":"https:\/\/institucional.ufrrj.br\/jardimbotanico\/wp-json\/wp\/v2\/media?parent=940"}],"curies":[{"name":"wp","href":"https:\/\/api.w.org\/{rel}","templated":true}]}}