{"id":88,"date":"2016-08-08T18:12:53","date_gmt":"2016-08-08T18:12:53","guid":{"rendered":"http:\/\/institucional.ufrrj.br\/jardimbotanico\/?page_id=88"},"modified":"2019-10-15T02:08:41","modified_gmt":"2019-10-15T02:08:41","slug":"pesquisa","status":"publish","type":"page","link":"https:\/\/institucional.ufrrj.br\/jardimbotanico\/pesquisa\/","title":{"rendered":"Pesquisa"},"content":{"rendered":"<p><a href=\"https:\/\/institucional.ufrrj.br\/jardimbotanico\/files\/2019\/10\/Proverde.jpg\" rel=\"lightbox[88]\"><img loading=\"lazy\" decoding=\"async\" class=\"alignnone size-full wp-image-364\" src=\"https:\/\/institucional.ufrrj.br\/jardimbotanico\/files\/2019\/10\/Proverde.jpg\" alt=\"\" width=\"225\" height=\"225\" srcset=\"https:\/\/institucional.ufrrj.br\/jardimbotanico\/files\/2019\/10\/Proverde.jpg 225w, https:\/\/institucional.ufrrj.br\/jardimbotanico\/files\/2019\/10\/Proverde-150x150.jpg 150w, https:\/\/institucional.ufrrj.br\/jardimbotanico\/files\/2019\/10\/Proverde-75x75.jpg 75w, https:\/\/institucional.ufrrj.br\/jardimbotanico\/files\/2019\/10\/Proverde-100x100.jpg 100w\" sizes=\"auto, (max-width: 225px) 100vw, 225px\" \/><\/a><\/p>\n<p>&nbsp;<\/p>\n<p><strong>Programa Interno de Bolsas de Inicia\u00e7\u00e3o Cient\u00edfica do Jardim Bot\u00e2nico da UFRRJ PROVERDE\/JB\/PROPPG\/UFRRJ<\/strong><\/p>\n<p>No que diz respeito \u00e0 pesquisa, o Jardim Bot\u00e2nico possui seu pr\u00f3prio Programa Interno de Inicia\u00e7\u00e3o Cient\u00edfica &#8211;\u00a0<strong>PROVERDE <\/strong>JB\/PROPPG\/UFRRJ. O objetivo \u00e9 estimular a pr\u00e1tica de pesquisa em alunos e professores com projetos voltados ao desenvolvimento cient\u00edfico-estrutural do pr\u00f3prio Jardim Bot\u00e2nico. O PROVERDE possui car\u00e1ter Institucional, viabilizado por recursos internos da UFRRJ atrav\u00e9s de a\u00e7\u00f5es da Pr\u00f3-Reitoria de Pesquisa e P\u00f3s-Gradua\u00e7\u00e3o, representada na atualidade pela gest\u00e3o dos Pr\u00f3-Reitores Prof. Alexandre Fortes e Profa. L\u00facia dos Anjos. Al\u00e9m dos projetos de pesquisas vinculados ao PROVERDE, outros projetos s\u00e3o desenvolvidos atrav\u00e9s de parcerias e coopera\u00e7\u00e3o t\u00e9cnico-cient\u00edficas que contribuem sinergicamente para o progresso do Jardim Bot\u00e2nico UFRRJ.<\/p>\n<p>A sele\u00e7\u00e3o dos projetos para atua\u00e7\u00e3o no\u00a0<strong>PROVERDE<\/strong> \u00e9 feita anualmente atrav\u00e9s de Edital P\u00fablico e por uma comiss\u00e3o especial de avalia\u00e7\u00e3o. Os projetos devem obrigatoriamente estar em conformidade com as Resolu\u00e7\u00e3o\u00a0<strong>CONAMA <\/strong><strong>N\u00ba 339<\/strong>, de 25 de setembro de 2003, tendo como objeto de estudo a biota e seu ambiente f\u00edsico, contemplarem a realiza\u00e7\u00e3o de alguma atividade ou um produto que sirva \u00e0 educa\u00e7\u00e3o ambiental e se enquadrar em pelo menos uma \u00c1rea Tem\u00e1tica de Atua\u00e7\u00e3o do Programa (ver tabela abaixo).<\/p>\n<p>Al\u00e9m dos projetos contemplados no PROVERDE, a execu\u00e7\u00e3o de pesquisa no JB\/PROPPG\/UFRRJ \u00e9 encorajada e permitida. O interessado dever\u00e1 apresentar-se \u00e0 coordena\u00e7\u00e3o do setor encaminhando sua solicita\u00e7\u00e3o e seu projeto que dever\u00e1 estar em conformidade com as diretrizes do programa de pesquisa e da pol\u00edtica de uso e acesso de dados do JB\/PROPPG\/UFRRJ. Em alguns casos, a pr\u00f3pria coordena\u00e7\u00e3o poder\u00e1 solicitar a um professor\/pesquisador que empregando sua expertise execute um projeto no Jardim Bot\u00e2nico para resolu\u00e7\u00e3o de um problema espec\u00edfico, ou para amplia\u00e7\u00e3o de uma \u00e1rea j\u00e1 existente ou da cria\u00e7\u00e3o de uma nova. Em ambas as situa\u00e7\u00f5es, ap\u00f3s a libera\u00e7\u00e3o das atividades de pesquisa, ser\u00e1 assinado um termo de coopera\u00e7\u00e3o entre o JB\/PROPPG\/UFRRJ e o professor\/pesquisador.<\/p>\n<p>&nbsp;<\/p>\n<p style=\"text-align: justify\">Projetos do PROVERDE contemplados no EDITAL N\u00ba 001 de 01 de junho de 2018:<\/p>\n<table>\n<tbody>\n<tr>\n<td colspan=\"2\" width=\"581\"><strong>\u00c1rea 1<\/strong>: Manuten\u00e7\u00e3o e desenvolvimento de Cole\u00e7\u00f5es Bot\u00e2nicas (medicinais, ornamentais, e arboreto), Produ\u00e7\u00e3o de Mudas e Banco de Sementes para preserva\u00e7\u00e3o de esp\u00e9cies nativas<\/td>\n<\/tr>\n<tr>\n<td width=\"140\"><strong>Coordenador<\/strong><\/td>\n<td width=\"442\"><strong>Plano de Atividades<\/strong><\/td>\n<\/tr>\n<tr>\n<td rowspan=\"2\" width=\"140\">Marcelo da Costa Souza<\/td>\n<td width=\"442\">Conserva\u00e7\u00e3o <em>ex situ<\/em> de esp\u00e9cies da fam\u00edlia Myrtaceae no Jardim Bot\u00e2nico da UFRRJ<\/td>\n<\/tr>\n<tr>\n<td width=\"442\"><strong>Bolsista:<\/strong> Gabriela Lopes Pereira<\/td>\n<\/tr>\n<tr>\n<td rowspan=\"2\" width=\"140\">Rog\u00e9rio Gomes P\u00eago<\/td>\n<td width=\"442\">Produ\u00e7\u00e3o de mudas de caliandra, agaves e suculentas para realiza\u00e7\u00e3o de oficinas e recupera\u00e7\u00e3o de setores do Jardim Bot\u00e2nico &#8211; UFRRJ<\/td>\n<\/tr>\n<tr>\n<td width=\"442\">\u00a0<strong>Bolsista: <\/strong>Luana Teles Barroso<\/td>\n<\/tr>\n<tr>\n<td rowspan=\"2\" width=\"140\">Wellington Mary<\/td>\n<td width=\"442\">Monitoramento de fatores ambientais para o desenvolvimento de Basidiomicetos no Jardim Bot\u00e2nico &#8211; UFRRJ<\/td>\n<\/tr>\n<tr>\n<td width=\"442\">\u00a0<strong>Bolsista: <\/strong>Caroline Bueno Feder<\/td>\n<\/tr>\n<tr>\n<td rowspan=\"2\" width=\"140\">Sharon Santos de Lima<\/td>\n<td width=\"442\">Revitaliza\u00e7\u00e3o do horto de plantas medicinais do Jardim Bot\u00e2nico da UFRRJ<\/td>\n<\/tr>\n<tr>\n<td width=\"442\">\u00a0<strong>Bolsista: <\/strong>Marcelo Perell\u00f3 de Andrade<\/td>\n<\/tr>\n<tr>\n<td colspan=\"2\" width=\"581\"><strong>\u00c1rea 2<\/strong>: Agroecologia, Agricultura Org\u00e2nica e Compostagem<\/td>\n<\/tr>\n<tr>\n<td width=\"140\"><strong>Coordenador<\/strong><\/td>\n<td width=\"442\"><strong>Plano de Atividades<\/strong><\/td>\n<\/tr>\n<tr>\n<td rowspan=\"2\" width=\"140\">\u00c9rika Fl\u00e1via Machado Pinheiro<\/td>\n<td width=\"442\">Avalia\u00e7\u00e3o da efici\u00eancia do processo de compostagem de res\u00edduos de podas e jardins gerados no Jardim Bot\u00e2nico da UFRRJ<\/td>\n<\/tr>\n<tr>\n<td width=\"442\">\u00a0<strong>Bolsista: <\/strong>Tatiane Pimentel Gedgeski<\/td>\n<\/tr>\n<tr>\n<td rowspan=\"2\" width=\"140\">Andr\u00e9s Calder\u00edn Garc\u00eda<\/td>\n<td width=\"442\">Obten\u00e7\u00e3o de h\u00famus l\u00edquido a partir de vermicompost de restos vegetais e seu efeito em esp\u00e9cies arb\u00f3reas de eucaliptos<\/td>\n<\/tr>\n<tr>\n<td width=\"442\">\u00a0<strong>Bolsista: <\/strong>D\u00e9bora Fernandes da Gra\u00e7a Mello<\/td>\n<\/tr>\n<tr>\n<td colspan=\"2\" width=\"581\"><strong>\u00c1rea 4<\/strong>: Investiga\u00e7\u00e3o Cient\u00edfica do acervo bot\u00e2nico e da fauna (sistem\u00e1tica e taxonomia, fitoqu\u00edmica, ecologia, fenologia, bot\u00e2nica aplicada e econ\u00f4mica, entre outras)<\/td>\n<\/tr>\n<tr>\n<td width=\"140\"><strong>\u00a0\u00a0\u00a0\u00a0 Coordenador<\/strong><\/td>\n<td width=\"442\"><strong>Plano de Atividades<\/strong><\/td>\n<\/tr>\n<tr>\n<td rowspan=\"2\" width=\"140\">Nivea Dias dos Santos<\/td>\n<td width=\"442\">Estrat\u00e9gias de vida e grupos funcionais das bri\u00f3fitas do Jardim Bot\u00e2nico da Universidade Federal Rural do Rio de Janeiro<\/td>\n<\/tr>\n<tr>\n<td width=\"442\">\u00a0<strong>Bolsista: <\/strong>Gabriel Henrique Barbosa Pavuna<\/td>\n<\/tr>\n<tr>\n<td rowspan=\"2\" width=\"140\">Ivo Abra\u00e3o Ara\u00fajo da Silva<\/td>\n<td width=\"442\">Levantamento flor\u00edstico das pterid\u00f3fitas e Aspectos estruturais e fenol\u00f3gicos de uma popula\u00e7\u00e3o de <em>Marsilea sp<\/em>. no Jardim Bot\u00e2nico da UFRRJ (Serop\u00e9dica-RJ)<\/td>\n<\/tr>\n<tr>\n<td width=\"442\">\u00a0<strong>Bolsista: <\/strong>Hayana Reis de Lima Freitas<\/td>\n<\/tr>\n<tr>\n<td rowspan=\"2\" width=\"140\">Denise Monte Braz<\/td>\n<td width=\"442\">Identifica\u00e7\u00e3o e funcionalidade de esp\u00e9cies da Floresta Atl\u00e2ntica Sul-Fluminense para cultivo no Jardim Bot\u00e2nico da UFRRJ<\/td>\n<\/tr>\n<tr>\n<td width=\"442\">\u00a0<strong>Bolsista: <\/strong>Bruna Gon\u00e7alves Barbosa Rodrigues<\/td>\n<\/tr>\n<tr>\n<td rowspan=\"2\" width=\"140\">Jarbas Mar\u00e7al de Queiroz<\/td>\n<td width=\"442\">Visitantes florais e flora associada no Campus da UFRRJ: subs\u00eddios para o manejo conservacionista e a\u00e7\u00f5es de educa\u00e7\u00e3o ambiental<\/td>\n<\/tr>\n<tr>\n<td width=\"442\">\u00a0<strong>Bolsista: <\/strong>Adriano Prexedes Lima dos Santos<\/td>\n<\/tr>\n<tr>\n<td rowspan=\"2\" width=\"140\">Ricardo Luis Louro Berbara<\/td>\n<td width=\"442\">Contribui\u00e7\u00e3o de uma micoteca para o Jardim Bot\u00e2nico da UFRRJ<\/td>\n<\/tr>\n<tr>\n<td width=\"442\">\u00a0<strong>Bolsista: <\/strong>Nayhume Jesus dos Santos<\/td>\n<\/tr>\n<tr>\n<td colspan=\"2\" width=\"581\"><strong>\u00c1rea 5<\/strong>: Aspectos do meio f\u00edsico-geogr\u00e1fico (geomorfologia, pedologia, hidrologia, climatologia e biogeografia)<\/td>\n<\/tr>\n<tr>\n<td width=\"140\"><strong>Coordenador<\/strong><\/td>\n<td width=\"442\"><strong>Plano de Atividades<\/strong><\/td>\n<\/tr>\n<tr>\n<td rowspan=\"2\" width=\"140\">Everaldo Zonta<\/td>\n<td width=\"442\">Avalia\u00e7\u00e3o da fertilidade do solo e do carbono estocado na \u00e1rea do Jardim Bot\u00e2nico da UFRRJ<\/td>\n<\/tr>\n<tr>\n<td width=\"442\"><strong>Bolsista: <\/strong>Pedro Paulo Faria Conde<\/td>\n<\/tr>\n<tr>\n<td rowspan=\"2\" width=\"140\">Karine Bueno Vargas<\/td>\n<td width=\"442\">Elabora\u00e7\u00e3o e Aplica\u00e7\u00e3o de roteiro biogeogr\u00e1fico no Jardim Bot\u00e2nico &#8211; UFRRJ<\/td>\n<\/tr>\n<tr>\n<td width=\"442\">\u00a0<strong>Bolsista: <\/strong>Lucas de Ara\u00fajo Silva<\/td>\n<\/tr>\n<tr>\n<td colspan=\"2\" width=\"581\"><strong>\u00c1rea 7<\/strong>: Sustentabilidade, Consci\u00eancia Ecol\u00f3gica e Psicologia Ambiental (caminhos de promo\u00e7\u00e3o do bem estar, pr\u00e1ticas integrativas e complementares na sa\u00fade)<\/td>\n<\/tr>\n<tr>\n<td width=\"140\"><strong>Coordenador<\/strong><\/td>\n<td width=\"442\"><strong>Plano de Atividades<\/strong><\/td>\n<\/tr>\n<tr>\n<td rowspan=\"2\" width=\"140\">Jer\u00f4nimo Boelsums B. Sansevero<\/td>\n<td width=\"442\">Discutindo o zoneamento ambiental do Jardim Bot\u00e2nico da UFRRJ \u2013 JB\/UFRRJ<\/td>\n<\/tr>\n<tr>\n<td width=\"442\">\u00a0<strong>Bolsista: <\/strong>Cl\u00e1udia Domingos Torres<\/td>\n<\/tr>\n<tr>\n<td rowspan=\"2\" width=\"140\">Val\u00e9ria Marques de Oliveira<\/td>\n<td width=\"442\">Interven\u00e7\u00f5es assistidas na natureza: (re)conex\u00f5es homem -ambiente voltadas para o bem-estar<\/td>\n<\/tr>\n<tr>\n<td width=\"442\">\u00a0<strong>Bolsista: <\/strong>Jenifer Barros Marques<\/td>\n<\/tr>\n<\/tbody>\n<\/table>\n<p>&nbsp;<\/p>\n","protected":false},"excerpt":{"rendered":"<p>&nbsp; Programa Interno de Bolsas de Inicia\u00e7\u00e3o Cient\u00edfica do Jardim Bot\u00e2nico da UFRRJ PROVERDE\/JB\/PROPPG\/UFRRJ No que diz respeito \u00e0 pesquisa, <a class=\"read-more\" href=\"https:\/\/institucional.ufrrj.br\/jardimbotanico\/pesquisa\/ \" >&#8230; <span class=\"font-italic\">leia mais <i class=\"fas fa-angle-right\"><\/i><\/span><\/a><\/p>\n","protected":false},"author":625,"featured_media":0,"parent":0,"menu_order":0,"comment_status":"closed","ping_status":"closed","template":"","meta":{"_acf_changed":false,"footnotes":""},"class_list":["post-88","page","type-page","status-publish","hentry"],"yoast_head":"<!-- This site is optimized with the Yoast SEO plugin v27.2 - https:\/\/yoast.com\/product\/yoast-seo-wordpress\/ -->\n<title>Pesquisa - Jardim Bot\u00e2nico da UFRRJ<\/title>\n<meta name=\"robots\" content=\"index, follow, max-snippet:-1, max-image-preview:large, max-video-preview:-1\" \/>\n<link rel=\"canonical\" href=\"https:\/\/institucional.ufrrj.br\/jardimbotanico\/pesquisa\/\" \/>\n<meta property=\"og:locale\" content=\"pt_BR\" \/>\n<meta property=\"og:type\" content=\"article\" \/>\n<meta property=\"og:title\" content=\"Pesquisa - Jardim Bot\u00e2nico da UFRRJ\" \/>\n<meta property=\"og:description\" content=\"&nbsp; Programa Interno de Bolsas de Inicia\u00e7\u00e3o Cient\u00edfica do Jardim Bot\u00e2nico da UFRRJ PROVERDE\/JB\/PROPPG\/UFRRJ No que diz respeito \u00e0 pesquisa, ... leia mais\" \/>\n<meta property=\"og:url\" content=\"https:\/\/institucional.ufrrj.br\/jardimbotanico\/pesquisa\/\" \/>\n<meta property=\"og:site_name\" content=\"Jardim Bot\u00e2nico da UFRRJ\" \/>\n<meta property=\"article:modified_time\" content=\"2019-10-15T02:08:41+00:00\" \/>\n<meta property=\"og:image\" content=\"http:\/\/institucional.ufrrj.br\/jardimbotanico\/files\/2019\/10\/Proverde.jpg\" \/>\n<meta name=\"twitter:card\" content=\"summary_large_image\" \/>\n<meta name=\"twitter:label1\" content=\"Est. tempo de leitura\" \/>\n\t<meta name=\"twitter:data1\" content=\"5 minutos\" \/>\n<script type=\"application\/ld+json\" class=\"yoast-schema-graph\">{\"@context\":\"https:\/\/schema.org\",\"@graph\":[{\"@type\":\"WebPage\",\"@id\":\"https:\/\/institucional.ufrrj.br\/jardimbotanico\/pesquisa\/\",\"url\":\"https:\/\/institucional.ufrrj.br\/jardimbotanico\/pesquisa\/\",\"name\":\"Pesquisa - Jardim Bot\u00e2nico da UFRRJ\",\"isPartOf\":{\"@id\":\"https:\/\/institucional.ufrrj.br\/jardimbotanico\/#website\"},\"primaryImageOfPage\":{\"@id\":\"https:\/\/institucional.ufrrj.br\/jardimbotanico\/pesquisa\/#primaryimage\"},\"image\":{\"@id\":\"https:\/\/institucional.ufrrj.br\/jardimbotanico\/pesquisa\/#primaryimage\"},\"thumbnailUrl\":\"http:\/\/institucional.ufrrj.br\/jardimbotanico\/files\/2019\/10\/Proverde.jpg\",\"datePublished\":\"2016-08-08T18:12:53+00:00\",\"dateModified\":\"2019-10-15T02:08:41+00:00\",\"breadcrumb\":{\"@id\":\"https:\/\/institucional.ufrrj.br\/jardimbotanico\/pesquisa\/#breadcrumb\"},\"inLanguage\":\"pt-BR\",\"potentialAction\":[{\"@type\":\"ReadAction\",\"target\":[\"https:\/\/institucional.ufrrj.br\/jardimbotanico\/pesquisa\/\"]}]},{\"@type\":\"ImageObject\",\"inLanguage\":\"pt-BR\",\"@id\":\"https:\/\/institucional.ufrrj.br\/jardimbotanico\/pesquisa\/#primaryimage\",\"url\":\"http:\/\/institucional.ufrrj.br\/jardimbotanico\/files\/2019\/10\/Proverde.jpg\",\"contentUrl\":\"http:\/\/institucional.ufrrj.br\/jardimbotanico\/files\/2019\/10\/Proverde.jpg\"},{\"@type\":\"BreadcrumbList\",\"@id\":\"https:\/\/institucional.ufrrj.br\/jardimbotanico\/pesquisa\/#breadcrumb\",\"itemListElement\":[{\"@type\":\"ListItem\",\"position\":1,\"name\":\"In\u00edcio\",\"item\":\"https:\/\/institucional.ufrrj.br\/jardimbotanico\/\"},{\"@type\":\"ListItem\",\"position\":2,\"name\":\"Pesquisa\"}]},{\"@type\":\"WebSite\",\"@id\":\"https:\/\/institucional.ufrrj.br\/jardimbotanico\/#website\",\"url\":\"https:\/\/institucional.ufrrj.br\/jardimbotanico\/\",\"name\":\"Jardim Bot\u00e2nico da UFRRJ\",\"description\":\"Universidade Federal Rural do Rio de Janeiro - UFRRJ\",\"potentialAction\":[{\"@type\":\"SearchAction\",\"target\":{\"@type\":\"EntryPoint\",\"urlTemplate\":\"https:\/\/institucional.ufrrj.br\/jardimbotanico\/?s={search_term_string}\"},\"query-input\":{\"@type\":\"PropertyValueSpecification\",\"valueRequired\":true,\"valueName\":\"search_term_string\"}}],\"inLanguage\":\"pt-BR\"}]}<\/script>\n<!-- \/ Yoast SEO plugin. -->","yoast_head_json":{"title":"Pesquisa - Jardim Bot\u00e2nico da UFRRJ","robots":{"index":"index","follow":"follow","max-snippet":"max-snippet:-1","max-image-preview":"max-image-preview:large","max-video-preview":"max-video-preview:-1"},"canonical":"https:\/\/institucional.ufrrj.br\/jardimbotanico\/pesquisa\/","og_locale":"pt_BR","og_type":"article","og_title":"Pesquisa - Jardim Bot\u00e2nico da UFRRJ","og_description":"&nbsp; Programa Interno de Bolsas de Inicia\u00e7\u00e3o Cient\u00edfica do Jardim Bot\u00e2nico da UFRRJ PROVERDE\/JB\/PROPPG\/UFRRJ No que diz respeito \u00e0 pesquisa, ... leia mais","og_url":"https:\/\/institucional.ufrrj.br\/jardimbotanico\/pesquisa\/","og_site_name":"Jardim Bot\u00e2nico da UFRRJ","article_modified_time":"2019-10-15T02:08:41+00:00","og_image":[{"url":"http:\/\/institucional.ufrrj.br\/jardimbotanico\/files\/2019\/10\/Proverde.jpg","type":"","width":"","height":""}],"twitter_card":"summary_large_image","twitter_misc":{"Est. tempo de leitura":"5 minutos"},"schema":{"@context":"https:\/\/schema.org","@graph":[{"@type":"WebPage","@id":"https:\/\/institucional.ufrrj.br\/jardimbotanico\/pesquisa\/","url":"https:\/\/institucional.ufrrj.br\/jardimbotanico\/pesquisa\/","name":"Pesquisa - Jardim Bot\u00e2nico da UFRRJ","isPartOf":{"@id":"https:\/\/institucional.ufrrj.br\/jardimbotanico\/#website"},"primaryImageOfPage":{"@id":"https:\/\/institucional.ufrrj.br\/jardimbotanico\/pesquisa\/#primaryimage"},"image":{"@id":"https:\/\/institucional.ufrrj.br\/jardimbotanico\/pesquisa\/#primaryimage"},"thumbnailUrl":"http:\/\/institucional.ufrrj.br\/jardimbotanico\/files\/2019\/10\/Proverde.jpg","datePublished":"2016-08-08T18:12:53+00:00","dateModified":"2019-10-15T02:08:41+00:00","breadcrumb":{"@id":"https:\/\/institucional.ufrrj.br\/jardimbotanico\/pesquisa\/#breadcrumb"},"inLanguage":"pt-BR","potentialAction":[{"@type":"ReadAction","target":["https:\/\/institucional.ufrrj.br\/jardimbotanico\/pesquisa\/"]}]},{"@type":"ImageObject","inLanguage":"pt-BR","@id":"https:\/\/institucional.ufrrj.br\/jardimbotanico\/pesquisa\/#primaryimage","url":"http:\/\/institucional.ufrrj.br\/jardimbotanico\/files\/2019\/10\/Proverde.jpg","contentUrl":"http:\/\/institucional.ufrrj.br\/jardimbotanico\/files\/2019\/10\/Proverde.jpg"},{"@type":"BreadcrumbList","@id":"https:\/\/institucional.ufrrj.br\/jardimbotanico\/pesquisa\/#breadcrumb","itemListElement":[{"@type":"ListItem","position":1,"name":"In\u00edcio","item":"https:\/\/institucional.ufrrj.br\/jardimbotanico\/"},{"@type":"ListItem","position":2,"name":"Pesquisa"}]},{"@type":"WebSite","@id":"https:\/\/institucional.ufrrj.br\/jardimbotanico\/#website","url":"https:\/\/institucional.ufrrj.br\/jardimbotanico\/","name":"Jardim Bot\u00e2nico da UFRRJ","description":"Universidade Federal Rural do Rio de Janeiro - UFRRJ","potentialAction":[{"@type":"SearchAction","target":{"@type":"EntryPoint","urlTemplate":"https:\/\/institucional.ufrrj.br\/jardimbotanico\/?s={search_term_string}"},"query-input":{"@type":"PropertyValueSpecification","valueRequired":true,"valueName":"search_term_string"}}],"inLanguage":"pt-BR"}]}},"acf":[],"_links":{"self":[{"href":"https:\/\/institucional.ufrrj.br\/jardimbotanico\/wp-json\/wp\/v2\/pages\/88","targetHints":{"allow":["GET"]}}],"collection":[{"href":"https:\/\/institucional.ufrrj.br\/jardimbotanico\/wp-json\/wp\/v2\/pages"}],"about":[{"href":"https:\/\/institucional.ufrrj.br\/jardimbotanico\/wp-json\/wp\/v2\/types\/page"}],"author":[{"embeddable":true,"href":"https:\/\/institucional.ufrrj.br\/jardimbotanico\/wp-json\/wp\/v2\/users\/625"}],"replies":[{"embeddable":true,"href":"https:\/\/institucional.ufrrj.br\/jardimbotanico\/wp-json\/wp\/v2\/comments?post=88"}],"version-history":[{"count":12,"href":"https:\/\/institucional.ufrrj.br\/jardimbotanico\/wp-json\/wp\/v2\/pages\/88\/revisions"}],"predecessor-version":[{"id":190,"href":"https:\/\/institucional.ufrrj.br\/jardimbotanico\/wp-json\/wp\/v2\/pages\/88\/revisions\/190"}],"wp:attachment":[{"href":"https:\/\/institucional.ufrrj.br\/jardimbotanico\/wp-json\/wp\/v2\/media?parent=88"}],"curies":[{"name":"wp","href":"https:\/\/api.w.org\/{rel}","templated":true}]}}