{"id":878,"date":"2023-08-09T17:47:07","date_gmt":"2023-08-09T17:47:07","guid":{"rendered":"https:\/\/institucional.ufrrj.br\/jardimbotanico\/?page_id=878"},"modified":"2023-09-22T20:14:29","modified_gmt":"2023-09-22T20:14:29","slug":"doacao-de-mudas","status":"publish","type":"page","link":"https:\/\/institucional.ufrrj.br\/jardimbotanico\/doacao-de-mudas\/","title":{"rendered":"Doa\u00e7\u00e3o de mudas"},"content":{"rendered":"\n<p class=\" eplus-wrapper\">A doa\u00e7\u00e3o de mudas poder\u00e1 ocorrer sempre que for de interesse p\u00fablico e que esteja em conformidade com os objetivos conservacionistas do JB-UFRRJ. Tamb\u00e9m depender\u00e1 da disponibilidade de mudas do nosso Viveiro de Mudas Eliseu F\u00e9lix da Costa. Solicita\u00e7\u00f5es com a finalidade de recomposi\u00e7\u00e3o ou recupera\u00e7\u00e3o de \u00e1reas de interesse ambiental, no \u00e2mbito de programas de educa\u00e7\u00e3o ou conscientiza\u00e7\u00e3o ambiental assistidos pelo poder p\u00fablico ter\u00e3o prioridade. <\/p>\n\n\n\n<p class=\" eplus-wrapper\">Esse servi\u00e7o poder\u00e1 ser usado por pessoas jur\u00eddicas de direito p\u00fablico ou privado. <\/p>\n\n\n\n<p class=\" eplus-wrapper\"><strong>Etapas para solicita\u00e7\u00e3o<\/strong><\/p>\n\n\n\n<p class=\" eplus-wrapper\">1. Preenchimento do formul\u00e1rio abaixo para o pedido de doa\u00e7\u00e3o.<\/p>\n\n\n\n<ol class=\"eplus-wrapper wp-block-list\">\n<li class=\" eplus-wrapper\"><\/li>\n<\/ol>\n\n\n\n<p class=\" has-very-light-gray-background-color has-background eplus-wrapper\" style=\"font-size:20px\"><a href=\"https:\/\/forms.gle\/Stka21mTZK8WaFkm9\">Formul\u00e1rio para doa\u00e7\u00e3o de mudas JB-UFRRJ<\/a><\/p>\n\n\n\n<p class=\" eplus-wrapper\">2. Se a solicita\u00e7\u00e3o tiver sido aprovada, entraremos em contato para agendar uma data para retirada das mudas. <\/p>\n\n\n\n<p class=\" eplus-wrapper\"><strong>Para mais informa\u00e7\u00f5es ou d\u00favidas sobre este servi\u00e7o, entre em contato<\/strong> <strong>conosco<\/strong>: jbrural@ufrrj.br<\/p>\n","protected":false},"excerpt":{"rendered":"<p>A doa\u00e7\u00e3o de mudas poder\u00e1 ocorrer sempre que for de interesse p\u00fablico e que esteja em conformidade com os objetivos <a class=\"read-more\" href=\"https:\/\/institucional.ufrrj.br\/jardimbotanico\/doacao-de-mudas\/ \" >&#8230; <span class=\"font-italic\">leia mais <i class=\"fas fa-angle-right\"><\/i><\/span><\/a><\/p>\n","protected":false},"author":625,"featured_media":0,"parent":0,"menu_order":0,"comment_status":"closed","ping_status":"closed","template":"","meta":{"_acf_changed":false,"footnotes":""},"class_list":["post-878","page","type-page","status-publish","hentry"],"yoast_head":"<!-- This site is optimized with the Yoast SEO plugin v27.2 - https:\/\/yoast.com\/product\/yoast-seo-wordpress\/ -->\n<title>Doa\u00e7\u00e3o de mudas - Jardim Bot\u00e2nico da UFRRJ<\/title>\n<meta name=\"robots\" content=\"index, follow, max-snippet:-1, max-image-preview:large, max-video-preview:-1\" \/>\n<link rel=\"canonical\" href=\"https:\/\/institucional.ufrrj.br\/jardimbotanico\/doacao-de-mudas\/\" \/>\n<meta property=\"og:locale\" content=\"pt_BR\" \/>\n<meta property=\"og:type\" content=\"article\" \/>\n<meta property=\"og:title\" content=\"Doa\u00e7\u00e3o de mudas - Jardim Bot\u00e2nico da UFRRJ\" \/>\n<meta property=\"og:description\" content=\"A doa\u00e7\u00e3o de mudas poder\u00e1 ocorrer sempre que for de interesse p\u00fablico e que esteja em conformidade com os objetivos ... leia mais\" \/>\n<meta property=\"og:url\" content=\"https:\/\/institucional.ufrrj.br\/jardimbotanico\/doacao-de-mudas\/\" \/>\n<meta property=\"og:site_name\" content=\"Jardim Bot\u00e2nico da UFRRJ\" \/>\n<meta property=\"article:modified_time\" content=\"2023-09-22T20:14:29+00:00\" \/>\n<meta name=\"twitter:card\" content=\"summary_large_image\" \/>\n<meta name=\"twitter:label1\" content=\"Est. tempo de leitura\" \/>\n\t<meta name=\"twitter:data1\" content=\"1 minuto\" \/>\n<script type=\"application\/ld+json\" class=\"yoast-schema-graph\">{\"@context\":\"https:\/\/schema.org\",\"@graph\":[{\"@type\":\"WebPage\",\"@id\":\"https:\/\/institucional.ufrrj.br\/jardimbotanico\/doacao-de-mudas\/\",\"url\":\"https:\/\/institucional.ufrrj.br\/jardimbotanico\/doacao-de-mudas\/\",\"name\":\"Doa\u00e7\u00e3o de mudas - Jardim Bot\u00e2nico da UFRRJ\",\"isPartOf\":{\"@id\":\"https:\/\/institucional.ufrrj.br\/jardimbotanico\/#website\"},\"datePublished\":\"2023-08-09T17:47:07+00:00\",\"dateModified\":\"2023-09-22T20:14:29+00:00\",\"breadcrumb\":{\"@id\":\"https:\/\/institucional.ufrrj.br\/jardimbotanico\/doacao-de-mudas\/#breadcrumb\"},\"inLanguage\":\"pt-BR\",\"potentialAction\":[{\"@type\":\"ReadAction\",\"target\":[\"https:\/\/institucional.ufrrj.br\/jardimbotanico\/doacao-de-mudas\/\"]}]},{\"@type\":\"BreadcrumbList\",\"@id\":\"https:\/\/institucional.ufrrj.br\/jardimbotanico\/doacao-de-mudas\/#breadcrumb\",\"itemListElement\":[{\"@type\":\"ListItem\",\"position\":1,\"name\":\"In\u00edcio\",\"item\":\"https:\/\/institucional.ufrrj.br\/jardimbotanico\/\"},{\"@type\":\"ListItem\",\"position\":2,\"name\":\"Doa\u00e7\u00e3o de mudas\"}]},{\"@type\":\"WebSite\",\"@id\":\"https:\/\/institucional.ufrrj.br\/jardimbotanico\/#website\",\"url\":\"https:\/\/institucional.ufrrj.br\/jardimbotanico\/\",\"name\":\"Jardim Bot\u00e2nico da UFRRJ\",\"description\":\"Universidade Federal Rural do Rio de Janeiro - UFRRJ\",\"potentialAction\":[{\"@type\":\"SearchAction\",\"target\":{\"@type\":\"EntryPoint\",\"urlTemplate\":\"https:\/\/institucional.ufrrj.br\/jardimbotanico\/?s={search_term_string}\"},\"query-input\":{\"@type\":\"PropertyValueSpecification\",\"valueRequired\":true,\"valueName\":\"search_term_string\"}}],\"inLanguage\":\"pt-BR\"}]}<\/script>\n<!-- \/ Yoast SEO plugin. -->","yoast_head_json":{"title":"Doa\u00e7\u00e3o de mudas - Jardim Bot\u00e2nico da UFRRJ","robots":{"index":"index","follow":"follow","max-snippet":"max-snippet:-1","max-image-preview":"max-image-preview:large","max-video-preview":"max-video-preview:-1"},"canonical":"https:\/\/institucional.ufrrj.br\/jardimbotanico\/doacao-de-mudas\/","og_locale":"pt_BR","og_type":"article","og_title":"Doa\u00e7\u00e3o de mudas - Jardim Bot\u00e2nico da UFRRJ","og_description":"A doa\u00e7\u00e3o de mudas poder\u00e1 ocorrer sempre que for de interesse p\u00fablico e que esteja em conformidade com os objetivos ... leia mais","og_url":"https:\/\/institucional.ufrrj.br\/jardimbotanico\/doacao-de-mudas\/","og_site_name":"Jardim Bot\u00e2nico da UFRRJ","article_modified_time":"2023-09-22T20:14:29+00:00","twitter_card":"summary_large_image","twitter_misc":{"Est. tempo de leitura":"1 minuto"},"schema":{"@context":"https:\/\/schema.org","@graph":[{"@type":"WebPage","@id":"https:\/\/institucional.ufrrj.br\/jardimbotanico\/doacao-de-mudas\/","url":"https:\/\/institucional.ufrrj.br\/jardimbotanico\/doacao-de-mudas\/","name":"Doa\u00e7\u00e3o de mudas - Jardim Bot\u00e2nico da UFRRJ","isPartOf":{"@id":"https:\/\/institucional.ufrrj.br\/jardimbotanico\/#website"},"datePublished":"2023-08-09T17:47:07+00:00","dateModified":"2023-09-22T20:14:29+00:00","breadcrumb":{"@id":"https:\/\/institucional.ufrrj.br\/jardimbotanico\/doacao-de-mudas\/#breadcrumb"},"inLanguage":"pt-BR","potentialAction":[{"@type":"ReadAction","target":["https:\/\/institucional.ufrrj.br\/jardimbotanico\/doacao-de-mudas\/"]}]},{"@type":"BreadcrumbList","@id":"https:\/\/institucional.ufrrj.br\/jardimbotanico\/doacao-de-mudas\/#breadcrumb","itemListElement":[{"@type":"ListItem","position":1,"name":"In\u00edcio","item":"https:\/\/institucional.ufrrj.br\/jardimbotanico\/"},{"@type":"ListItem","position":2,"name":"Doa\u00e7\u00e3o de mudas"}]},{"@type":"WebSite","@id":"https:\/\/institucional.ufrrj.br\/jardimbotanico\/#website","url":"https:\/\/institucional.ufrrj.br\/jardimbotanico\/","name":"Jardim Bot\u00e2nico da UFRRJ","description":"Universidade Federal Rural do Rio de Janeiro - UFRRJ","potentialAction":[{"@type":"SearchAction","target":{"@type":"EntryPoint","urlTemplate":"https:\/\/institucional.ufrrj.br\/jardimbotanico\/?s={search_term_string}"},"query-input":{"@type":"PropertyValueSpecification","valueRequired":true,"valueName":"search_term_string"}}],"inLanguage":"pt-BR"}]}},"acf":[],"_links":{"self":[{"href":"https:\/\/institucional.ufrrj.br\/jardimbotanico\/wp-json\/wp\/v2\/pages\/878","targetHints":{"allow":["GET"]}}],"collection":[{"href":"https:\/\/institucional.ufrrj.br\/jardimbotanico\/wp-json\/wp\/v2\/pages"}],"about":[{"href":"https:\/\/institucional.ufrrj.br\/jardimbotanico\/wp-json\/wp\/v2\/types\/page"}],"author":[{"embeddable":true,"href":"https:\/\/institucional.ufrrj.br\/jardimbotanico\/wp-json\/wp\/v2\/users\/625"}],"replies":[{"embeddable":true,"href":"https:\/\/institucional.ufrrj.br\/jardimbotanico\/wp-json\/wp\/v2\/comments?post=878"}],"version-history":[{"count":5,"href":"https:\/\/institucional.ufrrj.br\/jardimbotanico\/wp-json\/wp\/v2\/pages\/878\/revisions"}],"predecessor-version":[{"id":947,"href":"https:\/\/institucional.ufrrj.br\/jardimbotanico\/wp-json\/wp\/v2\/pages\/878\/revisions\/947"}],"wp:attachment":[{"href":"https:\/\/institucional.ufrrj.br\/jardimbotanico\/wp-json\/wp\/v2\/media?parent=878"}],"curies":[{"name":"wp","href":"https:\/\/api.w.org\/{rel}","templated":true}]}}